{"id":136935,"date":"2026-04-28T09:35:11","date_gmt":"2026-04-28T07:35:11","guid":{"rendered":"https:\/\/webshopdistricoscom.webhosting.be\/product\/bio-balance-lait-nettoyant-aux-extraits-de-roses-500-ml-ref-7063-02\/"},"modified":"2026-04-28T09:35:20","modified_gmt":"2026-04-28T07:35:20","slug":"bio-balance-lait-nettoyant-aux-extraits-de-roses-500-ml-ref-7063-02","status":"publish","type":"product","link":"https:\/\/districos.standingout.be\/fr\/product\/bio-balance-lait-nettoyant-aux-extraits-de-roses-500-ml-ref-7063-02\/","title":{"rendered":"Bio Balance Lait Nettoyant aux Extraits de Roses 500 ml"},"content":{"rendered":"<p >\n<\/p>\n<p dir=\"ltr\"><font size=\"2\"><b>HYDRATANT &#8211; RAFFERMISSANT &#8211; PROTECTEUR<\/b><\/font><\/p>\n<p dir=\"ltr\"><font size=\"2\">Ce lait nettoyant hydratant contient des extraits de tr\u00e8fle rouge et de coquelicot. Gr\u00e2ce \u00e0 sa teneur \u00e9lev\u00e9e en antioxydants puissants qui am\u00e9liorent la structure de la peau et qui luttent contre le vieillissement cutan\u00e9, le lait convient parfaitement aux peaux s\u00e8ches ou matures. En plus, il est adapt\u00e9 pour \u00e9liminer le maquillage des yeux (waterproof).<\/font><\/p>\n<p dir=\"ltr\"><font size=\"2\"><\/font><\/p>\n<ul>\n<li><font size=\"2\">500 ml.<\/font><\/li>\n<li><font size=\"2\">Vegan.<\/font><\/li>\n<\/ul>\n<p><font size=\"2\"><\/font><\/p>\n<p dir=\"ltr\"><font size=\"2\"><b>Substances actives<\/b><\/font><\/p>\n<p dir=\"ltr\"><font size=\"2\"><\/font><\/p>\n<ul>\n<li><font size=\"2\">La glyc\u00e9rine, un ingr\u00e9dient qui est naturellement pr\u00e9sent dans le corps, r\u00e9tablit la barri\u00e8re hydrolipidique naturelle pour prot\u00e9ger la peau et pour combattre la d\u00e9shydratation. Rend la peau douce et lisse.<\/font><\/li>\n<li><font size=\"2\">L&rsquo;extrait de tr\u00e8fle rouge lutte contre le vieillissement cutan\u00e9 pr\u00e9matur\u00e9. Puisqu&rsquo;il stimule la synth\u00e8se de collag\u00e8ne, la texture, l&rsquo;\u00e9lasticit\u00e9 et la fermet\u00e9 de la peau sont am\u00e9lior\u00e9es.<\/font><\/li>\n<li><font size=\"2\">Les extraits de millepertuis et de calendula apaisent la peau et soutiennent la r\u00e9g\u00e9n\u00e9ration cutan\u00e9e.<\/font><\/li>\n<\/ul>\n<p><font size=\"2\"><\/font><\/p>\n<p dir=\"ltr\"><font size=\"2\"><b>Mode d&#8217;emploi<\/b><\/font><\/p>\n<p dir=\"ltr\"><font size=\"2\"><\/font><\/p>\n<ul>\n<li><font size=\"2\">Appliquez le lait g\u00e9n\u00e9reusement avec les mains.<\/font><\/li>\n<li><font size=\"2\">\u00c9mulsionnez de fa\u00e7on approfondie sur la zone \u00e0 nettoyer.<\/font><\/li>\n<li><font size=\"2\">Appliquez le lait sur un coton afin d&rsquo;enlever le maquillage des yeux.<\/font><\/li>\n<li><font size=\"2\">Enlevez ensuite avec une compresse humide et s\u00e9chez la peau avec un tissue.<\/font><\/li>\n<\/ul>\n<p><font size=\"2\"><\/font><\/p>\n<p dir=\"ltr\"><font size=\"2\"><b>Aussi disponible<\/b><\/font><\/p>\n<p dir=\"ltr\"><font size=\"2\"><\/font><\/p>\n<p dir=\"ltr\"><font size=\"2\"><\/font><\/p>\n<p><font size=\"2\"><\/font><\/p>\n<p><font size=\"2\"><\/font><\/p>\n<p dir=\"ltr\"><font size=\"2\"><\/font><\/p>\n<ul>\n<li><font size=\"2\"><font size=\"2\"><font size=\"2\">Flacon de vente de 150 ml (<u><a href=\"https:\/\/districos.com\/ProductDetail\/7073.02\" target=\"_blank\" rel=\"noopener noreferrer nofollow\">r\u00e9f. 7073.02<\/a><\/u>)<\/font><\/font><\/font><\/li>\n<li><font size=\"2\"><font size=\"2\"><font size=\"2\">Emballage de voyage de 50 ml (<u><a href=\"https:\/\/districos.com\/ProductDetail\/7066.02\" target=\"_blank\" rel=\"noopener noreferrer nofollow\">r\u00e9f. 7066.02<\/a><\/u>)<\/font><\/font><\/font><\/li>\n<li><font size=\"2\"><font size=\"2\"><font size=\"2\">Pompe dosage pour flacon de 500 ml (<u><a href=\"https:\/\/districos.com\/ProductDetail\/1078.01\" target=\"_blank\" rel=\"noopener noreferrer nofollow\">r\u00e9f. 1078.01<\/a><\/u>)<\/font><\/font><\/font><\/li>\n<\/ul>\n","protected":false},"excerpt":{"rendered":"<p>HYDRATANT &#8211; RAFFERMISSANT &#8211; PROTECTEUR Ce lait nettoyant hydratant contient des extraits de tr\u00e8fle rouge et de coquelicot. Gr\u00e2ce \u00e0 sa teneur \u00e9lev\u00e9e en antioxydants puissants qui am\u00e9liorent la structure de la peau et qui luttent contre le vieillissement cutan\u00e9, le lait convient parfaitement aux peaux s\u00e8ches ou matures. En plus, il est adapt\u00e9 pour [&hellip;]<\/p>\n","protected":false},"featured_media":77405,"comment_status":"open","ping_status":"closed","template":"","meta":{"_acf_changed":false},"product_brand":[10308],"product_cat":[9856],"product_tag":[],"class_list":{"0":"post-136935","1":"product","2":"type-product","3":"status-publish","4":"has-post-thumbnail","6":"product_brand-bb_gelaat-fr","7":"product_cat-beaute-visage-bio-balance-visage","9":"first","10":"instock","11":"taxable","12":"shipping-taxable","13":"product-type-simple"},"acf":[],"yoast_head":"<!-- This site is optimized with the Yoast SEO plugin v27.3 - https:\/\/yoast.com\/product\/yoast-seo-wordpress\/ -->\n<title>Bio Balance Lait Nettoyant aux Extraits de Roses 500 ml - Districos Webshop<\/title>\n<meta name=\"robots\" content=\"noindex, follow, max-snippet:-1, max-image-preview:large, max-video-preview:-1\" \/>\n<meta property=\"og:locale\" content=\"fr_FR\" \/>\n<meta property=\"og:type\" content=\"article\" \/>\n<meta property=\"og:title\" content=\"Bio Balance Lait Nettoyant aux Extraits de Roses 500 ml - Districos Webshop\" \/>\n<meta property=\"og:description\" content=\"HYDRATANT &#8211; RAFFERMISSANT &#8211; PROTECTEUR Ce lait nettoyant hydratant contient des extraits de tr\u00e8fle rouge et de coquelicot. Gr\u00e2ce \u00e0 sa teneur \u00e9lev\u00e9e en antioxydants puissants qui am\u00e9liorent la structure de la peau et qui luttent contre le vieillissement cutan\u00e9, le lait convient parfaitement aux peaux s\u00e8ches ou matures. En plus, il est adapt\u00e9 pour [&hellip;]\" \/>\n<meta property=\"og:url\" content=\"https:\/\/districos.standingout.be\/fr\/product\/bio-balance-lait-nettoyant-aux-extraits-de-roses-500-ml-ref-7063-02\/\" \/>\n<meta property=\"og:site_name\" content=\"Districos Webshop\" \/>\n<meta property=\"article:modified_time\" content=\"2026-04-28T07:35:20+00:00\" \/>\n<meta name=\"twitter:card\" content=\"summary_large_image\" \/>\n<meta name=\"twitter:label1\" content=\"Dur\u00e9e de lecture estim\u00e9e\" \/>\n\t<meta name=\"twitter:data1\" content=\"1 minute\" \/>\n<script type=\"application\/ld+json\" class=\"yoast-schema-graph\">{\"@context\":\"https:\\\/\\\/schema.org\",\"@graph\":[{\"@type\":\"WebPage\",\"@id\":\"https:\\\/\\\/districos.standingout.be\\\/fr\\\/product\\\/bio-balance-lait-nettoyant-aux-extraits-de-roses-500-ml-ref-7063-02\\\/\",\"url\":\"https:\\\/\\\/districos.standingout.be\\\/fr\\\/product\\\/bio-balance-lait-nettoyant-aux-extraits-de-roses-500-ml-ref-7063-02\\\/\",\"name\":\"Bio Balance Lait Nettoyant aux Extraits de Roses 500 ml - Districos Webshop\",\"isPartOf\":{\"@id\":\"https:\\\/\\\/districos.standingout.be\\\/fr\\\/#website\"},\"primaryImageOfPage\":{\"@id\":\"https:\\\/\\\/districos.standingout.be\\\/fr\\\/product\\\/bio-balance-lait-nettoyant-aux-extraits-de-roses-500-ml-ref-7063-02\\\/#primaryimage\"},\"image\":{\"@id\":\"https:\\\/\\\/districos.standingout.be\\\/fr\\\/product\\\/bio-balance-lait-nettoyant-aux-extraits-de-roses-500-ml-ref-7063-02\\\/#primaryimage\"},\"thumbnailUrl\":\"https:\\\/\\\/districos.standingout.be\\\/wp-content\\\/uploads\\\/2025\\\/07\\\/7063.02@LowRes_1.png\",\"datePublished\":\"2026-04-28T07:35:11+00:00\",\"dateModified\":\"2026-04-28T07:35:20+00:00\",\"breadcrumb\":{\"@id\":\"https:\\\/\\\/districos.standingout.be\\\/fr\\\/product\\\/bio-balance-lait-nettoyant-aux-extraits-de-roses-500-ml-ref-7063-02\\\/#breadcrumb\"},\"inLanguage\":\"fr-FR\",\"potentialAction\":[{\"@type\":\"ReadAction\",\"target\":[\"https:\\\/\\\/districos.standingout.be\\\/fr\\\/product\\\/bio-balance-lait-nettoyant-aux-extraits-de-roses-500-ml-ref-7063-02\\\/\"]}]},{\"@type\":\"ImageObject\",\"inLanguage\":\"fr-FR\",\"@id\":\"https:\\\/\\\/districos.standingout.be\\\/fr\\\/product\\\/bio-balance-lait-nettoyant-aux-extraits-de-roses-500-ml-ref-7063-02\\\/#primaryimage\",\"url\":\"https:\\\/\\\/districos.standingout.be\\\/wp-content\\\/uploads\\\/2025\\\/07\\\/7063.02@LowRes_1.png\",\"contentUrl\":\"https:\\\/\\\/districos.standingout.be\\\/wp-content\\\/uploads\\\/2025\\\/07\\\/7063.02@LowRes_1.png\",\"width\":600,\"height\":600},{\"@type\":\"BreadcrumbList\",\"@id\":\"https:\\\/\\\/districos.standingout.be\\\/fr\\\/product\\\/bio-balance-lait-nettoyant-aux-extraits-de-roses-500-ml-ref-7063-02\\\/#breadcrumb\",\"itemListElement\":[{\"@type\":\"ListItem\",\"position\":1,\"name\":\"Home\",\"item\":\"https:\\\/\\\/districos.standingout.be\\\/fr\\\/bienvenue-chez-districos\\\/\"},{\"@type\":\"ListItem\",\"position\":2,\"name\":\"Boutique\",\"item\":\"https:\\\/\\\/districos.standingout.be\\\/fr\\\/boutique\\\/\"},{\"@type\":\"ListItem\",\"position\":3,\"name\":\"Bio Balance Lait Nettoyant aux Extraits de Roses 500 ml\"}]},{\"@type\":\"WebSite\",\"@id\":\"https:\\\/\\\/districos.standingout.be\\\/fr\\\/#website\",\"url\":\"https:\\\/\\\/districos.standingout.be\\\/fr\\\/\",\"name\":\"Districos Webshop\",\"description\":\"\",\"publisher\":{\"@id\":\"https:\\\/\\\/districos.standingout.be\\\/fr\\\/#organization\"},\"potentialAction\":[{\"@type\":\"SearchAction\",\"target\":{\"@type\":\"EntryPoint\",\"urlTemplate\":\"https:\\\/\\\/districos.standingout.be\\\/fr\\\/?s={search_term_string}\"},\"query-input\":{\"@type\":\"PropertyValueSpecification\",\"valueRequired\":true,\"valueName\":\"search_term_string\"}}],\"inLanguage\":\"fr-FR\"},{\"@type\":\"Organization\",\"@id\":\"https:\\\/\\\/districos.standingout.be\\\/fr\\\/#organization\",\"name\":\"Districos Webshop\",\"url\":\"https:\\\/\\\/districos.standingout.be\\\/fr\\\/\",\"logo\":{\"@type\":\"ImageObject\",\"inLanguage\":\"fr-FR\",\"@id\":\"https:\\\/\\\/districos.standingout.be\\\/fr\\\/#\\\/schema\\\/logo\\\/image\\\/\",\"url\":\"https:\\\/\\\/districos.standingout.be\\\/wp-content\\\/uploads\\\/2022\\\/09\\\/Districos_Logo_Webshop.svg\",\"contentUrl\":\"https:\\\/\\\/districos.standingout.be\\\/wp-content\\\/uploads\\\/2022\\\/09\\\/Districos_Logo_Webshop.svg\",\"caption\":\"Districos Webshop\"},\"image\":{\"@id\":\"https:\\\/\\\/districos.standingout.be\\\/fr\\\/#\\\/schema\\\/logo\\\/image\\\/\"}}]}<\/script>\n<!-- \/ Yoast SEO plugin. -->","yoast_head_json":{"title":"Bio Balance Lait Nettoyant aux Extraits de Roses 500 ml - Districos Webshop","robots":{"index":"noindex","follow":"follow","max-snippet":"max-snippet:-1","max-image-preview":"max-image-preview:large","max-video-preview":"max-video-preview:-1"},"og_locale":"fr_FR","og_type":"article","og_title":"Bio Balance Lait Nettoyant aux Extraits de Roses 500 ml - Districos Webshop","og_description":"HYDRATANT &#8211; RAFFERMISSANT &#8211; PROTECTEUR Ce lait nettoyant hydratant contient des extraits de tr\u00e8fle rouge et de coquelicot. Gr\u00e2ce \u00e0 sa teneur \u00e9lev\u00e9e en antioxydants puissants qui am\u00e9liorent la structure de la peau et qui luttent contre le vieillissement cutan\u00e9, le lait convient parfaitement aux peaux s\u00e8ches ou matures. En plus, il est adapt\u00e9 pour [&hellip;]","og_url":"https:\/\/districos.standingout.be\/fr\/product\/bio-balance-lait-nettoyant-aux-extraits-de-roses-500-ml-ref-7063-02\/","og_site_name":"Districos Webshop","article_modified_time":"2026-04-28T07:35:20+00:00","twitter_card":"summary_large_image","twitter_misc":{"Dur\u00e9e de lecture estim\u00e9e":"1 minute"},"schema":{"@context":"https:\/\/schema.org","@graph":[{"@type":"WebPage","@id":"https:\/\/districos.standingout.be\/fr\/product\/bio-balance-lait-nettoyant-aux-extraits-de-roses-500-ml-ref-7063-02\/","url":"https:\/\/districos.standingout.be\/fr\/product\/bio-balance-lait-nettoyant-aux-extraits-de-roses-500-ml-ref-7063-02\/","name":"Bio Balance Lait Nettoyant aux Extraits de Roses 500 ml - Districos Webshop","isPartOf":{"@id":"https:\/\/districos.standingout.be\/fr\/#website"},"primaryImageOfPage":{"@id":"https:\/\/districos.standingout.be\/fr\/product\/bio-balance-lait-nettoyant-aux-extraits-de-roses-500-ml-ref-7063-02\/#primaryimage"},"image":{"@id":"https:\/\/districos.standingout.be\/fr\/product\/bio-balance-lait-nettoyant-aux-extraits-de-roses-500-ml-ref-7063-02\/#primaryimage"},"thumbnailUrl":"https:\/\/districos.standingout.be\/wp-content\/uploads\/2025\/07\/7063.02@LowRes_1.png","datePublished":"2026-04-28T07:35:11+00:00","dateModified":"2026-04-28T07:35:20+00:00","breadcrumb":{"@id":"https:\/\/districos.standingout.be\/fr\/product\/bio-balance-lait-nettoyant-aux-extraits-de-roses-500-ml-ref-7063-02\/#breadcrumb"},"inLanguage":"fr-FR","potentialAction":[{"@type":"ReadAction","target":["https:\/\/districos.standingout.be\/fr\/product\/bio-balance-lait-nettoyant-aux-extraits-de-roses-500-ml-ref-7063-02\/"]}]},{"@type":"ImageObject","inLanguage":"fr-FR","@id":"https:\/\/districos.standingout.be\/fr\/product\/bio-balance-lait-nettoyant-aux-extraits-de-roses-500-ml-ref-7063-02\/#primaryimage","url":"https:\/\/districos.standingout.be\/wp-content\/uploads\/2025\/07\/7063.02@LowRes_1.png","contentUrl":"https:\/\/districos.standingout.be\/wp-content\/uploads\/2025\/07\/7063.02@LowRes_1.png","width":600,"height":600},{"@type":"BreadcrumbList","@id":"https:\/\/districos.standingout.be\/fr\/product\/bio-balance-lait-nettoyant-aux-extraits-de-roses-500-ml-ref-7063-02\/#breadcrumb","itemListElement":[{"@type":"ListItem","position":1,"name":"Home","item":"https:\/\/districos.standingout.be\/fr\/bienvenue-chez-districos\/"},{"@type":"ListItem","position":2,"name":"Boutique","item":"https:\/\/districos.standingout.be\/fr\/boutique\/"},{"@type":"ListItem","position":3,"name":"Bio Balance Lait Nettoyant aux Extraits de Roses 500 ml"}]},{"@type":"WebSite","@id":"https:\/\/districos.standingout.be\/fr\/#website","url":"https:\/\/districos.standingout.be\/fr\/","name":"Districos Webshop","description":"","publisher":{"@id":"https:\/\/districos.standingout.be\/fr\/#organization"},"potentialAction":[{"@type":"SearchAction","target":{"@type":"EntryPoint","urlTemplate":"https:\/\/districos.standingout.be\/fr\/?s={search_term_string}"},"query-input":{"@type":"PropertyValueSpecification","valueRequired":true,"valueName":"search_term_string"}}],"inLanguage":"fr-FR"},{"@type":"Organization","@id":"https:\/\/districos.standingout.be\/fr\/#organization","name":"Districos Webshop","url":"https:\/\/districos.standingout.be\/fr\/","logo":{"@type":"ImageObject","inLanguage":"fr-FR","@id":"https:\/\/districos.standingout.be\/fr\/#\/schema\/logo\/image\/","url":"https:\/\/districos.standingout.be\/wp-content\/uploads\/2022\/09\/Districos_Logo_Webshop.svg","contentUrl":"https:\/\/districos.standingout.be\/wp-content\/uploads\/2022\/09\/Districos_Logo_Webshop.svg","caption":"Districos Webshop"},"image":{"@id":"https:\/\/districos.standingout.be\/fr\/#\/schema\/logo\/image\/"}}]}},"_links":{"self":[{"href":"https:\/\/districos.standingout.be\/fr\/wp-json\/wp\/v2\/product\/136935","targetHints":{"allow":["GET"]}}],"collection":[{"href":"https:\/\/districos.standingout.be\/fr\/wp-json\/wp\/v2\/product"}],"about":[{"href":"https:\/\/districos.standingout.be\/fr\/wp-json\/wp\/v2\/types\/product"}],"replies":[{"embeddable":true,"href":"https:\/\/districos.standingout.be\/fr\/wp-json\/wp\/v2\/comments?post=136935"}],"wp:featuredmedia":[{"embeddable":true,"href":"https:\/\/districos.standingout.be\/fr\/wp-json\/wp\/v2\/media\/77405"}],"wp:attachment":[{"href":"https:\/\/districos.standingout.be\/fr\/wp-json\/wp\/v2\/media?parent=136935"}],"wp:term":[{"taxonomy":"product_brand","embeddable":true,"href":"https:\/\/districos.standingout.be\/fr\/wp-json\/wp\/v2\/product_brand?post=136935"},{"taxonomy":"product_cat","embeddable":true,"href":"https:\/\/districos.standingout.be\/fr\/wp-json\/wp\/v2\/product_cat?post=136935"},{"taxonomy":"product_tag","embeddable":true,"href":"https:\/\/districos.standingout.be\/fr\/wp-json\/wp\/v2\/product_tag?post=136935"}],"curies":[{"name":"wp","href":"https:\/\/api.w.org\/{rel}","templated":true}]}}