{"id":136937,"date":"2026-04-28T09:35:20","date_gmt":"2026-04-28T07:35:20","guid":{"rendered":"https:\/\/webshopdistricoscom.webhosting.be\/product\/bio-balance-dual-exfoliating-cream-250-ml-ref-7063-03-2\/"},"modified":"2026-04-28T09:35:26","modified_gmt":"2026-04-28T07:35:26","slug":"bio-balance-dual-exfoliating-cream-250-ml-ref-7063-03","status":"publish","type":"product","link":"https:\/\/districos.standingout.be\/fr\/product\/bio-balance-dual-exfoliating-cream-250-ml-ref-7063-03\/","title":{"rendered":"Bio Balance Dual Exfoliating Cream 250 ml"},"content":{"rendered":"<p >\n<\/p>\n<p dir=\"ltr\"><font size=\"2\">Gommage unique \u00e0 la texture cr\u00e9meuse avec un min\u00e9ral finement moulu sous forme de micro-grain, convient aussi bien au visage qu&rsquo;au buste. La Dual Exfoliating Cream a une double action unique. L&rsquo;effet de gommage enl\u00e8ve les cellules mortes en toute douceur, alors que les \u00ab cleansing agents \u00bb nettoient la peau en profondeur. La technique de gommage stimule la circulation sanguine ce qui favorise la production de collag\u00e8ne et d&rsquo;\u00e9lastine.<\/font><\/p>\n<p dir=\"ltr\"><font size=\"2\"><\/font><\/p>\n<ul>\n<li><font size=\"2\">250 ml.<\/font><\/li>\n<li><font size=\"2\">Vegan.<\/font><\/li>\n<\/ul>\n<div><b>Substances actives<\/b><\/div>\n<div>\n<ul>\n<li><font size=\"2\">Le kaolin est un agent nettoyant en profondeur doux qui a des propri\u00e9t\u00e9s absorbantes fortes.<\/font><\/li>\n<li><font size=\"2\">L&rsquo;acide silicique (\u00ab hydrated silica \u00bb) est un min\u00e9rale finement moulu qui agit comme un gommage tr\u00e8s doux et absorbe les impuret\u00e9s et l&rsquo;exc\u00e8s de s\u00e9bum.<\/font><\/li>\n<\/ul>\n<div><b>Mode d&#8217;emploi<\/b><\/div>\n<\/div>\n<p dir=\"ltr\"><font size=\"2\"><\/font><\/p>\n<div>\n<ul>\n<li><font size=\"2\">Appliquez le peeling avec un pinceau masque en fine couche sur le visage et le cou.<\/font><\/li>\n<li><font size=\"2\">Laisser s\u00e9cher pendant 5 minutes.<\/font><\/li>\n<li><font size=\"2\">Tendez ensuite la peau entre 2 doigts et gommez doucement le peeling du visage. Si vous le d\u00e9sirez, vous pouvez \u00e9galement utiliser un appareil \u00e0 brosses.<\/font><\/li>\n<li><font size=\"2\">Retirez avec une compresse humide et neutralisez avec la lotion appropri\u00e9e.<\/font><\/li>\n<\/ul>\n<\/div><\/p>\n","protected":false},"excerpt":{"rendered":"<p>Gommage unique \u00e0 la texture cr\u00e9meuse avec un min\u00e9ral finement moulu sous forme de micro-grain, convient aussi bien au visage qu&rsquo;au buste. La Dual Exfoliating Cream a une double action unique. L&rsquo;effet de gommage enl\u00e8ve les cellules mortes en toute douceur, alors que les \u00ab cleansing agents \u00bb nettoient la peau en profondeur. La technique [&hellip;]<\/p>\n","protected":false},"featured_media":147304,"comment_status":"open","ping_status":"closed","template":"","meta":{"_acf_changed":false},"product_brand":[10308],"product_cat":[9856],"product_tag":[],"class_list":{"0":"post-136937","1":"product","2":"type-product","3":"status-publish","4":"has-post-thumbnail","6":"product_brand-bb_gelaat-fr","7":"product_cat-beaute-visage-bio-balance-visage","9":"first","10":"instock","11":"taxable","12":"shipping-taxable","13":"product-type-simple"},"acf":[],"yoast_head":"<!-- This site is optimized with the Yoast SEO plugin v27.3 - https:\/\/yoast.com\/product\/yoast-seo-wordpress\/ -->\n<title>Bio Balance Dual Exfoliating Cream 250 ml - Districos Webshop<\/title>\n<meta name=\"robots\" content=\"noindex, follow, max-snippet:-1, max-image-preview:large, max-video-preview:-1\" \/>\n<meta property=\"og:locale\" content=\"fr_FR\" \/>\n<meta property=\"og:type\" content=\"article\" \/>\n<meta property=\"og:title\" content=\"Bio Balance Dual Exfoliating Cream 250 ml - Districos Webshop\" \/>\n<meta property=\"og:description\" content=\"Gommage unique \u00e0 la texture cr\u00e9meuse avec un min\u00e9ral finement moulu sous forme de micro-grain, convient aussi bien au visage qu&rsquo;au buste. La Dual Exfoliating Cream a une double action unique. L&rsquo;effet de gommage enl\u00e8ve les cellules mortes en toute douceur, alors que les \u00ab cleansing agents \u00bb nettoient la peau en profondeur. La technique [&hellip;]\" \/>\n<meta property=\"og:url\" content=\"https:\/\/districos.standingout.be\/fr\/product\/bio-balance-dual-exfoliating-cream-250-ml-ref-7063-03\/\" \/>\n<meta property=\"og:site_name\" content=\"Districos Webshop\" \/>\n<meta property=\"article:modified_time\" content=\"2026-04-28T07:35:26+00:00\" \/>\n<meta name=\"twitter:card\" content=\"summary_large_image\" \/>\n<meta name=\"twitter:label1\" content=\"Dur\u00e9e de lecture estim\u00e9e\" \/>\n\t<meta name=\"twitter:data1\" content=\"1 minute\" \/>\n<script type=\"application\/ld+json\" class=\"yoast-schema-graph\">{\"@context\":\"https:\\\/\\\/schema.org\",\"@graph\":[{\"@type\":\"WebPage\",\"@id\":\"https:\\\/\\\/districos.standingout.be\\\/fr\\\/product\\\/bio-balance-dual-exfoliating-cream-250-ml-ref-7063-03\\\/\",\"url\":\"https:\\\/\\\/districos.standingout.be\\\/fr\\\/product\\\/bio-balance-dual-exfoliating-cream-250-ml-ref-7063-03\\\/\",\"name\":\"Bio Balance Dual Exfoliating Cream 250 ml - Districos Webshop\",\"isPartOf\":{\"@id\":\"https:\\\/\\\/districos.standingout.be\\\/fr\\\/#website\"},\"primaryImageOfPage\":{\"@id\":\"https:\\\/\\\/districos.standingout.be\\\/fr\\\/product\\\/bio-balance-dual-exfoliating-cream-250-ml-ref-7063-03\\\/#primaryimage\"},\"image\":{\"@id\":\"https:\\\/\\\/districos.standingout.be\\\/fr\\\/product\\\/bio-balance-dual-exfoliating-cream-250-ml-ref-7063-03\\\/#primaryimage\"},\"thumbnailUrl\":\"https:\\\/\\\/districos.standingout.be\\\/wp-content\\\/uploads\\\/2026\\\/04\\\/7063.03@Dual-Exfoliating-Cream-250-ml_1-1.png\",\"datePublished\":\"2026-04-28T07:35:20+00:00\",\"dateModified\":\"2026-04-28T07:35:26+00:00\",\"breadcrumb\":{\"@id\":\"https:\\\/\\\/districos.standingout.be\\\/fr\\\/product\\\/bio-balance-dual-exfoliating-cream-250-ml-ref-7063-03\\\/#breadcrumb\"},\"inLanguage\":\"fr-FR\",\"potentialAction\":[{\"@type\":\"ReadAction\",\"target\":[\"https:\\\/\\\/districos.standingout.be\\\/fr\\\/product\\\/bio-balance-dual-exfoliating-cream-250-ml-ref-7063-03\\\/\"]}]},{\"@type\":\"ImageObject\",\"inLanguage\":\"fr-FR\",\"@id\":\"https:\\\/\\\/districos.standingout.be\\\/fr\\\/product\\\/bio-balance-dual-exfoliating-cream-250-ml-ref-7063-03\\\/#primaryimage\",\"url\":\"https:\\\/\\\/districos.standingout.be\\\/wp-content\\\/uploads\\\/2026\\\/04\\\/7063.03@Dual-Exfoliating-Cream-250-ml_1-1.png\",\"contentUrl\":\"https:\\\/\\\/districos.standingout.be\\\/wp-content\\\/uploads\\\/2026\\\/04\\\/7063.03@Dual-Exfoliating-Cream-250-ml_1-1.png\",\"width\":600,\"height\":600},{\"@type\":\"BreadcrumbList\",\"@id\":\"https:\\\/\\\/districos.standingout.be\\\/fr\\\/product\\\/bio-balance-dual-exfoliating-cream-250-ml-ref-7063-03\\\/#breadcrumb\",\"itemListElement\":[{\"@type\":\"ListItem\",\"position\":1,\"name\":\"Home\",\"item\":\"https:\\\/\\\/districos.standingout.be\\\/fr\\\/bienvenue-chez-districos\\\/\"},{\"@type\":\"ListItem\",\"position\":2,\"name\":\"Boutique\",\"item\":\"https:\\\/\\\/districos.standingout.be\\\/fr\\\/boutique\\\/\"},{\"@type\":\"ListItem\",\"position\":3,\"name\":\"Bio Balance Dual Exfoliating Cream 250 ml\"}]},{\"@type\":\"WebSite\",\"@id\":\"https:\\\/\\\/districos.standingout.be\\\/fr\\\/#website\",\"url\":\"https:\\\/\\\/districos.standingout.be\\\/fr\\\/\",\"name\":\"Districos Webshop\",\"description\":\"\",\"publisher\":{\"@id\":\"https:\\\/\\\/districos.standingout.be\\\/fr\\\/#organization\"},\"potentialAction\":[{\"@type\":\"SearchAction\",\"target\":{\"@type\":\"EntryPoint\",\"urlTemplate\":\"https:\\\/\\\/districos.standingout.be\\\/fr\\\/?s={search_term_string}\"},\"query-input\":{\"@type\":\"PropertyValueSpecification\",\"valueRequired\":true,\"valueName\":\"search_term_string\"}}],\"inLanguage\":\"fr-FR\"},{\"@type\":\"Organization\",\"@id\":\"https:\\\/\\\/districos.standingout.be\\\/fr\\\/#organization\",\"name\":\"Districos Webshop\",\"url\":\"https:\\\/\\\/districos.standingout.be\\\/fr\\\/\",\"logo\":{\"@type\":\"ImageObject\",\"inLanguage\":\"fr-FR\",\"@id\":\"https:\\\/\\\/districos.standingout.be\\\/fr\\\/#\\\/schema\\\/logo\\\/image\\\/\",\"url\":\"https:\\\/\\\/districos.standingout.be\\\/wp-content\\\/uploads\\\/2022\\\/09\\\/Districos_Logo_Webshop.svg\",\"contentUrl\":\"https:\\\/\\\/districos.standingout.be\\\/wp-content\\\/uploads\\\/2022\\\/09\\\/Districos_Logo_Webshop.svg\",\"caption\":\"Districos Webshop\"},\"image\":{\"@id\":\"https:\\\/\\\/districos.standingout.be\\\/fr\\\/#\\\/schema\\\/logo\\\/image\\\/\"}}]}<\/script>\n<!-- \/ Yoast SEO plugin. -->","yoast_head_json":{"title":"Bio Balance Dual Exfoliating Cream 250 ml - Districos Webshop","robots":{"index":"noindex","follow":"follow","max-snippet":"max-snippet:-1","max-image-preview":"max-image-preview:large","max-video-preview":"max-video-preview:-1"},"og_locale":"fr_FR","og_type":"article","og_title":"Bio Balance Dual Exfoliating Cream 250 ml - Districos Webshop","og_description":"Gommage unique \u00e0 la texture cr\u00e9meuse avec un min\u00e9ral finement moulu sous forme de micro-grain, convient aussi bien au visage qu&rsquo;au buste. La Dual Exfoliating Cream a une double action unique. L&rsquo;effet de gommage enl\u00e8ve les cellules mortes en toute douceur, alors que les \u00ab cleansing agents \u00bb nettoient la peau en profondeur. La technique [&hellip;]","og_url":"https:\/\/districos.standingout.be\/fr\/product\/bio-balance-dual-exfoliating-cream-250-ml-ref-7063-03\/","og_site_name":"Districos Webshop","article_modified_time":"2026-04-28T07:35:26+00:00","twitter_card":"summary_large_image","twitter_misc":{"Dur\u00e9e de lecture estim\u00e9e":"1 minute"},"schema":{"@context":"https:\/\/schema.org","@graph":[{"@type":"WebPage","@id":"https:\/\/districos.standingout.be\/fr\/product\/bio-balance-dual-exfoliating-cream-250-ml-ref-7063-03\/","url":"https:\/\/districos.standingout.be\/fr\/product\/bio-balance-dual-exfoliating-cream-250-ml-ref-7063-03\/","name":"Bio Balance Dual Exfoliating Cream 250 ml - Districos Webshop","isPartOf":{"@id":"https:\/\/districos.standingout.be\/fr\/#website"},"primaryImageOfPage":{"@id":"https:\/\/districos.standingout.be\/fr\/product\/bio-balance-dual-exfoliating-cream-250-ml-ref-7063-03\/#primaryimage"},"image":{"@id":"https:\/\/districos.standingout.be\/fr\/product\/bio-balance-dual-exfoliating-cream-250-ml-ref-7063-03\/#primaryimage"},"thumbnailUrl":"https:\/\/districos.standingout.be\/wp-content\/uploads\/2026\/04\/7063.03@Dual-Exfoliating-Cream-250-ml_1-1.png","datePublished":"2026-04-28T07:35:20+00:00","dateModified":"2026-04-28T07:35:26+00:00","breadcrumb":{"@id":"https:\/\/districos.standingout.be\/fr\/product\/bio-balance-dual-exfoliating-cream-250-ml-ref-7063-03\/#breadcrumb"},"inLanguage":"fr-FR","potentialAction":[{"@type":"ReadAction","target":["https:\/\/districos.standingout.be\/fr\/product\/bio-balance-dual-exfoliating-cream-250-ml-ref-7063-03\/"]}]},{"@type":"ImageObject","inLanguage":"fr-FR","@id":"https:\/\/districos.standingout.be\/fr\/product\/bio-balance-dual-exfoliating-cream-250-ml-ref-7063-03\/#primaryimage","url":"https:\/\/districos.standingout.be\/wp-content\/uploads\/2026\/04\/7063.03@Dual-Exfoliating-Cream-250-ml_1-1.png","contentUrl":"https:\/\/districos.standingout.be\/wp-content\/uploads\/2026\/04\/7063.03@Dual-Exfoliating-Cream-250-ml_1-1.png","width":600,"height":600},{"@type":"BreadcrumbList","@id":"https:\/\/districos.standingout.be\/fr\/product\/bio-balance-dual-exfoliating-cream-250-ml-ref-7063-03\/#breadcrumb","itemListElement":[{"@type":"ListItem","position":1,"name":"Home","item":"https:\/\/districos.standingout.be\/fr\/bienvenue-chez-districos\/"},{"@type":"ListItem","position":2,"name":"Boutique","item":"https:\/\/districos.standingout.be\/fr\/boutique\/"},{"@type":"ListItem","position":3,"name":"Bio Balance Dual Exfoliating Cream 250 ml"}]},{"@type":"WebSite","@id":"https:\/\/districos.standingout.be\/fr\/#website","url":"https:\/\/districos.standingout.be\/fr\/","name":"Districos Webshop","description":"","publisher":{"@id":"https:\/\/districos.standingout.be\/fr\/#organization"},"potentialAction":[{"@type":"SearchAction","target":{"@type":"EntryPoint","urlTemplate":"https:\/\/districos.standingout.be\/fr\/?s={search_term_string}"},"query-input":{"@type":"PropertyValueSpecification","valueRequired":true,"valueName":"search_term_string"}}],"inLanguage":"fr-FR"},{"@type":"Organization","@id":"https:\/\/districos.standingout.be\/fr\/#organization","name":"Districos Webshop","url":"https:\/\/districos.standingout.be\/fr\/","logo":{"@type":"ImageObject","inLanguage":"fr-FR","@id":"https:\/\/districos.standingout.be\/fr\/#\/schema\/logo\/image\/","url":"https:\/\/districos.standingout.be\/wp-content\/uploads\/2022\/09\/Districos_Logo_Webshop.svg","contentUrl":"https:\/\/districos.standingout.be\/wp-content\/uploads\/2022\/09\/Districos_Logo_Webshop.svg","caption":"Districos Webshop"},"image":{"@id":"https:\/\/districos.standingout.be\/fr\/#\/schema\/logo\/image\/"}}]}},"_links":{"self":[{"href":"https:\/\/districos.standingout.be\/fr\/wp-json\/wp\/v2\/product\/136937","targetHints":{"allow":["GET"]}}],"collection":[{"href":"https:\/\/districos.standingout.be\/fr\/wp-json\/wp\/v2\/product"}],"about":[{"href":"https:\/\/districos.standingout.be\/fr\/wp-json\/wp\/v2\/types\/product"}],"replies":[{"embeddable":true,"href":"https:\/\/districos.standingout.be\/fr\/wp-json\/wp\/v2\/comments?post=136937"}],"wp:featuredmedia":[{"embeddable":true,"href":"https:\/\/districos.standingout.be\/fr\/wp-json\/wp\/v2\/media\/147304"}],"wp:attachment":[{"href":"https:\/\/districos.standingout.be\/fr\/wp-json\/wp\/v2\/media?parent=136937"}],"wp:term":[{"taxonomy":"product_brand","embeddable":true,"href":"https:\/\/districos.standingout.be\/fr\/wp-json\/wp\/v2\/product_brand?post=136937"},{"taxonomy":"product_cat","embeddable":true,"href":"https:\/\/districos.standingout.be\/fr\/wp-json\/wp\/v2\/product_cat?post=136937"},{"taxonomy":"product_tag","embeddable":true,"href":"https:\/\/districos.standingout.be\/fr\/wp-json\/wp\/v2\/product_tag?post=136937"}],"curies":[{"name":"wp","href":"https:\/\/api.w.org\/{rel}","templated":true}]}}