{"id":136945,"date":"2026-04-28T09:36:27","date_gmt":"2026-04-28T07:36:27","guid":{"rendered":"https:\/\/webshopdistricoscom.webhosting.be\/product\/bio-balance-creme-de-massage-visage-a-la-mandarine-250-ml-ref-7063-21\/"},"modified":"2026-04-28T09:36:33","modified_gmt":"2026-04-28T07:36:33","slug":"bio-balance-creme-de-massage-visage-a-la-mandarine-250-ml-ref-7063-21","status":"publish","type":"product","link":"https:\/\/districos.standingout.be\/fr\/product\/bio-balance-creme-de-massage-visage-a-la-mandarine-250-ml-ref-7063-21\/","title":{"rendered":"Bio Balance Cr\u00e8me de Massage Visage \u00e0 la Mandarine 250 ml"},"content":{"rendered":"<p >\n<\/p>\n<p dir=\"ltr\">Cr\u00e8me de massage tr\u00e8s agr\u00e9able et bien glissante, \u00e0 base d&rsquo;huiles d&rsquo;amande douce, de soja et d&rsquo;arnica, qui stimule la circulation sanguine et assure une meilleure \u00e9limination des toxines. La cr\u00e8me convient \u00e0 tous les types de peaux et a des propri\u00e9t\u00e9s apaisantes.<\/p>\n<p dir=\"ltr\">\n<ul>\n<li>Peut \u00eatre utilis\u00e9e \u00e0 l&rsquo;\u00e9tat pur ou en combinaison avec les&nbsp;<u><a href=\"https:\/\/districos.com\/search?SearchText=huile%20massage%20visage\" target=\"_blank\" rel=\"noopener noreferrer nofollow\">4 Huiles Massage Visage de Bio Balance<\/a><\/u>.<\/li>\n<li>250 ml.<\/li>\n<li><font size=\"2\">Vegan.<\/font><\/li>\n<\/ul>\n<div><b>Substances actives<\/b><\/div>\n<div>\n<ul>\n<li>Le dim\u00e9thicone forme une barri\u00e8re perm\u00e9able \u00e0 l&rsquo;humidit\u00e9 sur la peau afin de pr\u00e9venir la d\u00e9shydratation. Il procure \u00e0 la peau une sensation satin\u00e9e.<\/li>\n<li>L&rsquo;huile d&rsquo;amande douce est une huile nourrissante, riche en triglyc\u00e9rides et acides gras, qui a des propri\u00e9t\u00e9s soignantes et adoucissantes et qui est douce pour la peau.<\/li>\n<li>L&rsquo;huile de soja est un Facteur Naturel d&rsquo;Hydratation qui aide la peau \u00e0 retenir l&rsquo;humidit\u00e9. Elle est \u00e9galement riche en antioxydants, comme la vitamine E, qui neutralisent les radicaux libres.<\/li>\n<li>L&rsquo;extrait d&rsquo;arnica stimule la circulation sanguine et assure une meilleure \u00e9limination des toxines et un meilleur apport en nutriments.<\/li>\n<\/ul>\n<div><b>Mode d&#8217;emploi<\/b><\/div>\n<\/div>\n<p dir=\"ltr\">\n<\/p>\n<div>\n<ul>\n<li>Pr\u00e9levez la cr\u00e8me toujours avec une spatule.<\/li>\n<li>M\u00e9langez toujours les huiles essentielles dans un r\u00e9cipient s\u00e9par\u00e9.<\/li>\n<li>Chauffez la cr\u00e8me entre les mains et effectuez votre massage comme d&rsquo;habitude.<\/li>\n<\/ul>\n<\/div>\n","protected":false},"excerpt":{"rendered":"<p>Cr\u00e8me de massage tr\u00e8s agr\u00e9able et bien glissante, \u00e0 base d&rsquo;huiles d&rsquo;amande douce, de soja et d&rsquo;arnica, qui stimule la circulation sanguine et assure une meilleure \u00e9limination des toxines. La cr\u00e8me convient \u00e0 tous les types de peaux et a des propri\u00e9t\u00e9s apaisantes. Peut \u00eatre utilis\u00e9e \u00e0 l&rsquo;\u00e9tat pur ou en combinaison avec les&nbsp;4 Huiles [&hellip;]<\/p>\n","protected":false},"featured_media":77432,"comment_status":"open","ping_status":"closed","template":"","meta":{"_acf_changed":false},"product_brand":[10308],"product_cat":[9856],"product_tag":[],"class_list":{"0":"post-136945","1":"product","2":"type-product","3":"status-publish","4":"has-post-thumbnail","6":"product_brand-bb_gelaat-fr","7":"product_cat-beaute-visage-bio-balance-visage","9":"first","10":"instock","11":"taxable","12":"shipping-taxable","13":"product-type-simple"},"acf":[],"yoast_head":"<!-- This site is optimized with the Yoast SEO plugin v27.3 - https:\/\/yoast.com\/product\/yoast-seo-wordpress\/ -->\n<title>Bio Balance Cr\u00e8me de Massage Visage \u00e0 la Mandarine 250 ml - Districos Webshop<\/title>\n<meta name=\"robots\" content=\"noindex, follow, max-snippet:-1, max-image-preview:large, max-video-preview:-1\" \/>\n<meta property=\"og:locale\" content=\"fr_FR\" \/>\n<meta property=\"og:type\" content=\"article\" \/>\n<meta property=\"og:title\" content=\"Bio Balance Cr\u00e8me de Massage Visage \u00e0 la Mandarine 250 ml - Districos Webshop\" \/>\n<meta property=\"og:description\" content=\"Cr\u00e8me de massage tr\u00e8s agr\u00e9able et bien glissante, \u00e0 base d&rsquo;huiles d&rsquo;amande douce, de soja et d&rsquo;arnica, qui stimule la circulation sanguine et assure une meilleure \u00e9limination des toxines. La cr\u00e8me convient \u00e0 tous les types de peaux et a des propri\u00e9t\u00e9s apaisantes. Peut \u00eatre utilis\u00e9e \u00e0 l&rsquo;\u00e9tat pur ou en combinaison avec les&nbsp;4 Huiles [&hellip;]\" \/>\n<meta property=\"og:url\" content=\"https:\/\/districos.standingout.be\/fr\/product\/bio-balance-creme-de-massage-visage-a-la-mandarine-250-ml-ref-7063-21\/\" \/>\n<meta property=\"og:site_name\" content=\"Districos Webshop\" \/>\n<meta property=\"article:modified_time\" content=\"2026-04-28T07:36:33+00:00\" \/>\n<meta name=\"twitter:card\" content=\"summary_large_image\" \/>\n<meta name=\"twitter:label1\" content=\"Dur\u00e9e de lecture estim\u00e9e\" \/>\n\t<meta name=\"twitter:data1\" content=\"1 minute\" \/>\n<script type=\"application\/ld+json\" class=\"yoast-schema-graph\">{\"@context\":\"https:\\\/\\\/schema.org\",\"@graph\":[{\"@type\":\"WebPage\",\"@id\":\"https:\\\/\\\/districos.standingout.be\\\/fr\\\/product\\\/bio-balance-creme-de-massage-visage-a-la-mandarine-250-ml-ref-7063-21\\\/\",\"url\":\"https:\\\/\\\/districos.standingout.be\\\/fr\\\/product\\\/bio-balance-creme-de-massage-visage-a-la-mandarine-250-ml-ref-7063-21\\\/\",\"name\":\"Bio Balance Cr\u00e8me de Massage Visage \u00e0 la Mandarine 250 ml - Districos Webshop\",\"isPartOf\":{\"@id\":\"https:\\\/\\\/districos.standingout.be\\\/fr\\\/#website\"},\"primaryImageOfPage\":{\"@id\":\"https:\\\/\\\/districos.standingout.be\\\/fr\\\/product\\\/bio-balance-creme-de-massage-visage-a-la-mandarine-250-ml-ref-7063-21\\\/#primaryimage\"},\"image\":{\"@id\":\"https:\\\/\\\/districos.standingout.be\\\/fr\\\/product\\\/bio-balance-creme-de-massage-visage-a-la-mandarine-250-ml-ref-7063-21\\\/#primaryimage\"},\"thumbnailUrl\":\"https:\\\/\\\/districos.standingout.be\\\/wp-content\\\/uploads\\\/2025\\\/07\\\/7063.21@LowRes_1_0.png\",\"datePublished\":\"2026-04-28T07:36:27+00:00\",\"dateModified\":\"2026-04-28T07:36:33+00:00\",\"breadcrumb\":{\"@id\":\"https:\\\/\\\/districos.standingout.be\\\/fr\\\/product\\\/bio-balance-creme-de-massage-visage-a-la-mandarine-250-ml-ref-7063-21\\\/#breadcrumb\"},\"inLanguage\":\"fr-FR\",\"potentialAction\":[{\"@type\":\"ReadAction\",\"target\":[\"https:\\\/\\\/districos.standingout.be\\\/fr\\\/product\\\/bio-balance-creme-de-massage-visage-a-la-mandarine-250-ml-ref-7063-21\\\/\"]}]},{\"@type\":\"ImageObject\",\"inLanguage\":\"fr-FR\",\"@id\":\"https:\\\/\\\/districos.standingout.be\\\/fr\\\/product\\\/bio-balance-creme-de-massage-visage-a-la-mandarine-250-ml-ref-7063-21\\\/#primaryimage\",\"url\":\"https:\\\/\\\/districos.standingout.be\\\/wp-content\\\/uploads\\\/2025\\\/07\\\/7063.21@LowRes_1_0.png\",\"contentUrl\":\"https:\\\/\\\/districos.standingout.be\\\/wp-content\\\/uploads\\\/2025\\\/07\\\/7063.21@LowRes_1_0.png\",\"width\":600,\"height\":600},{\"@type\":\"BreadcrumbList\",\"@id\":\"https:\\\/\\\/districos.standingout.be\\\/fr\\\/product\\\/bio-balance-creme-de-massage-visage-a-la-mandarine-250-ml-ref-7063-21\\\/#breadcrumb\",\"itemListElement\":[{\"@type\":\"ListItem\",\"position\":1,\"name\":\"Home\",\"item\":\"https:\\\/\\\/districos.standingout.be\\\/fr\\\/bienvenue-chez-districos\\\/\"},{\"@type\":\"ListItem\",\"position\":2,\"name\":\"Boutique\",\"item\":\"https:\\\/\\\/districos.standingout.be\\\/fr\\\/boutique\\\/\"},{\"@type\":\"ListItem\",\"position\":3,\"name\":\"Bio Balance Cr\u00e8me de Massage Visage \u00e0 la Mandarine 250 ml\"}]},{\"@type\":\"WebSite\",\"@id\":\"https:\\\/\\\/districos.standingout.be\\\/fr\\\/#website\",\"url\":\"https:\\\/\\\/districos.standingout.be\\\/fr\\\/\",\"name\":\"Districos Webshop\",\"description\":\"\",\"publisher\":{\"@id\":\"https:\\\/\\\/districos.standingout.be\\\/fr\\\/#organization\"},\"potentialAction\":[{\"@type\":\"SearchAction\",\"target\":{\"@type\":\"EntryPoint\",\"urlTemplate\":\"https:\\\/\\\/districos.standingout.be\\\/fr\\\/?s={search_term_string}\"},\"query-input\":{\"@type\":\"PropertyValueSpecification\",\"valueRequired\":true,\"valueName\":\"search_term_string\"}}],\"inLanguage\":\"fr-FR\"},{\"@type\":\"Organization\",\"@id\":\"https:\\\/\\\/districos.standingout.be\\\/fr\\\/#organization\",\"name\":\"Districos Webshop\",\"url\":\"https:\\\/\\\/districos.standingout.be\\\/fr\\\/\",\"logo\":{\"@type\":\"ImageObject\",\"inLanguage\":\"fr-FR\",\"@id\":\"https:\\\/\\\/districos.standingout.be\\\/fr\\\/#\\\/schema\\\/logo\\\/image\\\/\",\"url\":\"https:\\\/\\\/districos.standingout.be\\\/wp-content\\\/uploads\\\/2022\\\/09\\\/Districos_Logo_Webshop.svg\",\"contentUrl\":\"https:\\\/\\\/districos.standingout.be\\\/wp-content\\\/uploads\\\/2022\\\/09\\\/Districos_Logo_Webshop.svg\",\"caption\":\"Districos Webshop\"},\"image\":{\"@id\":\"https:\\\/\\\/districos.standingout.be\\\/fr\\\/#\\\/schema\\\/logo\\\/image\\\/\"}}]}<\/script>\n<!-- \/ Yoast SEO plugin. -->","yoast_head_json":{"title":"Bio Balance Cr\u00e8me de Massage Visage \u00e0 la Mandarine 250 ml - Districos Webshop","robots":{"index":"noindex","follow":"follow","max-snippet":"max-snippet:-1","max-image-preview":"max-image-preview:large","max-video-preview":"max-video-preview:-1"},"og_locale":"fr_FR","og_type":"article","og_title":"Bio Balance Cr\u00e8me de Massage Visage \u00e0 la Mandarine 250 ml - Districos Webshop","og_description":"Cr\u00e8me de massage tr\u00e8s agr\u00e9able et bien glissante, \u00e0 base d&rsquo;huiles d&rsquo;amande douce, de soja et d&rsquo;arnica, qui stimule la circulation sanguine et assure une meilleure \u00e9limination des toxines. La cr\u00e8me convient \u00e0 tous les types de peaux et a des propri\u00e9t\u00e9s apaisantes. Peut \u00eatre utilis\u00e9e \u00e0 l&rsquo;\u00e9tat pur ou en combinaison avec les&nbsp;4 Huiles [&hellip;]","og_url":"https:\/\/districos.standingout.be\/fr\/product\/bio-balance-creme-de-massage-visage-a-la-mandarine-250-ml-ref-7063-21\/","og_site_name":"Districos Webshop","article_modified_time":"2026-04-28T07:36:33+00:00","twitter_card":"summary_large_image","twitter_misc":{"Dur\u00e9e de lecture estim\u00e9e":"1 minute"},"schema":{"@context":"https:\/\/schema.org","@graph":[{"@type":"WebPage","@id":"https:\/\/districos.standingout.be\/fr\/product\/bio-balance-creme-de-massage-visage-a-la-mandarine-250-ml-ref-7063-21\/","url":"https:\/\/districos.standingout.be\/fr\/product\/bio-balance-creme-de-massage-visage-a-la-mandarine-250-ml-ref-7063-21\/","name":"Bio Balance Cr\u00e8me de Massage Visage \u00e0 la Mandarine 250 ml - Districos Webshop","isPartOf":{"@id":"https:\/\/districos.standingout.be\/fr\/#website"},"primaryImageOfPage":{"@id":"https:\/\/districos.standingout.be\/fr\/product\/bio-balance-creme-de-massage-visage-a-la-mandarine-250-ml-ref-7063-21\/#primaryimage"},"image":{"@id":"https:\/\/districos.standingout.be\/fr\/product\/bio-balance-creme-de-massage-visage-a-la-mandarine-250-ml-ref-7063-21\/#primaryimage"},"thumbnailUrl":"https:\/\/districos.standingout.be\/wp-content\/uploads\/2025\/07\/7063.21@LowRes_1_0.png","datePublished":"2026-04-28T07:36:27+00:00","dateModified":"2026-04-28T07:36:33+00:00","breadcrumb":{"@id":"https:\/\/districos.standingout.be\/fr\/product\/bio-balance-creme-de-massage-visage-a-la-mandarine-250-ml-ref-7063-21\/#breadcrumb"},"inLanguage":"fr-FR","potentialAction":[{"@type":"ReadAction","target":["https:\/\/districos.standingout.be\/fr\/product\/bio-balance-creme-de-massage-visage-a-la-mandarine-250-ml-ref-7063-21\/"]}]},{"@type":"ImageObject","inLanguage":"fr-FR","@id":"https:\/\/districos.standingout.be\/fr\/product\/bio-balance-creme-de-massage-visage-a-la-mandarine-250-ml-ref-7063-21\/#primaryimage","url":"https:\/\/districos.standingout.be\/wp-content\/uploads\/2025\/07\/7063.21@LowRes_1_0.png","contentUrl":"https:\/\/districos.standingout.be\/wp-content\/uploads\/2025\/07\/7063.21@LowRes_1_0.png","width":600,"height":600},{"@type":"BreadcrumbList","@id":"https:\/\/districos.standingout.be\/fr\/product\/bio-balance-creme-de-massage-visage-a-la-mandarine-250-ml-ref-7063-21\/#breadcrumb","itemListElement":[{"@type":"ListItem","position":1,"name":"Home","item":"https:\/\/districos.standingout.be\/fr\/bienvenue-chez-districos\/"},{"@type":"ListItem","position":2,"name":"Boutique","item":"https:\/\/districos.standingout.be\/fr\/boutique\/"},{"@type":"ListItem","position":3,"name":"Bio Balance Cr\u00e8me de Massage Visage \u00e0 la Mandarine 250 ml"}]},{"@type":"WebSite","@id":"https:\/\/districos.standingout.be\/fr\/#website","url":"https:\/\/districos.standingout.be\/fr\/","name":"Districos Webshop","description":"","publisher":{"@id":"https:\/\/districos.standingout.be\/fr\/#organization"},"potentialAction":[{"@type":"SearchAction","target":{"@type":"EntryPoint","urlTemplate":"https:\/\/districos.standingout.be\/fr\/?s={search_term_string}"},"query-input":{"@type":"PropertyValueSpecification","valueRequired":true,"valueName":"search_term_string"}}],"inLanguage":"fr-FR"},{"@type":"Organization","@id":"https:\/\/districos.standingout.be\/fr\/#organization","name":"Districos Webshop","url":"https:\/\/districos.standingout.be\/fr\/","logo":{"@type":"ImageObject","inLanguage":"fr-FR","@id":"https:\/\/districos.standingout.be\/fr\/#\/schema\/logo\/image\/","url":"https:\/\/districos.standingout.be\/wp-content\/uploads\/2022\/09\/Districos_Logo_Webshop.svg","contentUrl":"https:\/\/districos.standingout.be\/wp-content\/uploads\/2022\/09\/Districos_Logo_Webshop.svg","caption":"Districos Webshop"},"image":{"@id":"https:\/\/districos.standingout.be\/fr\/#\/schema\/logo\/image\/"}}]}},"_links":{"self":[{"href":"https:\/\/districos.standingout.be\/fr\/wp-json\/wp\/v2\/product\/136945","targetHints":{"allow":["GET"]}}],"collection":[{"href":"https:\/\/districos.standingout.be\/fr\/wp-json\/wp\/v2\/product"}],"about":[{"href":"https:\/\/districos.standingout.be\/fr\/wp-json\/wp\/v2\/types\/product"}],"replies":[{"embeddable":true,"href":"https:\/\/districos.standingout.be\/fr\/wp-json\/wp\/v2\/comments?post=136945"}],"wp:featuredmedia":[{"embeddable":true,"href":"https:\/\/districos.standingout.be\/fr\/wp-json\/wp\/v2\/media\/77432"}],"wp:attachment":[{"href":"https:\/\/districos.standingout.be\/fr\/wp-json\/wp\/v2\/media?parent=136945"}],"wp:term":[{"taxonomy":"product_brand","embeddable":true,"href":"https:\/\/districos.standingout.be\/fr\/wp-json\/wp\/v2\/product_brand?post=136945"},{"taxonomy":"product_cat","embeddable":true,"href":"https:\/\/districos.standingout.be\/fr\/wp-json\/wp\/v2\/product_cat?post=136945"},{"taxonomy":"product_tag","embeddable":true,"href":"https:\/\/districos.standingout.be\/fr\/wp-json\/wp\/v2\/product_tag?post=136945"}],"curies":[{"name":"wp","href":"https:\/\/api.w.org\/{rel}","templated":true}]}}