{"id":136955,"date":"2026-04-28T09:36:58","date_gmt":"2026-04-28T07:36:58","guid":{"rendered":"https:\/\/webshopdistricoscom.webhosting.be\/product\/bio-balance-cryo-lift-gel-contour-yeux-125-ml-ref-7063-33\/"},"modified":"2026-04-28T09:37:03","modified_gmt":"2026-04-28T07:37:03","slug":"bio-balance-cryo-lift-gel-contour-yeux-125-ml-ref-7063-33","status":"publish","type":"product","link":"https:\/\/districos.standingout.be\/fr\/product\/bio-balance-cryo-lift-gel-contour-yeux-125-ml-ref-7063-33\/","title":{"rendered":"Bio Balance Cryo-Lift Gel Contour Yeux 125 ml"},"content":{"rendered":"<p >\n<\/p>\n<p dir=\"ltr\">Le Cryo-Lift Gel Contour Yeux est un gel ultra rafra\u00eechissant \u00e0 base de menthe qui a un effet tenseur instantan\u00e9. Le gel \u00e9limine les signes de fatigue et raffermit \u00e9galement la peau.<\/p>\n<p dir=\"ltr\">\n<ul>\n<li>Peut \u00eatre appliqu\u00e9 sur le contour des yeux pendant un soin de visage ou \u00e0 la fin du traitement avant de mettre la cr\u00e8me de jour.<\/li>\n<li>Emballage : 125 ml.<\/li>\n<li><font size=\"2\">Vegan.<\/font><\/li>\n<\/ul>\n<p dir=\"ltr\"><b>Substances actives<\/b><\/p>\n<p dir=\"ltr\">\n<ul>\n<li>L&rsquo;extrait d&rsquo;avocat contient les vitamines A, D et E pour une hydratation intense du contour des yeux d\u00e9licat.<\/li>\n<li>L&rsquo;extrait de fucus v\u00e9siculeux a une grande capacit\u00e9 d&rsquo;absorption d&rsquo;eau et r\u00e9duit l&rsquo;apparition de ridules.<\/li>\n<li>L&rsquo;extrait de concombre \u00e9galise, rafra\u00eechit et adoucit la peau.<\/li>\n<\/ul>\n<div><b>Mode d&#8217;emploi<\/b><\/div>\n<div>Appliquez une petite quantit\u00e9 de gel sur le contour des yeux et massez dans la peau en effectuant la technique du drainage lymphatique.<\/div><\/p>\n","protected":false},"excerpt":{"rendered":"<p>Le Cryo-Lift Gel Contour Yeux est un gel ultra rafra\u00eechissant \u00e0 base de menthe qui a un effet tenseur instantan\u00e9. Le gel \u00e9limine les signes de fatigue et raffermit \u00e9galement la peau. Peut \u00eatre appliqu\u00e9 sur le contour des yeux pendant un soin de visage ou \u00e0 la fin du traitement avant de mettre la [&hellip;]<\/p>\n","protected":false},"featured_media":77459,"comment_status":"open","ping_status":"closed","template":"","meta":{"_acf_changed":false},"product_brand":[10308],"product_cat":[9856],"product_tag":[],"class_list":{"0":"post-136955","1":"product","2":"type-product","3":"status-publish","4":"has-post-thumbnail","6":"product_brand-bb_gelaat-fr","7":"product_cat-beaute-visage-bio-balance-visage","9":"first","10":"instock","11":"taxable","12":"shipping-taxable","13":"product-type-simple"},"acf":[],"yoast_head":"<!-- This site is optimized with the Yoast SEO plugin v27.3 - https:\/\/yoast.com\/product\/yoast-seo-wordpress\/ -->\n<title>Bio Balance Cryo-Lift Gel Contour Yeux 125 ml - Districos Webshop<\/title>\n<meta name=\"robots\" content=\"noindex, follow, max-snippet:-1, max-image-preview:large, max-video-preview:-1\" \/>\n<meta property=\"og:locale\" content=\"fr_FR\" \/>\n<meta property=\"og:type\" content=\"article\" \/>\n<meta property=\"og:title\" content=\"Bio Balance Cryo-Lift Gel Contour Yeux 125 ml - Districos Webshop\" \/>\n<meta property=\"og:description\" content=\"Le Cryo-Lift Gel Contour Yeux est un gel ultra rafra\u00eechissant \u00e0 base de menthe qui a un effet tenseur instantan\u00e9. Le gel \u00e9limine les signes de fatigue et raffermit \u00e9galement la peau. Peut \u00eatre appliqu\u00e9 sur le contour des yeux pendant un soin de visage ou \u00e0 la fin du traitement avant de mettre la [&hellip;]\" \/>\n<meta property=\"og:url\" content=\"https:\/\/districos.standingout.be\/fr\/product\/bio-balance-cryo-lift-gel-contour-yeux-125-ml-ref-7063-33\/\" \/>\n<meta property=\"og:site_name\" content=\"Districos Webshop\" \/>\n<meta property=\"article:modified_time\" content=\"2026-04-28T07:37:03+00:00\" \/>\n<meta name=\"twitter:card\" content=\"summary_large_image\" \/>\n<meta name=\"twitter:label1\" content=\"Dur\u00e9e de lecture estim\u00e9e\" \/>\n\t<meta name=\"twitter:data1\" content=\"1 minute\" \/>\n<script type=\"application\/ld+json\" class=\"yoast-schema-graph\">{\"@context\":\"https:\\\/\\\/schema.org\",\"@graph\":[{\"@type\":\"WebPage\",\"@id\":\"https:\\\/\\\/districos.standingout.be\\\/fr\\\/product\\\/bio-balance-cryo-lift-gel-contour-yeux-125-ml-ref-7063-33\\\/\",\"url\":\"https:\\\/\\\/districos.standingout.be\\\/fr\\\/product\\\/bio-balance-cryo-lift-gel-contour-yeux-125-ml-ref-7063-33\\\/\",\"name\":\"Bio Balance Cryo-Lift Gel Contour Yeux 125 ml - Districos Webshop\",\"isPartOf\":{\"@id\":\"https:\\\/\\\/districos.standingout.be\\\/fr\\\/#website\"},\"primaryImageOfPage\":{\"@id\":\"https:\\\/\\\/districos.standingout.be\\\/fr\\\/product\\\/bio-balance-cryo-lift-gel-contour-yeux-125-ml-ref-7063-33\\\/#primaryimage\"},\"image\":{\"@id\":\"https:\\\/\\\/districos.standingout.be\\\/fr\\\/product\\\/bio-balance-cryo-lift-gel-contour-yeux-125-ml-ref-7063-33\\\/#primaryimage\"},\"thumbnailUrl\":\"https:\\\/\\\/districos.standingout.be\\\/wp-content\\\/uploads\\\/2025\\\/07\\\/7063.33@LowRes_3_0.png\",\"datePublished\":\"2026-04-28T07:36:58+00:00\",\"dateModified\":\"2026-04-28T07:37:03+00:00\",\"breadcrumb\":{\"@id\":\"https:\\\/\\\/districos.standingout.be\\\/fr\\\/product\\\/bio-balance-cryo-lift-gel-contour-yeux-125-ml-ref-7063-33\\\/#breadcrumb\"},\"inLanguage\":\"fr-FR\",\"potentialAction\":[{\"@type\":\"ReadAction\",\"target\":[\"https:\\\/\\\/districos.standingout.be\\\/fr\\\/product\\\/bio-balance-cryo-lift-gel-contour-yeux-125-ml-ref-7063-33\\\/\"]}]},{\"@type\":\"ImageObject\",\"inLanguage\":\"fr-FR\",\"@id\":\"https:\\\/\\\/districos.standingout.be\\\/fr\\\/product\\\/bio-balance-cryo-lift-gel-contour-yeux-125-ml-ref-7063-33\\\/#primaryimage\",\"url\":\"https:\\\/\\\/districos.standingout.be\\\/wp-content\\\/uploads\\\/2025\\\/07\\\/7063.33@LowRes_3_0.png\",\"contentUrl\":\"https:\\\/\\\/districos.standingout.be\\\/wp-content\\\/uploads\\\/2025\\\/07\\\/7063.33@LowRes_3_0.png\",\"width\":600,\"height\":600},{\"@type\":\"BreadcrumbList\",\"@id\":\"https:\\\/\\\/districos.standingout.be\\\/fr\\\/product\\\/bio-balance-cryo-lift-gel-contour-yeux-125-ml-ref-7063-33\\\/#breadcrumb\",\"itemListElement\":[{\"@type\":\"ListItem\",\"position\":1,\"name\":\"Home\",\"item\":\"https:\\\/\\\/districos.standingout.be\\\/fr\\\/bienvenue-chez-districos\\\/\"},{\"@type\":\"ListItem\",\"position\":2,\"name\":\"Boutique\",\"item\":\"https:\\\/\\\/districos.standingout.be\\\/fr\\\/boutique\\\/\"},{\"@type\":\"ListItem\",\"position\":3,\"name\":\"Bio Balance Cryo-Lift Gel Contour Yeux 125 ml\"}]},{\"@type\":\"WebSite\",\"@id\":\"https:\\\/\\\/districos.standingout.be\\\/fr\\\/#website\",\"url\":\"https:\\\/\\\/districos.standingout.be\\\/fr\\\/\",\"name\":\"Districos Webshop\",\"description\":\"\",\"publisher\":{\"@id\":\"https:\\\/\\\/districos.standingout.be\\\/fr\\\/#organization\"},\"potentialAction\":[{\"@type\":\"SearchAction\",\"target\":{\"@type\":\"EntryPoint\",\"urlTemplate\":\"https:\\\/\\\/districos.standingout.be\\\/fr\\\/?s={search_term_string}\"},\"query-input\":{\"@type\":\"PropertyValueSpecification\",\"valueRequired\":true,\"valueName\":\"search_term_string\"}}],\"inLanguage\":\"fr-FR\"},{\"@type\":\"Organization\",\"@id\":\"https:\\\/\\\/districos.standingout.be\\\/fr\\\/#organization\",\"name\":\"Districos Webshop\",\"url\":\"https:\\\/\\\/districos.standingout.be\\\/fr\\\/\",\"logo\":{\"@type\":\"ImageObject\",\"inLanguage\":\"fr-FR\",\"@id\":\"https:\\\/\\\/districos.standingout.be\\\/fr\\\/#\\\/schema\\\/logo\\\/image\\\/\",\"url\":\"https:\\\/\\\/districos.standingout.be\\\/wp-content\\\/uploads\\\/2022\\\/09\\\/Districos_Logo_Webshop.svg\",\"contentUrl\":\"https:\\\/\\\/districos.standingout.be\\\/wp-content\\\/uploads\\\/2022\\\/09\\\/Districos_Logo_Webshop.svg\",\"caption\":\"Districos Webshop\"},\"image\":{\"@id\":\"https:\\\/\\\/districos.standingout.be\\\/fr\\\/#\\\/schema\\\/logo\\\/image\\\/\"}}]}<\/script>\n<!-- \/ Yoast SEO plugin. -->","yoast_head_json":{"title":"Bio Balance Cryo-Lift Gel Contour Yeux 125 ml - Districos Webshop","robots":{"index":"noindex","follow":"follow","max-snippet":"max-snippet:-1","max-image-preview":"max-image-preview:large","max-video-preview":"max-video-preview:-1"},"og_locale":"fr_FR","og_type":"article","og_title":"Bio Balance Cryo-Lift Gel Contour Yeux 125 ml - Districos Webshop","og_description":"Le Cryo-Lift Gel Contour Yeux est un gel ultra rafra\u00eechissant \u00e0 base de menthe qui a un effet tenseur instantan\u00e9. Le gel \u00e9limine les signes de fatigue et raffermit \u00e9galement la peau. Peut \u00eatre appliqu\u00e9 sur le contour des yeux pendant un soin de visage ou \u00e0 la fin du traitement avant de mettre la [&hellip;]","og_url":"https:\/\/districos.standingout.be\/fr\/product\/bio-balance-cryo-lift-gel-contour-yeux-125-ml-ref-7063-33\/","og_site_name":"Districos Webshop","article_modified_time":"2026-04-28T07:37:03+00:00","twitter_card":"summary_large_image","twitter_misc":{"Dur\u00e9e de lecture estim\u00e9e":"1 minute"},"schema":{"@context":"https:\/\/schema.org","@graph":[{"@type":"WebPage","@id":"https:\/\/districos.standingout.be\/fr\/product\/bio-balance-cryo-lift-gel-contour-yeux-125-ml-ref-7063-33\/","url":"https:\/\/districos.standingout.be\/fr\/product\/bio-balance-cryo-lift-gel-contour-yeux-125-ml-ref-7063-33\/","name":"Bio Balance Cryo-Lift Gel Contour Yeux 125 ml - Districos Webshop","isPartOf":{"@id":"https:\/\/districos.standingout.be\/fr\/#website"},"primaryImageOfPage":{"@id":"https:\/\/districos.standingout.be\/fr\/product\/bio-balance-cryo-lift-gel-contour-yeux-125-ml-ref-7063-33\/#primaryimage"},"image":{"@id":"https:\/\/districos.standingout.be\/fr\/product\/bio-balance-cryo-lift-gel-contour-yeux-125-ml-ref-7063-33\/#primaryimage"},"thumbnailUrl":"https:\/\/districos.standingout.be\/wp-content\/uploads\/2025\/07\/7063.33@LowRes_3_0.png","datePublished":"2026-04-28T07:36:58+00:00","dateModified":"2026-04-28T07:37:03+00:00","breadcrumb":{"@id":"https:\/\/districos.standingout.be\/fr\/product\/bio-balance-cryo-lift-gel-contour-yeux-125-ml-ref-7063-33\/#breadcrumb"},"inLanguage":"fr-FR","potentialAction":[{"@type":"ReadAction","target":["https:\/\/districos.standingout.be\/fr\/product\/bio-balance-cryo-lift-gel-contour-yeux-125-ml-ref-7063-33\/"]}]},{"@type":"ImageObject","inLanguage":"fr-FR","@id":"https:\/\/districos.standingout.be\/fr\/product\/bio-balance-cryo-lift-gel-contour-yeux-125-ml-ref-7063-33\/#primaryimage","url":"https:\/\/districos.standingout.be\/wp-content\/uploads\/2025\/07\/7063.33@LowRes_3_0.png","contentUrl":"https:\/\/districos.standingout.be\/wp-content\/uploads\/2025\/07\/7063.33@LowRes_3_0.png","width":600,"height":600},{"@type":"BreadcrumbList","@id":"https:\/\/districos.standingout.be\/fr\/product\/bio-balance-cryo-lift-gel-contour-yeux-125-ml-ref-7063-33\/#breadcrumb","itemListElement":[{"@type":"ListItem","position":1,"name":"Home","item":"https:\/\/districos.standingout.be\/fr\/bienvenue-chez-districos\/"},{"@type":"ListItem","position":2,"name":"Boutique","item":"https:\/\/districos.standingout.be\/fr\/boutique\/"},{"@type":"ListItem","position":3,"name":"Bio Balance Cryo-Lift Gel Contour Yeux 125 ml"}]},{"@type":"WebSite","@id":"https:\/\/districos.standingout.be\/fr\/#website","url":"https:\/\/districos.standingout.be\/fr\/","name":"Districos Webshop","description":"","publisher":{"@id":"https:\/\/districos.standingout.be\/fr\/#organization"},"potentialAction":[{"@type":"SearchAction","target":{"@type":"EntryPoint","urlTemplate":"https:\/\/districos.standingout.be\/fr\/?s={search_term_string}"},"query-input":{"@type":"PropertyValueSpecification","valueRequired":true,"valueName":"search_term_string"}}],"inLanguage":"fr-FR"},{"@type":"Organization","@id":"https:\/\/districos.standingout.be\/fr\/#organization","name":"Districos Webshop","url":"https:\/\/districos.standingout.be\/fr\/","logo":{"@type":"ImageObject","inLanguage":"fr-FR","@id":"https:\/\/districos.standingout.be\/fr\/#\/schema\/logo\/image\/","url":"https:\/\/districos.standingout.be\/wp-content\/uploads\/2022\/09\/Districos_Logo_Webshop.svg","contentUrl":"https:\/\/districos.standingout.be\/wp-content\/uploads\/2022\/09\/Districos_Logo_Webshop.svg","caption":"Districos Webshop"},"image":{"@id":"https:\/\/districos.standingout.be\/fr\/#\/schema\/logo\/image\/"}}]}},"_links":{"self":[{"href":"https:\/\/districos.standingout.be\/fr\/wp-json\/wp\/v2\/product\/136955","targetHints":{"allow":["GET"]}}],"collection":[{"href":"https:\/\/districos.standingout.be\/fr\/wp-json\/wp\/v2\/product"}],"about":[{"href":"https:\/\/districos.standingout.be\/fr\/wp-json\/wp\/v2\/types\/product"}],"replies":[{"embeddable":true,"href":"https:\/\/districos.standingout.be\/fr\/wp-json\/wp\/v2\/comments?post=136955"}],"wp:featuredmedia":[{"embeddable":true,"href":"https:\/\/districos.standingout.be\/fr\/wp-json\/wp\/v2\/media\/77459"}],"wp:attachment":[{"href":"https:\/\/districos.standingout.be\/fr\/wp-json\/wp\/v2\/media?parent=136955"}],"wp:term":[{"taxonomy":"product_brand","embeddable":true,"href":"https:\/\/districos.standingout.be\/fr\/wp-json\/wp\/v2\/product_brand?post=136955"},{"taxonomy":"product_cat","embeddable":true,"href":"https:\/\/districos.standingout.be\/fr\/wp-json\/wp\/v2\/product_cat?post=136955"},{"taxonomy":"product_tag","embeddable":true,"href":"https:\/\/districos.standingout.be\/fr\/wp-json\/wp\/v2\/product_tag?post=136955"}],"curies":[{"name":"wp","href":"https:\/\/api.w.org\/{rel}","templated":true}]}}