{"id":136957,"date":"2026-04-28T09:37:03","date_gmt":"2026-04-28T07:37:03","guid":{"rendered":"https:\/\/webshopdistricoscom.webhosting.be\/product\/bio-balance-lip-balm-10-ml-ref-7063-341-2\/"},"modified":"2026-04-28T09:37:11","modified_gmt":"2026-04-28T07:37:11","slug":"bio-balance-lip-balm-10-ml-ref-7063-341","status":"publish","type":"product","link":"https:\/\/districos.standingout.be\/fr\/product\/bio-balance-lip-balm-10-ml-ref-7063-341\/","title":{"rendered":"Bio Balance Lip Balm 10 ml"},"content":{"rendered":"<p >\n<p dir=\"ltr\"><font size=\"2\"><b>Un baiser d&rsquo;adieu aux l\u00e8vres gerc\u00e9es !<\/b><\/font><\/p>\n<p dir=\"ltr\"><font size=\"2\">Ce baume \u00e0 l\u00e8vres r\u00e9parateur et nourrissant de Bio Balance met fin aux l\u00e8vres s\u00e8ches et gerc\u00e9es. La texture douce fond sur les l\u00e8vres et laisse un \u00e9clat sain et brillant. Les l\u00e8vres sont durablement hydrat\u00e9es et lisses et ne collent pas.<\/font><\/p>\n<p dir=\"ltr\">\n<ul>\n<li><font size=\"2\">Emballage : 10 ml.<\/font><\/li>\n<\/ul>\n<div><font size=\"2\"><b>Substances actives<\/b><\/font><\/div>\n<div>\n<ul>\n<li><font size=\"2\">Le beurre de karit\u00e9 et l&rsquo;huile de ricin offrent une hydratation ultime.<\/font><\/li>\n<li><font size=\"2\">La cire d&rsquo;abeilles favorise la gu\u00e9rison des l\u00e8vres.<\/font><\/li>\n<li><font size=\"2\">L&rsquo;huile de graines de tournesol et le panth\u00e9nol stimulent la r\u00e9g\u00e9n\u00e9ration cutan\u00e9e.<\/font><\/li>\n<\/ul>\n<div><font size=\"2\"><b>Aussi disponible<\/b><\/font><\/div>\n<\/div>\n<p dir=\"ltr\">\n<div><font size=\"2\">Pr\u00e9sentoir de vente contenant 20 x 10 ml (<u><a href=\"https:\/\/districos.com\/ProductDetail\/7063.342\" target=\"_blank\" rel=\"noopener noreferrer nofollow\">r\u00e9f. 7063.342<\/a><\/u>)<\/font><\/div><\/p>\n","protected":false},"excerpt":{"rendered":"<p>Un baiser d&rsquo;adieu aux l\u00e8vres gerc\u00e9es ! Ce baume \u00e0 l\u00e8vres r\u00e9parateur et nourrissant de Bio Balance met fin aux l\u00e8vres s\u00e8ches et gerc\u00e9es. La texture douce fond sur les l\u00e8vres et laisse un \u00e9clat sain et brillant. Les l\u00e8vres sont durablement hydrat\u00e9es et lisses et ne collent pas. Emballage : 10 ml. Substances actives [&hellip;]<\/p>\n","protected":false},"featured_media":77462,"comment_status":"open","ping_status":"closed","template":"","meta":{"_acf_changed":false},"product_brand":[10308],"product_cat":[9856],"product_tag":[],"class_list":{"0":"post-136957","1":"product","2":"type-product","3":"status-publish","4":"has-post-thumbnail","6":"product_brand-bb_gelaat-fr","7":"product_cat-beaute-visage-bio-balance-visage","9":"first","10":"instock","11":"taxable","12":"shipping-taxable","13":"product-type-simple"},"acf":[],"yoast_head":"<!-- This site is optimized with the Yoast SEO plugin v27.3 - https:\/\/yoast.com\/product\/yoast-seo-wordpress\/ -->\n<title>Bio Balance Lip Balm 10 ml - Districos Webshop<\/title>\n<meta name=\"robots\" content=\"noindex, follow, max-snippet:-1, max-image-preview:large, max-video-preview:-1\" \/>\n<meta property=\"og:locale\" content=\"fr_FR\" \/>\n<meta property=\"og:type\" content=\"article\" \/>\n<meta property=\"og:title\" content=\"Bio Balance Lip Balm 10 ml - Districos Webshop\" \/>\n<meta property=\"og:description\" content=\"Un baiser d&rsquo;adieu aux l\u00e8vres gerc\u00e9es ! Ce baume \u00e0 l\u00e8vres r\u00e9parateur et nourrissant de Bio Balance met fin aux l\u00e8vres s\u00e8ches et gerc\u00e9es. La texture douce fond sur les l\u00e8vres et laisse un \u00e9clat sain et brillant. Les l\u00e8vres sont durablement hydrat\u00e9es et lisses et ne collent pas. Emballage : 10 ml. Substances actives [&hellip;]\" \/>\n<meta property=\"og:url\" content=\"https:\/\/districos.standingout.be\/fr\/product\/bio-balance-lip-balm-10-ml-ref-7063-341\/\" \/>\n<meta property=\"og:site_name\" content=\"Districos Webshop\" \/>\n<meta property=\"article:modified_time\" content=\"2026-04-28T07:37:11+00:00\" \/>\n<meta name=\"twitter:card\" content=\"summary_large_image\" \/>\n<meta name=\"twitter:label1\" content=\"Dur\u00e9e de lecture estim\u00e9e\" \/>\n\t<meta name=\"twitter:data1\" content=\"1 minute\" \/>\n<script type=\"application\/ld+json\" class=\"yoast-schema-graph\">{\"@context\":\"https:\\\/\\\/schema.org\",\"@graph\":[{\"@type\":\"WebPage\",\"@id\":\"https:\\\/\\\/districos.standingout.be\\\/fr\\\/product\\\/bio-balance-lip-balm-10-ml-ref-7063-341\\\/\",\"url\":\"https:\\\/\\\/districos.standingout.be\\\/fr\\\/product\\\/bio-balance-lip-balm-10-ml-ref-7063-341\\\/\",\"name\":\"Bio Balance Lip Balm 10 ml - Districos Webshop\",\"isPartOf\":{\"@id\":\"https:\\\/\\\/districos.standingout.be\\\/fr\\\/#website\"},\"primaryImageOfPage\":{\"@id\":\"https:\\\/\\\/districos.standingout.be\\\/fr\\\/product\\\/bio-balance-lip-balm-10-ml-ref-7063-341\\\/#primaryimage\"},\"image\":{\"@id\":\"https:\\\/\\\/districos.standingout.be\\\/fr\\\/product\\\/bio-balance-lip-balm-10-ml-ref-7063-341\\\/#primaryimage\"},\"thumbnailUrl\":\"https:\\\/\\\/districos.standingout.be\\\/wp-content\\\/uploads\\\/2025\\\/07\\\/7063.341@LowRes_1_0.png\",\"datePublished\":\"2026-04-28T07:37:03+00:00\",\"dateModified\":\"2026-04-28T07:37:11+00:00\",\"breadcrumb\":{\"@id\":\"https:\\\/\\\/districos.standingout.be\\\/fr\\\/product\\\/bio-balance-lip-balm-10-ml-ref-7063-341\\\/#breadcrumb\"},\"inLanguage\":\"fr-FR\",\"potentialAction\":[{\"@type\":\"ReadAction\",\"target\":[\"https:\\\/\\\/districos.standingout.be\\\/fr\\\/product\\\/bio-balance-lip-balm-10-ml-ref-7063-341\\\/\"]}]},{\"@type\":\"ImageObject\",\"inLanguage\":\"fr-FR\",\"@id\":\"https:\\\/\\\/districos.standingout.be\\\/fr\\\/product\\\/bio-balance-lip-balm-10-ml-ref-7063-341\\\/#primaryimage\",\"url\":\"https:\\\/\\\/districos.standingout.be\\\/wp-content\\\/uploads\\\/2025\\\/07\\\/7063.341@LowRes_1_0.png\",\"contentUrl\":\"https:\\\/\\\/districos.standingout.be\\\/wp-content\\\/uploads\\\/2025\\\/07\\\/7063.341@LowRes_1_0.png\",\"width\":600,\"height\":600},{\"@type\":\"BreadcrumbList\",\"@id\":\"https:\\\/\\\/districos.standingout.be\\\/fr\\\/product\\\/bio-balance-lip-balm-10-ml-ref-7063-341\\\/#breadcrumb\",\"itemListElement\":[{\"@type\":\"ListItem\",\"position\":1,\"name\":\"Home\",\"item\":\"https:\\\/\\\/districos.standingout.be\\\/fr\\\/bienvenue-chez-districos\\\/\"},{\"@type\":\"ListItem\",\"position\":2,\"name\":\"Boutique\",\"item\":\"https:\\\/\\\/districos.standingout.be\\\/fr\\\/boutique\\\/\"},{\"@type\":\"ListItem\",\"position\":3,\"name\":\"Bio Balance Lip Balm 10 ml\"}]},{\"@type\":\"WebSite\",\"@id\":\"https:\\\/\\\/districos.standingout.be\\\/fr\\\/#website\",\"url\":\"https:\\\/\\\/districos.standingout.be\\\/fr\\\/\",\"name\":\"Districos Webshop\",\"description\":\"\",\"publisher\":{\"@id\":\"https:\\\/\\\/districos.standingout.be\\\/fr\\\/#organization\"},\"potentialAction\":[{\"@type\":\"SearchAction\",\"target\":{\"@type\":\"EntryPoint\",\"urlTemplate\":\"https:\\\/\\\/districos.standingout.be\\\/fr\\\/?s={search_term_string}\"},\"query-input\":{\"@type\":\"PropertyValueSpecification\",\"valueRequired\":true,\"valueName\":\"search_term_string\"}}],\"inLanguage\":\"fr-FR\"},{\"@type\":\"Organization\",\"@id\":\"https:\\\/\\\/districos.standingout.be\\\/fr\\\/#organization\",\"name\":\"Districos Webshop\",\"url\":\"https:\\\/\\\/districos.standingout.be\\\/fr\\\/\",\"logo\":{\"@type\":\"ImageObject\",\"inLanguage\":\"fr-FR\",\"@id\":\"https:\\\/\\\/districos.standingout.be\\\/fr\\\/#\\\/schema\\\/logo\\\/image\\\/\",\"url\":\"https:\\\/\\\/districos.standingout.be\\\/wp-content\\\/uploads\\\/2022\\\/09\\\/Districos_Logo_Webshop.svg\",\"contentUrl\":\"https:\\\/\\\/districos.standingout.be\\\/wp-content\\\/uploads\\\/2022\\\/09\\\/Districos_Logo_Webshop.svg\",\"caption\":\"Districos Webshop\"},\"image\":{\"@id\":\"https:\\\/\\\/districos.standingout.be\\\/fr\\\/#\\\/schema\\\/logo\\\/image\\\/\"}}]}<\/script>\n<!-- \/ Yoast SEO plugin. -->","yoast_head_json":{"title":"Bio Balance Lip Balm 10 ml - Districos Webshop","robots":{"index":"noindex","follow":"follow","max-snippet":"max-snippet:-1","max-image-preview":"max-image-preview:large","max-video-preview":"max-video-preview:-1"},"og_locale":"fr_FR","og_type":"article","og_title":"Bio Balance Lip Balm 10 ml - Districos Webshop","og_description":"Un baiser d&rsquo;adieu aux l\u00e8vres gerc\u00e9es ! Ce baume \u00e0 l\u00e8vres r\u00e9parateur et nourrissant de Bio Balance met fin aux l\u00e8vres s\u00e8ches et gerc\u00e9es. La texture douce fond sur les l\u00e8vres et laisse un \u00e9clat sain et brillant. Les l\u00e8vres sont durablement hydrat\u00e9es et lisses et ne collent pas. Emballage : 10 ml. Substances actives [&hellip;]","og_url":"https:\/\/districos.standingout.be\/fr\/product\/bio-balance-lip-balm-10-ml-ref-7063-341\/","og_site_name":"Districos Webshop","article_modified_time":"2026-04-28T07:37:11+00:00","twitter_card":"summary_large_image","twitter_misc":{"Dur\u00e9e de lecture estim\u00e9e":"1 minute"},"schema":{"@context":"https:\/\/schema.org","@graph":[{"@type":"WebPage","@id":"https:\/\/districos.standingout.be\/fr\/product\/bio-balance-lip-balm-10-ml-ref-7063-341\/","url":"https:\/\/districos.standingout.be\/fr\/product\/bio-balance-lip-balm-10-ml-ref-7063-341\/","name":"Bio Balance Lip Balm 10 ml - Districos Webshop","isPartOf":{"@id":"https:\/\/districos.standingout.be\/fr\/#website"},"primaryImageOfPage":{"@id":"https:\/\/districos.standingout.be\/fr\/product\/bio-balance-lip-balm-10-ml-ref-7063-341\/#primaryimage"},"image":{"@id":"https:\/\/districos.standingout.be\/fr\/product\/bio-balance-lip-balm-10-ml-ref-7063-341\/#primaryimage"},"thumbnailUrl":"https:\/\/districos.standingout.be\/wp-content\/uploads\/2025\/07\/7063.341@LowRes_1_0.png","datePublished":"2026-04-28T07:37:03+00:00","dateModified":"2026-04-28T07:37:11+00:00","breadcrumb":{"@id":"https:\/\/districos.standingout.be\/fr\/product\/bio-balance-lip-balm-10-ml-ref-7063-341\/#breadcrumb"},"inLanguage":"fr-FR","potentialAction":[{"@type":"ReadAction","target":["https:\/\/districos.standingout.be\/fr\/product\/bio-balance-lip-balm-10-ml-ref-7063-341\/"]}]},{"@type":"ImageObject","inLanguage":"fr-FR","@id":"https:\/\/districos.standingout.be\/fr\/product\/bio-balance-lip-balm-10-ml-ref-7063-341\/#primaryimage","url":"https:\/\/districos.standingout.be\/wp-content\/uploads\/2025\/07\/7063.341@LowRes_1_0.png","contentUrl":"https:\/\/districos.standingout.be\/wp-content\/uploads\/2025\/07\/7063.341@LowRes_1_0.png","width":600,"height":600},{"@type":"BreadcrumbList","@id":"https:\/\/districos.standingout.be\/fr\/product\/bio-balance-lip-balm-10-ml-ref-7063-341\/#breadcrumb","itemListElement":[{"@type":"ListItem","position":1,"name":"Home","item":"https:\/\/districos.standingout.be\/fr\/bienvenue-chez-districos\/"},{"@type":"ListItem","position":2,"name":"Boutique","item":"https:\/\/districos.standingout.be\/fr\/boutique\/"},{"@type":"ListItem","position":3,"name":"Bio Balance Lip Balm 10 ml"}]},{"@type":"WebSite","@id":"https:\/\/districos.standingout.be\/fr\/#website","url":"https:\/\/districos.standingout.be\/fr\/","name":"Districos Webshop","description":"","publisher":{"@id":"https:\/\/districos.standingout.be\/fr\/#organization"},"potentialAction":[{"@type":"SearchAction","target":{"@type":"EntryPoint","urlTemplate":"https:\/\/districos.standingout.be\/fr\/?s={search_term_string}"},"query-input":{"@type":"PropertyValueSpecification","valueRequired":true,"valueName":"search_term_string"}}],"inLanguage":"fr-FR"},{"@type":"Organization","@id":"https:\/\/districos.standingout.be\/fr\/#organization","name":"Districos Webshop","url":"https:\/\/districos.standingout.be\/fr\/","logo":{"@type":"ImageObject","inLanguage":"fr-FR","@id":"https:\/\/districos.standingout.be\/fr\/#\/schema\/logo\/image\/","url":"https:\/\/districos.standingout.be\/wp-content\/uploads\/2022\/09\/Districos_Logo_Webshop.svg","contentUrl":"https:\/\/districos.standingout.be\/wp-content\/uploads\/2022\/09\/Districos_Logo_Webshop.svg","caption":"Districos Webshop"},"image":{"@id":"https:\/\/districos.standingout.be\/fr\/#\/schema\/logo\/image\/"}}]}},"_links":{"self":[{"href":"https:\/\/districos.standingout.be\/fr\/wp-json\/wp\/v2\/product\/136957","targetHints":{"allow":["GET"]}}],"collection":[{"href":"https:\/\/districos.standingout.be\/fr\/wp-json\/wp\/v2\/product"}],"about":[{"href":"https:\/\/districos.standingout.be\/fr\/wp-json\/wp\/v2\/types\/product"}],"replies":[{"embeddable":true,"href":"https:\/\/districos.standingout.be\/fr\/wp-json\/wp\/v2\/comments?post=136957"}],"wp:featuredmedia":[{"embeddable":true,"href":"https:\/\/districos.standingout.be\/fr\/wp-json\/wp\/v2\/media\/77462"}],"wp:attachment":[{"href":"https:\/\/districos.standingout.be\/fr\/wp-json\/wp\/v2\/media?parent=136957"}],"wp:term":[{"taxonomy":"product_brand","embeddable":true,"href":"https:\/\/districos.standingout.be\/fr\/wp-json\/wp\/v2\/product_brand?post=136957"},{"taxonomy":"product_cat","embeddable":true,"href":"https:\/\/districos.standingout.be\/fr\/wp-json\/wp\/v2\/product_cat?post=136957"},{"taxonomy":"product_tag","embeddable":true,"href":"https:\/\/districos.standingout.be\/fr\/wp-json\/wp\/v2\/product_tag?post=136957"}],"curies":[{"name":"wp","href":"https:\/\/api.w.org\/{rel}","templated":true}]}}