{"id":136967,"date":"2026-04-28T09:37:36","date_gmt":"2026-04-28T07:37:36","guid":{"rendered":"https:\/\/webshopdistricoscom.webhosting.be\/product\/bio-balance-masque-tea-tree-250-ml-ref-7063-43\/"},"modified":"2026-04-28T09:37:42","modified_gmt":"2026-04-28T07:37:42","slug":"bio-balance-masque-tea-tree-250-ml-ref-7063-43","status":"publish","type":"product","link":"https:\/\/districos.standingout.be\/fr\/product\/bio-balance-masque-tea-tree-250-ml-ref-7063-43\/","title":{"rendered":"Bio Balance Masque Tea-Tree 250 ml"},"content":{"rendered":"<p >\n<\/p>\n<\/p>\n<div><font face=\"Verdana\">Masque cr\u00e8me adoucissant \u00e0 l&rsquo;huile de tea-tree qui apaise les peaux acn\u00e9iques et r\u00e9duit les rougeurs et les inflammations gr\u00e2ce \u00e0 ses propri\u00e9t\u00e9s anti-inflammatoires.<\/font><\/div>\n<ul>\n<li><font face=\"Verdana\">Pour les peaux grasses \u00e0 tendance acn\u00e9ique.<\/font><\/li>\n<li><font face=\"Verdana\">\u00c0 base d&rsquo;huiles v\u00e9g\u00e9tales non grasses.<\/font><\/li>\n<li><font face=\"Verdana\">Emballage : 250 ml.<\/font><\/li>\n<li><font size=\"2\">Vegan.<\/font><\/li>\n<\/ul>\n<div><b>Substances actives<\/b><\/div>\n<div>\n<ul>\n<li>L&rsquo;huile de tea-tree lutte efficacement contre la bact\u00e9rie responsable de l&rsquo;acn\u00e9 et a une action anti-inflammatoire.<\/li>\n<li>Les huiles de jojoba et de p\u00e9pins de raisin r\u00e9parent et adoucissent la peau.<\/li>\n<\/ul>\n<div><b>Conseils d&rsquo;utilisation<\/b><\/div>\n<\/div>\n<p dir=\"ltr\"><font face=\"Verdana\"><\/font><\/p>\n<div>\n<ul>\n<li>Temps de pose masques : 15 minutes. Enlevez le masque avec une spatule et les restants avec une compresse humide agr\u00e9ablement chaude.<\/li>\n<li>Les masques cr\u00e8mes de base de Bio Balance peuvent aussi p\u00e9n\u00e9trer plus profond\u00e9ment par la cr\u00e9ation d&rsquo;un effet de chaleur pendant la pose. Pour cr\u00e9er cet effet, placez sur votre masque un gaze et prot\u00e9gez les yeux de votre client(e) avec des cotons imbib\u00e9s d&rsquo;<u><a href=\"https:\/\/districos.com\/search?SearchText=eau%20de%20roses\" target=\"_blank\" rel=\"noopener noreferrer nofollow\">eau de roses<\/a><\/u>.&nbsp;Apposez ensuite le<span>&nbsp;<\/span><u><a href=\"https:\/\/districos.com\/ProductDetail\/7062.13\" target=\"_blank\" rel=\"noopener noreferrer nofollow\">Masque Thermique<\/a><\/u><span>&nbsp;<\/span>ou le&nbsp;<u><a href=\"https:\/\/districos.com\/ProductDetail\/2011\" target=\"_blank\" rel=\"noopener noreferrer nofollow\">Masque Paraffine<\/a><\/u>.<\/li>\n<li>Vous pouvez \u00e9galement am\u00e9liorer l&rsquo;efficacit\u00e9 du masque \u00e0 l&rsquo;aide d&rsquo;un<u><a href=\"https:\/\/districos.com\/search?SearchText=vapozone\" target=\"_blank\" rel=\"noopener noreferrer nofollow\">&nbsp;vapozone<\/a><\/u>. Tonifiez toujours la peau avec la lotion appropri\u00e9e apr\u00e8s l&rsquo;enl\u00e8vement du masque.<\/li>\n<\/ul>\n<\/div>\n","protected":false},"excerpt":{"rendered":"<p>Masque cr\u00e8me adoucissant \u00e0 l&rsquo;huile de tea-tree qui apaise les peaux acn\u00e9iques et r\u00e9duit les rougeurs et les inflammations gr\u00e2ce \u00e0 ses propri\u00e9t\u00e9s anti-inflammatoires. Pour les peaux grasses \u00e0 tendance acn\u00e9ique. \u00c0 base d&rsquo;huiles v\u00e9g\u00e9tales non grasses. Emballage : 250 ml. Vegan. Substances actives L&rsquo;huile de tea-tree lutte efficacement contre la bact\u00e9rie responsable de l&rsquo;acn\u00e9 [&hellip;]<\/p>\n","protected":false},"featured_media":77495,"comment_status":"open","ping_status":"closed","template":"","meta":{"_acf_changed":false},"product_brand":[10308],"product_cat":[9856],"product_tag":[],"class_list":{"0":"post-136967","1":"product","2":"type-product","3":"status-publish","4":"has-post-thumbnail","6":"product_brand-bb_gelaat-fr","7":"product_cat-beaute-visage-bio-balance-visage","9":"first","10":"instock","11":"taxable","12":"shipping-taxable","13":"product-type-simple"},"acf":[],"yoast_head":"<!-- This site is optimized with the Yoast SEO plugin v27.3 - https:\/\/yoast.com\/product\/yoast-seo-wordpress\/ -->\n<title>Bio Balance Masque Tea-Tree 250 ml - Districos Webshop<\/title>\n<meta name=\"robots\" content=\"noindex, follow, max-snippet:-1, max-image-preview:large, max-video-preview:-1\" \/>\n<meta property=\"og:locale\" content=\"fr_FR\" \/>\n<meta property=\"og:type\" content=\"article\" \/>\n<meta property=\"og:title\" content=\"Bio Balance Masque Tea-Tree 250 ml - Districos Webshop\" \/>\n<meta property=\"og:description\" content=\"Masque cr\u00e8me adoucissant \u00e0 l&rsquo;huile de tea-tree qui apaise les peaux acn\u00e9iques et r\u00e9duit les rougeurs et les inflammations gr\u00e2ce \u00e0 ses propri\u00e9t\u00e9s anti-inflammatoires. Pour les peaux grasses \u00e0 tendance acn\u00e9ique. \u00c0 base d&rsquo;huiles v\u00e9g\u00e9tales non grasses. Emballage : 250 ml. Vegan. Substances actives L&rsquo;huile de tea-tree lutte efficacement contre la bact\u00e9rie responsable de l&rsquo;acn\u00e9 [&hellip;]\" \/>\n<meta property=\"og:url\" content=\"https:\/\/districos.standingout.be\/fr\/product\/bio-balance-masque-tea-tree-250-ml-ref-7063-43\/\" \/>\n<meta property=\"og:site_name\" content=\"Districos Webshop\" \/>\n<meta property=\"article:modified_time\" content=\"2026-04-28T07:37:42+00:00\" \/>\n<meta name=\"twitter:card\" content=\"summary_large_image\" \/>\n<meta name=\"twitter:label1\" content=\"Dur\u00e9e de lecture estim\u00e9e\" \/>\n\t<meta name=\"twitter:data1\" content=\"1 minute\" \/>\n<script type=\"application\/ld+json\" class=\"yoast-schema-graph\">{\"@context\":\"https:\\\/\\\/schema.org\",\"@graph\":[{\"@type\":\"WebPage\",\"@id\":\"https:\\\/\\\/districos.standingout.be\\\/fr\\\/product\\\/bio-balance-masque-tea-tree-250-ml-ref-7063-43\\\/\",\"url\":\"https:\\\/\\\/districos.standingout.be\\\/fr\\\/product\\\/bio-balance-masque-tea-tree-250-ml-ref-7063-43\\\/\",\"name\":\"Bio Balance Masque Tea-Tree 250 ml - Districos Webshop\",\"isPartOf\":{\"@id\":\"https:\\\/\\\/districos.standingout.be\\\/fr\\\/#website\"},\"primaryImageOfPage\":{\"@id\":\"https:\\\/\\\/districos.standingout.be\\\/fr\\\/product\\\/bio-balance-masque-tea-tree-250-ml-ref-7063-43\\\/#primaryimage\"},\"image\":{\"@id\":\"https:\\\/\\\/districos.standingout.be\\\/fr\\\/product\\\/bio-balance-masque-tea-tree-250-ml-ref-7063-43\\\/#primaryimage\"},\"thumbnailUrl\":\"https:\\\/\\\/districos.standingout.be\\\/wp-content\\\/uploads\\\/2025\\\/07\\\/7063.43@LowRes_1_0.png\",\"datePublished\":\"2026-04-28T07:37:36+00:00\",\"dateModified\":\"2026-04-28T07:37:42+00:00\",\"breadcrumb\":{\"@id\":\"https:\\\/\\\/districos.standingout.be\\\/fr\\\/product\\\/bio-balance-masque-tea-tree-250-ml-ref-7063-43\\\/#breadcrumb\"},\"inLanguage\":\"fr-FR\",\"potentialAction\":[{\"@type\":\"ReadAction\",\"target\":[\"https:\\\/\\\/districos.standingout.be\\\/fr\\\/product\\\/bio-balance-masque-tea-tree-250-ml-ref-7063-43\\\/\"]}]},{\"@type\":\"ImageObject\",\"inLanguage\":\"fr-FR\",\"@id\":\"https:\\\/\\\/districos.standingout.be\\\/fr\\\/product\\\/bio-balance-masque-tea-tree-250-ml-ref-7063-43\\\/#primaryimage\",\"url\":\"https:\\\/\\\/districos.standingout.be\\\/wp-content\\\/uploads\\\/2025\\\/07\\\/7063.43@LowRes_1_0.png\",\"contentUrl\":\"https:\\\/\\\/districos.standingout.be\\\/wp-content\\\/uploads\\\/2025\\\/07\\\/7063.43@LowRes_1_0.png\",\"width\":600,\"height\":600},{\"@type\":\"BreadcrumbList\",\"@id\":\"https:\\\/\\\/districos.standingout.be\\\/fr\\\/product\\\/bio-balance-masque-tea-tree-250-ml-ref-7063-43\\\/#breadcrumb\",\"itemListElement\":[{\"@type\":\"ListItem\",\"position\":1,\"name\":\"Home\",\"item\":\"https:\\\/\\\/districos.standingout.be\\\/fr\\\/bienvenue-chez-districos\\\/\"},{\"@type\":\"ListItem\",\"position\":2,\"name\":\"Boutique\",\"item\":\"https:\\\/\\\/districos.standingout.be\\\/fr\\\/boutique\\\/\"},{\"@type\":\"ListItem\",\"position\":3,\"name\":\"Bio Balance Masque Tea-Tree 250 ml\"}]},{\"@type\":\"WebSite\",\"@id\":\"https:\\\/\\\/districos.standingout.be\\\/fr\\\/#website\",\"url\":\"https:\\\/\\\/districos.standingout.be\\\/fr\\\/\",\"name\":\"Districos Webshop\",\"description\":\"\",\"publisher\":{\"@id\":\"https:\\\/\\\/districos.standingout.be\\\/fr\\\/#organization\"},\"potentialAction\":[{\"@type\":\"SearchAction\",\"target\":{\"@type\":\"EntryPoint\",\"urlTemplate\":\"https:\\\/\\\/districos.standingout.be\\\/fr\\\/?s={search_term_string}\"},\"query-input\":{\"@type\":\"PropertyValueSpecification\",\"valueRequired\":true,\"valueName\":\"search_term_string\"}}],\"inLanguage\":\"fr-FR\"},{\"@type\":\"Organization\",\"@id\":\"https:\\\/\\\/districos.standingout.be\\\/fr\\\/#organization\",\"name\":\"Districos Webshop\",\"url\":\"https:\\\/\\\/districos.standingout.be\\\/fr\\\/\",\"logo\":{\"@type\":\"ImageObject\",\"inLanguage\":\"fr-FR\",\"@id\":\"https:\\\/\\\/districos.standingout.be\\\/fr\\\/#\\\/schema\\\/logo\\\/image\\\/\",\"url\":\"https:\\\/\\\/districos.standingout.be\\\/wp-content\\\/uploads\\\/2022\\\/09\\\/Districos_Logo_Webshop.svg\",\"contentUrl\":\"https:\\\/\\\/districos.standingout.be\\\/wp-content\\\/uploads\\\/2022\\\/09\\\/Districos_Logo_Webshop.svg\",\"caption\":\"Districos Webshop\"},\"image\":{\"@id\":\"https:\\\/\\\/districos.standingout.be\\\/fr\\\/#\\\/schema\\\/logo\\\/image\\\/\"}}]}<\/script>\n<!-- \/ Yoast SEO plugin. -->","yoast_head_json":{"title":"Bio Balance Masque Tea-Tree 250 ml - Districos Webshop","robots":{"index":"noindex","follow":"follow","max-snippet":"max-snippet:-1","max-image-preview":"max-image-preview:large","max-video-preview":"max-video-preview:-1"},"og_locale":"fr_FR","og_type":"article","og_title":"Bio Balance Masque Tea-Tree 250 ml - Districos Webshop","og_description":"Masque cr\u00e8me adoucissant \u00e0 l&rsquo;huile de tea-tree qui apaise les peaux acn\u00e9iques et r\u00e9duit les rougeurs et les inflammations gr\u00e2ce \u00e0 ses propri\u00e9t\u00e9s anti-inflammatoires. Pour les peaux grasses \u00e0 tendance acn\u00e9ique. \u00c0 base d&rsquo;huiles v\u00e9g\u00e9tales non grasses. Emballage : 250 ml. Vegan. Substances actives L&rsquo;huile de tea-tree lutte efficacement contre la bact\u00e9rie responsable de l&rsquo;acn\u00e9 [&hellip;]","og_url":"https:\/\/districos.standingout.be\/fr\/product\/bio-balance-masque-tea-tree-250-ml-ref-7063-43\/","og_site_name":"Districos Webshop","article_modified_time":"2026-04-28T07:37:42+00:00","twitter_card":"summary_large_image","twitter_misc":{"Dur\u00e9e de lecture estim\u00e9e":"1 minute"},"schema":{"@context":"https:\/\/schema.org","@graph":[{"@type":"WebPage","@id":"https:\/\/districos.standingout.be\/fr\/product\/bio-balance-masque-tea-tree-250-ml-ref-7063-43\/","url":"https:\/\/districos.standingout.be\/fr\/product\/bio-balance-masque-tea-tree-250-ml-ref-7063-43\/","name":"Bio Balance Masque Tea-Tree 250 ml - Districos Webshop","isPartOf":{"@id":"https:\/\/districos.standingout.be\/fr\/#website"},"primaryImageOfPage":{"@id":"https:\/\/districos.standingout.be\/fr\/product\/bio-balance-masque-tea-tree-250-ml-ref-7063-43\/#primaryimage"},"image":{"@id":"https:\/\/districos.standingout.be\/fr\/product\/bio-balance-masque-tea-tree-250-ml-ref-7063-43\/#primaryimage"},"thumbnailUrl":"https:\/\/districos.standingout.be\/wp-content\/uploads\/2025\/07\/7063.43@LowRes_1_0.png","datePublished":"2026-04-28T07:37:36+00:00","dateModified":"2026-04-28T07:37:42+00:00","breadcrumb":{"@id":"https:\/\/districos.standingout.be\/fr\/product\/bio-balance-masque-tea-tree-250-ml-ref-7063-43\/#breadcrumb"},"inLanguage":"fr-FR","potentialAction":[{"@type":"ReadAction","target":["https:\/\/districos.standingout.be\/fr\/product\/bio-balance-masque-tea-tree-250-ml-ref-7063-43\/"]}]},{"@type":"ImageObject","inLanguage":"fr-FR","@id":"https:\/\/districos.standingout.be\/fr\/product\/bio-balance-masque-tea-tree-250-ml-ref-7063-43\/#primaryimage","url":"https:\/\/districos.standingout.be\/wp-content\/uploads\/2025\/07\/7063.43@LowRes_1_0.png","contentUrl":"https:\/\/districos.standingout.be\/wp-content\/uploads\/2025\/07\/7063.43@LowRes_1_0.png","width":600,"height":600},{"@type":"BreadcrumbList","@id":"https:\/\/districos.standingout.be\/fr\/product\/bio-balance-masque-tea-tree-250-ml-ref-7063-43\/#breadcrumb","itemListElement":[{"@type":"ListItem","position":1,"name":"Home","item":"https:\/\/districos.standingout.be\/fr\/bienvenue-chez-districos\/"},{"@type":"ListItem","position":2,"name":"Boutique","item":"https:\/\/districos.standingout.be\/fr\/boutique\/"},{"@type":"ListItem","position":3,"name":"Bio Balance Masque Tea-Tree 250 ml"}]},{"@type":"WebSite","@id":"https:\/\/districos.standingout.be\/fr\/#website","url":"https:\/\/districos.standingout.be\/fr\/","name":"Districos Webshop","description":"","publisher":{"@id":"https:\/\/districos.standingout.be\/fr\/#organization"},"potentialAction":[{"@type":"SearchAction","target":{"@type":"EntryPoint","urlTemplate":"https:\/\/districos.standingout.be\/fr\/?s={search_term_string}"},"query-input":{"@type":"PropertyValueSpecification","valueRequired":true,"valueName":"search_term_string"}}],"inLanguage":"fr-FR"},{"@type":"Organization","@id":"https:\/\/districos.standingout.be\/fr\/#organization","name":"Districos Webshop","url":"https:\/\/districos.standingout.be\/fr\/","logo":{"@type":"ImageObject","inLanguage":"fr-FR","@id":"https:\/\/districos.standingout.be\/fr\/#\/schema\/logo\/image\/","url":"https:\/\/districos.standingout.be\/wp-content\/uploads\/2022\/09\/Districos_Logo_Webshop.svg","contentUrl":"https:\/\/districos.standingout.be\/wp-content\/uploads\/2022\/09\/Districos_Logo_Webshop.svg","caption":"Districos Webshop"},"image":{"@id":"https:\/\/districos.standingout.be\/fr\/#\/schema\/logo\/image\/"}}]}},"_links":{"self":[{"href":"https:\/\/districos.standingout.be\/fr\/wp-json\/wp\/v2\/product\/136967","targetHints":{"allow":["GET"]}}],"collection":[{"href":"https:\/\/districos.standingout.be\/fr\/wp-json\/wp\/v2\/product"}],"about":[{"href":"https:\/\/districos.standingout.be\/fr\/wp-json\/wp\/v2\/types\/product"}],"replies":[{"embeddable":true,"href":"https:\/\/districos.standingout.be\/fr\/wp-json\/wp\/v2\/comments?post=136967"}],"wp:featuredmedia":[{"embeddable":true,"href":"https:\/\/districos.standingout.be\/fr\/wp-json\/wp\/v2\/media\/77495"}],"wp:attachment":[{"href":"https:\/\/districos.standingout.be\/fr\/wp-json\/wp\/v2\/media?parent=136967"}],"wp:term":[{"taxonomy":"product_brand","embeddable":true,"href":"https:\/\/districos.standingout.be\/fr\/wp-json\/wp\/v2\/product_brand?post=136967"},{"taxonomy":"product_cat","embeddable":true,"href":"https:\/\/districos.standingout.be\/fr\/wp-json\/wp\/v2\/product_cat?post=136967"},{"taxonomy":"product_tag","embeddable":true,"href":"https:\/\/districos.standingout.be\/fr\/wp-json\/wp\/v2\/product_tag?post=136967"}],"curies":[{"name":"wp","href":"https:\/\/api.w.org\/{rel}","templated":true}]}}