{"id":136977,"date":"2026-04-28T09:38:09","date_gmt":"2026-04-28T07:38:09","guid":{"rendered":"https:\/\/webshopdistricoscom.webhosting.be\/product\/bio-balance-masque-lotus-massage-gel-250-ml-ref-7063-50\/"},"modified":"2026-04-28T09:38:19","modified_gmt":"2026-04-28T07:38:19","slug":"bio-balance-masque-lotus-massage-gel-250-ml-ref-7063-50","status":"publish","type":"product","link":"https:\/\/districos.standingout.be\/fr\/product\/bio-balance-masque-lotus-massage-gel-250-ml-ref-7063-50\/","title":{"rendered":"Bio Balance Masque Lotus Massage Gel 250 ml"},"content":{"rendered":"<p >\n<\/p>\n<p><font face=\"Verdana\">Masque gel revitalisant \u00e0 base de th\u00e9 vert et d&rsquo;extrait de lotus aux propri\u00e9t\u00e9s apaisantes et hydratantes.<\/font><\/p>\n<div>\n<ul>\n<li>Id\u00e9al pour les traitements courts (tous types de peaux) ou pour les peaux rouges et irrit\u00e9es (coups de soleil, microdermabrasion).<\/li>\n<li>\u00c9galement appropri\u00e9 pour les hommes.<\/li>\n<li><font size=\"2\">Vegan.<\/font><\/li>\n<\/ul>\n<div><b>Utilisation polyvalente<\/b><\/div>\n<div>\n<ul>\n<li>Gel de massage rafra\u00eechissant et adoucissant pour les peaux grasses ou rouges et irrit\u00e9es par exemple.<\/li>\n<li>Gel conducteur non collant pour appareils \u00e9lectroniques comme un ioniseur, un appareil \u00e0 ultrasons ou un appareil chaud\/froid.<\/li>\n<li>Masque apaisant apr\u00e8s une microdermabrasion, des bains de soleil ou des coups de soleil.<\/li>\n<li>Mini-soin, populaire chez les jeunes. Pendant ce soin, les poils ind\u00e9sirables sont \u00e9pil\u00e9s. Ensuite, un peeling ou un nettoyage en profondeur est effectu\u00e9 et les com\u00e9dons sont \u00e9limin\u00e9s. Pour terminer, le\/la client(e) profite de ce masque apaisant qui a un temps d&rsquo;action et de massage bref.<\/li>\n<\/ul>\n<div><b>Substances actives<\/b><\/div>\n<\/div>\n<div>\n<ul>\n<li>La glyc\u00e9rine r\u00e9tablit la barri\u00e8re naturelle hydrolipidique pour mieux prot\u00e9ger la peau et pour combattre la d\u00e9shydratation.<\/li>\n<li>L&rsquo;huile de cacahu\u00e8te a un effet apaisant.<\/li>\n<li>Les extraits de fleur de lotus, de th\u00e9 vert et de racine de ginseng sont des antioxydants qui prot\u00e8gent les cellules contre le photovieillissement et qui revitalisent la peau.<\/li>\n<\/ul>\n<\/div>\n<div><b>Mode d&#8217;emploi<\/b><\/div>\n<div>\n<ul>\n<li>Temps de pose : 5-15 minutes.<\/li>\n<li>Ne doit pas \u00eatre rinc\u00e9 \u00e0 l&rsquo;eau. Le masque peut \u00eatre enti\u00e8rement mass\u00e9 dans la peau sans laisser de r\u00e9sidus.<\/li>\n<\/ul>\n<\/div>\n<\/div>\n","protected":false},"excerpt":{"rendered":"<p>Masque gel revitalisant \u00e0 base de th\u00e9 vert et d&rsquo;extrait de lotus aux propri\u00e9t\u00e9s apaisantes et hydratantes. Id\u00e9al pour les traitements courts (tous types de peaux) ou pour les peaux rouges et irrit\u00e9es (coups de soleil, microdermabrasion). \u00c9galement appropri\u00e9 pour les hommes. Vegan. Utilisation polyvalente Gel de massage rafra\u00eechissant et adoucissant pour les peaux grasses [&hellip;]<\/p>\n","protected":false},"featured_media":77537,"comment_status":"open","ping_status":"closed","template":"","meta":{"_acf_changed":false},"product_brand":[10308],"product_cat":[9856,9874],"product_tag":[],"class_list":{"0":"post-136977","1":"product","2":"type-product","3":"status-publish","4":"has-post-thumbnail","6":"product_brand-bb_gelaat-fr","7":"product_cat-beaute-visage-bio-balance-visage","8":"product_cat-beaute-corps-massage","10":"first","11":"instock","12":"taxable","13":"shipping-taxable","14":"product-type-simple"},"acf":[],"yoast_head":"<!-- This site is optimized with the Yoast SEO plugin v27.3 - https:\/\/yoast.com\/product\/yoast-seo-wordpress\/ -->\n<title>Bio Balance Masque Lotus Massage Gel 250 ml - Districos Webshop<\/title>\n<meta name=\"robots\" content=\"noindex, follow, max-snippet:-1, max-image-preview:large, max-video-preview:-1\" \/>\n<meta property=\"og:locale\" content=\"fr_FR\" \/>\n<meta property=\"og:type\" content=\"article\" \/>\n<meta property=\"og:title\" content=\"Bio Balance Masque Lotus Massage Gel 250 ml - Districos Webshop\" \/>\n<meta property=\"og:description\" content=\"Masque gel revitalisant \u00e0 base de th\u00e9 vert et d&rsquo;extrait de lotus aux propri\u00e9t\u00e9s apaisantes et hydratantes. Id\u00e9al pour les traitements courts (tous types de peaux) ou pour les peaux rouges et irrit\u00e9es (coups de soleil, microdermabrasion). \u00c9galement appropri\u00e9 pour les hommes. Vegan. Utilisation polyvalente Gel de massage rafra\u00eechissant et adoucissant pour les peaux grasses [&hellip;]\" \/>\n<meta property=\"og:url\" content=\"https:\/\/districos.standingout.be\/fr\/product\/bio-balance-masque-lotus-massage-gel-250-ml-ref-7063-50\/\" \/>\n<meta property=\"og:site_name\" content=\"Districos Webshop\" \/>\n<meta property=\"article:modified_time\" content=\"2026-04-28T07:38:19+00:00\" \/>\n<meta name=\"twitter:card\" content=\"summary_large_image\" \/>\n<meta name=\"twitter:label1\" content=\"Dur\u00e9e de lecture estim\u00e9e\" \/>\n\t<meta name=\"twitter:data1\" content=\"1 minute\" \/>\n<script type=\"application\/ld+json\" class=\"yoast-schema-graph\">{\"@context\":\"https:\\\/\\\/schema.org\",\"@graph\":[{\"@type\":\"WebPage\",\"@id\":\"https:\\\/\\\/districos.standingout.be\\\/fr\\\/product\\\/bio-balance-masque-lotus-massage-gel-250-ml-ref-7063-50\\\/\",\"url\":\"https:\\\/\\\/districos.standingout.be\\\/fr\\\/product\\\/bio-balance-masque-lotus-massage-gel-250-ml-ref-7063-50\\\/\",\"name\":\"Bio Balance Masque Lotus Massage Gel 250 ml - Districos Webshop\",\"isPartOf\":{\"@id\":\"https:\\\/\\\/districos.standingout.be\\\/fr\\\/#website\"},\"primaryImageOfPage\":{\"@id\":\"https:\\\/\\\/districos.standingout.be\\\/fr\\\/product\\\/bio-balance-masque-lotus-massage-gel-250-ml-ref-7063-50\\\/#primaryimage\"},\"image\":{\"@id\":\"https:\\\/\\\/districos.standingout.be\\\/fr\\\/product\\\/bio-balance-masque-lotus-massage-gel-250-ml-ref-7063-50\\\/#primaryimage\"},\"thumbnailUrl\":\"https:\\\/\\\/districos.standingout.be\\\/wp-content\\\/uploads\\\/2025\\\/07\\\/7063.50@LowRes_1_0.png\",\"datePublished\":\"2026-04-28T07:38:09+00:00\",\"dateModified\":\"2026-04-28T07:38:19+00:00\",\"breadcrumb\":{\"@id\":\"https:\\\/\\\/districos.standingout.be\\\/fr\\\/product\\\/bio-balance-masque-lotus-massage-gel-250-ml-ref-7063-50\\\/#breadcrumb\"},\"inLanguage\":\"fr-FR\",\"potentialAction\":[{\"@type\":\"ReadAction\",\"target\":[\"https:\\\/\\\/districos.standingout.be\\\/fr\\\/product\\\/bio-balance-masque-lotus-massage-gel-250-ml-ref-7063-50\\\/\"]}]},{\"@type\":\"ImageObject\",\"inLanguage\":\"fr-FR\",\"@id\":\"https:\\\/\\\/districos.standingout.be\\\/fr\\\/product\\\/bio-balance-masque-lotus-massage-gel-250-ml-ref-7063-50\\\/#primaryimage\",\"url\":\"https:\\\/\\\/districos.standingout.be\\\/wp-content\\\/uploads\\\/2025\\\/07\\\/7063.50@LowRes_1_0.png\",\"contentUrl\":\"https:\\\/\\\/districos.standingout.be\\\/wp-content\\\/uploads\\\/2025\\\/07\\\/7063.50@LowRes_1_0.png\",\"width\":600,\"height\":600},{\"@type\":\"BreadcrumbList\",\"@id\":\"https:\\\/\\\/districos.standingout.be\\\/fr\\\/product\\\/bio-balance-masque-lotus-massage-gel-250-ml-ref-7063-50\\\/#breadcrumb\",\"itemListElement\":[{\"@type\":\"ListItem\",\"position\":1,\"name\":\"Home\",\"item\":\"https:\\\/\\\/districos.standingout.be\\\/fr\\\/bienvenue-chez-districos\\\/\"},{\"@type\":\"ListItem\",\"position\":2,\"name\":\"Boutique\",\"item\":\"https:\\\/\\\/districos.standingout.be\\\/fr\\\/boutique\\\/\"},{\"@type\":\"ListItem\",\"position\":3,\"name\":\"Bio Balance Masque Lotus Massage Gel 250 ml\"}]},{\"@type\":\"WebSite\",\"@id\":\"https:\\\/\\\/districos.standingout.be\\\/fr\\\/#website\",\"url\":\"https:\\\/\\\/districos.standingout.be\\\/fr\\\/\",\"name\":\"Districos Webshop\",\"description\":\"\",\"publisher\":{\"@id\":\"https:\\\/\\\/districos.standingout.be\\\/fr\\\/#organization\"},\"potentialAction\":[{\"@type\":\"SearchAction\",\"target\":{\"@type\":\"EntryPoint\",\"urlTemplate\":\"https:\\\/\\\/districos.standingout.be\\\/fr\\\/?s={search_term_string}\"},\"query-input\":{\"@type\":\"PropertyValueSpecification\",\"valueRequired\":true,\"valueName\":\"search_term_string\"}}],\"inLanguage\":\"fr-FR\"},{\"@type\":\"Organization\",\"@id\":\"https:\\\/\\\/districos.standingout.be\\\/fr\\\/#organization\",\"name\":\"Districos Webshop\",\"url\":\"https:\\\/\\\/districos.standingout.be\\\/fr\\\/\",\"logo\":{\"@type\":\"ImageObject\",\"inLanguage\":\"fr-FR\",\"@id\":\"https:\\\/\\\/districos.standingout.be\\\/fr\\\/#\\\/schema\\\/logo\\\/image\\\/\",\"url\":\"https:\\\/\\\/districos.standingout.be\\\/wp-content\\\/uploads\\\/2022\\\/09\\\/Districos_Logo_Webshop.svg\",\"contentUrl\":\"https:\\\/\\\/districos.standingout.be\\\/wp-content\\\/uploads\\\/2022\\\/09\\\/Districos_Logo_Webshop.svg\",\"caption\":\"Districos Webshop\"},\"image\":{\"@id\":\"https:\\\/\\\/districos.standingout.be\\\/fr\\\/#\\\/schema\\\/logo\\\/image\\\/\"}}]}<\/script>\n<!-- \/ Yoast SEO plugin. -->","yoast_head_json":{"title":"Bio Balance Masque Lotus Massage Gel 250 ml - Districos Webshop","robots":{"index":"noindex","follow":"follow","max-snippet":"max-snippet:-1","max-image-preview":"max-image-preview:large","max-video-preview":"max-video-preview:-1"},"og_locale":"fr_FR","og_type":"article","og_title":"Bio Balance Masque Lotus Massage Gel 250 ml - Districos Webshop","og_description":"Masque gel revitalisant \u00e0 base de th\u00e9 vert et d&rsquo;extrait de lotus aux propri\u00e9t\u00e9s apaisantes et hydratantes. Id\u00e9al pour les traitements courts (tous types de peaux) ou pour les peaux rouges et irrit\u00e9es (coups de soleil, microdermabrasion). \u00c9galement appropri\u00e9 pour les hommes. Vegan. Utilisation polyvalente Gel de massage rafra\u00eechissant et adoucissant pour les peaux grasses [&hellip;]","og_url":"https:\/\/districos.standingout.be\/fr\/product\/bio-balance-masque-lotus-massage-gel-250-ml-ref-7063-50\/","og_site_name":"Districos Webshop","article_modified_time":"2026-04-28T07:38:19+00:00","twitter_card":"summary_large_image","twitter_misc":{"Dur\u00e9e de lecture estim\u00e9e":"1 minute"},"schema":{"@context":"https:\/\/schema.org","@graph":[{"@type":"WebPage","@id":"https:\/\/districos.standingout.be\/fr\/product\/bio-balance-masque-lotus-massage-gel-250-ml-ref-7063-50\/","url":"https:\/\/districos.standingout.be\/fr\/product\/bio-balance-masque-lotus-massage-gel-250-ml-ref-7063-50\/","name":"Bio Balance Masque Lotus Massage Gel 250 ml - Districos Webshop","isPartOf":{"@id":"https:\/\/districos.standingout.be\/fr\/#website"},"primaryImageOfPage":{"@id":"https:\/\/districos.standingout.be\/fr\/product\/bio-balance-masque-lotus-massage-gel-250-ml-ref-7063-50\/#primaryimage"},"image":{"@id":"https:\/\/districos.standingout.be\/fr\/product\/bio-balance-masque-lotus-massage-gel-250-ml-ref-7063-50\/#primaryimage"},"thumbnailUrl":"https:\/\/districos.standingout.be\/wp-content\/uploads\/2025\/07\/7063.50@LowRes_1_0.png","datePublished":"2026-04-28T07:38:09+00:00","dateModified":"2026-04-28T07:38:19+00:00","breadcrumb":{"@id":"https:\/\/districos.standingout.be\/fr\/product\/bio-balance-masque-lotus-massage-gel-250-ml-ref-7063-50\/#breadcrumb"},"inLanguage":"fr-FR","potentialAction":[{"@type":"ReadAction","target":["https:\/\/districos.standingout.be\/fr\/product\/bio-balance-masque-lotus-massage-gel-250-ml-ref-7063-50\/"]}]},{"@type":"ImageObject","inLanguage":"fr-FR","@id":"https:\/\/districos.standingout.be\/fr\/product\/bio-balance-masque-lotus-massage-gel-250-ml-ref-7063-50\/#primaryimage","url":"https:\/\/districos.standingout.be\/wp-content\/uploads\/2025\/07\/7063.50@LowRes_1_0.png","contentUrl":"https:\/\/districos.standingout.be\/wp-content\/uploads\/2025\/07\/7063.50@LowRes_1_0.png","width":600,"height":600},{"@type":"BreadcrumbList","@id":"https:\/\/districos.standingout.be\/fr\/product\/bio-balance-masque-lotus-massage-gel-250-ml-ref-7063-50\/#breadcrumb","itemListElement":[{"@type":"ListItem","position":1,"name":"Home","item":"https:\/\/districos.standingout.be\/fr\/bienvenue-chez-districos\/"},{"@type":"ListItem","position":2,"name":"Boutique","item":"https:\/\/districos.standingout.be\/fr\/boutique\/"},{"@type":"ListItem","position":3,"name":"Bio Balance Masque Lotus Massage Gel 250 ml"}]},{"@type":"WebSite","@id":"https:\/\/districos.standingout.be\/fr\/#website","url":"https:\/\/districos.standingout.be\/fr\/","name":"Districos Webshop","description":"","publisher":{"@id":"https:\/\/districos.standingout.be\/fr\/#organization"},"potentialAction":[{"@type":"SearchAction","target":{"@type":"EntryPoint","urlTemplate":"https:\/\/districos.standingout.be\/fr\/?s={search_term_string}"},"query-input":{"@type":"PropertyValueSpecification","valueRequired":true,"valueName":"search_term_string"}}],"inLanguage":"fr-FR"},{"@type":"Organization","@id":"https:\/\/districos.standingout.be\/fr\/#organization","name":"Districos Webshop","url":"https:\/\/districos.standingout.be\/fr\/","logo":{"@type":"ImageObject","inLanguage":"fr-FR","@id":"https:\/\/districos.standingout.be\/fr\/#\/schema\/logo\/image\/","url":"https:\/\/districos.standingout.be\/wp-content\/uploads\/2022\/09\/Districos_Logo_Webshop.svg","contentUrl":"https:\/\/districos.standingout.be\/wp-content\/uploads\/2022\/09\/Districos_Logo_Webshop.svg","caption":"Districos Webshop"},"image":{"@id":"https:\/\/districos.standingout.be\/fr\/#\/schema\/logo\/image\/"}}]}},"_links":{"self":[{"href":"https:\/\/districos.standingout.be\/fr\/wp-json\/wp\/v2\/product\/136977","targetHints":{"allow":["GET"]}}],"collection":[{"href":"https:\/\/districos.standingout.be\/fr\/wp-json\/wp\/v2\/product"}],"about":[{"href":"https:\/\/districos.standingout.be\/fr\/wp-json\/wp\/v2\/types\/product"}],"replies":[{"embeddable":true,"href":"https:\/\/districos.standingout.be\/fr\/wp-json\/wp\/v2\/comments?post=136977"}],"wp:featuredmedia":[{"embeddable":true,"href":"https:\/\/districos.standingout.be\/fr\/wp-json\/wp\/v2\/media\/77537"}],"wp:attachment":[{"href":"https:\/\/districos.standingout.be\/fr\/wp-json\/wp\/v2\/media?parent=136977"}],"wp:term":[{"taxonomy":"product_brand","embeddable":true,"href":"https:\/\/districos.standingout.be\/fr\/wp-json\/wp\/v2\/product_brand?post=136977"},{"taxonomy":"product_cat","embeddable":true,"href":"https:\/\/districos.standingout.be\/fr\/wp-json\/wp\/v2\/product_cat?post=136977"},{"taxonomy":"product_tag","embeddable":true,"href":"https:\/\/districos.standingout.be\/fr\/wp-json\/wp\/v2\/product_tag?post=136977"}],"curies":[{"name":"wp","href":"https:\/\/api.w.org\/{rel}","templated":true}]}}