{"id":136979,"date":"2026-04-28T09:38:19","date_gmt":"2026-04-28T07:38:19","guid":{"rendered":"https:\/\/webshopdistricoscom.webhosting.be\/product\/bio-balance-masque-poudre-kaolin-600-g-ref-7063-51\/"},"modified":"2026-04-28T09:38:30","modified_gmt":"2026-04-28T07:38:30","slug":"bio-balance-masque-poudre-kaolin-600-g-ref-7063-51","status":"publish","type":"product","link":"https:\/\/districos.standingout.be\/fr\/product\/bio-balance-masque-poudre-kaolin-600-g-ref-7063-51\/","title":{"rendered":"Bio Balance Masque Poudre Kaolin 600 g"},"content":{"rendered":"<p >\n<\/p>\n<\/p>\n<\/p>\n<p dir=\"ltr\">Le kaolin (Bolus blanc) est une argile blanche chinoise et l&rsquo;un des plus anciens ingr\u00e9dients des cosm\u00e9tiques. L&rsquo;argile est tr\u00e8s riche en micromin\u00e9raux et en substances actives qui nettoient la peau et stimulent le renouvellement cellulaire et la circulation sanguine. Le r\u00e9sultat est une peau purifi\u00e9e au teint sain et clair.<\/p>\n<p dir=\"ltr\"><\/p>\n<p dir=\"ltr\">Le Masque Poudre Kaolin contient 100 % de kaolin pur qui est connu pour ses propri\u00e9t\u00e9s nettoyantes. Il \u00e9limine de mani\u00e8re douce l&rsquo;exc\u00e8s de s\u00e9bum, les impuret\u00e9s et les toxines sans d\u00e9pouiller la peau de ses huiles naturelles.<\/p>\n<p dir=\"ltr\">\n<ul>\n<li>Bio Balance vous permet d&rsquo;adapter le traitement aux besoins de chaque client(e). Selon le type de peau, vous pouvez choisir entre 3 lotions diff\u00e9rentes \u00e0 m\u00e9langer avec la poudre de kaolin purifi\u00e9e \u00e0 100 %.<\/li>\n<li>Emballage : 600 g.<\/li>\n<li><font size=\"2\">Vegan.<\/font><\/li>\n<\/ul>\n<div><b>M\u00e9thode de travail<\/b><\/div>\n<div>\n<ul>\n<li>M\u00e9langez le Masque Poudre Kaolin avec la Lotion Kaolin appropri\u00e9e, jusqu&rsquo;\u00e0 ce que vous obteniez une p\u00e2te homog\u00e8ne et \u00e9paisse.<\/li>\n<li>Appliquez le masque sur le visage avec un&nbsp;<u><a href=\"https:\/\/districos.com\/search?SearchText=pinceau%20masque\" target=\"_blank\" rel=\"noopener noreferrer nofollow\">pinceau masque<\/a><\/u>.<\/li>\n<li>Laissez agir pendant 20 minutes.<\/li>\n<li>Humidifiez \u00e0 nouveau avec une lotion lors de l&rsquo;enl\u00e8vement. Pr\u00e9levez la p\u00e2te avec une spatule.<\/li>\n<li>Retirez les restants avec une compresse humide. Il est possible d&rsquo;utiliser ce masque en combinaison avec un&nbsp;<u><a href=\"https:\/\/districos.com\/search?SearchText=vapozone\" target=\"_blank\" rel=\"noopener noreferrer nofollow\"> vapozone<\/a><\/u>&nbsp;pour faciliter l&rsquo;enl\u00e8vement.<\/li>\n<li>Tonifiez toujours la peau avec la lotion appropri\u00e9e apr\u00e8s l&rsquo;enl\u00e8vement du masque.<\/li>\n<li>Finissez votre soin par le&nbsp;<u><a href=\"https:\/\/districos.com\/search?SearchText=hya-lift+\" target=\"_blank\" rel=\"noopener noreferrer nofollow\">s\u00e9rum Hya-Lift+<\/a><\/u>&nbsp;et prot\u00e9gez la peau avec la&nbsp;<u><a href=\"https:\/\/districos.com\/search?SingleSelects%5B0%5D%5BFilterType%5D=Single&amp; %20SingleSelects%5B0%5D%5BProperty%5D=9510&amp; %20SingleSelects%5B0%5D%5BValues%5D=Dag-%26%20nachtcr%C3%A8me s&amp;a%20mp;SearchText=bio%20balance&amp;Page=1\">cr\u00e8me de jour de Bio Balance<\/a><\/u>&nbsp;appropri\u00e9e.<\/li>\n<\/ul>\n<div><b>Aussi disponible<\/b><\/div>\n<div>\n<ul>\n<li>Lotion Kaolin Peau S\u00e8che et Sensible 500 ml (<u><a href=\"https:\/\/districos.com\/ProductDetail\/7063.52\" target=\"_blank\" rel=\"noopener noreferrer nofollow\">r\u00e9f. 7063.52<\/a><\/u>)<\/li>\n<li>Lotion Kaolin Peau Impure 500 ml (<u><a href=\"https:\/\/districos.com\/ProductDetail\/7063.53\" target=\"_blank\" rel=\"noopener noreferrer nofollow\">r\u00e9f. 7063.53<\/a><\/u>)<\/li>\n<li>Lotion Kaolin Peau Mature 500 ml (<u><a href=\"https:\/\/districos.com\/ProductDetail\/7063.54\" target=\"_blank\" rel=\"noopener noreferrer nofollow\">r\u00e9f. 7063.54<\/a><\/u>)<\/li>\n<li>Set de Masques Kaolin avec le masque poudre et les 3 diff\u00e9rentes lotions (<u><a href=\"https:\/\/districos.com\/ProductDetail\/7065.05\" target=\"_blank\" rel=\"noopener noreferrer nofollow\">r\u00e9f. 7065.05<\/a><\/u>)<\/li>\n<\/ul>\n<\/div>\n<\/div>\n","protected":false},"excerpt":{"rendered":"<p>Le kaolin (Bolus blanc) est une argile blanche chinoise et l&rsquo;un des plus anciens ingr\u00e9dients des cosm\u00e9tiques. L&rsquo;argile est tr\u00e8s riche en micromin\u00e9raux et en substances actives qui nettoient la peau et stimulent le renouvellement cellulaire et la circulation sanguine. Le r\u00e9sultat est une peau purifi\u00e9e au teint sain et clair. Le Masque Poudre Kaolin [&hellip;]<\/p>\n","protected":false},"featured_media":77543,"comment_status":"open","ping_status":"closed","template":"","meta":{"_acf_changed":false},"product_brand":[10308],"product_cat":[9856],"product_tag":[],"class_list":{"0":"post-136979","1":"product","2":"type-product","3":"status-publish","4":"has-post-thumbnail","6":"product_brand-bb_gelaat-fr","7":"product_cat-beaute-visage-bio-balance-visage","9":"first","10":"instock","11":"taxable","12":"shipping-taxable","13":"product-type-simple"},"acf":[],"yoast_head":"<!-- This site is optimized with the Yoast SEO plugin v27.3 - https:\/\/yoast.com\/product\/yoast-seo-wordpress\/ -->\n<title>Bio Balance Masque Poudre Kaolin 600 g - Districos Webshop<\/title>\n<meta name=\"robots\" content=\"noindex, follow, max-snippet:-1, max-image-preview:large, max-video-preview:-1\" \/>\n<meta property=\"og:locale\" content=\"fr_FR\" \/>\n<meta property=\"og:type\" content=\"article\" \/>\n<meta property=\"og:title\" content=\"Bio Balance Masque Poudre Kaolin 600 g - Districos Webshop\" \/>\n<meta property=\"og:description\" content=\"Le kaolin (Bolus blanc) est une argile blanche chinoise et l&rsquo;un des plus anciens ingr\u00e9dients des cosm\u00e9tiques. L&rsquo;argile est tr\u00e8s riche en micromin\u00e9raux et en substances actives qui nettoient la peau et stimulent le renouvellement cellulaire et la circulation sanguine. Le r\u00e9sultat est une peau purifi\u00e9e au teint sain et clair. Le Masque Poudre Kaolin [&hellip;]\" \/>\n<meta property=\"og:url\" content=\"https:\/\/districos.standingout.be\/fr\/product\/bio-balance-masque-poudre-kaolin-600-g-ref-7063-51\/\" \/>\n<meta property=\"og:site_name\" content=\"Districos Webshop\" \/>\n<meta property=\"article:modified_time\" content=\"2026-04-28T07:38:30+00:00\" \/>\n<meta name=\"twitter:card\" content=\"summary_large_image\" \/>\n<meta name=\"twitter:label1\" content=\"Dur\u00e9e de lecture estim\u00e9e\" \/>\n\t<meta name=\"twitter:data1\" content=\"2 minutes\" \/>\n<script type=\"application\/ld+json\" class=\"yoast-schema-graph\">{\"@context\":\"https:\\\/\\\/schema.org\",\"@graph\":[{\"@type\":\"WebPage\",\"@id\":\"https:\\\/\\\/districos.standingout.be\\\/fr\\\/product\\\/bio-balance-masque-poudre-kaolin-600-g-ref-7063-51\\\/\",\"url\":\"https:\\\/\\\/districos.standingout.be\\\/fr\\\/product\\\/bio-balance-masque-poudre-kaolin-600-g-ref-7063-51\\\/\",\"name\":\"Bio Balance Masque Poudre Kaolin 600 g - Districos Webshop\",\"isPartOf\":{\"@id\":\"https:\\\/\\\/districos.standingout.be\\\/fr\\\/#website\"},\"primaryImageOfPage\":{\"@id\":\"https:\\\/\\\/districos.standingout.be\\\/fr\\\/product\\\/bio-balance-masque-poudre-kaolin-600-g-ref-7063-51\\\/#primaryimage\"},\"image\":{\"@id\":\"https:\\\/\\\/districos.standingout.be\\\/fr\\\/product\\\/bio-balance-masque-poudre-kaolin-600-g-ref-7063-51\\\/#primaryimage\"},\"thumbnailUrl\":\"https:\\\/\\\/districos.standingout.be\\\/wp-content\\\/uploads\\\/2025\\\/07\\\/7063.51@LowRes_1_0.png\",\"datePublished\":\"2026-04-28T07:38:19+00:00\",\"dateModified\":\"2026-04-28T07:38:30+00:00\",\"breadcrumb\":{\"@id\":\"https:\\\/\\\/districos.standingout.be\\\/fr\\\/product\\\/bio-balance-masque-poudre-kaolin-600-g-ref-7063-51\\\/#breadcrumb\"},\"inLanguage\":\"fr-FR\",\"potentialAction\":[{\"@type\":\"ReadAction\",\"target\":[\"https:\\\/\\\/districos.standingout.be\\\/fr\\\/product\\\/bio-balance-masque-poudre-kaolin-600-g-ref-7063-51\\\/\"]}]},{\"@type\":\"ImageObject\",\"inLanguage\":\"fr-FR\",\"@id\":\"https:\\\/\\\/districos.standingout.be\\\/fr\\\/product\\\/bio-balance-masque-poudre-kaolin-600-g-ref-7063-51\\\/#primaryimage\",\"url\":\"https:\\\/\\\/districos.standingout.be\\\/wp-content\\\/uploads\\\/2025\\\/07\\\/7063.51@LowRes_1_0.png\",\"contentUrl\":\"https:\\\/\\\/districos.standingout.be\\\/wp-content\\\/uploads\\\/2025\\\/07\\\/7063.51@LowRes_1_0.png\",\"width\":600,\"height\":600},{\"@type\":\"BreadcrumbList\",\"@id\":\"https:\\\/\\\/districos.standingout.be\\\/fr\\\/product\\\/bio-balance-masque-poudre-kaolin-600-g-ref-7063-51\\\/#breadcrumb\",\"itemListElement\":[{\"@type\":\"ListItem\",\"position\":1,\"name\":\"Home\",\"item\":\"https:\\\/\\\/districos.standingout.be\\\/fr\\\/bienvenue-chez-districos\\\/\"},{\"@type\":\"ListItem\",\"position\":2,\"name\":\"Boutique\",\"item\":\"https:\\\/\\\/districos.standingout.be\\\/fr\\\/boutique\\\/\"},{\"@type\":\"ListItem\",\"position\":3,\"name\":\"Bio Balance Masque Poudre Kaolin 600 g\"}]},{\"@type\":\"WebSite\",\"@id\":\"https:\\\/\\\/districos.standingout.be\\\/fr\\\/#website\",\"url\":\"https:\\\/\\\/districos.standingout.be\\\/fr\\\/\",\"name\":\"Districos Webshop\",\"description\":\"\",\"publisher\":{\"@id\":\"https:\\\/\\\/districos.standingout.be\\\/fr\\\/#organization\"},\"potentialAction\":[{\"@type\":\"SearchAction\",\"target\":{\"@type\":\"EntryPoint\",\"urlTemplate\":\"https:\\\/\\\/districos.standingout.be\\\/fr\\\/?s={search_term_string}\"},\"query-input\":{\"@type\":\"PropertyValueSpecification\",\"valueRequired\":true,\"valueName\":\"search_term_string\"}}],\"inLanguage\":\"fr-FR\"},{\"@type\":\"Organization\",\"@id\":\"https:\\\/\\\/districos.standingout.be\\\/fr\\\/#organization\",\"name\":\"Districos Webshop\",\"url\":\"https:\\\/\\\/districos.standingout.be\\\/fr\\\/\",\"logo\":{\"@type\":\"ImageObject\",\"inLanguage\":\"fr-FR\",\"@id\":\"https:\\\/\\\/districos.standingout.be\\\/fr\\\/#\\\/schema\\\/logo\\\/image\\\/\",\"url\":\"https:\\\/\\\/districos.standingout.be\\\/wp-content\\\/uploads\\\/2022\\\/09\\\/Districos_Logo_Webshop.svg\",\"contentUrl\":\"https:\\\/\\\/districos.standingout.be\\\/wp-content\\\/uploads\\\/2022\\\/09\\\/Districos_Logo_Webshop.svg\",\"caption\":\"Districos Webshop\"},\"image\":{\"@id\":\"https:\\\/\\\/districos.standingout.be\\\/fr\\\/#\\\/schema\\\/logo\\\/image\\\/\"}}]}<\/script>\n<!-- \/ Yoast SEO plugin. -->","yoast_head_json":{"title":"Bio Balance Masque Poudre Kaolin 600 g - Districos Webshop","robots":{"index":"noindex","follow":"follow","max-snippet":"max-snippet:-1","max-image-preview":"max-image-preview:large","max-video-preview":"max-video-preview:-1"},"og_locale":"fr_FR","og_type":"article","og_title":"Bio Balance Masque Poudre Kaolin 600 g - Districos Webshop","og_description":"Le kaolin (Bolus blanc) est une argile blanche chinoise et l&rsquo;un des plus anciens ingr\u00e9dients des cosm\u00e9tiques. L&rsquo;argile est tr\u00e8s riche en micromin\u00e9raux et en substances actives qui nettoient la peau et stimulent le renouvellement cellulaire et la circulation sanguine. Le r\u00e9sultat est une peau purifi\u00e9e au teint sain et clair. Le Masque Poudre Kaolin [&hellip;]","og_url":"https:\/\/districos.standingout.be\/fr\/product\/bio-balance-masque-poudre-kaolin-600-g-ref-7063-51\/","og_site_name":"Districos Webshop","article_modified_time":"2026-04-28T07:38:30+00:00","twitter_card":"summary_large_image","twitter_misc":{"Dur\u00e9e de lecture estim\u00e9e":"2 minutes"},"schema":{"@context":"https:\/\/schema.org","@graph":[{"@type":"WebPage","@id":"https:\/\/districos.standingout.be\/fr\/product\/bio-balance-masque-poudre-kaolin-600-g-ref-7063-51\/","url":"https:\/\/districos.standingout.be\/fr\/product\/bio-balance-masque-poudre-kaolin-600-g-ref-7063-51\/","name":"Bio Balance Masque Poudre Kaolin 600 g - Districos Webshop","isPartOf":{"@id":"https:\/\/districos.standingout.be\/fr\/#website"},"primaryImageOfPage":{"@id":"https:\/\/districos.standingout.be\/fr\/product\/bio-balance-masque-poudre-kaolin-600-g-ref-7063-51\/#primaryimage"},"image":{"@id":"https:\/\/districos.standingout.be\/fr\/product\/bio-balance-masque-poudre-kaolin-600-g-ref-7063-51\/#primaryimage"},"thumbnailUrl":"https:\/\/districos.standingout.be\/wp-content\/uploads\/2025\/07\/7063.51@LowRes_1_0.png","datePublished":"2026-04-28T07:38:19+00:00","dateModified":"2026-04-28T07:38:30+00:00","breadcrumb":{"@id":"https:\/\/districos.standingout.be\/fr\/product\/bio-balance-masque-poudre-kaolin-600-g-ref-7063-51\/#breadcrumb"},"inLanguage":"fr-FR","potentialAction":[{"@type":"ReadAction","target":["https:\/\/districos.standingout.be\/fr\/product\/bio-balance-masque-poudre-kaolin-600-g-ref-7063-51\/"]}]},{"@type":"ImageObject","inLanguage":"fr-FR","@id":"https:\/\/districos.standingout.be\/fr\/product\/bio-balance-masque-poudre-kaolin-600-g-ref-7063-51\/#primaryimage","url":"https:\/\/districos.standingout.be\/wp-content\/uploads\/2025\/07\/7063.51@LowRes_1_0.png","contentUrl":"https:\/\/districos.standingout.be\/wp-content\/uploads\/2025\/07\/7063.51@LowRes_1_0.png","width":600,"height":600},{"@type":"BreadcrumbList","@id":"https:\/\/districos.standingout.be\/fr\/product\/bio-balance-masque-poudre-kaolin-600-g-ref-7063-51\/#breadcrumb","itemListElement":[{"@type":"ListItem","position":1,"name":"Home","item":"https:\/\/districos.standingout.be\/fr\/bienvenue-chez-districos\/"},{"@type":"ListItem","position":2,"name":"Boutique","item":"https:\/\/districos.standingout.be\/fr\/boutique\/"},{"@type":"ListItem","position":3,"name":"Bio Balance Masque Poudre Kaolin 600 g"}]},{"@type":"WebSite","@id":"https:\/\/districos.standingout.be\/fr\/#website","url":"https:\/\/districos.standingout.be\/fr\/","name":"Districos Webshop","description":"","publisher":{"@id":"https:\/\/districos.standingout.be\/fr\/#organization"},"potentialAction":[{"@type":"SearchAction","target":{"@type":"EntryPoint","urlTemplate":"https:\/\/districos.standingout.be\/fr\/?s={search_term_string}"},"query-input":{"@type":"PropertyValueSpecification","valueRequired":true,"valueName":"search_term_string"}}],"inLanguage":"fr-FR"},{"@type":"Organization","@id":"https:\/\/districos.standingout.be\/fr\/#organization","name":"Districos Webshop","url":"https:\/\/districos.standingout.be\/fr\/","logo":{"@type":"ImageObject","inLanguage":"fr-FR","@id":"https:\/\/districos.standingout.be\/fr\/#\/schema\/logo\/image\/","url":"https:\/\/districos.standingout.be\/wp-content\/uploads\/2022\/09\/Districos_Logo_Webshop.svg","contentUrl":"https:\/\/districos.standingout.be\/wp-content\/uploads\/2022\/09\/Districos_Logo_Webshop.svg","caption":"Districos Webshop"},"image":{"@id":"https:\/\/districos.standingout.be\/fr\/#\/schema\/logo\/image\/"}}]}},"_links":{"self":[{"href":"https:\/\/districos.standingout.be\/fr\/wp-json\/wp\/v2\/product\/136979","targetHints":{"allow":["GET"]}}],"collection":[{"href":"https:\/\/districos.standingout.be\/fr\/wp-json\/wp\/v2\/product"}],"about":[{"href":"https:\/\/districos.standingout.be\/fr\/wp-json\/wp\/v2\/types\/product"}],"replies":[{"embeddable":true,"href":"https:\/\/districos.standingout.be\/fr\/wp-json\/wp\/v2\/comments?post=136979"}],"wp:featuredmedia":[{"embeddable":true,"href":"https:\/\/districos.standingout.be\/fr\/wp-json\/wp\/v2\/media\/77543"}],"wp:attachment":[{"href":"https:\/\/districos.standingout.be\/fr\/wp-json\/wp\/v2\/media?parent=136979"}],"wp:term":[{"taxonomy":"product_brand","embeddable":true,"href":"https:\/\/districos.standingout.be\/fr\/wp-json\/wp\/v2\/product_brand?post=136979"},{"taxonomy":"product_cat","embeddable":true,"href":"https:\/\/districos.standingout.be\/fr\/wp-json\/wp\/v2\/product_cat?post=136979"},{"taxonomy":"product_tag","embeddable":true,"href":"https:\/\/districos.standingout.be\/fr\/wp-json\/wp\/v2\/product_tag?post=136979"}],"curies":[{"name":"wp","href":"https:\/\/api.w.org\/{rel}","templated":true}]}}