{"id":136993,"date":"2026-04-28T09:39:52","date_gmt":"2026-04-28T07:39:52","guid":{"rendered":"https:\/\/webshopdistricoscom.webhosting.be\/product\/bio-balance-hydratense-creme-de-jour-125-ml-ref-7063-831\/"},"modified":"2026-04-28T09:39:56","modified_gmt":"2026-04-28T07:39:56","slug":"bio-balance-hydratense-creme-de-jour-125-ml-ref-7063-831","status":"publish","type":"product","link":"https:\/\/districos.standingout.be\/fr\/product\/bio-balance-hydratense-creme-de-jour-125-ml-ref-7063-831\/","title":{"rendered":"Bio Balance Hydratense Cr\u00e8me de Jour 125 ml"},"content":{"rendered":"<p >\n<\/p>\n<p><b>HYDRATANT &#8211; NOURRISSANT &#8211; RAFFERMISSANT<\/b><\/p>\n<p>Chaque jour, notre peau est expos\u00e9e \u00e0 de nombreux facteurs d&rsquo;environnement qui perturbent la fonction de la barri\u00e8re cutan\u00e9e. La peau s&rsquo;ass\u00e8che plus vite et semble tendue. Gr\u00e2ce \u00e0 la cr\u00e8me de jour Hydratense, c&rsquo;est fini !<\/p>\n<p><\/p>\n<p>La cr\u00e8me de jour Hydratense contient du Pentavitin\u00ae, un ingr\u00e9dient actif 100 % v\u00e9g\u00e9tal qui offre \u00e0 la peau une hydratation jusqu&rsquo;\u00e0 72 heures. Le beurre de karit\u00e9 et le squalane r\u00e9parent la peau et la rendent soyeuse. En plus, la cr\u00e8me contient de l&rsquo;acide hyaluronique de bas poids qui peut p\u00e9n\u00e9trer jusqu&rsquo;en profondeur dans la peau. Cela am\u00e9liore visiblement la structure de la peau et r\u00e9duit les rides et ridules. Ainsi, la peau retrouve sa souplesse et sa r\u00e9sistance.<\/p>\n<\/p>\n<ul>\n<li>Cr\u00e8me de jour qui nourrit pour une longue dur\u00e9e les peaux s\u00e8ches, d\u00e9shydrat\u00e9es ou tendues.<\/li>\n<li>Prot\u00e8ge contre la d\u00e9shydratation.<\/li>\n<li>Anti\u00e2ge.<\/li>\n<li>Nourrit et r\u00e9pare la peau.<\/li>\n<li>Sans parab\u00e8nes, parfum et colorants.<\/li>\n<li>Ingr\u00e9dients : Pentavitin\u00ae, acide hyaluronique, glyc\u00e9rine, beurre de karit\u00e9, squalane, filtres UVA et UVB.<\/li>\n<li>Emballage : 125 ml.<\/li>\n<li><font size=\"2\">Vegan.<\/font><\/li>\n<\/ul>\n<div><b>Aussi disponible<\/b><\/div>\n<div>\n<ul>\n<li>Flacon de vente de 50 ml (<u><a href=\"https:\/\/districos.com\/ProductDetail\/7073.741\" target=\"_blank\" rel=\"noopener noreferrer nofollow\">r\u00e9f. 7073.741<\/a><\/u>)<\/li>\n<li>\u00c9chantillon de 3 ml (<u><a href=\"https:\/\/districos.com\/ProductDetail\/7066.541\" target=\"_blank\" rel=\"noopener noreferrer nofollow\">r\u00e9f. 7066.541<\/a><\/u>)<\/li>\n<\/ul>\n<\/div>\n","protected":false},"excerpt":{"rendered":"<p>HYDRATANT &#8211; NOURRISSANT &#8211; RAFFERMISSANT Chaque jour, notre peau est expos\u00e9e \u00e0 de nombreux facteurs d&rsquo;environnement qui perturbent la fonction de la barri\u00e8re cutan\u00e9e. La peau s&rsquo;ass\u00e8che plus vite et semble tendue. Gr\u00e2ce \u00e0 la cr\u00e8me de jour Hydratense, c&rsquo;est fini ! La cr\u00e8me de jour Hydratense contient du Pentavitin\u00ae, un ingr\u00e9dient actif 100 % [&hellip;]<\/p>\n","protected":false},"featured_media":77576,"comment_status":"open","ping_status":"closed","template":"","meta":{"_acf_changed":false},"product_brand":[10308],"product_cat":[9856],"product_tag":[],"class_list":{"0":"post-136993","1":"product","2":"type-product","3":"status-publish","4":"has-post-thumbnail","6":"product_brand-bb_gelaat-fr","7":"product_cat-beaute-visage-bio-balance-visage","9":"first","10":"instock","11":"taxable","12":"shipping-taxable","13":"product-type-simple"},"acf":[],"yoast_head":"<!-- This site is optimized with the Yoast SEO plugin v27.3 - https:\/\/yoast.com\/product\/yoast-seo-wordpress\/ -->\n<title>Bio Balance Hydratense Cr\u00e8me de Jour 125 ml - Districos Webshop<\/title>\n<meta name=\"robots\" content=\"noindex, follow, max-snippet:-1, max-image-preview:large, max-video-preview:-1\" \/>\n<meta property=\"og:locale\" content=\"fr_FR\" \/>\n<meta property=\"og:type\" content=\"article\" \/>\n<meta property=\"og:title\" content=\"Bio Balance Hydratense Cr\u00e8me de Jour 125 ml - Districos Webshop\" \/>\n<meta property=\"og:description\" content=\"HYDRATANT &#8211; NOURRISSANT &#8211; RAFFERMISSANT Chaque jour, notre peau est expos\u00e9e \u00e0 de nombreux facteurs d&rsquo;environnement qui perturbent la fonction de la barri\u00e8re cutan\u00e9e. La peau s&rsquo;ass\u00e8che plus vite et semble tendue. Gr\u00e2ce \u00e0 la cr\u00e8me de jour Hydratense, c&rsquo;est fini ! La cr\u00e8me de jour Hydratense contient du Pentavitin\u00ae, un ingr\u00e9dient actif 100 % [&hellip;]\" \/>\n<meta property=\"og:url\" content=\"https:\/\/districos.standingout.be\/fr\/product\/bio-balance-hydratense-creme-de-jour-125-ml-ref-7063-831\/\" \/>\n<meta property=\"og:site_name\" content=\"Districos Webshop\" \/>\n<meta property=\"article:modified_time\" content=\"2026-04-28T07:39:56+00:00\" \/>\n<meta name=\"twitter:card\" content=\"summary_large_image\" \/>\n<meta name=\"twitter:label1\" content=\"Dur\u00e9e de lecture estim\u00e9e\" \/>\n\t<meta name=\"twitter:data1\" content=\"1 minute\" \/>\n<script type=\"application\/ld+json\" class=\"yoast-schema-graph\">{\"@context\":\"https:\\\/\\\/schema.org\",\"@graph\":[{\"@type\":\"WebPage\",\"@id\":\"https:\\\/\\\/districos.standingout.be\\\/fr\\\/product\\\/bio-balance-hydratense-creme-de-jour-125-ml-ref-7063-831\\\/\",\"url\":\"https:\\\/\\\/districos.standingout.be\\\/fr\\\/product\\\/bio-balance-hydratense-creme-de-jour-125-ml-ref-7063-831\\\/\",\"name\":\"Bio Balance Hydratense Cr\u00e8me de Jour 125 ml - Districos Webshop\",\"isPartOf\":{\"@id\":\"https:\\\/\\\/districos.standingout.be\\\/fr\\\/#website\"},\"primaryImageOfPage\":{\"@id\":\"https:\\\/\\\/districos.standingout.be\\\/fr\\\/product\\\/bio-balance-hydratense-creme-de-jour-125-ml-ref-7063-831\\\/#primaryimage\"},\"image\":{\"@id\":\"https:\\\/\\\/districos.standingout.be\\\/fr\\\/product\\\/bio-balance-hydratense-creme-de-jour-125-ml-ref-7063-831\\\/#primaryimage\"},\"thumbnailUrl\":\"https:\\\/\\\/districos.standingout.be\\\/wp-content\\\/uploads\\\/2025\\\/07\\\/7063.831@LowRes_1_0.png\",\"datePublished\":\"2026-04-28T07:39:52+00:00\",\"dateModified\":\"2026-04-28T07:39:56+00:00\",\"breadcrumb\":{\"@id\":\"https:\\\/\\\/districos.standingout.be\\\/fr\\\/product\\\/bio-balance-hydratense-creme-de-jour-125-ml-ref-7063-831\\\/#breadcrumb\"},\"inLanguage\":\"fr-FR\",\"potentialAction\":[{\"@type\":\"ReadAction\",\"target\":[\"https:\\\/\\\/districos.standingout.be\\\/fr\\\/product\\\/bio-balance-hydratense-creme-de-jour-125-ml-ref-7063-831\\\/\"]}]},{\"@type\":\"ImageObject\",\"inLanguage\":\"fr-FR\",\"@id\":\"https:\\\/\\\/districos.standingout.be\\\/fr\\\/product\\\/bio-balance-hydratense-creme-de-jour-125-ml-ref-7063-831\\\/#primaryimage\",\"url\":\"https:\\\/\\\/districos.standingout.be\\\/wp-content\\\/uploads\\\/2025\\\/07\\\/7063.831@LowRes_1_0.png\",\"contentUrl\":\"https:\\\/\\\/districos.standingout.be\\\/wp-content\\\/uploads\\\/2025\\\/07\\\/7063.831@LowRes_1_0.png\",\"width\":600,\"height\":600},{\"@type\":\"BreadcrumbList\",\"@id\":\"https:\\\/\\\/districos.standingout.be\\\/fr\\\/product\\\/bio-balance-hydratense-creme-de-jour-125-ml-ref-7063-831\\\/#breadcrumb\",\"itemListElement\":[{\"@type\":\"ListItem\",\"position\":1,\"name\":\"Home\",\"item\":\"https:\\\/\\\/districos.standingout.be\\\/fr\\\/bienvenue-chez-districos\\\/\"},{\"@type\":\"ListItem\",\"position\":2,\"name\":\"Boutique\",\"item\":\"https:\\\/\\\/districos.standingout.be\\\/fr\\\/boutique\\\/\"},{\"@type\":\"ListItem\",\"position\":3,\"name\":\"Bio Balance Hydratense Cr\u00e8me de Jour 125 ml\"}]},{\"@type\":\"WebSite\",\"@id\":\"https:\\\/\\\/districos.standingout.be\\\/fr\\\/#website\",\"url\":\"https:\\\/\\\/districos.standingout.be\\\/fr\\\/\",\"name\":\"Districos Webshop\",\"description\":\"\",\"publisher\":{\"@id\":\"https:\\\/\\\/districos.standingout.be\\\/fr\\\/#organization\"},\"potentialAction\":[{\"@type\":\"SearchAction\",\"target\":{\"@type\":\"EntryPoint\",\"urlTemplate\":\"https:\\\/\\\/districos.standingout.be\\\/fr\\\/?s={search_term_string}\"},\"query-input\":{\"@type\":\"PropertyValueSpecification\",\"valueRequired\":true,\"valueName\":\"search_term_string\"}}],\"inLanguage\":\"fr-FR\"},{\"@type\":\"Organization\",\"@id\":\"https:\\\/\\\/districos.standingout.be\\\/fr\\\/#organization\",\"name\":\"Districos Webshop\",\"url\":\"https:\\\/\\\/districos.standingout.be\\\/fr\\\/\",\"logo\":{\"@type\":\"ImageObject\",\"inLanguage\":\"fr-FR\",\"@id\":\"https:\\\/\\\/districos.standingout.be\\\/fr\\\/#\\\/schema\\\/logo\\\/image\\\/\",\"url\":\"https:\\\/\\\/districos.standingout.be\\\/wp-content\\\/uploads\\\/2022\\\/09\\\/Districos_Logo_Webshop.svg\",\"contentUrl\":\"https:\\\/\\\/districos.standingout.be\\\/wp-content\\\/uploads\\\/2022\\\/09\\\/Districos_Logo_Webshop.svg\",\"caption\":\"Districos Webshop\"},\"image\":{\"@id\":\"https:\\\/\\\/districos.standingout.be\\\/fr\\\/#\\\/schema\\\/logo\\\/image\\\/\"}}]}<\/script>\n<!-- \/ Yoast SEO plugin. -->","yoast_head_json":{"title":"Bio Balance Hydratense Cr\u00e8me de Jour 125 ml - Districos Webshop","robots":{"index":"noindex","follow":"follow","max-snippet":"max-snippet:-1","max-image-preview":"max-image-preview:large","max-video-preview":"max-video-preview:-1"},"og_locale":"fr_FR","og_type":"article","og_title":"Bio Balance Hydratense Cr\u00e8me de Jour 125 ml - Districos Webshop","og_description":"HYDRATANT &#8211; NOURRISSANT &#8211; RAFFERMISSANT Chaque jour, notre peau est expos\u00e9e \u00e0 de nombreux facteurs d&rsquo;environnement qui perturbent la fonction de la barri\u00e8re cutan\u00e9e. La peau s&rsquo;ass\u00e8che plus vite et semble tendue. Gr\u00e2ce \u00e0 la cr\u00e8me de jour Hydratense, c&rsquo;est fini ! La cr\u00e8me de jour Hydratense contient du Pentavitin\u00ae, un ingr\u00e9dient actif 100 % [&hellip;]","og_url":"https:\/\/districos.standingout.be\/fr\/product\/bio-balance-hydratense-creme-de-jour-125-ml-ref-7063-831\/","og_site_name":"Districos Webshop","article_modified_time":"2026-04-28T07:39:56+00:00","twitter_card":"summary_large_image","twitter_misc":{"Dur\u00e9e de lecture estim\u00e9e":"1 minute"},"schema":{"@context":"https:\/\/schema.org","@graph":[{"@type":"WebPage","@id":"https:\/\/districos.standingout.be\/fr\/product\/bio-balance-hydratense-creme-de-jour-125-ml-ref-7063-831\/","url":"https:\/\/districos.standingout.be\/fr\/product\/bio-balance-hydratense-creme-de-jour-125-ml-ref-7063-831\/","name":"Bio Balance Hydratense Cr\u00e8me de Jour 125 ml - Districos Webshop","isPartOf":{"@id":"https:\/\/districos.standingout.be\/fr\/#website"},"primaryImageOfPage":{"@id":"https:\/\/districos.standingout.be\/fr\/product\/bio-balance-hydratense-creme-de-jour-125-ml-ref-7063-831\/#primaryimage"},"image":{"@id":"https:\/\/districos.standingout.be\/fr\/product\/bio-balance-hydratense-creme-de-jour-125-ml-ref-7063-831\/#primaryimage"},"thumbnailUrl":"https:\/\/districos.standingout.be\/wp-content\/uploads\/2025\/07\/7063.831@LowRes_1_0.png","datePublished":"2026-04-28T07:39:52+00:00","dateModified":"2026-04-28T07:39:56+00:00","breadcrumb":{"@id":"https:\/\/districos.standingout.be\/fr\/product\/bio-balance-hydratense-creme-de-jour-125-ml-ref-7063-831\/#breadcrumb"},"inLanguage":"fr-FR","potentialAction":[{"@type":"ReadAction","target":["https:\/\/districos.standingout.be\/fr\/product\/bio-balance-hydratense-creme-de-jour-125-ml-ref-7063-831\/"]}]},{"@type":"ImageObject","inLanguage":"fr-FR","@id":"https:\/\/districos.standingout.be\/fr\/product\/bio-balance-hydratense-creme-de-jour-125-ml-ref-7063-831\/#primaryimage","url":"https:\/\/districos.standingout.be\/wp-content\/uploads\/2025\/07\/7063.831@LowRes_1_0.png","contentUrl":"https:\/\/districos.standingout.be\/wp-content\/uploads\/2025\/07\/7063.831@LowRes_1_0.png","width":600,"height":600},{"@type":"BreadcrumbList","@id":"https:\/\/districos.standingout.be\/fr\/product\/bio-balance-hydratense-creme-de-jour-125-ml-ref-7063-831\/#breadcrumb","itemListElement":[{"@type":"ListItem","position":1,"name":"Home","item":"https:\/\/districos.standingout.be\/fr\/bienvenue-chez-districos\/"},{"@type":"ListItem","position":2,"name":"Boutique","item":"https:\/\/districos.standingout.be\/fr\/boutique\/"},{"@type":"ListItem","position":3,"name":"Bio Balance Hydratense Cr\u00e8me de Jour 125 ml"}]},{"@type":"WebSite","@id":"https:\/\/districos.standingout.be\/fr\/#website","url":"https:\/\/districos.standingout.be\/fr\/","name":"Districos Webshop","description":"","publisher":{"@id":"https:\/\/districos.standingout.be\/fr\/#organization"},"potentialAction":[{"@type":"SearchAction","target":{"@type":"EntryPoint","urlTemplate":"https:\/\/districos.standingout.be\/fr\/?s={search_term_string}"},"query-input":{"@type":"PropertyValueSpecification","valueRequired":true,"valueName":"search_term_string"}}],"inLanguage":"fr-FR"},{"@type":"Organization","@id":"https:\/\/districos.standingout.be\/fr\/#organization","name":"Districos Webshop","url":"https:\/\/districos.standingout.be\/fr\/","logo":{"@type":"ImageObject","inLanguage":"fr-FR","@id":"https:\/\/districos.standingout.be\/fr\/#\/schema\/logo\/image\/","url":"https:\/\/districos.standingout.be\/wp-content\/uploads\/2022\/09\/Districos_Logo_Webshop.svg","contentUrl":"https:\/\/districos.standingout.be\/wp-content\/uploads\/2022\/09\/Districos_Logo_Webshop.svg","caption":"Districos Webshop"},"image":{"@id":"https:\/\/districos.standingout.be\/fr\/#\/schema\/logo\/image\/"}}]}},"_links":{"self":[{"href":"https:\/\/districos.standingout.be\/fr\/wp-json\/wp\/v2\/product\/136993","targetHints":{"allow":["GET"]}}],"collection":[{"href":"https:\/\/districos.standingout.be\/fr\/wp-json\/wp\/v2\/product"}],"about":[{"href":"https:\/\/districos.standingout.be\/fr\/wp-json\/wp\/v2\/types\/product"}],"replies":[{"embeddable":true,"href":"https:\/\/districos.standingout.be\/fr\/wp-json\/wp\/v2\/comments?post=136993"}],"wp:featuredmedia":[{"embeddable":true,"href":"https:\/\/districos.standingout.be\/fr\/wp-json\/wp\/v2\/media\/77576"}],"wp:attachment":[{"href":"https:\/\/districos.standingout.be\/fr\/wp-json\/wp\/v2\/media?parent=136993"}],"wp:term":[{"taxonomy":"product_brand","embeddable":true,"href":"https:\/\/districos.standingout.be\/fr\/wp-json\/wp\/v2\/product_brand?post=136993"},{"taxonomy":"product_cat","embeddable":true,"href":"https:\/\/districos.standingout.be\/fr\/wp-json\/wp\/v2\/product_cat?post=136993"},{"taxonomy":"product_tag","embeddable":true,"href":"https:\/\/districos.standingout.be\/fr\/wp-json\/wp\/v2\/product_tag?post=136993"}],"curies":[{"name":"wp","href":"https:\/\/api.w.org\/{rel}","templated":true}]}}