{"id":137009,"date":"2026-04-28T09:40:49","date_gmt":"2026-04-28T07:40:49","guid":{"rendered":"https:\/\/webshopdistricoscom.webhosting.be\/product\/bio-balance-kit-de-depart-all-in-ref-7065-13\/"},"modified":"2026-04-28T09:40:54","modified_gmt":"2026-04-28T07:40:54","slug":"bio-balance-kit-de-depart-all-in-ref-7065-13","status":"publish","type":"product","link":"https:\/\/districos.standingout.be\/fr\/product\/bio-balance-kit-de-depart-all-in-ref-7065-13\/","title":{"rendered":"Bio Balance Kit de D\u00e9part All-in"},"content":{"rendered":"<p >\n<\/p>\n<\/p>\n<p dir=\"ltr\">Le set d\u2019entra\u00eenement id\u00e9al pour les \u00e9tudiant(e)s en esth\u00e9tique avec des produits et du mat\u00e9riel \u00e0 un prix tr\u00e8s favorable ! <\/p>\n<p><b> Contenu<\/b><\/p>\n<ul>\n<li> Contenu du Bio Balance Kit de D\u00e9part Junior (voir <u><a href=\"https:\/\/districos.com\/ProductDetail\/7065.11\" target=\"_blank\" rel=\"noopener noreferrer nofollow\">r\u00e9f. 7065.11<\/a><\/u>)<\/li>\n<li> + 1 x Bandeau Synth\u00e9tique \u00c9lastique Blanc<\/li>\n<li> + 10 x Charlotte Tiss\u00e9e Zigzag<\/li>\n<li> + 1 x Cobra Pince d&rsquo;\u00c9pilation Inox \u00e0 Bec Droit 9 cm\/3 mm<\/li>\n<li> + 1 x Cobra Peigne &amp; Brosse \u00e0 Cils\/Sourcils<\/li>\n<li> + 1 x Tire-Com\u00e9dons avec Double Boucle Inox<\/li>\n<li> + 1 x R\u00e9cipient en Plastique (\u00f8 9 cm)<\/li>\n<li> + 1 x Spatule Cr\u00e8me Couteau 15 cm<\/li>\n<li> + 1 x Cobra Pinceau Masque Arrondi en Nylon 20 mm<\/li>\n<li> + 4 x \u00c9ponge Cellulosique Traditionnelle<\/li>\n<li> + 80 x Coton Rond<\/li>\n<li> + 1 x Alcool D\u00e9sinfectant 70 % 1 l<\/li>\n<li> + 1 x Flacon de Compression avec Pompe 150 ml<\/li>\n<li> + 2 x Serviette de Bain en Coton Blanc 100 x 50 cm<\/li>\n<li> + 1 x Drap de Bain en Coton Blanc 150 x 100 cm<\/li>\n<\/ul><\/p>\n","protected":false},"excerpt":{"rendered":"<p>Le set d\u2019entra\u00eenement id\u00e9al pour les \u00e9tudiant(e)s en esth\u00e9tique avec des produits et du mat\u00e9riel \u00e0 un prix tr\u00e8s favorable ! Contenu Contenu du Bio Balance Kit de D\u00e9part Junior (voir r\u00e9f. 7065.11) + 1 x Bandeau Synth\u00e9tique \u00c9lastique Blanc + 10 x Charlotte Tiss\u00e9e Zigzag + 1 x Cobra Pince d&rsquo;\u00c9pilation Inox \u00e0 Bec [&hellip;]<\/p>\n","protected":false},"featured_media":77606,"comment_status":"open","ping_status":"closed","template":"","meta":{"_acf_changed":false},"product_brand":[10308],"product_cat":[9856],"product_tag":[],"class_list":{"0":"post-137009","1":"product","2":"type-product","3":"status-publish","4":"has-post-thumbnail","6":"product_brand-bb_gelaat-fr","7":"product_cat-beaute-visage-bio-balance-visage","9":"first","10":"instock","11":"taxable","12":"shipping-taxable","13":"product-type-simple"},"acf":[],"yoast_head":"<!-- This site is optimized with the Yoast SEO plugin v27.3 - https:\/\/yoast.com\/product\/yoast-seo-wordpress\/ -->\n<title>Bio Balance Kit de D\u00e9part All-in - Districos Webshop<\/title>\n<meta name=\"robots\" content=\"noindex, follow, max-snippet:-1, max-image-preview:large, max-video-preview:-1\" \/>\n<meta property=\"og:locale\" content=\"fr_FR\" \/>\n<meta property=\"og:type\" content=\"article\" \/>\n<meta property=\"og:title\" content=\"Bio Balance Kit de D\u00e9part All-in - Districos Webshop\" \/>\n<meta property=\"og:description\" content=\"Le set d\u2019entra\u00eenement id\u00e9al pour les \u00e9tudiant(e)s en esth\u00e9tique avec des produits et du mat\u00e9riel \u00e0 un prix tr\u00e8s favorable ! Contenu Contenu du Bio Balance Kit de D\u00e9part Junior (voir r\u00e9f. 7065.11) + 1 x Bandeau Synth\u00e9tique \u00c9lastique Blanc + 10 x Charlotte Tiss\u00e9e Zigzag + 1 x Cobra Pince d&rsquo;\u00c9pilation Inox \u00e0 Bec [&hellip;]\" \/>\n<meta property=\"og:url\" content=\"https:\/\/districos.standingout.be\/fr\/product\/bio-balance-kit-de-depart-all-in-ref-7065-13\/\" \/>\n<meta property=\"og:site_name\" content=\"Districos Webshop\" \/>\n<meta property=\"article:modified_time\" content=\"2026-04-28T07:40:54+00:00\" \/>\n<meta name=\"twitter:card\" content=\"summary_large_image\" \/>\n<meta name=\"twitter:label1\" content=\"Dur\u00e9e de lecture estim\u00e9e\" \/>\n\t<meta name=\"twitter:data1\" content=\"1 minute\" \/>\n<script type=\"application\/ld+json\" class=\"yoast-schema-graph\">{\"@context\":\"https:\\\/\\\/schema.org\",\"@graph\":[{\"@type\":\"WebPage\",\"@id\":\"https:\\\/\\\/districos.standingout.be\\\/fr\\\/product\\\/bio-balance-kit-de-depart-all-in-ref-7065-13\\\/\",\"url\":\"https:\\\/\\\/districos.standingout.be\\\/fr\\\/product\\\/bio-balance-kit-de-depart-all-in-ref-7065-13\\\/\",\"name\":\"Bio Balance Kit de D\u00e9part All-in - Districos Webshop\",\"isPartOf\":{\"@id\":\"https:\\\/\\\/districos.standingout.be\\\/fr\\\/#website\"},\"primaryImageOfPage\":{\"@id\":\"https:\\\/\\\/districos.standingout.be\\\/fr\\\/product\\\/bio-balance-kit-de-depart-all-in-ref-7065-13\\\/#primaryimage\"},\"image\":{\"@id\":\"https:\\\/\\\/districos.standingout.be\\\/fr\\\/product\\\/bio-balance-kit-de-depart-all-in-ref-7065-13\\\/#primaryimage\"},\"thumbnailUrl\":\"https:\\\/\\\/districos.standingout.be\\\/wp-content\\\/uploads\\\/2025\\\/07\\\/7065.13@LowRes_1.png\",\"datePublished\":\"2026-04-28T07:40:49+00:00\",\"dateModified\":\"2026-04-28T07:40:54+00:00\",\"breadcrumb\":{\"@id\":\"https:\\\/\\\/districos.standingout.be\\\/fr\\\/product\\\/bio-balance-kit-de-depart-all-in-ref-7065-13\\\/#breadcrumb\"},\"inLanguage\":\"fr-FR\",\"potentialAction\":[{\"@type\":\"ReadAction\",\"target\":[\"https:\\\/\\\/districos.standingout.be\\\/fr\\\/product\\\/bio-balance-kit-de-depart-all-in-ref-7065-13\\\/\"]}]},{\"@type\":\"ImageObject\",\"inLanguage\":\"fr-FR\",\"@id\":\"https:\\\/\\\/districos.standingout.be\\\/fr\\\/product\\\/bio-balance-kit-de-depart-all-in-ref-7065-13\\\/#primaryimage\",\"url\":\"https:\\\/\\\/districos.standingout.be\\\/wp-content\\\/uploads\\\/2025\\\/07\\\/7065.13@LowRes_1.png\",\"contentUrl\":\"https:\\\/\\\/districos.standingout.be\\\/wp-content\\\/uploads\\\/2025\\\/07\\\/7065.13@LowRes_1.png\",\"width\":600,\"height\":600},{\"@type\":\"BreadcrumbList\",\"@id\":\"https:\\\/\\\/districos.standingout.be\\\/fr\\\/product\\\/bio-balance-kit-de-depart-all-in-ref-7065-13\\\/#breadcrumb\",\"itemListElement\":[{\"@type\":\"ListItem\",\"position\":1,\"name\":\"Home\",\"item\":\"https:\\\/\\\/districos.standingout.be\\\/fr\\\/bienvenue-chez-districos\\\/\"},{\"@type\":\"ListItem\",\"position\":2,\"name\":\"Boutique\",\"item\":\"https:\\\/\\\/districos.standingout.be\\\/fr\\\/boutique\\\/\"},{\"@type\":\"ListItem\",\"position\":3,\"name\":\"Bio Balance Kit de D\u00e9part All-in\"}]},{\"@type\":\"WebSite\",\"@id\":\"https:\\\/\\\/districos.standingout.be\\\/fr\\\/#website\",\"url\":\"https:\\\/\\\/districos.standingout.be\\\/fr\\\/\",\"name\":\"Districos Webshop\",\"description\":\"\",\"publisher\":{\"@id\":\"https:\\\/\\\/districos.standingout.be\\\/fr\\\/#organization\"},\"potentialAction\":[{\"@type\":\"SearchAction\",\"target\":{\"@type\":\"EntryPoint\",\"urlTemplate\":\"https:\\\/\\\/districos.standingout.be\\\/fr\\\/?s={search_term_string}\"},\"query-input\":{\"@type\":\"PropertyValueSpecification\",\"valueRequired\":true,\"valueName\":\"search_term_string\"}}],\"inLanguage\":\"fr-FR\"},{\"@type\":\"Organization\",\"@id\":\"https:\\\/\\\/districos.standingout.be\\\/fr\\\/#organization\",\"name\":\"Districos Webshop\",\"url\":\"https:\\\/\\\/districos.standingout.be\\\/fr\\\/\",\"logo\":{\"@type\":\"ImageObject\",\"inLanguage\":\"fr-FR\",\"@id\":\"https:\\\/\\\/districos.standingout.be\\\/fr\\\/#\\\/schema\\\/logo\\\/image\\\/\",\"url\":\"https:\\\/\\\/districos.standingout.be\\\/wp-content\\\/uploads\\\/2022\\\/09\\\/Districos_Logo_Webshop.svg\",\"contentUrl\":\"https:\\\/\\\/districos.standingout.be\\\/wp-content\\\/uploads\\\/2022\\\/09\\\/Districos_Logo_Webshop.svg\",\"caption\":\"Districos Webshop\"},\"image\":{\"@id\":\"https:\\\/\\\/districos.standingout.be\\\/fr\\\/#\\\/schema\\\/logo\\\/image\\\/\"}}]}<\/script>\n<!-- \/ Yoast SEO plugin. -->","yoast_head_json":{"title":"Bio Balance Kit de D\u00e9part All-in - Districos Webshop","robots":{"index":"noindex","follow":"follow","max-snippet":"max-snippet:-1","max-image-preview":"max-image-preview:large","max-video-preview":"max-video-preview:-1"},"og_locale":"fr_FR","og_type":"article","og_title":"Bio Balance Kit de D\u00e9part All-in - Districos Webshop","og_description":"Le set d\u2019entra\u00eenement id\u00e9al pour les \u00e9tudiant(e)s en esth\u00e9tique avec des produits et du mat\u00e9riel \u00e0 un prix tr\u00e8s favorable ! Contenu Contenu du Bio Balance Kit de D\u00e9part Junior (voir r\u00e9f. 7065.11) + 1 x Bandeau Synth\u00e9tique \u00c9lastique Blanc + 10 x Charlotte Tiss\u00e9e Zigzag + 1 x Cobra Pince d&rsquo;\u00c9pilation Inox \u00e0 Bec [&hellip;]","og_url":"https:\/\/districos.standingout.be\/fr\/product\/bio-balance-kit-de-depart-all-in-ref-7065-13\/","og_site_name":"Districos Webshop","article_modified_time":"2026-04-28T07:40:54+00:00","twitter_card":"summary_large_image","twitter_misc":{"Dur\u00e9e de lecture estim\u00e9e":"1 minute"},"schema":{"@context":"https:\/\/schema.org","@graph":[{"@type":"WebPage","@id":"https:\/\/districos.standingout.be\/fr\/product\/bio-balance-kit-de-depart-all-in-ref-7065-13\/","url":"https:\/\/districos.standingout.be\/fr\/product\/bio-balance-kit-de-depart-all-in-ref-7065-13\/","name":"Bio Balance Kit de D\u00e9part All-in - Districos Webshop","isPartOf":{"@id":"https:\/\/districos.standingout.be\/fr\/#website"},"primaryImageOfPage":{"@id":"https:\/\/districos.standingout.be\/fr\/product\/bio-balance-kit-de-depart-all-in-ref-7065-13\/#primaryimage"},"image":{"@id":"https:\/\/districos.standingout.be\/fr\/product\/bio-balance-kit-de-depart-all-in-ref-7065-13\/#primaryimage"},"thumbnailUrl":"https:\/\/districos.standingout.be\/wp-content\/uploads\/2025\/07\/7065.13@LowRes_1.png","datePublished":"2026-04-28T07:40:49+00:00","dateModified":"2026-04-28T07:40:54+00:00","breadcrumb":{"@id":"https:\/\/districos.standingout.be\/fr\/product\/bio-balance-kit-de-depart-all-in-ref-7065-13\/#breadcrumb"},"inLanguage":"fr-FR","potentialAction":[{"@type":"ReadAction","target":["https:\/\/districos.standingout.be\/fr\/product\/bio-balance-kit-de-depart-all-in-ref-7065-13\/"]}]},{"@type":"ImageObject","inLanguage":"fr-FR","@id":"https:\/\/districos.standingout.be\/fr\/product\/bio-balance-kit-de-depart-all-in-ref-7065-13\/#primaryimage","url":"https:\/\/districos.standingout.be\/wp-content\/uploads\/2025\/07\/7065.13@LowRes_1.png","contentUrl":"https:\/\/districos.standingout.be\/wp-content\/uploads\/2025\/07\/7065.13@LowRes_1.png","width":600,"height":600},{"@type":"BreadcrumbList","@id":"https:\/\/districos.standingout.be\/fr\/product\/bio-balance-kit-de-depart-all-in-ref-7065-13\/#breadcrumb","itemListElement":[{"@type":"ListItem","position":1,"name":"Home","item":"https:\/\/districos.standingout.be\/fr\/bienvenue-chez-districos\/"},{"@type":"ListItem","position":2,"name":"Boutique","item":"https:\/\/districos.standingout.be\/fr\/boutique\/"},{"@type":"ListItem","position":3,"name":"Bio Balance Kit de D\u00e9part All-in"}]},{"@type":"WebSite","@id":"https:\/\/districos.standingout.be\/fr\/#website","url":"https:\/\/districos.standingout.be\/fr\/","name":"Districos Webshop","description":"","publisher":{"@id":"https:\/\/districos.standingout.be\/fr\/#organization"},"potentialAction":[{"@type":"SearchAction","target":{"@type":"EntryPoint","urlTemplate":"https:\/\/districos.standingout.be\/fr\/?s={search_term_string}"},"query-input":{"@type":"PropertyValueSpecification","valueRequired":true,"valueName":"search_term_string"}}],"inLanguage":"fr-FR"},{"@type":"Organization","@id":"https:\/\/districos.standingout.be\/fr\/#organization","name":"Districos Webshop","url":"https:\/\/districos.standingout.be\/fr\/","logo":{"@type":"ImageObject","inLanguage":"fr-FR","@id":"https:\/\/districos.standingout.be\/fr\/#\/schema\/logo\/image\/","url":"https:\/\/districos.standingout.be\/wp-content\/uploads\/2022\/09\/Districos_Logo_Webshop.svg","contentUrl":"https:\/\/districos.standingout.be\/wp-content\/uploads\/2022\/09\/Districos_Logo_Webshop.svg","caption":"Districos Webshop"},"image":{"@id":"https:\/\/districos.standingout.be\/fr\/#\/schema\/logo\/image\/"}}]}},"_links":{"self":[{"href":"https:\/\/districos.standingout.be\/fr\/wp-json\/wp\/v2\/product\/137009","targetHints":{"allow":["GET"]}}],"collection":[{"href":"https:\/\/districos.standingout.be\/fr\/wp-json\/wp\/v2\/product"}],"about":[{"href":"https:\/\/districos.standingout.be\/fr\/wp-json\/wp\/v2\/types\/product"}],"replies":[{"embeddable":true,"href":"https:\/\/districos.standingout.be\/fr\/wp-json\/wp\/v2\/comments?post=137009"}],"wp:featuredmedia":[{"embeddable":true,"href":"https:\/\/districos.standingout.be\/fr\/wp-json\/wp\/v2\/media\/77606"}],"wp:attachment":[{"href":"https:\/\/districos.standingout.be\/fr\/wp-json\/wp\/v2\/media?parent=137009"}],"wp:term":[{"taxonomy":"product_brand","embeddable":true,"href":"https:\/\/districos.standingout.be\/fr\/wp-json\/wp\/v2\/product_brand?post=137009"},{"taxonomy":"product_cat","embeddable":true,"href":"https:\/\/districos.standingout.be\/fr\/wp-json\/wp\/v2\/product_cat?post=137009"},{"taxonomy":"product_tag","embeddable":true,"href":"https:\/\/districos.standingout.be\/fr\/wp-json\/wp\/v2\/product_tag?post=137009"}],"curies":[{"name":"wp","href":"https:\/\/api.w.org\/{rel}","templated":true}]}}