{"id":137011,"date":"2026-04-28T09:40:54","date_gmt":"2026-04-28T07:40:54","guid":{"rendered":"https:\/\/webshopdistricoscom.webhosting.be\/product\/bio-balance-kit-dessai-masques-specifiques-ref-7065-15\/"},"modified":"2026-04-28T09:40:58","modified_gmt":"2026-04-28T07:40:58","slug":"bio-balance-kit-dessai-masques-specifiques-ref-7065-15","status":"publish","type":"product","link":"https:\/\/districos.standingout.be\/fr\/product\/bio-balance-kit-dessai-masques-specifiques-ref-7065-15\/","title":{"rendered":"Bio Balance Kit d&rsquo;Essai Masques Sp\u00e9cifiques"},"content":{"rendered":"<p >\n<\/p>\n<\/p>\n<p dir=\"ltr\"><font size=\"2\">D\u00e9couvrez les soins de Bio Balance avec le \u00ab Kit d&rsquo;Essai Masques Sp\u00e9cifiques \u00bb avantageux !<\/font><\/p>\n<p dir=\"ltr\"><font size=\"2\">Ce kit vous offre :<\/font><\/p>\n<p dir=\"ltr\"><font size=\"2\"><\/font><\/p>\n<ul>\n<li><font size=\"2\">Nettoyant, nettoyant en profondeur, peelings et massage<\/font><\/li>\n<li><font size=\"2\">10 ampoules selon le type de peau<\/font><\/li>\n<li><font size=\"2\">10 masques (2 masques de base et 8 masques intensifs)<\/font><\/li>\n<li><font size=\"2\">2 masques thermiques<\/font><\/li>\n<li><font size=\"2\">1 masque contour des yeux<\/font><\/li>\n<li><font size=\"2\">1 baume \u00e0 l\u00e8vres<\/font><\/li>\n<li><font size=\"2\">Un large choix de cr\u00e8mes de jour selon le type de peau<\/font><\/li>\n<\/ul>\n<p dir=\"ltr\"><font size=\"2\"><\/font><\/p>\n<\/p>\n<div><font size=\"2\">Inscrivez-vous pour notre formation &lsquo;Apr\u00e8s-midi masques de Bio Balance&rsquo; (<\/font><a href=\"https:\/\/www.districosacademy.com\/proto\/course-detail.php?id=71#\" target=\"_blank\" rel=\"noopener noreferrer nofollow\">https:\/\/www.districosacademy.com\/proto\/course-detail.php?id=71#<\/a>)<span>&nbsp;et commencez votre voyage de d\u00e9couverte \u00e0 travers toutes les \u00e9tapes d&rsquo;un soin visage bienfaisant. Lors de la session,vous apprenez l&#8217;emploi correct des produits et vous recevez plein d&rsquo;astuces utiles.<\/span><\/div><\/p>\n","protected":false},"excerpt":{"rendered":"<p>D\u00e9couvrez les soins de Bio Balance avec le \u00ab Kit d&rsquo;Essai Masques Sp\u00e9cifiques \u00bb avantageux ! Ce kit vous offre : Nettoyant, nettoyant en profondeur, peelings et massage 10 ampoules selon le type de peau 10 masques (2 masques de base et 8 masques intensifs) 2 masques thermiques 1 masque contour des yeux 1 baume [&hellip;]<\/p>\n","protected":false},"featured_media":77609,"comment_status":"open","ping_status":"closed","template":"","meta":{"_acf_changed":false},"product_brand":[10308],"product_cat":[9856],"product_tag":[],"class_list":{"0":"post-137011","1":"product","2":"type-product","3":"status-publish","4":"has-post-thumbnail","6":"product_brand-bb_gelaat-fr","7":"product_cat-beaute-visage-bio-balance-visage","9":"first","10":"instock","11":"taxable","12":"shipping-taxable","13":"product-type-simple"},"acf":[],"yoast_head":"<!-- This site is optimized with the Yoast SEO plugin v27.3 - https:\/\/yoast.com\/product\/yoast-seo-wordpress\/ -->\n<title>Bio Balance Kit d&#039;Essai Masques Sp\u00e9cifiques - Districos Webshop<\/title>\n<meta name=\"robots\" content=\"noindex, follow, max-snippet:-1, max-image-preview:large, max-video-preview:-1\" \/>\n<meta property=\"og:locale\" content=\"fr_FR\" \/>\n<meta property=\"og:type\" content=\"article\" \/>\n<meta property=\"og:title\" content=\"Bio Balance Kit d&#039;Essai Masques Sp\u00e9cifiques - Districos Webshop\" \/>\n<meta property=\"og:description\" content=\"D\u00e9couvrez les soins de Bio Balance avec le \u00ab Kit d&rsquo;Essai Masques Sp\u00e9cifiques \u00bb avantageux ! Ce kit vous offre : Nettoyant, nettoyant en profondeur, peelings et massage 10 ampoules selon le type de peau 10 masques (2 masques de base et 8 masques intensifs) 2 masques thermiques 1 masque contour des yeux 1 baume [&hellip;]\" \/>\n<meta property=\"og:url\" content=\"https:\/\/districos.standingout.be\/fr\/product\/bio-balance-kit-dessai-masques-specifiques-ref-7065-15\/\" \/>\n<meta property=\"og:site_name\" content=\"Districos Webshop\" \/>\n<meta property=\"article:modified_time\" content=\"2026-04-28T07:40:58+00:00\" \/>\n<meta name=\"twitter:card\" content=\"summary_large_image\" \/>\n<meta name=\"twitter:label1\" content=\"Dur\u00e9e de lecture estim\u00e9e\" \/>\n\t<meta name=\"twitter:data1\" content=\"1 minute\" \/>\n<script type=\"application\/ld+json\" class=\"yoast-schema-graph\">{\"@context\":\"https:\\\/\\\/schema.org\",\"@graph\":[{\"@type\":\"WebPage\",\"@id\":\"https:\\\/\\\/districos.standingout.be\\\/fr\\\/product\\\/bio-balance-kit-dessai-masques-specifiques-ref-7065-15\\\/\",\"url\":\"https:\\\/\\\/districos.standingout.be\\\/fr\\\/product\\\/bio-balance-kit-dessai-masques-specifiques-ref-7065-15\\\/\",\"name\":\"Bio Balance Kit d'Essai Masques Sp\u00e9cifiques - Districos Webshop\",\"isPartOf\":{\"@id\":\"https:\\\/\\\/districos.standingout.be\\\/fr\\\/#website\"},\"primaryImageOfPage\":{\"@id\":\"https:\\\/\\\/districos.standingout.be\\\/fr\\\/product\\\/bio-balance-kit-dessai-masques-specifiques-ref-7065-15\\\/#primaryimage\"},\"image\":{\"@id\":\"https:\\\/\\\/districos.standingout.be\\\/fr\\\/product\\\/bio-balance-kit-dessai-masques-specifiques-ref-7065-15\\\/#primaryimage\"},\"thumbnailUrl\":\"https:\\\/\\\/districos.standingout.be\\\/wp-content\\\/uploads\\\/2025\\\/07\\\/7065.15@LowRes_1.png\",\"datePublished\":\"2026-04-28T07:40:54+00:00\",\"dateModified\":\"2026-04-28T07:40:58+00:00\",\"breadcrumb\":{\"@id\":\"https:\\\/\\\/districos.standingout.be\\\/fr\\\/product\\\/bio-balance-kit-dessai-masques-specifiques-ref-7065-15\\\/#breadcrumb\"},\"inLanguage\":\"fr-FR\",\"potentialAction\":[{\"@type\":\"ReadAction\",\"target\":[\"https:\\\/\\\/districos.standingout.be\\\/fr\\\/product\\\/bio-balance-kit-dessai-masques-specifiques-ref-7065-15\\\/\"]}]},{\"@type\":\"ImageObject\",\"inLanguage\":\"fr-FR\",\"@id\":\"https:\\\/\\\/districos.standingout.be\\\/fr\\\/product\\\/bio-balance-kit-dessai-masques-specifiques-ref-7065-15\\\/#primaryimage\",\"url\":\"https:\\\/\\\/districos.standingout.be\\\/wp-content\\\/uploads\\\/2025\\\/07\\\/7065.15@LowRes_1.png\",\"contentUrl\":\"https:\\\/\\\/districos.standingout.be\\\/wp-content\\\/uploads\\\/2025\\\/07\\\/7065.15@LowRes_1.png\",\"width\":600,\"height\":600},{\"@type\":\"BreadcrumbList\",\"@id\":\"https:\\\/\\\/districos.standingout.be\\\/fr\\\/product\\\/bio-balance-kit-dessai-masques-specifiques-ref-7065-15\\\/#breadcrumb\",\"itemListElement\":[{\"@type\":\"ListItem\",\"position\":1,\"name\":\"Home\",\"item\":\"https:\\\/\\\/districos.standingout.be\\\/fr\\\/bienvenue-chez-districos\\\/\"},{\"@type\":\"ListItem\",\"position\":2,\"name\":\"Boutique\",\"item\":\"https:\\\/\\\/districos.standingout.be\\\/fr\\\/boutique\\\/\"},{\"@type\":\"ListItem\",\"position\":3,\"name\":\"Bio Balance Kit d&#8217;Essai Masques Sp\u00e9cifiques\"}]},{\"@type\":\"WebSite\",\"@id\":\"https:\\\/\\\/districos.standingout.be\\\/fr\\\/#website\",\"url\":\"https:\\\/\\\/districos.standingout.be\\\/fr\\\/\",\"name\":\"Districos Webshop\",\"description\":\"\",\"publisher\":{\"@id\":\"https:\\\/\\\/districos.standingout.be\\\/fr\\\/#organization\"},\"potentialAction\":[{\"@type\":\"SearchAction\",\"target\":{\"@type\":\"EntryPoint\",\"urlTemplate\":\"https:\\\/\\\/districos.standingout.be\\\/fr\\\/?s={search_term_string}\"},\"query-input\":{\"@type\":\"PropertyValueSpecification\",\"valueRequired\":true,\"valueName\":\"search_term_string\"}}],\"inLanguage\":\"fr-FR\"},{\"@type\":\"Organization\",\"@id\":\"https:\\\/\\\/districos.standingout.be\\\/fr\\\/#organization\",\"name\":\"Districos Webshop\",\"url\":\"https:\\\/\\\/districos.standingout.be\\\/fr\\\/\",\"logo\":{\"@type\":\"ImageObject\",\"inLanguage\":\"fr-FR\",\"@id\":\"https:\\\/\\\/districos.standingout.be\\\/fr\\\/#\\\/schema\\\/logo\\\/image\\\/\",\"url\":\"https:\\\/\\\/districos.standingout.be\\\/wp-content\\\/uploads\\\/2022\\\/09\\\/Districos_Logo_Webshop.svg\",\"contentUrl\":\"https:\\\/\\\/districos.standingout.be\\\/wp-content\\\/uploads\\\/2022\\\/09\\\/Districos_Logo_Webshop.svg\",\"caption\":\"Districos Webshop\"},\"image\":{\"@id\":\"https:\\\/\\\/districos.standingout.be\\\/fr\\\/#\\\/schema\\\/logo\\\/image\\\/\"}}]}<\/script>\n<!-- \/ Yoast SEO plugin. -->","yoast_head_json":{"title":"Bio Balance Kit d'Essai Masques Sp\u00e9cifiques - Districos Webshop","robots":{"index":"noindex","follow":"follow","max-snippet":"max-snippet:-1","max-image-preview":"max-image-preview:large","max-video-preview":"max-video-preview:-1"},"og_locale":"fr_FR","og_type":"article","og_title":"Bio Balance Kit d'Essai Masques Sp\u00e9cifiques - Districos Webshop","og_description":"D\u00e9couvrez les soins de Bio Balance avec le \u00ab Kit d&rsquo;Essai Masques Sp\u00e9cifiques \u00bb avantageux ! Ce kit vous offre : Nettoyant, nettoyant en profondeur, peelings et massage 10 ampoules selon le type de peau 10 masques (2 masques de base et 8 masques intensifs) 2 masques thermiques 1 masque contour des yeux 1 baume [&hellip;]","og_url":"https:\/\/districos.standingout.be\/fr\/product\/bio-balance-kit-dessai-masques-specifiques-ref-7065-15\/","og_site_name":"Districos Webshop","article_modified_time":"2026-04-28T07:40:58+00:00","twitter_card":"summary_large_image","twitter_misc":{"Dur\u00e9e de lecture estim\u00e9e":"1 minute"},"schema":{"@context":"https:\/\/schema.org","@graph":[{"@type":"WebPage","@id":"https:\/\/districos.standingout.be\/fr\/product\/bio-balance-kit-dessai-masques-specifiques-ref-7065-15\/","url":"https:\/\/districos.standingout.be\/fr\/product\/bio-balance-kit-dessai-masques-specifiques-ref-7065-15\/","name":"Bio Balance Kit d'Essai Masques Sp\u00e9cifiques - Districos Webshop","isPartOf":{"@id":"https:\/\/districos.standingout.be\/fr\/#website"},"primaryImageOfPage":{"@id":"https:\/\/districos.standingout.be\/fr\/product\/bio-balance-kit-dessai-masques-specifiques-ref-7065-15\/#primaryimage"},"image":{"@id":"https:\/\/districos.standingout.be\/fr\/product\/bio-balance-kit-dessai-masques-specifiques-ref-7065-15\/#primaryimage"},"thumbnailUrl":"https:\/\/districos.standingout.be\/wp-content\/uploads\/2025\/07\/7065.15@LowRes_1.png","datePublished":"2026-04-28T07:40:54+00:00","dateModified":"2026-04-28T07:40:58+00:00","breadcrumb":{"@id":"https:\/\/districos.standingout.be\/fr\/product\/bio-balance-kit-dessai-masques-specifiques-ref-7065-15\/#breadcrumb"},"inLanguage":"fr-FR","potentialAction":[{"@type":"ReadAction","target":["https:\/\/districos.standingout.be\/fr\/product\/bio-balance-kit-dessai-masques-specifiques-ref-7065-15\/"]}]},{"@type":"ImageObject","inLanguage":"fr-FR","@id":"https:\/\/districos.standingout.be\/fr\/product\/bio-balance-kit-dessai-masques-specifiques-ref-7065-15\/#primaryimage","url":"https:\/\/districos.standingout.be\/wp-content\/uploads\/2025\/07\/7065.15@LowRes_1.png","contentUrl":"https:\/\/districos.standingout.be\/wp-content\/uploads\/2025\/07\/7065.15@LowRes_1.png","width":600,"height":600},{"@type":"BreadcrumbList","@id":"https:\/\/districos.standingout.be\/fr\/product\/bio-balance-kit-dessai-masques-specifiques-ref-7065-15\/#breadcrumb","itemListElement":[{"@type":"ListItem","position":1,"name":"Home","item":"https:\/\/districos.standingout.be\/fr\/bienvenue-chez-districos\/"},{"@type":"ListItem","position":2,"name":"Boutique","item":"https:\/\/districos.standingout.be\/fr\/boutique\/"},{"@type":"ListItem","position":3,"name":"Bio Balance Kit d&#8217;Essai Masques Sp\u00e9cifiques"}]},{"@type":"WebSite","@id":"https:\/\/districos.standingout.be\/fr\/#website","url":"https:\/\/districos.standingout.be\/fr\/","name":"Districos Webshop","description":"","publisher":{"@id":"https:\/\/districos.standingout.be\/fr\/#organization"},"potentialAction":[{"@type":"SearchAction","target":{"@type":"EntryPoint","urlTemplate":"https:\/\/districos.standingout.be\/fr\/?s={search_term_string}"},"query-input":{"@type":"PropertyValueSpecification","valueRequired":true,"valueName":"search_term_string"}}],"inLanguage":"fr-FR"},{"@type":"Organization","@id":"https:\/\/districos.standingout.be\/fr\/#organization","name":"Districos Webshop","url":"https:\/\/districos.standingout.be\/fr\/","logo":{"@type":"ImageObject","inLanguage":"fr-FR","@id":"https:\/\/districos.standingout.be\/fr\/#\/schema\/logo\/image\/","url":"https:\/\/districos.standingout.be\/wp-content\/uploads\/2022\/09\/Districos_Logo_Webshop.svg","contentUrl":"https:\/\/districos.standingout.be\/wp-content\/uploads\/2022\/09\/Districos_Logo_Webshop.svg","caption":"Districos Webshop"},"image":{"@id":"https:\/\/districos.standingout.be\/fr\/#\/schema\/logo\/image\/"}}]}},"_links":{"self":[{"href":"https:\/\/districos.standingout.be\/fr\/wp-json\/wp\/v2\/product\/137011","targetHints":{"allow":["GET"]}}],"collection":[{"href":"https:\/\/districos.standingout.be\/fr\/wp-json\/wp\/v2\/product"}],"about":[{"href":"https:\/\/districos.standingout.be\/fr\/wp-json\/wp\/v2\/types\/product"}],"replies":[{"embeddable":true,"href":"https:\/\/districos.standingout.be\/fr\/wp-json\/wp\/v2\/comments?post=137011"}],"wp:featuredmedia":[{"embeddable":true,"href":"https:\/\/districos.standingout.be\/fr\/wp-json\/wp\/v2\/media\/77609"}],"wp:attachment":[{"href":"https:\/\/districos.standingout.be\/fr\/wp-json\/wp\/v2\/media?parent=137011"}],"wp:term":[{"taxonomy":"product_brand","embeddable":true,"href":"https:\/\/districos.standingout.be\/fr\/wp-json\/wp\/v2\/product_brand?post=137011"},{"taxonomy":"product_cat","embeddable":true,"href":"https:\/\/districos.standingout.be\/fr\/wp-json\/wp\/v2\/product_cat?post=137011"},{"taxonomy":"product_tag","embeddable":true,"href":"https:\/\/districos.standingout.be\/fr\/wp-json\/wp\/v2\/product_tag?post=137011"}],"curies":[{"name":"wp","href":"https:\/\/api.w.org\/{rel}","templated":true}]}}