{"id":137019,"date":"2026-04-28T09:41:11","date_gmt":"2026-04-28T07:41:11","guid":{"rendered":"https:\/\/webshopdistricoscom.webhosting.be\/product\/bio-balance-start-up-retail-set-presentoir-plexi-ref-7065-33\/"},"modified":"2026-04-28T09:41:14","modified_gmt":"2026-04-28T07:41:14","slug":"bio-balance-start-up-retail-set-presentoir-plexi-ref-7065-33","status":"publish","type":"product","link":"https:\/\/districos.standingout.be\/fr\/product\/bio-balance-start-up-retail-set-presentoir-plexi-ref-7065-33\/","title":{"rendered":"Bio Balance Start-Up Retail Set + Pr\u00e9sentoir Plexi"},"content":{"rendered":"<p >\n<p><font size=\"2\"><font face=\"Verdana\">Stimulez les ventes de votre salon avec les produits de vente de Bio Balance !<\/font><\/font><\/p>\n<div><font face=\"Verdana\"><br \/><\/font><\/div>\n<div><font face=\"Verdana\">En tant qu&rsquo;esth\u00e9ticien(ne) professionnel(le), vous connaissez le mieux la peau de votre client(e) et vous comprenez l&rsquo;importance d&rsquo;un soin \u00e0 domicile r\u00e9gulier. Veillez donc \u00e0 toujours leur donner votre avis professionnel \u00e0 ce sujet. Laissez-les continuer les soins avec les produits de Bio Balance \u00e0 la maison et augmentez ainsi votre chiffre d&rsquo;affaires.<\/font><\/div>\n<div><font face=\"Verdana\"><br \/><\/font><\/div>\n<div><font face=\"Verdana\">Ce set contient un pr\u00e9sentoir en plexi avec 5 diff\u00e9rentes cr\u00e8mes de jour de Bio Balance et de mat\u00e9riel de promotion gratuit (\u00e9chantillons, poster).<\/font><\/div>\n<div><font face=\"Verdana\"><br \/><\/font><\/div>\n<div><font face=\"Verdana\"><b>Contenu<\/b><\/font><\/div>\n<div>\n<ul>\n<li><font size=\"2\">2 x Silky Smooth Light Cr\u00e8me de Jour 50 ml&nbsp;<\/font><\/li>\n<li><font size=\"2\">2 x Sensiderm Plus Cr\u00e8me de Jour 50 ml&nbsp;<\/font><\/li>\n<li><font size=\"2\">2 x Hydratense Cr\u00e8me de Jour 50 ml&nbsp;<\/font><\/li>\n<li><font size=\"2\">2 x Active Age Cr\u00e8me de Jour 50 ml&nbsp;<\/font><\/li>\n<li><font size=\"2\">2 x Royal Lift Cr\u00e8me de Jour 50 ml&nbsp;<\/font><\/li>\n<li><font size=\"2\">1 x Pr\u00e9sentoir Plexi (29 x 19 x 30 cm)<\/font><\/li>\n<\/ul>\n<\/div>\n<div><\/div>\n<div>Le pr\u00e9sentoir en plexi est livr\u00e9 avec un poster pour pr\u00e9senter les produits pour le visage et un autre pour les produits pour les pieds de Bio Balance. Il est \u00e9galement disponible s\u00e9par\u00e9ment (<u><a href=\"https:\/\/districos.com\/ProductDetail\/7098.03\" target=\"_blank\" rel=\"noopener noreferrer nofollow\">r\u00e9f. 7098.03<\/a><\/u>).<\/div>\n","protected":false},"excerpt":{"rendered":"<p>Stimulez les ventes de votre salon avec les produits de vente de Bio Balance ! En tant qu&rsquo;esth\u00e9ticien(ne) professionnel(le), vous connaissez le mieux la peau de votre client(e) et vous comprenez l&rsquo;importance d&rsquo;un soin \u00e0 domicile r\u00e9gulier. Veillez donc \u00e0 toujours leur donner votre avis professionnel \u00e0 ce sujet. Laissez-les continuer les soins avec les [&hellip;]<\/p>\n","protected":false},"featured_media":77624,"comment_status":"open","ping_status":"closed","template":"","meta":{"_acf_changed":false},"product_brand":[],"product_cat":[9856],"product_tag":[],"class_list":{"0":"post-137019","1":"product","2":"type-product","3":"status-publish","4":"has-post-thumbnail","6":"product_cat-beaute-visage-bio-balance-visage","8":"first","9":"instock","10":"taxable","11":"shipping-taxable","12":"product-type-simple"},"acf":[],"yoast_head":"<!-- This site is optimized with the Yoast SEO plugin v27.3 - https:\/\/yoast.com\/product\/yoast-seo-wordpress\/ -->\n<title>Bio Balance Start-Up Retail Set + Pr\u00e9sentoir Plexi - Districos Webshop<\/title>\n<meta name=\"robots\" content=\"noindex, follow, max-snippet:-1, max-image-preview:large, max-video-preview:-1\" \/>\n<meta property=\"og:locale\" content=\"fr_FR\" \/>\n<meta property=\"og:type\" content=\"article\" \/>\n<meta property=\"og:title\" content=\"Bio Balance Start-Up Retail Set + Pr\u00e9sentoir Plexi - Districos Webshop\" \/>\n<meta property=\"og:description\" content=\"Stimulez les ventes de votre salon avec les produits de vente de Bio Balance ! En tant qu&rsquo;esth\u00e9ticien(ne) professionnel(le), vous connaissez le mieux la peau de votre client(e) et vous comprenez l&rsquo;importance d&rsquo;un soin \u00e0 domicile r\u00e9gulier. Veillez donc \u00e0 toujours leur donner votre avis professionnel \u00e0 ce sujet. Laissez-les continuer les soins avec les [&hellip;]\" \/>\n<meta property=\"og:url\" content=\"https:\/\/districos.standingout.be\/fr\/product\/bio-balance-start-up-retail-set-presentoir-plexi-ref-7065-33\/\" \/>\n<meta property=\"og:site_name\" content=\"Districos Webshop\" \/>\n<meta property=\"article:modified_time\" content=\"2026-04-28T07:41:14+00:00\" \/>\n<meta name=\"twitter:card\" content=\"summary_large_image\" \/>\n<meta name=\"twitter:label1\" content=\"Dur\u00e9e de lecture estim\u00e9e\" \/>\n\t<meta name=\"twitter:data1\" content=\"1 minute\" \/>\n<script type=\"application\/ld+json\" class=\"yoast-schema-graph\">{\"@context\":\"https:\\\/\\\/schema.org\",\"@graph\":[{\"@type\":\"WebPage\",\"@id\":\"https:\\\/\\\/districos.standingout.be\\\/fr\\\/product\\\/bio-balance-start-up-retail-set-presentoir-plexi-ref-7065-33\\\/\",\"url\":\"https:\\\/\\\/districos.standingout.be\\\/fr\\\/product\\\/bio-balance-start-up-retail-set-presentoir-plexi-ref-7065-33\\\/\",\"name\":\"Bio Balance Start-Up Retail Set + Pr\u00e9sentoir Plexi - Districos Webshop\",\"isPartOf\":{\"@id\":\"https:\\\/\\\/districos.standingout.be\\\/fr\\\/#website\"},\"primaryImageOfPage\":{\"@id\":\"https:\\\/\\\/districos.standingout.be\\\/fr\\\/product\\\/bio-balance-start-up-retail-set-presentoir-plexi-ref-7065-33\\\/#primaryimage\"},\"image\":{\"@id\":\"https:\\\/\\\/districos.standingout.be\\\/fr\\\/product\\\/bio-balance-start-up-retail-set-presentoir-plexi-ref-7065-33\\\/#primaryimage\"},\"thumbnailUrl\":\"https:\\\/\\\/districos.standingout.be\\\/wp-content\\\/uploads\\\/2025\\\/07\\\/7065.33@LowRes_1.png\",\"datePublished\":\"2026-04-28T07:41:11+00:00\",\"dateModified\":\"2026-04-28T07:41:14+00:00\",\"breadcrumb\":{\"@id\":\"https:\\\/\\\/districos.standingout.be\\\/fr\\\/product\\\/bio-balance-start-up-retail-set-presentoir-plexi-ref-7065-33\\\/#breadcrumb\"},\"inLanguage\":\"fr-FR\",\"potentialAction\":[{\"@type\":\"ReadAction\",\"target\":[\"https:\\\/\\\/districos.standingout.be\\\/fr\\\/product\\\/bio-balance-start-up-retail-set-presentoir-plexi-ref-7065-33\\\/\"]}]},{\"@type\":\"ImageObject\",\"inLanguage\":\"fr-FR\",\"@id\":\"https:\\\/\\\/districos.standingout.be\\\/fr\\\/product\\\/bio-balance-start-up-retail-set-presentoir-plexi-ref-7065-33\\\/#primaryimage\",\"url\":\"https:\\\/\\\/districos.standingout.be\\\/wp-content\\\/uploads\\\/2025\\\/07\\\/7065.33@LowRes_1.png\",\"contentUrl\":\"https:\\\/\\\/districos.standingout.be\\\/wp-content\\\/uploads\\\/2025\\\/07\\\/7065.33@LowRes_1.png\",\"width\":600,\"height\":600},{\"@type\":\"BreadcrumbList\",\"@id\":\"https:\\\/\\\/districos.standingout.be\\\/fr\\\/product\\\/bio-balance-start-up-retail-set-presentoir-plexi-ref-7065-33\\\/#breadcrumb\",\"itemListElement\":[{\"@type\":\"ListItem\",\"position\":1,\"name\":\"Home\",\"item\":\"https:\\\/\\\/districos.standingout.be\\\/fr\\\/bienvenue-chez-districos\\\/\"},{\"@type\":\"ListItem\",\"position\":2,\"name\":\"Boutique\",\"item\":\"https:\\\/\\\/districos.standingout.be\\\/fr\\\/boutique\\\/\"},{\"@type\":\"ListItem\",\"position\":3,\"name\":\"Bio Balance Start-Up Retail Set + Pr\u00e9sentoir Plexi\"}]},{\"@type\":\"WebSite\",\"@id\":\"https:\\\/\\\/districos.standingout.be\\\/fr\\\/#website\",\"url\":\"https:\\\/\\\/districos.standingout.be\\\/fr\\\/\",\"name\":\"Districos Webshop\",\"description\":\"\",\"publisher\":{\"@id\":\"https:\\\/\\\/districos.standingout.be\\\/fr\\\/#organization\"},\"potentialAction\":[{\"@type\":\"SearchAction\",\"target\":{\"@type\":\"EntryPoint\",\"urlTemplate\":\"https:\\\/\\\/districos.standingout.be\\\/fr\\\/?s={search_term_string}\"},\"query-input\":{\"@type\":\"PropertyValueSpecification\",\"valueRequired\":true,\"valueName\":\"search_term_string\"}}],\"inLanguage\":\"fr-FR\"},{\"@type\":\"Organization\",\"@id\":\"https:\\\/\\\/districos.standingout.be\\\/fr\\\/#organization\",\"name\":\"Districos Webshop\",\"url\":\"https:\\\/\\\/districos.standingout.be\\\/fr\\\/\",\"logo\":{\"@type\":\"ImageObject\",\"inLanguage\":\"fr-FR\",\"@id\":\"https:\\\/\\\/districos.standingout.be\\\/fr\\\/#\\\/schema\\\/logo\\\/image\\\/\",\"url\":\"https:\\\/\\\/districos.standingout.be\\\/wp-content\\\/uploads\\\/2022\\\/09\\\/Districos_Logo_Webshop.svg\",\"contentUrl\":\"https:\\\/\\\/districos.standingout.be\\\/wp-content\\\/uploads\\\/2022\\\/09\\\/Districos_Logo_Webshop.svg\",\"caption\":\"Districos Webshop\"},\"image\":{\"@id\":\"https:\\\/\\\/districos.standingout.be\\\/fr\\\/#\\\/schema\\\/logo\\\/image\\\/\"}}]}<\/script>\n<!-- \/ Yoast SEO plugin. -->","yoast_head_json":{"title":"Bio Balance Start-Up Retail Set + Pr\u00e9sentoir Plexi - Districos Webshop","robots":{"index":"noindex","follow":"follow","max-snippet":"max-snippet:-1","max-image-preview":"max-image-preview:large","max-video-preview":"max-video-preview:-1"},"og_locale":"fr_FR","og_type":"article","og_title":"Bio Balance Start-Up Retail Set + Pr\u00e9sentoir Plexi - Districos Webshop","og_description":"Stimulez les ventes de votre salon avec les produits de vente de Bio Balance ! En tant qu&rsquo;esth\u00e9ticien(ne) professionnel(le), vous connaissez le mieux la peau de votre client(e) et vous comprenez l&rsquo;importance d&rsquo;un soin \u00e0 domicile r\u00e9gulier. Veillez donc \u00e0 toujours leur donner votre avis professionnel \u00e0 ce sujet. Laissez-les continuer les soins avec les [&hellip;]","og_url":"https:\/\/districos.standingout.be\/fr\/product\/bio-balance-start-up-retail-set-presentoir-plexi-ref-7065-33\/","og_site_name":"Districos Webshop","article_modified_time":"2026-04-28T07:41:14+00:00","twitter_card":"summary_large_image","twitter_misc":{"Dur\u00e9e de lecture estim\u00e9e":"1 minute"},"schema":{"@context":"https:\/\/schema.org","@graph":[{"@type":"WebPage","@id":"https:\/\/districos.standingout.be\/fr\/product\/bio-balance-start-up-retail-set-presentoir-plexi-ref-7065-33\/","url":"https:\/\/districos.standingout.be\/fr\/product\/bio-balance-start-up-retail-set-presentoir-plexi-ref-7065-33\/","name":"Bio Balance Start-Up Retail Set + Pr\u00e9sentoir Plexi - Districos Webshop","isPartOf":{"@id":"https:\/\/districos.standingout.be\/fr\/#website"},"primaryImageOfPage":{"@id":"https:\/\/districos.standingout.be\/fr\/product\/bio-balance-start-up-retail-set-presentoir-plexi-ref-7065-33\/#primaryimage"},"image":{"@id":"https:\/\/districos.standingout.be\/fr\/product\/bio-balance-start-up-retail-set-presentoir-plexi-ref-7065-33\/#primaryimage"},"thumbnailUrl":"https:\/\/districos.standingout.be\/wp-content\/uploads\/2025\/07\/7065.33@LowRes_1.png","datePublished":"2026-04-28T07:41:11+00:00","dateModified":"2026-04-28T07:41:14+00:00","breadcrumb":{"@id":"https:\/\/districos.standingout.be\/fr\/product\/bio-balance-start-up-retail-set-presentoir-plexi-ref-7065-33\/#breadcrumb"},"inLanguage":"fr-FR","potentialAction":[{"@type":"ReadAction","target":["https:\/\/districos.standingout.be\/fr\/product\/bio-balance-start-up-retail-set-presentoir-plexi-ref-7065-33\/"]}]},{"@type":"ImageObject","inLanguage":"fr-FR","@id":"https:\/\/districos.standingout.be\/fr\/product\/bio-balance-start-up-retail-set-presentoir-plexi-ref-7065-33\/#primaryimage","url":"https:\/\/districos.standingout.be\/wp-content\/uploads\/2025\/07\/7065.33@LowRes_1.png","contentUrl":"https:\/\/districos.standingout.be\/wp-content\/uploads\/2025\/07\/7065.33@LowRes_1.png","width":600,"height":600},{"@type":"BreadcrumbList","@id":"https:\/\/districos.standingout.be\/fr\/product\/bio-balance-start-up-retail-set-presentoir-plexi-ref-7065-33\/#breadcrumb","itemListElement":[{"@type":"ListItem","position":1,"name":"Home","item":"https:\/\/districos.standingout.be\/fr\/bienvenue-chez-districos\/"},{"@type":"ListItem","position":2,"name":"Boutique","item":"https:\/\/districos.standingout.be\/fr\/boutique\/"},{"@type":"ListItem","position":3,"name":"Bio Balance Start-Up Retail Set + Pr\u00e9sentoir Plexi"}]},{"@type":"WebSite","@id":"https:\/\/districos.standingout.be\/fr\/#website","url":"https:\/\/districos.standingout.be\/fr\/","name":"Districos Webshop","description":"","publisher":{"@id":"https:\/\/districos.standingout.be\/fr\/#organization"},"potentialAction":[{"@type":"SearchAction","target":{"@type":"EntryPoint","urlTemplate":"https:\/\/districos.standingout.be\/fr\/?s={search_term_string}"},"query-input":{"@type":"PropertyValueSpecification","valueRequired":true,"valueName":"search_term_string"}}],"inLanguage":"fr-FR"},{"@type":"Organization","@id":"https:\/\/districos.standingout.be\/fr\/#organization","name":"Districos Webshop","url":"https:\/\/districos.standingout.be\/fr\/","logo":{"@type":"ImageObject","inLanguage":"fr-FR","@id":"https:\/\/districos.standingout.be\/fr\/#\/schema\/logo\/image\/","url":"https:\/\/districos.standingout.be\/wp-content\/uploads\/2022\/09\/Districos_Logo_Webshop.svg","contentUrl":"https:\/\/districos.standingout.be\/wp-content\/uploads\/2022\/09\/Districos_Logo_Webshop.svg","caption":"Districos Webshop"},"image":{"@id":"https:\/\/districos.standingout.be\/fr\/#\/schema\/logo\/image\/"}}]}},"_links":{"self":[{"href":"https:\/\/districos.standingout.be\/fr\/wp-json\/wp\/v2\/product\/137019","targetHints":{"allow":["GET"]}}],"collection":[{"href":"https:\/\/districos.standingout.be\/fr\/wp-json\/wp\/v2\/product"}],"about":[{"href":"https:\/\/districos.standingout.be\/fr\/wp-json\/wp\/v2\/types\/product"}],"replies":[{"embeddable":true,"href":"https:\/\/districos.standingout.be\/fr\/wp-json\/wp\/v2\/comments?post=137019"}],"wp:featuredmedia":[{"embeddable":true,"href":"https:\/\/districos.standingout.be\/fr\/wp-json\/wp\/v2\/media\/77624"}],"wp:attachment":[{"href":"https:\/\/districos.standingout.be\/fr\/wp-json\/wp\/v2\/media?parent=137019"}],"wp:term":[{"taxonomy":"product_brand","embeddable":true,"href":"https:\/\/districos.standingout.be\/fr\/wp-json\/wp\/v2\/product_brand?post=137019"},{"taxonomy":"product_cat","embeddable":true,"href":"https:\/\/districos.standingout.be\/fr\/wp-json\/wp\/v2\/product_cat?post=137019"},{"taxonomy":"product_tag","embeddable":true,"href":"https:\/\/districos.standingout.be\/fr\/wp-json\/wp\/v2\/product_tag?post=137019"}],"curies":[{"name":"wp","href":"https:\/\/api.w.org\/{rel}","templated":true}]}}