{"id":137027,"date":"2026-04-28T09:42:12","date_gmt":"2026-04-28T07:42:12","guid":{"rendered":"https:\/\/webshopdistricoscom.webhosting.be\/product\/echantillon-bio-balance-silky-smooth-light-3-ml-ref-7066-51\/"},"modified":"2026-04-28T09:42:23","modified_gmt":"2026-04-28T07:42:23","slug":"echantillon-bio-balance-silky-smooth-light-3-ml-ref-7066-51","status":"publish","type":"product","link":"https:\/\/districos.standingout.be\/fr\/product\/echantillon-bio-balance-silky-smooth-light-3-ml-ref-7066-51\/","title":{"rendered":"\u00c9chantillon Bio Balance Silky Smooth Light 3 ml"},"content":{"rendered":"<p >\n<\/p>\n<div><font size=\"2\"><b>RAFRA\u00ceCHISSANT &#8211; HYDRATANT &#8211; REVITALISANT<\/b><\/p>\n<div><\/div>\n<p><\/font><\/div>\n<div><font size=\"2\">Cr\u00e8me de jour l\u00e9g\u00e8re et rafra\u00eechissante \u00e0 l&rsquo;action hydratante et revitalisante, pour les peaux jeunes mixtes \u00e0 grasses. Gr\u00e2ce \u00e0 sa texture l\u00e9g\u00e8re, cette cr\u00e8me est facilement absorb\u00e9e par la peau. Elle est \u00e9galement id\u00e9ale en \u00e9t\u00e9 pour chaque type de peau. La cr\u00e8me pr\u00e9vient le vieillissement cutan\u00e9 et contient un filtre UVB.<\/font><\/div>\n<div>\n<ul>\n<li><font size=\"2\">Hydrate, soigne et prot\u00e8ge la peau contre les influences ext\u00e9rieures nocives.<\/font><\/li>\n<li><font size=\"2\">Ingr\u00e9dients : aloe vera, vitamine E, panth\u00e9nol, allanto\u00efne, Drieline, Fucogel, filtre UVB.<\/font><\/li>\n<li><font size=\"2\">Emballage : \u00e9chantillon de 3 ml.<\/font><\/li>\n<li><font size=\"2\">Vegan.<\/font><\/li>\n<\/ul>\n<div><font size=\"2\"><b>Substances actives<\/b><\/font><\/div>\n<\/div>\n<div>\n<ul>\n<li><font size=\"2\">L&rsquo;aloe vera est reconnue pour ses caract\u00e9ristiques adoucissantes et gu\u00e9rissantes.<\/font><\/li>\n<li><font size=\"2\">Le complexe Drieline renforce la r\u00e9sistance naturelle de la peau et combat le vieillissement cutan\u00e9. Par cons\u00e9quent, la peau devient plus ferme, plus lisse et plus douce.<\/font><\/li>\n<\/ul>\n<div><font size=\"2\"><b>Aussi disponible<\/b><\/font><\/div>\n<\/div>\n<p dir=\"ltr\"><i><\/i><\/p>\n<div>\n<ul>\n<li>Flacon de cabine de 125 ml (<u><a href=\"https:\/\/districos.com\/ProductDetail\/7063.81\" target=\"_blank\" rel=\"noopener noreferrer nofollow\">r\u00e9f. 7063.81<\/a><\/u>)<\/li>\n<li>Flacon de vente de 50 ml (<u><a href=\"https:\/\/districos.com\/ProductDetail\/7073.71\" target=\"_blank\" rel=\"noopener noreferrer nofollow\">r\u00e9f. 7073.71<\/a><\/u>)<\/li>\n<li>Emballage de voyage de 20 ml (<u><a href=\"https:\/\/districos.com\/ProductDetail\/7073.71M\" target=\"_blank\" rel=\"noopener noreferrer nofollow\">r\u00e9f. 7073.71M<\/a><\/u>)<\/li>\n<li>\u00c9chantillon de 3 ml (<u><a href=\"https:\/\/districos.com\/ProductDetail\/7066.51\" target=\"_blank\" rel=\"noopener noreferrer nofollow\">r\u00e9f. 7066.51<\/a><\/u>)<\/li>\n<\/ul>\n<\/div>\n","protected":false},"excerpt":{"rendered":"<p>RAFRA\u00ceCHISSANT &#8211; HYDRATANT &#8211; REVITALISANT Cr\u00e8me de jour l\u00e9g\u00e8re et rafra\u00eechissante \u00e0 l&rsquo;action hydratante et revitalisante, pour les peaux jeunes mixtes \u00e0 grasses. Gr\u00e2ce \u00e0 sa texture l\u00e9g\u00e8re, cette cr\u00e8me est facilement absorb\u00e9e par la peau. Elle est \u00e9galement id\u00e9ale en \u00e9t\u00e9 pour chaque type de peau. La cr\u00e8me pr\u00e9vient le vieillissement cutan\u00e9 et contient [&hellip;]<\/p>\n","protected":false},"featured_media":77636,"comment_status":"open","ping_status":"closed","template":"","meta":{"_acf_changed":false},"product_brand":[10308],"product_cat":[9856,10226],"product_tag":[],"class_list":{"0":"post-137027","1":"product","2":"type-product","3":"status-publish","4":"has-post-thumbnail","6":"product_brand-bb_gelaat-fr","7":"product_cat-beaute-visage-bio-balance-visage","8":"product_cat-promotions-promotions-materiel-promotionnel","10":"first","11":"instock","12":"taxable","13":"shipping-taxable","14":"product-type-simple"},"acf":[],"yoast_head":"<!-- This site is optimized with the Yoast SEO plugin v27.3 - https:\/\/yoast.com\/product\/yoast-seo-wordpress\/ -->\n<title>\u00c9chantillon Bio Balance Silky Smooth Light 3 ml - Districos Webshop<\/title>\n<meta name=\"robots\" content=\"noindex, follow, max-snippet:-1, max-image-preview:large, max-video-preview:-1\" \/>\n<meta property=\"og:locale\" content=\"fr_FR\" \/>\n<meta property=\"og:type\" content=\"article\" \/>\n<meta property=\"og:title\" content=\"\u00c9chantillon Bio Balance Silky Smooth Light 3 ml - Districos Webshop\" \/>\n<meta property=\"og:description\" content=\"RAFRA\u00ceCHISSANT &#8211; HYDRATANT &#8211; REVITALISANT Cr\u00e8me de jour l\u00e9g\u00e8re et rafra\u00eechissante \u00e0 l&rsquo;action hydratante et revitalisante, pour les peaux jeunes mixtes \u00e0 grasses. Gr\u00e2ce \u00e0 sa texture l\u00e9g\u00e8re, cette cr\u00e8me est facilement absorb\u00e9e par la peau. Elle est \u00e9galement id\u00e9ale en \u00e9t\u00e9 pour chaque type de peau. La cr\u00e8me pr\u00e9vient le vieillissement cutan\u00e9 et contient [&hellip;]\" \/>\n<meta property=\"og:url\" content=\"https:\/\/districos.standingout.be\/fr\/product\/echantillon-bio-balance-silky-smooth-light-3-ml-ref-7066-51\/\" \/>\n<meta property=\"og:site_name\" content=\"Districos Webshop\" \/>\n<meta property=\"article:modified_time\" content=\"2026-04-28T07:42:23+00:00\" \/>\n<meta name=\"twitter:card\" content=\"summary_large_image\" \/>\n<meta name=\"twitter:label1\" content=\"Dur\u00e9e de lecture estim\u00e9e\" \/>\n\t<meta name=\"twitter:data1\" content=\"1 minute\" \/>\n<script type=\"application\/ld+json\" class=\"yoast-schema-graph\">{\"@context\":\"https:\\\/\\\/schema.org\",\"@graph\":[{\"@type\":\"WebPage\",\"@id\":\"https:\\\/\\\/districos.standingout.be\\\/fr\\\/product\\\/echantillon-bio-balance-silky-smooth-light-3-ml-ref-7066-51\\\/\",\"url\":\"https:\\\/\\\/districos.standingout.be\\\/fr\\\/product\\\/echantillon-bio-balance-silky-smooth-light-3-ml-ref-7066-51\\\/\",\"name\":\"\u00c9chantillon Bio Balance Silky Smooth Light 3 ml - Districos Webshop\",\"isPartOf\":{\"@id\":\"https:\\\/\\\/districos.standingout.be\\\/fr\\\/#website\"},\"primaryImageOfPage\":{\"@id\":\"https:\\\/\\\/districos.standingout.be\\\/fr\\\/product\\\/echantillon-bio-balance-silky-smooth-light-3-ml-ref-7066-51\\\/#primaryimage\"},\"image\":{\"@id\":\"https:\\\/\\\/districos.standingout.be\\\/fr\\\/product\\\/echantillon-bio-balance-silky-smooth-light-3-ml-ref-7066-51\\\/#primaryimage\"},\"thumbnailUrl\":\"https:\\\/\\\/districos.standingout.be\\\/wp-content\\\/uploads\\\/2025\\\/07\\\/7066.51@LowRes_1_0.png\",\"datePublished\":\"2026-04-28T07:42:12+00:00\",\"dateModified\":\"2026-04-28T07:42:23+00:00\",\"breadcrumb\":{\"@id\":\"https:\\\/\\\/districos.standingout.be\\\/fr\\\/product\\\/echantillon-bio-balance-silky-smooth-light-3-ml-ref-7066-51\\\/#breadcrumb\"},\"inLanguage\":\"fr-FR\",\"potentialAction\":[{\"@type\":\"ReadAction\",\"target\":[\"https:\\\/\\\/districos.standingout.be\\\/fr\\\/product\\\/echantillon-bio-balance-silky-smooth-light-3-ml-ref-7066-51\\\/\"]}]},{\"@type\":\"ImageObject\",\"inLanguage\":\"fr-FR\",\"@id\":\"https:\\\/\\\/districos.standingout.be\\\/fr\\\/product\\\/echantillon-bio-balance-silky-smooth-light-3-ml-ref-7066-51\\\/#primaryimage\",\"url\":\"https:\\\/\\\/districos.standingout.be\\\/wp-content\\\/uploads\\\/2025\\\/07\\\/7066.51@LowRes_1_0.png\",\"contentUrl\":\"https:\\\/\\\/districos.standingout.be\\\/wp-content\\\/uploads\\\/2025\\\/07\\\/7066.51@LowRes_1_0.png\",\"width\":600,\"height\":600},{\"@type\":\"BreadcrumbList\",\"@id\":\"https:\\\/\\\/districos.standingout.be\\\/fr\\\/product\\\/echantillon-bio-balance-silky-smooth-light-3-ml-ref-7066-51\\\/#breadcrumb\",\"itemListElement\":[{\"@type\":\"ListItem\",\"position\":1,\"name\":\"Home\",\"item\":\"https:\\\/\\\/districos.standingout.be\\\/fr\\\/bienvenue-chez-districos\\\/\"},{\"@type\":\"ListItem\",\"position\":2,\"name\":\"Boutique\",\"item\":\"https:\\\/\\\/districos.standingout.be\\\/fr\\\/boutique\\\/\"},{\"@type\":\"ListItem\",\"position\":3,\"name\":\"\u00c9chantillon Bio Balance Silky Smooth Light 3 ml\"}]},{\"@type\":\"WebSite\",\"@id\":\"https:\\\/\\\/districos.standingout.be\\\/fr\\\/#website\",\"url\":\"https:\\\/\\\/districos.standingout.be\\\/fr\\\/\",\"name\":\"Districos Webshop\",\"description\":\"\",\"publisher\":{\"@id\":\"https:\\\/\\\/districos.standingout.be\\\/fr\\\/#organization\"},\"potentialAction\":[{\"@type\":\"SearchAction\",\"target\":{\"@type\":\"EntryPoint\",\"urlTemplate\":\"https:\\\/\\\/districos.standingout.be\\\/fr\\\/?s={search_term_string}\"},\"query-input\":{\"@type\":\"PropertyValueSpecification\",\"valueRequired\":true,\"valueName\":\"search_term_string\"}}],\"inLanguage\":\"fr-FR\"},{\"@type\":\"Organization\",\"@id\":\"https:\\\/\\\/districos.standingout.be\\\/fr\\\/#organization\",\"name\":\"Districos Webshop\",\"url\":\"https:\\\/\\\/districos.standingout.be\\\/fr\\\/\",\"logo\":{\"@type\":\"ImageObject\",\"inLanguage\":\"fr-FR\",\"@id\":\"https:\\\/\\\/districos.standingout.be\\\/fr\\\/#\\\/schema\\\/logo\\\/image\\\/\",\"url\":\"https:\\\/\\\/districos.standingout.be\\\/wp-content\\\/uploads\\\/2022\\\/09\\\/Districos_Logo_Webshop.svg\",\"contentUrl\":\"https:\\\/\\\/districos.standingout.be\\\/wp-content\\\/uploads\\\/2022\\\/09\\\/Districos_Logo_Webshop.svg\",\"caption\":\"Districos Webshop\"},\"image\":{\"@id\":\"https:\\\/\\\/districos.standingout.be\\\/fr\\\/#\\\/schema\\\/logo\\\/image\\\/\"}}]}<\/script>\n<!-- \/ Yoast SEO plugin. -->","yoast_head_json":{"title":"\u00c9chantillon Bio Balance Silky Smooth Light 3 ml - Districos Webshop","robots":{"index":"noindex","follow":"follow","max-snippet":"max-snippet:-1","max-image-preview":"max-image-preview:large","max-video-preview":"max-video-preview:-1"},"og_locale":"fr_FR","og_type":"article","og_title":"\u00c9chantillon Bio Balance Silky Smooth Light 3 ml - Districos Webshop","og_description":"RAFRA\u00ceCHISSANT &#8211; HYDRATANT &#8211; REVITALISANT Cr\u00e8me de jour l\u00e9g\u00e8re et rafra\u00eechissante \u00e0 l&rsquo;action hydratante et revitalisante, pour les peaux jeunes mixtes \u00e0 grasses. Gr\u00e2ce \u00e0 sa texture l\u00e9g\u00e8re, cette cr\u00e8me est facilement absorb\u00e9e par la peau. Elle est \u00e9galement id\u00e9ale en \u00e9t\u00e9 pour chaque type de peau. La cr\u00e8me pr\u00e9vient le vieillissement cutan\u00e9 et contient [&hellip;]","og_url":"https:\/\/districos.standingout.be\/fr\/product\/echantillon-bio-balance-silky-smooth-light-3-ml-ref-7066-51\/","og_site_name":"Districos Webshop","article_modified_time":"2026-04-28T07:42:23+00:00","twitter_card":"summary_large_image","twitter_misc":{"Dur\u00e9e de lecture estim\u00e9e":"1 minute"},"schema":{"@context":"https:\/\/schema.org","@graph":[{"@type":"WebPage","@id":"https:\/\/districos.standingout.be\/fr\/product\/echantillon-bio-balance-silky-smooth-light-3-ml-ref-7066-51\/","url":"https:\/\/districos.standingout.be\/fr\/product\/echantillon-bio-balance-silky-smooth-light-3-ml-ref-7066-51\/","name":"\u00c9chantillon Bio Balance Silky Smooth Light 3 ml - Districos Webshop","isPartOf":{"@id":"https:\/\/districos.standingout.be\/fr\/#website"},"primaryImageOfPage":{"@id":"https:\/\/districos.standingout.be\/fr\/product\/echantillon-bio-balance-silky-smooth-light-3-ml-ref-7066-51\/#primaryimage"},"image":{"@id":"https:\/\/districos.standingout.be\/fr\/product\/echantillon-bio-balance-silky-smooth-light-3-ml-ref-7066-51\/#primaryimage"},"thumbnailUrl":"https:\/\/districos.standingout.be\/wp-content\/uploads\/2025\/07\/7066.51@LowRes_1_0.png","datePublished":"2026-04-28T07:42:12+00:00","dateModified":"2026-04-28T07:42:23+00:00","breadcrumb":{"@id":"https:\/\/districos.standingout.be\/fr\/product\/echantillon-bio-balance-silky-smooth-light-3-ml-ref-7066-51\/#breadcrumb"},"inLanguage":"fr-FR","potentialAction":[{"@type":"ReadAction","target":["https:\/\/districos.standingout.be\/fr\/product\/echantillon-bio-balance-silky-smooth-light-3-ml-ref-7066-51\/"]}]},{"@type":"ImageObject","inLanguage":"fr-FR","@id":"https:\/\/districos.standingout.be\/fr\/product\/echantillon-bio-balance-silky-smooth-light-3-ml-ref-7066-51\/#primaryimage","url":"https:\/\/districos.standingout.be\/wp-content\/uploads\/2025\/07\/7066.51@LowRes_1_0.png","contentUrl":"https:\/\/districos.standingout.be\/wp-content\/uploads\/2025\/07\/7066.51@LowRes_1_0.png","width":600,"height":600},{"@type":"BreadcrumbList","@id":"https:\/\/districos.standingout.be\/fr\/product\/echantillon-bio-balance-silky-smooth-light-3-ml-ref-7066-51\/#breadcrumb","itemListElement":[{"@type":"ListItem","position":1,"name":"Home","item":"https:\/\/districos.standingout.be\/fr\/bienvenue-chez-districos\/"},{"@type":"ListItem","position":2,"name":"Boutique","item":"https:\/\/districos.standingout.be\/fr\/boutique\/"},{"@type":"ListItem","position":3,"name":"\u00c9chantillon Bio Balance Silky Smooth Light 3 ml"}]},{"@type":"WebSite","@id":"https:\/\/districos.standingout.be\/fr\/#website","url":"https:\/\/districos.standingout.be\/fr\/","name":"Districos Webshop","description":"","publisher":{"@id":"https:\/\/districos.standingout.be\/fr\/#organization"},"potentialAction":[{"@type":"SearchAction","target":{"@type":"EntryPoint","urlTemplate":"https:\/\/districos.standingout.be\/fr\/?s={search_term_string}"},"query-input":{"@type":"PropertyValueSpecification","valueRequired":true,"valueName":"search_term_string"}}],"inLanguage":"fr-FR"},{"@type":"Organization","@id":"https:\/\/districos.standingout.be\/fr\/#organization","name":"Districos Webshop","url":"https:\/\/districos.standingout.be\/fr\/","logo":{"@type":"ImageObject","inLanguage":"fr-FR","@id":"https:\/\/districos.standingout.be\/fr\/#\/schema\/logo\/image\/","url":"https:\/\/districos.standingout.be\/wp-content\/uploads\/2022\/09\/Districos_Logo_Webshop.svg","contentUrl":"https:\/\/districos.standingout.be\/wp-content\/uploads\/2022\/09\/Districos_Logo_Webshop.svg","caption":"Districos Webshop"},"image":{"@id":"https:\/\/districos.standingout.be\/fr\/#\/schema\/logo\/image\/"}}]}},"_links":{"self":[{"href":"https:\/\/districos.standingout.be\/fr\/wp-json\/wp\/v2\/product\/137027","targetHints":{"allow":["GET"]}}],"collection":[{"href":"https:\/\/districos.standingout.be\/fr\/wp-json\/wp\/v2\/product"}],"about":[{"href":"https:\/\/districos.standingout.be\/fr\/wp-json\/wp\/v2\/types\/product"}],"replies":[{"embeddable":true,"href":"https:\/\/districos.standingout.be\/fr\/wp-json\/wp\/v2\/comments?post=137027"}],"wp:featuredmedia":[{"embeddable":true,"href":"https:\/\/districos.standingout.be\/fr\/wp-json\/wp\/v2\/media\/77636"}],"wp:attachment":[{"href":"https:\/\/districos.standingout.be\/fr\/wp-json\/wp\/v2\/media?parent=137027"}],"wp:term":[{"taxonomy":"product_brand","embeddable":true,"href":"https:\/\/districos.standingout.be\/fr\/wp-json\/wp\/v2\/product_brand?post=137027"},{"taxonomy":"product_cat","embeddable":true,"href":"https:\/\/districos.standingout.be\/fr\/wp-json\/wp\/v2\/product_cat?post=137027"},{"taxonomy":"product_tag","embeddable":true,"href":"https:\/\/districos.standingout.be\/fr\/wp-json\/wp\/v2\/product_tag?post=137027"}],"curies":[{"name":"wp","href":"https:\/\/api.w.org\/{rel}","templated":true}]}}