{"id":137029,"date":"2026-04-28T09:42:24","date_gmt":"2026-04-28T07:42:24","guid":{"rendered":"https:\/\/webshopdistricoscom.webhosting.be\/product\/echantillon-bio-balance-sensiderm-plus-3-ml-ref-7066-521\/"},"modified":"2026-04-28T09:42:31","modified_gmt":"2026-04-28T07:42:31","slug":"echantillon-bio-balance-sensiderm-plus-3-ml-ref-7066-521","status":"publish","type":"product","link":"https:\/\/districos.standingout.be\/fr\/product\/echantillon-bio-balance-sensiderm-plus-3-ml-ref-7066-521\/","title":{"rendered":"\u00c9chantillon Bio Balance Sensiderm Plus 3 ml"},"content":{"rendered":"<p >\n<p><b><font size=\"2\" face=\"Verdana\">HYDRATANT &#8211; R\u00c9PARATEUR &#8211; ANTI\u00c2GE<\/font><\/b><\/p>\n<div><font size=\"2\">Sensiderm Plus est une cr\u00e8me de jour r\u00e9paratrice et hydratante qui est rapidement absorb\u00e9e et qui apporte une hydratation de longue dur\u00e9e.<\/font><\/div>\n<div>\n<ul>\n<li><font size=\"2\">Sp\u00e9cifiquement d\u00e9velopp\u00e9e pour les types de peaux s\u00e8ches et sensibles qui r\u00e9agissent vite aux produits de soins.<\/font><\/li>\n<li><font size=\"2\">Sans parab\u00e8nes, parfum et colorants.<\/font><\/li>\n<li><font size=\"2\">Ingr\u00e9dients : glyc\u00e9rine pH, beurre de karit\u00e9, huile de macadamia, Phycojuvenine G, Bioglin Chamomile, extrait de CO2 de calendula.<\/font><\/li>\n<li><font size=\"2\">Emballage : \u00e9chantillon de 3 ml.<\/font><\/li>\n<li><font size=\"2\">Vegan.<\/font><\/li>\n<\/ul>\n<div><font size=\"2\"><b>Substances actives<\/b><\/font><\/div>\n<\/div>\n<div>\n<ul>\n<li><font size=\"2\">Le beurre de karit\u00e9 et l&rsquo;huile de macadamia r\u00e9parent et hydratant la peau et sont connus pour leurs caract\u00e9ristiques douces.<\/font><\/li>\n<li><font size=\"2\">L&rsquo;huile de macadamia est une huile v\u00e9g\u00e9tale l\u00e9g\u00e8re et non grasse qui est tr\u00e8s vite absorb\u00e9e par la peau.<\/font><\/li>\n<li><font size=\"2\">La vraie camomille et l&rsquo;extrait de CO2 du calendula ont des propri\u00e9t\u00e9s anti-inflammatoires et adoucissantes pour apaiser la peau r\u00e9active et r\u00e9duire les rougeurs.<\/font><\/li>\n<li><font size=\"2\">Le Phycojuvenine G a une action anti\u00e2ge et r\u00e9pare et prot\u00e8ge les cellules matures du derme. De ce fait, les peaux jeunes conservent leur jeunesse plus longtemps, alors que les peaux matures retrouvent leur jeunesse en r\u00e9duisant les rides et ridules.<\/font><\/li>\n<\/ul>\n<div><font size=\"2\"><b>Aussi disponible<\/b><\/font><\/div>\n<\/div>\n<p dir=\"ltr\">\n<div>\n<ul>\n<li><font size=\"2\">Flacon de cabine de 125 ml (<u><a href=\"https:\/\/districos.com\/ProductDetail\/7063.821\" target=\"_blank\" rel=\"noopener noreferrer nofollow\">r\u00e9f. 7063.821<\/a><\/u>)<\/font><\/li>\n<li><font size=\"2\">Flacon de vente de 50 ml (<u><a href=\"https:\/\/districos.com\/ProductDetail\/7073.721\" target=\"_blank\" rel=\"noopener noreferrer nofollow\">r\u00e9f. 7073.721<\/a><\/u>)<\/font><\/li>\n<\/ul>\n<\/div>\n<p>&nbsp;<\/p>\n","protected":false},"excerpt":{"rendered":"<p>HYDRATANT &#8211; R\u00c9PARATEUR &#8211; ANTI\u00c2GE Sensiderm Plus est une cr\u00e8me de jour r\u00e9paratrice et hydratante qui est rapidement absorb\u00e9e et qui apporte une hydratation de longue dur\u00e9e. Sp\u00e9cifiquement d\u00e9velopp\u00e9e pour les types de peaux s\u00e8ches et sensibles qui r\u00e9agissent vite aux produits de soins. Sans parab\u00e8nes, parfum et colorants. Ingr\u00e9dients : glyc\u00e9rine pH, beurre de [&hellip;]<\/p>\n","protected":false},"featured_media":77642,"comment_status":"open","ping_status":"closed","template":"","meta":{"_acf_changed":false},"product_brand":[10308],"product_cat":[9856,10226],"product_tag":[],"class_list":{"0":"post-137029","1":"product","2":"type-product","3":"status-publish","4":"has-post-thumbnail","6":"product_brand-bb_gelaat-fr","7":"product_cat-beaute-visage-bio-balance-visage","8":"product_cat-promotions-promotions-materiel-promotionnel","10":"first","11":"instock","12":"taxable","13":"shipping-taxable","14":"product-type-simple"},"acf":[],"yoast_head":"<!-- This site is optimized with the Yoast SEO plugin v27.3 - https:\/\/yoast.com\/product\/yoast-seo-wordpress\/ -->\n<title>\u00c9chantillon Bio Balance Sensiderm Plus 3 ml - Districos Webshop<\/title>\n<meta name=\"robots\" content=\"noindex, follow, max-snippet:-1, max-image-preview:large, max-video-preview:-1\" \/>\n<meta property=\"og:locale\" content=\"fr_FR\" \/>\n<meta property=\"og:type\" content=\"article\" \/>\n<meta property=\"og:title\" content=\"\u00c9chantillon Bio Balance Sensiderm Plus 3 ml - Districos Webshop\" \/>\n<meta property=\"og:description\" content=\"HYDRATANT &#8211; R\u00c9PARATEUR &#8211; ANTI\u00c2GE Sensiderm Plus est une cr\u00e8me de jour r\u00e9paratrice et hydratante qui est rapidement absorb\u00e9e et qui apporte une hydratation de longue dur\u00e9e. Sp\u00e9cifiquement d\u00e9velopp\u00e9e pour les types de peaux s\u00e8ches et sensibles qui r\u00e9agissent vite aux produits de soins. Sans parab\u00e8nes, parfum et colorants. Ingr\u00e9dients : glyc\u00e9rine pH, beurre de [&hellip;]\" \/>\n<meta property=\"og:url\" content=\"https:\/\/districos.standingout.be\/fr\/product\/echantillon-bio-balance-sensiderm-plus-3-ml-ref-7066-521\/\" \/>\n<meta property=\"og:site_name\" content=\"Districos Webshop\" \/>\n<meta property=\"article:modified_time\" content=\"2026-04-28T07:42:31+00:00\" \/>\n<meta name=\"twitter:card\" content=\"summary_large_image\" \/>\n<meta name=\"twitter:label1\" content=\"Dur\u00e9e de lecture estim\u00e9e\" \/>\n\t<meta name=\"twitter:data1\" content=\"1 minute\" \/>\n<script type=\"application\/ld+json\" class=\"yoast-schema-graph\">{\"@context\":\"https:\\\/\\\/schema.org\",\"@graph\":[{\"@type\":\"WebPage\",\"@id\":\"https:\\\/\\\/districos.standingout.be\\\/fr\\\/product\\\/echantillon-bio-balance-sensiderm-plus-3-ml-ref-7066-521\\\/\",\"url\":\"https:\\\/\\\/districos.standingout.be\\\/fr\\\/product\\\/echantillon-bio-balance-sensiderm-plus-3-ml-ref-7066-521\\\/\",\"name\":\"\u00c9chantillon Bio Balance Sensiderm Plus 3 ml - Districos Webshop\",\"isPartOf\":{\"@id\":\"https:\\\/\\\/districos.standingout.be\\\/fr\\\/#website\"},\"primaryImageOfPage\":{\"@id\":\"https:\\\/\\\/districos.standingout.be\\\/fr\\\/product\\\/echantillon-bio-balance-sensiderm-plus-3-ml-ref-7066-521\\\/#primaryimage\"},\"image\":{\"@id\":\"https:\\\/\\\/districos.standingout.be\\\/fr\\\/product\\\/echantillon-bio-balance-sensiderm-plus-3-ml-ref-7066-521\\\/#primaryimage\"},\"thumbnailUrl\":\"https:\\\/\\\/districos.standingout.be\\\/wp-content\\\/uploads\\\/2025\\\/07\\\/7066.521@LowRes_0_99.png\",\"datePublished\":\"2026-04-28T07:42:24+00:00\",\"dateModified\":\"2026-04-28T07:42:31+00:00\",\"breadcrumb\":{\"@id\":\"https:\\\/\\\/districos.standingout.be\\\/fr\\\/product\\\/echantillon-bio-balance-sensiderm-plus-3-ml-ref-7066-521\\\/#breadcrumb\"},\"inLanguage\":\"fr-FR\",\"potentialAction\":[{\"@type\":\"ReadAction\",\"target\":[\"https:\\\/\\\/districos.standingout.be\\\/fr\\\/product\\\/echantillon-bio-balance-sensiderm-plus-3-ml-ref-7066-521\\\/\"]}]},{\"@type\":\"ImageObject\",\"inLanguage\":\"fr-FR\",\"@id\":\"https:\\\/\\\/districos.standingout.be\\\/fr\\\/product\\\/echantillon-bio-balance-sensiderm-plus-3-ml-ref-7066-521\\\/#primaryimage\",\"url\":\"https:\\\/\\\/districos.standingout.be\\\/wp-content\\\/uploads\\\/2025\\\/07\\\/7066.521@LowRes_0_99.png\",\"contentUrl\":\"https:\\\/\\\/districos.standingout.be\\\/wp-content\\\/uploads\\\/2025\\\/07\\\/7066.521@LowRes_0_99.png\",\"width\":600,\"height\":600},{\"@type\":\"BreadcrumbList\",\"@id\":\"https:\\\/\\\/districos.standingout.be\\\/fr\\\/product\\\/echantillon-bio-balance-sensiderm-plus-3-ml-ref-7066-521\\\/#breadcrumb\",\"itemListElement\":[{\"@type\":\"ListItem\",\"position\":1,\"name\":\"Home\",\"item\":\"https:\\\/\\\/districos.standingout.be\\\/fr\\\/bienvenue-chez-districos\\\/\"},{\"@type\":\"ListItem\",\"position\":2,\"name\":\"Boutique\",\"item\":\"https:\\\/\\\/districos.standingout.be\\\/fr\\\/boutique\\\/\"},{\"@type\":\"ListItem\",\"position\":3,\"name\":\"\u00c9chantillon Bio Balance Sensiderm Plus 3 ml\"}]},{\"@type\":\"WebSite\",\"@id\":\"https:\\\/\\\/districos.standingout.be\\\/fr\\\/#website\",\"url\":\"https:\\\/\\\/districos.standingout.be\\\/fr\\\/\",\"name\":\"Districos Webshop\",\"description\":\"\",\"publisher\":{\"@id\":\"https:\\\/\\\/districos.standingout.be\\\/fr\\\/#organization\"},\"potentialAction\":[{\"@type\":\"SearchAction\",\"target\":{\"@type\":\"EntryPoint\",\"urlTemplate\":\"https:\\\/\\\/districos.standingout.be\\\/fr\\\/?s={search_term_string}\"},\"query-input\":{\"@type\":\"PropertyValueSpecification\",\"valueRequired\":true,\"valueName\":\"search_term_string\"}}],\"inLanguage\":\"fr-FR\"},{\"@type\":\"Organization\",\"@id\":\"https:\\\/\\\/districos.standingout.be\\\/fr\\\/#organization\",\"name\":\"Districos Webshop\",\"url\":\"https:\\\/\\\/districos.standingout.be\\\/fr\\\/\",\"logo\":{\"@type\":\"ImageObject\",\"inLanguage\":\"fr-FR\",\"@id\":\"https:\\\/\\\/districos.standingout.be\\\/fr\\\/#\\\/schema\\\/logo\\\/image\\\/\",\"url\":\"https:\\\/\\\/districos.standingout.be\\\/wp-content\\\/uploads\\\/2022\\\/09\\\/Districos_Logo_Webshop.svg\",\"contentUrl\":\"https:\\\/\\\/districos.standingout.be\\\/wp-content\\\/uploads\\\/2022\\\/09\\\/Districos_Logo_Webshop.svg\",\"caption\":\"Districos Webshop\"},\"image\":{\"@id\":\"https:\\\/\\\/districos.standingout.be\\\/fr\\\/#\\\/schema\\\/logo\\\/image\\\/\"}}]}<\/script>\n<!-- \/ Yoast SEO plugin. -->","yoast_head_json":{"title":"\u00c9chantillon Bio Balance Sensiderm Plus 3 ml - Districos Webshop","robots":{"index":"noindex","follow":"follow","max-snippet":"max-snippet:-1","max-image-preview":"max-image-preview:large","max-video-preview":"max-video-preview:-1"},"og_locale":"fr_FR","og_type":"article","og_title":"\u00c9chantillon Bio Balance Sensiderm Plus 3 ml - Districos Webshop","og_description":"HYDRATANT &#8211; R\u00c9PARATEUR &#8211; ANTI\u00c2GE Sensiderm Plus est une cr\u00e8me de jour r\u00e9paratrice et hydratante qui est rapidement absorb\u00e9e et qui apporte une hydratation de longue dur\u00e9e. Sp\u00e9cifiquement d\u00e9velopp\u00e9e pour les types de peaux s\u00e8ches et sensibles qui r\u00e9agissent vite aux produits de soins. Sans parab\u00e8nes, parfum et colorants. Ingr\u00e9dients : glyc\u00e9rine pH, beurre de [&hellip;]","og_url":"https:\/\/districos.standingout.be\/fr\/product\/echantillon-bio-balance-sensiderm-plus-3-ml-ref-7066-521\/","og_site_name":"Districos Webshop","article_modified_time":"2026-04-28T07:42:31+00:00","twitter_card":"summary_large_image","twitter_misc":{"Dur\u00e9e de lecture estim\u00e9e":"1 minute"},"schema":{"@context":"https:\/\/schema.org","@graph":[{"@type":"WebPage","@id":"https:\/\/districos.standingout.be\/fr\/product\/echantillon-bio-balance-sensiderm-plus-3-ml-ref-7066-521\/","url":"https:\/\/districos.standingout.be\/fr\/product\/echantillon-bio-balance-sensiderm-plus-3-ml-ref-7066-521\/","name":"\u00c9chantillon Bio Balance Sensiderm Plus 3 ml - Districos Webshop","isPartOf":{"@id":"https:\/\/districos.standingout.be\/fr\/#website"},"primaryImageOfPage":{"@id":"https:\/\/districos.standingout.be\/fr\/product\/echantillon-bio-balance-sensiderm-plus-3-ml-ref-7066-521\/#primaryimage"},"image":{"@id":"https:\/\/districos.standingout.be\/fr\/product\/echantillon-bio-balance-sensiderm-plus-3-ml-ref-7066-521\/#primaryimage"},"thumbnailUrl":"https:\/\/districos.standingout.be\/wp-content\/uploads\/2025\/07\/7066.521@LowRes_0_99.png","datePublished":"2026-04-28T07:42:24+00:00","dateModified":"2026-04-28T07:42:31+00:00","breadcrumb":{"@id":"https:\/\/districos.standingout.be\/fr\/product\/echantillon-bio-balance-sensiderm-plus-3-ml-ref-7066-521\/#breadcrumb"},"inLanguage":"fr-FR","potentialAction":[{"@type":"ReadAction","target":["https:\/\/districos.standingout.be\/fr\/product\/echantillon-bio-balance-sensiderm-plus-3-ml-ref-7066-521\/"]}]},{"@type":"ImageObject","inLanguage":"fr-FR","@id":"https:\/\/districos.standingout.be\/fr\/product\/echantillon-bio-balance-sensiderm-plus-3-ml-ref-7066-521\/#primaryimage","url":"https:\/\/districos.standingout.be\/wp-content\/uploads\/2025\/07\/7066.521@LowRes_0_99.png","contentUrl":"https:\/\/districos.standingout.be\/wp-content\/uploads\/2025\/07\/7066.521@LowRes_0_99.png","width":600,"height":600},{"@type":"BreadcrumbList","@id":"https:\/\/districos.standingout.be\/fr\/product\/echantillon-bio-balance-sensiderm-plus-3-ml-ref-7066-521\/#breadcrumb","itemListElement":[{"@type":"ListItem","position":1,"name":"Home","item":"https:\/\/districos.standingout.be\/fr\/bienvenue-chez-districos\/"},{"@type":"ListItem","position":2,"name":"Boutique","item":"https:\/\/districos.standingout.be\/fr\/boutique\/"},{"@type":"ListItem","position":3,"name":"\u00c9chantillon Bio Balance Sensiderm Plus 3 ml"}]},{"@type":"WebSite","@id":"https:\/\/districos.standingout.be\/fr\/#website","url":"https:\/\/districos.standingout.be\/fr\/","name":"Districos Webshop","description":"","publisher":{"@id":"https:\/\/districos.standingout.be\/fr\/#organization"},"potentialAction":[{"@type":"SearchAction","target":{"@type":"EntryPoint","urlTemplate":"https:\/\/districos.standingout.be\/fr\/?s={search_term_string}"},"query-input":{"@type":"PropertyValueSpecification","valueRequired":true,"valueName":"search_term_string"}}],"inLanguage":"fr-FR"},{"@type":"Organization","@id":"https:\/\/districos.standingout.be\/fr\/#organization","name":"Districos Webshop","url":"https:\/\/districos.standingout.be\/fr\/","logo":{"@type":"ImageObject","inLanguage":"fr-FR","@id":"https:\/\/districos.standingout.be\/fr\/#\/schema\/logo\/image\/","url":"https:\/\/districos.standingout.be\/wp-content\/uploads\/2022\/09\/Districos_Logo_Webshop.svg","contentUrl":"https:\/\/districos.standingout.be\/wp-content\/uploads\/2022\/09\/Districos_Logo_Webshop.svg","caption":"Districos Webshop"},"image":{"@id":"https:\/\/districos.standingout.be\/fr\/#\/schema\/logo\/image\/"}}]}},"_links":{"self":[{"href":"https:\/\/districos.standingout.be\/fr\/wp-json\/wp\/v2\/product\/137029","targetHints":{"allow":["GET"]}}],"collection":[{"href":"https:\/\/districos.standingout.be\/fr\/wp-json\/wp\/v2\/product"}],"about":[{"href":"https:\/\/districos.standingout.be\/fr\/wp-json\/wp\/v2\/types\/product"}],"replies":[{"embeddable":true,"href":"https:\/\/districos.standingout.be\/fr\/wp-json\/wp\/v2\/comments?post=137029"}],"wp:featuredmedia":[{"embeddable":true,"href":"https:\/\/districos.standingout.be\/fr\/wp-json\/wp\/v2\/media\/77642"}],"wp:attachment":[{"href":"https:\/\/districos.standingout.be\/fr\/wp-json\/wp\/v2\/media?parent=137029"}],"wp:term":[{"taxonomy":"product_brand","embeddable":true,"href":"https:\/\/districos.standingout.be\/fr\/wp-json\/wp\/v2\/product_brand?post=137029"},{"taxonomy":"product_cat","embeddable":true,"href":"https:\/\/districos.standingout.be\/fr\/wp-json\/wp\/v2\/product_cat?post=137029"},{"taxonomy":"product_tag","embeddable":true,"href":"https:\/\/districos.standingout.be\/fr\/wp-json\/wp\/v2\/product_tag?post=137029"}],"curies":[{"name":"wp","href":"https:\/\/api.w.org\/{rel}","templated":true}]}}