{"id":137035,"date":"2026-04-28T09:42:49","date_gmt":"2026-04-28T07:42:49","guid":{"rendered":"https:\/\/webshopdistricoscom.webhosting.be\/product\/echantillon-bio-balance-nutri-tan-3-ml-ref-7066-55\/"},"modified":"2026-04-28T09:42:55","modified_gmt":"2026-04-28T07:42:55","slug":"echantillon-bio-balance-nutri-tan-3-ml-ref-7066-55","status":"publish","type":"product","link":"https:\/\/districos.standingout.be\/fr\/product\/echantillon-bio-balance-nutri-tan-3-ml-ref-7066-55\/","title":{"rendered":"\u00c9chantillon Bio Balance Nutri Tan 3 ml"},"content":{"rendered":"<p >\n<\/p>\n<\/p>\n<p><span><b>AUTOBRONZANT &#8211; HYDRATANT &#8211; RAFFERMISSANT<\/b><o:p><\/o:p><\/span><\/p>\n<p><span>Nutri Tan est une cr\u00e8me de jour qui hydrate la peau et lui donne un bel \u00e9clat naturel. Avec cette cr\u00e8me de jour, vous pouvez progressivement intensifier votre teint et avoir un contr\u00f4le total de celui-ci.<o:p><\/o:p><\/span><\/p>\n<ul>\n<li><span>Cr\u00e8me de jour hydratante pour un bronzage progressif.<\/span><\/li>\n<li><span>R\u00e9sultat naturel sans traces.<\/span><\/li>\n<li><span>Texture am\u00e9lior\u00e9e.<\/span><\/li>\n<li><span>Parfum plus agr\u00e9able.<\/span><\/li>\n<li><span>Formule qui hydrate encore mieux.<\/span><\/li>\n<li><span>50 ml.<\/span><\/li>\n<li><span>Vegan.<\/span><\/li>\n<\/ul>\n<ul type=\"disc\"> <\/ul>\n<p><span><b>Substances actives<\/b><o:p><\/o:p><\/span><\/p>\n<p><span>La formule renouvel\u00e9e contient 5 % de DHA Plus, qui pr\u00e9sente les m\u00eames avantages que le DHA, mais qui donne un r\u00e9sultat encore plus naturel et un parfum plus subtil. De plus, la formule a \u00e9t\u00e9 enrichie en sorbitol et en Drieline. Le sorbitol est un pr\u00e9biotique hydratant qui nourrit et \u00e9quilibre le microbiome de la peau. Le Drieline stimule la synth\u00e8se du collag\u00e8ne et renforce les d\u00e9fenses naturelles de la peau.<o:p><\/o:p><\/span><\/p>\n<p><span>Mode d&#8217;emploi<o:p><\/o:p><\/span><\/p>\n<p><span>Appliquez uniform\u00e9ment sur le visage, le cou et le d\u00e9collet\u00e9 nettoy\u00e9s 2 \u00e0 4 fois par semaine, selon le r\u00e9sultat d\u00e9sir\u00e9.<o:p><\/o:p><\/span><\/p>\n<p><span><b>Aussi disponible<\/b><o:p><\/o:p><\/span><\/p>\n<ul>\n<li><span>Emballage de vente de 50 ml (<\/span><a href=\"https:\/\/webshop.districos.com\/ProductDetail\/7073.75\"style=\"font-family: Verdana, sans-serif; font-size: 10pt;\" target=\"_blank\" rel=\"noopener noreferrer nofollow\"><span>r\u00e9f. 7073.75<\/span><\/a><span>)<\/span><\/li>\n<li><span>Emballage de voyage de 20 ml (<\/span><a href=\"https:\/\/webshop.districos.com\/ProductDetail\/7073.75M\"style=\"font-family: Verdana, sans-serif; font-size: 10pt;\" target=\"_blank\" rel=\"noopener noreferrer nofollow\"><span>r\u00e9f. 7073.75M<\/span><\/a><span>)<\/span><\/li>\n<li><span>Pr\u00e9sentoir avec 25 x 20 ml (<\/span><a href=\"https:\/\/webshop.districos.com\/ProductDetail\/7073.75D\"style=\"font-family: Verdana, sans-serif; font-size: 10pt;\" target=\"_blank\" rel=\"noopener noreferrer nofollow\"><span>r\u00e9f. 7073.75D<\/span><\/a><span>)<\/span><\/li>\n<li><span>Set de vente Nutri Tan AVEC pr\u00e9sentoir (<\/span><a href=\"https:\/\/webshop.districos.com\/ProductDetail\/7073.751\"style=\"font-family: Verdana, sans-serif; font-size: 10pt;\" target=\"_blank\" rel=\"noopener noreferrer nofollow\"><span>r\u00e9f. 7073.751<\/span><\/a><span>)<\/span><\/li>\n<li><span>Set de vente Nutri Tan SANS pr\u00e9sentoir (<a href=\"https:\/\/webshop.districos.com\/ProductDetail\/7073.752\" target=\"_blank\" rel=\"noopener noreferrer nofollow\"><span>r\u00e9f. 7073.752<\/span><\/a>)<\/span><\/li>\n<\/ul>\n<ul type=\"disc\"> <\/ul>\n<p dir=\"ltr\">\n","protected":false},"excerpt":{"rendered":"<p>AUTOBRONZANT &#8211; HYDRATANT &#8211; RAFFERMISSANT Nutri Tan est une cr\u00e8me de jour qui hydrate la peau et lui donne un bel \u00e9clat naturel. Avec cette cr\u00e8me de jour, vous pouvez progressivement intensifier votre teint et avoir un contr\u00f4le total de celui-ci. Cr\u00e8me de jour hydratante pour un bronzage progressif. R\u00e9sultat naturel sans traces. Texture am\u00e9lior\u00e9e. [&hellip;]<\/p>\n","protected":false},"featured_media":77651,"comment_status":"open","ping_status":"closed","template":"","meta":{"_acf_changed":false},"product_brand":[10308],"product_cat":[9856,10226],"product_tag":[],"class_list":{"0":"post-137035","1":"product","2":"type-product","3":"status-publish","4":"has-post-thumbnail","6":"product_brand-bb_gelaat-fr","7":"product_cat-beaute-visage-bio-balance-visage","8":"product_cat-promotions-promotions-materiel-promotionnel","10":"first","11":"instock","12":"taxable","13":"shipping-taxable","14":"product-type-simple"},"acf":[],"yoast_head":"<!-- This site is optimized with the Yoast SEO plugin v27.3 - https:\/\/yoast.com\/product\/yoast-seo-wordpress\/ -->\n<title>\u00c9chantillon Bio Balance Nutri Tan 3 ml - Districos Webshop<\/title>\n<meta name=\"robots\" content=\"noindex, follow, max-snippet:-1, max-image-preview:large, max-video-preview:-1\" \/>\n<meta property=\"og:locale\" content=\"fr_FR\" \/>\n<meta property=\"og:type\" content=\"article\" \/>\n<meta property=\"og:title\" content=\"\u00c9chantillon Bio Balance Nutri Tan 3 ml - Districos Webshop\" \/>\n<meta property=\"og:description\" content=\"AUTOBRONZANT &#8211; HYDRATANT &#8211; RAFFERMISSANT Nutri Tan est une cr\u00e8me de jour qui hydrate la peau et lui donne un bel \u00e9clat naturel. Avec cette cr\u00e8me de jour, vous pouvez progressivement intensifier votre teint et avoir un contr\u00f4le total de celui-ci. Cr\u00e8me de jour hydratante pour un bronzage progressif. R\u00e9sultat naturel sans traces. Texture am\u00e9lior\u00e9e. [&hellip;]\" \/>\n<meta property=\"og:url\" content=\"https:\/\/districos.standingout.be\/fr\/product\/echantillon-bio-balance-nutri-tan-3-ml-ref-7066-55\/\" \/>\n<meta property=\"og:site_name\" content=\"Districos Webshop\" \/>\n<meta property=\"article:modified_time\" content=\"2026-04-28T07:42:55+00:00\" \/>\n<meta name=\"twitter:card\" content=\"summary_large_image\" \/>\n<meta name=\"twitter:label1\" content=\"Dur\u00e9e de lecture estim\u00e9e\" \/>\n\t<meta name=\"twitter:data1\" content=\"1 minute\" \/>\n<script type=\"application\/ld+json\" class=\"yoast-schema-graph\">{\"@context\":\"https:\\\/\\\/schema.org\",\"@graph\":[{\"@type\":\"WebPage\",\"@id\":\"https:\\\/\\\/districos.standingout.be\\\/fr\\\/product\\\/echantillon-bio-balance-nutri-tan-3-ml-ref-7066-55\\\/\",\"url\":\"https:\\\/\\\/districos.standingout.be\\\/fr\\\/product\\\/echantillon-bio-balance-nutri-tan-3-ml-ref-7066-55\\\/\",\"name\":\"\u00c9chantillon Bio Balance Nutri Tan 3 ml - Districos Webshop\",\"isPartOf\":{\"@id\":\"https:\\\/\\\/districos.standingout.be\\\/fr\\\/#website\"},\"primaryImageOfPage\":{\"@id\":\"https:\\\/\\\/districos.standingout.be\\\/fr\\\/product\\\/echantillon-bio-balance-nutri-tan-3-ml-ref-7066-55\\\/#primaryimage\"},\"image\":{\"@id\":\"https:\\\/\\\/districos.standingout.be\\\/fr\\\/product\\\/echantillon-bio-balance-nutri-tan-3-ml-ref-7066-55\\\/#primaryimage\"},\"thumbnailUrl\":\"https:\\\/\\\/districos.standingout.be\\\/wp-content\\\/uploads\\\/2025\\\/07\\\/7066.55@LowRes_1.png\",\"datePublished\":\"2026-04-28T07:42:49+00:00\",\"dateModified\":\"2026-04-28T07:42:55+00:00\",\"breadcrumb\":{\"@id\":\"https:\\\/\\\/districos.standingout.be\\\/fr\\\/product\\\/echantillon-bio-balance-nutri-tan-3-ml-ref-7066-55\\\/#breadcrumb\"},\"inLanguage\":\"fr-FR\",\"potentialAction\":[{\"@type\":\"ReadAction\",\"target\":[\"https:\\\/\\\/districos.standingout.be\\\/fr\\\/product\\\/echantillon-bio-balance-nutri-tan-3-ml-ref-7066-55\\\/\"]}]},{\"@type\":\"ImageObject\",\"inLanguage\":\"fr-FR\",\"@id\":\"https:\\\/\\\/districos.standingout.be\\\/fr\\\/product\\\/echantillon-bio-balance-nutri-tan-3-ml-ref-7066-55\\\/#primaryimage\",\"url\":\"https:\\\/\\\/districos.standingout.be\\\/wp-content\\\/uploads\\\/2025\\\/07\\\/7066.55@LowRes_1.png\",\"contentUrl\":\"https:\\\/\\\/districos.standingout.be\\\/wp-content\\\/uploads\\\/2025\\\/07\\\/7066.55@LowRes_1.png\",\"width\":600,\"height\":600},{\"@type\":\"BreadcrumbList\",\"@id\":\"https:\\\/\\\/districos.standingout.be\\\/fr\\\/product\\\/echantillon-bio-balance-nutri-tan-3-ml-ref-7066-55\\\/#breadcrumb\",\"itemListElement\":[{\"@type\":\"ListItem\",\"position\":1,\"name\":\"Home\",\"item\":\"https:\\\/\\\/districos.standingout.be\\\/fr\\\/bienvenue-chez-districos\\\/\"},{\"@type\":\"ListItem\",\"position\":2,\"name\":\"Boutique\",\"item\":\"https:\\\/\\\/districos.standingout.be\\\/fr\\\/boutique\\\/\"},{\"@type\":\"ListItem\",\"position\":3,\"name\":\"\u00c9chantillon Bio Balance Nutri Tan 3 ml\"}]},{\"@type\":\"WebSite\",\"@id\":\"https:\\\/\\\/districos.standingout.be\\\/fr\\\/#website\",\"url\":\"https:\\\/\\\/districos.standingout.be\\\/fr\\\/\",\"name\":\"Districos Webshop\",\"description\":\"\",\"publisher\":{\"@id\":\"https:\\\/\\\/districos.standingout.be\\\/fr\\\/#organization\"},\"potentialAction\":[{\"@type\":\"SearchAction\",\"target\":{\"@type\":\"EntryPoint\",\"urlTemplate\":\"https:\\\/\\\/districos.standingout.be\\\/fr\\\/?s={search_term_string}\"},\"query-input\":{\"@type\":\"PropertyValueSpecification\",\"valueRequired\":true,\"valueName\":\"search_term_string\"}}],\"inLanguage\":\"fr-FR\"},{\"@type\":\"Organization\",\"@id\":\"https:\\\/\\\/districos.standingout.be\\\/fr\\\/#organization\",\"name\":\"Districos Webshop\",\"url\":\"https:\\\/\\\/districos.standingout.be\\\/fr\\\/\",\"logo\":{\"@type\":\"ImageObject\",\"inLanguage\":\"fr-FR\",\"@id\":\"https:\\\/\\\/districos.standingout.be\\\/fr\\\/#\\\/schema\\\/logo\\\/image\\\/\",\"url\":\"https:\\\/\\\/districos.standingout.be\\\/wp-content\\\/uploads\\\/2022\\\/09\\\/Districos_Logo_Webshop.svg\",\"contentUrl\":\"https:\\\/\\\/districos.standingout.be\\\/wp-content\\\/uploads\\\/2022\\\/09\\\/Districos_Logo_Webshop.svg\",\"caption\":\"Districos Webshop\"},\"image\":{\"@id\":\"https:\\\/\\\/districos.standingout.be\\\/fr\\\/#\\\/schema\\\/logo\\\/image\\\/\"}}]}<\/script>\n<!-- \/ Yoast SEO plugin. -->","yoast_head_json":{"title":"\u00c9chantillon Bio Balance Nutri Tan 3 ml - Districos Webshop","robots":{"index":"noindex","follow":"follow","max-snippet":"max-snippet:-1","max-image-preview":"max-image-preview:large","max-video-preview":"max-video-preview:-1"},"og_locale":"fr_FR","og_type":"article","og_title":"\u00c9chantillon Bio Balance Nutri Tan 3 ml - Districos Webshop","og_description":"AUTOBRONZANT &#8211; HYDRATANT &#8211; RAFFERMISSANT Nutri Tan est une cr\u00e8me de jour qui hydrate la peau et lui donne un bel \u00e9clat naturel. Avec cette cr\u00e8me de jour, vous pouvez progressivement intensifier votre teint et avoir un contr\u00f4le total de celui-ci. Cr\u00e8me de jour hydratante pour un bronzage progressif. R\u00e9sultat naturel sans traces. Texture am\u00e9lior\u00e9e. [&hellip;]","og_url":"https:\/\/districos.standingout.be\/fr\/product\/echantillon-bio-balance-nutri-tan-3-ml-ref-7066-55\/","og_site_name":"Districos Webshop","article_modified_time":"2026-04-28T07:42:55+00:00","twitter_card":"summary_large_image","twitter_misc":{"Dur\u00e9e de lecture estim\u00e9e":"1 minute"},"schema":{"@context":"https:\/\/schema.org","@graph":[{"@type":"WebPage","@id":"https:\/\/districos.standingout.be\/fr\/product\/echantillon-bio-balance-nutri-tan-3-ml-ref-7066-55\/","url":"https:\/\/districos.standingout.be\/fr\/product\/echantillon-bio-balance-nutri-tan-3-ml-ref-7066-55\/","name":"\u00c9chantillon Bio Balance Nutri Tan 3 ml - Districos Webshop","isPartOf":{"@id":"https:\/\/districos.standingout.be\/fr\/#website"},"primaryImageOfPage":{"@id":"https:\/\/districos.standingout.be\/fr\/product\/echantillon-bio-balance-nutri-tan-3-ml-ref-7066-55\/#primaryimage"},"image":{"@id":"https:\/\/districos.standingout.be\/fr\/product\/echantillon-bio-balance-nutri-tan-3-ml-ref-7066-55\/#primaryimage"},"thumbnailUrl":"https:\/\/districos.standingout.be\/wp-content\/uploads\/2025\/07\/7066.55@LowRes_1.png","datePublished":"2026-04-28T07:42:49+00:00","dateModified":"2026-04-28T07:42:55+00:00","breadcrumb":{"@id":"https:\/\/districos.standingout.be\/fr\/product\/echantillon-bio-balance-nutri-tan-3-ml-ref-7066-55\/#breadcrumb"},"inLanguage":"fr-FR","potentialAction":[{"@type":"ReadAction","target":["https:\/\/districos.standingout.be\/fr\/product\/echantillon-bio-balance-nutri-tan-3-ml-ref-7066-55\/"]}]},{"@type":"ImageObject","inLanguage":"fr-FR","@id":"https:\/\/districos.standingout.be\/fr\/product\/echantillon-bio-balance-nutri-tan-3-ml-ref-7066-55\/#primaryimage","url":"https:\/\/districos.standingout.be\/wp-content\/uploads\/2025\/07\/7066.55@LowRes_1.png","contentUrl":"https:\/\/districos.standingout.be\/wp-content\/uploads\/2025\/07\/7066.55@LowRes_1.png","width":600,"height":600},{"@type":"BreadcrumbList","@id":"https:\/\/districos.standingout.be\/fr\/product\/echantillon-bio-balance-nutri-tan-3-ml-ref-7066-55\/#breadcrumb","itemListElement":[{"@type":"ListItem","position":1,"name":"Home","item":"https:\/\/districos.standingout.be\/fr\/bienvenue-chez-districos\/"},{"@type":"ListItem","position":2,"name":"Boutique","item":"https:\/\/districos.standingout.be\/fr\/boutique\/"},{"@type":"ListItem","position":3,"name":"\u00c9chantillon Bio Balance Nutri Tan 3 ml"}]},{"@type":"WebSite","@id":"https:\/\/districos.standingout.be\/fr\/#website","url":"https:\/\/districos.standingout.be\/fr\/","name":"Districos Webshop","description":"","publisher":{"@id":"https:\/\/districos.standingout.be\/fr\/#organization"},"potentialAction":[{"@type":"SearchAction","target":{"@type":"EntryPoint","urlTemplate":"https:\/\/districos.standingout.be\/fr\/?s={search_term_string}"},"query-input":{"@type":"PropertyValueSpecification","valueRequired":true,"valueName":"search_term_string"}}],"inLanguage":"fr-FR"},{"@type":"Organization","@id":"https:\/\/districos.standingout.be\/fr\/#organization","name":"Districos Webshop","url":"https:\/\/districos.standingout.be\/fr\/","logo":{"@type":"ImageObject","inLanguage":"fr-FR","@id":"https:\/\/districos.standingout.be\/fr\/#\/schema\/logo\/image\/","url":"https:\/\/districos.standingout.be\/wp-content\/uploads\/2022\/09\/Districos_Logo_Webshop.svg","contentUrl":"https:\/\/districos.standingout.be\/wp-content\/uploads\/2022\/09\/Districos_Logo_Webshop.svg","caption":"Districos Webshop"},"image":{"@id":"https:\/\/districos.standingout.be\/fr\/#\/schema\/logo\/image\/"}}]}},"_links":{"self":[{"href":"https:\/\/districos.standingout.be\/fr\/wp-json\/wp\/v2\/product\/137035","targetHints":{"allow":["GET"]}}],"collection":[{"href":"https:\/\/districos.standingout.be\/fr\/wp-json\/wp\/v2\/product"}],"about":[{"href":"https:\/\/districos.standingout.be\/fr\/wp-json\/wp\/v2\/types\/product"}],"replies":[{"embeddable":true,"href":"https:\/\/districos.standingout.be\/fr\/wp-json\/wp\/v2\/comments?post=137035"}],"wp:featuredmedia":[{"embeddable":true,"href":"https:\/\/districos.standingout.be\/fr\/wp-json\/wp\/v2\/media\/77651"}],"wp:attachment":[{"href":"https:\/\/districos.standingout.be\/fr\/wp-json\/wp\/v2\/media?parent=137035"}],"wp:term":[{"taxonomy":"product_brand","embeddable":true,"href":"https:\/\/districos.standingout.be\/fr\/wp-json\/wp\/v2\/product_brand?post=137035"},{"taxonomy":"product_cat","embeddable":true,"href":"https:\/\/districos.standingout.be\/fr\/wp-json\/wp\/v2\/product_cat?post=137035"},{"taxonomy":"product_tag","embeddable":true,"href":"https:\/\/districos.standingout.be\/fr\/wp-json\/wp\/v2\/product_tag?post=137035"}],"curies":[{"name":"wp","href":"https:\/\/api.w.org\/{rel}","templated":true}]}}