{"id":137041,"date":"2026-04-28T09:43:43","date_gmt":"2026-04-28T07:43:43","guid":{"rendered":"https:\/\/webshopdistricoscom.webhosting.be\/product\/echantillon-bio-balance-blemish-balm-a-touch-of-sun-3-ml-ref-7066-60\/"},"modified":"2026-04-28T09:43:47","modified_gmt":"2026-04-28T07:43:47","slug":"echantillon-bio-balance-blemish-balm-a-touch-of-sun-3-ml-ref-7066-60","status":"publish","type":"product","link":"https:\/\/districos.standingout.be\/fr\/product\/echantillon-bio-balance-blemish-balm-a-touch-of-sun-3-ml-ref-7066-60\/","title":{"rendered":"\u00c9chantillon Bio Balance Blemish Balm A Touch of Sun 3 ml"},"content":{"rendered":"<p >\n<p dir=ltr>Blemish Balm, aussi appel\u00e9 BB cr\u00e8me, a \u00e9t\u00e9 con\u00e7ue par des dermatologues allemands afin d\u2019apaiser la peau et de camoufler les cicatrices apr\u00e8s une op\u00e9ration au laser. Apr\u00e8s, la BB cr\u00e8me est devenue un grand succ\u00e8s en Asie. Aujourd\u2019hui, cette cr\u00e8me tout en un s\u2019est d\u00e9velopp\u00e9e comme le secret de beaut\u00e9 de la femme occup\u00e9e. Cr\u00e8me hydratante, fond de teint, cr\u00e8me solaire et cr\u00e8me de jour sont remplac\u00e9s par ce seul produit miracle. Bio Balance Blemish Balm, le vrai soin tout en un !<\/p>\n<p> Pour chaque probl\u00e8me de beaut\u00e9 la bonne solution : <\/p>\n<ul> <\/p>\n<li>\u00c9galise la peau<\/li>\n<p> <\/p>\n<li>Corrige des in\u00e9galit\u00e9s et des imperfections<\/li>\n<p> <\/p>\n<li>Donne \u00e0 la peau un look soign\u00e9 et maquill\u00e9<\/li>\n<p> <\/p>\n<li>Hydrate la peau<\/li>\n<p> <\/p>\n<li>Prot\u00e8ge la peau des rayons UV (SPF 20)<\/li>\n<p> <\/ul>\n<p> Disponible en 2 teintes :<br \/> &#8211; Blemish Balm Miracle Beige : couvre de fa\u00e7on optimale avec un r\u00e9sultat magique<br \/> &#8211; Blemish Balm A Touch of Sun : un r\u00e9sultat \u00e9clatant et bronz\u00e9<\/p>\n<p> M\u00e9thode de travail : appliquez quotidiennement sur le visage, le cou, le d\u00e9collet\u00e9 et le contour des yeux nettoy\u00e9s.<\/p>\n<p> CONSEIL : appliquez d\u2019abord une cr\u00e8me de jour Bio Balance et ensuite la BB Cr\u00e8me pour un bel effet \u2018nude\u2019. M\u00e9langez 2 teintes diff\u00e9rentes afin d\u2019obtenir une teinte qui convient \u00e0 la peau. M\u00e9langez la BB Cr\u00e8me avec votre cr\u00e8me de jour Bio Balance pour un r\u00e9sultat claire ou appliquez 2 couches pour un effet bien couvrant. Utilisez une teinte plus claire que votre peau pour un camouflage optimal. <\/p>\n<p> \u200bEmballage : \u00e9chantillon de 3 ml<\/p>\n<p> \u00c9chantillon BB-Cream A Touch of Sun 3 ml, REF 7066.60<\/p><\/p>\n","protected":false},"excerpt":{"rendered":"<p>Blemish Balm, aussi appel\u00e9 BB cr\u00e8me, a \u00e9t\u00e9 con\u00e7ue par des dermatologues allemands afin d\u2019apaiser la peau et de camoufler les cicatrices apr\u00e8s une op\u00e9ration au laser. Apr\u00e8s, la BB cr\u00e8me est devenue un grand succ\u00e8s en Asie. Aujourd\u2019hui, cette cr\u00e8me tout en un s\u2019est d\u00e9velopp\u00e9e comme le secret de beaut\u00e9 de la femme occup\u00e9e. [&hellip;]<\/p>\n","protected":false},"featured_media":77660,"comment_status":"open","ping_status":"closed","template":"","meta":{"_acf_changed":false},"product_brand":[10308],"product_cat":[9856,10226],"product_tag":[],"class_list":{"0":"post-137041","1":"product","2":"type-product","3":"status-publish","4":"has-post-thumbnail","6":"product_brand-bb_gelaat-fr","7":"product_cat-beaute-visage-bio-balance-visage","8":"product_cat-promotions-promotions-materiel-promotionnel","10":"first","11":"instock","12":"taxable","13":"shipping-taxable","14":"product-type-simple"},"acf":[],"yoast_head":"<!-- This site is optimized with the Yoast SEO plugin v27.3 - https:\/\/yoast.com\/product\/yoast-seo-wordpress\/ -->\n<title>\u00c9chantillon Bio Balance Blemish Balm A Touch of Sun 3 ml - Districos Webshop<\/title>\n<meta name=\"robots\" content=\"noindex, follow, max-snippet:-1, max-image-preview:large, max-video-preview:-1\" \/>\n<meta property=\"og:locale\" content=\"fr_FR\" \/>\n<meta property=\"og:type\" content=\"article\" \/>\n<meta property=\"og:title\" content=\"\u00c9chantillon Bio Balance Blemish Balm A Touch of Sun 3 ml - Districos Webshop\" \/>\n<meta property=\"og:description\" content=\"Blemish Balm, aussi appel\u00e9 BB cr\u00e8me, a \u00e9t\u00e9 con\u00e7ue par des dermatologues allemands afin d\u2019apaiser la peau et de camoufler les cicatrices apr\u00e8s une op\u00e9ration au laser. Apr\u00e8s, la BB cr\u00e8me est devenue un grand succ\u00e8s en Asie. Aujourd\u2019hui, cette cr\u00e8me tout en un s\u2019est d\u00e9velopp\u00e9e comme le secret de beaut\u00e9 de la femme occup\u00e9e. [&hellip;]\" \/>\n<meta property=\"og:url\" content=\"https:\/\/districos.standingout.be\/fr\/product\/echantillon-bio-balance-blemish-balm-a-touch-of-sun-3-ml-ref-7066-60\/\" \/>\n<meta property=\"og:site_name\" content=\"Districos Webshop\" \/>\n<meta property=\"article:modified_time\" content=\"2026-04-28T07:43:47+00:00\" \/>\n<meta name=\"twitter:card\" content=\"summary_large_image\" \/>\n<meta name=\"twitter:label1\" content=\"Dur\u00e9e de lecture estim\u00e9e\" \/>\n\t<meta name=\"twitter:data1\" content=\"1 minute\" \/>\n<script type=\"application\/ld+json\" class=\"yoast-schema-graph\">{\"@context\":\"https:\\\/\\\/schema.org\",\"@graph\":[{\"@type\":\"WebPage\",\"@id\":\"https:\\\/\\\/districos.standingout.be\\\/fr\\\/product\\\/echantillon-bio-balance-blemish-balm-a-touch-of-sun-3-ml-ref-7066-60\\\/\",\"url\":\"https:\\\/\\\/districos.standingout.be\\\/fr\\\/product\\\/echantillon-bio-balance-blemish-balm-a-touch-of-sun-3-ml-ref-7066-60\\\/\",\"name\":\"\u00c9chantillon Bio Balance Blemish Balm A Touch of Sun 3 ml - Districos Webshop\",\"isPartOf\":{\"@id\":\"https:\\\/\\\/districos.standingout.be\\\/fr\\\/#website\"},\"primaryImageOfPage\":{\"@id\":\"https:\\\/\\\/districos.standingout.be\\\/fr\\\/product\\\/echantillon-bio-balance-blemish-balm-a-touch-of-sun-3-ml-ref-7066-60\\\/#primaryimage\"},\"image\":{\"@id\":\"https:\\\/\\\/districos.standingout.be\\\/fr\\\/product\\\/echantillon-bio-balance-blemish-balm-a-touch-of-sun-3-ml-ref-7066-60\\\/#primaryimage\"},\"thumbnailUrl\":\"https:\\\/\\\/districos.standingout.be\\\/wp-content\\\/uploads\\\/2025\\\/07\\\/7066.60@LowRes_0.png\",\"datePublished\":\"2026-04-28T07:43:43+00:00\",\"dateModified\":\"2026-04-28T07:43:47+00:00\",\"breadcrumb\":{\"@id\":\"https:\\\/\\\/districos.standingout.be\\\/fr\\\/product\\\/echantillon-bio-balance-blemish-balm-a-touch-of-sun-3-ml-ref-7066-60\\\/#breadcrumb\"},\"inLanguage\":\"fr-FR\",\"potentialAction\":[{\"@type\":\"ReadAction\",\"target\":[\"https:\\\/\\\/districos.standingout.be\\\/fr\\\/product\\\/echantillon-bio-balance-blemish-balm-a-touch-of-sun-3-ml-ref-7066-60\\\/\"]}]},{\"@type\":\"ImageObject\",\"inLanguage\":\"fr-FR\",\"@id\":\"https:\\\/\\\/districos.standingout.be\\\/fr\\\/product\\\/echantillon-bio-balance-blemish-balm-a-touch-of-sun-3-ml-ref-7066-60\\\/#primaryimage\",\"url\":\"https:\\\/\\\/districos.standingout.be\\\/wp-content\\\/uploads\\\/2025\\\/07\\\/7066.60@LowRes_0.png\",\"contentUrl\":\"https:\\\/\\\/districos.standingout.be\\\/wp-content\\\/uploads\\\/2025\\\/07\\\/7066.60@LowRes_0.png\",\"width\":600,\"height\":600},{\"@type\":\"BreadcrumbList\",\"@id\":\"https:\\\/\\\/districos.standingout.be\\\/fr\\\/product\\\/echantillon-bio-balance-blemish-balm-a-touch-of-sun-3-ml-ref-7066-60\\\/#breadcrumb\",\"itemListElement\":[{\"@type\":\"ListItem\",\"position\":1,\"name\":\"Home\",\"item\":\"https:\\\/\\\/districos.standingout.be\\\/fr\\\/bienvenue-chez-districos\\\/\"},{\"@type\":\"ListItem\",\"position\":2,\"name\":\"Boutique\",\"item\":\"https:\\\/\\\/districos.standingout.be\\\/fr\\\/boutique\\\/\"},{\"@type\":\"ListItem\",\"position\":3,\"name\":\"\u00c9chantillon Bio Balance Blemish Balm A Touch of Sun 3 ml\"}]},{\"@type\":\"WebSite\",\"@id\":\"https:\\\/\\\/districos.standingout.be\\\/fr\\\/#website\",\"url\":\"https:\\\/\\\/districos.standingout.be\\\/fr\\\/\",\"name\":\"Districos Webshop\",\"description\":\"\",\"publisher\":{\"@id\":\"https:\\\/\\\/districos.standingout.be\\\/fr\\\/#organization\"},\"potentialAction\":[{\"@type\":\"SearchAction\",\"target\":{\"@type\":\"EntryPoint\",\"urlTemplate\":\"https:\\\/\\\/districos.standingout.be\\\/fr\\\/?s={search_term_string}\"},\"query-input\":{\"@type\":\"PropertyValueSpecification\",\"valueRequired\":true,\"valueName\":\"search_term_string\"}}],\"inLanguage\":\"fr-FR\"},{\"@type\":\"Organization\",\"@id\":\"https:\\\/\\\/districos.standingout.be\\\/fr\\\/#organization\",\"name\":\"Districos Webshop\",\"url\":\"https:\\\/\\\/districos.standingout.be\\\/fr\\\/\",\"logo\":{\"@type\":\"ImageObject\",\"inLanguage\":\"fr-FR\",\"@id\":\"https:\\\/\\\/districos.standingout.be\\\/fr\\\/#\\\/schema\\\/logo\\\/image\\\/\",\"url\":\"https:\\\/\\\/districos.standingout.be\\\/wp-content\\\/uploads\\\/2022\\\/09\\\/Districos_Logo_Webshop.svg\",\"contentUrl\":\"https:\\\/\\\/districos.standingout.be\\\/wp-content\\\/uploads\\\/2022\\\/09\\\/Districos_Logo_Webshop.svg\",\"caption\":\"Districos Webshop\"},\"image\":{\"@id\":\"https:\\\/\\\/districos.standingout.be\\\/fr\\\/#\\\/schema\\\/logo\\\/image\\\/\"}}]}<\/script>\n<!-- \/ Yoast SEO plugin. -->","yoast_head_json":{"title":"\u00c9chantillon Bio Balance Blemish Balm A Touch of Sun 3 ml - Districos Webshop","robots":{"index":"noindex","follow":"follow","max-snippet":"max-snippet:-1","max-image-preview":"max-image-preview:large","max-video-preview":"max-video-preview:-1"},"og_locale":"fr_FR","og_type":"article","og_title":"\u00c9chantillon Bio Balance Blemish Balm A Touch of Sun 3 ml - Districos Webshop","og_description":"Blemish Balm, aussi appel\u00e9 BB cr\u00e8me, a \u00e9t\u00e9 con\u00e7ue par des dermatologues allemands afin d\u2019apaiser la peau et de camoufler les cicatrices apr\u00e8s une op\u00e9ration au laser. Apr\u00e8s, la BB cr\u00e8me est devenue un grand succ\u00e8s en Asie. Aujourd\u2019hui, cette cr\u00e8me tout en un s\u2019est d\u00e9velopp\u00e9e comme le secret de beaut\u00e9 de la femme occup\u00e9e. [&hellip;]","og_url":"https:\/\/districos.standingout.be\/fr\/product\/echantillon-bio-balance-blemish-balm-a-touch-of-sun-3-ml-ref-7066-60\/","og_site_name":"Districos Webshop","article_modified_time":"2026-04-28T07:43:47+00:00","twitter_card":"summary_large_image","twitter_misc":{"Dur\u00e9e de lecture estim\u00e9e":"1 minute"},"schema":{"@context":"https:\/\/schema.org","@graph":[{"@type":"WebPage","@id":"https:\/\/districos.standingout.be\/fr\/product\/echantillon-bio-balance-blemish-balm-a-touch-of-sun-3-ml-ref-7066-60\/","url":"https:\/\/districos.standingout.be\/fr\/product\/echantillon-bio-balance-blemish-balm-a-touch-of-sun-3-ml-ref-7066-60\/","name":"\u00c9chantillon Bio Balance Blemish Balm A Touch of Sun 3 ml - Districos Webshop","isPartOf":{"@id":"https:\/\/districos.standingout.be\/fr\/#website"},"primaryImageOfPage":{"@id":"https:\/\/districos.standingout.be\/fr\/product\/echantillon-bio-balance-blemish-balm-a-touch-of-sun-3-ml-ref-7066-60\/#primaryimage"},"image":{"@id":"https:\/\/districos.standingout.be\/fr\/product\/echantillon-bio-balance-blemish-balm-a-touch-of-sun-3-ml-ref-7066-60\/#primaryimage"},"thumbnailUrl":"https:\/\/districos.standingout.be\/wp-content\/uploads\/2025\/07\/7066.60@LowRes_0.png","datePublished":"2026-04-28T07:43:43+00:00","dateModified":"2026-04-28T07:43:47+00:00","breadcrumb":{"@id":"https:\/\/districos.standingout.be\/fr\/product\/echantillon-bio-balance-blemish-balm-a-touch-of-sun-3-ml-ref-7066-60\/#breadcrumb"},"inLanguage":"fr-FR","potentialAction":[{"@type":"ReadAction","target":["https:\/\/districos.standingout.be\/fr\/product\/echantillon-bio-balance-blemish-balm-a-touch-of-sun-3-ml-ref-7066-60\/"]}]},{"@type":"ImageObject","inLanguage":"fr-FR","@id":"https:\/\/districos.standingout.be\/fr\/product\/echantillon-bio-balance-blemish-balm-a-touch-of-sun-3-ml-ref-7066-60\/#primaryimage","url":"https:\/\/districos.standingout.be\/wp-content\/uploads\/2025\/07\/7066.60@LowRes_0.png","contentUrl":"https:\/\/districos.standingout.be\/wp-content\/uploads\/2025\/07\/7066.60@LowRes_0.png","width":600,"height":600},{"@type":"BreadcrumbList","@id":"https:\/\/districos.standingout.be\/fr\/product\/echantillon-bio-balance-blemish-balm-a-touch-of-sun-3-ml-ref-7066-60\/#breadcrumb","itemListElement":[{"@type":"ListItem","position":1,"name":"Home","item":"https:\/\/districos.standingout.be\/fr\/bienvenue-chez-districos\/"},{"@type":"ListItem","position":2,"name":"Boutique","item":"https:\/\/districos.standingout.be\/fr\/boutique\/"},{"@type":"ListItem","position":3,"name":"\u00c9chantillon Bio Balance Blemish Balm A Touch of Sun 3 ml"}]},{"@type":"WebSite","@id":"https:\/\/districos.standingout.be\/fr\/#website","url":"https:\/\/districos.standingout.be\/fr\/","name":"Districos Webshop","description":"","publisher":{"@id":"https:\/\/districos.standingout.be\/fr\/#organization"},"potentialAction":[{"@type":"SearchAction","target":{"@type":"EntryPoint","urlTemplate":"https:\/\/districos.standingout.be\/fr\/?s={search_term_string}"},"query-input":{"@type":"PropertyValueSpecification","valueRequired":true,"valueName":"search_term_string"}}],"inLanguage":"fr-FR"},{"@type":"Organization","@id":"https:\/\/districos.standingout.be\/fr\/#organization","name":"Districos Webshop","url":"https:\/\/districos.standingout.be\/fr\/","logo":{"@type":"ImageObject","inLanguage":"fr-FR","@id":"https:\/\/districos.standingout.be\/fr\/#\/schema\/logo\/image\/","url":"https:\/\/districos.standingout.be\/wp-content\/uploads\/2022\/09\/Districos_Logo_Webshop.svg","contentUrl":"https:\/\/districos.standingout.be\/wp-content\/uploads\/2022\/09\/Districos_Logo_Webshop.svg","caption":"Districos Webshop"},"image":{"@id":"https:\/\/districos.standingout.be\/fr\/#\/schema\/logo\/image\/"}}]}},"_links":{"self":[{"href":"https:\/\/districos.standingout.be\/fr\/wp-json\/wp\/v2\/product\/137041","targetHints":{"allow":["GET"]}}],"collection":[{"href":"https:\/\/districos.standingout.be\/fr\/wp-json\/wp\/v2\/product"}],"about":[{"href":"https:\/\/districos.standingout.be\/fr\/wp-json\/wp\/v2\/types\/product"}],"replies":[{"embeddable":true,"href":"https:\/\/districos.standingout.be\/fr\/wp-json\/wp\/v2\/comments?post=137041"}],"wp:featuredmedia":[{"embeddable":true,"href":"https:\/\/districos.standingout.be\/fr\/wp-json\/wp\/v2\/media\/77660"}],"wp:attachment":[{"href":"https:\/\/districos.standingout.be\/fr\/wp-json\/wp\/v2\/media?parent=137041"}],"wp:term":[{"taxonomy":"product_brand","embeddable":true,"href":"https:\/\/districos.standingout.be\/fr\/wp-json\/wp\/v2\/product_brand?post=137041"},{"taxonomy":"product_cat","embeddable":true,"href":"https:\/\/districos.standingout.be\/fr\/wp-json\/wp\/v2\/product_cat?post=137041"},{"taxonomy":"product_tag","embeddable":true,"href":"https:\/\/districos.standingout.be\/fr\/wp-json\/wp\/v2\/product_tag?post=137041"}],"curies":[{"name":"wp","href":"https:\/\/api.w.org\/{rel}","templated":true}]}}