{"id":137043,"date":"2026-04-28T09:43:47","date_gmt":"2026-04-28T07:43:47","guid":{"rendered":"https:\/\/webshopdistricoscom.webhosting.be\/product\/echantillon-bio-balance-royal-lift-creme-de-jour-3-ml-ref-7066-61\/"},"modified":"2026-04-28T09:43:52","modified_gmt":"2026-04-28T07:43:52","slug":"echantillon-bio-balance-royal-lift-creme-de-jour-3-ml-ref-7066-61","status":"publish","type":"product","link":"https:\/\/districos.standingout.be\/fr\/product\/echantillon-bio-balance-royal-lift-creme-de-jour-3-ml-ref-7066-61\/","title":{"rendered":"\u00c9chantillon Bio Balance Royal Lift Cr\u00e8me de Jour 3 ml"},"content":{"rendered":"<p >\n<div><font size=\"2\"><b>LIFTANT &#8211; ANTIRIDES &#8211; RAFFERMISSANT<\/b><\/p>\n<p dir=\"ltr\"><font size=\"2\"><\/font><\/p>\n<p><font size=\"2\"><\/font><\/p>\n<p><font size=\"2\"><\/font><\/p>\n<div><\/div>\n<p><\/font><\/div>\n<div><font size=\"2\">Cette cr\u00e8me de jour anti\u00e2ge liftante et raffermissante a \u00e9t\u00e9 sp\u00e9cialement con\u00e7ue pour les peaux matures pour lutter contre les signes visibles de vieillissement cutan\u00e9.<\/font><\/div>\n<div>\n<ul>\n<li><font size=\"2\">La premi\u00e8re cr\u00e8me de jour anti\u00e2ge \u00e0 un prix abordable aux effets efficaces.<\/font><\/li>\n<li><font size=\"2\">Emballage : \u00e9chantillon de 3 ml.<\/font><\/li>\n<li><font size=\"2\">Vegan.<\/font><\/li>\n<\/ul>\n<div><font size=\"2\"><b>Substances actives<\/b><\/font><\/div>\n<\/div>\n<div>\n<ul>\n<li><font size=\"2\">Le complexe de peptides Matrixyl\u00ae 3000 stimule la production de prot\u00e9ines collag\u00e8ne dans la peau et renforce les cellules cutan\u00e9es de l&rsquo;int\u00e9rieur. Il diminue la profondeur des rides, am\u00e9liore le teint de peau et rend la peau plus douce.<\/font><\/li>\n<li><font size=\"2\">L&rsquo;Aldavine\u2122, un duo d&rsquo;algues rouges et brunes, renforce les vaisseaux sanguins et prot\u00e8ge la peau des influences nocives de la lumi\u00e8re UV et du stress oxydatif qui causent le vieillissement cutan\u00e9. Il am\u00e9liore l&rsquo;\u00e9lasticit\u00e9 de la peau et r\u00e9duit les cernes et les poches sous les yeux.<\/font><\/li>\n<li><font size=\"2\">Le Linefactor\u2122, un extrait populaire obtenu par la graine de musc d&rsquo;hibiscus, garantit, un raffermissement et un lifting de la peau. Cela rend la peau repulp\u00e9e et plus ferme pour une apparence rajeunie.<\/font><\/li>\n<\/ul>\n<div><font size=\"2\"><b>Mode d&#8217;emploi<\/b><\/font><\/div>\n<\/div>\n<div><font size=\"2\">Appliquez la cr\u00e8me chaque matin sur le visage, le cou et le d\u00e9collet\u00e9 nettoy\u00e9s.<\/font><\/div>\n<div><font size=\"2\"><br \/><\/font><\/div>\n<div><font size=\"2\"><b>Aussi disponible<\/b><\/font><\/div>\n<div>\n<ul>\n<li><font size=\"2\">Flacon de cabine de 125 ml (<u><a href=\"https:\/\/districos.com\/ProductDetail\/7063.85\" target=\"_blank\" rel=\"noopener noreferrer nofollow\">r\u00e9f. 7063.85<\/a><\/u>)<\/font><\/li>\n<li><font size=\"2\">Flacon de vente de 50 ml (<u><a href=\"https:\/\/districos.com\/ProductDetail\/7073.42\" target=\"_blank\" rel=\"noopener noreferrer nofollow\">r\u00e9f. 7073.42<\/a><\/u>)<\/font><\/li>\n<li><font size=\"2\">Pr\u00e9sentoir de vente contenant 8 x 50 ml, un testeur, des d\u00e9pliants et des posters (<u><a href=\"https:\/\/districos.com\/ProductDetail\/7073.422\" target=\"_blank\" rel=\"noopener noreferrer nofollow\">r\u00e9f. 7073.422<\/a><\/u>)<\/font><\/li>\n<li><font size=\"2\">Emballage de voyage de 20 ml (<u><a href=\"https:\/\/districos.com\/ProductDetail\/7073.42M\" target=\"_blank\" rel=\"noopener noreferrer nofollow\">r\u00e9f. 7073.42M<\/a><\/u>)<\/font><\/li>\n<li><font size=\"2\">Pr\u00e9sentoir de vente contenant 25 x 20 ml (<u><a href=\"https:\/\/districos.com\/ProductDetail\/7073.42P\" target=\"_blank\" rel=\"noopener noreferrer nofollow\">r\u00e9f. 7073.42P<\/a><\/u>)<\/font><\/li>\n<\/ul>\n<\/div>\n<p dir=\"ltr\"><\/p>\n","protected":false},"excerpt":{"rendered":"<p>LIFTANT &#8211; ANTIRIDES &#8211; RAFFERMISSANT Cette cr\u00e8me de jour anti\u00e2ge liftante et raffermissante a \u00e9t\u00e9 sp\u00e9cialement con\u00e7ue pour les peaux matures pour lutter contre les signes visibles de vieillissement cutan\u00e9. La premi\u00e8re cr\u00e8me de jour anti\u00e2ge \u00e0 un prix abordable aux effets efficaces. Emballage : \u00e9chantillon de 3 ml. Vegan. Substances actives Le complexe de [&hellip;]<\/p>\n","protected":false},"featured_media":77663,"comment_status":"open","ping_status":"closed","template":"","meta":{"_acf_changed":false},"product_brand":[10308],"product_cat":[9856,10226],"product_tag":[],"class_list":{"0":"post-137043","1":"product","2":"type-product","3":"status-publish","4":"has-post-thumbnail","6":"product_brand-bb_gelaat-fr","7":"product_cat-beaute-visage-bio-balance-visage","8":"product_cat-promotions-promotions-materiel-promotionnel","10":"first","11":"instock","12":"taxable","13":"shipping-taxable","14":"product-type-simple"},"acf":[],"yoast_head":"<!-- This site is optimized with the Yoast SEO plugin v27.3 - https:\/\/yoast.com\/product\/yoast-seo-wordpress\/ -->\n<title>\u00c9chantillon Bio Balance Royal Lift Cr\u00e8me de Jour 3 ml - Districos Webshop<\/title>\n<meta name=\"robots\" content=\"noindex, follow, max-snippet:-1, max-image-preview:large, max-video-preview:-1\" \/>\n<meta property=\"og:locale\" content=\"fr_FR\" \/>\n<meta property=\"og:type\" content=\"article\" \/>\n<meta property=\"og:title\" content=\"\u00c9chantillon Bio Balance Royal Lift Cr\u00e8me de Jour 3 ml - Districos Webshop\" \/>\n<meta property=\"og:description\" content=\"LIFTANT &#8211; ANTIRIDES &#8211; RAFFERMISSANT Cette cr\u00e8me de jour anti\u00e2ge liftante et raffermissante a \u00e9t\u00e9 sp\u00e9cialement con\u00e7ue pour les peaux matures pour lutter contre les signes visibles de vieillissement cutan\u00e9. La premi\u00e8re cr\u00e8me de jour anti\u00e2ge \u00e0 un prix abordable aux effets efficaces. Emballage : \u00e9chantillon de 3 ml. Vegan. Substances actives Le complexe de [&hellip;]\" \/>\n<meta property=\"og:url\" content=\"https:\/\/districos.standingout.be\/fr\/product\/echantillon-bio-balance-royal-lift-creme-de-jour-3-ml-ref-7066-61\/\" \/>\n<meta property=\"og:site_name\" content=\"Districos Webshop\" \/>\n<meta property=\"article:modified_time\" content=\"2026-04-28T07:43:52+00:00\" \/>\n<meta name=\"twitter:card\" content=\"summary_large_image\" \/>\n<meta name=\"twitter:label1\" content=\"Dur\u00e9e de lecture estim\u00e9e\" \/>\n\t<meta name=\"twitter:data1\" content=\"1 minute\" \/>\n<script type=\"application\/ld+json\" class=\"yoast-schema-graph\">{\"@context\":\"https:\\\/\\\/schema.org\",\"@graph\":[{\"@type\":\"WebPage\",\"@id\":\"https:\\\/\\\/districos.standingout.be\\\/fr\\\/product\\\/echantillon-bio-balance-royal-lift-creme-de-jour-3-ml-ref-7066-61\\\/\",\"url\":\"https:\\\/\\\/districos.standingout.be\\\/fr\\\/product\\\/echantillon-bio-balance-royal-lift-creme-de-jour-3-ml-ref-7066-61\\\/\",\"name\":\"\u00c9chantillon Bio Balance Royal Lift Cr\u00e8me de Jour 3 ml - Districos Webshop\",\"isPartOf\":{\"@id\":\"https:\\\/\\\/districos.standingout.be\\\/fr\\\/#website\"},\"primaryImageOfPage\":{\"@id\":\"https:\\\/\\\/districos.standingout.be\\\/fr\\\/product\\\/echantillon-bio-balance-royal-lift-creme-de-jour-3-ml-ref-7066-61\\\/#primaryimage\"},\"image\":{\"@id\":\"https:\\\/\\\/districos.standingout.be\\\/fr\\\/product\\\/echantillon-bio-balance-royal-lift-creme-de-jour-3-ml-ref-7066-61\\\/#primaryimage\"},\"thumbnailUrl\":\"https:\\\/\\\/districos.standingout.be\\\/wp-content\\\/uploads\\\/2025\\\/07\\\/7066.61@LowRes_0.png\",\"datePublished\":\"2026-04-28T07:43:47+00:00\",\"dateModified\":\"2026-04-28T07:43:52+00:00\",\"breadcrumb\":{\"@id\":\"https:\\\/\\\/districos.standingout.be\\\/fr\\\/product\\\/echantillon-bio-balance-royal-lift-creme-de-jour-3-ml-ref-7066-61\\\/#breadcrumb\"},\"inLanguage\":\"fr-FR\",\"potentialAction\":[{\"@type\":\"ReadAction\",\"target\":[\"https:\\\/\\\/districos.standingout.be\\\/fr\\\/product\\\/echantillon-bio-balance-royal-lift-creme-de-jour-3-ml-ref-7066-61\\\/\"]}]},{\"@type\":\"ImageObject\",\"inLanguage\":\"fr-FR\",\"@id\":\"https:\\\/\\\/districos.standingout.be\\\/fr\\\/product\\\/echantillon-bio-balance-royal-lift-creme-de-jour-3-ml-ref-7066-61\\\/#primaryimage\",\"url\":\"https:\\\/\\\/districos.standingout.be\\\/wp-content\\\/uploads\\\/2025\\\/07\\\/7066.61@LowRes_0.png\",\"contentUrl\":\"https:\\\/\\\/districos.standingout.be\\\/wp-content\\\/uploads\\\/2025\\\/07\\\/7066.61@LowRes_0.png\",\"width\":600,\"height\":600},{\"@type\":\"BreadcrumbList\",\"@id\":\"https:\\\/\\\/districos.standingout.be\\\/fr\\\/product\\\/echantillon-bio-balance-royal-lift-creme-de-jour-3-ml-ref-7066-61\\\/#breadcrumb\",\"itemListElement\":[{\"@type\":\"ListItem\",\"position\":1,\"name\":\"Home\",\"item\":\"https:\\\/\\\/districos.standingout.be\\\/fr\\\/bienvenue-chez-districos\\\/\"},{\"@type\":\"ListItem\",\"position\":2,\"name\":\"Boutique\",\"item\":\"https:\\\/\\\/districos.standingout.be\\\/fr\\\/boutique\\\/\"},{\"@type\":\"ListItem\",\"position\":3,\"name\":\"\u00c9chantillon Bio Balance Royal Lift Cr\u00e8me de Jour 3 ml\"}]},{\"@type\":\"WebSite\",\"@id\":\"https:\\\/\\\/districos.standingout.be\\\/fr\\\/#website\",\"url\":\"https:\\\/\\\/districos.standingout.be\\\/fr\\\/\",\"name\":\"Districos Webshop\",\"description\":\"\",\"publisher\":{\"@id\":\"https:\\\/\\\/districos.standingout.be\\\/fr\\\/#organization\"},\"potentialAction\":[{\"@type\":\"SearchAction\",\"target\":{\"@type\":\"EntryPoint\",\"urlTemplate\":\"https:\\\/\\\/districos.standingout.be\\\/fr\\\/?s={search_term_string}\"},\"query-input\":{\"@type\":\"PropertyValueSpecification\",\"valueRequired\":true,\"valueName\":\"search_term_string\"}}],\"inLanguage\":\"fr-FR\"},{\"@type\":\"Organization\",\"@id\":\"https:\\\/\\\/districos.standingout.be\\\/fr\\\/#organization\",\"name\":\"Districos Webshop\",\"url\":\"https:\\\/\\\/districos.standingout.be\\\/fr\\\/\",\"logo\":{\"@type\":\"ImageObject\",\"inLanguage\":\"fr-FR\",\"@id\":\"https:\\\/\\\/districos.standingout.be\\\/fr\\\/#\\\/schema\\\/logo\\\/image\\\/\",\"url\":\"https:\\\/\\\/districos.standingout.be\\\/wp-content\\\/uploads\\\/2022\\\/09\\\/Districos_Logo_Webshop.svg\",\"contentUrl\":\"https:\\\/\\\/districos.standingout.be\\\/wp-content\\\/uploads\\\/2022\\\/09\\\/Districos_Logo_Webshop.svg\",\"caption\":\"Districos Webshop\"},\"image\":{\"@id\":\"https:\\\/\\\/districos.standingout.be\\\/fr\\\/#\\\/schema\\\/logo\\\/image\\\/\"}}]}<\/script>\n<!-- \/ Yoast SEO plugin. -->","yoast_head_json":{"title":"\u00c9chantillon Bio Balance Royal Lift Cr\u00e8me de Jour 3 ml - Districos Webshop","robots":{"index":"noindex","follow":"follow","max-snippet":"max-snippet:-1","max-image-preview":"max-image-preview:large","max-video-preview":"max-video-preview:-1"},"og_locale":"fr_FR","og_type":"article","og_title":"\u00c9chantillon Bio Balance Royal Lift Cr\u00e8me de Jour 3 ml - Districos Webshop","og_description":"LIFTANT &#8211; ANTIRIDES &#8211; RAFFERMISSANT Cette cr\u00e8me de jour anti\u00e2ge liftante et raffermissante a \u00e9t\u00e9 sp\u00e9cialement con\u00e7ue pour les peaux matures pour lutter contre les signes visibles de vieillissement cutan\u00e9. La premi\u00e8re cr\u00e8me de jour anti\u00e2ge \u00e0 un prix abordable aux effets efficaces. Emballage : \u00e9chantillon de 3 ml. Vegan. Substances actives Le complexe de [&hellip;]","og_url":"https:\/\/districos.standingout.be\/fr\/product\/echantillon-bio-balance-royal-lift-creme-de-jour-3-ml-ref-7066-61\/","og_site_name":"Districos Webshop","article_modified_time":"2026-04-28T07:43:52+00:00","twitter_card":"summary_large_image","twitter_misc":{"Dur\u00e9e de lecture estim\u00e9e":"1 minute"},"schema":{"@context":"https:\/\/schema.org","@graph":[{"@type":"WebPage","@id":"https:\/\/districos.standingout.be\/fr\/product\/echantillon-bio-balance-royal-lift-creme-de-jour-3-ml-ref-7066-61\/","url":"https:\/\/districos.standingout.be\/fr\/product\/echantillon-bio-balance-royal-lift-creme-de-jour-3-ml-ref-7066-61\/","name":"\u00c9chantillon Bio Balance Royal Lift Cr\u00e8me de Jour 3 ml - Districos Webshop","isPartOf":{"@id":"https:\/\/districos.standingout.be\/fr\/#website"},"primaryImageOfPage":{"@id":"https:\/\/districos.standingout.be\/fr\/product\/echantillon-bio-balance-royal-lift-creme-de-jour-3-ml-ref-7066-61\/#primaryimage"},"image":{"@id":"https:\/\/districos.standingout.be\/fr\/product\/echantillon-bio-balance-royal-lift-creme-de-jour-3-ml-ref-7066-61\/#primaryimage"},"thumbnailUrl":"https:\/\/districos.standingout.be\/wp-content\/uploads\/2025\/07\/7066.61@LowRes_0.png","datePublished":"2026-04-28T07:43:47+00:00","dateModified":"2026-04-28T07:43:52+00:00","breadcrumb":{"@id":"https:\/\/districos.standingout.be\/fr\/product\/echantillon-bio-balance-royal-lift-creme-de-jour-3-ml-ref-7066-61\/#breadcrumb"},"inLanguage":"fr-FR","potentialAction":[{"@type":"ReadAction","target":["https:\/\/districos.standingout.be\/fr\/product\/echantillon-bio-balance-royal-lift-creme-de-jour-3-ml-ref-7066-61\/"]}]},{"@type":"ImageObject","inLanguage":"fr-FR","@id":"https:\/\/districos.standingout.be\/fr\/product\/echantillon-bio-balance-royal-lift-creme-de-jour-3-ml-ref-7066-61\/#primaryimage","url":"https:\/\/districos.standingout.be\/wp-content\/uploads\/2025\/07\/7066.61@LowRes_0.png","contentUrl":"https:\/\/districos.standingout.be\/wp-content\/uploads\/2025\/07\/7066.61@LowRes_0.png","width":600,"height":600},{"@type":"BreadcrumbList","@id":"https:\/\/districos.standingout.be\/fr\/product\/echantillon-bio-balance-royal-lift-creme-de-jour-3-ml-ref-7066-61\/#breadcrumb","itemListElement":[{"@type":"ListItem","position":1,"name":"Home","item":"https:\/\/districos.standingout.be\/fr\/bienvenue-chez-districos\/"},{"@type":"ListItem","position":2,"name":"Boutique","item":"https:\/\/districos.standingout.be\/fr\/boutique\/"},{"@type":"ListItem","position":3,"name":"\u00c9chantillon Bio Balance Royal Lift Cr\u00e8me de Jour 3 ml"}]},{"@type":"WebSite","@id":"https:\/\/districos.standingout.be\/fr\/#website","url":"https:\/\/districos.standingout.be\/fr\/","name":"Districos Webshop","description":"","publisher":{"@id":"https:\/\/districos.standingout.be\/fr\/#organization"},"potentialAction":[{"@type":"SearchAction","target":{"@type":"EntryPoint","urlTemplate":"https:\/\/districos.standingout.be\/fr\/?s={search_term_string}"},"query-input":{"@type":"PropertyValueSpecification","valueRequired":true,"valueName":"search_term_string"}}],"inLanguage":"fr-FR"},{"@type":"Organization","@id":"https:\/\/districos.standingout.be\/fr\/#organization","name":"Districos Webshop","url":"https:\/\/districos.standingout.be\/fr\/","logo":{"@type":"ImageObject","inLanguage":"fr-FR","@id":"https:\/\/districos.standingout.be\/fr\/#\/schema\/logo\/image\/","url":"https:\/\/districos.standingout.be\/wp-content\/uploads\/2022\/09\/Districos_Logo_Webshop.svg","contentUrl":"https:\/\/districos.standingout.be\/wp-content\/uploads\/2022\/09\/Districos_Logo_Webshop.svg","caption":"Districos Webshop"},"image":{"@id":"https:\/\/districos.standingout.be\/fr\/#\/schema\/logo\/image\/"}}]}},"_links":{"self":[{"href":"https:\/\/districos.standingout.be\/fr\/wp-json\/wp\/v2\/product\/137043","targetHints":{"allow":["GET"]}}],"collection":[{"href":"https:\/\/districos.standingout.be\/fr\/wp-json\/wp\/v2\/product"}],"about":[{"href":"https:\/\/districos.standingout.be\/fr\/wp-json\/wp\/v2\/types\/product"}],"replies":[{"embeddable":true,"href":"https:\/\/districos.standingout.be\/fr\/wp-json\/wp\/v2\/comments?post=137043"}],"wp:featuredmedia":[{"embeddable":true,"href":"https:\/\/districos.standingout.be\/fr\/wp-json\/wp\/v2\/media\/77663"}],"wp:attachment":[{"href":"https:\/\/districos.standingout.be\/fr\/wp-json\/wp\/v2\/media?parent=137043"}],"wp:term":[{"taxonomy":"product_brand","embeddable":true,"href":"https:\/\/districos.standingout.be\/fr\/wp-json\/wp\/v2\/product_brand?post=137043"},{"taxonomy":"product_cat","embeddable":true,"href":"https:\/\/districos.standingout.be\/fr\/wp-json\/wp\/v2\/product_cat?post=137043"},{"taxonomy":"product_tag","embeddable":true,"href":"https:\/\/districos.standingout.be\/fr\/wp-json\/wp\/v2\/product_tag?post=137043"}],"curies":[{"name":"wp","href":"https:\/\/api.w.org\/{rel}","templated":true}]}}