{"id":137047,"date":"2026-04-28T09:43:59","date_gmt":"2026-04-28T07:43:59","guid":{"rendered":"https:\/\/webshopdistricoscom.webhosting.be\/product\/echantillon-bb-royal-lift-creme-contour-des-yeux-3-ml-ref-7066-63\/"},"modified":"2026-04-28T09:44:05","modified_gmt":"2026-04-28T07:44:05","slug":"echantillon-bb-royal-lift-creme-contour-des-yeux-3-ml-ref-7066-63","status":"publish","type":"product","link":"https:\/\/districos.standingout.be\/fr\/product\/echantillon-bb-royal-lift-creme-contour-des-yeux-3-ml-ref-7066-63\/","title":{"rendered":"\u00c9chantillon BB Royal Lift Cr\u00e8me Contour des Yeux 3 ml"},"content":{"rendered":"<p >\n<\/p>\n<div>\n<p><b><span lang=\"FR\">ANTIRIDES &#8211; D\u00c9CONGESTIONNANT &#8211; \u00c9CLAIRCISSANT<\/span><\/b><span lang=\"FR\"><o:p><\/o:p><\/span><\/p>\n<p><span lang=\"FR\">Une cr\u00e8me yeux nourrissante qui lutte contre les rides, les poches et les cernes sous les yeux.<o:p><\/o:p><\/span><\/p>\n<p><b><span>Substances actives<\/span><\/b><\/p>\n<p><span>Matrixyl\u00ae 3000 est bien connu pour ses propri\u00e9t\u00e9s liftantes et raffermissantes.&nbsp;<\/span><span>De plus, la formule contient de l\u2019Eyeseryl\u00ae, un t\u00e9trapeptide qui r\u00e9duit effectivement les poches et les cernes.&nbsp;<\/span><span>Le squalane et l\u2019huile de macadamia laissent une sensation luxueuse et soyeuse sur la peau.<\/span><\/p>\n<p><b><span>Mode d&#8217;emploi&nbsp;<\/span><\/b><\/p>\n<p><span>Appliquer deux fois par jour sur le contour des yeux et tamponner l\u00e9g\u00e8rement.<\/span><\/p>\n<div><font face=\"Verdana, sans-serif\"><b>Aussi disponible<\/b><\/font><\/div>\n<div>\n<ul type=\"disc\">\n<li><span>Royal Lift S\u00e9rum 30 ml (<a href=\"https:\/\/webshop.districos.com\/ProductDetail\/7073.43\" target=\"_blank\" rel=\"noopener noreferrer nofollow\"> r\u00e9f.&nbsp;7073.43<\/a>)<o:p><\/o:p><\/span><\/li>\n<li><span>Royal Lift Cr\u00e8me de Jour 50 ml (<a href=\"https:\/\/webshop.districos.com\/ProductDetail\/7073.42\" target=\"_blank\" rel=\"noopener noreferrer nofollow\"> r\u00e9f.&nbsp;7073.42<\/a>)<\/span><\/li>\n<\/ul>\n<\/div>\n<\/div>\n<p dir=\"ltr\"><\/p>\n","protected":false},"excerpt":{"rendered":"<p>ANTIRIDES &#8211; D\u00c9CONGESTIONNANT &#8211; \u00c9CLAIRCISSANT Une cr\u00e8me yeux nourrissante qui lutte contre les rides, les poches et les cernes sous les yeux. Substances actives Matrixyl\u00ae 3000 est bien connu pour ses propri\u00e9t\u00e9s liftantes et raffermissantes.&nbsp;De plus, la formule contient de l\u2019Eyeseryl\u00ae, un t\u00e9trapeptide qui r\u00e9duit effectivement les poches et les cernes.&nbsp;Le squalane et l\u2019huile de [&hellip;]<\/p>\n","protected":false},"featured_media":77669,"comment_status":"open","ping_status":"closed","template":"","meta":{"_acf_changed":false},"product_brand":[10308],"product_cat":[9856,10226],"product_tag":[],"class_list":{"0":"post-137047","1":"product","2":"type-product","3":"status-publish","4":"has-post-thumbnail","6":"product_brand-bb_gelaat-fr","7":"product_cat-beaute-visage-bio-balance-visage","8":"product_cat-promotions-promotions-materiel-promotionnel","10":"first","11":"instock","12":"taxable","13":"shipping-taxable","14":"product-type-simple"},"acf":[],"yoast_head":"<!-- This site is optimized with the Yoast SEO plugin v27.3 - https:\/\/yoast.com\/product\/yoast-seo-wordpress\/ -->\n<title>\u00c9chantillon BB Royal Lift Cr\u00e8me Contour des Yeux 3 ml - Districos Webshop<\/title>\n<meta name=\"robots\" content=\"noindex, follow, max-snippet:-1, max-image-preview:large, max-video-preview:-1\" \/>\n<meta property=\"og:locale\" content=\"fr_FR\" \/>\n<meta property=\"og:type\" content=\"article\" \/>\n<meta property=\"og:title\" content=\"\u00c9chantillon BB Royal Lift Cr\u00e8me Contour des Yeux 3 ml - Districos Webshop\" \/>\n<meta property=\"og:description\" content=\"ANTIRIDES &#8211; D\u00c9CONGESTIONNANT &#8211; \u00c9CLAIRCISSANT Une cr\u00e8me yeux nourrissante qui lutte contre les rides, les poches et les cernes sous les yeux. Substances actives Matrixyl\u00ae 3000 est bien connu pour ses propri\u00e9t\u00e9s liftantes et raffermissantes.&nbsp;De plus, la formule contient de l\u2019Eyeseryl\u00ae, un t\u00e9trapeptide qui r\u00e9duit effectivement les poches et les cernes.&nbsp;Le squalane et l\u2019huile de [&hellip;]\" \/>\n<meta property=\"og:url\" content=\"https:\/\/districos.standingout.be\/fr\/product\/echantillon-bb-royal-lift-creme-contour-des-yeux-3-ml-ref-7066-63\/\" \/>\n<meta property=\"og:site_name\" content=\"Districos Webshop\" \/>\n<meta property=\"article:modified_time\" content=\"2026-04-28T07:44:05+00:00\" \/>\n<meta name=\"twitter:card\" content=\"summary_large_image\" \/>\n<meta name=\"twitter:label1\" content=\"Dur\u00e9e de lecture estim\u00e9e\" \/>\n\t<meta name=\"twitter:data1\" content=\"1 minute\" \/>\n<script type=\"application\/ld+json\" class=\"yoast-schema-graph\">{\"@context\":\"https:\\\/\\\/schema.org\",\"@graph\":[{\"@type\":\"WebPage\",\"@id\":\"https:\\\/\\\/districos.standingout.be\\\/fr\\\/product\\\/echantillon-bb-royal-lift-creme-contour-des-yeux-3-ml-ref-7066-63\\\/\",\"url\":\"https:\\\/\\\/districos.standingout.be\\\/fr\\\/product\\\/echantillon-bb-royal-lift-creme-contour-des-yeux-3-ml-ref-7066-63\\\/\",\"name\":\"\u00c9chantillon BB Royal Lift Cr\u00e8me Contour des Yeux 3 ml - Districos Webshop\",\"isPartOf\":{\"@id\":\"https:\\\/\\\/districos.standingout.be\\\/fr\\\/#website\"},\"primaryImageOfPage\":{\"@id\":\"https:\\\/\\\/districos.standingout.be\\\/fr\\\/product\\\/echantillon-bb-royal-lift-creme-contour-des-yeux-3-ml-ref-7066-63\\\/#primaryimage\"},\"image\":{\"@id\":\"https:\\\/\\\/districos.standingout.be\\\/fr\\\/product\\\/echantillon-bb-royal-lift-creme-contour-des-yeux-3-ml-ref-7066-63\\\/#primaryimage\"},\"thumbnailUrl\":\"https:\\\/\\\/districos.standingout.be\\\/wp-content\\\/uploads\\\/2025\\\/07\\\/7066.63@LowRes_1.png\",\"datePublished\":\"2026-04-28T07:43:59+00:00\",\"dateModified\":\"2026-04-28T07:44:05+00:00\",\"breadcrumb\":{\"@id\":\"https:\\\/\\\/districos.standingout.be\\\/fr\\\/product\\\/echantillon-bb-royal-lift-creme-contour-des-yeux-3-ml-ref-7066-63\\\/#breadcrumb\"},\"inLanguage\":\"fr-FR\",\"potentialAction\":[{\"@type\":\"ReadAction\",\"target\":[\"https:\\\/\\\/districos.standingout.be\\\/fr\\\/product\\\/echantillon-bb-royal-lift-creme-contour-des-yeux-3-ml-ref-7066-63\\\/\"]}]},{\"@type\":\"ImageObject\",\"inLanguage\":\"fr-FR\",\"@id\":\"https:\\\/\\\/districos.standingout.be\\\/fr\\\/product\\\/echantillon-bb-royal-lift-creme-contour-des-yeux-3-ml-ref-7066-63\\\/#primaryimage\",\"url\":\"https:\\\/\\\/districos.standingout.be\\\/wp-content\\\/uploads\\\/2025\\\/07\\\/7066.63@LowRes_1.png\",\"contentUrl\":\"https:\\\/\\\/districos.standingout.be\\\/wp-content\\\/uploads\\\/2025\\\/07\\\/7066.63@LowRes_1.png\",\"width\":600,\"height\":600},{\"@type\":\"BreadcrumbList\",\"@id\":\"https:\\\/\\\/districos.standingout.be\\\/fr\\\/product\\\/echantillon-bb-royal-lift-creme-contour-des-yeux-3-ml-ref-7066-63\\\/#breadcrumb\",\"itemListElement\":[{\"@type\":\"ListItem\",\"position\":1,\"name\":\"Home\",\"item\":\"https:\\\/\\\/districos.standingout.be\\\/fr\\\/bienvenue-chez-districos\\\/\"},{\"@type\":\"ListItem\",\"position\":2,\"name\":\"Boutique\",\"item\":\"https:\\\/\\\/districos.standingout.be\\\/fr\\\/boutique\\\/\"},{\"@type\":\"ListItem\",\"position\":3,\"name\":\"\u00c9chantillon BB Royal Lift Cr\u00e8me Contour des Yeux 3 ml\"}]},{\"@type\":\"WebSite\",\"@id\":\"https:\\\/\\\/districos.standingout.be\\\/fr\\\/#website\",\"url\":\"https:\\\/\\\/districos.standingout.be\\\/fr\\\/\",\"name\":\"Districos Webshop\",\"description\":\"\",\"publisher\":{\"@id\":\"https:\\\/\\\/districos.standingout.be\\\/fr\\\/#organization\"},\"potentialAction\":[{\"@type\":\"SearchAction\",\"target\":{\"@type\":\"EntryPoint\",\"urlTemplate\":\"https:\\\/\\\/districos.standingout.be\\\/fr\\\/?s={search_term_string}\"},\"query-input\":{\"@type\":\"PropertyValueSpecification\",\"valueRequired\":true,\"valueName\":\"search_term_string\"}}],\"inLanguage\":\"fr-FR\"},{\"@type\":\"Organization\",\"@id\":\"https:\\\/\\\/districos.standingout.be\\\/fr\\\/#organization\",\"name\":\"Districos Webshop\",\"url\":\"https:\\\/\\\/districos.standingout.be\\\/fr\\\/\",\"logo\":{\"@type\":\"ImageObject\",\"inLanguage\":\"fr-FR\",\"@id\":\"https:\\\/\\\/districos.standingout.be\\\/fr\\\/#\\\/schema\\\/logo\\\/image\\\/\",\"url\":\"https:\\\/\\\/districos.standingout.be\\\/wp-content\\\/uploads\\\/2022\\\/09\\\/Districos_Logo_Webshop.svg\",\"contentUrl\":\"https:\\\/\\\/districos.standingout.be\\\/wp-content\\\/uploads\\\/2022\\\/09\\\/Districos_Logo_Webshop.svg\",\"caption\":\"Districos Webshop\"},\"image\":{\"@id\":\"https:\\\/\\\/districos.standingout.be\\\/fr\\\/#\\\/schema\\\/logo\\\/image\\\/\"}}]}<\/script>\n<!-- \/ Yoast SEO plugin. -->","yoast_head_json":{"title":"\u00c9chantillon BB Royal Lift Cr\u00e8me Contour des Yeux 3 ml - Districos Webshop","robots":{"index":"noindex","follow":"follow","max-snippet":"max-snippet:-1","max-image-preview":"max-image-preview:large","max-video-preview":"max-video-preview:-1"},"og_locale":"fr_FR","og_type":"article","og_title":"\u00c9chantillon BB Royal Lift Cr\u00e8me Contour des Yeux 3 ml - Districos Webshop","og_description":"ANTIRIDES &#8211; D\u00c9CONGESTIONNANT &#8211; \u00c9CLAIRCISSANT Une cr\u00e8me yeux nourrissante qui lutte contre les rides, les poches et les cernes sous les yeux. Substances actives Matrixyl\u00ae 3000 est bien connu pour ses propri\u00e9t\u00e9s liftantes et raffermissantes.&nbsp;De plus, la formule contient de l\u2019Eyeseryl\u00ae, un t\u00e9trapeptide qui r\u00e9duit effectivement les poches et les cernes.&nbsp;Le squalane et l\u2019huile de [&hellip;]","og_url":"https:\/\/districos.standingout.be\/fr\/product\/echantillon-bb-royal-lift-creme-contour-des-yeux-3-ml-ref-7066-63\/","og_site_name":"Districos Webshop","article_modified_time":"2026-04-28T07:44:05+00:00","twitter_card":"summary_large_image","twitter_misc":{"Dur\u00e9e de lecture estim\u00e9e":"1 minute"},"schema":{"@context":"https:\/\/schema.org","@graph":[{"@type":"WebPage","@id":"https:\/\/districos.standingout.be\/fr\/product\/echantillon-bb-royal-lift-creme-contour-des-yeux-3-ml-ref-7066-63\/","url":"https:\/\/districos.standingout.be\/fr\/product\/echantillon-bb-royal-lift-creme-contour-des-yeux-3-ml-ref-7066-63\/","name":"\u00c9chantillon BB Royal Lift Cr\u00e8me Contour des Yeux 3 ml - Districos Webshop","isPartOf":{"@id":"https:\/\/districos.standingout.be\/fr\/#website"},"primaryImageOfPage":{"@id":"https:\/\/districos.standingout.be\/fr\/product\/echantillon-bb-royal-lift-creme-contour-des-yeux-3-ml-ref-7066-63\/#primaryimage"},"image":{"@id":"https:\/\/districos.standingout.be\/fr\/product\/echantillon-bb-royal-lift-creme-contour-des-yeux-3-ml-ref-7066-63\/#primaryimage"},"thumbnailUrl":"https:\/\/districos.standingout.be\/wp-content\/uploads\/2025\/07\/7066.63@LowRes_1.png","datePublished":"2026-04-28T07:43:59+00:00","dateModified":"2026-04-28T07:44:05+00:00","breadcrumb":{"@id":"https:\/\/districos.standingout.be\/fr\/product\/echantillon-bb-royal-lift-creme-contour-des-yeux-3-ml-ref-7066-63\/#breadcrumb"},"inLanguage":"fr-FR","potentialAction":[{"@type":"ReadAction","target":["https:\/\/districos.standingout.be\/fr\/product\/echantillon-bb-royal-lift-creme-contour-des-yeux-3-ml-ref-7066-63\/"]}]},{"@type":"ImageObject","inLanguage":"fr-FR","@id":"https:\/\/districos.standingout.be\/fr\/product\/echantillon-bb-royal-lift-creme-contour-des-yeux-3-ml-ref-7066-63\/#primaryimage","url":"https:\/\/districos.standingout.be\/wp-content\/uploads\/2025\/07\/7066.63@LowRes_1.png","contentUrl":"https:\/\/districos.standingout.be\/wp-content\/uploads\/2025\/07\/7066.63@LowRes_1.png","width":600,"height":600},{"@type":"BreadcrumbList","@id":"https:\/\/districos.standingout.be\/fr\/product\/echantillon-bb-royal-lift-creme-contour-des-yeux-3-ml-ref-7066-63\/#breadcrumb","itemListElement":[{"@type":"ListItem","position":1,"name":"Home","item":"https:\/\/districos.standingout.be\/fr\/bienvenue-chez-districos\/"},{"@type":"ListItem","position":2,"name":"Boutique","item":"https:\/\/districos.standingout.be\/fr\/boutique\/"},{"@type":"ListItem","position":3,"name":"\u00c9chantillon BB Royal Lift Cr\u00e8me Contour des Yeux 3 ml"}]},{"@type":"WebSite","@id":"https:\/\/districos.standingout.be\/fr\/#website","url":"https:\/\/districos.standingout.be\/fr\/","name":"Districos Webshop","description":"","publisher":{"@id":"https:\/\/districos.standingout.be\/fr\/#organization"},"potentialAction":[{"@type":"SearchAction","target":{"@type":"EntryPoint","urlTemplate":"https:\/\/districos.standingout.be\/fr\/?s={search_term_string}"},"query-input":{"@type":"PropertyValueSpecification","valueRequired":true,"valueName":"search_term_string"}}],"inLanguage":"fr-FR"},{"@type":"Organization","@id":"https:\/\/districos.standingout.be\/fr\/#organization","name":"Districos Webshop","url":"https:\/\/districos.standingout.be\/fr\/","logo":{"@type":"ImageObject","inLanguage":"fr-FR","@id":"https:\/\/districos.standingout.be\/fr\/#\/schema\/logo\/image\/","url":"https:\/\/districos.standingout.be\/wp-content\/uploads\/2022\/09\/Districos_Logo_Webshop.svg","contentUrl":"https:\/\/districos.standingout.be\/wp-content\/uploads\/2022\/09\/Districos_Logo_Webshop.svg","caption":"Districos Webshop"},"image":{"@id":"https:\/\/districos.standingout.be\/fr\/#\/schema\/logo\/image\/"}}]}},"_links":{"self":[{"href":"https:\/\/districos.standingout.be\/fr\/wp-json\/wp\/v2\/product\/137047","targetHints":{"allow":["GET"]}}],"collection":[{"href":"https:\/\/districos.standingout.be\/fr\/wp-json\/wp\/v2\/product"}],"about":[{"href":"https:\/\/districos.standingout.be\/fr\/wp-json\/wp\/v2\/types\/product"}],"replies":[{"embeddable":true,"href":"https:\/\/districos.standingout.be\/fr\/wp-json\/wp\/v2\/comments?post=137047"}],"wp:featuredmedia":[{"embeddable":true,"href":"https:\/\/districos.standingout.be\/fr\/wp-json\/wp\/v2\/media\/77669"}],"wp:attachment":[{"href":"https:\/\/districos.standingout.be\/fr\/wp-json\/wp\/v2\/media?parent=137047"}],"wp:term":[{"taxonomy":"product_brand","embeddable":true,"href":"https:\/\/districos.standingout.be\/fr\/wp-json\/wp\/v2\/product_brand?post=137047"},{"taxonomy":"product_cat","embeddable":true,"href":"https:\/\/districos.standingout.be\/fr\/wp-json\/wp\/v2\/product_cat?post=137047"},{"taxonomy":"product_tag","embeddable":true,"href":"https:\/\/districos.standingout.be\/fr\/wp-json\/wp\/v2\/product_tag?post=137047"}],"curies":[{"name":"wp","href":"https:\/\/api.w.org\/{rel}","templated":true}]}}