{"id":137049,"date":"2026-04-28T09:44:05","date_gmt":"2026-04-28T07:44:05","guid":{"rendered":"https:\/\/webshopdistricoscom.webhosting.be\/product\/echantillon-bio-balance-camomille-creme-mains-3-ml-ref-7066-74\/"},"modified":"2026-04-28T09:44:09","modified_gmt":"2026-04-28T07:44:09","slug":"echantillon-bio-balance-camomille-creme-mains-3-ml-ref-7066-74","status":"publish","type":"product","link":"https:\/\/districos.standingout.be\/fr\/product\/echantillon-bio-balance-camomille-creme-mains-3-ml-ref-7066-74\/","title":{"rendered":"\u00c9chantillon Bio Balance Camomille Cr\u00e8me Mains 3 ml"},"content":{"rendered":"<p >\n<p dir=ltr>Cr\u00e8me pour les mains hydratante et adoucissante \u00e0 la texture l\u00e9g\u00e8re et douce, p\u00e9n\u00e8tre tr\u00e8s rapidement dans la peau et s\u2019\u00e9tale facilement et uniform\u00e9ment. Contient de la Glyc\u00e9rine pour une hydratation profonde, de l\u2019Extrait de Camomille et de l\u2019Huile de Macadamia pour des mains lisses et douces au toucher et de l\u2019Huile de Limnanthe pour une peau en pleine forme. L\u2019Extrait de Piper Betle naturel permet un rafra\u00eechissement agr\u00e9able des mains. <\/p>\n<p> Emballage : \u00e9chantillon de 3 ml<\/p><\/p>\n","protected":false},"excerpt":{"rendered":"<p>Cr\u00e8me pour les mains hydratante et adoucissante \u00e0 la texture l\u00e9g\u00e8re et douce, p\u00e9n\u00e8tre tr\u00e8s rapidement dans la peau et s\u2019\u00e9tale facilement et uniform\u00e9ment. Contient de la Glyc\u00e9rine pour une hydratation profonde, de l\u2019Extrait de Camomille et de l\u2019Huile de Macadamia pour des mains lisses et douces au toucher et de l\u2019Huile de Limnanthe pour [&hellip;]<\/p>\n","protected":false},"featured_media":77672,"comment_status":"open","ping_status":"closed","template":"","meta":{"_acf_changed":false},"product_brand":[10300],"product_cat":[9904,9908],"product_tag":[],"class_list":{"0":"post-137049","1":"product","2":"type-product","3":"status-publish","4":"has-post-thumbnail","6":"product_brand-bb-hand-fr","7":"product_cat-beaute-manucure-ongles-soins-des-mains-et-des-ongles","8":"product_cat-beaute-manucure-ongles-spa-manucure","10":"first","11":"instock","12":"taxable","13":"shipping-taxable","14":"product-type-simple"},"acf":[],"yoast_head":"<!-- This site is optimized with the Yoast SEO plugin v27.3 - https:\/\/yoast.com\/product\/yoast-seo-wordpress\/ -->\n<title>\u00c9chantillon Bio Balance Camomille Cr\u00e8me Mains 3 ml - Districos Webshop<\/title>\n<meta name=\"robots\" content=\"noindex, follow, max-snippet:-1, max-image-preview:large, max-video-preview:-1\" \/>\n<meta property=\"og:locale\" content=\"fr_FR\" \/>\n<meta property=\"og:type\" content=\"article\" \/>\n<meta property=\"og:title\" content=\"\u00c9chantillon Bio Balance Camomille Cr\u00e8me Mains 3 ml - Districos Webshop\" \/>\n<meta property=\"og:description\" content=\"Cr\u00e8me pour les mains hydratante et adoucissante \u00e0 la texture l\u00e9g\u00e8re et douce, p\u00e9n\u00e8tre tr\u00e8s rapidement dans la peau et s\u2019\u00e9tale facilement et uniform\u00e9ment. Contient de la Glyc\u00e9rine pour une hydratation profonde, de l\u2019Extrait de Camomille et de l\u2019Huile de Macadamia pour des mains lisses et douces au toucher et de l\u2019Huile de Limnanthe pour [&hellip;]\" \/>\n<meta property=\"og:url\" content=\"https:\/\/districos.standingout.be\/fr\/product\/echantillon-bio-balance-camomille-creme-mains-3-ml-ref-7066-74\/\" \/>\n<meta property=\"og:site_name\" content=\"Districos Webshop\" \/>\n<meta property=\"article:modified_time\" content=\"2026-04-28T07:44:09+00:00\" \/>\n<meta name=\"twitter:card\" content=\"summary_large_image\" \/>\n<script type=\"application\/ld+json\" class=\"yoast-schema-graph\">{\"@context\":\"https:\\\/\\\/schema.org\",\"@graph\":[{\"@type\":\"WebPage\",\"@id\":\"https:\\\/\\\/districos.standingout.be\\\/fr\\\/product\\\/echantillon-bio-balance-camomille-creme-mains-3-ml-ref-7066-74\\\/\",\"url\":\"https:\\\/\\\/districos.standingout.be\\\/fr\\\/product\\\/echantillon-bio-balance-camomille-creme-mains-3-ml-ref-7066-74\\\/\",\"name\":\"\u00c9chantillon Bio Balance Camomille Cr\u00e8me Mains 3 ml - Districos Webshop\",\"isPartOf\":{\"@id\":\"https:\\\/\\\/districos.standingout.be\\\/fr\\\/#website\"},\"primaryImageOfPage\":{\"@id\":\"https:\\\/\\\/districos.standingout.be\\\/fr\\\/product\\\/echantillon-bio-balance-camomille-creme-mains-3-ml-ref-7066-74\\\/#primaryimage\"},\"image\":{\"@id\":\"https:\\\/\\\/districos.standingout.be\\\/fr\\\/product\\\/echantillon-bio-balance-camomille-creme-mains-3-ml-ref-7066-74\\\/#primaryimage\"},\"thumbnailUrl\":\"https:\\\/\\\/districos.standingout.be\\\/wp-content\\\/uploads\\\/2025\\\/07\\\/7066.74@LowRes_0.png\",\"datePublished\":\"2026-04-28T07:44:05+00:00\",\"dateModified\":\"2026-04-28T07:44:09+00:00\",\"breadcrumb\":{\"@id\":\"https:\\\/\\\/districos.standingout.be\\\/fr\\\/product\\\/echantillon-bio-balance-camomille-creme-mains-3-ml-ref-7066-74\\\/#breadcrumb\"},\"inLanguage\":\"fr-FR\",\"potentialAction\":[{\"@type\":\"ReadAction\",\"target\":[\"https:\\\/\\\/districos.standingout.be\\\/fr\\\/product\\\/echantillon-bio-balance-camomille-creme-mains-3-ml-ref-7066-74\\\/\"]}]},{\"@type\":\"ImageObject\",\"inLanguage\":\"fr-FR\",\"@id\":\"https:\\\/\\\/districos.standingout.be\\\/fr\\\/product\\\/echantillon-bio-balance-camomille-creme-mains-3-ml-ref-7066-74\\\/#primaryimage\",\"url\":\"https:\\\/\\\/districos.standingout.be\\\/wp-content\\\/uploads\\\/2025\\\/07\\\/7066.74@LowRes_0.png\",\"contentUrl\":\"https:\\\/\\\/districos.standingout.be\\\/wp-content\\\/uploads\\\/2025\\\/07\\\/7066.74@LowRes_0.png\",\"width\":600,\"height\":600},{\"@type\":\"BreadcrumbList\",\"@id\":\"https:\\\/\\\/districos.standingout.be\\\/fr\\\/product\\\/echantillon-bio-balance-camomille-creme-mains-3-ml-ref-7066-74\\\/#breadcrumb\",\"itemListElement\":[{\"@type\":\"ListItem\",\"position\":1,\"name\":\"Home\",\"item\":\"https:\\\/\\\/districos.standingout.be\\\/fr\\\/bienvenue-chez-districos\\\/\"},{\"@type\":\"ListItem\",\"position\":2,\"name\":\"Boutique\",\"item\":\"https:\\\/\\\/districos.standingout.be\\\/fr\\\/boutique\\\/\"},{\"@type\":\"ListItem\",\"position\":3,\"name\":\"\u00c9chantillon Bio Balance Camomille Cr\u00e8me Mains 3 ml\"}]},{\"@type\":\"WebSite\",\"@id\":\"https:\\\/\\\/districos.standingout.be\\\/fr\\\/#website\",\"url\":\"https:\\\/\\\/districos.standingout.be\\\/fr\\\/\",\"name\":\"Districos Webshop\",\"description\":\"\",\"publisher\":{\"@id\":\"https:\\\/\\\/districos.standingout.be\\\/fr\\\/#organization\"},\"potentialAction\":[{\"@type\":\"SearchAction\",\"target\":{\"@type\":\"EntryPoint\",\"urlTemplate\":\"https:\\\/\\\/districos.standingout.be\\\/fr\\\/?s={search_term_string}\"},\"query-input\":{\"@type\":\"PropertyValueSpecification\",\"valueRequired\":true,\"valueName\":\"search_term_string\"}}],\"inLanguage\":\"fr-FR\"},{\"@type\":\"Organization\",\"@id\":\"https:\\\/\\\/districos.standingout.be\\\/fr\\\/#organization\",\"name\":\"Districos Webshop\",\"url\":\"https:\\\/\\\/districos.standingout.be\\\/fr\\\/\",\"logo\":{\"@type\":\"ImageObject\",\"inLanguage\":\"fr-FR\",\"@id\":\"https:\\\/\\\/districos.standingout.be\\\/fr\\\/#\\\/schema\\\/logo\\\/image\\\/\",\"url\":\"https:\\\/\\\/districos.standingout.be\\\/wp-content\\\/uploads\\\/2022\\\/09\\\/Districos_Logo_Webshop.svg\",\"contentUrl\":\"https:\\\/\\\/districos.standingout.be\\\/wp-content\\\/uploads\\\/2022\\\/09\\\/Districos_Logo_Webshop.svg\",\"caption\":\"Districos Webshop\"},\"image\":{\"@id\":\"https:\\\/\\\/districos.standingout.be\\\/fr\\\/#\\\/schema\\\/logo\\\/image\\\/\"}}]}<\/script>\n<!-- \/ Yoast SEO plugin. -->","yoast_head_json":{"title":"\u00c9chantillon Bio Balance Camomille Cr\u00e8me Mains 3 ml - Districos Webshop","robots":{"index":"noindex","follow":"follow","max-snippet":"max-snippet:-1","max-image-preview":"max-image-preview:large","max-video-preview":"max-video-preview:-1"},"og_locale":"fr_FR","og_type":"article","og_title":"\u00c9chantillon Bio Balance Camomille Cr\u00e8me Mains 3 ml - Districos Webshop","og_description":"Cr\u00e8me pour les mains hydratante et adoucissante \u00e0 la texture l\u00e9g\u00e8re et douce, p\u00e9n\u00e8tre tr\u00e8s rapidement dans la peau et s\u2019\u00e9tale facilement et uniform\u00e9ment. Contient de la Glyc\u00e9rine pour une hydratation profonde, de l\u2019Extrait de Camomille et de l\u2019Huile de Macadamia pour des mains lisses et douces au toucher et de l\u2019Huile de Limnanthe pour [&hellip;]","og_url":"https:\/\/districos.standingout.be\/fr\/product\/echantillon-bio-balance-camomille-creme-mains-3-ml-ref-7066-74\/","og_site_name":"Districos Webshop","article_modified_time":"2026-04-28T07:44:09+00:00","twitter_card":"summary_large_image","schema":{"@context":"https:\/\/schema.org","@graph":[{"@type":"WebPage","@id":"https:\/\/districos.standingout.be\/fr\/product\/echantillon-bio-balance-camomille-creme-mains-3-ml-ref-7066-74\/","url":"https:\/\/districos.standingout.be\/fr\/product\/echantillon-bio-balance-camomille-creme-mains-3-ml-ref-7066-74\/","name":"\u00c9chantillon Bio Balance Camomille Cr\u00e8me Mains 3 ml - Districos Webshop","isPartOf":{"@id":"https:\/\/districos.standingout.be\/fr\/#website"},"primaryImageOfPage":{"@id":"https:\/\/districos.standingout.be\/fr\/product\/echantillon-bio-balance-camomille-creme-mains-3-ml-ref-7066-74\/#primaryimage"},"image":{"@id":"https:\/\/districos.standingout.be\/fr\/product\/echantillon-bio-balance-camomille-creme-mains-3-ml-ref-7066-74\/#primaryimage"},"thumbnailUrl":"https:\/\/districos.standingout.be\/wp-content\/uploads\/2025\/07\/7066.74@LowRes_0.png","datePublished":"2026-04-28T07:44:05+00:00","dateModified":"2026-04-28T07:44:09+00:00","breadcrumb":{"@id":"https:\/\/districos.standingout.be\/fr\/product\/echantillon-bio-balance-camomille-creme-mains-3-ml-ref-7066-74\/#breadcrumb"},"inLanguage":"fr-FR","potentialAction":[{"@type":"ReadAction","target":["https:\/\/districos.standingout.be\/fr\/product\/echantillon-bio-balance-camomille-creme-mains-3-ml-ref-7066-74\/"]}]},{"@type":"ImageObject","inLanguage":"fr-FR","@id":"https:\/\/districos.standingout.be\/fr\/product\/echantillon-bio-balance-camomille-creme-mains-3-ml-ref-7066-74\/#primaryimage","url":"https:\/\/districos.standingout.be\/wp-content\/uploads\/2025\/07\/7066.74@LowRes_0.png","contentUrl":"https:\/\/districos.standingout.be\/wp-content\/uploads\/2025\/07\/7066.74@LowRes_0.png","width":600,"height":600},{"@type":"BreadcrumbList","@id":"https:\/\/districos.standingout.be\/fr\/product\/echantillon-bio-balance-camomille-creme-mains-3-ml-ref-7066-74\/#breadcrumb","itemListElement":[{"@type":"ListItem","position":1,"name":"Home","item":"https:\/\/districos.standingout.be\/fr\/bienvenue-chez-districos\/"},{"@type":"ListItem","position":2,"name":"Boutique","item":"https:\/\/districos.standingout.be\/fr\/boutique\/"},{"@type":"ListItem","position":3,"name":"\u00c9chantillon Bio Balance Camomille Cr\u00e8me Mains 3 ml"}]},{"@type":"WebSite","@id":"https:\/\/districos.standingout.be\/fr\/#website","url":"https:\/\/districos.standingout.be\/fr\/","name":"Districos Webshop","description":"","publisher":{"@id":"https:\/\/districos.standingout.be\/fr\/#organization"},"potentialAction":[{"@type":"SearchAction","target":{"@type":"EntryPoint","urlTemplate":"https:\/\/districos.standingout.be\/fr\/?s={search_term_string}"},"query-input":{"@type":"PropertyValueSpecification","valueRequired":true,"valueName":"search_term_string"}}],"inLanguage":"fr-FR"},{"@type":"Organization","@id":"https:\/\/districos.standingout.be\/fr\/#organization","name":"Districos Webshop","url":"https:\/\/districos.standingout.be\/fr\/","logo":{"@type":"ImageObject","inLanguage":"fr-FR","@id":"https:\/\/districos.standingout.be\/fr\/#\/schema\/logo\/image\/","url":"https:\/\/districos.standingout.be\/wp-content\/uploads\/2022\/09\/Districos_Logo_Webshop.svg","contentUrl":"https:\/\/districos.standingout.be\/wp-content\/uploads\/2022\/09\/Districos_Logo_Webshop.svg","caption":"Districos Webshop"},"image":{"@id":"https:\/\/districos.standingout.be\/fr\/#\/schema\/logo\/image\/"}}]}},"_links":{"self":[{"href":"https:\/\/districos.standingout.be\/fr\/wp-json\/wp\/v2\/product\/137049","targetHints":{"allow":["GET"]}}],"collection":[{"href":"https:\/\/districos.standingout.be\/fr\/wp-json\/wp\/v2\/product"}],"about":[{"href":"https:\/\/districos.standingout.be\/fr\/wp-json\/wp\/v2\/types\/product"}],"replies":[{"embeddable":true,"href":"https:\/\/districos.standingout.be\/fr\/wp-json\/wp\/v2\/comments?post=137049"}],"wp:featuredmedia":[{"embeddable":true,"href":"https:\/\/districos.standingout.be\/fr\/wp-json\/wp\/v2\/media\/77672"}],"wp:attachment":[{"href":"https:\/\/districos.standingout.be\/fr\/wp-json\/wp\/v2\/media?parent=137049"}],"wp:term":[{"taxonomy":"product_brand","embeddable":true,"href":"https:\/\/districos.standingout.be\/fr\/wp-json\/wp\/v2\/product_brand?post=137049"},{"taxonomy":"product_cat","embeddable":true,"href":"https:\/\/districos.standingout.be\/fr\/wp-json\/wp\/v2\/product_cat?post=137049"},{"taxonomy":"product_tag","embeddable":true,"href":"https:\/\/districos.standingout.be\/fr\/wp-json\/wp\/v2\/product_tag?post=137049"}],"curies":[{"name":"wp","href":"https:\/\/api.w.org\/{rel}","templated":true}]}}