{"id":137057,"date":"2026-04-28T09:44:28","date_gmt":"2026-04-28T07:44:28","guid":{"rendered":"https:\/\/webshopdistricoscom.webhosting.be\/product\/bio-balance-easy-body-peeling-200-ml-ref-7067-01-2\/"},"modified":"2026-04-28T09:44:35","modified_gmt":"2026-04-28T07:44:35","slug":"bio-balance-easy-body-peeling-200-ml-ref-7067-01","status":"publish","type":"product","link":"https:\/\/districos.standingout.be\/fr\/product\/bio-balance-easy-body-peeling-200-ml-ref-7067-01\/","title":{"rendered":"Bio Balance Easy Body Peeling 200 ml"},"content":{"rendered":"<p >\n<\/p>\n<p dir=\"ltr\">Gel peeling \u00e0 base de noyaux d\u2019abricot finement moulus pour un peeling efficace et rapide du corps. Une l\u00e9g\u00e8re pression suffit pour un peeling performant du corps. Les cellules cutan\u00e9es mortes sont \u00e9limin\u00e9es de mani\u00e8re rapide et pratique. Ce peeling stimule la circulation sanguine et une absorption plus rapide des substances actives des cr\u00e8mes de soin.<\/p>\n<p dir=\"ltr\">\n<ul>\n<li>Rend la peau extr\u00eamement douce.<\/li>\n<li>Pas besoin d\u2019eau ni de douche.<\/li>\n<li>Ingr\u00e9dients actifs : huile de soja, noyaux d&rsquo;abricot.<\/li>\n<li>Emballage : 200 ml.<\/li>\n<li><font size=\"2\">Vegan.<\/font><\/li>\n<\/ul>\n<div><b>Mode d&#8217;emploi<\/b><\/div>\n<ul>\n<li><b>Cabine<\/b> :\u2008appliquez le gel au moyen de grands mouvements circulaires. Massez jusqu\u2019\u00e0 ce qu\u2019il s\u2019\u00e9vapore et que les granules tombent sur le drap en plastique. Enlevez les granules s\u00e8ches de la peau et sur le drap en plastique avec un gant (de toilette) et essuyez-les dans un bac. L&rsquo;avantage de ce peeling est qu&rsquo;il vous permet de travailler tr\u00e8s vite et sans eau ni douche.<\/li>\n<li><b>Utilisation \u00e0 domicile<\/b> : appliquez 2 fois par semaine sur le corps enti\u00e8rement nettoy\u00e9 en effectuant de grands mouvements circulaires.<\/li>\n<\/ul><\/p>\n","protected":false},"excerpt":{"rendered":"<p>Gel peeling \u00e0 base de noyaux d\u2019abricot finement moulus pour un peeling efficace et rapide du corps. Une l\u00e9g\u00e8re pression suffit pour un peeling performant du corps. Les cellules cutan\u00e9es mortes sont \u00e9limin\u00e9es de mani\u00e8re rapide et pratique. Ce peeling stimule la circulation sanguine et une absorption plus rapide des substances actives des cr\u00e8mes de [&hellip;]<\/p>\n","protected":false},"featured_media":147331,"comment_status":"open","ping_status":"closed","template":"","meta":{"_acf_changed":false},"product_brand":[10302],"product_cat":[9868],"product_tag":[],"class_list":{"0":"post-137057","1":"product","2":"type-product","3":"status-publish","4":"has-post-thumbnail","6":"product_brand-bb-lichaam-fr","7":"product_cat-beaute-corps-soins-du-corps","9":"first","10":"instock","11":"taxable","12":"shipping-taxable","13":"product-type-simple"},"acf":[],"yoast_head":"<!-- This site is optimized with the Yoast SEO plugin v27.3 - https:\/\/yoast.com\/product\/yoast-seo-wordpress\/ -->\n<title>Bio Balance Easy Body Peeling 200 ml - Districos Webshop<\/title>\n<meta name=\"robots\" content=\"noindex, follow, max-snippet:-1, max-image-preview:large, max-video-preview:-1\" \/>\n<meta property=\"og:locale\" content=\"fr_FR\" \/>\n<meta property=\"og:type\" content=\"article\" \/>\n<meta property=\"og:title\" content=\"Bio Balance Easy Body Peeling 200 ml - Districos Webshop\" \/>\n<meta property=\"og:description\" content=\"Gel peeling \u00e0 base de noyaux d\u2019abricot finement moulus pour un peeling efficace et rapide du corps. Une l\u00e9g\u00e8re pression suffit pour un peeling performant du corps. Les cellules cutan\u00e9es mortes sont \u00e9limin\u00e9es de mani\u00e8re rapide et pratique. Ce peeling stimule la circulation sanguine et une absorption plus rapide des substances actives des cr\u00e8mes de [&hellip;]\" \/>\n<meta property=\"og:url\" content=\"https:\/\/districos.standingout.be\/fr\/product\/bio-balance-easy-body-peeling-200-ml-ref-7067-01\/\" \/>\n<meta property=\"og:site_name\" content=\"Districos Webshop\" \/>\n<meta property=\"article:modified_time\" content=\"2026-04-28T07:44:35+00:00\" \/>\n<meta name=\"twitter:card\" content=\"summary_large_image\" \/>\n<meta name=\"twitter:label1\" content=\"Dur\u00e9e de lecture estim\u00e9e\" \/>\n\t<meta name=\"twitter:data1\" content=\"1 minute\" \/>\n<script type=\"application\/ld+json\" class=\"yoast-schema-graph\">{\"@context\":\"https:\\\/\\\/schema.org\",\"@graph\":[{\"@type\":\"WebPage\",\"@id\":\"https:\\\/\\\/districos.standingout.be\\\/fr\\\/product\\\/bio-balance-easy-body-peeling-200-ml-ref-7067-01\\\/\",\"url\":\"https:\\\/\\\/districos.standingout.be\\\/fr\\\/product\\\/bio-balance-easy-body-peeling-200-ml-ref-7067-01\\\/\",\"name\":\"Bio Balance Easy Body Peeling 200 ml - Districos Webshop\",\"isPartOf\":{\"@id\":\"https:\\\/\\\/districos.standingout.be\\\/fr\\\/#website\"},\"primaryImageOfPage\":{\"@id\":\"https:\\\/\\\/districos.standingout.be\\\/fr\\\/product\\\/bio-balance-easy-body-peeling-200-ml-ref-7067-01\\\/#primaryimage\"},\"image\":{\"@id\":\"https:\\\/\\\/districos.standingout.be\\\/fr\\\/product\\\/bio-balance-easy-body-peeling-200-ml-ref-7067-01\\\/#primaryimage\"},\"thumbnailUrl\":\"https:\\\/\\\/districos.standingout.be\\\/wp-content\\\/uploads\\\/2026\\\/04\\\/7067.01@BB-Easy-Body-Peeling-200ml_2-1.png\",\"datePublished\":\"2026-04-28T07:44:28+00:00\",\"dateModified\":\"2026-04-28T07:44:35+00:00\",\"breadcrumb\":{\"@id\":\"https:\\\/\\\/districos.standingout.be\\\/fr\\\/product\\\/bio-balance-easy-body-peeling-200-ml-ref-7067-01\\\/#breadcrumb\"},\"inLanguage\":\"fr-FR\",\"potentialAction\":[{\"@type\":\"ReadAction\",\"target\":[\"https:\\\/\\\/districos.standingout.be\\\/fr\\\/product\\\/bio-balance-easy-body-peeling-200-ml-ref-7067-01\\\/\"]}]},{\"@type\":\"ImageObject\",\"inLanguage\":\"fr-FR\",\"@id\":\"https:\\\/\\\/districos.standingout.be\\\/fr\\\/product\\\/bio-balance-easy-body-peeling-200-ml-ref-7067-01\\\/#primaryimage\",\"url\":\"https:\\\/\\\/districos.standingout.be\\\/wp-content\\\/uploads\\\/2026\\\/04\\\/7067.01@BB-Easy-Body-Peeling-200ml_2-1.png\",\"contentUrl\":\"https:\\\/\\\/districos.standingout.be\\\/wp-content\\\/uploads\\\/2026\\\/04\\\/7067.01@BB-Easy-Body-Peeling-200ml_2-1.png\",\"width\":600,\"height\":600},{\"@type\":\"BreadcrumbList\",\"@id\":\"https:\\\/\\\/districos.standingout.be\\\/fr\\\/product\\\/bio-balance-easy-body-peeling-200-ml-ref-7067-01\\\/#breadcrumb\",\"itemListElement\":[{\"@type\":\"ListItem\",\"position\":1,\"name\":\"Home\",\"item\":\"https:\\\/\\\/districos.standingout.be\\\/fr\\\/bienvenue-chez-districos\\\/\"},{\"@type\":\"ListItem\",\"position\":2,\"name\":\"Boutique\",\"item\":\"https:\\\/\\\/districos.standingout.be\\\/fr\\\/boutique\\\/\"},{\"@type\":\"ListItem\",\"position\":3,\"name\":\"Bio Balance Easy Body Peeling 200 ml\"}]},{\"@type\":\"WebSite\",\"@id\":\"https:\\\/\\\/districos.standingout.be\\\/fr\\\/#website\",\"url\":\"https:\\\/\\\/districos.standingout.be\\\/fr\\\/\",\"name\":\"Districos Webshop\",\"description\":\"\",\"publisher\":{\"@id\":\"https:\\\/\\\/districos.standingout.be\\\/fr\\\/#organization\"},\"potentialAction\":[{\"@type\":\"SearchAction\",\"target\":{\"@type\":\"EntryPoint\",\"urlTemplate\":\"https:\\\/\\\/districos.standingout.be\\\/fr\\\/?s={search_term_string}\"},\"query-input\":{\"@type\":\"PropertyValueSpecification\",\"valueRequired\":true,\"valueName\":\"search_term_string\"}}],\"inLanguage\":\"fr-FR\"},{\"@type\":\"Organization\",\"@id\":\"https:\\\/\\\/districos.standingout.be\\\/fr\\\/#organization\",\"name\":\"Districos Webshop\",\"url\":\"https:\\\/\\\/districos.standingout.be\\\/fr\\\/\",\"logo\":{\"@type\":\"ImageObject\",\"inLanguage\":\"fr-FR\",\"@id\":\"https:\\\/\\\/districos.standingout.be\\\/fr\\\/#\\\/schema\\\/logo\\\/image\\\/\",\"url\":\"https:\\\/\\\/districos.standingout.be\\\/wp-content\\\/uploads\\\/2022\\\/09\\\/Districos_Logo_Webshop.svg\",\"contentUrl\":\"https:\\\/\\\/districos.standingout.be\\\/wp-content\\\/uploads\\\/2022\\\/09\\\/Districos_Logo_Webshop.svg\",\"caption\":\"Districos Webshop\"},\"image\":{\"@id\":\"https:\\\/\\\/districos.standingout.be\\\/fr\\\/#\\\/schema\\\/logo\\\/image\\\/\"}}]}<\/script>\n<!-- \/ Yoast SEO plugin. -->","yoast_head_json":{"title":"Bio Balance Easy Body Peeling 200 ml - Districos Webshop","robots":{"index":"noindex","follow":"follow","max-snippet":"max-snippet:-1","max-image-preview":"max-image-preview:large","max-video-preview":"max-video-preview:-1"},"og_locale":"fr_FR","og_type":"article","og_title":"Bio Balance Easy Body Peeling 200 ml - Districos Webshop","og_description":"Gel peeling \u00e0 base de noyaux d\u2019abricot finement moulus pour un peeling efficace et rapide du corps. Une l\u00e9g\u00e8re pression suffit pour un peeling performant du corps. Les cellules cutan\u00e9es mortes sont \u00e9limin\u00e9es de mani\u00e8re rapide et pratique. Ce peeling stimule la circulation sanguine et une absorption plus rapide des substances actives des cr\u00e8mes de [&hellip;]","og_url":"https:\/\/districos.standingout.be\/fr\/product\/bio-balance-easy-body-peeling-200-ml-ref-7067-01\/","og_site_name":"Districos Webshop","article_modified_time":"2026-04-28T07:44:35+00:00","twitter_card":"summary_large_image","twitter_misc":{"Dur\u00e9e de lecture estim\u00e9e":"1 minute"},"schema":{"@context":"https:\/\/schema.org","@graph":[{"@type":"WebPage","@id":"https:\/\/districos.standingout.be\/fr\/product\/bio-balance-easy-body-peeling-200-ml-ref-7067-01\/","url":"https:\/\/districos.standingout.be\/fr\/product\/bio-balance-easy-body-peeling-200-ml-ref-7067-01\/","name":"Bio Balance Easy Body Peeling 200 ml - Districos Webshop","isPartOf":{"@id":"https:\/\/districos.standingout.be\/fr\/#website"},"primaryImageOfPage":{"@id":"https:\/\/districos.standingout.be\/fr\/product\/bio-balance-easy-body-peeling-200-ml-ref-7067-01\/#primaryimage"},"image":{"@id":"https:\/\/districos.standingout.be\/fr\/product\/bio-balance-easy-body-peeling-200-ml-ref-7067-01\/#primaryimage"},"thumbnailUrl":"https:\/\/districos.standingout.be\/wp-content\/uploads\/2026\/04\/7067.01@BB-Easy-Body-Peeling-200ml_2-1.png","datePublished":"2026-04-28T07:44:28+00:00","dateModified":"2026-04-28T07:44:35+00:00","breadcrumb":{"@id":"https:\/\/districos.standingout.be\/fr\/product\/bio-balance-easy-body-peeling-200-ml-ref-7067-01\/#breadcrumb"},"inLanguage":"fr-FR","potentialAction":[{"@type":"ReadAction","target":["https:\/\/districos.standingout.be\/fr\/product\/bio-balance-easy-body-peeling-200-ml-ref-7067-01\/"]}]},{"@type":"ImageObject","inLanguage":"fr-FR","@id":"https:\/\/districos.standingout.be\/fr\/product\/bio-balance-easy-body-peeling-200-ml-ref-7067-01\/#primaryimage","url":"https:\/\/districos.standingout.be\/wp-content\/uploads\/2026\/04\/7067.01@BB-Easy-Body-Peeling-200ml_2-1.png","contentUrl":"https:\/\/districos.standingout.be\/wp-content\/uploads\/2026\/04\/7067.01@BB-Easy-Body-Peeling-200ml_2-1.png","width":600,"height":600},{"@type":"BreadcrumbList","@id":"https:\/\/districos.standingout.be\/fr\/product\/bio-balance-easy-body-peeling-200-ml-ref-7067-01\/#breadcrumb","itemListElement":[{"@type":"ListItem","position":1,"name":"Home","item":"https:\/\/districos.standingout.be\/fr\/bienvenue-chez-districos\/"},{"@type":"ListItem","position":2,"name":"Boutique","item":"https:\/\/districos.standingout.be\/fr\/boutique\/"},{"@type":"ListItem","position":3,"name":"Bio Balance Easy Body Peeling 200 ml"}]},{"@type":"WebSite","@id":"https:\/\/districos.standingout.be\/fr\/#website","url":"https:\/\/districos.standingout.be\/fr\/","name":"Districos Webshop","description":"","publisher":{"@id":"https:\/\/districos.standingout.be\/fr\/#organization"},"potentialAction":[{"@type":"SearchAction","target":{"@type":"EntryPoint","urlTemplate":"https:\/\/districos.standingout.be\/fr\/?s={search_term_string}"},"query-input":{"@type":"PropertyValueSpecification","valueRequired":true,"valueName":"search_term_string"}}],"inLanguage":"fr-FR"},{"@type":"Organization","@id":"https:\/\/districos.standingout.be\/fr\/#organization","name":"Districos Webshop","url":"https:\/\/districos.standingout.be\/fr\/","logo":{"@type":"ImageObject","inLanguage":"fr-FR","@id":"https:\/\/districos.standingout.be\/fr\/#\/schema\/logo\/image\/","url":"https:\/\/districos.standingout.be\/wp-content\/uploads\/2022\/09\/Districos_Logo_Webshop.svg","contentUrl":"https:\/\/districos.standingout.be\/wp-content\/uploads\/2022\/09\/Districos_Logo_Webshop.svg","caption":"Districos Webshop"},"image":{"@id":"https:\/\/districos.standingout.be\/fr\/#\/schema\/logo\/image\/"}}]}},"_links":{"self":[{"href":"https:\/\/districos.standingout.be\/fr\/wp-json\/wp\/v2\/product\/137057","targetHints":{"allow":["GET"]}}],"collection":[{"href":"https:\/\/districos.standingout.be\/fr\/wp-json\/wp\/v2\/product"}],"about":[{"href":"https:\/\/districos.standingout.be\/fr\/wp-json\/wp\/v2\/types\/product"}],"replies":[{"embeddable":true,"href":"https:\/\/districos.standingout.be\/fr\/wp-json\/wp\/v2\/comments?post=137057"}],"wp:featuredmedia":[{"embeddable":true,"href":"https:\/\/districos.standingout.be\/fr\/wp-json\/wp\/v2\/media\/147331"}],"wp:attachment":[{"href":"https:\/\/districos.standingout.be\/fr\/wp-json\/wp\/v2\/media?parent=137057"}],"wp:term":[{"taxonomy":"product_brand","embeddable":true,"href":"https:\/\/districos.standingout.be\/fr\/wp-json\/wp\/v2\/product_brand?post=137057"},{"taxonomy":"product_cat","embeddable":true,"href":"https:\/\/districos.standingout.be\/fr\/wp-json\/wp\/v2\/product_cat?post=137057"},{"taxonomy":"product_tag","embeddable":true,"href":"https:\/\/districos.standingout.be\/fr\/wp-json\/wp\/v2\/product_tag?post=137057"}],"curies":[{"name":"wp","href":"https:\/\/api.w.org\/{rel}","templated":true}]}}