{"id":137059,"date":"2026-04-28T09:44:35","date_gmt":"2026-04-28T07:44:35","guid":{"rendered":"https:\/\/webshopdistricoscom.webhosting.be\/product\/bio-balance-rosemary-scrubbing-sea-salt-300-g-ref-7067-02-2\/"},"modified":"2026-04-28T09:44:42","modified_gmt":"2026-04-28T07:44:42","slug":"bio-balance-rosemary-scrubbing-sea-salt-300-g-ref-7067-02","status":"publish","type":"product","link":"https:\/\/districos.standingout.be\/fr\/product\/bio-balance-rosemary-scrubbing-sea-salt-300-g-ref-7067-02\/","title":{"rendered":"Bio Balance Rosemary Scrubbing Sea Salt 300 g"},"content":{"rendered":"<p >\n<\/p>\n<p dir=\"ltr\"><font size=\"2\">Peeling aux sels marins et aux huiles essentielles, \u00e0 m\u00e9langer avec la&nbsp;<u><a href=\"https:\/\/districos.com\/ProductDetail\/7067.04\" target=\"_blank\" rel=\"noopener noreferrer nofollow\">Laminaria Seaweed Oil<\/a><\/u>&nbsp;pour un peeling efficace du corps en cabine. Il est compos\u00e9 de sels marins extr\u00eamement riches en oligo-\u00e9l\u00e9ments. Le sel exfolie et pr\u00e9pare la peau aux soins suivants. Ainsi, les substances actives des enveloppements aux algues sont mieux et plus vite absorb\u00e9es par la peau. En plus, il rend la peau extr\u00eamement douce.<\/font><\/p>\n<p dir=\"ltr\"><font size=\"2\"><\/font><\/p>\n<ul>\n<li><font size=\"2\">Ce peeling aux sels marins bleu au romarin a une action relaxante sur les muscles.<\/font><\/li>\n<li><font size=\"2\">Ingr\u00e9dients actifs : sel marin, huile de romarin.<\/font><\/li>\n<li><font size=\"2\">Emballage : 300 g.<\/font><\/li>\n<li><font size=\"2\">Vegan.<\/font><\/li>\n<\/ul>\n<div><b>Mode d&#8217;emploi<\/b><\/div>\n<p dir=\"ltr\"><b><font size=\"2\"><\/font><\/b><\/p>\n<div><b>Cabine :&nbsp;<\/b>M\u00e9langez 2 \u00e0 3 cuill\u00e8res \u00e0 caf\u00e9 de peeling aux sels marins avec 2 \u00e0 3 cuill\u00e8res \u00e0 caf\u00e9 de Laminaria Seaweed Oil. Effectuez un peeling corporel complet au moyen de mouvements circulaires. Enlevez le sel d\u00e9tach\u00e9 de la peau et de votre drap en plastique avec un gant (de toilette) et essuyez dans un bac.<\/div>\n<div><\/div>\n<div><b>Aussi disponible<\/b><\/div>\n<div>Lavender Scrubbing Seasalts 300 g (<u><a href=\"https:\/\/districos.com\/ProductDetail\/7067.03\" target=\"_blank\" rel=\"noopener noreferrer nofollow\">r\u00e9f. 7067.03<\/a><\/u>)<\/div><\/p>\n","protected":false},"excerpt":{"rendered":"<p>Peeling aux sels marins et aux huiles essentielles, \u00e0 m\u00e9langer avec la&nbsp;Laminaria Seaweed Oil&nbsp;pour un peeling efficace du corps en cabine. Il est compos\u00e9 de sels marins extr\u00eamement riches en oligo-\u00e9l\u00e9ments. Le sel exfolie et pr\u00e9pare la peau aux soins suivants. Ainsi, les substances actives des enveloppements aux algues sont mieux et plus vite absorb\u00e9es [&hellip;]<\/p>\n","protected":false},"featured_media":147334,"comment_status":"open","ping_status":"closed","template":"","meta":{"_acf_changed":false},"product_brand":[10302],"product_cat":[9868],"product_tag":[],"class_list":{"0":"post-137059","1":"product","2":"type-product","3":"status-publish","4":"has-post-thumbnail","6":"product_brand-bb-lichaam-fr","7":"product_cat-beaute-corps-soins-du-corps","9":"first","10":"instock","11":"taxable","12":"shipping-taxable","13":"product-type-simple"},"acf":[],"yoast_head":"<!-- This site is optimized with the Yoast SEO plugin v27.3 - https:\/\/yoast.com\/product\/yoast-seo-wordpress\/ -->\n<title>Bio Balance Rosemary Scrubbing Sea Salt 300 g - Districos Webshop<\/title>\n<meta name=\"robots\" content=\"noindex, follow, max-snippet:-1, max-image-preview:large, max-video-preview:-1\" \/>\n<meta property=\"og:locale\" content=\"fr_FR\" \/>\n<meta property=\"og:type\" content=\"article\" \/>\n<meta property=\"og:title\" content=\"Bio Balance Rosemary Scrubbing Sea Salt 300 g - Districos Webshop\" \/>\n<meta property=\"og:description\" content=\"Peeling aux sels marins et aux huiles essentielles, \u00e0 m\u00e9langer avec la&nbsp;Laminaria Seaweed Oil&nbsp;pour un peeling efficace du corps en cabine. Il est compos\u00e9 de sels marins extr\u00eamement riches en oligo-\u00e9l\u00e9ments. Le sel exfolie et pr\u00e9pare la peau aux soins suivants. Ainsi, les substances actives des enveloppements aux algues sont mieux et plus vite absorb\u00e9es [&hellip;]\" \/>\n<meta property=\"og:url\" content=\"https:\/\/districos.standingout.be\/fr\/product\/bio-balance-rosemary-scrubbing-sea-salt-300-g-ref-7067-02\/\" \/>\n<meta property=\"og:site_name\" content=\"Districos Webshop\" \/>\n<meta property=\"article:modified_time\" content=\"2026-04-28T07:44:42+00:00\" \/>\n<meta name=\"twitter:card\" content=\"summary_large_image\" \/>\n<meta name=\"twitter:label1\" content=\"Dur\u00e9e de lecture estim\u00e9e\" \/>\n\t<meta name=\"twitter:data1\" content=\"1 minute\" \/>\n<script type=\"application\/ld+json\" class=\"yoast-schema-graph\">{\"@context\":\"https:\\\/\\\/schema.org\",\"@graph\":[{\"@type\":\"WebPage\",\"@id\":\"https:\\\/\\\/districos.standingout.be\\\/fr\\\/product\\\/bio-balance-rosemary-scrubbing-sea-salt-300-g-ref-7067-02\\\/\",\"url\":\"https:\\\/\\\/districos.standingout.be\\\/fr\\\/product\\\/bio-balance-rosemary-scrubbing-sea-salt-300-g-ref-7067-02\\\/\",\"name\":\"Bio Balance Rosemary Scrubbing Sea Salt 300 g - Districos Webshop\",\"isPartOf\":{\"@id\":\"https:\\\/\\\/districos.standingout.be\\\/fr\\\/#website\"},\"primaryImageOfPage\":{\"@id\":\"https:\\\/\\\/districos.standingout.be\\\/fr\\\/product\\\/bio-balance-rosemary-scrubbing-sea-salt-300-g-ref-7067-02\\\/#primaryimage\"},\"image\":{\"@id\":\"https:\\\/\\\/districos.standingout.be\\\/fr\\\/product\\\/bio-balance-rosemary-scrubbing-sea-salt-300-g-ref-7067-02\\\/#primaryimage\"},\"thumbnailUrl\":\"https:\\\/\\\/districos.standingout.be\\\/wp-content\\\/uploads\\\/2026\\\/04\\\/7067.02@Rosemary-Scrubbing-Seasalts300gr_1-1.png\",\"datePublished\":\"2026-04-28T07:44:35+00:00\",\"dateModified\":\"2026-04-28T07:44:42+00:00\",\"breadcrumb\":{\"@id\":\"https:\\\/\\\/districos.standingout.be\\\/fr\\\/product\\\/bio-balance-rosemary-scrubbing-sea-salt-300-g-ref-7067-02\\\/#breadcrumb\"},\"inLanguage\":\"fr-FR\",\"potentialAction\":[{\"@type\":\"ReadAction\",\"target\":[\"https:\\\/\\\/districos.standingout.be\\\/fr\\\/product\\\/bio-balance-rosemary-scrubbing-sea-salt-300-g-ref-7067-02\\\/\"]}]},{\"@type\":\"ImageObject\",\"inLanguage\":\"fr-FR\",\"@id\":\"https:\\\/\\\/districos.standingout.be\\\/fr\\\/product\\\/bio-balance-rosemary-scrubbing-sea-salt-300-g-ref-7067-02\\\/#primaryimage\",\"url\":\"https:\\\/\\\/districos.standingout.be\\\/wp-content\\\/uploads\\\/2026\\\/04\\\/7067.02@Rosemary-Scrubbing-Seasalts300gr_1-1.png\",\"contentUrl\":\"https:\\\/\\\/districos.standingout.be\\\/wp-content\\\/uploads\\\/2026\\\/04\\\/7067.02@Rosemary-Scrubbing-Seasalts300gr_1-1.png\",\"width\":600,\"height\":600},{\"@type\":\"BreadcrumbList\",\"@id\":\"https:\\\/\\\/districos.standingout.be\\\/fr\\\/product\\\/bio-balance-rosemary-scrubbing-sea-salt-300-g-ref-7067-02\\\/#breadcrumb\",\"itemListElement\":[{\"@type\":\"ListItem\",\"position\":1,\"name\":\"Home\",\"item\":\"https:\\\/\\\/districos.standingout.be\\\/fr\\\/bienvenue-chez-districos\\\/\"},{\"@type\":\"ListItem\",\"position\":2,\"name\":\"Boutique\",\"item\":\"https:\\\/\\\/districos.standingout.be\\\/fr\\\/boutique\\\/\"},{\"@type\":\"ListItem\",\"position\":3,\"name\":\"Bio Balance Rosemary Scrubbing Sea Salt 300 g\"}]},{\"@type\":\"WebSite\",\"@id\":\"https:\\\/\\\/districos.standingout.be\\\/fr\\\/#website\",\"url\":\"https:\\\/\\\/districos.standingout.be\\\/fr\\\/\",\"name\":\"Districos Webshop\",\"description\":\"\",\"publisher\":{\"@id\":\"https:\\\/\\\/districos.standingout.be\\\/fr\\\/#organization\"},\"potentialAction\":[{\"@type\":\"SearchAction\",\"target\":{\"@type\":\"EntryPoint\",\"urlTemplate\":\"https:\\\/\\\/districos.standingout.be\\\/fr\\\/?s={search_term_string}\"},\"query-input\":{\"@type\":\"PropertyValueSpecification\",\"valueRequired\":true,\"valueName\":\"search_term_string\"}}],\"inLanguage\":\"fr-FR\"},{\"@type\":\"Organization\",\"@id\":\"https:\\\/\\\/districos.standingout.be\\\/fr\\\/#organization\",\"name\":\"Districos Webshop\",\"url\":\"https:\\\/\\\/districos.standingout.be\\\/fr\\\/\",\"logo\":{\"@type\":\"ImageObject\",\"inLanguage\":\"fr-FR\",\"@id\":\"https:\\\/\\\/districos.standingout.be\\\/fr\\\/#\\\/schema\\\/logo\\\/image\\\/\",\"url\":\"https:\\\/\\\/districos.standingout.be\\\/wp-content\\\/uploads\\\/2022\\\/09\\\/Districos_Logo_Webshop.svg\",\"contentUrl\":\"https:\\\/\\\/districos.standingout.be\\\/wp-content\\\/uploads\\\/2022\\\/09\\\/Districos_Logo_Webshop.svg\",\"caption\":\"Districos Webshop\"},\"image\":{\"@id\":\"https:\\\/\\\/districos.standingout.be\\\/fr\\\/#\\\/schema\\\/logo\\\/image\\\/\"}}]}<\/script>\n<!-- \/ Yoast SEO plugin. -->","yoast_head_json":{"title":"Bio Balance Rosemary Scrubbing Sea Salt 300 g - Districos Webshop","robots":{"index":"noindex","follow":"follow","max-snippet":"max-snippet:-1","max-image-preview":"max-image-preview:large","max-video-preview":"max-video-preview:-1"},"og_locale":"fr_FR","og_type":"article","og_title":"Bio Balance Rosemary Scrubbing Sea Salt 300 g - Districos Webshop","og_description":"Peeling aux sels marins et aux huiles essentielles, \u00e0 m\u00e9langer avec la&nbsp;Laminaria Seaweed Oil&nbsp;pour un peeling efficace du corps en cabine. Il est compos\u00e9 de sels marins extr\u00eamement riches en oligo-\u00e9l\u00e9ments. Le sel exfolie et pr\u00e9pare la peau aux soins suivants. Ainsi, les substances actives des enveloppements aux algues sont mieux et plus vite absorb\u00e9es [&hellip;]","og_url":"https:\/\/districos.standingout.be\/fr\/product\/bio-balance-rosemary-scrubbing-sea-salt-300-g-ref-7067-02\/","og_site_name":"Districos Webshop","article_modified_time":"2026-04-28T07:44:42+00:00","twitter_card":"summary_large_image","twitter_misc":{"Dur\u00e9e de lecture estim\u00e9e":"1 minute"},"schema":{"@context":"https:\/\/schema.org","@graph":[{"@type":"WebPage","@id":"https:\/\/districos.standingout.be\/fr\/product\/bio-balance-rosemary-scrubbing-sea-salt-300-g-ref-7067-02\/","url":"https:\/\/districos.standingout.be\/fr\/product\/bio-balance-rosemary-scrubbing-sea-salt-300-g-ref-7067-02\/","name":"Bio Balance Rosemary Scrubbing Sea Salt 300 g - Districos Webshop","isPartOf":{"@id":"https:\/\/districos.standingout.be\/fr\/#website"},"primaryImageOfPage":{"@id":"https:\/\/districos.standingout.be\/fr\/product\/bio-balance-rosemary-scrubbing-sea-salt-300-g-ref-7067-02\/#primaryimage"},"image":{"@id":"https:\/\/districos.standingout.be\/fr\/product\/bio-balance-rosemary-scrubbing-sea-salt-300-g-ref-7067-02\/#primaryimage"},"thumbnailUrl":"https:\/\/districos.standingout.be\/wp-content\/uploads\/2026\/04\/7067.02@Rosemary-Scrubbing-Seasalts300gr_1-1.png","datePublished":"2026-04-28T07:44:35+00:00","dateModified":"2026-04-28T07:44:42+00:00","breadcrumb":{"@id":"https:\/\/districos.standingout.be\/fr\/product\/bio-balance-rosemary-scrubbing-sea-salt-300-g-ref-7067-02\/#breadcrumb"},"inLanguage":"fr-FR","potentialAction":[{"@type":"ReadAction","target":["https:\/\/districos.standingout.be\/fr\/product\/bio-balance-rosemary-scrubbing-sea-salt-300-g-ref-7067-02\/"]}]},{"@type":"ImageObject","inLanguage":"fr-FR","@id":"https:\/\/districos.standingout.be\/fr\/product\/bio-balance-rosemary-scrubbing-sea-salt-300-g-ref-7067-02\/#primaryimage","url":"https:\/\/districos.standingout.be\/wp-content\/uploads\/2026\/04\/7067.02@Rosemary-Scrubbing-Seasalts300gr_1-1.png","contentUrl":"https:\/\/districos.standingout.be\/wp-content\/uploads\/2026\/04\/7067.02@Rosemary-Scrubbing-Seasalts300gr_1-1.png","width":600,"height":600},{"@type":"BreadcrumbList","@id":"https:\/\/districos.standingout.be\/fr\/product\/bio-balance-rosemary-scrubbing-sea-salt-300-g-ref-7067-02\/#breadcrumb","itemListElement":[{"@type":"ListItem","position":1,"name":"Home","item":"https:\/\/districos.standingout.be\/fr\/bienvenue-chez-districos\/"},{"@type":"ListItem","position":2,"name":"Boutique","item":"https:\/\/districos.standingout.be\/fr\/boutique\/"},{"@type":"ListItem","position":3,"name":"Bio Balance Rosemary Scrubbing Sea Salt 300 g"}]},{"@type":"WebSite","@id":"https:\/\/districos.standingout.be\/fr\/#website","url":"https:\/\/districos.standingout.be\/fr\/","name":"Districos Webshop","description":"","publisher":{"@id":"https:\/\/districos.standingout.be\/fr\/#organization"},"potentialAction":[{"@type":"SearchAction","target":{"@type":"EntryPoint","urlTemplate":"https:\/\/districos.standingout.be\/fr\/?s={search_term_string}"},"query-input":{"@type":"PropertyValueSpecification","valueRequired":true,"valueName":"search_term_string"}}],"inLanguage":"fr-FR"},{"@type":"Organization","@id":"https:\/\/districos.standingout.be\/fr\/#organization","name":"Districos Webshop","url":"https:\/\/districos.standingout.be\/fr\/","logo":{"@type":"ImageObject","inLanguage":"fr-FR","@id":"https:\/\/districos.standingout.be\/fr\/#\/schema\/logo\/image\/","url":"https:\/\/districos.standingout.be\/wp-content\/uploads\/2022\/09\/Districos_Logo_Webshop.svg","contentUrl":"https:\/\/districos.standingout.be\/wp-content\/uploads\/2022\/09\/Districos_Logo_Webshop.svg","caption":"Districos Webshop"},"image":{"@id":"https:\/\/districos.standingout.be\/fr\/#\/schema\/logo\/image\/"}}]}},"_links":{"self":[{"href":"https:\/\/districos.standingout.be\/fr\/wp-json\/wp\/v2\/product\/137059","targetHints":{"allow":["GET"]}}],"collection":[{"href":"https:\/\/districos.standingout.be\/fr\/wp-json\/wp\/v2\/product"}],"about":[{"href":"https:\/\/districos.standingout.be\/fr\/wp-json\/wp\/v2\/types\/product"}],"replies":[{"embeddable":true,"href":"https:\/\/districos.standingout.be\/fr\/wp-json\/wp\/v2\/comments?post=137059"}],"wp:featuredmedia":[{"embeddable":true,"href":"https:\/\/districos.standingout.be\/fr\/wp-json\/wp\/v2\/media\/147334"}],"wp:attachment":[{"href":"https:\/\/districos.standingout.be\/fr\/wp-json\/wp\/v2\/media?parent=137059"}],"wp:term":[{"taxonomy":"product_brand","embeddable":true,"href":"https:\/\/districos.standingout.be\/fr\/wp-json\/wp\/v2\/product_brand?post=137059"},{"taxonomy":"product_cat","embeddable":true,"href":"https:\/\/districos.standingout.be\/fr\/wp-json\/wp\/v2\/product_cat?post=137059"},{"taxonomy":"product_tag","embeddable":true,"href":"https:\/\/districos.standingout.be\/fr\/wp-json\/wp\/v2\/product_tag?post=137059"}],"curies":[{"name":"wp","href":"https:\/\/api.w.org\/{rel}","templated":true}]}}