{"id":137065,"date":"2026-04-28T09:44:54","date_gmt":"2026-04-28T07:44:54","guid":{"rendered":"https:\/\/webshopdistricoscom.webhosting.be\/product\/bio-balance-algae-body-pack-gel-500-ml-ref-7067-05-2\/"},"modified":"2026-04-28T09:45:00","modified_gmt":"2026-04-28T07:45:00","slug":"bio-balance-algae-body-pack-gel-500-ml-ref-7067-05","status":"publish","type":"product","link":"https:\/\/districos.standingout.be\/fr\/product\/bio-balance-algae-body-pack-gel-500-ml-ref-7067-05\/","title":{"rendered":"Bio Balance Algae Body Pack Gel 500 ml"},"content":{"rendered":"<p >\n<\/p>\n<\/p>\n<p dir=\"ltr\"><font size=\"2\">Gel d\u2019enveloppement vert \u00e0 base d\u2019extraits de laminaires pour des soins du corps d\u00e9toxifiants et raffermissants. Un enveloppement agr\u00e9able d\u2019emploi et rapide qui, par sa texture gel, peut \u00eatre enlev\u00e9 sans douche.<\/font><\/p>\n<p dir=\"ltr\"><font size=\"2\"><\/font><\/p>\n<ul>\n<li><font size=\"2\">Emballage : 500 ml.<\/font><\/li>\n<\/ul>\n<div><b>Substances actives<\/b><\/div>\n<div>\n<ul>\n<li>Les extraits de laminaires construisent un film sur la peau qui est riche en min\u00e9raux, en vitamines et en oligo-\u00e9l\u00e9ments. Les ingr\u00e9dients raffermissent et tendent la peau et stimulent en m\u00eame temps le m\u00e9tabolisme.<\/li>\n<li>Les extraits de fucus sont renomm\u00e9s pour leurs caract\u00e9ristiques hydratantes, revitalisantes, d\u00e9toxifiantes et amincissantes.<\/li>\n<\/ul>\n<div><b>Mode d&#8217;emploi<\/b><\/div>\n<div><b>Cabine :<\/b><span>&nbsp;Chauffez \u00e0 l&rsquo;avance 100 ml de gel au bain-marie. Placez le\/la client(e) sur une couverture chauffante, prot\u00e9g\u00e9e par un drap de bain et un drap en plastique. Effectuez tout d\u2019abord un peeling corporel. Ensuite, appliquez une couche d&rsquo;Algae Body Pack Gel sur le corps entier. Enveloppez le\/la client(e) avec le drap en plastique et la couverture chauffante et laissez agir les ingr\u00e9dients durant 20 minutes.&nbsp;<\/span><span>Enlevez les restants du gel et s\u00e9chez la peau. Effectuez, selon le traitement, un massage aux huiles essentielles et terminez par un gel ou une cr\u00e8me sp\u00e9cifique de Bio Balance.<\/span><\/div>\n<\/div>\n<div><span><br \/><\/span><\/div>\n<div><span><b>Aussi disponible<\/b><\/span><\/div>\n<div><span>Drap d&rsquo;enveloppement plastique, 25 pi\u00e8ces (<u><a href=\"https:\/\/districos.com\/ProductDetail\/4037.02\" target=\"_blank\" rel=\"noopener noreferrer nofollow\">r\u00e9f. 4037.02<\/a><\/u>)<\/span><\/div>\n<\/p>\n<p> <timestamp:19199070:37\/> <\/p>\n","protected":false},"excerpt":{"rendered":"<p>Gel d\u2019enveloppement vert \u00e0 base d\u2019extraits de laminaires pour des soins du corps d\u00e9toxifiants et raffermissants. Un enveloppement agr\u00e9able d\u2019emploi et rapide qui, par sa texture gel, peut \u00eatre enlev\u00e9 sans douche. Emballage : 500 ml. Substances actives Les extraits de laminaires construisent un film sur la peau qui est riche en min\u00e9raux, en vitamines [&hellip;]<\/p>\n","protected":false},"featured_media":147343,"comment_status":"open","ping_status":"closed","template":"","meta":{"_acf_changed":false},"product_brand":[10302],"product_cat":[9868],"product_tag":[],"class_list":{"0":"post-137065","1":"product","2":"type-product","3":"status-publish","4":"has-post-thumbnail","6":"product_brand-bb-lichaam-fr","7":"product_cat-beaute-corps-soins-du-corps","9":"first","10":"instock","11":"taxable","12":"shipping-taxable","13":"product-type-simple"},"acf":[],"yoast_head":"<!-- This site is optimized with the Yoast SEO plugin v27.3 - https:\/\/yoast.com\/product\/yoast-seo-wordpress\/ -->\n<title>Bio Balance Algae Body Pack Gel 500 ml - Districos Webshop<\/title>\n<meta name=\"robots\" content=\"noindex, follow, max-snippet:-1, max-image-preview:large, max-video-preview:-1\" \/>\n<meta property=\"og:locale\" content=\"fr_FR\" \/>\n<meta property=\"og:type\" content=\"article\" \/>\n<meta property=\"og:title\" content=\"Bio Balance Algae Body Pack Gel 500 ml - Districos Webshop\" \/>\n<meta property=\"og:description\" content=\"Gel d\u2019enveloppement vert \u00e0 base d\u2019extraits de laminaires pour des soins du corps d\u00e9toxifiants et raffermissants. Un enveloppement agr\u00e9able d\u2019emploi et rapide qui, par sa texture gel, peut \u00eatre enlev\u00e9 sans douche. Emballage : 500 ml. Substances actives Les extraits de laminaires construisent un film sur la peau qui est riche en min\u00e9raux, en vitamines [&hellip;]\" \/>\n<meta property=\"og:url\" content=\"https:\/\/districos.standingout.be\/fr\/product\/bio-balance-algae-body-pack-gel-500-ml-ref-7067-05\/\" \/>\n<meta property=\"og:site_name\" content=\"Districos Webshop\" \/>\n<meta property=\"article:modified_time\" content=\"2026-04-28T07:45:00+00:00\" \/>\n<meta name=\"twitter:card\" content=\"summary_large_image\" \/>\n<meta name=\"twitter:label1\" content=\"Dur\u00e9e de lecture estim\u00e9e\" \/>\n\t<meta name=\"twitter:data1\" content=\"1 minute\" \/>\n<script type=\"application\/ld+json\" class=\"yoast-schema-graph\">{\"@context\":\"https:\\\/\\\/schema.org\",\"@graph\":[{\"@type\":\"WebPage\",\"@id\":\"https:\\\/\\\/districos.standingout.be\\\/fr\\\/product\\\/bio-balance-algae-body-pack-gel-500-ml-ref-7067-05\\\/\",\"url\":\"https:\\\/\\\/districos.standingout.be\\\/fr\\\/product\\\/bio-balance-algae-body-pack-gel-500-ml-ref-7067-05\\\/\",\"name\":\"Bio Balance Algae Body Pack Gel 500 ml - Districos Webshop\",\"isPartOf\":{\"@id\":\"https:\\\/\\\/districos.standingout.be\\\/fr\\\/#website\"},\"primaryImageOfPage\":{\"@id\":\"https:\\\/\\\/districos.standingout.be\\\/fr\\\/product\\\/bio-balance-algae-body-pack-gel-500-ml-ref-7067-05\\\/#primaryimage\"},\"image\":{\"@id\":\"https:\\\/\\\/districos.standingout.be\\\/fr\\\/product\\\/bio-balance-algae-body-pack-gel-500-ml-ref-7067-05\\\/#primaryimage\"},\"thumbnailUrl\":\"https:\\\/\\\/districos.standingout.be\\\/wp-content\\\/uploads\\\/2026\\\/04\\\/7067.05@Algae-Body-Pack-Gel-500ml_1-1.png\",\"datePublished\":\"2026-04-28T07:44:54+00:00\",\"dateModified\":\"2026-04-28T07:45:00+00:00\",\"breadcrumb\":{\"@id\":\"https:\\\/\\\/districos.standingout.be\\\/fr\\\/product\\\/bio-balance-algae-body-pack-gel-500-ml-ref-7067-05\\\/#breadcrumb\"},\"inLanguage\":\"fr-FR\",\"potentialAction\":[{\"@type\":\"ReadAction\",\"target\":[\"https:\\\/\\\/districos.standingout.be\\\/fr\\\/product\\\/bio-balance-algae-body-pack-gel-500-ml-ref-7067-05\\\/\"]}]},{\"@type\":\"ImageObject\",\"inLanguage\":\"fr-FR\",\"@id\":\"https:\\\/\\\/districos.standingout.be\\\/fr\\\/product\\\/bio-balance-algae-body-pack-gel-500-ml-ref-7067-05\\\/#primaryimage\",\"url\":\"https:\\\/\\\/districos.standingout.be\\\/wp-content\\\/uploads\\\/2026\\\/04\\\/7067.05@Algae-Body-Pack-Gel-500ml_1-1.png\",\"contentUrl\":\"https:\\\/\\\/districos.standingout.be\\\/wp-content\\\/uploads\\\/2026\\\/04\\\/7067.05@Algae-Body-Pack-Gel-500ml_1-1.png\",\"width\":600,\"height\":600},{\"@type\":\"BreadcrumbList\",\"@id\":\"https:\\\/\\\/districos.standingout.be\\\/fr\\\/product\\\/bio-balance-algae-body-pack-gel-500-ml-ref-7067-05\\\/#breadcrumb\",\"itemListElement\":[{\"@type\":\"ListItem\",\"position\":1,\"name\":\"Home\",\"item\":\"https:\\\/\\\/districos.standingout.be\\\/fr\\\/bienvenue-chez-districos\\\/\"},{\"@type\":\"ListItem\",\"position\":2,\"name\":\"Boutique\",\"item\":\"https:\\\/\\\/districos.standingout.be\\\/fr\\\/boutique\\\/\"},{\"@type\":\"ListItem\",\"position\":3,\"name\":\"Bio Balance Algae Body Pack Gel 500 ml\"}]},{\"@type\":\"WebSite\",\"@id\":\"https:\\\/\\\/districos.standingout.be\\\/fr\\\/#website\",\"url\":\"https:\\\/\\\/districos.standingout.be\\\/fr\\\/\",\"name\":\"Districos Webshop\",\"description\":\"\",\"publisher\":{\"@id\":\"https:\\\/\\\/districos.standingout.be\\\/fr\\\/#organization\"},\"potentialAction\":[{\"@type\":\"SearchAction\",\"target\":{\"@type\":\"EntryPoint\",\"urlTemplate\":\"https:\\\/\\\/districos.standingout.be\\\/fr\\\/?s={search_term_string}\"},\"query-input\":{\"@type\":\"PropertyValueSpecification\",\"valueRequired\":true,\"valueName\":\"search_term_string\"}}],\"inLanguage\":\"fr-FR\"},{\"@type\":\"Organization\",\"@id\":\"https:\\\/\\\/districos.standingout.be\\\/fr\\\/#organization\",\"name\":\"Districos Webshop\",\"url\":\"https:\\\/\\\/districos.standingout.be\\\/fr\\\/\",\"logo\":{\"@type\":\"ImageObject\",\"inLanguage\":\"fr-FR\",\"@id\":\"https:\\\/\\\/districos.standingout.be\\\/fr\\\/#\\\/schema\\\/logo\\\/image\\\/\",\"url\":\"https:\\\/\\\/districos.standingout.be\\\/wp-content\\\/uploads\\\/2022\\\/09\\\/Districos_Logo_Webshop.svg\",\"contentUrl\":\"https:\\\/\\\/districos.standingout.be\\\/wp-content\\\/uploads\\\/2022\\\/09\\\/Districos_Logo_Webshop.svg\",\"caption\":\"Districos Webshop\"},\"image\":{\"@id\":\"https:\\\/\\\/districos.standingout.be\\\/fr\\\/#\\\/schema\\\/logo\\\/image\\\/\"}}]}<\/script>\n<!-- \/ Yoast SEO plugin. -->","yoast_head_json":{"title":"Bio Balance Algae Body Pack Gel 500 ml - Districos Webshop","robots":{"index":"noindex","follow":"follow","max-snippet":"max-snippet:-1","max-image-preview":"max-image-preview:large","max-video-preview":"max-video-preview:-1"},"og_locale":"fr_FR","og_type":"article","og_title":"Bio Balance Algae Body Pack Gel 500 ml - Districos Webshop","og_description":"Gel d\u2019enveloppement vert \u00e0 base d\u2019extraits de laminaires pour des soins du corps d\u00e9toxifiants et raffermissants. Un enveloppement agr\u00e9able d\u2019emploi et rapide qui, par sa texture gel, peut \u00eatre enlev\u00e9 sans douche. Emballage : 500 ml. Substances actives Les extraits de laminaires construisent un film sur la peau qui est riche en min\u00e9raux, en vitamines [&hellip;]","og_url":"https:\/\/districos.standingout.be\/fr\/product\/bio-balance-algae-body-pack-gel-500-ml-ref-7067-05\/","og_site_name":"Districos Webshop","article_modified_time":"2026-04-28T07:45:00+00:00","twitter_card":"summary_large_image","twitter_misc":{"Dur\u00e9e de lecture estim\u00e9e":"1 minute"},"schema":{"@context":"https:\/\/schema.org","@graph":[{"@type":"WebPage","@id":"https:\/\/districos.standingout.be\/fr\/product\/bio-balance-algae-body-pack-gel-500-ml-ref-7067-05\/","url":"https:\/\/districos.standingout.be\/fr\/product\/bio-balance-algae-body-pack-gel-500-ml-ref-7067-05\/","name":"Bio Balance Algae Body Pack Gel 500 ml - Districos Webshop","isPartOf":{"@id":"https:\/\/districos.standingout.be\/fr\/#website"},"primaryImageOfPage":{"@id":"https:\/\/districos.standingout.be\/fr\/product\/bio-balance-algae-body-pack-gel-500-ml-ref-7067-05\/#primaryimage"},"image":{"@id":"https:\/\/districos.standingout.be\/fr\/product\/bio-balance-algae-body-pack-gel-500-ml-ref-7067-05\/#primaryimage"},"thumbnailUrl":"https:\/\/districos.standingout.be\/wp-content\/uploads\/2026\/04\/7067.05@Algae-Body-Pack-Gel-500ml_1-1.png","datePublished":"2026-04-28T07:44:54+00:00","dateModified":"2026-04-28T07:45:00+00:00","breadcrumb":{"@id":"https:\/\/districos.standingout.be\/fr\/product\/bio-balance-algae-body-pack-gel-500-ml-ref-7067-05\/#breadcrumb"},"inLanguage":"fr-FR","potentialAction":[{"@type":"ReadAction","target":["https:\/\/districos.standingout.be\/fr\/product\/bio-balance-algae-body-pack-gel-500-ml-ref-7067-05\/"]}]},{"@type":"ImageObject","inLanguage":"fr-FR","@id":"https:\/\/districos.standingout.be\/fr\/product\/bio-balance-algae-body-pack-gel-500-ml-ref-7067-05\/#primaryimage","url":"https:\/\/districos.standingout.be\/wp-content\/uploads\/2026\/04\/7067.05@Algae-Body-Pack-Gel-500ml_1-1.png","contentUrl":"https:\/\/districos.standingout.be\/wp-content\/uploads\/2026\/04\/7067.05@Algae-Body-Pack-Gel-500ml_1-1.png","width":600,"height":600},{"@type":"BreadcrumbList","@id":"https:\/\/districos.standingout.be\/fr\/product\/bio-balance-algae-body-pack-gel-500-ml-ref-7067-05\/#breadcrumb","itemListElement":[{"@type":"ListItem","position":1,"name":"Home","item":"https:\/\/districos.standingout.be\/fr\/bienvenue-chez-districos\/"},{"@type":"ListItem","position":2,"name":"Boutique","item":"https:\/\/districos.standingout.be\/fr\/boutique\/"},{"@type":"ListItem","position":3,"name":"Bio Balance Algae Body Pack Gel 500 ml"}]},{"@type":"WebSite","@id":"https:\/\/districos.standingout.be\/fr\/#website","url":"https:\/\/districos.standingout.be\/fr\/","name":"Districos Webshop","description":"","publisher":{"@id":"https:\/\/districos.standingout.be\/fr\/#organization"},"potentialAction":[{"@type":"SearchAction","target":{"@type":"EntryPoint","urlTemplate":"https:\/\/districos.standingout.be\/fr\/?s={search_term_string}"},"query-input":{"@type":"PropertyValueSpecification","valueRequired":true,"valueName":"search_term_string"}}],"inLanguage":"fr-FR"},{"@type":"Organization","@id":"https:\/\/districos.standingout.be\/fr\/#organization","name":"Districos Webshop","url":"https:\/\/districos.standingout.be\/fr\/","logo":{"@type":"ImageObject","inLanguage":"fr-FR","@id":"https:\/\/districos.standingout.be\/fr\/#\/schema\/logo\/image\/","url":"https:\/\/districos.standingout.be\/wp-content\/uploads\/2022\/09\/Districos_Logo_Webshop.svg","contentUrl":"https:\/\/districos.standingout.be\/wp-content\/uploads\/2022\/09\/Districos_Logo_Webshop.svg","caption":"Districos Webshop"},"image":{"@id":"https:\/\/districos.standingout.be\/fr\/#\/schema\/logo\/image\/"}}]}},"_links":{"self":[{"href":"https:\/\/districos.standingout.be\/fr\/wp-json\/wp\/v2\/product\/137065","targetHints":{"allow":["GET"]}}],"collection":[{"href":"https:\/\/districos.standingout.be\/fr\/wp-json\/wp\/v2\/product"}],"about":[{"href":"https:\/\/districos.standingout.be\/fr\/wp-json\/wp\/v2\/types\/product"}],"replies":[{"embeddable":true,"href":"https:\/\/districos.standingout.be\/fr\/wp-json\/wp\/v2\/comments?post=137065"}],"wp:featuredmedia":[{"embeddable":true,"href":"https:\/\/districos.standingout.be\/fr\/wp-json\/wp\/v2\/media\/147343"}],"wp:attachment":[{"href":"https:\/\/districos.standingout.be\/fr\/wp-json\/wp\/v2\/media?parent=137065"}],"wp:term":[{"taxonomy":"product_brand","embeddable":true,"href":"https:\/\/districos.standingout.be\/fr\/wp-json\/wp\/v2\/product_brand?post=137065"},{"taxonomy":"product_cat","embeddable":true,"href":"https:\/\/districos.standingout.be\/fr\/wp-json\/wp\/v2\/product_cat?post=137065"},{"taxonomy":"product_tag","embeddable":true,"href":"https:\/\/districos.standingout.be\/fr\/wp-json\/wp\/v2\/product_tag?post=137065"}],"curies":[{"name":"wp","href":"https:\/\/api.w.org\/{rel}","templated":true}]}}