{"id":137071,"date":"2026-04-28T09:45:27","date_gmt":"2026-04-28T07:45:27","guid":{"rendered":"https:\/\/webshopdistricoscom.webhosting.be\/product\/bio-balance-creme-amincissante-drainante-200-ml-ref-7068-21\/"},"modified":"2026-04-28T09:45:35","modified_gmt":"2026-04-28T07:45:35","slug":"bio-balance-creme-amincissante-drainante-200-ml-ref-7068-21","status":"publish","type":"product","link":"https:\/\/districos.standingout.be\/fr\/product\/bio-balance-creme-amincissante-drainante-200-ml-ref-7068-21\/","title":{"rendered":"Bio Balance Cr\u00e8me Amincissante &#038; Drainante 200 ml"},"content":{"rendered":"<p >\n<p dir=\"ltr\">Cr\u00e8me \u00e0 base de caf\u00e9ine, guarana et extraits de lierre grimpant et d\u2019algues. Ces ingr\u00e9dients actifs \u00e9liminent l&rsquo;eau et r\u00e9duisent la visibilit\u00e9 de cellulite. La cr\u00e8me raffermit et hydrate la peau.<\/p>\n<p dir=\"ltr\">\n<ul>\n<li>Les meilleurs r\u00e9sultats sont obtenus lorsque la cr\u00e8me est utilis\u00e9e quotidiennement.<\/li>\n<li>\u00c0 utiliser id\u00e9alement en alternance avec le <u><a href=\"https:\/\/districos.com\/ProductDetail\/7068.20\" target=\"_blank\" rel=\"noopener noreferrer nofollow\">Gel Amincissant Thermoactif<\/a><\/u>.<\/li>\n<li>Ingr\u00e9dients actifs : glyc\u00e9rine, extraits de laminaires, extrait de lierre grimpant, caf\u00e9ine, guarana, extrait de pr\u00eale.<\/li>\n<li>Emballage : 200 ml.<\/li>\n<li>Vegan.<\/li>\n<\/ul>\n<div><b>Mode d&#8217;emploi<\/b><\/div>\n<div>\n<ul>\n<li><b>Cabine<\/b><span> :<\/span><span> \u00e0 utiliser pour conclure les enveloppements amincissants et anticellulite avec l&rsquo;<u><a href=\"https:\/\/districos.com\/ProductDetail\/7067.05\" target=\"_blank\" rel=\"noopener noreferrer nofollow\">Algae Body Pack Gel<\/a><\/u>. La cr\u00e8me peut \u00eatre appliqu\u00e9e sur les varices et les jambes gonfl\u00e9es. Elle est \u00e9galement une bonne alternative pour les personnes qui n\u2019aiment pas l\u2019effet chauffant du Gel Amincissant Thermoactif.<\/span><\/li>\n<li><b>Utilisation \u00e0 domicile <\/b>:<b> <\/b>appliquez le matin et\/ou le soir sur la peau nettoy\u00e9e et s\u00e8che au moyen d\u2019un l\u00e9ger massage. Elle est souvent altern\u00e9e avec le Gel Amincissant Thermoactif.<\/li>\n<\/ul>\n<\/div><\/p>\n","protected":false},"excerpt":{"rendered":"<p>Cr\u00e8me \u00e0 base de caf\u00e9ine, guarana et extraits de lierre grimpant et d\u2019algues. Ces ingr\u00e9dients actifs \u00e9liminent l&rsquo;eau et r\u00e9duisent la visibilit\u00e9 de cellulite. La cr\u00e8me raffermit et hydrate la peau. Les meilleurs r\u00e9sultats sont obtenus lorsque la cr\u00e8me est utilis\u00e9e quotidiennement. \u00c0 utiliser id\u00e9alement en alternance avec le Gel Amincissant Thermoactif. Ingr\u00e9dients actifs : [&hellip;]<\/p>\n","protected":false},"featured_media":77696,"comment_status":"open","ping_status":"closed","template":"","meta":{"_acf_changed":false},"product_brand":[10302],"product_cat":[9868],"product_tag":[],"class_list":{"0":"post-137071","1":"product","2":"type-product","3":"status-publish","4":"has-post-thumbnail","6":"product_brand-bb-lichaam-fr","7":"product_cat-beaute-corps-soins-du-corps","9":"first","10":"instock","11":"taxable","12":"shipping-taxable","13":"product-type-simple"},"acf":[],"yoast_head":"<!-- This site is optimized with the Yoast SEO plugin v27.3 - https:\/\/yoast.com\/product\/yoast-seo-wordpress\/ -->\n<title>Bio Balance Cr\u00e8me Amincissante &amp; Drainante 200 ml - Districos Webshop<\/title>\n<meta name=\"robots\" content=\"noindex, follow, max-snippet:-1, max-image-preview:large, max-video-preview:-1\" \/>\n<meta property=\"og:locale\" content=\"fr_FR\" \/>\n<meta property=\"og:type\" content=\"article\" \/>\n<meta property=\"og:title\" content=\"Bio Balance Cr\u00e8me Amincissante &amp; Drainante 200 ml - Districos Webshop\" \/>\n<meta property=\"og:description\" content=\"Cr\u00e8me \u00e0 base de caf\u00e9ine, guarana et extraits de lierre grimpant et d\u2019algues. Ces ingr\u00e9dients actifs \u00e9liminent l&rsquo;eau et r\u00e9duisent la visibilit\u00e9 de cellulite. La cr\u00e8me raffermit et hydrate la peau. Les meilleurs r\u00e9sultats sont obtenus lorsque la cr\u00e8me est utilis\u00e9e quotidiennement. \u00c0 utiliser id\u00e9alement en alternance avec le Gel Amincissant Thermoactif. Ingr\u00e9dients actifs : [&hellip;]\" \/>\n<meta property=\"og:url\" content=\"https:\/\/districos.standingout.be\/fr\/product\/bio-balance-creme-amincissante-drainante-200-ml-ref-7068-21\/\" \/>\n<meta property=\"og:site_name\" content=\"Districos Webshop\" \/>\n<meta property=\"article:modified_time\" content=\"2026-04-28T07:45:35+00:00\" \/>\n<meta name=\"twitter:card\" content=\"summary_large_image\" \/>\n<meta name=\"twitter:label1\" content=\"Dur\u00e9e de lecture estim\u00e9e\" \/>\n\t<meta name=\"twitter:data1\" content=\"1 minute\" \/>\n<script type=\"application\/ld+json\" class=\"yoast-schema-graph\">{\"@context\":\"https:\\\/\\\/schema.org\",\"@graph\":[{\"@type\":\"WebPage\",\"@id\":\"https:\\\/\\\/districos.standingout.be\\\/fr\\\/product\\\/bio-balance-creme-amincissante-drainante-200-ml-ref-7068-21\\\/\",\"url\":\"https:\\\/\\\/districos.standingout.be\\\/fr\\\/product\\\/bio-balance-creme-amincissante-drainante-200-ml-ref-7068-21\\\/\",\"name\":\"Bio Balance Cr\u00e8me Amincissante & Drainante 200 ml - Districos Webshop\",\"isPartOf\":{\"@id\":\"https:\\\/\\\/districos.standingout.be\\\/fr\\\/#website\"},\"primaryImageOfPage\":{\"@id\":\"https:\\\/\\\/districos.standingout.be\\\/fr\\\/product\\\/bio-balance-creme-amincissante-drainante-200-ml-ref-7068-21\\\/#primaryimage\"},\"image\":{\"@id\":\"https:\\\/\\\/districos.standingout.be\\\/fr\\\/product\\\/bio-balance-creme-amincissante-drainante-200-ml-ref-7068-21\\\/#primaryimage\"},\"thumbnailUrl\":\"https:\\\/\\\/districos.standingout.be\\\/wp-content\\\/uploads\\\/2025\\\/07\\\/7068.21@LowRes_0.png\",\"datePublished\":\"2026-04-28T07:45:27+00:00\",\"dateModified\":\"2026-04-28T07:45:35+00:00\",\"breadcrumb\":{\"@id\":\"https:\\\/\\\/districos.standingout.be\\\/fr\\\/product\\\/bio-balance-creme-amincissante-drainante-200-ml-ref-7068-21\\\/#breadcrumb\"},\"inLanguage\":\"fr-FR\",\"potentialAction\":[{\"@type\":\"ReadAction\",\"target\":[\"https:\\\/\\\/districos.standingout.be\\\/fr\\\/product\\\/bio-balance-creme-amincissante-drainante-200-ml-ref-7068-21\\\/\"]}]},{\"@type\":\"ImageObject\",\"inLanguage\":\"fr-FR\",\"@id\":\"https:\\\/\\\/districos.standingout.be\\\/fr\\\/product\\\/bio-balance-creme-amincissante-drainante-200-ml-ref-7068-21\\\/#primaryimage\",\"url\":\"https:\\\/\\\/districos.standingout.be\\\/wp-content\\\/uploads\\\/2025\\\/07\\\/7068.21@LowRes_0.png\",\"contentUrl\":\"https:\\\/\\\/districos.standingout.be\\\/wp-content\\\/uploads\\\/2025\\\/07\\\/7068.21@LowRes_0.png\",\"width\":600,\"height\":600},{\"@type\":\"BreadcrumbList\",\"@id\":\"https:\\\/\\\/districos.standingout.be\\\/fr\\\/product\\\/bio-balance-creme-amincissante-drainante-200-ml-ref-7068-21\\\/#breadcrumb\",\"itemListElement\":[{\"@type\":\"ListItem\",\"position\":1,\"name\":\"Home\",\"item\":\"https:\\\/\\\/districos.standingout.be\\\/fr\\\/bienvenue-chez-districos\\\/\"},{\"@type\":\"ListItem\",\"position\":2,\"name\":\"Boutique\",\"item\":\"https:\\\/\\\/districos.standingout.be\\\/fr\\\/boutique\\\/\"},{\"@type\":\"ListItem\",\"position\":3,\"name\":\"Bio Balance Cr\u00e8me Amincissante &#038; Drainante 200 ml\"}]},{\"@type\":\"WebSite\",\"@id\":\"https:\\\/\\\/districos.standingout.be\\\/fr\\\/#website\",\"url\":\"https:\\\/\\\/districos.standingout.be\\\/fr\\\/\",\"name\":\"Districos Webshop\",\"description\":\"\",\"publisher\":{\"@id\":\"https:\\\/\\\/districos.standingout.be\\\/fr\\\/#organization\"},\"potentialAction\":[{\"@type\":\"SearchAction\",\"target\":{\"@type\":\"EntryPoint\",\"urlTemplate\":\"https:\\\/\\\/districos.standingout.be\\\/fr\\\/?s={search_term_string}\"},\"query-input\":{\"@type\":\"PropertyValueSpecification\",\"valueRequired\":true,\"valueName\":\"search_term_string\"}}],\"inLanguage\":\"fr-FR\"},{\"@type\":\"Organization\",\"@id\":\"https:\\\/\\\/districos.standingout.be\\\/fr\\\/#organization\",\"name\":\"Districos Webshop\",\"url\":\"https:\\\/\\\/districos.standingout.be\\\/fr\\\/\",\"logo\":{\"@type\":\"ImageObject\",\"inLanguage\":\"fr-FR\",\"@id\":\"https:\\\/\\\/districos.standingout.be\\\/fr\\\/#\\\/schema\\\/logo\\\/image\\\/\",\"url\":\"https:\\\/\\\/districos.standingout.be\\\/wp-content\\\/uploads\\\/2022\\\/09\\\/Districos_Logo_Webshop.svg\",\"contentUrl\":\"https:\\\/\\\/districos.standingout.be\\\/wp-content\\\/uploads\\\/2022\\\/09\\\/Districos_Logo_Webshop.svg\",\"caption\":\"Districos Webshop\"},\"image\":{\"@id\":\"https:\\\/\\\/districos.standingout.be\\\/fr\\\/#\\\/schema\\\/logo\\\/image\\\/\"}}]}<\/script>\n<!-- \/ Yoast SEO plugin. -->","yoast_head_json":{"title":"Bio Balance Cr\u00e8me Amincissante & Drainante 200 ml - Districos Webshop","robots":{"index":"noindex","follow":"follow","max-snippet":"max-snippet:-1","max-image-preview":"max-image-preview:large","max-video-preview":"max-video-preview:-1"},"og_locale":"fr_FR","og_type":"article","og_title":"Bio Balance Cr\u00e8me Amincissante & Drainante 200 ml - Districos Webshop","og_description":"Cr\u00e8me \u00e0 base de caf\u00e9ine, guarana et extraits de lierre grimpant et d\u2019algues. Ces ingr\u00e9dients actifs \u00e9liminent l&rsquo;eau et r\u00e9duisent la visibilit\u00e9 de cellulite. La cr\u00e8me raffermit et hydrate la peau. Les meilleurs r\u00e9sultats sont obtenus lorsque la cr\u00e8me est utilis\u00e9e quotidiennement. \u00c0 utiliser id\u00e9alement en alternance avec le Gel Amincissant Thermoactif. Ingr\u00e9dients actifs : [&hellip;]","og_url":"https:\/\/districos.standingout.be\/fr\/product\/bio-balance-creme-amincissante-drainante-200-ml-ref-7068-21\/","og_site_name":"Districos Webshop","article_modified_time":"2026-04-28T07:45:35+00:00","twitter_card":"summary_large_image","twitter_misc":{"Dur\u00e9e de lecture estim\u00e9e":"1 minute"},"schema":{"@context":"https:\/\/schema.org","@graph":[{"@type":"WebPage","@id":"https:\/\/districos.standingout.be\/fr\/product\/bio-balance-creme-amincissante-drainante-200-ml-ref-7068-21\/","url":"https:\/\/districos.standingout.be\/fr\/product\/bio-balance-creme-amincissante-drainante-200-ml-ref-7068-21\/","name":"Bio Balance Cr\u00e8me Amincissante & Drainante 200 ml - Districos Webshop","isPartOf":{"@id":"https:\/\/districos.standingout.be\/fr\/#website"},"primaryImageOfPage":{"@id":"https:\/\/districos.standingout.be\/fr\/product\/bio-balance-creme-amincissante-drainante-200-ml-ref-7068-21\/#primaryimage"},"image":{"@id":"https:\/\/districos.standingout.be\/fr\/product\/bio-balance-creme-amincissante-drainante-200-ml-ref-7068-21\/#primaryimage"},"thumbnailUrl":"https:\/\/districos.standingout.be\/wp-content\/uploads\/2025\/07\/7068.21@LowRes_0.png","datePublished":"2026-04-28T07:45:27+00:00","dateModified":"2026-04-28T07:45:35+00:00","breadcrumb":{"@id":"https:\/\/districos.standingout.be\/fr\/product\/bio-balance-creme-amincissante-drainante-200-ml-ref-7068-21\/#breadcrumb"},"inLanguage":"fr-FR","potentialAction":[{"@type":"ReadAction","target":["https:\/\/districos.standingout.be\/fr\/product\/bio-balance-creme-amincissante-drainante-200-ml-ref-7068-21\/"]}]},{"@type":"ImageObject","inLanguage":"fr-FR","@id":"https:\/\/districos.standingout.be\/fr\/product\/bio-balance-creme-amincissante-drainante-200-ml-ref-7068-21\/#primaryimage","url":"https:\/\/districos.standingout.be\/wp-content\/uploads\/2025\/07\/7068.21@LowRes_0.png","contentUrl":"https:\/\/districos.standingout.be\/wp-content\/uploads\/2025\/07\/7068.21@LowRes_0.png","width":600,"height":600},{"@type":"BreadcrumbList","@id":"https:\/\/districos.standingout.be\/fr\/product\/bio-balance-creme-amincissante-drainante-200-ml-ref-7068-21\/#breadcrumb","itemListElement":[{"@type":"ListItem","position":1,"name":"Home","item":"https:\/\/districos.standingout.be\/fr\/bienvenue-chez-districos\/"},{"@type":"ListItem","position":2,"name":"Boutique","item":"https:\/\/districos.standingout.be\/fr\/boutique\/"},{"@type":"ListItem","position":3,"name":"Bio Balance Cr\u00e8me Amincissante &#038; Drainante 200 ml"}]},{"@type":"WebSite","@id":"https:\/\/districos.standingout.be\/fr\/#website","url":"https:\/\/districos.standingout.be\/fr\/","name":"Districos Webshop","description":"","publisher":{"@id":"https:\/\/districos.standingout.be\/fr\/#organization"},"potentialAction":[{"@type":"SearchAction","target":{"@type":"EntryPoint","urlTemplate":"https:\/\/districos.standingout.be\/fr\/?s={search_term_string}"},"query-input":{"@type":"PropertyValueSpecification","valueRequired":true,"valueName":"search_term_string"}}],"inLanguage":"fr-FR"},{"@type":"Organization","@id":"https:\/\/districos.standingout.be\/fr\/#organization","name":"Districos Webshop","url":"https:\/\/districos.standingout.be\/fr\/","logo":{"@type":"ImageObject","inLanguage":"fr-FR","@id":"https:\/\/districos.standingout.be\/fr\/#\/schema\/logo\/image\/","url":"https:\/\/districos.standingout.be\/wp-content\/uploads\/2022\/09\/Districos_Logo_Webshop.svg","contentUrl":"https:\/\/districos.standingout.be\/wp-content\/uploads\/2022\/09\/Districos_Logo_Webshop.svg","caption":"Districos Webshop"},"image":{"@id":"https:\/\/districos.standingout.be\/fr\/#\/schema\/logo\/image\/"}}]}},"_links":{"self":[{"href":"https:\/\/districos.standingout.be\/fr\/wp-json\/wp\/v2\/product\/137071","targetHints":{"allow":["GET"]}}],"collection":[{"href":"https:\/\/districos.standingout.be\/fr\/wp-json\/wp\/v2\/product"}],"about":[{"href":"https:\/\/districos.standingout.be\/fr\/wp-json\/wp\/v2\/types\/product"}],"replies":[{"embeddable":true,"href":"https:\/\/districos.standingout.be\/fr\/wp-json\/wp\/v2\/comments?post=137071"}],"wp:featuredmedia":[{"embeddable":true,"href":"https:\/\/districos.standingout.be\/fr\/wp-json\/wp\/v2\/media\/77696"}],"wp:attachment":[{"href":"https:\/\/districos.standingout.be\/fr\/wp-json\/wp\/v2\/media?parent=137071"}],"wp:term":[{"taxonomy":"product_brand","embeddable":true,"href":"https:\/\/districos.standingout.be\/fr\/wp-json\/wp\/v2\/product_brand?post=137071"},{"taxonomy":"product_cat","embeddable":true,"href":"https:\/\/districos.standingout.be\/fr\/wp-json\/wp\/v2\/product_cat?post=137071"},{"taxonomy":"product_tag","embeddable":true,"href":"https:\/\/districos.standingout.be\/fr\/wp-json\/wp\/v2\/product_tag?post=137071"}],"curies":[{"name":"wp","href":"https:\/\/api.w.org\/{rel}","templated":true}]}}