{"id":137073,"date":"2026-04-28T09:45:35","date_gmt":"2026-04-28T07:45:35","guid":{"rendered":"https:\/\/webshopdistricoscom.webhosting.be\/product\/bio-balance-creme-raffermissante-buste-corps-200-ml-ref-7068-23\/"},"modified":"2026-04-28T09:45:43","modified_gmt":"2026-04-28T07:45:43","slug":"bio-balance-creme-raffermissante-buste-corps-200-ml-ref-7068-23","status":"publish","type":"product","link":"https:\/\/districos.standingout.be\/fr\/product\/bio-balance-creme-raffermissante-buste-corps-200-ml-ref-7068-23\/","title":{"rendered":"Bio Balance Cr\u00e8me Raffermissante Buste &#038; Corps 200 ml"},"content":{"rendered":"<p >\n<p dir=\"ltr\">Cr\u00e8me blanche non grasse, id\u00e9ale pour traiter des rel\u00e2chements cutan\u00e9s. La cr\u00e8me soigne et nourrit la peau. Gr\u00e2ce \u00e0 sa structure l\u00e9g\u00e8re, elle est facile \u00e0 appliquer et rapidement absorb\u00e9e par l&rsquo;\u00e9piderme.<\/p>\n<p dir=\"ltr\">\n<ul>\n<li>Ingr\u00e9dients actifs : laminaires, cytoplasme v\u00e9g\u00e9tal, vitamine E.<\/li>\n<li>Emballage : 200 ml.<\/li>\n<li>Vegan.<\/li>\n<\/ul>\n<div><b>Mode d&#8217;emploi<\/b><\/div>\n<div>\n<ul>\n<li><b>Cabine :<\/b><span> \u00e0 utiliser pour conclure les enveloppements raffermissants et antivergetures avec l&rsquo;<u><a href=\"https:\/\/districos.com\/ProductDetail\/7067.05\" target=\"_blank\" rel=\"noopener noreferrer nofollow\">Algae Body Pack Gel<\/a><\/u>.<\/span><\/li>\n<li><b>Utilisation \u00e0 domicile : <\/b>appliquez cette cr\u00e8me quotidiennement pour un r\u00e9sultat optimal.<\/li>\n<\/ul>\n<\/div><\/p>\n","protected":false},"excerpt":{"rendered":"<p>Cr\u00e8me blanche non grasse, id\u00e9ale pour traiter des rel\u00e2chements cutan\u00e9s. La cr\u00e8me soigne et nourrit la peau. Gr\u00e2ce \u00e0 sa structure l\u00e9g\u00e8re, elle est facile \u00e0 appliquer et rapidement absorb\u00e9e par l&rsquo;\u00e9piderme. Ingr\u00e9dients actifs : laminaires, cytoplasme v\u00e9g\u00e9tal, vitamine E. Emballage : 200 ml. Vegan. Mode d&#8217;emploi Cabine : \u00e0 utiliser pour conclure les enveloppements [&hellip;]<\/p>\n","protected":false},"featured_media":77699,"comment_status":"open","ping_status":"closed","template":"","meta":{"_acf_changed":false},"product_brand":[10302],"product_cat":[9868],"product_tag":[],"class_list":{"0":"post-137073","1":"product","2":"type-product","3":"status-publish","4":"has-post-thumbnail","6":"product_brand-bb-lichaam-fr","7":"product_cat-beaute-corps-soins-du-corps","9":"first","10":"instock","11":"taxable","12":"shipping-taxable","13":"product-type-simple"},"acf":[],"yoast_head":"<!-- This site is optimized with the Yoast SEO plugin v27.3 - https:\/\/yoast.com\/product\/yoast-seo-wordpress\/ -->\n<title>Bio Balance Cr\u00e8me Raffermissante Buste &amp; Corps 200 ml - Districos Webshop<\/title>\n<meta name=\"robots\" content=\"noindex, follow, max-snippet:-1, max-image-preview:large, max-video-preview:-1\" \/>\n<meta property=\"og:locale\" content=\"fr_FR\" \/>\n<meta property=\"og:type\" content=\"article\" \/>\n<meta property=\"og:title\" content=\"Bio Balance Cr\u00e8me Raffermissante Buste &amp; Corps 200 ml - Districos Webshop\" \/>\n<meta property=\"og:description\" content=\"Cr\u00e8me blanche non grasse, id\u00e9ale pour traiter des rel\u00e2chements cutan\u00e9s. La cr\u00e8me soigne et nourrit la peau. Gr\u00e2ce \u00e0 sa structure l\u00e9g\u00e8re, elle est facile \u00e0 appliquer et rapidement absorb\u00e9e par l&rsquo;\u00e9piderme. Ingr\u00e9dients actifs : laminaires, cytoplasme v\u00e9g\u00e9tal, vitamine E. Emballage : 200 ml. Vegan. Mode d&#8217;emploi Cabine : \u00e0 utiliser pour conclure les enveloppements [&hellip;]\" \/>\n<meta property=\"og:url\" content=\"https:\/\/districos.standingout.be\/fr\/product\/bio-balance-creme-raffermissante-buste-corps-200-ml-ref-7068-23\/\" \/>\n<meta property=\"og:site_name\" content=\"Districos Webshop\" \/>\n<meta property=\"article:modified_time\" content=\"2026-04-28T07:45:43+00:00\" \/>\n<meta name=\"twitter:card\" content=\"summary_large_image\" \/>\n<script type=\"application\/ld+json\" class=\"yoast-schema-graph\">{\"@context\":\"https:\\\/\\\/schema.org\",\"@graph\":[{\"@type\":\"WebPage\",\"@id\":\"https:\\\/\\\/districos.standingout.be\\\/fr\\\/product\\\/bio-balance-creme-raffermissante-buste-corps-200-ml-ref-7068-23\\\/\",\"url\":\"https:\\\/\\\/districos.standingout.be\\\/fr\\\/product\\\/bio-balance-creme-raffermissante-buste-corps-200-ml-ref-7068-23\\\/\",\"name\":\"Bio Balance Cr\u00e8me Raffermissante Buste & Corps 200 ml - Districos Webshop\",\"isPartOf\":{\"@id\":\"https:\\\/\\\/districos.standingout.be\\\/fr\\\/#website\"},\"primaryImageOfPage\":{\"@id\":\"https:\\\/\\\/districos.standingout.be\\\/fr\\\/product\\\/bio-balance-creme-raffermissante-buste-corps-200-ml-ref-7068-23\\\/#primaryimage\"},\"image\":{\"@id\":\"https:\\\/\\\/districos.standingout.be\\\/fr\\\/product\\\/bio-balance-creme-raffermissante-buste-corps-200-ml-ref-7068-23\\\/#primaryimage\"},\"thumbnailUrl\":\"https:\\\/\\\/districos.standingout.be\\\/wp-content\\\/uploads\\\/2025\\\/07\\\/7068.23@LowRes_1_0.png\",\"datePublished\":\"2026-04-28T07:45:35+00:00\",\"dateModified\":\"2026-04-28T07:45:43+00:00\",\"breadcrumb\":{\"@id\":\"https:\\\/\\\/districos.standingout.be\\\/fr\\\/product\\\/bio-balance-creme-raffermissante-buste-corps-200-ml-ref-7068-23\\\/#breadcrumb\"},\"inLanguage\":\"fr-FR\",\"potentialAction\":[{\"@type\":\"ReadAction\",\"target\":[\"https:\\\/\\\/districos.standingout.be\\\/fr\\\/product\\\/bio-balance-creme-raffermissante-buste-corps-200-ml-ref-7068-23\\\/\"]}]},{\"@type\":\"ImageObject\",\"inLanguage\":\"fr-FR\",\"@id\":\"https:\\\/\\\/districos.standingout.be\\\/fr\\\/product\\\/bio-balance-creme-raffermissante-buste-corps-200-ml-ref-7068-23\\\/#primaryimage\",\"url\":\"https:\\\/\\\/districos.standingout.be\\\/wp-content\\\/uploads\\\/2025\\\/07\\\/7068.23@LowRes_1_0.png\",\"contentUrl\":\"https:\\\/\\\/districos.standingout.be\\\/wp-content\\\/uploads\\\/2025\\\/07\\\/7068.23@LowRes_1_0.png\",\"width\":600,\"height\":600},{\"@type\":\"BreadcrumbList\",\"@id\":\"https:\\\/\\\/districos.standingout.be\\\/fr\\\/product\\\/bio-balance-creme-raffermissante-buste-corps-200-ml-ref-7068-23\\\/#breadcrumb\",\"itemListElement\":[{\"@type\":\"ListItem\",\"position\":1,\"name\":\"Home\",\"item\":\"https:\\\/\\\/districos.standingout.be\\\/fr\\\/bienvenue-chez-districos\\\/\"},{\"@type\":\"ListItem\",\"position\":2,\"name\":\"Boutique\",\"item\":\"https:\\\/\\\/districos.standingout.be\\\/fr\\\/boutique\\\/\"},{\"@type\":\"ListItem\",\"position\":3,\"name\":\"Bio Balance Cr\u00e8me Raffermissante Buste &#038; Corps 200 ml\"}]},{\"@type\":\"WebSite\",\"@id\":\"https:\\\/\\\/districos.standingout.be\\\/fr\\\/#website\",\"url\":\"https:\\\/\\\/districos.standingout.be\\\/fr\\\/\",\"name\":\"Districos Webshop\",\"description\":\"\",\"publisher\":{\"@id\":\"https:\\\/\\\/districos.standingout.be\\\/fr\\\/#organization\"},\"potentialAction\":[{\"@type\":\"SearchAction\",\"target\":{\"@type\":\"EntryPoint\",\"urlTemplate\":\"https:\\\/\\\/districos.standingout.be\\\/fr\\\/?s={search_term_string}\"},\"query-input\":{\"@type\":\"PropertyValueSpecification\",\"valueRequired\":true,\"valueName\":\"search_term_string\"}}],\"inLanguage\":\"fr-FR\"},{\"@type\":\"Organization\",\"@id\":\"https:\\\/\\\/districos.standingout.be\\\/fr\\\/#organization\",\"name\":\"Districos Webshop\",\"url\":\"https:\\\/\\\/districos.standingout.be\\\/fr\\\/\",\"logo\":{\"@type\":\"ImageObject\",\"inLanguage\":\"fr-FR\",\"@id\":\"https:\\\/\\\/districos.standingout.be\\\/fr\\\/#\\\/schema\\\/logo\\\/image\\\/\",\"url\":\"https:\\\/\\\/districos.standingout.be\\\/wp-content\\\/uploads\\\/2022\\\/09\\\/Districos_Logo_Webshop.svg\",\"contentUrl\":\"https:\\\/\\\/districos.standingout.be\\\/wp-content\\\/uploads\\\/2022\\\/09\\\/Districos_Logo_Webshop.svg\",\"caption\":\"Districos Webshop\"},\"image\":{\"@id\":\"https:\\\/\\\/districos.standingout.be\\\/fr\\\/#\\\/schema\\\/logo\\\/image\\\/\"}}]}<\/script>\n<!-- \/ Yoast SEO plugin. -->","yoast_head_json":{"title":"Bio Balance Cr\u00e8me Raffermissante Buste & Corps 200 ml - Districos Webshop","robots":{"index":"noindex","follow":"follow","max-snippet":"max-snippet:-1","max-image-preview":"max-image-preview:large","max-video-preview":"max-video-preview:-1"},"og_locale":"fr_FR","og_type":"article","og_title":"Bio Balance Cr\u00e8me Raffermissante Buste & Corps 200 ml - Districos Webshop","og_description":"Cr\u00e8me blanche non grasse, id\u00e9ale pour traiter des rel\u00e2chements cutan\u00e9s. La cr\u00e8me soigne et nourrit la peau. Gr\u00e2ce \u00e0 sa structure l\u00e9g\u00e8re, elle est facile \u00e0 appliquer et rapidement absorb\u00e9e par l&rsquo;\u00e9piderme. Ingr\u00e9dients actifs : laminaires, cytoplasme v\u00e9g\u00e9tal, vitamine E. Emballage : 200 ml. Vegan. Mode d&#8217;emploi Cabine : \u00e0 utiliser pour conclure les enveloppements [&hellip;]","og_url":"https:\/\/districos.standingout.be\/fr\/product\/bio-balance-creme-raffermissante-buste-corps-200-ml-ref-7068-23\/","og_site_name":"Districos Webshop","article_modified_time":"2026-04-28T07:45:43+00:00","twitter_card":"summary_large_image","schema":{"@context":"https:\/\/schema.org","@graph":[{"@type":"WebPage","@id":"https:\/\/districos.standingout.be\/fr\/product\/bio-balance-creme-raffermissante-buste-corps-200-ml-ref-7068-23\/","url":"https:\/\/districos.standingout.be\/fr\/product\/bio-balance-creme-raffermissante-buste-corps-200-ml-ref-7068-23\/","name":"Bio Balance Cr\u00e8me Raffermissante Buste & Corps 200 ml - Districos Webshop","isPartOf":{"@id":"https:\/\/districos.standingout.be\/fr\/#website"},"primaryImageOfPage":{"@id":"https:\/\/districos.standingout.be\/fr\/product\/bio-balance-creme-raffermissante-buste-corps-200-ml-ref-7068-23\/#primaryimage"},"image":{"@id":"https:\/\/districos.standingout.be\/fr\/product\/bio-balance-creme-raffermissante-buste-corps-200-ml-ref-7068-23\/#primaryimage"},"thumbnailUrl":"https:\/\/districos.standingout.be\/wp-content\/uploads\/2025\/07\/7068.23@LowRes_1_0.png","datePublished":"2026-04-28T07:45:35+00:00","dateModified":"2026-04-28T07:45:43+00:00","breadcrumb":{"@id":"https:\/\/districos.standingout.be\/fr\/product\/bio-balance-creme-raffermissante-buste-corps-200-ml-ref-7068-23\/#breadcrumb"},"inLanguage":"fr-FR","potentialAction":[{"@type":"ReadAction","target":["https:\/\/districos.standingout.be\/fr\/product\/bio-balance-creme-raffermissante-buste-corps-200-ml-ref-7068-23\/"]}]},{"@type":"ImageObject","inLanguage":"fr-FR","@id":"https:\/\/districos.standingout.be\/fr\/product\/bio-balance-creme-raffermissante-buste-corps-200-ml-ref-7068-23\/#primaryimage","url":"https:\/\/districos.standingout.be\/wp-content\/uploads\/2025\/07\/7068.23@LowRes_1_0.png","contentUrl":"https:\/\/districos.standingout.be\/wp-content\/uploads\/2025\/07\/7068.23@LowRes_1_0.png","width":600,"height":600},{"@type":"BreadcrumbList","@id":"https:\/\/districos.standingout.be\/fr\/product\/bio-balance-creme-raffermissante-buste-corps-200-ml-ref-7068-23\/#breadcrumb","itemListElement":[{"@type":"ListItem","position":1,"name":"Home","item":"https:\/\/districos.standingout.be\/fr\/bienvenue-chez-districos\/"},{"@type":"ListItem","position":2,"name":"Boutique","item":"https:\/\/districos.standingout.be\/fr\/boutique\/"},{"@type":"ListItem","position":3,"name":"Bio Balance Cr\u00e8me Raffermissante Buste &#038; Corps 200 ml"}]},{"@type":"WebSite","@id":"https:\/\/districos.standingout.be\/fr\/#website","url":"https:\/\/districos.standingout.be\/fr\/","name":"Districos Webshop","description":"","publisher":{"@id":"https:\/\/districos.standingout.be\/fr\/#organization"},"potentialAction":[{"@type":"SearchAction","target":{"@type":"EntryPoint","urlTemplate":"https:\/\/districos.standingout.be\/fr\/?s={search_term_string}"},"query-input":{"@type":"PropertyValueSpecification","valueRequired":true,"valueName":"search_term_string"}}],"inLanguage":"fr-FR"},{"@type":"Organization","@id":"https:\/\/districos.standingout.be\/fr\/#organization","name":"Districos Webshop","url":"https:\/\/districos.standingout.be\/fr\/","logo":{"@type":"ImageObject","inLanguage":"fr-FR","@id":"https:\/\/districos.standingout.be\/fr\/#\/schema\/logo\/image\/","url":"https:\/\/districos.standingout.be\/wp-content\/uploads\/2022\/09\/Districos_Logo_Webshop.svg","contentUrl":"https:\/\/districos.standingout.be\/wp-content\/uploads\/2022\/09\/Districos_Logo_Webshop.svg","caption":"Districos Webshop"},"image":{"@id":"https:\/\/districos.standingout.be\/fr\/#\/schema\/logo\/image\/"}}]}},"_links":{"self":[{"href":"https:\/\/districos.standingout.be\/fr\/wp-json\/wp\/v2\/product\/137073","targetHints":{"allow":["GET"]}}],"collection":[{"href":"https:\/\/districos.standingout.be\/fr\/wp-json\/wp\/v2\/product"}],"about":[{"href":"https:\/\/districos.standingout.be\/fr\/wp-json\/wp\/v2\/types\/product"}],"replies":[{"embeddable":true,"href":"https:\/\/districos.standingout.be\/fr\/wp-json\/wp\/v2\/comments?post=137073"}],"wp:featuredmedia":[{"embeddable":true,"href":"https:\/\/districos.standingout.be\/fr\/wp-json\/wp\/v2\/media\/77699"}],"wp:attachment":[{"href":"https:\/\/districos.standingout.be\/fr\/wp-json\/wp\/v2\/media?parent=137073"}],"wp:term":[{"taxonomy":"product_brand","embeddable":true,"href":"https:\/\/districos.standingout.be\/fr\/wp-json\/wp\/v2\/product_brand?post=137073"},{"taxonomy":"product_cat","embeddable":true,"href":"https:\/\/districos.standingout.be\/fr\/wp-json\/wp\/v2\/product_cat?post=137073"},{"taxonomy":"product_tag","embeddable":true,"href":"https:\/\/districos.standingout.be\/fr\/wp-json\/wp\/v2\/product_tag?post=137073"}],"curies":[{"name":"wp","href":"https:\/\/api.w.org\/{rel}","templated":true}]}}