{"id":137075,"date":"2026-04-28T09:45:43","date_gmt":"2026-04-28T07:45:43","guid":{"rendered":"https:\/\/webshopdistricoscom.webhosting.be\/product\/bio-balance-gel-rafraichissant-jambes-lourdes-200-ml-ref-7068-24\/"},"modified":"2026-04-28T09:45:50","modified_gmt":"2026-04-28T07:45:50","slug":"bio-balance-gel-rafraichissant-jambes-lourdes-200-ml-ref-7068-24","status":"publish","type":"product","link":"https:\/\/districos.standingout.be\/fr\/product\/bio-balance-gel-rafraichissant-jambes-lourdes-200-ml-ref-7068-24\/","title":{"rendered":"Bio Balance Gel Rafra\u00eechissant Jambes Lourdes 200 ml"},"content":{"rendered":"<p >\n<\/p>\n<p dir=\"ltr\">Gel vert et frais afin de soulager instantan\u00e9ment les jambes lourdes et gonfl\u00e9es.<\/p>\n<p dir=\"ltr\">\n<ul>\n<li>Il rafra\u00eechit et revitalise la peau.<\/li>\n<li>Id\u00e9al par temps chauds.<\/li>\n<li>Ingr\u00e9dients actifs : hamam\u00e9lis, camphre, arnica, menthol.<\/li>\n<li>Emballage : 200 ml.<\/li>\n<li>Vegan.<\/li>\n<\/ul>\n<div><b>Mode d&#8217;emploi<\/b><\/div>\n<ul>\n<li><b>Cabine <\/b>: \u00e0 utiliser comme effleurage final d\u2019un traitement pour jambes lourdes.<\/li>\n<li><b>Utilisation \u00e0 domicile<\/b> : appliquez quotidiennement sur les pieds et les jambes nettoy\u00e9s en effectuant un l\u00e9ger massage. Partez d\u00e8s la plante du pied et remontez. R\u00e9p\u00e9tez le soir ou plusieurs fois par jour si n\u00e9cessaire afin de soulager et de d\u00e9gonfler les jambes lourdes.<\/li>\n<\/ul><\/p>\n","protected":false},"excerpt":{"rendered":"<p>Gel vert et frais afin de soulager instantan\u00e9ment les jambes lourdes et gonfl\u00e9es. Il rafra\u00eechit et revitalise la peau. Id\u00e9al par temps chauds. Ingr\u00e9dients actifs : hamam\u00e9lis, camphre, arnica, menthol. Emballage : 200 ml. Vegan. Mode d&#8217;emploi Cabine : \u00e0 utiliser comme effleurage final d\u2019un traitement pour jambes lourdes. Utilisation \u00e0 domicile : appliquez quotidiennement [&hellip;]<\/p>\n","protected":false},"featured_media":77702,"comment_status":"open","ping_status":"closed","template":"","meta":{"_acf_changed":false},"product_brand":[10302],"product_cat":[9868],"product_tag":[],"class_list":{"0":"post-137075","1":"product","2":"type-product","3":"status-publish","4":"has-post-thumbnail","6":"product_brand-bb-lichaam-fr","7":"product_cat-beaute-corps-soins-du-corps","9":"first","10":"instock","11":"taxable","12":"shipping-taxable","13":"product-type-simple"},"acf":[],"yoast_head":"<!-- This site is optimized with the Yoast SEO plugin v27.3 - https:\/\/yoast.com\/product\/yoast-seo-wordpress\/ -->\n<title>Bio Balance Gel Rafra\u00eechissant Jambes Lourdes 200 ml - Districos Webshop<\/title>\n<meta name=\"robots\" content=\"noindex, follow, max-snippet:-1, max-image-preview:large, max-video-preview:-1\" \/>\n<meta property=\"og:locale\" content=\"fr_FR\" \/>\n<meta property=\"og:type\" content=\"article\" \/>\n<meta property=\"og:title\" content=\"Bio Balance Gel Rafra\u00eechissant Jambes Lourdes 200 ml - Districos Webshop\" \/>\n<meta property=\"og:description\" content=\"Gel vert et frais afin de soulager instantan\u00e9ment les jambes lourdes et gonfl\u00e9es. Il rafra\u00eechit et revitalise la peau. Id\u00e9al par temps chauds. Ingr\u00e9dients actifs : hamam\u00e9lis, camphre, arnica, menthol. Emballage : 200 ml. Vegan. Mode d&#8217;emploi Cabine : \u00e0 utiliser comme effleurage final d\u2019un traitement pour jambes lourdes. Utilisation \u00e0 domicile : appliquez quotidiennement [&hellip;]\" \/>\n<meta property=\"og:url\" content=\"https:\/\/districos.standingout.be\/fr\/product\/bio-balance-gel-rafraichissant-jambes-lourdes-200-ml-ref-7068-24\/\" \/>\n<meta property=\"og:site_name\" content=\"Districos Webshop\" \/>\n<meta property=\"article:modified_time\" content=\"2026-04-28T07:45:50+00:00\" \/>\n<meta name=\"twitter:card\" content=\"summary_large_image\" \/>\n<meta name=\"twitter:label1\" content=\"Dur\u00e9e de lecture estim\u00e9e\" \/>\n\t<meta name=\"twitter:data1\" content=\"1 minute\" \/>\n<script type=\"application\/ld+json\" class=\"yoast-schema-graph\">{\"@context\":\"https:\\\/\\\/schema.org\",\"@graph\":[{\"@type\":\"WebPage\",\"@id\":\"https:\\\/\\\/districos.standingout.be\\\/fr\\\/product\\\/bio-balance-gel-rafraichissant-jambes-lourdes-200-ml-ref-7068-24\\\/\",\"url\":\"https:\\\/\\\/districos.standingout.be\\\/fr\\\/product\\\/bio-balance-gel-rafraichissant-jambes-lourdes-200-ml-ref-7068-24\\\/\",\"name\":\"Bio Balance Gel Rafra\u00eechissant Jambes Lourdes 200 ml - Districos Webshop\",\"isPartOf\":{\"@id\":\"https:\\\/\\\/districos.standingout.be\\\/fr\\\/#website\"},\"primaryImageOfPage\":{\"@id\":\"https:\\\/\\\/districos.standingout.be\\\/fr\\\/product\\\/bio-balance-gel-rafraichissant-jambes-lourdes-200-ml-ref-7068-24\\\/#primaryimage\"},\"image\":{\"@id\":\"https:\\\/\\\/districos.standingout.be\\\/fr\\\/product\\\/bio-balance-gel-rafraichissant-jambes-lourdes-200-ml-ref-7068-24\\\/#primaryimage\"},\"thumbnailUrl\":\"https:\\\/\\\/districos.standingout.be\\\/wp-content\\\/uploads\\\/2025\\\/07\\\/7068.24@LowRes_0.png\",\"datePublished\":\"2026-04-28T07:45:43+00:00\",\"dateModified\":\"2026-04-28T07:45:50+00:00\",\"breadcrumb\":{\"@id\":\"https:\\\/\\\/districos.standingout.be\\\/fr\\\/product\\\/bio-balance-gel-rafraichissant-jambes-lourdes-200-ml-ref-7068-24\\\/#breadcrumb\"},\"inLanguage\":\"fr-FR\",\"potentialAction\":[{\"@type\":\"ReadAction\",\"target\":[\"https:\\\/\\\/districos.standingout.be\\\/fr\\\/product\\\/bio-balance-gel-rafraichissant-jambes-lourdes-200-ml-ref-7068-24\\\/\"]}]},{\"@type\":\"ImageObject\",\"inLanguage\":\"fr-FR\",\"@id\":\"https:\\\/\\\/districos.standingout.be\\\/fr\\\/product\\\/bio-balance-gel-rafraichissant-jambes-lourdes-200-ml-ref-7068-24\\\/#primaryimage\",\"url\":\"https:\\\/\\\/districos.standingout.be\\\/wp-content\\\/uploads\\\/2025\\\/07\\\/7068.24@LowRes_0.png\",\"contentUrl\":\"https:\\\/\\\/districos.standingout.be\\\/wp-content\\\/uploads\\\/2025\\\/07\\\/7068.24@LowRes_0.png\",\"width\":600,\"height\":600},{\"@type\":\"BreadcrumbList\",\"@id\":\"https:\\\/\\\/districos.standingout.be\\\/fr\\\/product\\\/bio-balance-gel-rafraichissant-jambes-lourdes-200-ml-ref-7068-24\\\/#breadcrumb\",\"itemListElement\":[{\"@type\":\"ListItem\",\"position\":1,\"name\":\"Home\",\"item\":\"https:\\\/\\\/districos.standingout.be\\\/fr\\\/bienvenue-chez-districos\\\/\"},{\"@type\":\"ListItem\",\"position\":2,\"name\":\"Boutique\",\"item\":\"https:\\\/\\\/districos.standingout.be\\\/fr\\\/boutique\\\/\"},{\"@type\":\"ListItem\",\"position\":3,\"name\":\"Bio Balance Gel Rafra\u00eechissant Jambes Lourdes 200 ml\"}]},{\"@type\":\"WebSite\",\"@id\":\"https:\\\/\\\/districos.standingout.be\\\/fr\\\/#website\",\"url\":\"https:\\\/\\\/districos.standingout.be\\\/fr\\\/\",\"name\":\"Districos Webshop\",\"description\":\"\",\"publisher\":{\"@id\":\"https:\\\/\\\/districos.standingout.be\\\/fr\\\/#organization\"},\"potentialAction\":[{\"@type\":\"SearchAction\",\"target\":{\"@type\":\"EntryPoint\",\"urlTemplate\":\"https:\\\/\\\/districos.standingout.be\\\/fr\\\/?s={search_term_string}\"},\"query-input\":{\"@type\":\"PropertyValueSpecification\",\"valueRequired\":true,\"valueName\":\"search_term_string\"}}],\"inLanguage\":\"fr-FR\"},{\"@type\":\"Organization\",\"@id\":\"https:\\\/\\\/districos.standingout.be\\\/fr\\\/#organization\",\"name\":\"Districos Webshop\",\"url\":\"https:\\\/\\\/districos.standingout.be\\\/fr\\\/\",\"logo\":{\"@type\":\"ImageObject\",\"inLanguage\":\"fr-FR\",\"@id\":\"https:\\\/\\\/districos.standingout.be\\\/fr\\\/#\\\/schema\\\/logo\\\/image\\\/\",\"url\":\"https:\\\/\\\/districos.standingout.be\\\/wp-content\\\/uploads\\\/2022\\\/09\\\/Districos_Logo_Webshop.svg\",\"contentUrl\":\"https:\\\/\\\/districos.standingout.be\\\/wp-content\\\/uploads\\\/2022\\\/09\\\/Districos_Logo_Webshop.svg\",\"caption\":\"Districos Webshop\"},\"image\":{\"@id\":\"https:\\\/\\\/districos.standingout.be\\\/fr\\\/#\\\/schema\\\/logo\\\/image\\\/\"}}]}<\/script>\n<!-- \/ Yoast SEO plugin. -->","yoast_head_json":{"title":"Bio Balance Gel Rafra\u00eechissant Jambes Lourdes 200 ml - Districos Webshop","robots":{"index":"noindex","follow":"follow","max-snippet":"max-snippet:-1","max-image-preview":"max-image-preview:large","max-video-preview":"max-video-preview:-1"},"og_locale":"fr_FR","og_type":"article","og_title":"Bio Balance Gel Rafra\u00eechissant Jambes Lourdes 200 ml - Districos Webshop","og_description":"Gel vert et frais afin de soulager instantan\u00e9ment les jambes lourdes et gonfl\u00e9es. Il rafra\u00eechit et revitalise la peau. Id\u00e9al par temps chauds. Ingr\u00e9dients actifs : hamam\u00e9lis, camphre, arnica, menthol. Emballage : 200 ml. Vegan. Mode d&#8217;emploi Cabine : \u00e0 utiliser comme effleurage final d\u2019un traitement pour jambes lourdes. Utilisation \u00e0 domicile : appliquez quotidiennement [&hellip;]","og_url":"https:\/\/districos.standingout.be\/fr\/product\/bio-balance-gel-rafraichissant-jambes-lourdes-200-ml-ref-7068-24\/","og_site_name":"Districos Webshop","article_modified_time":"2026-04-28T07:45:50+00:00","twitter_card":"summary_large_image","twitter_misc":{"Dur\u00e9e de lecture estim\u00e9e":"1 minute"},"schema":{"@context":"https:\/\/schema.org","@graph":[{"@type":"WebPage","@id":"https:\/\/districos.standingout.be\/fr\/product\/bio-balance-gel-rafraichissant-jambes-lourdes-200-ml-ref-7068-24\/","url":"https:\/\/districos.standingout.be\/fr\/product\/bio-balance-gel-rafraichissant-jambes-lourdes-200-ml-ref-7068-24\/","name":"Bio Balance Gel Rafra\u00eechissant Jambes Lourdes 200 ml - Districos Webshop","isPartOf":{"@id":"https:\/\/districos.standingout.be\/fr\/#website"},"primaryImageOfPage":{"@id":"https:\/\/districos.standingout.be\/fr\/product\/bio-balance-gel-rafraichissant-jambes-lourdes-200-ml-ref-7068-24\/#primaryimage"},"image":{"@id":"https:\/\/districos.standingout.be\/fr\/product\/bio-balance-gel-rafraichissant-jambes-lourdes-200-ml-ref-7068-24\/#primaryimage"},"thumbnailUrl":"https:\/\/districos.standingout.be\/wp-content\/uploads\/2025\/07\/7068.24@LowRes_0.png","datePublished":"2026-04-28T07:45:43+00:00","dateModified":"2026-04-28T07:45:50+00:00","breadcrumb":{"@id":"https:\/\/districos.standingout.be\/fr\/product\/bio-balance-gel-rafraichissant-jambes-lourdes-200-ml-ref-7068-24\/#breadcrumb"},"inLanguage":"fr-FR","potentialAction":[{"@type":"ReadAction","target":["https:\/\/districos.standingout.be\/fr\/product\/bio-balance-gel-rafraichissant-jambes-lourdes-200-ml-ref-7068-24\/"]}]},{"@type":"ImageObject","inLanguage":"fr-FR","@id":"https:\/\/districos.standingout.be\/fr\/product\/bio-balance-gel-rafraichissant-jambes-lourdes-200-ml-ref-7068-24\/#primaryimage","url":"https:\/\/districos.standingout.be\/wp-content\/uploads\/2025\/07\/7068.24@LowRes_0.png","contentUrl":"https:\/\/districos.standingout.be\/wp-content\/uploads\/2025\/07\/7068.24@LowRes_0.png","width":600,"height":600},{"@type":"BreadcrumbList","@id":"https:\/\/districos.standingout.be\/fr\/product\/bio-balance-gel-rafraichissant-jambes-lourdes-200-ml-ref-7068-24\/#breadcrumb","itemListElement":[{"@type":"ListItem","position":1,"name":"Home","item":"https:\/\/districos.standingout.be\/fr\/bienvenue-chez-districos\/"},{"@type":"ListItem","position":2,"name":"Boutique","item":"https:\/\/districos.standingout.be\/fr\/boutique\/"},{"@type":"ListItem","position":3,"name":"Bio Balance Gel Rafra\u00eechissant Jambes Lourdes 200 ml"}]},{"@type":"WebSite","@id":"https:\/\/districos.standingout.be\/fr\/#website","url":"https:\/\/districos.standingout.be\/fr\/","name":"Districos Webshop","description":"","publisher":{"@id":"https:\/\/districos.standingout.be\/fr\/#organization"},"potentialAction":[{"@type":"SearchAction","target":{"@type":"EntryPoint","urlTemplate":"https:\/\/districos.standingout.be\/fr\/?s={search_term_string}"},"query-input":{"@type":"PropertyValueSpecification","valueRequired":true,"valueName":"search_term_string"}}],"inLanguage":"fr-FR"},{"@type":"Organization","@id":"https:\/\/districos.standingout.be\/fr\/#organization","name":"Districos Webshop","url":"https:\/\/districos.standingout.be\/fr\/","logo":{"@type":"ImageObject","inLanguage":"fr-FR","@id":"https:\/\/districos.standingout.be\/fr\/#\/schema\/logo\/image\/","url":"https:\/\/districos.standingout.be\/wp-content\/uploads\/2022\/09\/Districos_Logo_Webshop.svg","contentUrl":"https:\/\/districos.standingout.be\/wp-content\/uploads\/2022\/09\/Districos_Logo_Webshop.svg","caption":"Districos Webshop"},"image":{"@id":"https:\/\/districos.standingout.be\/fr\/#\/schema\/logo\/image\/"}}]}},"_links":{"self":[{"href":"https:\/\/districos.standingout.be\/fr\/wp-json\/wp\/v2\/product\/137075","targetHints":{"allow":["GET"]}}],"collection":[{"href":"https:\/\/districos.standingout.be\/fr\/wp-json\/wp\/v2\/product"}],"about":[{"href":"https:\/\/districos.standingout.be\/fr\/wp-json\/wp\/v2\/types\/product"}],"replies":[{"embeddable":true,"href":"https:\/\/districos.standingout.be\/fr\/wp-json\/wp\/v2\/comments?post=137075"}],"wp:featuredmedia":[{"embeddable":true,"href":"https:\/\/districos.standingout.be\/fr\/wp-json\/wp\/v2\/media\/77702"}],"wp:attachment":[{"href":"https:\/\/districos.standingout.be\/fr\/wp-json\/wp\/v2\/media?parent=137075"}],"wp:term":[{"taxonomy":"product_brand","embeddable":true,"href":"https:\/\/districos.standingout.be\/fr\/wp-json\/wp\/v2\/product_brand?post=137075"},{"taxonomy":"product_cat","embeddable":true,"href":"https:\/\/districos.standingout.be\/fr\/wp-json\/wp\/v2\/product_cat?post=137075"},{"taxonomy":"product_tag","embeddable":true,"href":"https:\/\/districos.standingout.be\/fr\/wp-json\/wp\/v2\/product_tag?post=137075"}],"curies":[{"name":"wp","href":"https:\/\/api.w.org\/{rel}","templated":true}]}}