{"id":137077,"date":"2026-04-28T09:45:50","date_gmt":"2026-04-28T07:45:50","guid":{"rendered":"https:\/\/webshopdistricoscom.webhosting.be\/product\/bio-balance-lotion-corporelle-hydratante-200-ml-ref-7068-25\/"},"modified":"2026-04-28T09:45:57","modified_gmt":"2026-04-28T07:45:57","slug":"bio-balance-lotion-corporelle-hydratante-200-ml-ref-7068-25","status":"publish","type":"product","link":"https:\/\/districos.standingout.be\/fr\/product\/bio-balance-lotion-corporelle-hydratante-200-ml-ref-7068-25\/","title":{"rendered":"Bio Balance Lotion Corporelle Hydratante 200 ml"},"content":{"rendered":"<p >\n<p dir=\"ltr\">Lotion corporelle agr\u00e9ablement fruit\u00e9e et hydratante \u00e0 base d\u2019huiles de graines de chanvre et de coco. La lotion nourrit la peau pendant 12 heures, prot\u00e8ge la peau de radicaux libres et lutte contre les signes de vieillissement pr\u00e9matur\u00e9.<\/p>\n<p dir=\"ltr\">\n<ul>\n<li>Aussi id\u00e9ale apr\u00e8s le bronzage pour nourrir la peau et maintenir plus longtemps le teint bronz\u00e9 gr\u00e2ce au th\u00e9 vert, \u00e0 l\u2019aloe vera et \u00e0 la camomille.<\/li>\n<li>Ingr\u00e9dients actifs : glyc\u00e9rine, allanto\u00efne, huile de cocotier, camomille, th\u00e9 vert, aloe vera.<\/li>\n<li>Emballage : 200 ml.<\/li>\n<li>Vegan.<\/li>\n<\/ul>\n<div><b>Mode d&#8217;emploi<\/b><\/div>\n<ul>\n<li><b>Cabine <\/b>:&nbsp;\u00e0 utiliser pour les enveloppements g\u00e9n\u00e9raux revitalisants avec l&rsquo;<u><a href=\"https:\/\/districos.com\/ProductDetail\/7067.05\" target=\"_blank\" rel=\"noopener noreferrer nofollow\">Algae Body Pack Gel<\/a><\/u>, comme effleurage final du soin.<\/li>\n<li><b>Utilisation \u00e0 domicile <\/b>: appliquez quotidiennement sur le corps enti\u00e8rement nettoy\u00e9 en effectuant un l\u00e9ger massage.<\/li>\n<\/ul><\/p>\n","protected":false},"excerpt":{"rendered":"<p>Lotion corporelle agr\u00e9ablement fruit\u00e9e et hydratante \u00e0 base d\u2019huiles de graines de chanvre et de coco. La lotion nourrit la peau pendant 12 heures, prot\u00e8ge la peau de radicaux libres et lutte contre les signes de vieillissement pr\u00e9matur\u00e9. Aussi id\u00e9ale apr\u00e8s le bronzage pour nourrir la peau et maintenir plus longtemps le teint bronz\u00e9 gr\u00e2ce [&hellip;]<\/p>\n","protected":false},"featured_media":147349,"comment_status":"open","ping_status":"closed","template":"","meta":{"_acf_changed":false},"product_brand":[10302],"product_cat":[9868],"product_tag":[],"class_list":{"0":"post-137077","1":"product","2":"type-product","3":"status-publish","4":"has-post-thumbnail","6":"product_brand-bb-lichaam-fr","7":"product_cat-beaute-corps-soins-du-corps","9":"first","10":"instock","11":"taxable","12":"shipping-taxable","13":"product-type-simple"},"acf":[],"yoast_head":"<!-- This site is optimized with the Yoast SEO plugin v27.3 - https:\/\/yoast.com\/product\/yoast-seo-wordpress\/ -->\n<title>Bio Balance Lotion Corporelle Hydratante 200 ml - Districos Webshop<\/title>\n<meta name=\"robots\" content=\"noindex, follow, max-snippet:-1, max-image-preview:large, max-video-preview:-1\" \/>\n<meta property=\"og:locale\" content=\"fr_FR\" \/>\n<meta property=\"og:type\" content=\"article\" \/>\n<meta property=\"og:title\" content=\"Bio Balance Lotion Corporelle Hydratante 200 ml - Districos Webshop\" \/>\n<meta property=\"og:description\" content=\"Lotion corporelle agr\u00e9ablement fruit\u00e9e et hydratante \u00e0 base d\u2019huiles de graines de chanvre et de coco. La lotion nourrit la peau pendant 12 heures, prot\u00e8ge la peau de radicaux libres et lutte contre les signes de vieillissement pr\u00e9matur\u00e9. Aussi id\u00e9ale apr\u00e8s le bronzage pour nourrir la peau et maintenir plus longtemps le teint bronz\u00e9 gr\u00e2ce [&hellip;]\" \/>\n<meta property=\"og:url\" content=\"https:\/\/districos.standingout.be\/fr\/product\/bio-balance-lotion-corporelle-hydratante-200-ml-ref-7068-25\/\" \/>\n<meta property=\"og:site_name\" content=\"Districos Webshop\" \/>\n<meta property=\"article:modified_time\" content=\"2026-04-28T07:45:57+00:00\" \/>\n<meta name=\"twitter:card\" content=\"summary_large_image\" \/>\n<meta name=\"twitter:label1\" content=\"Dur\u00e9e de lecture estim\u00e9e\" \/>\n\t<meta name=\"twitter:data1\" content=\"1 minute\" \/>\n<script type=\"application\/ld+json\" class=\"yoast-schema-graph\">{\"@context\":\"https:\\\/\\\/schema.org\",\"@graph\":[{\"@type\":\"WebPage\",\"@id\":\"https:\\\/\\\/districos.standingout.be\\\/fr\\\/product\\\/bio-balance-lotion-corporelle-hydratante-200-ml-ref-7068-25\\\/\",\"url\":\"https:\\\/\\\/districos.standingout.be\\\/fr\\\/product\\\/bio-balance-lotion-corporelle-hydratante-200-ml-ref-7068-25\\\/\",\"name\":\"Bio Balance Lotion Corporelle Hydratante 200 ml - Districos Webshop\",\"isPartOf\":{\"@id\":\"https:\\\/\\\/districos.standingout.be\\\/fr\\\/#website\"},\"primaryImageOfPage\":{\"@id\":\"https:\\\/\\\/districos.standingout.be\\\/fr\\\/product\\\/bio-balance-lotion-corporelle-hydratante-200-ml-ref-7068-25\\\/#primaryimage\"},\"image\":{\"@id\":\"https:\\\/\\\/districos.standingout.be\\\/fr\\\/product\\\/bio-balance-lotion-corporelle-hydratante-200-ml-ref-7068-25\\\/#primaryimage\"},\"thumbnailUrl\":\"https:\\\/\\\/districos.standingout.be\\\/wp-content\\\/uploads\\\/2026\\\/04\\\/7068.25@Moisturizing-Body-Lotion-200ml_1-1.png\",\"datePublished\":\"2026-04-28T07:45:50+00:00\",\"dateModified\":\"2026-04-28T07:45:57+00:00\",\"breadcrumb\":{\"@id\":\"https:\\\/\\\/districos.standingout.be\\\/fr\\\/product\\\/bio-balance-lotion-corporelle-hydratante-200-ml-ref-7068-25\\\/#breadcrumb\"},\"inLanguage\":\"fr-FR\",\"potentialAction\":[{\"@type\":\"ReadAction\",\"target\":[\"https:\\\/\\\/districos.standingout.be\\\/fr\\\/product\\\/bio-balance-lotion-corporelle-hydratante-200-ml-ref-7068-25\\\/\"]}]},{\"@type\":\"ImageObject\",\"inLanguage\":\"fr-FR\",\"@id\":\"https:\\\/\\\/districos.standingout.be\\\/fr\\\/product\\\/bio-balance-lotion-corporelle-hydratante-200-ml-ref-7068-25\\\/#primaryimage\",\"url\":\"https:\\\/\\\/districos.standingout.be\\\/wp-content\\\/uploads\\\/2026\\\/04\\\/7068.25@Moisturizing-Body-Lotion-200ml_1-1.png\",\"contentUrl\":\"https:\\\/\\\/districos.standingout.be\\\/wp-content\\\/uploads\\\/2026\\\/04\\\/7068.25@Moisturizing-Body-Lotion-200ml_1-1.png\",\"width\":600,\"height\":600},{\"@type\":\"BreadcrumbList\",\"@id\":\"https:\\\/\\\/districos.standingout.be\\\/fr\\\/product\\\/bio-balance-lotion-corporelle-hydratante-200-ml-ref-7068-25\\\/#breadcrumb\",\"itemListElement\":[{\"@type\":\"ListItem\",\"position\":1,\"name\":\"Home\",\"item\":\"https:\\\/\\\/districos.standingout.be\\\/fr\\\/bienvenue-chez-districos\\\/\"},{\"@type\":\"ListItem\",\"position\":2,\"name\":\"Boutique\",\"item\":\"https:\\\/\\\/districos.standingout.be\\\/fr\\\/boutique\\\/\"},{\"@type\":\"ListItem\",\"position\":3,\"name\":\"Bio Balance Lotion Corporelle Hydratante 200 ml\"}]},{\"@type\":\"WebSite\",\"@id\":\"https:\\\/\\\/districos.standingout.be\\\/fr\\\/#website\",\"url\":\"https:\\\/\\\/districos.standingout.be\\\/fr\\\/\",\"name\":\"Districos Webshop\",\"description\":\"\",\"publisher\":{\"@id\":\"https:\\\/\\\/districos.standingout.be\\\/fr\\\/#organization\"},\"potentialAction\":[{\"@type\":\"SearchAction\",\"target\":{\"@type\":\"EntryPoint\",\"urlTemplate\":\"https:\\\/\\\/districos.standingout.be\\\/fr\\\/?s={search_term_string}\"},\"query-input\":{\"@type\":\"PropertyValueSpecification\",\"valueRequired\":true,\"valueName\":\"search_term_string\"}}],\"inLanguage\":\"fr-FR\"},{\"@type\":\"Organization\",\"@id\":\"https:\\\/\\\/districos.standingout.be\\\/fr\\\/#organization\",\"name\":\"Districos Webshop\",\"url\":\"https:\\\/\\\/districos.standingout.be\\\/fr\\\/\",\"logo\":{\"@type\":\"ImageObject\",\"inLanguage\":\"fr-FR\",\"@id\":\"https:\\\/\\\/districos.standingout.be\\\/fr\\\/#\\\/schema\\\/logo\\\/image\\\/\",\"url\":\"https:\\\/\\\/districos.standingout.be\\\/wp-content\\\/uploads\\\/2022\\\/09\\\/Districos_Logo_Webshop.svg\",\"contentUrl\":\"https:\\\/\\\/districos.standingout.be\\\/wp-content\\\/uploads\\\/2022\\\/09\\\/Districos_Logo_Webshop.svg\",\"caption\":\"Districos Webshop\"},\"image\":{\"@id\":\"https:\\\/\\\/districos.standingout.be\\\/fr\\\/#\\\/schema\\\/logo\\\/image\\\/\"}}]}<\/script>\n<!-- \/ Yoast SEO plugin. -->","yoast_head_json":{"title":"Bio Balance Lotion Corporelle Hydratante 200 ml - Districos Webshop","robots":{"index":"noindex","follow":"follow","max-snippet":"max-snippet:-1","max-image-preview":"max-image-preview:large","max-video-preview":"max-video-preview:-1"},"og_locale":"fr_FR","og_type":"article","og_title":"Bio Balance Lotion Corporelle Hydratante 200 ml - Districos Webshop","og_description":"Lotion corporelle agr\u00e9ablement fruit\u00e9e et hydratante \u00e0 base d\u2019huiles de graines de chanvre et de coco. La lotion nourrit la peau pendant 12 heures, prot\u00e8ge la peau de radicaux libres et lutte contre les signes de vieillissement pr\u00e9matur\u00e9. Aussi id\u00e9ale apr\u00e8s le bronzage pour nourrir la peau et maintenir plus longtemps le teint bronz\u00e9 gr\u00e2ce [&hellip;]","og_url":"https:\/\/districos.standingout.be\/fr\/product\/bio-balance-lotion-corporelle-hydratante-200-ml-ref-7068-25\/","og_site_name":"Districos Webshop","article_modified_time":"2026-04-28T07:45:57+00:00","twitter_card":"summary_large_image","twitter_misc":{"Dur\u00e9e de lecture estim\u00e9e":"1 minute"},"schema":{"@context":"https:\/\/schema.org","@graph":[{"@type":"WebPage","@id":"https:\/\/districos.standingout.be\/fr\/product\/bio-balance-lotion-corporelle-hydratante-200-ml-ref-7068-25\/","url":"https:\/\/districos.standingout.be\/fr\/product\/bio-balance-lotion-corporelle-hydratante-200-ml-ref-7068-25\/","name":"Bio Balance Lotion Corporelle Hydratante 200 ml - Districos Webshop","isPartOf":{"@id":"https:\/\/districos.standingout.be\/fr\/#website"},"primaryImageOfPage":{"@id":"https:\/\/districos.standingout.be\/fr\/product\/bio-balance-lotion-corporelle-hydratante-200-ml-ref-7068-25\/#primaryimage"},"image":{"@id":"https:\/\/districos.standingout.be\/fr\/product\/bio-balance-lotion-corporelle-hydratante-200-ml-ref-7068-25\/#primaryimage"},"thumbnailUrl":"https:\/\/districos.standingout.be\/wp-content\/uploads\/2026\/04\/7068.25@Moisturizing-Body-Lotion-200ml_1-1.png","datePublished":"2026-04-28T07:45:50+00:00","dateModified":"2026-04-28T07:45:57+00:00","breadcrumb":{"@id":"https:\/\/districos.standingout.be\/fr\/product\/bio-balance-lotion-corporelle-hydratante-200-ml-ref-7068-25\/#breadcrumb"},"inLanguage":"fr-FR","potentialAction":[{"@type":"ReadAction","target":["https:\/\/districos.standingout.be\/fr\/product\/bio-balance-lotion-corporelle-hydratante-200-ml-ref-7068-25\/"]}]},{"@type":"ImageObject","inLanguage":"fr-FR","@id":"https:\/\/districos.standingout.be\/fr\/product\/bio-balance-lotion-corporelle-hydratante-200-ml-ref-7068-25\/#primaryimage","url":"https:\/\/districos.standingout.be\/wp-content\/uploads\/2026\/04\/7068.25@Moisturizing-Body-Lotion-200ml_1-1.png","contentUrl":"https:\/\/districos.standingout.be\/wp-content\/uploads\/2026\/04\/7068.25@Moisturizing-Body-Lotion-200ml_1-1.png","width":600,"height":600},{"@type":"BreadcrumbList","@id":"https:\/\/districos.standingout.be\/fr\/product\/bio-balance-lotion-corporelle-hydratante-200-ml-ref-7068-25\/#breadcrumb","itemListElement":[{"@type":"ListItem","position":1,"name":"Home","item":"https:\/\/districos.standingout.be\/fr\/bienvenue-chez-districos\/"},{"@type":"ListItem","position":2,"name":"Boutique","item":"https:\/\/districos.standingout.be\/fr\/boutique\/"},{"@type":"ListItem","position":3,"name":"Bio Balance Lotion Corporelle Hydratante 200 ml"}]},{"@type":"WebSite","@id":"https:\/\/districos.standingout.be\/fr\/#website","url":"https:\/\/districos.standingout.be\/fr\/","name":"Districos Webshop","description":"","publisher":{"@id":"https:\/\/districos.standingout.be\/fr\/#organization"},"potentialAction":[{"@type":"SearchAction","target":{"@type":"EntryPoint","urlTemplate":"https:\/\/districos.standingout.be\/fr\/?s={search_term_string}"},"query-input":{"@type":"PropertyValueSpecification","valueRequired":true,"valueName":"search_term_string"}}],"inLanguage":"fr-FR"},{"@type":"Organization","@id":"https:\/\/districos.standingout.be\/fr\/#organization","name":"Districos Webshop","url":"https:\/\/districos.standingout.be\/fr\/","logo":{"@type":"ImageObject","inLanguage":"fr-FR","@id":"https:\/\/districos.standingout.be\/fr\/#\/schema\/logo\/image\/","url":"https:\/\/districos.standingout.be\/wp-content\/uploads\/2022\/09\/Districos_Logo_Webshop.svg","contentUrl":"https:\/\/districos.standingout.be\/wp-content\/uploads\/2022\/09\/Districos_Logo_Webshop.svg","caption":"Districos Webshop"},"image":{"@id":"https:\/\/districos.standingout.be\/fr\/#\/schema\/logo\/image\/"}}]}},"_links":{"self":[{"href":"https:\/\/districos.standingout.be\/fr\/wp-json\/wp\/v2\/product\/137077","targetHints":{"allow":["GET"]}}],"collection":[{"href":"https:\/\/districos.standingout.be\/fr\/wp-json\/wp\/v2\/product"}],"about":[{"href":"https:\/\/districos.standingout.be\/fr\/wp-json\/wp\/v2\/types\/product"}],"replies":[{"embeddable":true,"href":"https:\/\/districos.standingout.be\/fr\/wp-json\/wp\/v2\/comments?post=137077"}],"wp:featuredmedia":[{"embeddable":true,"href":"https:\/\/districos.standingout.be\/fr\/wp-json\/wp\/v2\/media\/147349"}],"wp:attachment":[{"href":"https:\/\/districos.standingout.be\/fr\/wp-json\/wp\/v2\/media?parent=137077"}],"wp:term":[{"taxonomy":"product_brand","embeddable":true,"href":"https:\/\/districos.standingout.be\/fr\/wp-json\/wp\/v2\/product_brand?post=137077"},{"taxonomy":"product_cat","embeddable":true,"href":"https:\/\/districos.standingout.be\/fr\/wp-json\/wp\/v2\/product_cat?post=137077"},{"taxonomy":"product_tag","embeddable":true,"href":"https:\/\/districos.standingout.be\/fr\/wp-json\/wp\/v2\/product_tag?post=137077"}],"curies":[{"name":"wp","href":"https:\/\/api.w.org\/{rel}","templated":true}]}}