{"id":137079,"date":"2026-04-28T09:45:57","date_gmt":"2026-04-28T07:45:57","guid":{"rendered":"https:\/\/webshopdistricoscom.webhosting.be\/product\/bio-balance-kit-dessai-enveloppement-algues-sans-douche-ref-7069-02\/"},"modified":"2026-04-28T09:46:06","modified_gmt":"2026-04-28T07:46:06","slug":"bio-balance-kit-dessai-enveloppement-algues-sans-douche-ref-7069-02","status":"publish","type":"product","link":"https:\/\/districos.standingout.be\/fr\/product\/bio-balance-kit-dessai-enveloppement-algues-sans-douche-ref-7069-02\/","title":{"rendered":"Bio Balance Kit d&rsquo;Essai Enveloppement Algues (sans douche)"},"content":{"rendered":"<p >\n<\/p>\n<\/p>\n<\/p>\n<p dir=\"ltr\">Pas de douche ? Aucun probl\u00e8me ! Ce kit d\u2019essai se pr\u00eate excellemment pour 10 traitements complets avec l&rsquo;Algae Body Pack Gel et il est disponible \u00e0 un prix int\u00e9ressant. L&rsquo;Algae Body Pack Gel est facile \u00e0 enlever sans douche. Gr\u00e2ce \u00e0 sa texture gel, votre client(e) pourra se relaxer sur la table de soins durant tout le traitement. Selon le gel, le lait, la cr\u00e8me ou le s\u00e9rum compl\u00e9mentaire que vous appliquez, vous pouvez offrir une multitude de traitements a votre client\u00e8le.<br \/><b> Contenu<\/b><\/p>\n<ul>\n<li><span lang=\"EN-US\">2 x Algae Body Pack Gel 500 ml<\/span><\/li>\n<li><span lang=\"EN-US\">1 x Easy Body Peeling 200 ml<\/span><\/li>\n<li><span lang=\"EN-US\">1 x Gel Amincissant Thermoactif 200 ml<\/span><\/li>\n<li><span lang=\"EN-US\">1 x Cr\u00e8me Amincissante &amp; Drainante 200 ml<\/span><\/li>\n<li><span lang=\"EN-US\">1 x Cr\u00e8me Raffermissante Buste &amp; Corps 200 ml<\/span><\/li>\n<li><span lang=\"EN-US\">1 x Gel Rafra\u00eechissant Jambes Lourdes 200 ml<\/span><\/li>\n<li><span lang=\"EN-US\">1 x Lotion Corporelle Hydratante 200 ml<\/span><\/li>\n<li><span lang=\"EN-US\">1 x Titania Terry\/Chanvre Gant de Massage<\/span><\/li>\n<li><span lang=\"NL\">25 x Drap d&rsquo;Enveloppement Plastique Rouleau 200&#215;170 cm<\/span><\/li>\n<\/ul>\n<div><b><span id=\"_cursorpos\" color=\"\"><\/span>Sch\u00e9ma de travail:<\/b><\/div>\n<div>\n<ol dir=\"ltr\">\n<li>Branhez la couverture chauffante (<a href=\"https:\/\/webshop.districos.com\/ProductDetail\/8386.03\" target=\"_blank\" rel=\"noopener noreferrer nofollow\">r\u00e9f. 8386.03<\/a>). Dosez votre enveloppement gel (+\/- 100 ml) et maintenez-le au chaud au bain-marie. Gommez les jambes repli\u00e9es avec l&rsquo;Easy Body Peeling ou effectuez un peeling au sels marin (<a href=\"https:\/\/webshop.districos.com\/search?SearchText=scrubbing\" target=\"_blank\" rel=\"noopener noreferrer nofollow\">voir ici<\/a>). Essuyez les granules dans un petit bac.<\/li>\n<li>Gommez la fesse gauche et essuyez les granules. Ne tournez pas votre client(e), mais pliez une des jambes \u00e0 l&rsquo;autre. R\u00e9p\u00e9tez la m\u00eame proc\u00e9dure sur la fesse droite, \u00e0 nouveau une jambe repli\u00e9e sur l&rsquo;autre.<\/li>\n<li>Gommez successivement :<br \/>&#8211; Les deux avant-bras et bras sup\u00e9rieurs<br \/>&#8211; Le ventre<br \/>&#8211; La poitrine<br \/>Enlevez \u00e0 chaque fois, apr\u00e8s avoir gomm\u00e9 une zone, les granules d\u00e9tach\u00e9es avec un gant de massage. Essuyez-les et placez-les dans un bac.<\/li>\n<li>Relevez votre client(e), gommez le dos et essuyez les granules. Puis, appliquez une couche du gel aux algues sur le dos. Laissez votre client(e) se rallonger sur la couverture chauffante.<\/li>\n<li>Appliquez une couche d&rsquo;Algae Body Pack Gel chaud sur :<br \/>&#8211; les jambes repli\u00e9es : refermez instantan\u00e9ment le drap en plastique;<br \/>&#8211; les bras : enveloppez-les directement du film en plastique;<br \/>&#8211; le ventre et la poitrine : refermez compl\u00e8tement le drap protecteur en plastique.<\/li>\n<li>Nettoyez vos mains et recouvrez votre client(e) de la couverture chauffante. Lib\u00e9rez \u00e9ventuellement les bras envelopp\u00e9s de la couverture chauffante. Laissez votre client(e) se relaxer pendant 20 \u00e0 30 minutes sous de la lumi\u00e8re tamis\u00e9e et avec de la musique douce.<\/li>\n<li>Ouvrez la couverture chauffante. Nettoyez les jambes repli\u00e9es, d&rsquo;abord avec un gant de massage chaud et humide, ensuite avec un gant sec. Enlevez le drap en plastique des jambes.<\/li>\n<li>Nettoyez la fesse gauche et droite. Puis, enlevez \u00e9galement \u00e0 cet endroit le drap en plastique. Traversez zone par zone : les bras, le ventre et la poitrine. Redressez ensuite votre client(e) pour que vous puissiez nettoyer le dos et enlevez enfin le drap en plastique compl\u00e8tement.<\/li>\n<li>Terminez votre soin par un effleurage relaxant d&rsquo;une dizaine de minutes avec les produits de Bio Balance appropi\u00e9s (<a href=\"https:\/\/webshop.districos.com\/search?SearchText=7068.2\" target=\"_blank\" rel=\"noopener noreferrer nofollow\">voir ici<\/a>). Pour des massages extensifs, utilisez une des huiles de massage de Bio Balance (<a href=\"https:\/\/webshop.districos.com\/search?SearchText=7517.0\" target=\"_blank\" rel=\"noopener noreferrer nofollow\">voir ici<\/a>). Couvrez toujours les parties corporelles non trait\u00e9es, en utilisant par example un drap de massage fendu (<a href=\"https:\/\/webshop.districos.com\/ProductDetail\/8615.35G\" target=\"_blank\" rel=\"noopener noreferrer nofollow\">r\u00e9f. 8615.35G<\/a>), pour que votre client(e) ne se refroidisse pas.<\/li>\n<\/ol>\n<\/div>\n<div><\/div><\/p>\n","protected":false},"excerpt":{"rendered":"<p>Pas de douche ? Aucun probl\u00e8me ! Ce kit d\u2019essai se pr\u00eate excellemment pour 10 traitements complets avec l&rsquo;Algae Body Pack Gel et il est disponible \u00e0 un prix int\u00e9ressant. L&rsquo;Algae Body Pack Gel est facile \u00e0 enlever sans douche. Gr\u00e2ce \u00e0 sa texture gel, votre client(e) pourra se relaxer sur la table de soins [&hellip;]<\/p>\n","protected":false},"featured_media":77708,"comment_status":"open","ping_status":"closed","template":"","meta":{"_acf_changed":false},"product_brand":[10302],"product_cat":[9868],"product_tag":[],"class_list":{"0":"post-137079","1":"product","2":"type-product","3":"status-publish","4":"has-post-thumbnail","6":"product_brand-bb-lichaam-fr","7":"product_cat-beaute-corps-soins-du-corps","9":"first","10":"instock","11":"taxable","12":"shipping-taxable","13":"product-type-simple"},"acf":[],"yoast_head":"<!-- This site is optimized with the Yoast SEO plugin v27.3 - https:\/\/yoast.com\/product\/yoast-seo-wordpress\/ -->\n<title>Bio Balance Kit d&#039;Essai Enveloppement Algues (sans douche) - Districos Webshop<\/title>\n<meta name=\"robots\" content=\"noindex, follow, max-snippet:-1, max-image-preview:large, max-video-preview:-1\" \/>\n<meta property=\"og:locale\" content=\"fr_FR\" \/>\n<meta property=\"og:type\" content=\"article\" \/>\n<meta property=\"og:title\" content=\"Bio Balance Kit d&#039;Essai Enveloppement Algues (sans douche) - Districos Webshop\" \/>\n<meta property=\"og:description\" content=\"Pas de douche ? Aucun probl\u00e8me ! Ce kit d\u2019essai se pr\u00eate excellemment pour 10 traitements complets avec l&rsquo;Algae Body Pack Gel et il est disponible \u00e0 un prix int\u00e9ressant. L&rsquo;Algae Body Pack Gel est facile \u00e0 enlever sans douche. Gr\u00e2ce \u00e0 sa texture gel, votre client(e) pourra se relaxer sur la table de soins [&hellip;]\" \/>\n<meta property=\"og:url\" content=\"https:\/\/districos.standingout.be\/fr\/product\/bio-balance-kit-dessai-enveloppement-algues-sans-douche-ref-7069-02\/\" \/>\n<meta property=\"og:site_name\" content=\"Districos Webshop\" \/>\n<meta property=\"article:modified_time\" content=\"2026-04-28T07:46:06+00:00\" \/>\n<meta name=\"twitter:card\" content=\"summary_large_image\" \/>\n<meta name=\"twitter:label1\" content=\"Dur\u00e9e de lecture estim\u00e9e\" \/>\n\t<meta name=\"twitter:data1\" content=\"3 minutes\" \/>\n<script type=\"application\/ld+json\" class=\"yoast-schema-graph\">{\"@context\":\"https:\\\/\\\/schema.org\",\"@graph\":[{\"@type\":\"WebPage\",\"@id\":\"https:\\\/\\\/districos.standingout.be\\\/fr\\\/product\\\/bio-balance-kit-dessai-enveloppement-algues-sans-douche-ref-7069-02\\\/\",\"url\":\"https:\\\/\\\/districos.standingout.be\\\/fr\\\/product\\\/bio-balance-kit-dessai-enveloppement-algues-sans-douche-ref-7069-02\\\/\",\"name\":\"Bio Balance Kit d'Essai Enveloppement Algues (sans douche) - Districos Webshop\",\"isPartOf\":{\"@id\":\"https:\\\/\\\/districos.standingout.be\\\/fr\\\/#website\"},\"primaryImageOfPage\":{\"@id\":\"https:\\\/\\\/districos.standingout.be\\\/fr\\\/product\\\/bio-balance-kit-dessai-enveloppement-algues-sans-douche-ref-7069-02\\\/#primaryimage\"},\"image\":{\"@id\":\"https:\\\/\\\/districos.standingout.be\\\/fr\\\/product\\\/bio-balance-kit-dessai-enveloppement-algues-sans-douche-ref-7069-02\\\/#primaryimage\"},\"thumbnailUrl\":\"https:\\\/\\\/districos.standingout.be\\\/wp-content\\\/uploads\\\/2025\\\/07\\\/7069.02@LowRes_1_0.png\",\"datePublished\":\"2026-04-28T07:45:57+00:00\",\"dateModified\":\"2026-04-28T07:46:06+00:00\",\"breadcrumb\":{\"@id\":\"https:\\\/\\\/districos.standingout.be\\\/fr\\\/product\\\/bio-balance-kit-dessai-enveloppement-algues-sans-douche-ref-7069-02\\\/#breadcrumb\"},\"inLanguage\":\"fr-FR\",\"potentialAction\":[{\"@type\":\"ReadAction\",\"target\":[\"https:\\\/\\\/districos.standingout.be\\\/fr\\\/product\\\/bio-balance-kit-dessai-enveloppement-algues-sans-douche-ref-7069-02\\\/\"]}]},{\"@type\":\"ImageObject\",\"inLanguage\":\"fr-FR\",\"@id\":\"https:\\\/\\\/districos.standingout.be\\\/fr\\\/product\\\/bio-balance-kit-dessai-enveloppement-algues-sans-douche-ref-7069-02\\\/#primaryimage\",\"url\":\"https:\\\/\\\/districos.standingout.be\\\/wp-content\\\/uploads\\\/2025\\\/07\\\/7069.02@LowRes_1_0.png\",\"contentUrl\":\"https:\\\/\\\/districos.standingout.be\\\/wp-content\\\/uploads\\\/2025\\\/07\\\/7069.02@LowRes_1_0.png\",\"width\":600,\"height\":600},{\"@type\":\"BreadcrumbList\",\"@id\":\"https:\\\/\\\/districos.standingout.be\\\/fr\\\/product\\\/bio-balance-kit-dessai-enveloppement-algues-sans-douche-ref-7069-02\\\/#breadcrumb\",\"itemListElement\":[{\"@type\":\"ListItem\",\"position\":1,\"name\":\"Home\",\"item\":\"https:\\\/\\\/districos.standingout.be\\\/fr\\\/bienvenue-chez-districos\\\/\"},{\"@type\":\"ListItem\",\"position\":2,\"name\":\"Boutique\",\"item\":\"https:\\\/\\\/districos.standingout.be\\\/fr\\\/boutique\\\/\"},{\"@type\":\"ListItem\",\"position\":3,\"name\":\"Bio Balance Kit d&#8217;Essai Enveloppement Algues (sans douche)\"}]},{\"@type\":\"WebSite\",\"@id\":\"https:\\\/\\\/districos.standingout.be\\\/fr\\\/#website\",\"url\":\"https:\\\/\\\/districos.standingout.be\\\/fr\\\/\",\"name\":\"Districos Webshop\",\"description\":\"\",\"publisher\":{\"@id\":\"https:\\\/\\\/districos.standingout.be\\\/fr\\\/#organization\"},\"potentialAction\":[{\"@type\":\"SearchAction\",\"target\":{\"@type\":\"EntryPoint\",\"urlTemplate\":\"https:\\\/\\\/districos.standingout.be\\\/fr\\\/?s={search_term_string}\"},\"query-input\":{\"@type\":\"PropertyValueSpecification\",\"valueRequired\":true,\"valueName\":\"search_term_string\"}}],\"inLanguage\":\"fr-FR\"},{\"@type\":\"Organization\",\"@id\":\"https:\\\/\\\/districos.standingout.be\\\/fr\\\/#organization\",\"name\":\"Districos Webshop\",\"url\":\"https:\\\/\\\/districos.standingout.be\\\/fr\\\/\",\"logo\":{\"@type\":\"ImageObject\",\"inLanguage\":\"fr-FR\",\"@id\":\"https:\\\/\\\/districos.standingout.be\\\/fr\\\/#\\\/schema\\\/logo\\\/image\\\/\",\"url\":\"https:\\\/\\\/districos.standingout.be\\\/wp-content\\\/uploads\\\/2022\\\/09\\\/Districos_Logo_Webshop.svg\",\"contentUrl\":\"https:\\\/\\\/districos.standingout.be\\\/wp-content\\\/uploads\\\/2022\\\/09\\\/Districos_Logo_Webshop.svg\",\"caption\":\"Districos Webshop\"},\"image\":{\"@id\":\"https:\\\/\\\/districos.standingout.be\\\/fr\\\/#\\\/schema\\\/logo\\\/image\\\/\"}}]}<\/script>\n<!-- \/ Yoast SEO plugin. -->","yoast_head_json":{"title":"Bio Balance Kit d'Essai Enveloppement Algues (sans douche) - Districos Webshop","robots":{"index":"noindex","follow":"follow","max-snippet":"max-snippet:-1","max-image-preview":"max-image-preview:large","max-video-preview":"max-video-preview:-1"},"og_locale":"fr_FR","og_type":"article","og_title":"Bio Balance Kit d'Essai Enveloppement Algues (sans douche) - Districos Webshop","og_description":"Pas de douche ? Aucun probl\u00e8me ! Ce kit d\u2019essai se pr\u00eate excellemment pour 10 traitements complets avec l&rsquo;Algae Body Pack Gel et il est disponible \u00e0 un prix int\u00e9ressant. L&rsquo;Algae Body Pack Gel est facile \u00e0 enlever sans douche. Gr\u00e2ce \u00e0 sa texture gel, votre client(e) pourra se relaxer sur la table de soins [&hellip;]","og_url":"https:\/\/districos.standingout.be\/fr\/product\/bio-balance-kit-dessai-enveloppement-algues-sans-douche-ref-7069-02\/","og_site_name":"Districos Webshop","article_modified_time":"2026-04-28T07:46:06+00:00","twitter_card":"summary_large_image","twitter_misc":{"Dur\u00e9e de lecture estim\u00e9e":"3 minutes"},"schema":{"@context":"https:\/\/schema.org","@graph":[{"@type":"WebPage","@id":"https:\/\/districos.standingout.be\/fr\/product\/bio-balance-kit-dessai-enveloppement-algues-sans-douche-ref-7069-02\/","url":"https:\/\/districos.standingout.be\/fr\/product\/bio-balance-kit-dessai-enveloppement-algues-sans-douche-ref-7069-02\/","name":"Bio Balance Kit d'Essai Enveloppement Algues (sans douche) - Districos Webshop","isPartOf":{"@id":"https:\/\/districos.standingout.be\/fr\/#website"},"primaryImageOfPage":{"@id":"https:\/\/districos.standingout.be\/fr\/product\/bio-balance-kit-dessai-enveloppement-algues-sans-douche-ref-7069-02\/#primaryimage"},"image":{"@id":"https:\/\/districos.standingout.be\/fr\/product\/bio-balance-kit-dessai-enveloppement-algues-sans-douche-ref-7069-02\/#primaryimage"},"thumbnailUrl":"https:\/\/districos.standingout.be\/wp-content\/uploads\/2025\/07\/7069.02@LowRes_1_0.png","datePublished":"2026-04-28T07:45:57+00:00","dateModified":"2026-04-28T07:46:06+00:00","breadcrumb":{"@id":"https:\/\/districos.standingout.be\/fr\/product\/bio-balance-kit-dessai-enveloppement-algues-sans-douche-ref-7069-02\/#breadcrumb"},"inLanguage":"fr-FR","potentialAction":[{"@type":"ReadAction","target":["https:\/\/districos.standingout.be\/fr\/product\/bio-balance-kit-dessai-enveloppement-algues-sans-douche-ref-7069-02\/"]}]},{"@type":"ImageObject","inLanguage":"fr-FR","@id":"https:\/\/districos.standingout.be\/fr\/product\/bio-balance-kit-dessai-enveloppement-algues-sans-douche-ref-7069-02\/#primaryimage","url":"https:\/\/districos.standingout.be\/wp-content\/uploads\/2025\/07\/7069.02@LowRes_1_0.png","contentUrl":"https:\/\/districos.standingout.be\/wp-content\/uploads\/2025\/07\/7069.02@LowRes_1_0.png","width":600,"height":600},{"@type":"BreadcrumbList","@id":"https:\/\/districos.standingout.be\/fr\/product\/bio-balance-kit-dessai-enveloppement-algues-sans-douche-ref-7069-02\/#breadcrumb","itemListElement":[{"@type":"ListItem","position":1,"name":"Home","item":"https:\/\/districos.standingout.be\/fr\/bienvenue-chez-districos\/"},{"@type":"ListItem","position":2,"name":"Boutique","item":"https:\/\/districos.standingout.be\/fr\/boutique\/"},{"@type":"ListItem","position":3,"name":"Bio Balance Kit d&#8217;Essai Enveloppement Algues (sans douche)"}]},{"@type":"WebSite","@id":"https:\/\/districos.standingout.be\/fr\/#website","url":"https:\/\/districos.standingout.be\/fr\/","name":"Districos Webshop","description":"","publisher":{"@id":"https:\/\/districos.standingout.be\/fr\/#organization"},"potentialAction":[{"@type":"SearchAction","target":{"@type":"EntryPoint","urlTemplate":"https:\/\/districos.standingout.be\/fr\/?s={search_term_string}"},"query-input":{"@type":"PropertyValueSpecification","valueRequired":true,"valueName":"search_term_string"}}],"inLanguage":"fr-FR"},{"@type":"Organization","@id":"https:\/\/districos.standingout.be\/fr\/#organization","name":"Districos Webshop","url":"https:\/\/districos.standingout.be\/fr\/","logo":{"@type":"ImageObject","inLanguage":"fr-FR","@id":"https:\/\/districos.standingout.be\/fr\/#\/schema\/logo\/image\/","url":"https:\/\/districos.standingout.be\/wp-content\/uploads\/2022\/09\/Districos_Logo_Webshop.svg","contentUrl":"https:\/\/districos.standingout.be\/wp-content\/uploads\/2022\/09\/Districos_Logo_Webshop.svg","caption":"Districos Webshop"},"image":{"@id":"https:\/\/districos.standingout.be\/fr\/#\/schema\/logo\/image\/"}}]}},"_links":{"self":[{"href":"https:\/\/districos.standingout.be\/fr\/wp-json\/wp\/v2\/product\/137079","targetHints":{"allow":["GET"]}}],"collection":[{"href":"https:\/\/districos.standingout.be\/fr\/wp-json\/wp\/v2\/product"}],"about":[{"href":"https:\/\/districos.standingout.be\/fr\/wp-json\/wp\/v2\/types\/product"}],"replies":[{"embeddable":true,"href":"https:\/\/districos.standingout.be\/fr\/wp-json\/wp\/v2\/comments?post=137079"}],"wp:featuredmedia":[{"embeddable":true,"href":"https:\/\/districos.standingout.be\/fr\/wp-json\/wp\/v2\/media\/77708"}],"wp:attachment":[{"href":"https:\/\/districos.standingout.be\/fr\/wp-json\/wp\/v2\/media?parent=137079"}],"wp:term":[{"taxonomy":"product_brand","embeddable":true,"href":"https:\/\/districos.standingout.be\/fr\/wp-json\/wp\/v2\/product_brand?post=137079"},{"taxonomy":"product_cat","embeddable":true,"href":"https:\/\/districos.standingout.be\/fr\/wp-json\/wp\/v2\/product_cat?post=137079"},{"taxonomy":"product_tag","embeddable":true,"href":"https:\/\/districos.standingout.be\/fr\/wp-json\/wp\/v2\/product_tag?post=137079"}],"curies":[{"name":"wp","href":"https:\/\/api.w.org\/{rel}","templated":true}]}}