{"id":137081,"date":"2026-04-28T09:46:06","date_gmt":"2026-04-28T07:46:06","guid":{"rendered":"https:\/\/webshopdistricoscom.webhosting.be\/product\/bio-balance-kit-cryoslim-ref-7069-11\/"},"modified":"2026-04-28T09:46:14","modified_gmt":"2026-04-28T07:46:14","slug":"bio-balance-kit-cryoslim-ref-7069-11","status":"publish","type":"product","link":"https:\/\/districos.standingout.be\/fr\/product\/bio-balance-kit-cryoslim-ref-7069-11\/","title":{"rendered":"Bio Balance Kit Cryoslim"},"content":{"rendered":"<p >\n<\/p>\n<\/p>\n<p dir=\"ltr\"><font size=\"2\"><b>Enveloppement rafra\u00eechissant aux diverses applications<\/b><br \/> Cryoslim est le traitement par le froid ultime aux diff\u00e9rentes applications. C&rsquo;est un traitement tr\u00e8s efficace qui soulage les varices, la r\u00e9tention d\u2019eau et les jambes lourdes et gonfl\u00e9es. Le volume des varices se r\u00e9duit imm\u00e9diatement, les d\u00e9chets m\u00e9taboliques sont \u00e9limin\u00e9s et la circulation sanguine est favoris\u00e9e. De cette fa\u00e7on, les jambes sont soulag\u00e9es et d\u00e9gonfl\u00e9es. Utilisez le Cryoslim \u00e9galement pour les soins amincissants et la correction de la silhouette. Apr\u00e8s une cure en cabine, combin\u00e9e avec les soins \u00e0 domicile adapt\u00e9s, les centim\u00e8tres et la cellulite diminuent consid\u00e9rablement et la peau est visiblement raffermie.<\/font><\/p>\n<p dir=\"ltr\"><font size=\"2\"><\/font><\/p>\n<ul>\n<li><font size=\"2\">Id\u00e9al quand il fait chaud lorsque les enveloppements aux algues amincissants chauds sont d\u00e9sagr\u00e9ables pour votre client(e).<\/font><\/li>\n<li><font size=\"2\">Cette m\u00e9thode peut \u00eatre combin\u00e9e avec un traitement d\u2019\u00e9lectrostimulation ou la pressoth\u00e9rapie.<\/font><\/li>\n<\/ul>\n<p dir=\"ltr\"><font size=\"2\"><b><font face=\"Verdana\"> Contenu<\/font><\/b><\/font><\/p>\n<p><font size=\"2\"><\/font><\/p>\n<p dir=\"ltr\"><font size=\"2\"><\/font><\/p>\n<ul>\n<li><font size=\"2\"><span lang=\"EN-US\">2 x Cryo Lotion 500 ml<\/span><\/font><\/li>\n<li><font size=\"2\"><span lang=\"EN-US\">3 x Gel Rafra\u00eechissant Jambes Lourdes 200 ml<\/span><\/font><\/li>\n<li><font size=\"2\"><span lang=\"NL\">1 x Tubiforme Abdomen Medium<\/span><\/font><\/li>\n<li><font size=\"2\"><span lang=\"NL\">1 x Tubiforme Jambes Small 1 paire<\/span><\/font><\/li>\n<li><font size=\"2\"><span lang=\"NL\">1 x Tubiforme Jambes Medium 1 paire<\/span><\/font><\/li>\n<li><font size=\"2\"><span lang=\"NL\">1 x Tubiforme Jambes Large 1 paire<\/span><\/font><\/li>\n<li><font size=\"2\"><span lang=\"NL\">1 x Easy Body Peeling 200 ml<\/span><\/font><\/li>\n<li><font size=\"2\"><span>1 x&nbsp;<\/span><\/font>Titania Terry\/Chanvre Gant de Massage<\/li>\n<li><font size=\"2\"><span lang=\"NL\">25 x Drap d&rsquo;Enveloppement Plastique Rouleau 200&#215;170 cm<\/span><\/font><\/li>\n<\/ul><\/p>\n","protected":false},"excerpt":{"rendered":"<p>Enveloppement rafra\u00eechissant aux diverses applications Cryoslim est le traitement par le froid ultime aux diff\u00e9rentes applications. C&rsquo;est un traitement tr\u00e8s efficace qui soulage les varices, la r\u00e9tention d\u2019eau et les jambes lourdes et gonfl\u00e9es. Le volume des varices se r\u00e9duit imm\u00e9diatement, les d\u00e9chets m\u00e9taboliques sont \u00e9limin\u00e9s et la circulation sanguine est favoris\u00e9e. De cette fa\u00e7on, [&hellip;]<\/p>\n","protected":false},"featured_media":77711,"comment_status":"open","ping_status":"closed","template":"","meta":{"_acf_changed":false},"product_brand":[10302],"product_cat":[9868],"product_tag":[],"class_list":{"0":"post-137081","1":"product","2":"type-product","3":"status-publish","4":"has-post-thumbnail","6":"product_brand-bb-lichaam-fr","7":"product_cat-beaute-corps-soins-du-corps","9":"first","10":"instock","11":"taxable","12":"shipping-taxable","13":"product-type-simple"},"acf":[],"yoast_head":"<!-- This site is optimized with the Yoast SEO plugin v27.3 - https:\/\/yoast.com\/product\/yoast-seo-wordpress\/ -->\n<title>Bio Balance Kit Cryoslim - Districos Webshop<\/title>\n<meta name=\"robots\" content=\"noindex, follow, max-snippet:-1, max-image-preview:large, max-video-preview:-1\" \/>\n<meta property=\"og:locale\" content=\"fr_FR\" \/>\n<meta property=\"og:type\" content=\"article\" \/>\n<meta property=\"og:title\" content=\"Bio Balance Kit Cryoslim - Districos Webshop\" \/>\n<meta property=\"og:description\" content=\"Enveloppement rafra\u00eechissant aux diverses applications Cryoslim est le traitement par le froid ultime aux diff\u00e9rentes applications. C&rsquo;est un traitement tr\u00e8s efficace qui soulage les varices, la r\u00e9tention d\u2019eau et les jambes lourdes et gonfl\u00e9es. Le volume des varices se r\u00e9duit imm\u00e9diatement, les d\u00e9chets m\u00e9taboliques sont \u00e9limin\u00e9s et la circulation sanguine est favoris\u00e9e. De cette fa\u00e7on, [&hellip;]\" \/>\n<meta property=\"og:url\" content=\"https:\/\/districos.standingout.be\/fr\/product\/bio-balance-kit-cryoslim-ref-7069-11\/\" \/>\n<meta property=\"og:site_name\" content=\"Districos Webshop\" \/>\n<meta property=\"article:modified_time\" content=\"2026-04-28T07:46:14+00:00\" \/>\n<meta name=\"twitter:card\" content=\"summary_large_image\" \/>\n<meta name=\"twitter:label1\" content=\"Dur\u00e9e de lecture estim\u00e9e\" \/>\n\t<meta name=\"twitter:data1\" content=\"1 minute\" \/>\n<script type=\"application\/ld+json\" class=\"yoast-schema-graph\">{\"@context\":\"https:\\\/\\\/schema.org\",\"@graph\":[{\"@type\":\"WebPage\",\"@id\":\"https:\\\/\\\/districos.standingout.be\\\/fr\\\/product\\\/bio-balance-kit-cryoslim-ref-7069-11\\\/\",\"url\":\"https:\\\/\\\/districos.standingout.be\\\/fr\\\/product\\\/bio-balance-kit-cryoslim-ref-7069-11\\\/\",\"name\":\"Bio Balance Kit Cryoslim - Districos Webshop\",\"isPartOf\":{\"@id\":\"https:\\\/\\\/districos.standingout.be\\\/fr\\\/#website\"},\"primaryImageOfPage\":{\"@id\":\"https:\\\/\\\/districos.standingout.be\\\/fr\\\/product\\\/bio-balance-kit-cryoslim-ref-7069-11\\\/#primaryimage\"},\"image\":{\"@id\":\"https:\\\/\\\/districos.standingout.be\\\/fr\\\/product\\\/bio-balance-kit-cryoslim-ref-7069-11\\\/#primaryimage\"},\"thumbnailUrl\":\"https:\\\/\\\/districos.standingout.be\\\/wp-content\\\/uploads\\\/2025\\\/07\\\/7069.11@LowRes_0_99.png\",\"datePublished\":\"2026-04-28T07:46:06+00:00\",\"dateModified\":\"2026-04-28T07:46:14+00:00\",\"breadcrumb\":{\"@id\":\"https:\\\/\\\/districos.standingout.be\\\/fr\\\/product\\\/bio-balance-kit-cryoslim-ref-7069-11\\\/#breadcrumb\"},\"inLanguage\":\"fr-FR\",\"potentialAction\":[{\"@type\":\"ReadAction\",\"target\":[\"https:\\\/\\\/districos.standingout.be\\\/fr\\\/product\\\/bio-balance-kit-cryoslim-ref-7069-11\\\/\"]}]},{\"@type\":\"ImageObject\",\"inLanguage\":\"fr-FR\",\"@id\":\"https:\\\/\\\/districos.standingout.be\\\/fr\\\/product\\\/bio-balance-kit-cryoslim-ref-7069-11\\\/#primaryimage\",\"url\":\"https:\\\/\\\/districos.standingout.be\\\/wp-content\\\/uploads\\\/2025\\\/07\\\/7069.11@LowRes_0_99.png\",\"contentUrl\":\"https:\\\/\\\/districos.standingout.be\\\/wp-content\\\/uploads\\\/2025\\\/07\\\/7069.11@LowRes_0_99.png\",\"width\":600,\"height\":600},{\"@type\":\"BreadcrumbList\",\"@id\":\"https:\\\/\\\/districos.standingout.be\\\/fr\\\/product\\\/bio-balance-kit-cryoslim-ref-7069-11\\\/#breadcrumb\",\"itemListElement\":[{\"@type\":\"ListItem\",\"position\":1,\"name\":\"Home\",\"item\":\"https:\\\/\\\/districos.standingout.be\\\/fr\\\/bienvenue-chez-districos\\\/\"},{\"@type\":\"ListItem\",\"position\":2,\"name\":\"Boutique\",\"item\":\"https:\\\/\\\/districos.standingout.be\\\/fr\\\/boutique\\\/\"},{\"@type\":\"ListItem\",\"position\":3,\"name\":\"Bio Balance Kit Cryoslim\"}]},{\"@type\":\"WebSite\",\"@id\":\"https:\\\/\\\/districos.standingout.be\\\/fr\\\/#website\",\"url\":\"https:\\\/\\\/districos.standingout.be\\\/fr\\\/\",\"name\":\"Districos Webshop\",\"description\":\"\",\"publisher\":{\"@id\":\"https:\\\/\\\/districos.standingout.be\\\/fr\\\/#organization\"},\"potentialAction\":[{\"@type\":\"SearchAction\",\"target\":{\"@type\":\"EntryPoint\",\"urlTemplate\":\"https:\\\/\\\/districos.standingout.be\\\/fr\\\/?s={search_term_string}\"},\"query-input\":{\"@type\":\"PropertyValueSpecification\",\"valueRequired\":true,\"valueName\":\"search_term_string\"}}],\"inLanguage\":\"fr-FR\"},{\"@type\":\"Organization\",\"@id\":\"https:\\\/\\\/districos.standingout.be\\\/fr\\\/#organization\",\"name\":\"Districos Webshop\",\"url\":\"https:\\\/\\\/districos.standingout.be\\\/fr\\\/\",\"logo\":{\"@type\":\"ImageObject\",\"inLanguage\":\"fr-FR\",\"@id\":\"https:\\\/\\\/districos.standingout.be\\\/fr\\\/#\\\/schema\\\/logo\\\/image\\\/\",\"url\":\"https:\\\/\\\/districos.standingout.be\\\/wp-content\\\/uploads\\\/2022\\\/09\\\/Districos_Logo_Webshop.svg\",\"contentUrl\":\"https:\\\/\\\/districos.standingout.be\\\/wp-content\\\/uploads\\\/2022\\\/09\\\/Districos_Logo_Webshop.svg\",\"caption\":\"Districos Webshop\"},\"image\":{\"@id\":\"https:\\\/\\\/districos.standingout.be\\\/fr\\\/#\\\/schema\\\/logo\\\/image\\\/\"}}]}<\/script>\n<!-- \/ Yoast SEO plugin. -->","yoast_head_json":{"title":"Bio Balance Kit Cryoslim - Districos Webshop","robots":{"index":"noindex","follow":"follow","max-snippet":"max-snippet:-1","max-image-preview":"max-image-preview:large","max-video-preview":"max-video-preview:-1"},"og_locale":"fr_FR","og_type":"article","og_title":"Bio Balance Kit Cryoslim - Districos Webshop","og_description":"Enveloppement rafra\u00eechissant aux diverses applications Cryoslim est le traitement par le froid ultime aux diff\u00e9rentes applications. C&rsquo;est un traitement tr\u00e8s efficace qui soulage les varices, la r\u00e9tention d\u2019eau et les jambes lourdes et gonfl\u00e9es. Le volume des varices se r\u00e9duit imm\u00e9diatement, les d\u00e9chets m\u00e9taboliques sont \u00e9limin\u00e9s et la circulation sanguine est favoris\u00e9e. De cette fa\u00e7on, [&hellip;]","og_url":"https:\/\/districos.standingout.be\/fr\/product\/bio-balance-kit-cryoslim-ref-7069-11\/","og_site_name":"Districos Webshop","article_modified_time":"2026-04-28T07:46:14+00:00","twitter_card":"summary_large_image","twitter_misc":{"Dur\u00e9e de lecture estim\u00e9e":"1 minute"},"schema":{"@context":"https:\/\/schema.org","@graph":[{"@type":"WebPage","@id":"https:\/\/districos.standingout.be\/fr\/product\/bio-balance-kit-cryoslim-ref-7069-11\/","url":"https:\/\/districos.standingout.be\/fr\/product\/bio-balance-kit-cryoslim-ref-7069-11\/","name":"Bio Balance Kit Cryoslim - Districos Webshop","isPartOf":{"@id":"https:\/\/districos.standingout.be\/fr\/#website"},"primaryImageOfPage":{"@id":"https:\/\/districos.standingout.be\/fr\/product\/bio-balance-kit-cryoslim-ref-7069-11\/#primaryimage"},"image":{"@id":"https:\/\/districos.standingout.be\/fr\/product\/bio-balance-kit-cryoslim-ref-7069-11\/#primaryimage"},"thumbnailUrl":"https:\/\/districos.standingout.be\/wp-content\/uploads\/2025\/07\/7069.11@LowRes_0_99.png","datePublished":"2026-04-28T07:46:06+00:00","dateModified":"2026-04-28T07:46:14+00:00","breadcrumb":{"@id":"https:\/\/districos.standingout.be\/fr\/product\/bio-balance-kit-cryoslim-ref-7069-11\/#breadcrumb"},"inLanguage":"fr-FR","potentialAction":[{"@type":"ReadAction","target":["https:\/\/districos.standingout.be\/fr\/product\/bio-balance-kit-cryoslim-ref-7069-11\/"]}]},{"@type":"ImageObject","inLanguage":"fr-FR","@id":"https:\/\/districos.standingout.be\/fr\/product\/bio-balance-kit-cryoslim-ref-7069-11\/#primaryimage","url":"https:\/\/districos.standingout.be\/wp-content\/uploads\/2025\/07\/7069.11@LowRes_0_99.png","contentUrl":"https:\/\/districos.standingout.be\/wp-content\/uploads\/2025\/07\/7069.11@LowRes_0_99.png","width":600,"height":600},{"@type":"BreadcrumbList","@id":"https:\/\/districos.standingout.be\/fr\/product\/bio-balance-kit-cryoslim-ref-7069-11\/#breadcrumb","itemListElement":[{"@type":"ListItem","position":1,"name":"Home","item":"https:\/\/districos.standingout.be\/fr\/bienvenue-chez-districos\/"},{"@type":"ListItem","position":2,"name":"Boutique","item":"https:\/\/districos.standingout.be\/fr\/boutique\/"},{"@type":"ListItem","position":3,"name":"Bio Balance Kit Cryoslim"}]},{"@type":"WebSite","@id":"https:\/\/districos.standingout.be\/fr\/#website","url":"https:\/\/districos.standingout.be\/fr\/","name":"Districos Webshop","description":"","publisher":{"@id":"https:\/\/districos.standingout.be\/fr\/#organization"},"potentialAction":[{"@type":"SearchAction","target":{"@type":"EntryPoint","urlTemplate":"https:\/\/districos.standingout.be\/fr\/?s={search_term_string}"},"query-input":{"@type":"PropertyValueSpecification","valueRequired":true,"valueName":"search_term_string"}}],"inLanguage":"fr-FR"},{"@type":"Organization","@id":"https:\/\/districos.standingout.be\/fr\/#organization","name":"Districos Webshop","url":"https:\/\/districos.standingout.be\/fr\/","logo":{"@type":"ImageObject","inLanguage":"fr-FR","@id":"https:\/\/districos.standingout.be\/fr\/#\/schema\/logo\/image\/","url":"https:\/\/districos.standingout.be\/wp-content\/uploads\/2022\/09\/Districos_Logo_Webshop.svg","contentUrl":"https:\/\/districos.standingout.be\/wp-content\/uploads\/2022\/09\/Districos_Logo_Webshop.svg","caption":"Districos Webshop"},"image":{"@id":"https:\/\/districos.standingout.be\/fr\/#\/schema\/logo\/image\/"}}]}},"_links":{"self":[{"href":"https:\/\/districos.standingout.be\/fr\/wp-json\/wp\/v2\/product\/137081","targetHints":{"allow":["GET"]}}],"collection":[{"href":"https:\/\/districos.standingout.be\/fr\/wp-json\/wp\/v2\/product"}],"about":[{"href":"https:\/\/districos.standingout.be\/fr\/wp-json\/wp\/v2\/types\/product"}],"replies":[{"embeddable":true,"href":"https:\/\/districos.standingout.be\/fr\/wp-json\/wp\/v2\/comments?post=137081"}],"wp:featuredmedia":[{"embeddable":true,"href":"https:\/\/districos.standingout.be\/fr\/wp-json\/wp\/v2\/media\/77711"}],"wp:attachment":[{"href":"https:\/\/districos.standingout.be\/fr\/wp-json\/wp\/v2\/media?parent=137081"}],"wp:term":[{"taxonomy":"product_brand","embeddable":true,"href":"https:\/\/districos.standingout.be\/fr\/wp-json\/wp\/v2\/product_brand?post=137081"},{"taxonomy":"product_cat","embeddable":true,"href":"https:\/\/districos.standingout.be\/fr\/wp-json\/wp\/v2\/product_cat?post=137081"},{"taxonomy":"product_tag","embeddable":true,"href":"https:\/\/districos.standingout.be\/fr\/wp-json\/wp\/v2\/product_tag?post=137081"}],"curies":[{"name":"wp","href":"https:\/\/api.w.org\/{rel}","templated":true}]}}