{"id":137085,"date":"2026-04-28T09:46:59","date_gmt":"2026-04-28T07:46:59","guid":{"rendered":"https:\/\/webshopdistricoscom.webhosting.be\/product\/bio-balance-set-algoherbal-peel-off-mask-lavender-9-pcs-ref-7070-02\/"},"modified":"2026-04-28T09:47:06","modified_gmt":"2026-04-28T07:47:06","slug":"bio-balance-set-algoherbal-peel-off-mask-lavender-9-pcs-ref-7070-02","status":"publish","type":"product","link":"https:\/\/districos.standingout.be\/fr\/product\/bio-balance-set-algoherbal-peel-off-mask-lavender-9-pcs-ref-7070-02\/","title":{"rendered":"Bio Balance Set AlgoHerbal Peel-Off Mask Lavender (9 pcs.)"},"content":{"rendered":"<p >\n<\/p>\n<p><font size=\"2\" face=\"Verdana\">Les masques AlgoHerbal de Bio Balance sont des masques peel-off rafra\u00eechissants \u00e0 base d&rsquo;algues, de collag\u00e8ne, d&rsquo;acide hyaluronique, d&rsquo;aloe vera et d&rsquo;herbes. Les masques sont doux pour la peau et sont fabriqu\u00e9s avec un Essence Gel rempli de substances actives. Les masques sont disponibles en 3 sortes : Rose, Lavender et Camomile. Chaque type de masque dispose de propri\u00e9t\u00e9s uniques qui sont adapt\u00e9es aux diff\u00e9rents types de peaux. Le s\u00e9rum Hya-Lift+ contient une concentration \u00e9lev\u00e9e en acide hyaluronique pour une hydratation optimale et une r\u00e9duction de la formation des rides et ridules. Le r\u00e9sultat est une peau soyeuse et \u00e9clatante. En plus, les masques sont tr\u00e8s agr\u00e9ables \u00e0 l&#8217;emploi !<\/font><\/p>\n<p><font size=\"2\" face=\"Verdana\"><br \/><\/font><\/p>\n<p><font size=\"2\" face=\"Verdana\"><b>LAVENDER : ANTI\u00c2GE ET HYDRATANT &#8211; Peaux matures<\/b><\/font><\/p>\n<p><font size=\"2\" face=\"Verdana\">La lavande est un antioxydant puissant qui prot\u00e8ge la peau contre les influences externes n\u00e9fastes. L&rsquo;Essence Gel de ce masque (Caviar) contient une concentration \u00e9lev\u00e9e en caviar qui est connu pour son fort effet anti\u00e2ge. L&rsquo;extrait de caviar contient des acides gras om\u00e9ga-3 et -6 qui hydratent intens\u00e9ment la peau et qui la rendent plus lisse et souple. Le masque convient donc aux peaux matures et d\u00e9shydrat\u00e9es et am\u00e9liore visiblement la texture de la peau.<\/font><\/p>\n<ul>\n<li><font size=\"2\">Vegan.<\/font><\/li>\n<\/ul>\n<p><font size=\"2\" face=\"Verdana\"><b>Contenu<\/b><\/font><\/p>\n<ul>\n<li><font size=\"2\">9 x poudre Lavender (40 g)<\/font><\/li>\n<li><font size=\"2\">9 x Essence Gel Caviar (120 ml)<\/font><\/li>\n<li><font size=\"2\">1 x Hya-Lift+ 50 ml<\/font><\/li>\n<\/ul>\n<div><font size=\"2\"><b>M\u00e9thode de travail<\/b><\/font><\/div>\n<div>\n<ul>\n<li><font size=\"2\">Nettoyez, gommez et massez le visage et le cou avec les produits appropri\u00e9s de Bio Balance.<\/font><\/li>\n<li><font size=\"2\">Utilisez une compresse chaude pour ouvrir les pores et enlever d&rsquo;\u00e9ventuels r\u00e9sidus de graisse. Appliquez ensuite une quantit\u00e9 g\u00e9n\u00e9reuse de s\u00e9rum Hya-Lift+ sur le visage et massez jusqu&rsquo;\u00e0 absorption compl\u00e8te.<\/font><\/li>\n<li><font size=\"2\">Demandez \u00e0 votre client(e) de s&rsquo;allonger afin d&rsquo;\u00e9viter que le masque ne coule.<\/font><\/li>\n<li><font size=\"2\">M\u00e9langez le contenu d&rsquo;un sachet de poudre (40 g) avec l&rsquo;Essence Gel (100 ml) compl\u00e9mentaire en utilisant un r\u00e9cipient flexible. M\u00e9langez vigoureusement pendant maximum 1 minute jusqu&rsquo;\u00e0 l&rsquo;obtention d&rsquo;une p\u00e2te homog\u00e8ne. Les 20 ml d&rsquo;Essence Gel exc\u00e9dentaire peuvent \u00e9ventuellement \u00eatre utilis\u00e9s avec l&rsquo;<u><a href=\"https:\/\/districos.com\/search?SearchText=appareil%20%C3%A0%20haute%20fr%C3%A9quence\" target=\"_blank\" rel=\"noopener noreferrer nofollow\">appareil \u00e0 haute fr\u00e9quence<\/a><\/u>, l&rsquo;<u><a href=\"https:\/\/districos.com\/search?SearchText=appareil%20%C3%A0%20ultrasons\" target=\"_blank\" rel=\"noopener noreferrer nofollow\">appareil \u00e0 ultrasons<\/a><\/u>&nbsp;ou l&rsquo;<u><a href=\"https:\/\/districos.com\/ProductDetail\/8355\" target=\"_blank\" rel=\"noopener noreferrer nofollow\">appareil chaud\/froid<\/a><\/u>. Dans ce cas, il est important que le gel ainsi que le s\u00e9rum Hya-Lift+ aient enti\u00e8rement p\u00e9n\u00e9tr\u00e9 la peau avant d&rsquo;appliquer le masque en question.<\/font><\/li>\n<li><font size=\"2\">Appliquez le masque directement sur le visage. Le masque durcit en 5 minutes.<\/font><\/li>\n<li><font size=\"2\">Enlevez-le en une fois apr\u00e8s 20 minutes et tonifiez avec la&nbsp;<u><a href=\"https:\/\/districos.com\/search?MultiSelects%5B0%5D%5BFilterType%5D=Multi&amp; %20MultiSelects%5B0%5D%5BProperty%5D=Brand&amp; %20MultiSelects%5B0%5D%5BValues%5D=BB_GELAAT&amp; %20SingleSelects%5B0%5D%5BFilterType%5D=Single&amp; %20SingleSelects%5B0%5D%5BProperty%5D=9510&amp; %20SingleSelects%5B0%5D%5BValues%5D=Reiniging&amp; %20SearchText=bio%20balance%20lotion&amp;Page=1\">lotion de Bio Balance<\/a><\/u>&nbsp;appropri\u00e9e.<\/font><\/li>\n<li><font size=\"2\">Appliquez \u00e0 nouveau le s\u00e9rum Hya-Lift+ et terminez votre soin avec la&nbsp;<u><a href=\"https:\/\/districos.com\/search?SingleSelects%5B0%5D%5BFilterType%5D=Single&amp; %20SingleSelects%5B0%5D%5BProperty%5D=9510&amp; %20SingleSelects%5B0%5D%5BValues%5D=Dag-%26%20nachtcr%C3%A8me s&amp;a%20mp;SearchText=bio%20balance&amp;Page=1\">cr\u00e8me de jour de Bio Balance<\/a><\/u>&nbsp;appropri\u00e9e.<\/font><\/li>\n<\/ul>\n<div><font size=\"2\"><b>Conseils d&rsquo;utilisation<\/b><\/font><\/div>\n<\/div>\n<div><font size=\"2\">Conseillez \u00e0 votre client(e) d&rsquo;utiliser quotidiennement le s\u00e9rum Hya-Lift+ sous forme de cure afin de raffermir la peau : appliquez le matin et le soir sur une peau bien nettoy\u00e9e et aussi sur le contour des yeux sous la cr\u00e8me de soin.<\/font><\/div>\n<div><font size=\"2\"><br \/><\/font><\/div>\n<div>\n<div><b>Aussi disponible<\/b><\/div>\n<div>\n<ul>\n<li>AlgoHerbal Peel-Off Mask Rose (<u><a href=\"https:\/\/districos.com\/ProductDetail\/7070.01\" target=\"_blank\" rel=\"noopener noreferrer nofollow\">r\u00e9f. 7070.01<\/a><\/u>)<\/li>\n<li>AlgoHerbal Peel-Off Mask Camomile (<u><a href=\"https:\/\/districos.com\/ProductDetail\/7070.03\" target=\"_blank\" rel=\"noopener noreferrer nofollow\">r\u00e9f. 7070.03<\/a><\/u>)<\/li>\n<li>AlgoHerbal Peel-Off Mask Mix Set contenant 3 pi\u00e8ces de chaque masque (<u><a href=\"https:\/\/districos.com\/ProductDetail\/7070.04\" target=\"_blank\" rel=\"noopener noreferrer nofollow\">r\u00e9f. 7070.04<\/a><\/u>)<\/li>\n<li>AlgoHerbal Peel-Off Mask Set d&rsquo;Essai contenant 1 pi\u00e8ce de chaque masque (<u><a href=\"https:\/\/districos.com\/ProductDetail\/7070.05\" target=\"_blank\" rel=\"noopener noreferrer nofollow\">ref. 7040.05<\/a><\/u>)<\/li>\n<\/ul>\n<\/div>\n<\/div>\n<p dir=\"ltr\"><\/p>\n","protected":false},"excerpt":{"rendered":"<p>Les masques AlgoHerbal de Bio Balance sont des masques peel-off rafra\u00eechissants \u00e0 base d&rsquo;algues, de collag\u00e8ne, d&rsquo;acide hyaluronique, d&rsquo;aloe vera et d&rsquo;herbes. Les masques sont doux pour la peau et sont fabriqu\u00e9s avec un Essence Gel rempli de substances actives. Les masques sont disponibles en 3 sortes : Rose, Lavender et Camomile. Chaque type de [&hellip;]<\/p>\n","protected":false},"featured_media":77720,"comment_status":"open","ping_status":"closed","template":"","meta":{"_acf_changed":false},"product_brand":[10308],"product_cat":[9856],"product_tag":[],"class_list":{"0":"post-137085","1":"product","2":"type-product","3":"status-publish","4":"has-post-thumbnail","6":"product_brand-bb_gelaat-fr","7":"product_cat-beaute-visage-bio-balance-visage","9":"first","10":"instock","11":"taxable","12":"shipping-taxable","13":"product-type-simple"},"acf":[],"yoast_head":"<!-- This site is optimized with the Yoast SEO plugin v27.3 - https:\/\/yoast.com\/product\/yoast-seo-wordpress\/ -->\n<title>Bio Balance Set AlgoHerbal Peel-Off Mask Lavender (9 pcs.) - Districos Webshop<\/title>\n<meta name=\"robots\" content=\"noindex, follow, max-snippet:-1, max-image-preview:large, max-video-preview:-1\" \/>\n<meta property=\"og:locale\" content=\"fr_FR\" \/>\n<meta property=\"og:type\" content=\"article\" \/>\n<meta property=\"og:title\" content=\"Bio Balance Set AlgoHerbal Peel-Off Mask Lavender (9 pcs.) - Districos Webshop\" \/>\n<meta property=\"og:description\" content=\"Les masques AlgoHerbal de Bio Balance sont des masques peel-off rafra\u00eechissants \u00e0 base d&rsquo;algues, de collag\u00e8ne, d&rsquo;acide hyaluronique, d&rsquo;aloe vera et d&rsquo;herbes. Les masques sont doux pour la peau et sont fabriqu\u00e9s avec un Essence Gel rempli de substances actives. Les masques sont disponibles en 3 sortes : Rose, Lavender et Camomile. Chaque type de [&hellip;]\" \/>\n<meta property=\"og:url\" content=\"https:\/\/districos.standingout.be\/fr\/product\/bio-balance-set-algoherbal-peel-off-mask-lavender-9-pcs-ref-7070-02\/\" \/>\n<meta property=\"og:site_name\" content=\"Districos Webshop\" \/>\n<meta property=\"article:modified_time\" content=\"2026-04-28T07:47:06+00:00\" \/>\n<meta name=\"twitter:card\" content=\"summary_large_image\" \/>\n<meta name=\"twitter:label1\" content=\"Dur\u00e9e de lecture estim\u00e9e\" \/>\n\t<meta name=\"twitter:data1\" content=\"3 minutes\" \/>\n<script type=\"application\/ld+json\" class=\"yoast-schema-graph\">{\"@context\":\"https:\\\/\\\/schema.org\",\"@graph\":[{\"@type\":\"WebPage\",\"@id\":\"https:\\\/\\\/districos.standingout.be\\\/fr\\\/product\\\/bio-balance-set-algoherbal-peel-off-mask-lavender-9-pcs-ref-7070-02\\\/\",\"url\":\"https:\\\/\\\/districos.standingout.be\\\/fr\\\/product\\\/bio-balance-set-algoherbal-peel-off-mask-lavender-9-pcs-ref-7070-02\\\/\",\"name\":\"Bio Balance Set AlgoHerbal Peel-Off Mask Lavender (9 pcs.) - Districos Webshop\",\"isPartOf\":{\"@id\":\"https:\\\/\\\/districos.standingout.be\\\/fr\\\/#website\"},\"primaryImageOfPage\":{\"@id\":\"https:\\\/\\\/districos.standingout.be\\\/fr\\\/product\\\/bio-balance-set-algoherbal-peel-off-mask-lavender-9-pcs-ref-7070-02\\\/#primaryimage\"},\"image\":{\"@id\":\"https:\\\/\\\/districos.standingout.be\\\/fr\\\/product\\\/bio-balance-set-algoherbal-peel-off-mask-lavender-9-pcs-ref-7070-02\\\/#primaryimage\"},\"thumbnailUrl\":\"https:\\\/\\\/districos.standingout.be\\\/wp-content\\\/uploads\\\/2025\\\/07\\\/7070.02@LowRes_1.png\",\"datePublished\":\"2026-04-28T07:46:59+00:00\",\"dateModified\":\"2026-04-28T07:47:06+00:00\",\"breadcrumb\":{\"@id\":\"https:\\\/\\\/districos.standingout.be\\\/fr\\\/product\\\/bio-balance-set-algoherbal-peel-off-mask-lavender-9-pcs-ref-7070-02\\\/#breadcrumb\"},\"inLanguage\":\"fr-FR\",\"potentialAction\":[{\"@type\":\"ReadAction\",\"target\":[\"https:\\\/\\\/districos.standingout.be\\\/fr\\\/product\\\/bio-balance-set-algoherbal-peel-off-mask-lavender-9-pcs-ref-7070-02\\\/\"]}]},{\"@type\":\"ImageObject\",\"inLanguage\":\"fr-FR\",\"@id\":\"https:\\\/\\\/districos.standingout.be\\\/fr\\\/product\\\/bio-balance-set-algoherbal-peel-off-mask-lavender-9-pcs-ref-7070-02\\\/#primaryimage\",\"url\":\"https:\\\/\\\/districos.standingout.be\\\/wp-content\\\/uploads\\\/2025\\\/07\\\/7070.02@LowRes_1.png\",\"contentUrl\":\"https:\\\/\\\/districos.standingout.be\\\/wp-content\\\/uploads\\\/2025\\\/07\\\/7070.02@LowRes_1.png\",\"width\":600,\"height\":600},{\"@type\":\"BreadcrumbList\",\"@id\":\"https:\\\/\\\/districos.standingout.be\\\/fr\\\/product\\\/bio-balance-set-algoherbal-peel-off-mask-lavender-9-pcs-ref-7070-02\\\/#breadcrumb\",\"itemListElement\":[{\"@type\":\"ListItem\",\"position\":1,\"name\":\"Home\",\"item\":\"https:\\\/\\\/districos.standingout.be\\\/fr\\\/bienvenue-chez-districos\\\/\"},{\"@type\":\"ListItem\",\"position\":2,\"name\":\"Boutique\",\"item\":\"https:\\\/\\\/districos.standingout.be\\\/fr\\\/boutique\\\/\"},{\"@type\":\"ListItem\",\"position\":3,\"name\":\"Bio Balance Set AlgoHerbal Peel-Off Mask Lavender (9 pcs.)\"}]},{\"@type\":\"WebSite\",\"@id\":\"https:\\\/\\\/districos.standingout.be\\\/fr\\\/#website\",\"url\":\"https:\\\/\\\/districos.standingout.be\\\/fr\\\/\",\"name\":\"Districos Webshop\",\"description\":\"\",\"publisher\":{\"@id\":\"https:\\\/\\\/districos.standingout.be\\\/fr\\\/#organization\"},\"potentialAction\":[{\"@type\":\"SearchAction\",\"target\":{\"@type\":\"EntryPoint\",\"urlTemplate\":\"https:\\\/\\\/districos.standingout.be\\\/fr\\\/?s={search_term_string}\"},\"query-input\":{\"@type\":\"PropertyValueSpecification\",\"valueRequired\":true,\"valueName\":\"search_term_string\"}}],\"inLanguage\":\"fr-FR\"},{\"@type\":\"Organization\",\"@id\":\"https:\\\/\\\/districos.standingout.be\\\/fr\\\/#organization\",\"name\":\"Districos Webshop\",\"url\":\"https:\\\/\\\/districos.standingout.be\\\/fr\\\/\",\"logo\":{\"@type\":\"ImageObject\",\"inLanguage\":\"fr-FR\",\"@id\":\"https:\\\/\\\/districos.standingout.be\\\/fr\\\/#\\\/schema\\\/logo\\\/image\\\/\",\"url\":\"https:\\\/\\\/districos.standingout.be\\\/wp-content\\\/uploads\\\/2022\\\/09\\\/Districos_Logo_Webshop.svg\",\"contentUrl\":\"https:\\\/\\\/districos.standingout.be\\\/wp-content\\\/uploads\\\/2022\\\/09\\\/Districos_Logo_Webshop.svg\",\"caption\":\"Districos Webshop\"},\"image\":{\"@id\":\"https:\\\/\\\/districos.standingout.be\\\/fr\\\/#\\\/schema\\\/logo\\\/image\\\/\"}}]}<\/script>\n<!-- \/ Yoast SEO plugin. -->","yoast_head_json":{"title":"Bio Balance Set AlgoHerbal Peel-Off Mask Lavender (9 pcs.) - Districos Webshop","robots":{"index":"noindex","follow":"follow","max-snippet":"max-snippet:-1","max-image-preview":"max-image-preview:large","max-video-preview":"max-video-preview:-1"},"og_locale":"fr_FR","og_type":"article","og_title":"Bio Balance Set AlgoHerbal Peel-Off Mask Lavender (9 pcs.) - Districos Webshop","og_description":"Les masques AlgoHerbal de Bio Balance sont des masques peel-off rafra\u00eechissants \u00e0 base d&rsquo;algues, de collag\u00e8ne, d&rsquo;acide hyaluronique, d&rsquo;aloe vera et d&rsquo;herbes. Les masques sont doux pour la peau et sont fabriqu\u00e9s avec un Essence Gel rempli de substances actives. Les masques sont disponibles en 3 sortes : Rose, Lavender et Camomile. Chaque type de [&hellip;]","og_url":"https:\/\/districos.standingout.be\/fr\/product\/bio-balance-set-algoherbal-peel-off-mask-lavender-9-pcs-ref-7070-02\/","og_site_name":"Districos Webshop","article_modified_time":"2026-04-28T07:47:06+00:00","twitter_card":"summary_large_image","twitter_misc":{"Dur\u00e9e de lecture estim\u00e9e":"3 minutes"},"schema":{"@context":"https:\/\/schema.org","@graph":[{"@type":"WebPage","@id":"https:\/\/districos.standingout.be\/fr\/product\/bio-balance-set-algoherbal-peel-off-mask-lavender-9-pcs-ref-7070-02\/","url":"https:\/\/districos.standingout.be\/fr\/product\/bio-balance-set-algoherbal-peel-off-mask-lavender-9-pcs-ref-7070-02\/","name":"Bio Balance Set AlgoHerbal Peel-Off Mask Lavender (9 pcs.) - Districos Webshop","isPartOf":{"@id":"https:\/\/districos.standingout.be\/fr\/#website"},"primaryImageOfPage":{"@id":"https:\/\/districos.standingout.be\/fr\/product\/bio-balance-set-algoherbal-peel-off-mask-lavender-9-pcs-ref-7070-02\/#primaryimage"},"image":{"@id":"https:\/\/districos.standingout.be\/fr\/product\/bio-balance-set-algoherbal-peel-off-mask-lavender-9-pcs-ref-7070-02\/#primaryimage"},"thumbnailUrl":"https:\/\/districos.standingout.be\/wp-content\/uploads\/2025\/07\/7070.02@LowRes_1.png","datePublished":"2026-04-28T07:46:59+00:00","dateModified":"2026-04-28T07:47:06+00:00","breadcrumb":{"@id":"https:\/\/districos.standingout.be\/fr\/product\/bio-balance-set-algoherbal-peel-off-mask-lavender-9-pcs-ref-7070-02\/#breadcrumb"},"inLanguage":"fr-FR","potentialAction":[{"@type":"ReadAction","target":["https:\/\/districos.standingout.be\/fr\/product\/bio-balance-set-algoherbal-peel-off-mask-lavender-9-pcs-ref-7070-02\/"]}]},{"@type":"ImageObject","inLanguage":"fr-FR","@id":"https:\/\/districos.standingout.be\/fr\/product\/bio-balance-set-algoherbal-peel-off-mask-lavender-9-pcs-ref-7070-02\/#primaryimage","url":"https:\/\/districos.standingout.be\/wp-content\/uploads\/2025\/07\/7070.02@LowRes_1.png","contentUrl":"https:\/\/districos.standingout.be\/wp-content\/uploads\/2025\/07\/7070.02@LowRes_1.png","width":600,"height":600},{"@type":"BreadcrumbList","@id":"https:\/\/districos.standingout.be\/fr\/product\/bio-balance-set-algoherbal-peel-off-mask-lavender-9-pcs-ref-7070-02\/#breadcrumb","itemListElement":[{"@type":"ListItem","position":1,"name":"Home","item":"https:\/\/districos.standingout.be\/fr\/bienvenue-chez-districos\/"},{"@type":"ListItem","position":2,"name":"Boutique","item":"https:\/\/districos.standingout.be\/fr\/boutique\/"},{"@type":"ListItem","position":3,"name":"Bio Balance Set AlgoHerbal Peel-Off Mask Lavender (9 pcs.)"}]},{"@type":"WebSite","@id":"https:\/\/districos.standingout.be\/fr\/#website","url":"https:\/\/districos.standingout.be\/fr\/","name":"Districos Webshop","description":"","publisher":{"@id":"https:\/\/districos.standingout.be\/fr\/#organization"},"potentialAction":[{"@type":"SearchAction","target":{"@type":"EntryPoint","urlTemplate":"https:\/\/districos.standingout.be\/fr\/?s={search_term_string}"},"query-input":{"@type":"PropertyValueSpecification","valueRequired":true,"valueName":"search_term_string"}}],"inLanguage":"fr-FR"},{"@type":"Organization","@id":"https:\/\/districos.standingout.be\/fr\/#organization","name":"Districos Webshop","url":"https:\/\/districos.standingout.be\/fr\/","logo":{"@type":"ImageObject","inLanguage":"fr-FR","@id":"https:\/\/districos.standingout.be\/fr\/#\/schema\/logo\/image\/","url":"https:\/\/districos.standingout.be\/wp-content\/uploads\/2022\/09\/Districos_Logo_Webshop.svg","contentUrl":"https:\/\/districos.standingout.be\/wp-content\/uploads\/2022\/09\/Districos_Logo_Webshop.svg","caption":"Districos Webshop"},"image":{"@id":"https:\/\/districos.standingout.be\/fr\/#\/schema\/logo\/image\/"}}]}},"_links":{"self":[{"href":"https:\/\/districos.standingout.be\/fr\/wp-json\/wp\/v2\/product\/137085","targetHints":{"allow":["GET"]}}],"collection":[{"href":"https:\/\/districos.standingout.be\/fr\/wp-json\/wp\/v2\/product"}],"about":[{"href":"https:\/\/districos.standingout.be\/fr\/wp-json\/wp\/v2\/types\/product"}],"replies":[{"embeddable":true,"href":"https:\/\/districos.standingout.be\/fr\/wp-json\/wp\/v2\/comments?post=137085"}],"wp:featuredmedia":[{"embeddable":true,"href":"https:\/\/districos.standingout.be\/fr\/wp-json\/wp\/v2\/media\/77720"}],"wp:attachment":[{"href":"https:\/\/districos.standingout.be\/fr\/wp-json\/wp\/v2\/media?parent=137085"}],"wp:term":[{"taxonomy":"product_brand","embeddable":true,"href":"https:\/\/districos.standingout.be\/fr\/wp-json\/wp\/v2\/product_brand?post=137085"},{"taxonomy":"product_cat","embeddable":true,"href":"https:\/\/districos.standingout.be\/fr\/wp-json\/wp\/v2\/product_cat?post=137085"},{"taxonomy":"product_tag","embeddable":true,"href":"https:\/\/districos.standingout.be\/fr\/wp-json\/wp\/v2\/product_tag?post=137085"}],"curies":[{"name":"wp","href":"https:\/\/api.w.org\/{rel}","templated":true}]}}