{"id":137091,"date":"2026-04-28T09:47:18","date_gmt":"2026-04-28T07:47:18","guid":{"rendered":"https:\/\/webshopdistricoscom.webhosting.be\/product\/bio-balance-hya-lift-50-ml-ref-7072-01-2\/"},"modified":"2026-04-28T09:47:25","modified_gmt":"2026-04-28T07:47:25","slug":"bio-balance-hya-lift-50-ml-ref-7072-01","status":"publish","type":"product","link":"https:\/\/districos.standingout.be\/fr\/product\/bio-balance-hya-lift-50-ml-ref-7072-01\/","title":{"rendered":"Bio Balance Hya-Lift+ 50 ml"},"content":{"rendered":"<p >\n<\/p>\n<p><font face=\"Verdana\" size=\"2\">S\u00e9rum \u00e0 l&rsquo;acide hyaluronique qui procure une hydratation optimale \u00e0 la peau, laisse une sensation soyeuse sur la peau et r\u00e9duit la formation de rides et ridules.<\/font><\/p>\n<\/p>\n<p dir=\"ltr\">\n<\/p>\n<div>\n<ul>\n<li><font face=\"Verdana\" size=\"2\">Avec pipette.<\/font><\/li>\n<li><font face=\"Verdana\" size=\"2\">50 ml.<\/font><\/li>\n<li><font size=\"2\">Vegan.<\/font><\/li>\n<\/ul>\n<div><font size=\"2\"><b>Substances actives<\/b><\/font><\/div>\n<\/div>\n<div>\n<ul>\n<li><font size=\"2\">L&rsquo;extrait de concombre rafra\u00eechit, adoucit et donne \u00e0 la peau un teint \u00e9gal.<\/font><\/li>\n<li><font size=\"2\">L&rsquo;acide hyaluronique est un composant hydratant qui est pr\u00e9sent de nature dans le corps humain. Il renforce la barri\u00e8re hydrolipidique naturelle et prot\u00e8ge ainsi des causes les plus importants du vieillissement cutan\u00e9 comme le stress oxydatif.<\/font><\/li>\n<\/ul>\n<div><font size=\"2\"><b>Mode d&#8217;emploi<\/b><\/font><\/div>\n<\/div>\n<div>\n<ul>\n<li><font size=\"2\">Utilisation en cabine : appliquez le s\u00e9rum sous un masque de Bio Balance (sauf le Masque Tissu Black Puri-Detox et les masques au collag\u00e8ne) et \u00e0 nouveau sous la cr\u00e8me de jour.<\/font><\/li>\n<li><font size=\"2\">Soin \u00e0 domicile : \u00e0 partir de 24 ans, vous pouvez utiliser le s\u00e9rum chaque jour durant toute l&rsquo;ann\u00e9e. Appliquez une demi-pipette le matin sous la cr\u00e8me de jour et le soir sous la cr\u00e8me de nuit sur la peau bien nettoy\u00e9e, y compris le contour des yeux.<\/font><\/li>\n<\/ul>\n<div><font size=\"2\"><b>Aussi disponible<\/b><\/font><\/div>\n<\/div>\n<div><font size=\"2\">Pr\u00e9sentoir de vente avec 9 x 50 ml et 30 d\u00e9pliants pour vos client(e)s (<u><a href=\"https:\/\/districos.com\/ProductDetail\/7072.02\" target=\"_blank\" rel=\"noopener noreferrer nofollow\">r\u00e9f. 7072.02<\/a><\/u>)<\/font><\/div>\n","protected":false},"excerpt":{"rendered":"<p>S\u00e9rum \u00e0 l&rsquo;acide hyaluronique qui procure une hydratation optimale \u00e0 la peau, laisse une sensation soyeuse sur la peau et r\u00e9duit la formation de rides et ridules. Avec pipette. 50 ml. Vegan. Substances actives L&rsquo;extrait de concombre rafra\u00eechit, adoucit et donne \u00e0 la peau un teint \u00e9gal. L&rsquo;acide hyaluronique est un composant hydratant qui est [&hellip;]<\/p>\n","protected":false},"featured_media":77744,"comment_status":"open","ping_status":"closed","template":"","meta":{"_acf_changed":false},"product_brand":[10308],"product_cat":[9856],"product_tag":[],"class_list":{"0":"post-137091","1":"product","2":"type-product","3":"status-publish","4":"has-post-thumbnail","6":"product_brand-bb_gelaat-fr","7":"product_cat-beaute-visage-bio-balance-visage","9":"first","10":"instock","11":"taxable","12":"shipping-taxable","13":"product-type-simple"},"acf":[],"yoast_head":"<!-- This site is optimized with the Yoast SEO plugin v27.3 - https:\/\/yoast.com\/product\/yoast-seo-wordpress\/ -->\n<title>Bio Balance Hya-Lift+ 50 ml - Districos Webshop<\/title>\n<meta name=\"robots\" content=\"noindex, follow, max-snippet:-1, max-image-preview:large, max-video-preview:-1\" \/>\n<meta property=\"og:locale\" content=\"fr_FR\" \/>\n<meta property=\"og:type\" content=\"article\" \/>\n<meta property=\"og:title\" content=\"Bio Balance Hya-Lift+ 50 ml - Districos Webshop\" \/>\n<meta property=\"og:description\" content=\"S\u00e9rum \u00e0 l&rsquo;acide hyaluronique qui procure une hydratation optimale \u00e0 la peau, laisse une sensation soyeuse sur la peau et r\u00e9duit la formation de rides et ridules. Avec pipette. 50 ml. Vegan. Substances actives L&rsquo;extrait de concombre rafra\u00eechit, adoucit et donne \u00e0 la peau un teint \u00e9gal. L&rsquo;acide hyaluronique est un composant hydratant qui est [&hellip;]\" \/>\n<meta property=\"og:url\" content=\"https:\/\/districos.standingout.be\/fr\/product\/bio-balance-hya-lift-50-ml-ref-7072-01\/\" \/>\n<meta property=\"og:site_name\" content=\"Districos Webshop\" \/>\n<meta property=\"article:modified_time\" content=\"2026-04-28T07:47:25+00:00\" \/>\n<meta name=\"twitter:card\" content=\"summary_large_image\" \/>\n<meta name=\"twitter:label1\" content=\"Dur\u00e9e de lecture estim\u00e9e\" \/>\n\t<meta name=\"twitter:data1\" content=\"1 minute\" \/>\n<script type=\"application\/ld+json\" class=\"yoast-schema-graph\">{\"@context\":\"https:\\\/\\\/schema.org\",\"@graph\":[{\"@type\":\"WebPage\",\"@id\":\"https:\\\/\\\/districos.standingout.be\\\/fr\\\/product\\\/bio-balance-hya-lift-50-ml-ref-7072-01\\\/\",\"url\":\"https:\\\/\\\/districos.standingout.be\\\/fr\\\/product\\\/bio-balance-hya-lift-50-ml-ref-7072-01\\\/\",\"name\":\"Bio Balance Hya-Lift+ 50 ml - Districos Webshop\",\"isPartOf\":{\"@id\":\"https:\\\/\\\/districos.standingout.be\\\/fr\\\/#website\"},\"primaryImageOfPage\":{\"@id\":\"https:\\\/\\\/districos.standingout.be\\\/fr\\\/product\\\/bio-balance-hya-lift-50-ml-ref-7072-01\\\/#primaryimage\"},\"image\":{\"@id\":\"https:\\\/\\\/districos.standingout.be\\\/fr\\\/product\\\/bio-balance-hya-lift-50-ml-ref-7072-01\\\/#primaryimage\"},\"thumbnailUrl\":\"https:\\\/\\\/districos.standingout.be\\\/wp-content\\\/uploads\\\/2025\\\/07\\\/7072.01@LowRes_1.png\",\"datePublished\":\"2026-04-28T07:47:18+00:00\",\"dateModified\":\"2026-04-28T07:47:25+00:00\",\"breadcrumb\":{\"@id\":\"https:\\\/\\\/districos.standingout.be\\\/fr\\\/product\\\/bio-balance-hya-lift-50-ml-ref-7072-01\\\/#breadcrumb\"},\"inLanguage\":\"fr-FR\",\"potentialAction\":[{\"@type\":\"ReadAction\",\"target\":[\"https:\\\/\\\/districos.standingout.be\\\/fr\\\/product\\\/bio-balance-hya-lift-50-ml-ref-7072-01\\\/\"]}]},{\"@type\":\"ImageObject\",\"inLanguage\":\"fr-FR\",\"@id\":\"https:\\\/\\\/districos.standingout.be\\\/fr\\\/product\\\/bio-balance-hya-lift-50-ml-ref-7072-01\\\/#primaryimage\",\"url\":\"https:\\\/\\\/districos.standingout.be\\\/wp-content\\\/uploads\\\/2025\\\/07\\\/7072.01@LowRes_1.png\",\"contentUrl\":\"https:\\\/\\\/districos.standingout.be\\\/wp-content\\\/uploads\\\/2025\\\/07\\\/7072.01@LowRes_1.png\",\"width\":600,\"height\":600},{\"@type\":\"BreadcrumbList\",\"@id\":\"https:\\\/\\\/districos.standingout.be\\\/fr\\\/product\\\/bio-balance-hya-lift-50-ml-ref-7072-01\\\/#breadcrumb\",\"itemListElement\":[{\"@type\":\"ListItem\",\"position\":1,\"name\":\"Home\",\"item\":\"https:\\\/\\\/districos.standingout.be\\\/fr\\\/bienvenue-chez-districos\\\/\"},{\"@type\":\"ListItem\",\"position\":2,\"name\":\"Boutique\",\"item\":\"https:\\\/\\\/districos.standingout.be\\\/fr\\\/boutique\\\/\"},{\"@type\":\"ListItem\",\"position\":3,\"name\":\"Bio Balance Hya-Lift+ 50 ml\"}]},{\"@type\":\"WebSite\",\"@id\":\"https:\\\/\\\/districos.standingout.be\\\/fr\\\/#website\",\"url\":\"https:\\\/\\\/districos.standingout.be\\\/fr\\\/\",\"name\":\"Districos Webshop\",\"description\":\"\",\"publisher\":{\"@id\":\"https:\\\/\\\/districos.standingout.be\\\/fr\\\/#organization\"},\"potentialAction\":[{\"@type\":\"SearchAction\",\"target\":{\"@type\":\"EntryPoint\",\"urlTemplate\":\"https:\\\/\\\/districos.standingout.be\\\/fr\\\/?s={search_term_string}\"},\"query-input\":{\"@type\":\"PropertyValueSpecification\",\"valueRequired\":true,\"valueName\":\"search_term_string\"}}],\"inLanguage\":\"fr-FR\"},{\"@type\":\"Organization\",\"@id\":\"https:\\\/\\\/districos.standingout.be\\\/fr\\\/#organization\",\"name\":\"Districos Webshop\",\"url\":\"https:\\\/\\\/districos.standingout.be\\\/fr\\\/\",\"logo\":{\"@type\":\"ImageObject\",\"inLanguage\":\"fr-FR\",\"@id\":\"https:\\\/\\\/districos.standingout.be\\\/fr\\\/#\\\/schema\\\/logo\\\/image\\\/\",\"url\":\"https:\\\/\\\/districos.standingout.be\\\/wp-content\\\/uploads\\\/2022\\\/09\\\/Districos_Logo_Webshop.svg\",\"contentUrl\":\"https:\\\/\\\/districos.standingout.be\\\/wp-content\\\/uploads\\\/2022\\\/09\\\/Districos_Logo_Webshop.svg\",\"caption\":\"Districos Webshop\"},\"image\":{\"@id\":\"https:\\\/\\\/districos.standingout.be\\\/fr\\\/#\\\/schema\\\/logo\\\/image\\\/\"}}]}<\/script>\n<!-- \/ Yoast SEO plugin. -->","yoast_head_json":{"title":"Bio Balance Hya-Lift+ 50 ml - Districos Webshop","robots":{"index":"noindex","follow":"follow","max-snippet":"max-snippet:-1","max-image-preview":"max-image-preview:large","max-video-preview":"max-video-preview:-1"},"og_locale":"fr_FR","og_type":"article","og_title":"Bio Balance Hya-Lift+ 50 ml - Districos Webshop","og_description":"S\u00e9rum \u00e0 l&rsquo;acide hyaluronique qui procure une hydratation optimale \u00e0 la peau, laisse une sensation soyeuse sur la peau et r\u00e9duit la formation de rides et ridules. Avec pipette. 50 ml. Vegan. Substances actives L&rsquo;extrait de concombre rafra\u00eechit, adoucit et donne \u00e0 la peau un teint \u00e9gal. L&rsquo;acide hyaluronique est un composant hydratant qui est [&hellip;]","og_url":"https:\/\/districos.standingout.be\/fr\/product\/bio-balance-hya-lift-50-ml-ref-7072-01\/","og_site_name":"Districos Webshop","article_modified_time":"2026-04-28T07:47:25+00:00","twitter_card":"summary_large_image","twitter_misc":{"Dur\u00e9e de lecture estim\u00e9e":"1 minute"},"schema":{"@context":"https:\/\/schema.org","@graph":[{"@type":"WebPage","@id":"https:\/\/districos.standingout.be\/fr\/product\/bio-balance-hya-lift-50-ml-ref-7072-01\/","url":"https:\/\/districos.standingout.be\/fr\/product\/bio-balance-hya-lift-50-ml-ref-7072-01\/","name":"Bio Balance Hya-Lift+ 50 ml - Districos Webshop","isPartOf":{"@id":"https:\/\/districos.standingout.be\/fr\/#website"},"primaryImageOfPage":{"@id":"https:\/\/districos.standingout.be\/fr\/product\/bio-balance-hya-lift-50-ml-ref-7072-01\/#primaryimage"},"image":{"@id":"https:\/\/districos.standingout.be\/fr\/product\/bio-balance-hya-lift-50-ml-ref-7072-01\/#primaryimage"},"thumbnailUrl":"https:\/\/districos.standingout.be\/wp-content\/uploads\/2025\/07\/7072.01@LowRes_1.png","datePublished":"2026-04-28T07:47:18+00:00","dateModified":"2026-04-28T07:47:25+00:00","breadcrumb":{"@id":"https:\/\/districos.standingout.be\/fr\/product\/bio-balance-hya-lift-50-ml-ref-7072-01\/#breadcrumb"},"inLanguage":"fr-FR","potentialAction":[{"@type":"ReadAction","target":["https:\/\/districos.standingout.be\/fr\/product\/bio-balance-hya-lift-50-ml-ref-7072-01\/"]}]},{"@type":"ImageObject","inLanguage":"fr-FR","@id":"https:\/\/districos.standingout.be\/fr\/product\/bio-balance-hya-lift-50-ml-ref-7072-01\/#primaryimage","url":"https:\/\/districos.standingout.be\/wp-content\/uploads\/2025\/07\/7072.01@LowRes_1.png","contentUrl":"https:\/\/districos.standingout.be\/wp-content\/uploads\/2025\/07\/7072.01@LowRes_1.png","width":600,"height":600},{"@type":"BreadcrumbList","@id":"https:\/\/districos.standingout.be\/fr\/product\/bio-balance-hya-lift-50-ml-ref-7072-01\/#breadcrumb","itemListElement":[{"@type":"ListItem","position":1,"name":"Home","item":"https:\/\/districos.standingout.be\/fr\/bienvenue-chez-districos\/"},{"@type":"ListItem","position":2,"name":"Boutique","item":"https:\/\/districos.standingout.be\/fr\/boutique\/"},{"@type":"ListItem","position":3,"name":"Bio Balance Hya-Lift+ 50 ml"}]},{"@type":"WebSite","@id":"https:\/\/districos.standingout.be\/fr\/#website","url":"https:\/\/districos.standingout.be\/fr\/","name":"Districos Webshop","description":"","publisher":{"@id":"https:\/\/districos.standingout.be\/fr\/#organization"},"potentialAction":[{"@type":"SearchAction","target":{"@type":"EntryPoint","urlTemplate":"https:\/\/districos.standingout.be\/fr\/?s={search_term_string}"},"query-input":{"@type":"PropertyValueSpecification","valueRequired":true,"valueName":"search_term_string"}}],"inLanguage":"fr-FR"},{"@type":"Organization","@id":"https:\/\/districos.standingout.be\/fr\/#organization","name":"Districos Webshop","url":"https:\/\/districos.standingout.be\/fr\/","logo":{"@type":"ImageObject","inLanguage":"fr-FR","@id":"https:\/\/districos.standingout.be\/fr\/#\/schema\/logo\/image\/","url":"https:\/\/districos.standingout.be\/wp-content\/uploads\/2022\/09\/Districos_Logo_Webshop.svg","contentUrl":"https:\/\/districos.standingout.be\/wp-content\/uploads\/2022\/09\/Districos_Logo_Webshop.svg","caption":"Districos Webshop"},"image":{"@id":"https:\/\/districos.standingout.be\/fr\/#\/schema\/logo\/image\/"}}]}},"_links":{"self":[{"href":"https:\/\/districos.standingout.be\/fr\/wp-json\/wp\/v2\/product\/137091","targetHints":{"allow":["GET"]}}],"collection":[{"href":"https:\/\/districos.standingout.be\/fr\/wp-json\/wp\/v2\/product"}],"about":[{"href":"https:\/\/districos.standingout.be\/fr\/wp-json\/wp\/v2\/types\/product"}],"replies":[{"embeddable":true,"href":"https:\/\/districos.standingout.be\/fr\/wp-json\/wp\/v2\/comments?post=137091"}],"wp:featuredmedia":[{"embeddable":true,"href":"https:\/\/districos.standingout.be\/fr\/wp-json\/wp\/v2\/media\/77744"}],"wp:attachment":[{"href":"https:\/\/districos.standingout.be\/fr\/wp-json\/wp\/v2\/media?parent=137091"}],"wp:term":[{"taxonomy":"product_brand","embeddable":true,"href":"https:\/\/districos.standingout.be\/fr\/wp-json\/wp\/v2\/product_brand?post=137091"},{"taxonomy":"product_cat","embeddable":true,"href":"https:\/\/districos.standingout.be\/fr\/wp-json\/wp\/v2\/product_cat?post=137091"},{"taxonomy":"product_tag","embeddable":true,"href":"https:\/\/districos.standingout.be\/fr\/wp-json\/wp\/v2\/product_tag?post=137091"}],"curies":[{"name":"wp","href":"https:\/\/api.w.org\/{rel}","templated":true}]}}