{"id":137095,"date":"2026-04-28T09:47:32","date_gmt":"2026-04-28T07:47:32","guid":{"rendered":"https:\/\/webshopdistricoscom.webhosting.be\/product\/bio-balance-facewash-lait-nettoyant-150-ml-ref-7073-01\/"},"modified":"2026-04-28T09:47:39","modified_gmt":"2026-04-28T07:47:39","slug":"bio-balance-facewash-lait-nettoyant-150-ml-ref-7073-01","status":"publish","type":"product","link":"https:\/\/districos.standingout.be\/fr\/product\/bio-balance-facewash-lait-nettoyant-150-ml-ref-7073-01\/","title":{"rendered":"Bio Balance Facewash Lait Nettoyant 150 ml"},"content":{"rendered":"<p >\n<p><font size=\"2\"><\/font><\/p>\n<p><font size=\"2\"><font size=\"2\"><font size=\"2\" face=\"Verdana\"><b>ADOUCISSANT &#8211; HYDRATANT &#8211; ANTI-INFLAMMATOIRE<\/b><br \/>Ce lait nettoyant doux est id\u00e9al pour les peaux jeunes, normales \u00e0 grasses. Le lait contient de l&rsquo;huile de soja, une huile v\u00e9g\u00e9tale non grasse qui est tr\u00e8s vite absorb\u00e9e par la peau et qui a une action adoucissante et anti-inflammatoire.<\/font><\/font><\/font><\/p>\n<\/p>\n<ul>\n<li><font size=\"2\"><font size=\"2\"><font size=\"2\" face=\"Verdana\">150 ml.<\/font><\/font><\/font><\/li>\n<li><font size=\"2\">Vegan.<\/font><\/li>\n<\/ul>\n<p><font size=\"2\"><font size=\"2\"><font size=\"2\" face=\"Verdana\"><b>Substances actives<\/b><br \/><\/font><\/font><\/p>\n<ul>\n<li><font size=\"2\"><font size=\"2\" face=\"Verdana\"><font size=\"2\" face=\"Verdana\">L&rsquo;huile de soja est un Facteur Naturel d&rsquo;Hydratation qui aide la peau \u00e0 retenir l&rsquo;humidit\u00e9. Elle est \u00e9galement riche en antioxydants, comme la vitamine E, qui neutralisent les radicaux libres et qui prot\u00e8gent la peau des influences externes n\u00e9fastes.<\/font><\/font><\/font><\/li>\n<li><font size=\"2\"><font size=\"2\" face=\"Verdana\"><font size=\"2\" face=\"Verdana\">L&rsquo;huile de calendula et le millepertuis sont deux extraits de plantes qui ont un effet adoucissant et anti-inflammatoire sur la peau et qui favorisent la r\u00e9g\u00e9n\u00e9ration cutan\u00e9e.<\/font><\/font><\/font><\/li>\n<\/ul>\n<p><font size=\"2\" face=\"Verdana\"><b>Mode d&#8217;emploi<\/b><\/p>\n<ul>\n<li><font size=\"2\"><font size=\"2\" face=\"Verdana\">Appliquez le lait g\u00e9n\u00e9reusement avec les mains.<\/font><\/font><\/li>\n<li><font size=\"2\"><font size=\"2\" face=\"Verdana\">\u00c9mulsionnez de fa\u00e7on approfondie sur la zone \u00e0 nettoyer.<\/font><\/font><\/li>\n<li><font size=\"2\"><font size=\"2\" face=\"Verdana\">Enlevez ensuite avec une compresse humide et s\u00e9chez la peau avec un tissu.<\/font><\/font><\/li>\n<\/ul>\n<p><b>Aussi disponible<\/b><br \/>Flacon de cabine de 500 ml (<u><a href=\"https:\/\/districos.com\/ProductDetail\/7063.01\" target=\"_blank\" rel=\"noopener noreferrer nofollow\">r\u00e9f. 7063.01<\/a><\/u>)<\/font><\/font> <\/p>\n","protected":false},"excerpt":{"rendered":"<p>ADOUCISSANT &#8211; HYDRATANT &#8211; ANTI-INFLAMMATOIRECe lait nettoyant doux est id\u00e9al pour les peaux jeunes, normales \u00e0 grasses. Le lait contient de l&rsquo;huile de soja, une huile v\u00e9g\u00e9tale non grasse qui est tr\u00e8s vite absorb\u00e9e par la peau et qui a une action adoucissante et anti-inflammatoire. 150 ml. Vegan. Substances actives L&rsquo;huile de soja est un [&hellip;]<\/p>\n","protected":false},"featured_media":77765,"comment_status":"open","ping_status":"closed","template":"","meta":{"_acf_changed":false},"product_brand":[10308],"product_cat":[9856],"product_tag":[],"class_list":{"0":"post-137095","1":"product","2":"type-product","3":"status-publish","4":"has-post-thumbnail","6":"product_brand-bb_gelaat-fr","7":"product_cat-beaute-visage-bio-balance-visage","9":"first","10":"instock","11":"taxable","12":"shipping-taxable","13":"product-type-simple"},"acf":[],"yoast_head":"<!-- This site is optimized with the Yoast SEO plugin v27.3 - https:\/\/yoast.com\/product\/yoast-seo-wordpress\/ -->\n<title>Bio Balance Facewash Lait Nettoyant 150 ml - Districos Webshop<\/title>\n<meta name=\"robots\" content=\"noindex, follow, max-snippet:-1, max-image-preview:large, max-video-preview:-1\" \/>\n<meta property=\"og:locale\" content=\"fr_FR\" \/>\n<meta property=\"og:type\" content=\"article\" \/>\n<meta property=\"og:title\" content=\"Bio Balance Facewash Lait Nettoyant 150 ml - Districos Webshop\" \/>\n<meta property=\"og:description\" content=\"ADOUCISSANT &#8211; HYDRATANT &#8211; ANTI-INFLAMMATOIRECe lait nettoyant doux est id\u00e9al pour les peaux jeunes, normales \u00e0 grasses. Le lait contient de l&rsquo;huile de soja, une huile v\u00e9g\u00e9tale non grasse qui est tr\u00e8s vite absorb\u00e9e par la peau et qui a une action adoucissante et anti-inflammatoire. 150 ml. Vegan. Substances actives L&rsquo;huile de soja est un [&hellip;]\" \/>\n<meta property=\"og:url\" content=\"https:\/\/districos.standingout.be\/fr\/product\/bio-balance-facewash-lait-nettoyant-150-ml-ref-7073-01\/\" \/>\n<meta property=\"og:site_name\" content=\"Districos Webshop\" \/>\n<meta property=\"article:modified_time\" content=\"2026-04-28T07:47:39+00:00\" \/>\n<meta name=\"twitter:card\" content=\"summary_large_image\" \/>\n<meta name=\"twitter:label1\" content=\"Dur\u00e9e de lecture estim\u00e9e\" \/>\n\t<meta name=\"twitter:data1\" content=\"1 minute\" \/>\n<script type=\"application\/ld+json\" class=\"yoast-schema-graph\">{\"@context\":\"https:\\\/\\\/schema.org\",\"@graph\":[{\"@type\":\"WebPage\",\"@id\":\"https:\\\/\\\/districos.standingout.be\\\/fr\\\/product\\\/bio-balance-facewash-lait-nettoyant-150-ml-ref-7073-01\\\/\",\"url\":\"https:\\\/\\\/districos.standingout.be\\\/fr\\\/product\\\/bio-balance-facewash-lait-nettoyant-150-ml-ref-7073-01\\\/\",\"name\":\"Bio Balance Facewash Lait Nettoyant 150 ml - Districos Webshop\",\"isPartOf\":{\"@id\":\"https:\\\/\\\/districos.standingout.be\\\/fr\\\/#website\"},\"primaryImageOfPage\":{\"@id\":\"https:\\\/\\\/districos.standingout.be\\\/fr\\\/product\\\/bio-balance-facewash-lait-nettoyant-150-ml-ref-7073-01\\\/#primaryimage\"},\"image\":{\"@id\":\"https:\\\/\\\/districos.standingout.be\\\/fr\\\/product\\\/bio-balance-facewash-lait-nettoyant-150-ml-ref-7073-01\\\/#primaryimage\"},\"thumbnailUrl\":\"https:\\\/\\\/districos.standingout.be\\\/wp-content\\\/uploads\\\/2025\\\/07\\\/7073.01@LowRes_1.png\",\"datePublished\":\"2026-04-28T07:47:32+00:00\",\"dateModified\":\"2026-04-28T07:47:39+00:00\",\"breadcrumb\":{\"@id\":\"https:\\\/\\\/districos.standingout.be\\\/fr\\\/product\\\/bio-balance-facewash-lait-nettoyant-150-ml-ref-7073-01\\\/#breadcrumb\"},\"inLanguage\":\"fr-FR\",\"potentialAction\":[{\"@type\":\"ReadAction\",\"target\":[\"https:\\\/\\\/districos.standingout.be\\\/fr\\\/product\\\/bio-balance-facewash-lait-nettoyant-150-ml-ref-7073-01\\\/\"]}]},{\"@type\":\"ImageObject\",\"inLanguage\":\"fr-FR\",\"@id\":\"https:\\\/\\\/districos.standingout.be\\\/fr\\\/product\\\/bio-balance-facewash-lait-nettoyant-150-ml-ref-7073-01\\\/#primaryimage\",\"url\":\"https:\\\/\\\/districos.standingout.be\\\/wp-content\\\/uploads\\\/2025\\\/07\\\/7073.01@LowRes_1.png\",\"contentUrl\":\"https:\\\/\\\/districos.standingout.be\\\/wp-content\\\/uploads\\\/2025\\\/07\\\/7073.01@LowRes_1.png\",\"width\":600,\"height\":600},{\"@type\":\"BreadcrumbList\",\"@id\":\"https:\\\/\\\/districos.standingout.be\\\/fr\\\/product\\\/bio-balance-facewash-lait-nettoyant-150-ml-ref-7073-01\\\/#breadcrumb\",\"itemListElement\":[{\"@type\":\"ListItem\",\"position\":1,\"name\":\"Home\",\"item\":\"https:\\\/\\\/districos.standingout.be\\\/fr\\\/bienvenue-chez-districos\\\/\"},{\"@type\":\"ListItem\",\"position\":2,\"name\":\"Boutique\",\"item\":\"https:\\\/\\\/districos.standingout.be\\\/fr\\\/boutique\\\/\"},{\"@type\":\"ListItem\",\"position\":3,\"name\":\"Bio Balance Facewash Lait Nettoyant 150 ml\"}]},{\"@type\":\"WebSite\",\"@id\":\"https:\\\/\\\/districos.standingout.be\\\/fr\\\/#website\",\"url\":\"https:\\\/\\\/districos.standingout.be\\\/fr\\\/\",\"name\":\"Districos Webshop\",\"description\":\"\",\"publisher\":{\"@id\":\"https:\\\/\\\/districos.standingout.be\\\/fr\\\/#organization\"},\"potentialAction\":[{\"@type\":\"SearchAction\",\"target\":{\"@type\":\"EntryPoint\",\"urlTemplate\":\"https:\\\/\\\/districos.standingout.be\\\/fr\\\/?s={search_term_string}\"},\"query-input\":{\"@type\":\"PropertyValueSpecification\",\"valueRequired\":true,\"valueName\":\"search_term_string\"}}],\"inLanguage\":\"fr-FR\"},{\"@type\":\"Organization\",\"@id\":\"https:\\\/\\\/districos.standingout.be\\\/fr\\\/#organization\",\"name\":\"Districos Webshop\",\"url\":\"https:\\\/\\\/districos.standingout.be\\\/fr\\\/\",\"logo\":{\"@type\":\"ImageObject\",\"inLanguage\":\"fr-FR\",\"@id\":\"https:\\\/\\\/districos.standingout.be\\\/fr\\\/#\\\/schema\\\/logo\\\/image\\\/\",\"url\":\"https:\\\/\\\/districos.standingout.be\\\/wp-content\\\/uploads\\\/2022\\\/09\\\/Districos_Logo_Webshop.svg\",\"contentUrl\":\"https:\\\/\\\/districos.standingout.be\\\/wp-content\\\/uploads\\\/2022\\\/09\\\/Districos_Logo_Webshop.svg\",\"caption\":\"Districos Webshop\"},\"image\":{\"@id\":\"https:\\\/\\\/districos.standingout.be\\\/fr\\\/#\\\/schema\\\/logo\\\/image\\\/\"}}]}<\/script>\n<!-- \/ Yoast SEO plugin. -->","yoast_head_json":{"title":"Bio Balance Facewash Lait Nettoyant 150 ml - Districos Webshop","robots":{"index":"noindex","follow":"follow","max-snippet":"max-snippet:-1","max-image-preview":"max-image-preview:large","max-video-preview":"max-video-preview:-1"},"og_locale":"fr_FR","og_type":"article","og_title":"Bio Balance Facewash Lait Nettoyant 150 ml - Districos Webshop","og_description":"ADOUCISSANT &#8211; HYDRATANT &#8211; ANTI-INFLAMMATOIRECe lait nettoyant doux est id\u00e9al pour les peaux jeunes, normales \u00e0 grasses. Le lait contient de l&rsquo;huile de soja, une huile v\u00e9g\u00e9tale non grasse qui est tr\u00e8s vite absorb\u00e9e par la peau et qui a une action adoucissante et anti-inflammatoire. 150 ml. Vegan. Substances actives L&rsquo;huile de soja est un [&hellip;]","og_url":"https:\/\/districos.standingout.be\/fr\/product\/bio-balance-facewash-lait-nettoyant-150-ml-ref-7073-01\/","og_site_name":"Districos Webshop","article_modified_time":"2026-04-28T07:47:39+00:00","twitter_card":"summary_large_image","twitter_misc":{"Dur\u00e9e de lecture estim\u00e9e":"1 minute"},"schema":{"@context":"https:\/\/schema.org","@graph":[{"@type":"WebPage","@id":"https:\/\/districos.standingout.be\/fr\/product\/bio-balance-facewash-lait-nettoyant-150-ml-ref-7073-01\/","url":"https:\/\/districos.standingout.be\/fr\/product\/bio-balance-facewash-lait-nettoyant-150-ml-ref-7073-01\/","name":"Bio Balance Facewash Lait Nettoyant 150 ml - Districos Webshop","isPartOf":{"@id":"https:\/\/districos.standingout.be\/fr\/#website"},"primaryImageOfPage":{"@id":"https:\/\/districos.standingout.be\/fr\/product\/bio-balance-facewash-lait-nettoyant-150-ml-ref-7073-01\/#primaryimage"},"image":{"@id":"https:\/\/districos.standingout.be\/fr\/product\/bio-balance-facewash-lait-nettoyant-150-ml-ref-7073-01\/#primaryimage"},"thumbnailUrl":"https:\/\/districos.standingout.be\/wp-content\/uploads\/2025\/07\/7073.01@LowRes_1.png","datePublished":"2026-04-28T07:47:32+00:00","dateModified":"2026-04-28T07:47:39+00:00","breadcrumb":{"@id":"https:\/\/districos.standingout.be\/fr\/product\/bio-balance-facewash-lait-nettoyant-150-ml-ref-7073-01\/#breadcrumb"},"inLanguage":"fr-FR","potentialAction":[{"@type":"ReadAction","target":["https:\/\/districos.standingout.be\/fr\/product\/bio-balance-facewash-lait-nettoyant-150-ml-ref-7073-01\/"]}]},{"@type":"ImageObject","inLanguage":"fr-FR","@id":"https:\/\/districos.standingout.be\/fr\/product\/bio-balance-facewash-lait-nettoyant-150-ml-ref-7073-01\/#primaryimage","url":"https:\/\/districos.standingout.be\/wp-content\/uploads\/2025\/07\/7073.01@LowRes_1.png","contentUrl":"https:\/\/districos.standingout.be\/wp-content\/uploads\/2025\/07\/7073.01@LowRes_1.png","width":600,"height":600},{"@type":"BreadcrumbList","@id":"https:\/\/districos.standingout.be\/fr\/product\/bio-balance-facewash-lait-nettoyant-150-ml-ref-7073-01\/#breadcrumb","itemListElement":[{"@type":"ListItem","position":1,"name":"Home","item":"https:\/\/districos.standingout.be\/fr\/bienvenue-chez-districos\/"},{"@type":"ListItem","position":2,"name":"Boutique","item":"https:\/\/districos.standingout.be\/fr\/boutique\/"},{"@type":"ListItem","position":3,"name":"Bio Balance Facewash Lait Nettoyant 150 ml"}]},{"@type":"WebSite","@id":"https:\/\/districos.standingout.be\/fr\/#website","url":"https:\/\/districos.standingout.be\/fr\/","name":"Districos Webshop","description":"","publisher":{"@id":"https:\/\/districos.standingout.be\/fr\/#organization"},"potentialAction":[{"@type":"SearchAction","target":{"@type":"EntryPoint","urlTemplate":"https:\/\/districos.standingout.be\/fr\/?s={search_term_string}"},"query-input":{"@type":"PropertyValueSpecification","valueRequired":true,"valueName":"search_term_string"}}],"inLanguage":"fr-FR"},{"@type":"Organization","@id":"https:\/\/districos.standingout.be\/fr\/#organization","name":"Districos Webshop","url":"https:\/\/districos.standingout.be\/fr\/","logo":{"@type":"ImageObject","inLanguage":"fr-FR","@id":"https:\/\/districos.standingout.be\/fr\/#\/schema\/logo\/image\/","url":"https:\/\/districos.standingout.be\/wp-content\/uploads\/2022\/09\/Districos_Logo_Webshop.svg","contentUrl":"https:\/\/districos.standingout.be\/wp-content\/uploads\/2022\/09\/Districos_Logo_Webshop.svg","caption":"Districos Webshop"},"image":{"@id":"https:\/\/districos.standingout.be\/fr\/#\/schema\/logo\/image\/"}}]}},"_links":{"self":[{"href":"https:\/\/districos.standingout.be\/fr\/wp-json\/wp\/v2\/product\/137095","targetHints":{"allow":["GET"]}}],"collection":[{"href":"https:\/\/districos.standingout.be\/fr\/wp-json\/wp\/v2\/product"}],"about":[{"href":"https:\/\/districos.standingout.be\/fr\/wp-json\/wp\/v2\/types\/product"}],"replies":[{"embeddable":true,"href":"https:\/\/districos.standingout.be\/fr\/wp-json\/wp\/v2\/comments?post=137095"}],"wp:featuredmedia":[{"embeddable":true,"href":"https:\/\/districos.standingout.be\/fr\/wp-json\/wp\/v2\/media\/77765"}],"wp:attachment":[{"href":"https:\/\/districos.standingout.be\/fr\/wp-json\/wp\/v2\/media?parent=137095"}],"wp:term":[{"taxonomy":"product_brand","embeddable":true,"href":"https:\/\/districos.standingout.be\/fr\/wp-json\/wp\/v2\/product_brand?post=137095"},{"taxonomy":"product_cat","embeddable":true,"href":"https:\/\/districos.standingout.be\/fr\/wp-json\/wp\/v2\/product_cat?post=137095"},{"taxonomy":"product_tag","embeddable":true,"href":"https:\/\/districos.standingout.be\/fr\/wp-json\/wp\/v2\/product_tag?post=137095"}],"curies":[{"name":"wp","href":"https:\/\/api.w.org\/{rel}","templated":true}]}}