{"id":137099,"date":"2026-04-28T09:47:45","date_gmt":"2026-04-28T07:47:45","guid":{"rendered":"https:\/\/webshopdistricoscom.webhosting.be\/product\/bio-balance-lotion-aloe-vera-150-ml-ref-7073-11\/"},"modified":"2026-04-28T09:47:50","modified_gmt":"2026-04-28T07:47:50","slug":"bio-balance-lotion-aloe-vera-150-ml-ref-7073-11","status":"publish","type":"product","link":"https:\/\/districos.standingout.be\/fr\/product\/bio-balance-lotion-aloe-vera-150-ml-ref-7073-11\/","title":{"rendered":"Bio Balance Lotion Aloe Vera 150 ml"},"content":{"rendered":"<p >\n<\/p>\n<p dir=\"ltr\"><font size=\"2\"><b>HYDRATANT &#8211; RAFRA\u00ceCHISSANT &#8211; R\u00c9PARATEUR<\/b><br \/>Cette lotion rafra\u00eechissante compl\u00e8te le nettoyage et adoucit la peau sans la dess\u00e9cher. La lotion est id\u00e9ale pour les peaux normales \u00e0 mixtes ou les peaux grasses et impures \u00e0 tendance acn\u00e9ique. S&rsquo;utilise \u00e9galement entre certaines \u00e9tapes du soin afin de normaliser la valeur pH de la peau ou de fixer le maquillage.<\/font><\/p>\n<p dir=\"ltr\"><font size=\"2\"><\/font><\/p>\n<ul>\n<li><font size=\"2\">150 ml.<\/font><\/li>\n<li><font size=\"2\">Vegan.<\/font><\/li>\n<\/ul>\n<p dir=\"ltr\"><font size=\"2\"><font face=\"Verdana\"><b>Substances actives<\/b><br \/><\/font><\/font><\/p>\n<ul>\n<li><font size=\"2\">La glyc\u00e9rine, un ingr\u00e9dient qui est naturellement pr\u00e9sent dans le corps, r\u00e9tablit la barri\u00e8re hydrolipidique naturelle pour prot\u00e9ger la peau et pour combattre la d\u00e9shydratation. Rend la peau douce et lisse.<\/font><\/li>\n<li><font size=\"2\">L&rsquo;extrait d&rsquo;aloe vera apaise la peau irrit\u00e9e, rafra\u00eechit et hydrate.<\/font><\/li>\n<li><font size=\"2\">L&rsquo;extrait de camomille a une action anti-inflammatoire, apaisante et gu\u00e9rissante pour combattre les rougeurs et les irritations.<\/font><\/li>\n<\/ul>\n<p dir=\"ltr\"><font size=\"2\"><font face=\"Verdana\"><b>Mode d&#8217;emploi<\/b><br \/><\/font><\/font><\/p>\n<ul>\n<li><font size=\"2\">Appliquez la lotion avec un coton et s\u00e9chez ensuite la peau avec un tissu.<\/font><\/li>\n<li><font size=\"2\">Vaporisez la lotion directement sur le maquillage afin de le fixer.<\/font><\/li>\n<li><font size=\"2\">Plusieurs vaporisations vous procurent un rafra\u00eechissement tout au long de la journ\u00e9e.<\/font><\/li>\n<\/ul>\n<p dir=\"ltr\"><font size=\"2\"><font face=\"Verdana\"><b>Aussi disponible<\/b><br \/>Flacon de cabine de 500 ml (<u><a href=\"https:\/\/districos.com\/ProductDetail\/7063.11\" target=\"_blank\" rel=\"noopener noreferrer nofollow\">r\u00e9f. 7063.11<\/a><\/u>)<\/font><\/font><\/p><\/p>\n","protected":false},"excerpt":{"rendered":"<p>HYDRATANT &#8211; RAFRA\u00ceCHISSANT &#8211; R\u00c9PARATEURCette lotion rafra\u00eechissante compl\u00e8te le nettoyage et adoucit la peau sans la dess\u00e9cher. La lotion est id\u00e9ale pour les peaux normales \u00e0 mixtes ou les peaux grasses et impures \u00e0 tendance acn\u00e9ique. S&rsquo;utilise \u00e9galement entre certaines \u00e9tapes du soin afin de normaliser la valeur pH de la peau ou de fixer [&hellip;]<\/p>\n","protected":false},"featured_media":77783,"comment_status":"open","ping_status":"closed","template":"","meta":{"_acf_changed":false},"product_brand":[10308],"product_cat":[9856],"product_tag":[],"class_list":{"0":"post-137099","1":"product","2":"type-product","3":"status-publish","4":"has-post-thumbnail","6":"product_brand-bb_gelaat-fr","7":"product_cat-beaute-visage-bio-balance-visage","9":"first","10":"instock","11":"taxable","12":"shipping-taxable","13":"product-type-simple"},"acf":[],"yoast_head":"<!-- This site is optimized with the Yoast SEO plugin v27.3 - https:\/\/yoast.com\/product\/yoast-seo-wordpress\/ -->\n<title>Bio Balance Lotion Aloe Vera 150 ml - Districos Webshop<\/title>\n<meta name=\"robots\" content=\"noindex, follow, max-snippet:-1, max-image-preview:large, max-video-preview:-1\" \/>\n<meta property=\"og:locale\" content=\"fr_FR\" \/>\n<meta property=\"og:type\" content=\"article\" \/>\n<meta property=\"og:title\" content=\"Bio Balance Lotion Aloe Vera 150 ml - Districos Webshop\" \/>\n<meta property=\"og:description\" content=\"HYDRATANT &#8211; RAFRA\u00ceCHISSANT &#8211; R\u00c9PARATEURCette lotion rafra\u00eechissante compl\u00e8te le nettoyage et adoucit la peau sans la dess\u00e9cher. La lotion est id\u00e9ale pour les peaux normales \u00e0 mixtes ou les peaux grasses et impures \u00e0 tendance acn\u00e9ique. S&rsquo;utilise \u00e9galement entre certaines \u00e9tapes du soin afin de normaliser la valeur pH de la peau ou de fixer [&hellip;]\" \/>\n<meta property=\"og:url\" content=\"https:\/\/districos.standingout.be\/fr\/product\/bio-balance-lotion-aloe-vera-150-ml-ref-7073-11\/\" \/>\n<meta property=\"og:site_name\" content=\"Districos Webshop\" \/>\n<meta property=\"article:modified_time\" content=\"2026-04-28T07:47:50+00:00\" \/>\n<meta name=\"twitter:card\" content=\"summary_large_image\" \/>\n<meta name=\"twitter:label1\" content=\"Dur\u00e9e de lecture estim\u00e9e\" \/>\n\t<meta name=\"twitter:data1\" content=\"1 minute\" \/>\n<script type=\"application\/ld+json\" class=\"yoast-schema-graph\">{\"@context\":\"https:\\\/\\\/schema.org\",\"@graph\":[{\"@type\":\"WebPage\",\"@id\":\"https:\\\/\\\/districos.standingout.be\\\/fr\\\/product\\\/bio-balance-lotion-aloe-vera-150-ml-ref-7073-11\\\/\",\"url\":\"https:\\\/\\\/districos.standingout.be\\\/fr\\\/product\\\/bio-balance-lotion-aloe-vera-150-ml-ref-7073-11\\\/\",\"name\":\"Bio Balance Lotion Aloe Vera 150 ml - Districos Webshop\",\"isPartOf\":{\"@id\":\"https:\\\/\\\/districos.standingout.be\\\/fr\\\/#website\"},\"primaryImageOfPage\":{\"@id\":\"https:\\\/\\\/districos.standingout.be\\\/fr\\\/product\\\/bio-balance-lotion-aloe-vera-150-ml-ref-7073-11\\\/#primaryimage\"},\"image\":{\"@id\":\"https:\\\/\\\/districos.standingout.be\\\/fr\\\/product\\\/bio-balance-lotion-aloe-vera-150-ml-ref-7073-11\\\/#primaryimage\"},\"thumbnailUrl\":\"https:\\\/\\\/districos.standingout.be\\\/wp-content\\\/uploads\\\/2025\\\/07\\\/7073.11@LowRes_1.png\",\"datePublished\":\"2026-04-28T07:47:45+00:00\",\"dateModified\":\"2026-04-28T07:47:50+00:00\",\"breadcrumb\":{\"@id\":\"https:\\\/\\\/districos.standingout.be\\\/fr\\\/product\\\/bio-balance-lotion-aloe-vera-150-ml-ref-7073-11\\\/#breadcrumb\"},\"inLanguage\":\"fr-FR\",\"potentialAction\":[{\"@type\":\"ReadAction\",\"target\":[\"https:\\\/\\\/districos.standingout.be\\\/fr\\\/product\\\/bio-balance-lotion-aloe-vera-150-ml-ref-7073-11\\\/\"]}]},{\"@type\":\"ImageObject\",\"inLanguage\":\"fr-FR\",\"@id\":\"https:\\\/\\\/districos.standingout.be\\\/fr\\\/product\\\/bio-balance-lotion-aloe-vera-150-ml-ref-7073-11\\\/#primaryimage\",\"url\":\"https:\\\/\\\/districos.standingout.be\\\/wp-content\\\/uploads\\\/2025\\\/07\\\/7073.11@LowRes_1.png\",\"contentUrl\":\"https:\\\/\\\/districos.standingout.be\\\/wp-content\\\/uploads\\\/2025\\\/07\\\/7073.11@LowRes_1.png\",\"width\":600,\"height\":600},{\"@type\":\"BreadcrumbList\",\"@id\":\"https:\\\/\\\/districos.standingout.be\\\/fr\\\/product\\\/bio-balance-lotion-aloe-vera-150-ml-ref-7073-11\\\/#breadcrumb\",\"itemListElement\":[{\"@type\":\"ListItem\",\"position\":1,\"name\":\"Home\",\"item\":\"https:\\\/\\\/districos.standingout.be\\\/fr\\\/bienvenue-chez-districos\\\/\"},{\"@type\":\"ListItem\",\"position\":2,\"name\":\"Boutique\",\"item\":\"https:\\\/\\\/districos.standingout.be\\\/fr\\\/boutique\\\/\"},{\"@type\":\"ListItem\",\"position\":3,\"name\":\"Bio Balance Lotion Aloe Vera 150 ml\"}]},{\"@type\":\"WebSite\",\"@id\":\"https:\\\/\\\/districos.standingout.be\\\/fr\\\/#website\",\"url\":\"https:\\\/\\\/districos.standingout.be\\\/fr\\\/\",\"name\":\"Districos Webshop\",\"description\":\"\",\"publisher\":{\"@id\":\"https:\\\/\\\/districos.standingout.be\\\/fr\\\/#organization\"},\"potentialAction\":[{\"@type\":\"SearchAction\",\"target\":{\"@type\":\"EntryPoint\",\"urlTemplate\":\"https:\\\/\\\/districos.standingout.be\\\/fr\\\/?s={search_term_string}\"},\"query-input\":{\"@type\":\"PropertyValueSpecification\",\"valueRequired\":true,\"valueName\":\"search_term_string\"}}],\"inLanguage\":\"fr-FR\"},{\"@type\":\"Organization\",\"@id\":\"https:\\\/\\\/districos.standingout.be\\\/fr\\\/#organization\",\"name\":\"Districos Webshop\",\"url\":\"https:\\\/\\\/districos.standingout.be\\\/fr\\\/\",\"logo\":{\"@type\":\"ImageObject\",\"inLanguage\":\"fr-FR\",\"@id\":\"https:\\\/\\\/districos.standingout.be\\\/fr\\\/#\\\/schema\\\/logo\\\/image\\\/\",\"url\":\"https:\\\/\\\/districos.standingout.be\\\/wp-content\\\/uploads\\\/2022\\\/09\\\/Districos_Logo_Webshop.svg\",\"contentUrl\":\"https:\\\/\\\/districos.standingout.be\\\/wp-content\\\/uploads\\\/2022\\\/09\\\/Districos_Logo_Webshop.svg\",\"caption\":\"Districos Webshop\"},\"image\":{\"@id\":\"https:\\\/\\\/districos.standingout.be\\\/fr\\\/#\\\/schema\\\/logo\\\/image\\\/\"}}]}<\/script>\n<!-- \/ Yoast SEO plugin. -->","yoast_head_json":{"title":"Bio Balance Lotion Aloe Vera 150 ml - Districos Webshop","robots":{"index":"noindex","follow":"follow","max-snippet":"max-snippet:-1","max-image-preview":"max-image-preview:large","max-video-preview":"max-video-preview:-1"},"og_locale":"fr_FR","og_type":"article","og_title":"Bio Balance Lotion Aloe Vera 150 ml - Districos Webshop","og_description":"HYDRATANT &#8211; RAFRA\u00ceCHISSANT &#8211; R\u00c9PARATEURCette lotion rafra\u00eechissante compl\u00e8te le nettoyage et adoucit la peau sans la dess\u00e9cher. La lotion est id\u00e9ale pour les peaux normales \u00e0 mixtes ou les peaux grasses et impures \u00e0 tendance acn\u00e9ique. S&rsquo;utilise \u00e9galement entre certaines \u00e9tapes du soin afin de normaliser la valeur pH de la peau ou de fixer [&hellip;]","og_url":"https:\/\/districos.standingout.be\/fr\/product\/bio-balance-lotion-aloe-vera-150-ml-ref-7073-11\/","og_site_name":"Districos Webshop","article_modified_time":"2026-04-28T07:47:50+00:00","twitter_card":"summary_large_image","twitter_misc":{"Dur\u00e9e de lecture estim\u00e9e":"1 minute"},"schema":{"@context":"https:\/\/schema.org","@graph":[{"@type":"WebPage","@id":"https:\/\/districos.standingout.be\/fr\/product\/bio-balance-lotion-aloe-vera-150-ml-ref-7073-11\/","url":"https:\/\/districos.standingout.be\/fr\/product\/bio-balance-lotion-aloe-vera-150-ml-ref-7073-11\/","name":"Bio Balance Lotion Aloe Vera 150 ml - Districos Webshop","isPartOf":{"@id":"https:\/\/districos.standingout.be\/fr\/#website"},"primaryImageOfPage":{"@id":"https:\/\/districos.standingout.be\/fr\/product\/bio-balance-lotion-aloe-vera-150-ml-ref-7073-11\/#primaryimage"},"image":{"@id":"https:\/\/districos.standingout.be\/fr\/product\/bio-balance-lotion-aloe-vera-150-ml-ref-7073-11\/#primaryimage"},"thumbnailUrl":"https:\/\/districos.standingout.be\/wp-content\/uploads\/2025\/07\/7073.11@LowRes_1.png","datePublished":"2026-04-28T07:47:45+00:00","dateModified":"2026-04-28T07:47:50+00:00","breadcrumb":{"@id":"https:\/\/districos.standingout.be\/fr\/product\/bio-balance-lotion-aloe-vera-150-ml-ref-7073-11\/#breadcrumb"},"inLanguage":"fr-FR","potentialAction":[{"@type":"ReadAction","target":["https:\/\/districos.standingout.be\/fr\/product\/bio-balance-lotion-aloe-vera-150-ml-ref-7073-11\/"]}]},{"@type":"ImageObject","inLanguage":"fr-FR","@id":"https:\/\/districos.standingout.be\/fr\/product\/bio-balance-lotion-aloe-vera-150-ml-ref-7073-11\/#primaryimage","url":"https:\/\/districos.standingout.be\/wp-content\/uploads\/2025\/07\/7073.11@LowRes_1.png","contentUrl":"https:\/\/districos.standingout.be\/wp-content\/uploads\/2025\/07\/7073.11@LowRes_1.png","width":600,"height":600},{"@type":"BreadcrumbList","@id":"https:\/\/districos.standingout.be\/fr\/product\/bio-balance-lotion-aloe-vera-150-ml-ref-7073-11\/#breadcrumb","itemListElement":[{"@type":"ListItem","position":1,"name":"Home","item":"https:\/\/districos.standingout.be\/fr\/bienvenue-chez-districos\/"},{"@type":"ListItem","position":2,"name":"Boutique","item":"https:\/\/districos.standingout.be\/fr\/boutique\/"},{"@type":"ListItem","position":3,"name":"Bio Balance Lotion Aloe Vera 150 ml"}]},{"@type":"WebSite","@id":"https:\/\/districos.standingout.be\/fr\/#website","url":"https:\/\/districos.standingout.be\/fr\/","name":"Districos Webshop","description":"","publisher":{"@id":"https:\/\/districos.standingout.be\/fr\/#organization"},"potentialAction":[{"@type":"SearchAction","target":{"@type":"EntryPoint","urlTemplate":"https:\/\/districos.standingout.be\/fr\/?s={search_term_string}"},"query-input":{"@type":"PropertyValueSpecification","valueRequired":true,"valueName":"search_term_string"}}],"inLanguage":"fr-FR"},{"@type":"Organization","@id":"https:\/\/districos.standingout.be\/fr\/#organization","name":"Districos Webshop","url":"https:\/\/districos.standingout.be\/fr\/","logo":{"@type":"ImageObject","inLanguage":"fr-FR","@id":"https:\/\/districos.standingout.be\/fr\/#\/schema\/logo\/image\/","url":"https:\/\/districos.standingout.be\/wp-content\/uploads\/2022\/09\/Districos_Logo_Webshop.svg","contentUrl":"https:\/\/districos.standingout.be\/wp-content\/uploads\/2022\/09\/Districos_Logo_Webshop.svg","caption":"Districos Webshop"},"image":{"@id":"https:\/\/districos.standingout.be\/fr\/#\/schema\/logo\/image\/"}}]}},"_links":{"self":[{"href":"https:\/\/districos.standingout.be\/fr\/wp-json\/wp\/v2\/product\/137099","targetHints":{"allow":["GET"]}}],"collection":[{"href":"https:\/\/districos.standingout.be\/fr\/wp-json\/wp\/v2\/product"}],"about":[{"href":"https:\/\/districos.standingout.be\/fr\/wp-json\/wp\/v2\/types\/product"}],"replies":[{"embeddable":true,"href":"https:\/\/districos.standingout.be\/fr\/wp-json\/wp\/v2\/comments?post=137099"}],"wp:featuredmedia":[{"embeddable":true,"href":"https:\/\/districos.standingout.be\/fr\/wp-json\/wp\/v2\/media\/77783"}],"wp:attachment":[{"href":"https:\/\/districos.standingout.be\/fr\/wp-json\/wp\/v2\/media?parent=137099"}],"wp:term":[{"taxonomy":"product_brand","embeddable":true,"href":"https:\/\/districos.standingout.be\/fr\/wp-json\/wp\/v2\/product_brand?post=137099"},{"taxonomy":"product_cat","embeddable":true,"href":"https:\/\/districos.standingout.be\/fr\/wp-json\/wp\/v2\/product_cat?post=137099"},{"taxonomy":"product_tag","embeddable":true,"href":"https:\/\/districos.standingout.be\/fr\/wp-json\/wp\/v2\/product_tag?post=137099"}],"curies":[{"name":"wp","href":"https:\/\/api.w.org\/{rel}","templated":true}]}}