{"id":137101,"date":"2026-04-28T09:48:28","date_gmt":"2026-04-28T07:48:28","guid":{"rendered":"https:\/\/webshopdistricoscom.webhosting.be\/product\/bio-balance-lotion-aux-extraits-de-roses-150-ml-ref-7073-12\/"},"modified":"2026-04-28T09:48:37","modified_gmt":"2026-04-28T07:48:37","slug":"bio-balance-lotion-aux-extraits-de-roses-150-ml-ref-7073-12","status":"publish","type":"product","link":"https:\/\/districos.standingout.be\/fr\/product\/bio-balance-lotion-aux-extraits-de-roses-150-ml-ref-7073-12\/","title":{"rendered":"Bio Balance Lotion aux Extraits de Roses 150 ml"},"content":{"rendered":"<p >\n<\/p>\n<\/p>\n<p dir=\"ltr\"><font size=\"2\"><b>HYDRATANT &#8211; RAFRA\u00ceCHISSANT &#8211; ADOUCISSANT<\/b><br \/>Cette lotion visage ultra douce et rafra\u00eechissante \u00e0 l&rsquo;agr\u00e9able parfum de roses tonifie les peaux s\u00e8ches, sensibles et d\u00e9shydrat\u00e9es. La glyc\u00e9rine et les extraits de calendula et de roses rendent la peau douce et \u00e9clatante et stimulent la r\u00e9g\u00e9n\u00e9ration de la peau sensible. La lotion s&rsquo;utilise \u00e9galement entre certaines \u00e9tapes du soin afin de normaliser la valeur pH de la peau ou de fixer le maquillage.<br \/><\/font><\/p>\n<ul>\n<li><font size=\"2\"><font size=\"2\"> 150 ml.<\/font><\/font><\/li>\n<li><font size=\"2\">Vegan.<\/font><\/li>\n<\/ul>\n<p><font size=\"2\" face=\"Verdana\"><b>Substances actives<\/b><\/p>\n<ul>\n<li><font size=\"2\">La glyc\u00e9rine, un ingr\u00e9dient qui est naturellement pr\u00e9sent dans le corps, r\u00e9tablit la barri\u00e8re hydrolipidique naturelle pour prot\u00e9ger la peau et pour combattre la d\u00e9shydratation. Rend la peau douce et lisse.<\/font><\/li>\n<li><font size=\"2\">L&rsquo;extrait de roses stimule la r\u00e9g\u00e9n\u00e9ration cellulaire naturelle et hydrate la peau. Il a un effet adoucissant et apaisant sur la peau.<\/font><\/li>\n<li><font size=\"2\">L&rsquo;extrait de calendula apaise la peau et soutient la r\u00e9g\u00e9n\u00e9ration cutan\u00e9e.<\/font><\/li>\n<\/ul>\n<p><b>Mode d&#8217;emploi<\/b><\/p>\n<ul>\n<li><font size=\"2\">Appliquez la lotion avec un coton et s\u00e9chez ensuite la peau avec un tissu.<\/font><\/li>\n<li><font size=\"2\">Vaporisez la lotion directement sur le maquillage afin de le fixer et prolonger sa tenue.<\/font><\/li>\n<li><font size=\"2\">Plusieurs vaporisations vous procurent un rafra\u00eechissement tout au long de la journ\u00e9e.<\/font><\/li>\n<\/ul>\n<p><b>Aussi disponible<\/b><\/p>\n<ul>\n<li><font size=\"2\">Flacon de cabine de 500 ml (<u><a href=\"https:\/\/districos.com\/ProductDetail\/7063.12\" target=\"_blank\" rel=\"noopener noreferrer nofollow\">r\u00e9f. 7063.12<\/a><\/u>)<\/font><\/li>\n<li><font size=\"2\">Emballage de voyage de 50 ml (<u><a href=\"https:\/\/districos.com\/ProductDetail\/7066.03\" target=\"_blank\" rel=\"noopener noreferrer nofollow\">r\u00e9f. 7066.03<\/a><\/u>)<\/font><\/li>\n<\/ul>\n<p><\/font><\/p><\/p>\n","protected":false},"excerpt":{"rendered":"<p>HYDRATANT &#8211; RAFRA\u00ceCHISSANT &#8211; ADOUCISSANTCette lotion visage ultra douce et rafra\u00eechissante \u00e0 l&rsquo;agr\u00e9able parfum de roses tonifie les peaux s\u00e8ches, sensibles et d\u00e9shydrat\u00e9es. La glyc\u00e9rine et les extraits de calendula et de roses rendent la peau douce et \u00e9clatante et stimulent la r\u00e9g\u00e9n\u00e9ration de la peau sensible. La lotion s&rsquo;utilise \u00e9galement entre certaines \u00e9tapes du [&hellip;]<\/p>\n","protected":false},"featured_media":77792,"comment_status":"open","ping_status":"closed","template":"","meta":{"_acf_changed":false},"product_brand":[10308],"product_cat":[9856],"product_tag":[],"class_list":{"0":"post-137101","1":"product","2":"type-product","3":"status-publish","4":"has-post-thumbnail","6":"product_brand-bb_gelaat-fr","7":"product_cat-beaute-visage-bio-balance-visage","9":"first","10":"instock","11":"taxable","12":"shipping-taxable","13":"product-type-simple"},"acf":[],"yoast_head":"<!-- This site is optimized with the Yoast SEO plugin v27.3 - https:\/\/yoast.com\/product\/yoast-seo-wordpress\/ -->\n<title>Bio Balance Lotion aux Extraits de Roses 150 ml - Districos Webshop<\/title>\n<meta name=\"robots\" content=\"noindex, follow, max-snippet:-1, max-image-preview:large, max-video-preview:-1\" \/>\n<meta property=\"og:locale\" content=\"fr_FR\" \/>\n<meta property=\"og:type\" content=\"article\" \/>\n<meta property=\"og:title\" content=\"Bio Balance Lotion aux Extraits de Roses 150 ml - Districos Webshop\" \/>\n<meta property=\"og:description\" content=\"HYDRATANT &#8211; RAFRA\u00ceCHISSANT &#8211; ADOUCISSANTCette lotion visage ultra douce et rafra\u00eechissante \u00e0 l&rsquo;agr\u00e9able parfum de roses tonifie les peaux s\u00e8ches, sensibles et d\u00e9shydrat\u00e9es. La glyc\u00e9rine et les extraits de calendula et de roses rendent la peau douce et \u00e9clatante et stimulent la r\u00e9g\u00e9n\u00e9ration de la peau sensible. La lotion s&rsquo;utilise \u00e9galement entre certaines \u00e9tapes du [&hellip;]\" \/>\n<meta property=\"og:url\" content=\"https:\/\/districos.standingout.be\/fr\/product\/bio-balance-lotion-aux-extraits-de-roses-150-ml-ref-7073-12\/\" \/>\n<meta property=\"og:site_name\" content=\"Districos Webshop\" \/>\n<meta property=\"article:modified_time\" content=\"2026-04-28T07:48:37+00:00\" \/>\n<meta name=\"twitter:card\" content=\"summary_large_image\" \/>\n<meta name=\"twitter:label1\" content=\"Dur\u00e9e de lecture estim\u00e9e\" \/>\n\t<meta name=\"twitter:data1\" content=\"1 minute\" \/>\n<script type=\"application\/ld+json\" class=\"yoast-schema-graph\">{\"@context\":\"https:\\\/\\\/schema.org\",\"@graph\":[{\"@type\":\"WebPage\",\"@id\":\"https:\\\/\\\/districos.standingout.be\\\/fr\\\/product\\\/bio-balance-lotion-aux-extraits-de-roses-150-ml-ref-7073-12\\\/\",\"url\":\"https:\\\/\\\/districos.standingout.be\\\/fr\\\/product\\\/bio-balance-lotion-aux-extraits-de-roses-150-ml-ref-7073-12\\\/\",\"name\":\"Bio Balance Lotion aux Extraits de Roses 150 ml - Districos Webshop\",\"isPartOf\":{\"@id\":\"https:\\\/\\\/districos.standingout.be\\\/fr\\\/#website\"},\"primaryImageOfPage\":{\"@id\":\"https:\\\/\\\/districos.standingout.be\\\/fr\\\/product\\\/bio-balance-lotion-aux-extraits-de-roses-150-ml-ref-7073-12\\\/#primaryimage\"},\"image\":{\"@id\":\"https:\\\/\\\/districos.standingout.be\\\/fr\\\/product\\\/bio-balance-lotion-aux-extraits-de-roses-150-ml-ref-7073-12\\\/#primaryimage\"},\"thumbnailUrl\":\"https:\\\/\\\/districos.standingout.be\\\/wp-content\\\/uploads\\\/2025\\\/07\\\/7073.12@LowRes_1.png\",\"datePublished\":\"2026-04-28T07:48:28+00:00\",\"dateModified\":\"2026-04-28T07:48:37+00:00\",\"breadcrumb\":{\"@id\":\"https:\\\/\\\/districos.standingout.be\\\/fr\\\/product\\\/bio-balance-lotion-aux-extraits-de-roses-150-ml-ref-7073-12\\\/#breadcrumb\"},\"inLanguage\":\"fr-FR\",\"potentialAction\":[{\"@type\":\"ReadAction\",\"target\":[\"https:\\\/\\\/districos.standingout.be\\\/fr\\\/product\\\/bio-balance-lotion-aux-extraits-de-roses-150-ml-ref-7073-12\\\/\"]}]},{\"@type\":\"ImageObject\",\"inLanguage\":\"fr-FR\",\"@id\":\"https:\\\/\\\/districos.standingout.be\\\/fr\\\/product\\\/bio-balance-lotion-aux-extraits-de-roses-150-ml-ref-7073-12\\\/#primaryimage\",\"url\":\"https:\\\/\\\/districos.standingout.be\\\/wp-content\\\/uploads\\\/2025\\\/07\\\/7073.12@LowRes_1.png\",\"contentUrl\":\"https:\\\/\\\/districos.standingout.be\\\/wp-content\\\/uploads\\\/2025\\\/07\\\/7073.12@LowRes_1.png\",\"width\":600,\"height\":600},{\"@type\":\"BreadcrumbList\",\"@id\":\"https:\\\/\\\/districos.standingout.be\\\/fr\\\/product\\\/bio-balance-lotion-aux-extraits-de-roses-150-ml-ref-7073-12\\\/#breadcrumb\",\"itemListElement\":[{\"@type\":\"ListItem\",\"position\":1,\"name\":\"Home\",\"item\":\"https:\\\/\\\/districos.standingout.be\\\/fr\\\/bienvenue-chez-districos\\\/\"},{\"@type\":\"ListItem\",\"position\":2,\"name\":\"Boutique\",\"item\":\"https:\\\/\\\/districos.standingout.be\\\/fr\\\/boutique\\\/\"},{\"@type\":\"ListItem\",\"position\":3,\"name\":\"Bio Balance Lotion aux Extraits de Roses 150 ml\"}]},{\"@type\":\"WebSite\",\"@id\":\"https:\\\/\\\/districos.standingout.be\\\/fr\\\/#website\",\"url\":\"https:\\\/\\\/districos.standingout.be\\\/fr\\\/\",\"name\":\"Districos Webshop\",\"description\":\"\",\"publisher\":{\"@id\":\"https:\\\/\\\/districos.standingout.be\\\/fr\\\/#organization\"},\"potentialAction\":[{\"@type\":\"SearchAction\",\"target\":{\"@type\":\"EntryPoint\",\"urlTemplate\":\"https:\\\/\\\/districos.standingout.be\\\/fr\\\/?s={search_term_string}\"},\"query-input\":{\"@type\":\"PropertyValueSpecification\",\"valueRequired\":true,\"valueName\":\"search_term_string\"}}],\"inLanguage\":\"fr-FR\"},{\"@type\":\"Organization\",\"@id\":\"https:\\\/\\\/districos.standingout.be\\\/fr\\\/#organization\",\"name\":\"Districos Webshop\",\"url\":\"https:\\\/\\\/districos.standingout.be\\\/fr\\\/\",\"logo\":{\"@type\":\"ImageObject\",\"inLanguage\":\"fr-FR\",\"@id\":\"https:\\\/\\\/districos.standingout.be\\\/fr\\\/#\\\/schema\\\/logo\\\/image\\\/\",\"url\":\"https:\\\/\\\/districos.standingout.be\\\/wp-content\\\/uploads\\\/2022\\\/09\\\/Districos_Logo_Webshop.svg\",\"contentUrl\":\"https:\\\/\\\/districos.standingout.be\\\/wp-content\\\/uploads\\\/2022\\\/09\\\/Districos_Logo_Webshop.svg\",\"caption\":\"Districos Webshop\"},\"image\":{\"@id\":\"https:\\\/\\\/districos.standingout.be\\\/fr\\\/#\\\/schema\\\/logo\\\/image\\\/\"}}]}<\/script>\n<!-- \/ Yoast SEO plugin. -->","yoast_head_json":{"title":"Bio Balance Lotion aux Extraits de Roses 150 ml - Districos Webshop","robots":{"index":"noindex","follow":"follow","max-snippet":"max-snippet:-1","max-image-preview":"max-image-preview:large","max-video-preview":"max-video-preview:-1"},"og_locale":"fr_FR","og_type":"article","og_title":"Bio Balance Lotion aux Extraits de Roses 150 ml - Districos Webshop","og_description":"HYDRATANT &#8211; RAFRA\u00ceCHISSANT &#8211; ADOUCISSANTCette lotion visage ultra douce et rafra\u00eechissante \u00e0 l&rsquo;agr\u00e9able parfum de roses tonifie les peaux s\u00e8ches, sensibles et d\u00e9shydrat\u00e9es. La glyc\u00e9rine et les extraits de calendula et de roses rendent la peau douce et \u00e9clatante et stimulent la r\u00e9g\u00e9n\u00e9ration de la peau sensible. La lotion s&rsquo;utilise \u00e9galement entre certaines \u00e9tapes du [&hellip;]","og_url":"https:\/\/districos.standingout.be\/fr\/product\/bio-balance-lotion-aux-extraits-de-roses-150-ml-ref-7073-12\/","og_site_name":"Districos Webshop","article_modified_time":"2026-04-28T07:48:37+00:00","twitter_card":"summary_large_image","twitter_misc":{"Dur\u00e9e de lecture estim\u00e9e":"1 minute"},"schema":{"@context":"https:\/\/schema.org","@graph":[{"@type":"WebPage","@id":"https:\/\/districos.standingout.be\/fr\/product\/bio-balance-lotion-aux-extraits-de-roses-150-ml-ref-7073-12\/","url":"https:\/\/districos.standingout.be\/fr\/product\/bio-balance-lotion-aux-extraits-de-roses-150-ml-ref-7073-12\/","name":"Bio Balance Lotion aux Extraits de Roses 150 ml - Districos Webshop","isPartOf":{"@id":"https:\/\/districos.standingout.be\/fr\/#website"},"primaryImageOfPage":{"@id":"https:\/\/districos.standingout.be\/fr\/product\/bio-balance-lotion-aux-extraits-de-roses-150-ml-ref-7073-12\/#primaryimage"},"image":{"@id":"https:\/\/districos.standingout.be\/fr\/product\/bio-balance-lotion-aux-extraits-de-roses-150-ml-ref-7073-12\/#primaryimage"},"thumbnailUrl":"https:\/\/districos.standingout.be\/wp-content\/uploads\/2025\/07\/7073.12@LowRes_1.png","datePublished":"2026-04-28T07:48:28+00:00","dateModified":"2026-04-28T07:48:37+00:00","breadcrumb":{"@id":"https:\/\/districos.standingout.be\/fr\/product\/bio-balance-lotion-aux-extraits-de-roses-150-ml-ref-7073-12\/#breadcrumb"},"inLanguage":"fr-FR","potentialAction":[{"@type":"ReadAction","target":["https:\/\/districos.standingout.be\/fr\/product\/bio-balance-lotion-aux-extraits-de-roses-150-ml-ref-7073-12\/"]}]},{"@type":"ImageObject","inLanguage":"fr-FR","@id":"https:\/\/districos.standingout.be\/fr\/product\/bio-balance-lotion-aux-extraits-de-roses-150-ml-ref-7073-12\/#primaryimage","url":"https:\/\/districos.standingout.be\/wp-content\/uploads\/2025\/07\/7073.12@LowRes_1.png","contentUrl":"https:\/\/districos.standingout.be\/wp-content\/uploads\/2025\/07\/7073.12@LowRes_1.png","width":600,"height":600},{"@type":"BreadcrumbList","@id":"https:\/\/districos.standingout.be\/fr\/product\/bio-balance-lotion-aux-extraits-de-roses-150-ml-ref-7073-12\/#breadcrumb","itemListElement":[{"@type":"ListItem","position":1,"name":"Home","item":"https:\/\/districos.standingout.be\/fr\/bienvenue-chez-districos\/"},{"@type":"ListItem","position":2,"name":"Boutique","item":"https:\/\/districos.standingout.be\/fr\/boutique\/"},{"@type":"ListItem","position":3,"name":"Bio Balance Lotion aux Extraits de Roses 150 ml"}]},{"@type":"WebSite","@id":"https:\/\/districos.standingout.be\/fr\/#website","url":"https:\/\/districos.standingout.be\/fr\/","name":"Districos Webshop","description":"","publisher":{"@id":"https:\/\/districos.standingout.be\/fr\/#organization"},"potentialAction":[{"@type":"SearchAction","target":{"@type":"EntryPoint","urlTemplate":"https:\/\/districos.standingout.be\/fr\/?s={search_term_string}"},"query-input":{"@type":"PropertyValueSpecification","valueRequired":true,"valueName":"search_term_string"}}],"inLanguage":"fr-FR"},{"@type":"Organization","@id":"https:\/\/districos.standingout.be\/fr\/#organization","name":"Districos Webshop","url":"https:\/\/districos.standingout.be\/fr\/","logo":{"@type":"ImageObject","inLanguage":"fr-FR","@id":"https:\/\/districos.standingout.be\/fr\/#\/schema\/logo\/image\/","url":"https:\/\/districos.standingout.be\/wp-content\/uploads\/2022\/09\/Districos_Logo_Webshop.svg","contentUrl":"https:\/\/districos.standingout.be\/wp-content\/uploads\/2022\/09\/Districos_Logo_Webshop.svg","caption":"Districos Webshop"},"image":{"@id":"https:\/\/districos.standingout.be\/fr\/#\/schema\/logo\/image\/"}}]}},"_links":{"self":[{"href":"https:\/\/districos.standingout.be\/fr\/wp-json\/wp\/v2\/product\/137101","targetHints":{"allow":["GET"]}}],"collection":[{"href":"https:\/\/districos.standingout.be\/fr\/wp-json\/wp\/v2\/product"}],"about":[{"href":"https:\/\/districos.standingout.be\/fr\/wp-json\/wp\/v2\/types\/product"}],"replies":[{"embeddable":true,"href":"https:\/\/districos.standingout.be\/fr\/wp-json\/wp\/v2\/comments?post=137101"}],"wp:featuredmedia":[{"embeddable":true,"href":"https:\/\/districos.standingout.be\/fr\/wp-json\/wp\/v2\/media\/77792"}],"wp:attachment":[{"href":"https:\/\/districos.standingout.be\/fr\/wp-json\/wp\/v2\/media?parent=137101"}],"wp:term":[{"taxonomy":"product_brand","embeddable":true,"href":"https:\/\/districos.standingout.be\/fr\/wp-json\/wp\/v2\/product_brand?post=137101"},{"taxonomy":"product_cat","embeddable":true,"href":"https:\/\/districos.standingout.be\/fr\/wp-json\/wp\/v2\/product_cat?post=137101"},{"taxonomy":"product_tag","embeddable":true,"href":"https:\/\/districos.standingout.be\/fr\/wp-json\/wp\/v2\/product_tag?post=137101"}],"curies":[{"name":"wp","href":"https:\/\/api.w.org\/{rel}","templated":true}]}}