{"id":137103,"date":"2026-04-28T09:48:37","date_gmt":"2026-04-28T07:48:37","guid":{"rendered":"https:\/\/webshopdistricoscom.webhosting.be\/product\/bio-balance-eau-micellaire-250-ml-ref-7073-13\/"},"modified":"2026-04-28T09:48:42","modified_gmt":"2026-04-28T07:48:42","slug":"bio-balance-eau-micellaire-250-ml-ref-7073-13","status":"publish","type":"product","link":"https:\/\/districos.standingout.be\/fr\/product\/bio-balance-eau-micellaire-250-ml-ref-7073-13\/","title":{"rendered":"Bio Balance Eau Micellaire 250 ml"},"content":{"rendered":"<p >\n<p><font face=\"Verdana\" size=\"2\">Eau micellaire hypoallerg\u00e9nique 3 en 1 qui est, contrairement \u00e0 d&rsquo;autres eaux micellaires, adapt\u00e9e \u00e0 tous les types de peaux, m\u00eame les plus sensibles, les yeux et les l\u00e8vres. En un clin d\u2019\u0153il, les micelles actives enl\u00e8vent le maquillage du visage, du contour des yeux, des cils et des l\u00e8vres. Les particules hydratantes ajout\u00e9es, comme l&rsquo;acide hyaluronique, hydratent et adoucissent la peau. Il ne faut pas rincer ni tonifier la peau parce que la valeur pH de la peau reste intacte.<\/font><\/p>\n<div>\n<ul>\n<li><font face=\"Verdana\" size=\"2\">Enl\u00e8ve facilement et rapidement le maquillage (waterproof) du visage, du contour des yeux, des cils et des l\u00e8vres et dissout les mati\u00e8res grasses et les impuret\u00e9s.<\/font><\/li>\n<li><font face=\"Verdana\" size=\"2\">Appropri\u00e9e aux peaux sensibles gr\u00e2ce \u00e0 sa formule douce.<\/font><\/li>\n<li><font size=\"2\">Vegan.<\/font><\/li>\n<\/ul>\n<\/div>\n<div><font face=\"Verdana\" size=\"2\"><b>Mode d&#8217;emploi<\/b><\/font><\/div>\n<div>\n<ul>\n<li><font face=\"Verdana\" size=\"2\">Appliquez le matin et le soir sur des cotons pour nettoyer le visage, le contour des yeux, les cils et les l\u00e8vres.<\/font><\/li>\n<li><font face=\"Verdana\" size=\"2\">S\u00e9chez en tamponnant. Pas besoin de rincer.<\/font><\/li>\n<\/ul>\n<\/div>\n<div><font face=\"Verdana\" size=\"2\"><b>Aussi disponible<\/b><\/font><\/div>\n<div>\n<ul>\n<li><font face=\"Verdana\" size=\"2\">Flacon de cabine de 500 ml (<u><a href=\"https:\/\/districos.com\/ProductDetail\/7063.13\" target=\"_blank\" rel=\"noopener noreferrer nofollow\">r\u00e9f. 7063.13<\/a><\/u>)<\/font><\/li>\n<li><font face=\"Verdana\" size=\"2\">Emballage de voyage de 50 ml (<u><a href=\"https:\/\/districos.com\/ProductDetail\/7066.05\" target=\"_blank\" rel=\"noopener noreferrer nofollow\">r\u00e9f. 7066.05<\/a><\/u>)<\/font><\/li>\n<li><font face=\"Verdana\" size=\"2\">Pr\u00e9sentoir de vente avec 6 x 250 ml (<u><a href=\"https:\/\/districos.com\/ProductDetail\/7073.13P\" target=\"_blank\" rel=\"noopener noreferrer nofollow\">r\u00e9f. 7073.13P<\/a><\/u>) ou avec 9 x 250 ml (<u><a href=\"https:\/\/districos.com\/ProductDetail\/7073.13D\" target=\"_blank\" rel=\"noopener noreferrer nofollow\">r\u00e9f. 7073.13D<\/a><\/u>)<\/font><\/li>\n<\/ul>\n<\/div>\n<div>\n<p dir=\"ltr\">\n<\/p>\n<\/p><\/div>\n","protected":false},"excerpt":{"rendered":"<p>Eau micellaire hypoallerg\u00e9nique 3 en 1 qui est, contrairement \u00e0 d&rsquo;autres eaux micellaires, adapt\u00e9e \u00e0 tous les types de peaux, m\u00eame les plus sensibles, les yeux et les l\u00e8vres. En un clin d\u2019\u0153il, les micelles actives enl\u00e8vent le maquillage du visage, du contour des yeux, des cils et des l\u00e8vres. Les particules hydratantes ajout\u00e9es, comme [&hellip;]<\/p>\n","protected":false},"featured_media":77801,"comment_status":"open","ping_status":"closed","template":"","meta":{"_acf_changed":false},"product_brand":[10308],"product_cat":[9892,9856],"product_tag":[],"class_list":{"0":"post-137103","1":"product","2":"type-product","3":"status-publish","4":"has-post-thumbnail","6":"product_brand-bb_gelaat-fr","7":"product_cat-beaute-maquillage-accessoires","8":"product_cat-beaute-visage-bio-balance-visage","10":"first","11":"instock","12":"taxable","13":"shipping-taxable","14":"product-type-simple"},"acf":[],"yoast_head":"<!-- This site is optimized with the Yoast SEO plugin v27.3 - https:\/\/yoast.com\/product\/yoast-seo-wordpress\/ -->\n<title>Bio Balance Eau Micellaire 250 ml - Districos Webshop<\/title>\n<meta name=\"robots\" content=\"noindex, follow, max-snippet:-1, max-image-preview:large, max-video-preview:-1\" \/>\n<meta property=\"og:locale\" content=\"fr_FR\" \/>\n<meta property=\"og:type\" content=\"article\" \/>\n<meta property=\"og:title\" content=\"Bio Balance Eau Micellaire 250 ml - Districos Webshop\" \/>\n<meta property=\"og:description\" content=\"Eau micellaire hypoallerg\u00e9nique 3 en 1 qui est, contrairement \u00e0 d&rsquo;autres eaux micellaires, adapt\u00e9e \u00e0 tous les types de peaux, m\u00eame les plus sensibles, les yeux et les l\u00e8vres. En un clin d\u2019\u0153il, les micelles actives enl\u00e8vent le maquillage du visage, du contour des yeux, des cils et des l\u00e8vres. Les particules hydratantes ajout\u00e9es, comme [&hellip;]\" \/>\n<meta property=\"og:url\" content=\"https:\/\/districos.standingout.be\/fr\/product\/bio-balance-eau-micellaire-250-ml-ref-7073-13\/\" \/>\n<meta property=\"og:site_name\" content=\"Districos Webshop\" \/>\n<meta property=\"article:modified_time\" content=\"2026-04-28T07:48:42+00:00\" \/>\n<meta name=\"twitter:card\" content=\"summary_large_image\" \/>\n<meta name=\"twitter:label1\" content=\"Dur\u00e9e de lecture estim\u00e9e\" \/>\n\t<meta name=\"twitter:data1\" content=\"1 minute\" \/>\n<script type=\"application\/ld+json\" class=\"yoast-schema-graph\">{\"@context\":\"https:\\\/\\\/schema.org\",\"@graph\":[{\"@type\":\"WebPage\",\"@id\":\"https:\\\/\\\/districos.standingout.be\\\/fr\\\/product\\\/bio-balance-eau-micellaire-250-ml-ref-7073-13\\\/\",\"url\":\"https:\\\/\\\/districos.standingout.be\\\/fr\\\/product\\\/bio-balance-eau-micellaire-250-ml-ref-7073-13\\\/\",\"name\":\"Bio Balance Eau Micellaire 250 ml - Districos Webshop\",\"isPartOf\":{\"@id\":\"https:\\\/\\\/districos.standingout.be\\\/fr\\\/#website\"},\"primaryImageOfPage\":{\"@id\":\"https:\\\/\\\/districos.standingout.be\\\/fr\\\/product\\\/bio-balance-eau-micellaire-250-ml-ref-7073-13\\\/#primaryimage\"},\"image\":{\"@id\":\"https:\\\/\\\/districos.standingout.be\\\/fr\\\/product\\\/bio-balance-eau-micellaire-250-ml-ref-7073-13\\\/#primaryimage\"},\"thumbnailUrl\":\"https:\\\/\\\/districos.standingout.be\\\/wp-content\\\/uploads\\\/2025\\\/07\\\/7073.13@LowRes_1.png\",\"datePublished\":\"2026-04-28T07:48:37+00:00\",\"dateModified\":\"2026-04-28T07:48:42+00:00\",\"breadcrumb\":{\"@id\":\"https:\\\/\\\/districos.standingout.be\\\/fr\\\/product\\\/bio-balance-eau-micellaire-250-ml-ref-7073-13\\\/#breadcrumb\"},\"inLanguage\":\"fr-FR\",\"potentialAction\":[{\"@type\":\"ReadAction\",\"target\":[\"https:\\\/\\\/districos.standingout.be\\\/fr\\\/product\\\/bio-balance-eau-micellaire-250-ml-ref-7073-13\\\/\"]}]},{\"@type\":\"ImageObject\",\"inLanguage\":\"fr-FR\",\"@id\":\"https:\\\/\\\/districos.standingout.be\\\/fr\\\/product\\\/bio-balance-eau-micellaire-250-ml-ref-7073-13\\\/#primaryimage\",\"url\":\"https:\\\/\\\/districos.standingout.be\\\/wp-content\\\/uploads\\\/2025\\\/07\\\/7073.13@LowRes_1.png\",\"contentUrl\":\"https:\\\/\\\/districos.standingout.be\\\/wp-content\\\/uploads\\\/2025\\\/07\\\/7073.13@LowRes_1.png\",\"width\":600,\"height\":600},{\"@type\":\"BreadcrumbList\",\"@id\":\"https:\\\/\\\/districos.standingout.be\\\/fr\\\/product\\\/bio-balance-eau-micellaire-250-ml-ref-7073-13\\\/#breadcrumb\",\"itemListElement\":[{\"@type\":\"ListItem\",\"position\":1,\"name\":\"Home\",\"item\":\"https:\\\/\\\/districos.standingout.be\\\/fr\\\/bienvenue-chez-districos\\\/\"},{\"@type\":\"ListItem\",\"position\":2,\"name\":\"Boutique\",\"item\":\"https:\\\/\\\/districos.standingout.be\\\/fr\\\/boutique\\\/\"},{\"@type\":\"ListItem\",\"position\":3,\"name\":\"Bio Balance Eau Micellaire 250 ml\"}]},{\"@type\":\"WebSite\",\"@id\":\"https:\\\/\\\/districos.standingout.be\\\/fr\\\/#website\",\"url\":\"https:\\\/\\\/districos.standingout.be\\\/fr\\\/\",\"name\":\"Districos Webshop\",\"description\":\"\",\"publisher\":{\"@id\":\"https:\\\/\\\/districos.standingout.be\\\/fr\\\/#organization\"},\"potentialAction\":[{\"@type\":\"SearchAction\",\"target\":{\"@type\":\"EntryPoint\",\"urlTemplate\":\"https:\\\/\\\/districos.standingout.be\\\/fr\\\/?s={search_term_string}\"},\"query-input\":{\"@type\":\"PropertyValueSpecification\",\"valueRequired\":true,\"valueName\":\"search_term_string\"}}],\"inLanguage\":\"fr-FR\"},{\"@type\":\"Organization\",\"@id\":\"https:\\\/\\\/districos.standingout.be\\\/fr\\\/#organization\",\"name\":\"Districos Webshop\",\"url\":\"https:\\\/\\\/districos.standingout.be\\\/fr\\\/\",\"logo\":{\"@type\":\"ImageObject\",\"inLanguage\":\"fr-FR\",\"@id\":\"https:\\\/\\\/districos.standingout.be\\\/fr\\\/#\\\/schema\\\/logo\\\/image\\\/\",\"url\":\"https:\\\/\\\/districos.standingout.be\\\/wp-content\\\/uploads\\\/2022\\\/09\\\/Districos_Logo_Webshop.svg\",\"contentUrl\":\"https:\\\/\\\/districos.standingout.be\\\/wp-content\\\/uploads\\\/2022\\\/09\\\/Districos_Logo_Webshop.svg\",\"caption\":\"Districos Webshop\"},\"image\":{\"@id\":\"https:\\\/\\\/districos.standingout.be\\\/fr\\\/#\\\/schema\\\/logo\\\/image\\\/\"}}]}<\/script>\n<!-- \/ Yoast SEO plugin. -->","yoast_head_json":{"title":"Bio Balance Eau Micellaire 250 ml - Districos Webshop","robots":{"index":"noindex","follow":"follow","max-snippet":"max-snippet:-1","max-image-preview":"max-image-preview:large","max-video-preview":"max-video-preview:-1"},"og_locale":"fr_FR","og_type":"article","og_title":"Bio Balance Eau Micellaire 250 ml - Districos Webshop","og_description":"Eau micellaire hypoallerg\u00e9nique 3 en 1 qui est, contrairement \u00e0 d&rsquo;autres eaux micellaires, adapt\u00e9e \u00e0 tous les types de peaux, m\u00eame les plus sensibles, les yeux et les l\u00e8vres. En un clin d\u2019\u0153il, les micelles actives enl\u00e8vent le maquillage du visage, du contour des yeux, des cils et des l\u00e8vres. Les particules hydratantes ajout\u00e9es, comme [&hellip;]","og_url":"https:\/\/districos.standingout.be\/fr\/product\/bio-balance-eau-micellaire-250-ml-ref-7073-13\/","og_site_name":"Districos Webshop","article_modified_time":"2026-04-28T07:48:42+00:00","twitter_card":"summary_large_image","twitter_misc":{"Dur\u00e9e de lecture estim\u00e9e":"1 minute"},"schema":{"@context":"https:\/\/schema.org","@graph":[{"@type":"WebPage","@id":"https:\/\/districos.standingout.be\/fr\/product\/bio-balance-eau-micellaire-250-ml-ref-7073-13\/","url":"https:\/\/districos.standingout.be\/fr\/product\/bio-balance-eau-micellaire-250-ml-ref-7073-13\/","name":"Bio Balance Eau Micellaire 250 ml - Districos Webshop","isPartOf":{"@id":"https:\/\/districos.standingout.be\/fr\/#website"},"primaryImageOfPage":{"@id":"https:\/\/districos.standingout.be\/fr\/product\/bio-balance-eau-micellaire-250-ml-ref-7073-13\/#primaryimage"},"image":{"@id":"https:\/\/districos.standingout.be\/fr\/product\/bio-balance-eau-micellaire-250-ml-ref-7073-13\/#primaryimage"},"thumbnailUrl":"https:\/\/districos.standingout.be\/wp-content\/uploads\/2025\/07\/7073.13@LowRes_1.png","datePublished":"2026-04-28T07:48:37+00:00","dateModified":"2026-04-28T07:48:42+00:00","breadcrumb":{"@id":"https:\/\/districos.standingout.be\/fr\/product\/bio-balance-eau-micellaire-250-ml-ref-7073-13\/#breadcrumb"},"inLanguage":"fr-FR","potentialAction":[{"@type":"ReadAction","target":["https:\/\/districos.standingout.be\/fr\/product\/bio-balance-eau-micellaire-250-ml-ref-7073-13\/"]}]},{"@type":"ImageObject","inLanguage":"fr-FR","@id":"https:\/\/districos.standingout.be\/fr\/product\/bio-balance-eau-micellaire-250-ml-ref-7073-13\/#primaryimage","url":"https:\/\/districos.standingout.be\/wp-content\/uploads\/2025\/07\/7073.13@LowRes_1.png","contentUrl":"https:\/\/districos.standingout.be\/wp-content\/uploads\/2025\/07\/7073.13@LowRes_1.png","width":600,"height":600},{"@type":"BreadcrumbList","@id":"https:\/\/districos.standingout.be\/fr\/product\/bio-balance-eau-micellaire-250-ml-ref-7073-13\/#breadcrumb","itemListElement":[{"@type":"ListItem","position":1,"name":"Home","item":"https:\/\/districos.standingout.be\/fr\/bienvenue-chez-districos\/"},{"@type":"ListItem","position":2,"name":"Boutique","item":"https:\/\/districos.standingout.be\/fr\/boutique\/"},{"@type":"ListItem","position":3,"name":"Bio Balance Eau Micellaire 250 ml"}]},{"@type":"WebSite","@id":"https:\/\/districos.standingout.be\/fr\/#website","url":"https:\/\/districos.standingout.be\/fr\/","name":"Districos Webshop","description":"","publisher":{"@id":"https:\/\/districos.standingout.be\/fr\/#organization"},"potentialAction":[{"@type":"SearchAction","target":{"@type":"EntryPoint","urlTemplate":"https:\/\/districos.standingout.be\/fr\/?s={search_term_string}"},"query-input":{"@type":"PropertyValueSpecification","valueRequired":true,"valueName":"search_term_string"}}],"inLanguage":"fr-FR"},{"@type":"Organization","@id":"https:\/\/districos.standingout.be\/fr\/#organization","name":"Districos Webshop","url":"https:\/\/districos.standingout.be\/fr\/","logo":{"@type":"ImageObject","inLanguage":"fr-FR","@id":"https:\/\/districos.standingout.be\/fr\/#\/schema\/logo\/image\/","url":"https:\/\/districos.standingout.be\/wp-content\/uploads\/2022\/09\/Districos_Logo_Webshop.svg","contentUrl":"https:\/\/districos.standingout.be\/wp-content\/uploads\/2022\/09\/Districos_Logo_Webshop.svg","caption":"Districos Webshop"},"image":{"@id":"https:\/\/districos.standingout.be\/fr\/#\/schema\/logo\/image\/"}}]}},"_links":{"self":[{"href":"https:\/\/districos.standingout.be\/fr\/wp-json\/wp\/v2\/product\/137103","targetHints":{"allow":["GET"]}}],"collection":[{"href":"https:\/\/districos.standingout.be\/fr\/wp-json\/wp\/v2\/product"}],"about":[{"href":"https:\/\/districos.standingout.be\/fr\/wp-json\/wp\/v2\/types\/product"}],"replies":[{"embeddable":true,"href":"https:\/\/districos.standingout.be\/fr\/wp-json\/wp\/v2\/comments?post=137103"}],"wp:featuredmedia":[{"embeddable":true,"href":"https:\/\/districos.standingout.be\/fr\/wp-json\/wp\/v2\/media\/77801"}],"wp:attachment":[{"href":"https:\/\/districos.standingout.be\/fr\/wp-json\/wp\/v2\/media?parent=137103"}],"wp:term":[{"taxonomy":"product_brand","embeddable":true,"href":"https:\/\/districos.standingout.be\/fr\/wp-json\/wp\/v2\/product_brand?post=137103"},{"taxonomy":"product_cat","embeddable":true,"href":"https:\/\/districos.standingout.be\/fr\/wp-json\/wp\/v2\/product_cat?post=137103"},{"taxonomy":"product_tag","embeddable":true,"href":"https:\/\/districos.standingout.be\/fr\/wp-json\/wp\/v2\/product_tag?post=137103"}],"curies":[{"name":"wp","href":"https:\/\/api.w.org\/{rel}","templated":true}]}}