{"id":137111,"date":"2026-04-28T09:48:56","date_gmt":"2026-04-28T07:48:56","guid":{"rendered":"https:\/\/webshopdistricoscom.webhosting.be\/product\/bio-balance-patchs-nez-au-charbon-25-pcs-ref-7073-143\/"},"modified":"2026-04-28T09:49:01","modified_gmt":"2026-04-28T07:49:01","slug":"bio-balance-patchs-nez-au-charbon-25-pcs-ref-7073-143","status":"publish","type":"product","link":"https:\/\/districos.standingout.be\/fr\/product\/bio-balance-patchs-nez-au-charbon-25-pcs-ref-7073-143\/","title":{"rendered":"Bio Balance Patchs Nez au Charbon 25 pcs."},"content":{"rendered":"<p >\n<p><font size=\"2\"><font size=\"2\">Les patchs nez de Bio Balance \u00e0 base de charbon actif \u00e9liminent la salet\u00e9 accumul\u00e9e, l&rsquo;exc\u00e8s de s\u00e9bum et les points noirs sans endommager la peau. La peau est visiblement rafra\u00eechie et nettoy\u00e9e et est douce au toucher.<br \/><b>Mode d\u2019emploi<\/b><br \/><\/font><\/font><\/p>\n<ul>\n<li><font size=\"2\"><font size=\"2\"><font size=\"2\">Nettoyez la peau avec les produits nettoyants de Bio Balance pour le visage.<\/font><\/font><\/font><\/li>\n<li><font size=\"2\"><font size=\"2\"><font size=\"2\">Humidifiez le nez, le front et\/ou le menton avec une lotion tonifiante de Bio Balance. Enlevez le film protecteur du patch et appliquez le patch sur le nez, le front et\/ou le menton en appliquant une l\u00e9g\u00e8re pression pour qu\u2019il soit parfaitement en contact avec la peau.<\/font><\/font><\/font><\/li>\n<li><font size=\"2\"><font size=\"2\"><font size=\"2\">Laissez s\u00e9cher le patch pendant 10-15 minutes, jusqu\u2019\u00e0 qu\u2019il ait durci.<\/font><\/font><\/font><\/li>\n<li><font size=\"2\"><font size=\"2\"><font size=\"2\">Tirez le patch doucement des c\u00f4t\u00e9s vers le milieu. Si le patch a trop durci, humidifiez-le avec une lotion tonifiante.<\/font><\/font><\/font><\/li>\n<li><font size=\"2\"><font size=\"2\"><font size=\"2\">Enlevez les restants \u00e9ventuels avec l\u2019<u><a href=\"https:\/\/districos.com\/search?SearchText=bio%20balance%20eau%20micellaire\" target=\"_blank\" rel=\"noopener noreferrer nofollow\">Eau Micellaire de Bio Balance<\/a><\/u>.<\/font><\/font><\/font><\/li>\n<\/ul>\n<p><font size=\"2\"><font size=\"2\" face=\"Verdana\"><b>CONSEIL<\/b><br \/>Utilisez ces patchs pendant vos soins et laissez voir \u00e0 votre client(e) les impuret\u00e9s qui ont \u00e9t\u00e9 extraites. Votre client(e) sera convaincu de continuer \u00e0 les utiliser \u00e0 domicile !<br \/><b>Aussi disponible<\/b><br \/><\/font><\/font><\/p>\n<ul>\n<li><font size=\"2\"><font size=\"2\">Par 5 pi\u00e8ces pour la vente (<u><a href=\"https:\/\/districos.com\/ProductDetail\/7073.142\" target=\"_blank\" rel=\"noopener noreferrer nofollow\">r\u00e9f. 7073.142<\/a><\/u>)<\/font><\/font><\/li>\n<li><font size=\"2\"><font size=\"2\">Comme pr\u00e9sentoir de vente avec 10 x 5 pi\u00e8ces (<u><a href=\"https:\/\/districos.com\/ProductDetail\/7073.144\" target=\"_blank\" rel=\"noopener noreferrer nofollow\">r\u00e9f. 7073.144<\/a><\/u>)<\/font><\/font><\/li>\n<\/ul>\n","protected":false},"excerpt":{"rendered":"<p>Les patchs nez de Bio Balance \u00e0 base de charbon actif \u00e9liminent la salet\u00e9 accumul\u00e9e, l&rsquo;exc\u00e8s de s\u00e9bum et les points noirs sans endommager la peau. La peau est visiblement rafra\u00eechie et nettoy\u00e9e et est douce au toucher.Mode d\u2019emploi Nettoyez la peau avec les produits nettoyants de Bio Balance pour le visage. Humidifiez le nez, [&hellip;]<\/p>\n","protected":false},"featured_media":77819,"comment_status":"open","ping_status":"closed","template":"","meta":{"_acf_changed":false},"product_brand":[10308],"product_cat":[9856],"product_tag":[],"class_list":{"0":"post-137111","1":"product","2":"type-product","3":"status-publish","4":"has-post-thumbnail","6":"product_brand-bb_gelaat-fr","7":"product_cat-beaute-visage-bio-balance-visage","9":"first","10":"instock","11":"taxable","12":"shipping-taxable","13":"product-type-simple"},"acf":[],"yoast_head":"<!-- This site is optimized with the Yoast SEO plugin v27.3 - https:\/\/yoast.com\/product\/yoast-seo-wordpress\/ -->\n<title>Bio Balance Patchs Nez au Charbon 25 pcs. - Districos Webshop<\/title>\n<meta name=\"robots\" content=\"noindex, follow, max-snippet:-1, max-image-preview:large, max-video-preview:-1\" \/>\n<meta property=\"og:locale\" content=\"fr_FR\" \/>\n<meta property=\"og:type\" content=\"article\" \/>\n<meta property=\"og:title\" content=\"Bio Balance Patchs Nez au Charbon 25 pcs. - Districos Webshop\" \/>\n<meta property=\"og:description\" content=\"Les patchs nez de Bio Balance \u00e0 base de charbon actif \u00e9liminent la salet\u00e9 accumul\u00e9e, l&rsquo;exc\u00e8s de s\u00e9bum et les points noirs sans endommager la peau. La peau est visiblement rafra\u00eechie et nettoy\u00e9e et est douce au toucher.Mode d\u2019emploi Nettoyez la peau avec les produits nettoyants de Bio Balance pour le visage. Humidifiez le nez, [&hellip;]\" \/>\n<meta property=\"og:url\" content=\"https:\/\/districos.standingout.be\/fr\/product\/bio-balance-patchs-nez-au-charbon-25-pcs-ref-7073-143\/\" \/>\n<meta property=\"og:site_name\" content=\"Districos Webshop\" \/>\n<meta property=\"article:modified_time\" content=\"2026-04-28T07:49:01+00:00\" \/>\n<meta name=\"twitter:card\" content=\"summary_large_image\" \/>\n<meta name=\"twitter:label1\" content=\"Dur\u00e9e de lecture estim\u00e9e\" \/>\n\t<meta name=\"twitter:data1\" content=\"1 minute\" \/>\n<script type=\"application\/ld+json\" class=\"yoast-schema-graph\">{\"@context\":\"https:\\\/\\\/schema.org\",\"@graph\":[{\"@type\":\"WebPage\",\"@id\":\"https:\\\/\\\/districos.standingout.be\\\/fr\\\/product\\\/bio-balance-patchs-nez-au-charbon-25-pcs-ref-7073-143\\\/\",\"url\":\"https:\\\/\\\/districos.standingout.be\\\/fr\\\/product\\\/bio-balance-patchs-nez-au-charbon-25-pcs-ref-7073-143\\\/\",\"name\":\"Bio Balance Patchs Nez au Charbon 25 pcs. - Districos Webshop\",\"isPartOf\":{\"@id\":\"https:\\\/\\\/districos.standingout.be\\\/fr\\\/#website\"},\"primaryImageOfPage\":{\"@id\":\"https:\\\/\\\/districos.standingout.be\\\/fr\\\/product\\\/bio-balance-patchs-nez-au-charbon-25-pcs-ref-7073-143\\\/#primaryimage\"},\"image\":{\"@id\":\"https:\\\/\\\/districos.standingout.be\\\/fr\\\/product\\\/bio-balance-patchs-nez-au-charbon-25-pcs-ref-7073-143\\\/#primaryimage\"},\"thumbnailUrl\":\"https:\\\/\\\/districos.standingout.be\\\/wp-content\\\/uploads\\\/2025\\\/07\\\/7073.143@LowRes_0.png\",\"datePublished\":\"2026-04-28T07:48:56+00:00\",\"dateModified\":\"2026-04-28T07:49:01+00:00\",\"breadcrumb\":{\"@id\":\"https:\\\/\\\/districos.standingout.be\\\/fr\\\/product\\\/bio-balance-patchs-nez-au-charbon-25-pcs-ref-7073-143\\\/#breadcrumb\"},\"inLanguage\":\"fr-FR\",\"potentialAction\":[{\"@type\":\"ReadAction\",\"target\":[\"https:\\\/\\\/districos.standingout.be\\\/fr\\\/product\\\/bio-balance-patchs-nez-au-charbon-25-pcs-ref-7073-143\\\/\"]}]},{\"@type\":\"ImageObject\",\"inLanguage\":\"fr-FR\",\"@id\":\"https:\\\/\\\/districos.standingout.be\\\/fr\\\/product\\\/bio-balance-patchs-nez-au-charbon-25-pcs-ref-7073-143\\\/#primaryimage\",\"url\":\"https:\\\/\\\/districos.standingout.be\\\/wp-content\\\/uploads\\\/2025\\\/07\\\/7073.143@LowRes_0.png\",\"contentUrl\":\"https:\\\/\\\/districos.standingout.be\\\/wp-content\\\/uploads\\\/2025\\\/07\\\/7073.143@LowRes_0.png\",\"width\":600,\"height\":600},{\"@type\":\"BreadcrumbList\",\"@id\":\"https:\\\/\\\/districos.standingout.be\\\/fr\\\/product\\\/bio-balance-patchs-nez-au-charbon-25-pcs-ref-7073-143\\\/#breadcrumb\",\"itemListElement\":[{\"@type\":\"ListItem\",\"position\":1,\"name\":\"Home\",\"item\":\"https:\\\/\\\/districos.standingout.be\\\/fr\\\/bienvenue-chez-districos\\\/\"},{\"@type\":\"ListItem\",\"position\":2,\"name\":\"Boutique\",\"item\":\"https:\\\/\\\/districos.standingout.be\\\/fr\\\/boutique\\\/\"},{\"@type\":\"ListItem\",\"position\":3,\"name\":\"Bio Balance Patchs Nez au Charbon 25 pcs.\"}]},{\"@type\":\"WebSite\",\"@id\":\"https:\\\/\\\/districos.standingout.be\\\/fr\\\/#website\",\"url\":\"https:\\\/\\\/districos.standingout.be\\\/fr\\\/\",\"name\":\"Districos Webshop\",\"description\":\"\",\"publisher\":{\"@id\":\"https:\\\/\\\/districos.standingout.be\\\/fr\\\/#organization\"},\"potentialAction\":[{\"@type\":\"SearchAction\",\"target\":{\"@type\":\"EntryPoint\",\"urlTemplate\":\"https:\\\/\\\/districos.standingout.be\\\/fr\\\/?s={search_term_string}\"},\"query-input\":{\"@type\":\"PropertyValueSpecification\",\"valueRequired\":true,\"valueName\":\"search_term_string\"}}],\"inLanguage\":\"fr-FR\"},{\"@type\":\"Organization\",\"@id\":\"https:\\\/\\\/districos.standingout.be\\\/fr\\\/#organization\",\"name\":\"Districos Webshop\",\"url\":\"https:\\\/\\\/districos.standingout.be\\\/fr\\\/\",\"logo\":{\"@type\":\"ImageObject\",\"inLanguage\":\"fr-FR\",\"@id\":\"https:\\\/\\\/districos.standingout.be\\\/fr\\\/#\\\/schema\\\/logo\\\/image\\\/\",\"url\":\"https:\\\/\\\/districos.standingout.be\\\/wp-content\\\/uploads\\\/2022\\\/09\\\/Districos_Logo_Webshop.svg\",\"contentUrl\":\"https:\\\/\\\/districos.standingout.be\\\/wp-content\\\/uploads\\\/2022\\\/09\\\/Districos_Logo_Webshop.svg\",\"caption\":\"Districos Webshop\"},\"image\":{\"@id\":\"https:\\\/\\\/districos.standingout.be\\\/fr\\\/#\\\/schema\\\/logo\\\/image\\\/\"}}]}<\/script>\n<!-- \/ Yoast SEO plugin. -->","yoast_head_json":{"title":"Bio Balance Patchs Nez au Charbon 25 pcs. - Districos Webshop","robots":{"index":"noindex","follow":"follow","max-snippet":"max-snippet:-1","max-image-preview":"max-image-preview:large","max-video-preview":"max-video-preview:-1"},"og_locale":"fr_FR","og_type":"article","og_title":"Bio Balance Patchs Nez au Charbon 25 pcs. - Districos Webshop","og_description":"Les patchs nez de Bio Balance \u00e0 base de charbon actif \u00e9liminent la salet\u00e9 accumul\u00e9e, l&rsquo;exc\u00e8s de s\u00e9bum et les points noirs sans endommager la peau. La peau est visiblement rafra\u00eechie et nettoy\u00e9e et est douce au toucher.Mode d\u2019emploi Nettoyez la peau avec les produits nettoyants de Bio Balance pour le visage. Humidifiez le nez, [&hellip;]","og_url":"https:\/\/districos.standingout.be\/fr\/product\/bio-balance-patchs-nez-au-charbon-25-pcs-ref-7073-143\/","og_site_name":"Districos Webshop","article_modified_time":"2026-04-28T07:49:01+00:00","twitter_card":"summary_large_image","twitter_misc":{"Dur\u00e9e de lecture estim\u00e9e":"1 minute"},"schema":{"@context":"https:\/\/schema.org","@graph":[{"@type":"WebPage","@id":"https:\/\/districos.standingout.be\/fr\/product\/bio-balance-patchs-nez-au-charbon-25-pcs-ref-7073-143\/","url":"https:\/\/districos.standingout.be\/fr\/product\/bio-balance-patchs-nez-au-charbon-25-pcs-ref-7073-143\/","name":"Bio Balance Patchs Nez au Charbon 25 pcs. - Districos Webshop","isPartOf":{"@id":"https:\/\/districos.standingout.be\/fr\/#website"},"primaryImageOfPage":{"@id":"https:\/\/districos.standingout.be\/fr\/product\/bio-balance-patchs-nez-au-charbon-25-pcs-ref-7073-143\/#primaryimage"},"image":{"@id":"https:\/\/districos.standingout.be\/fr\/product\/bio-balance-patchs-nez-au-charbon-25-pcs-ref-7073-143\/#primaryimage"},"thumbnailUrl":"https:\/\/districos.standingout.be\/wp-content\/uploads\/2025\/07\/7073.143@LowRes_0.png","datePublished":"2026-04-28T07:48:56+00:00","dateModified":"2026-04-28T07:49:01+00:00","breadcrumb":{"@id":"https:\/\/districos.standingout.be\/fr\/product\/bio-balance-patchs-nez-au-charbon-25-pcs-ref-7073-143\/#breadcrumb"},"inLanguage":"fr-FR","potentialAction":[{"@type":"ReadAction","target":["https:\/\/districos.standingout.be\/fr\/product\/bio-balance-patchs-nez-au-charbon-25-pcs-ref-7073-143\/"]}]},{"@type":"ImageObject","inLanguage":"fr-FR","@id":"https:\/\/districos.standingout.be\/fr\/product\/bio-balance-patchs-nez-au-charbon-25-pcs-ref-7073-143\/#primaryimage","url":"https:\/\/districos.standingout.be\/wp-content\/uploads\/2025\/07\/7073.143@LowRes_0.png","contentUrl":"https:\/\/districos.standingout.be\/wp-content\/uploads\/2025\/07\/7073.143@LowRes_0.png","width":600,"height":600},{"@type":"BreadcrumbList","@id":"https:\/\/districos.standingout.be\/fr\/product\/bio-balance-patchs-nez-au-charbon-25-pcs-ref-7073-143\/#breadcrumb","itemListElement":[{"@type":"ListItem","position":1,"name":"Home","item":"https:\/\/districos.standingout.be\/fr\/bienvenue-chez-districos\/"},{"@type":"ListItem","position":2,"name":"Boutique","item":"https:\/\/districos.standingout.be\/fr\/boutique\/"},{"@type":"ListItem","position":3,"name":"Bio Balance Patchs Nez au Charbon 25 pcs."}]},{"@type":"WebSite","@id":"https:\/\/districos.standingout.be\/fr\/#website","url":"https:\/\/districos.standingout.be\/fr\/","name":"Districos Webshop","description":"","publisher":{"@id":"https:\/\/districos.standingout.be\/fr\/#organization"},"potentialAction":[{"@type":"SearchAction","target":{"@type":"EntryPoint","urlTemplate":"https:\/\/districos.standingout.be\/fr\/?s={search_term_string}"},"query-input":{"@type":"PropertyValueSpecification","valueRequired":true,"valueName":"search_term_string"}}],"inLanguage":"fr-FR"},{"@type":"Organization","@id":"https:\/\/districos.standingout.be\/fr\/#organization","name":"Districos Webshop","url":"https:\/\/districos.standingout.be\/fr\/","logo":{"@type":"ImageObject","inLanguage":"fr-FR","@id":"https:\/\/districos.standingout.be\/fr\/#\/schema\/logo\/image\/","url":"https:\/\/districos.standingout.be\/wp-content\/uploads\/2022\/09\/Districos_Logo_Webshop.svg","contentUrl":"https:\/\/districos.standingout.be\/wp-content\/uploads\/2022\/09\/Districos_Logo_Webshop.svg","caption":"Districos Webshop"},"image":{"@id":"https:\/\/districos.standingout.be\/fr\/#\/schema\/logo\/image\/"}}]}},"_links":{"self":[{"href":"https:\/\/districos.standingout.be\/fr\/wp-json\/wp\/v2\/product\/137111","targetHints":{"allow":["GET"]}}],"collection":[{"href":"https:\/\/districos.standingout.be\/fr\/wp-json\/wp\/v2\/product"}],"about":[{"href":"https:\/\/districos.standingout.be\/fr\/wp-json\/wp\/v2\/types\/product"}],"replies":[{"embeddable":true,"href":"https:\/\/districos.standingout.be\/fr\/wp-json\/wp\/v2\/comments?post=137111"}],"wp:featuredmedia":[{"embeddable":true,"href":"https:\/\/districos.standingout.be\/fr\/wp-json\/wp\/v2\/media\/77819"}],"wp:attachment":[{"href":"https:\/\/districos.standingout.be\/fr\/wp-json\/wp\/v2\/media?parent=137111"}],"wp:term":[{"taxonomy":"product_brand","embeddable":true,"href":"https:\/\/districos.standingout.be\/fr\/wp-json\/wp\/v2\/product_brand?post=137111"},{"taxonomy":"product_cat","embeddable":true,"href":"https:\/\/districos.standingout.be\/fr\/wp-json\/wp\/v2\/product_cat?post=137111"},{"taxonomy":"product_tag","embeddable":true,"href":"https:\/\/districos.standingout.be\/fr\/wp-json\/wp\/v2\/product_tag?post=137111"}],"curies":[{"name":"wp","href":"https:\/\/api.w.org\/{rel}","templated":true}]}}