{"id":137119,"date":"2026-04-28T09:49:15","date_gmt":"2026-04-28T07:49:15","guid":{"rendered":"https:\/\/webshopdistricoscom.webhosting.be\/product\/bio-balance-soft-peeling-cream-75-ml-ref-7073-22-2\/"},"modified":"2026-04-28T09:49:19","modified_gmt":"2026-04-28T07:49:19","slug":"bio-balance-soft-peeling-cream-75-ml-ref-7073-22","status":"publish","type":"product","link":"https:\/\/districos.standingout.be\/fr\/product\/bio-balance-soft-peeling-cream-75-ml-ref-7073-22\/","title":{"rendered":"Bio Balance Soft Peeling Cream 75 ml"},"content":{"rendered":"<p >\n<\/p>\n<\/p>\n<p dir=\"ltr\"><b>Peeling m\u00e9canique doux et tr\u00e8s efficace \u00e0 base de noyaux d&rsquo;abricot moulus et de kaolin.&nbsp;<\/b><\/p>\n<p dir=\"ltr\"><span>D\u00e9couvrez la Soft Peeling Cream en emballage de vente !&nbsp;<\/span><span>Sa formule sp\u00e9ciale nettoie et purifie la peau en douceur tout en stimulant le renouvellement cellulaire. Gr\u00e2ce \u00e0 un massage d\u00e9licat, les cellules mortes sont efficacement \u00e9limin\u00e9es, permettant \u00e0 votre peau de respirer \u00e0 nouveau. Le r\u00e9sultat ? Un teint \u00e9clatant qui rayonne de fra\u00eecheur et de sant\u00e9.<\/span><\/p>\n<p><span lang=\"FR\"><o:p><\/o:p><\/span><\/p>\n<p dir=\"ltr\">\n<ul>\n<li>Adapt\u00e9 \u00e0 tous les types de peaux<\/li>\n<li>Vegan<\/li>\n<li>Tube de 75 ml<\/li>\n<\/ul>\n<div><b>Substances actives<\/b><\/div>\n<div>\n<ul>\n<li>Le kaolin est un agent nettoyant en profondeur doux aux propri\u00e9t\u00e9s absorbantes fortes.<\/li>\n<li>L&rsquo;extrait de camomille a une action anti-inflammatoire, apaisante et gu\u00e9rissante et lutte contre les rougeurs, les d\u00e9mangeaisons et les irritations.<\/li>\n<li>L&rsquo;extrait de calendula apaise la peau et soutient la r\u00e9g\u00e9n\u00e9ration cutan\u00e9e.<\/li>\n<li>L&rsquo;extrait de th\u00e9 vert est riche en antioxydants qui neutralisent les radicaux libres.<\/li>\n<\/ul>\n<div><b>Mode d&#8217;emplo<\/b><\/div>\n<div>\n<ul>\n<li><span>Massez doucement sur un visage nettoy\u00e9 avec des mouvements circulaires<\/span><\/li>\n<li><span>Pour un peeling plus doux : humidifiez le visage.<\/span><\/li>\n<li><span>Rincez ensuite \u00e0 l&rsquo;eau ti\u00e8de et tonifiez la peau avec une lotion.<\/span><\/li>\n<li><span>\u00c9vitez la zone autour des yeux.<\/span><\/li>\n<li><span>Utilisez une fois par semaine.<\/span><\/li>\n<\/ul>\n<div>\n<div>\n<div><b>\u00c9galement disponible :&nbsp;<\/b><\/div>\n<\/div>\n<div>\n<ul>\n<li>Bio Balance Soft Peeling Cream 20 ml (r\u00e9f. 7073.23)<\/li>\n<li>Bio Balance Soft Peeling Cream 250 ml (r\u00e9f. 7062.28)<\/li>\n<\/ul>\n<\/div>\n<\/div>\n<\/div>\n<\/div><\/p>\n","protected":false},"excerpt":{"rendered":"<p>Peeling m\u00e9canique doux et tr\u00e8s efficace \u00e0 base de noyaux d&rsquo;abricot moulus et de kaolin.&nbsp; D\u00e9couvrez la Soft Peeling Cream en emballage de vente !&nbsp;Sa formule sp\u00e9ciale nettoie et purifie la peau en douceur tout en stimulant le renouvellement cellulaire. Gr\u00e2ce \u00e0 un massage d\u00e9licat, les cellules mortes sont efficacement \u00e9limin\u00e9es, permettant \u00e0 votre peau [&hellip;]<\/p>\n","protected":false},"featured_media":147358,"comment_status":"open","ping_status":"closed","template":"","meta":{"_acf_changed":false},"product_brand":[10308],"product_cat":[9856],"product_tag":[],"class_list":{"0":"post-137119","1":"product","2":"type-product","3":"status-publish","4":"has-post-thumbnail","6":"product_brand-bb_gelaat-fr","7":"product_cat-beaute-visage-bio-balance-visage","9":"first","10":"instock","11":"taxable","12":"shipping-taxable","13":"product-type-simple"},"acf":[],"yoast_head":"<!-- This site is optimized with the Yoast SEO plugin v27.3 - https:\/\/yoast.com\/product\/yoast-seo-wordpress\/ -->\n<title>Bio Balance Soft Peeling Cream 75 ml - Districos Webshop<\/title>\n<meta name=\"robots\" content=\"noindex, follow, max-snippet:-1, max-image-preview:large, max-video-preview:-1\" \/>\n<meta property=\"og:locale\" content=\"fr_FR\" \/>\n<meta property=\"og:type\" content=\"article\" \/>\n<meta property=\"og:title\" content=\"Bio Balance Soft Peeling Cream 75 ml - Districos Webshop\" \/>\n<meta property=\"og:description\" content=\"Peeling m\u00e9canique doux et tr\u00e8s efficace \u00e0 base de noyaux d&rsquo;abricot moulus et de kaolin.&nbsp; D\u00e9couvrez la Soft Peeling Cream en emballage de vente !&nbsp;Sa formule sp\u00e9ciale nettoie et purifie la peau en douceur tout en stimulant le renouvellement cellulaire. Gr\u00e2ce \u00e0 un massage d\u00e9licat, les cellules mortes sont efficacement \u00e9limin\u00e9es, permettant \u00e0 votre peau [&hellip;]\" \/>\n<meta property=\"og:url\" content=\"https:\/\/districos.standingout.be\/fr\/product\/bio-balance-soft-peeling-cream-75-ml-ref-7073-22\/\" \/>\n<meta property=\"og:site_name\" content=\"Districos Webshop\" \/>\n<meta property=\"article:modified_time\" content=\"2026-04-28T07:49:19+00:00\" \/>\n<meta name=\"twitter:card\" content=\"summary_large_image\" \/>\n<meta name=\"twitter:label1\" content=\"Dur\u00e9e de lecture estim\u00e9e\" \/>\n\t<meta name=\"twitter:data1\" content=\"1 minute\" \/>\n<script type=\"application\/ld+json\" class=\"yoast-schema-graph\">{\"@context\":\"https:\\\/\\\/schema.org\",\"@graph\":[{\"@type\":\"WebPage\",\"@id\":\"https:\\\/\\\/districos.standingout.be\\\/fr\\\/product\\\/bio-balance-soft-peeling-cream-75-ml-ref-7073-22\\\/\",\"url\":\"https:\\\/\\\/districos.standingout.be\\\/fr\\\/product\\\/bio-balance-soft-peeling-cream-75-ml-ref-7073-22\\\/\",\"name\":\"Bio Balance Soft Peeling Cream 75 ml - Districos Webshop\",\"isPartOf\":{\"@id\":\"https:\\\/\\\/districos.standingout.be\\\/fr\\\/#website\"},\"primaryImageOfPage\":{\"@id\":\"https:\\\/\\\/districos.standingout.be\\\/fr\\\/product\\\/bio-balance-soft-peeling-cream-75-ml-ref-7073-22\\\/#primaryimage\"},\"image\":{\"@id\":\"https:\\\/\\\/districos.standingout.be\\\/fr\\\/product\\\/bio-balance-soft-peeling-cream-75-ml-ref-7073-22\\\/#primaryimage\"},\"thumbnailUrl\":\"https:\\\/\\\/districos.standingout.be\\\/wp-content\\\/uploads\\\/2026\\\/04\\\/7073.22@Soft-Peeling-Cream-75-ml_1-1.png\",\"datePublished\":\"2026-04-28T07:49:15+00:00\",\"dateModified\":\"2026-04-28T07:49:19+00:00\",\"breadcrumb\":{\"@id\":\"https:\\\/\\\/districos.standingout.be\\\/fr\\\/product\\\/bio-balance-soft-peeling-cream-75-ml-ref-7073-22\\\/#breadcrumb\"},\"inLanguage\":\"fr-FR\",\"potentialAction\":[{\"@type\":\"ReadAction\",\"target\":[\"https:\\\/\\\/districos.standingout.be\\\/fr\\\/product\\\/bio-balance-soft-peeling-cream-75-ml-ref-7073-22\\\/\"]}]},{\"@type\":\"ImageObject\",\"inLanguage\":\"fr-FR\",\"@id\":\"https:\\\/\\\/districos.standingout.be\\\/fr\\\/product\\\/bio-balance-soft-peeling-cream-75-ml-ref-7073-22\\\/#primaryimage\",\"url\":\"https:\\\/\\\/districos.standingout.be\\\/wp-content\\\/uploads\\\/2026\\\/04\\\/7073.22@Soft-Peeling-Cream-75-ml_1-1.png\",\"contentUrl\":\"https:\\\/\\\/districos.standingout.be\\\/wp-content\\\/uploads\\\/2026\\\/04\\\/7073.22@Soft-Peeling-Cream-75-ml_1-1.png\",\"width\":600,\"height\":600},{\"@type\":\"BreadcrumbList\",\"@id\":\"https:\\\/\\\/districos.standingout.be\\\/fr\\\/product\\\/bio-balance-soft-peeling-cream-75-ml-ref-7073-22\\\/#breadcrumb\",\"itemListElement\":[{\"@type\":\"ListItem\",\"position\":1,\"name\":\"Home\",\"item\":\"https:\\\/\\\/districos.standingout.be\\\/fr\\\/bienvenue-chez-districos\\\/\"},{\"@type\":\"ListItem\",\"position\":2,\"name\":\"Boutique\",\"item\":\"https:\\\/\\\/districos.standingout.be\\\/fr\\\/boutique\\\/\"},{\"@type\":\"ListItem\",\"position\":3,\"name\":\"Bio Balance Soft Peeling Cream 75 ml\"}]},{\"@type\":\"WebSite\",\"@id\":\"https:\\\/\\\/districos.standingout.be\\\/fr\\\/#website\",\"url\":\"https:\\\/\\\/districos.standingout.be\\\/fr\\\/\",\"name\":\"Districos Webshop\",\"description\":\"\",\"publisher\":{\"@id\":\"https:\\\/\\\/districos.standingout.be\\\/fr\\\/#organization\"},\"potentialAction\":[{\"@type\":\"SearchAction\",\"target\":{\"@type\":\"EntryPoint\",\"urlTemplate\":\"https:\\\/\\\/districos.standingout.be\\\/fr\\\/?s={search_term_string}\"},\"query-input\":{\"@type\":\"PropertyValueSpecification\",\"valueRequired\":true,\"valueName\":\"search_term_string\"}}],\"inLanguage\":\"fr-FR\"},{\"@type\":\"Organization\",\"@id\":\"https:\\\/\\\/districos.standingout.be\\\/fr\\\/#organization\",\"name\":\"Districos Webshop\",\"url\":\"https:\\\/\\\/districos.standingout.be\\\/fr\\\/\",\"logo\":{\"@type\":\"ImageObject\",\"inLanguage\":\"fr-FR\",\"@id\":\"https:\\\/\\\/districos.standingout.be\\\/fr\\\/#\\\/schema\\\/logo\\\/image\\\/\",\"url\":\"https:\\\/\\\/districos.standingout.be\\\/wp-content\\\/uploads\\\/2022\\\/09\\\/Districos_Logo_Webshop.svg\",\"contentUrl\":\"https:\\\/\\\/districos.standingout.be\\\/wp-content\\\/uploads\\\/2022\\\/09\\\/Districos_Logo_Webshop.svg\",\"caption\":\"Districos Webshop\"},\"image\":{\"@id\":\"https:\\\/\\\/districos.standingout.be\\\/fr\\\/#\\\/schema\\\/logo\\\/image\\\/\"}}]}<\/script>\n<!-- \/ Yoast SEO plugin. -->","yoast_head_json":{"title":"Bio Balance Soft Peeling Cream 75 ml - Districos Webshop","robots":{"index":"noindex","follow":"follow","max-snippet":"max-snippet:-1","max-image-preview":"max-image-preview:large","max-video-preview":"max-video-preview:-1"},"og_locale":"fr_FR","og_type":"article","og_title":"Bio Balance Soft Peeling Cream 75 ml - Districos Webshop","og_description":"Peeling m\u00e9canique doux et tr\u00e8s efficace \u00e0 base de noyaux d&rsquo;abricot moulus et de kaolin.&nbsp; D\u00e9couvrez la Soft Peeling Cream en emballage de vente !&nbsp;Sa formule sp\u00e9ciale nettoie et purifie la peau en douceur tout en stimulant le renouvellement cellulaire. Gr\u00e2ce \u00e0 un massage d\u00e9licat, les cellules mortes sont efficacement \u00e9limin\u00e9es, permettant \u00e0 votre peau [&hellip;]","og_url":"https:\/\/districos.standingout.be\/fr\/product\/bio-balance-soft-peeling-cream-75-ml-ref-7073-22\/","og_site_name":"Districos Webshop","article_modified_time":"2026-04-28T07:49:19+00:00","twitter_card":"summary_large_image","twitter_misc":{"Dur\u00e9e de lecture estim\u00e9e":"1 minute"},"schema":{"@context":"https:\/\/schema.org","@graph":[{"@type":"WebPage","@id":"https:\/\/districos.standingout.be\/fr\/product\/bio-balance-soft-peeling-cream-75-ml-ref-7073-22\/","url":"https:\/\/districos.standingout.be\/fr\/product\/bio-balance-soft-peeling-cream-75-ml-ref-7073-22\/","name":"Bio Balance Soft Peeling Cream 75 ml - Districos Webshop","isPartOf":{"@id":"https:\/\/districos.standingout.be\/fr\/#website"},"primaryImageOfPage":{"@id":"https:\/\/districos.standingout.be\/fr\/product\/bio-balance-soft-peeling-cream-75-ml-ref-7073-22\/#primaryimage"},"image":{"@id":"https:\/\/districos.standingout.be\/fr\/product\/bio-balance-soft-peeling-cream-75-ml-ref-7073-22\/#primaryimage"},"thumbnailUrl":"https:\/\/districos.standingout.be\/wp-content\/uploads\/2026\/04\/7073.22@Soft-Peeling-Cream-75-ml_1-1.png","datePublished":"2026-04-28T07:49:15+00:00","dateModified":"2026-04-28T07:49:19+00:00","breadcrumb":{"@id":"https:\/\/districos.standingout.be\/fr\/product\/bio-balance-soft-peeling-cream-75-ml-ref-7073-22\/#breadcrumb"},"inLanguage":"fr-FR","potentialAction":[{"@type":"ReadAction","target":["https:\/\/districos.standingout.be\/fr\/product\/bio-balance-soft-peeling-cream-75-ml-ref-7073-22\/"]}]},{"@type":"ImageObject","inLanguage":"fr-FR","@id":"https:\/\/districos.standingout.be\/fr\/product\/bio-balance-soft-peeling-cream-75-ml-ref-7073-22\/#primaryimage","url":"https:\/\/districos.standingout.be\/wp-content\/uploads\/2026\/04\/7073.22@Soft-Peeling-Cream-75-ml_1-1.png","contentUrl":"https:\/\/districos.standingout.be\/wp-content\/uploads\/2026\/04\/7073.22@Soft-Peeling-Cream-75-ml_1-1.png","width":600,"height":600},{"@type":"BreadcrumbList","@id":"https:\/\/districos.standingout.be\/fr\/product\/bio-balance-soft-peeling-cream-75-ml-ref-7073-22\/#breadcrumb","itemListElement":[{"@type":"ListItem","position":1,"name":"Home","item":"https:\/\/districos.standingout.be\/fr\/bienvenue-chez-districos\/"},{"@type":"ListItem","position":2,"name":"Boutique","item":"https:\/\/districos.standingout.be\/fr\/boutique\/"},{"@type":"ListItem","position":3,"name":"Bio Balance Soft Peeling Cream 75 ml"}]},{"@type":"WebSite","@id":"https:\/\/districos.standingout.be\/fr\/#website","url":"https:\/\/districos.standingout.be\/fr\/","name":"Districos Webshop","description":"","publisher":{"@id":"https:\/\/districos.standingout.be\/fr\/#organization"},"potentialAction":[{"@type":"SearchAction","target":{"@type":"EntryPoint","urlTemplate":"https:\/\/districos.standingout.be\/fr\/?s={search_term_string}"},"query-input":{"@type":"PropertyValueSpecification","valueRequired":true,"valueName":"search_term_string"}}],"inLanguage":"fr-FR"},{"@type":"Organization","@id":"https:\/\/districos.standingout.be\/fr\/#organization","name":"Districos Webshop","url":"https:\/\/districos.standingout.be\/fr\/","logo":{"@type":"ImageObject","inLanguage":"fr-FR","@id":"https:\/\/districos.standingout.be\/fr\/#\/schema\/logo\/image\/","url":"https:\/\/districos.standingout.be\/wp-content\/uploads\/2022\/09\/Districos_Logo_Webshop.svg","contentUrl":"https:\/\/districos.standingout.be\/wp-content\/uploads\/2022\/09\/Districos_Logo_Webshop.svg","caption":"Districos Webshop"},"image":{"@id":"https:\/\/districos.standingout.be\/fr\/#\/schema\/logo\/image\/"}}]}},"_links":{"self":[{"href":"https:\/\/districos.standingout.be\/fr\/wp-json\/wp\/v2\/product\/137119","targetHints":{"allow":["GET"]}}],"collection":[{"href":"https:\/\/districos.standingout.be\/fr\/wp-json\/wp\/v2\/product"}],"about":[{"href":"https:\/\/districos.standingout.be\/fr\/wp-json\/wp\/v2\/types\/product"}],"replies":[{"embeddable":true,"href":"https:\/\/districos.standingout.be\/fr\/wp-json\/wp\/v2\/comments?post=137119"}],"wp:featuredmedia":[{"embeddable":true,"href":"https:\/\/districos.standingout.be\/fr\/wp-json\/wp\/v2\/media\/147358"}],"wp:attachment":[{"href":"https:\/\/districos.standingout.be\/fr\/wp-json\/wp\/v2\/media?parent=137119"}],"wp:term":[{"taxonomy":"product_brand","embeddable":true,"href":"https:\/\/districos.standingout.be\/fr\/wp-json\/wp\/v2\/product_brand?post=137119"},{"taxonomy":"product_cat","embeddable":true,"href":"https:\/\/districos.standingout.be\/fr\/wp-json\/wp\/v2\/product_cat?post=137119"},{"taxonomy":"product_tag","embeddable":true,"href":"https:\/\/districos.standingout.be\/fr\/wp-json\/wp\/v2\/product_tag?post=137119"}],"curies":[{"name":"wp","href":"https:\/\/api.w.org\/{rel}","templated":true}]}}