{"id":137127,"date":"2026-04-28T09:49:36","date_gmt":"2026-04-28T07:49:36","guid":{"rendered":"https:\/\/webshopdistricoscom.webhosting.be\/product\/bio-balance-royal-lift-creme-de-jour-50-ml-ref-7073-42\/"},"modified":"2026-04-28T09:49:41","modified_gmt":"2026-04-28T07:49:41","slug":"bio-balance-royal-lift-creme-de-jour-50-ml-ref-7073-42","status":"publish","type":"product","link":"https:\/\/districos.standingout.be\/fr\/product\/bio-balance-royal-lift-creme-de-jour-50-ml-ref-7073-42\/","title":{"rendered":"Bio Balance Royal Lift Cr\u00e8me de Jour 50 ml"},"content":{"rendered":"<p >\n<\/p>\n<\/p>\n<\/p>\n<div>\n<p><b><span lang=\"FR\">LIFTANT &#8211; ANTIRIDES &#8211; RAFFERMISSANT<\/span><\/b><span lang=\"FR\"><o:p><\/o:p><\/span><\/p>\n<p><span lang=\"FR\">Cette cr\u00e8me de jour anti\u00e2ge liftante et raffermissante a \u00e9t\u00e9 sp\u00e9cialement con\u00e7ue pour les peaux matures pour lutter contre les signes visibles de vieillissement cutan\u00e9.<o:p><\/o:p><\/span><\/p>\n<ul type=\"disc\">\n<li><span lang=\"FR\">La premi\u00e8re cr\u00e8me de jour anti\u00e2ge \u00e0 un prix abordable aux effets efficaces.<o:p><\/o:p><\/span><\/li>\n<li><span lang=\"FR\">Emballage : 50 ml.<o:p><\/o:p><\/span><\/li>\n<li><span lang=\"FR\">Vegan.<\/span><span><o:p><\/o:p><\/span><\/li>\n<\/ul>\n<p><b><span>Substances actives<\/span><\/b><span><o:p><\/o:p><\/span><\/p>\n<ul type=\"disc\">\n<li><span lang=\"FR\">Le complexe de peptides Matrixyl\u00ae 3000 stimule la production de prot\u00e9ines collag\u00e8ne dans la peau et renforce les cellules cutan\u00e9es de l&rsquo;int\u00e9rieur. Il diminue la profondeur des rides, am\u00e9liore le teint de peau et rend la peau plus douce.<o:p><\/o:p><\/span><\/li>\n<li><span lang=\"FR\">L&rsquo;Aldavine\u2122, un duo d&rsquo;algues rouges et brunes, renforce les vaisseaux sanguins et prot\u00e8ge la peau des influences nocives de la lumi\u00e8re UV et du stress oxydatif qui causent le vieillissement cutan\u00e9. Il am\u00e9liore l&rsquo;\u00e9lasticit\u00e9 de la peau et r\u00e9duit les cernes et les poches sous les yeux.<o:p><\/o:p><\/span><\/li>\n<li><span lang=\"FR\">Le Linefactor\u2122, un extrait populaire obtenu par la graine de musc d&rsquo;hibiscus, garantit, un raffermissement et un lifting de la peau. Cela rend la peau repulp\u00e9e et plus ferme pour une apparence rajeunie.<o:p><\/o:p><\/span><\/li>\n<\/ul>\n<p><b><span lang=\"FR\">Mode d&#8217;emploi<\/span><\/b><span lang=\"FR\"><o:p><\/o:p><\/span><\/p>\n<p><span lang=\"FR\">Appliquez la cr\u00e8me chaque matin sur le visage, le cou et le d\u00e9collet\u00e9 nettoy\u00e9s.<o:p><\/o:p><\/span><\/p>\n<p><span lang=\"FR\"> &nbsp; <\/span><\/p>\n<p><b><span>Aussi disponible<\/span><\/b><span><o:p><\/o:p><\/span><\/p>\n<ul type=\"disc\">\n<li><span lang=\"FR\">Flacon de cabine de 125 ml (<a href=\"https:\/\/districos.com\/ProductDetail\/7063.85\" target=\"_blank\" rel=\"noopener noreferrer nofollow\"><span>r\u00e9f. 7063.85<\/span><\/a>)<o:p><\/o:p><\/span><\/li>\n<li><span lang=\"FR\">Pr\u00e9sentoir de vente contenant 8 x 50 ml, un testeur, des d\u00e9pliants et des posters (<a href=\"https:\/\/districos.com\/ProductDetail\/7073.422\" target=\"_blank\" rel=\"noopener noreferrer nofollow\"><span>r\u00e9f. 7073.422<\/span><\/a>)<o:p><\/o:p><\/span><\/li>\n<li><span lang=\"FR\">Emballage de voyage de 20 ml (<a href=\"https:\/\/districos.com\/ProductDetail\/7073.42M\" target=\"_blank\" rel=\"noopener noreferrer nofollow\"><span>r\u00e9f. 7073.42M<\/span><\/a>)<o:p><\/o:p><\/span><\/li>\n<li><span lang=\"FR\">Pr\u00e9sentoir de vente contenant 25 x 20 ml (<a href=\"https:\/\/districos.com\/ProductDetail\/7073.42P\" target=\"_blank\" rel=\"noopener noreferrer nofollow\"><span>r\u00e9f. 7073.42P<\/span><\/a>)<o:p><\/o:p><\/span><\/li>\n<li><span lang=\"FR\">\u00c9chantillon de 3 ml (<a href=\"https:\/\/districos.com\/ProductDetail\/7066.61\" target=\"_blank\" rel=\"noopener noreferrer nofollow\"><span>r\u00e9f. 7066.61<\/span><\/a>)<o:p><\/o:p><\/span><\/li>\n<li><span lang=\"FR\">Royal Lift S\u00e9rum 30 ml (<a href=\"https:\/\/webshop.districos.com\/ProductDetail\/7073.43\" target=\"_blank\" rel=\"noopener noreferrer nofollow\"><span>7073. 43<\/span><\/a>)<o:p><\/o:p><\/span><\/li>\n<li><span lang=\"FR\">Royal Lift Cr\u00e8me Contour les Yeux 15ml&nbsp;(<a href=\"https:\/\/www.districos.com\/ProductDetail\/7073.44\" target=\"_blank\" rel=\"noopener noreferrer nofollow\"><span>7<\/span><\/a><a href=\"https:\/\/webshop.districos.com\/ProductDetail\/7073.44\" target=\"_blank\" rel=\"noopener noreferrer nofollow\"><span>073. 43<\/span><\/a>)<o:p><\/o:p><\/span><\/li>\n<\/ul>\n<\/div>\n<p dir=\"ltr\"><\/p>\n","protected":false},"excerpt":{"rendered":"<p>LIFTANT &#8211; ANTIRIDES &#8211; RAFFERMISSANT Cette cr\u00e8me de jour anti\u00e2ge liftante et raffermissante a \u00e9t\u00e9 sp\u00e9cialement con\u00e7ue pour les peaux matures pour lutter contre les signes visibles de vieillissement cutan\u00e9. La premi\u00e8re cr\u00e8me de jour anti\u00e2ge \u00e0 un prix abordable aux effets efficaces. Emballage : 50 ml. Vegan. Substances actives Le complexe de peptides Matrixyl\u00ae [&hellip;]<\/p>\n","protected":false},"featured_media":77870,"comment_status":"open","ping_status":"closed","template":"","meta":{"_acf_changed":false},"product_brand":[10308],"product_cat":[9856],"product_tag":[],"class_list":{"0":"post-137127","1":"product","2":"type-product","3":"status-publish","4":"has-post-thumbnail","6":"product_brand-bb_gelaat-fr","7":"product_cat-beaute-visage-bio-balance-visage","9":"first","10":"instock","11":"taxable","12":"shipping-taxable","13":"product-type-simple"},"acf":[],"yoast_head":"<!-- This site is optimized with the Yoast SEO plugin v27.3 - https:\/\/yoast.com\/product\/yoast-seo-wordpress\/ -->\n<title>Bio Balance Royal Lift Cr\u00e8me de Jour 50 ml - Districos Webshop<\/title>\n<meta name=\"robots\" content=\"noindex, follow, max-snippet:-1, max-image-preview:large, max-video-preview:-1\" \/>\n<meta property=\"og:locale\" content=\"fr_FR\" \/>\n<meta property=\"og:type\" content=\"article\" \/>\n<meta property=\"og:title\" content=\"Bio Balance Royal Lift Cr\u00e8me de Jour 50 ml - Districos Webshop\" \/>\n<meta property=\"og:description\" content=\"LIFTANT &#8211; ANTIRIDES &#8211; RAFFERMISSANT Cette cr\u00e8me de jour anti\u00e2ge liftante et raffermissante a \u00e9t\u00e9 sp\u00e9cialement con\u00e7ue pour les peaux matures pour lutter contre les signes visibles de vieillissement cutan\u00e9. La premi\u00e8re cr\u00e8me de jour anti\u00e2ge \u00e0 un prix abordable aux effets efficaces. Emballage : 50 ml. Vegan. Substances actives Le complexe de peptides Matrixyl\u00ae [&hellip;]\" \/>\n<meta property=\"og:url\" content=\"https:\/\/districos.standingout.be\/fr\/product\/bio-balance-royal-lift-creme-de-jour-50-ml-ref-7073-42\/\" \/>\n<meta property=\"og:site_name\" content=\"Districos Webshop\" \/>\n<meta property=\"article:modified_time\" content=\"2026-04-28T07:49:41+00:00\" \/>\n<meta name=\"twitter:card\" content=\"summary_large_image\" \/>\n<meta name=\"twitter:label1\" content=\"Dur\u00e9e de lecture estim\u00e9e\" \/>\n\t<meta name=\"twitter:data1\" content=\"1 minute\" \/>\n<script type=\"application\/ld+json\" class=\"yoast-schema-graph\">{\"@context\":\"https:\\\/\\\/schema.org\",\"@graph\":[{\"@type\":\"WebPage\",\"@id\":\"https:\\\/\\\/districos.standingout.be\\\/fr\\\/product\\\/bio-balance-royal-lift-creme-de-jour-50-ml-ref-7073-42\\\/\",\"url\":\"https:\\\/\\\/districos.standingout.be\\\/fr\\\/product\\\/bio-balance-royal-lift-creme-de-jour-50-ml-ref-7073-42\\\/\",\"name\":\"Bio Balance Royal Lift Cr\u00e8me de Jour 50 ml - Districos Webshop\",\"isPartOf\":{\"@id\":\"https:\\\/\\\/districos.standingout.be\\\/fr\\\/#website\"},\"primaryImageOfPage\":{\"@id\":\"https:\\\/\\\/districos.standingout.be\\\/fr\\\/product\\\/bio-balance-royal-lift-creme-de-jour-50-ml-ref-7073-42\\\/#primaryimage\"},\"image\":{\"@id\":\"https:\\\/\\\/districos.standingout.be\\\/fr\\\/product\\\/bio-balance-royal-lift-creme-de-jour-50-ml-ref-7073-42\\\/#primaryimage\"},\"thumbnailUrl\":\"https:\\\/\\\/districos.standingout.be\\\/wp-content\\\/uploads\\\/2025\\\/07\\\/7073.42@LowRes_1.png\",\"datePublished\":\"2026-04-28T07:49:36+00:00\",\"dateModified\":\"2026-04-28T07:49:41+00:00\",\"breadcrumb\":{\"@id\":\"https:\\\/\\\/districos.standingout.be\\\/fr\\\/product\\\/bio-balance-royal-lift-creme-de-jour-50-ml-ref-7073-42\\\/#breadcrumb\"},\"inLanguage\":\"fr-FR\",\"potentialAction\":[{\"@type\":\"ReadAction\",\"target\":[\"https:\\\/\\\/districos.standingout.be\\\/fr\\\/product\\\/bio-balance-royal-lift-creme-de-jour-50-ml-ref-7073-42\\\/\"]}]},{\"@type\":\"ImageObject\",\"inLanguage\":\"fr-FR\",\"@id\":\"https:\\\/\\\/districos.standingout.be\\\/fr\\\/product\\\/bio-balance-royal-lift-creme-de-jour-50-ml-ref-7073-42\\\/#primaryimage\",\"url\":\"https:\\\/\\\/districos.standingout.be\\\/wp-content\\\/uploads\\\/2025\\\/07\\\/7073.42@LowRes_1.png\",\"contentUrl\":\"https:\\\/\\\/districos.standingout.be\\\/wp-content\\\/uploads\\\/2025\\\/07\\\/7073.42@LowRes_1.png\",\"width\":600,\"height\":600},{\"@type\":\"BreadcrumbList\",\"@id\":\"https:\\\/\\\/districos.standingout.be\\\/fr\\\/product\\\/bio-balance-royal-lift-creme-de-jour-50-ml-ref-7073-42\\\/#breadcrumb\",\"itemListElement\":[{\"@type\":\"ListItem\",\"position\":1,\"name\":\"Home\",\"item\":\"https:\\\/\\\/districos.standingout.be\\\/fr\\\/bienvenue-chez-districos\\\/\"},{\"@type\":\"ListItem\",\"position\":2,\"name\":\"Boutique\",\"item\":\"https:\\\/\\\/districos.standingout.be\\\/fr\\\/boutique\\\/\"},{\"@type\":\"ListItem\",\"position\":3,\"name\":\"Bio Balance Royal Lift Cr\u00e8me de Jour 50 ml\"}]},{\"@type\":\"WebSite\",\"@id\":\"https:\\\/\\\/districos.standingout.be\\\/fr\\\/#website\",\"url\":\"https:\\\/\\\/districos.standingout.be\\\/fr\\\/\",\"name\":\"Districos Webshop\",\"description\":\"\",\"publisher\":{\"@id\":\"https:\\\/\\\/districos.standingout.be\\\/fr\\\/#organization\"},\"potentialAction\":[{\"@type\":\"SearchAction\",\"target\":{\"@type\":\"EntryPoint\",\"urlTemplate\":\"https:\\\/\\\/districos.standingout.be\\\/fr\\\/?s={search_term_string}\"},\"query-input\":{\"@type\":\"PropertyValueSpecification\",\"valueRequired\":true,\"valueName\":\"search_term_string\"}}],\"inLanguage\":\"fr-FR\"},{\"@type\":\"Organization\",\"@id\":\"https:\\\/\\\/districos.standingout.be\\\/fr\\\/#organization\",\"name\":\"Districos Webshop\",\"url\":\"https:\\\/\\\/districos.standingout.be\\\/fr\\\/\",\"logo\":{\"@type\":\"ImageObject\",\"inLanguage\":\"fr-FR\",\"@id\":\"https:\\\/\\\/districos.standingout.be\\\/fr\\\/#\\\/schema\\\/logo\\\/image\\\/\",\"url\":\"https:\\\/\\\/districos.standingout.be\\\/wp-content\\\/uploads\\\/2022\\\/09\\\/Districos_Logo_Webshop.svg\",\"contentUrl\":\"https:\\\/\\\/districos.standingout.be\\\/wp-content\\\/uploads\\\/2022\\\/09\\\/Districos_Logo_Webshop.svg\",\"caption\":\"Districos Webshop\"},\"image\":{\"@id\":\"https:\\\/\\\/districos.standingout.be\\\/fr\\\/#\\\/schema\\\/logo\\\/image\\\/\"}}]}<\/script>\n<!-- \/ Yoast SEO plugin. -->","yoast_head_json":{"title":"Bio Balance Royal Lift Cr\u00e8me de Jour 50 ml - Districos Webshop","robots":{"index":"noindex","follow":"follow","max-snippet":"max-snippet:-1","max-image-preview":"max-image-preview:large","max-video-preview":"max-video-preview:-1"},"og_locale":"fr_FR","og_type":"article","og_title":"Bio Balance Royal Lift Cr\u00e8me de Jour 50 ml - Districos Webshop","og_description":"LIFTANT &#8211; ANTIRIDES &#8211; RAFFERMISSANT Cette cr\u00e8me de jour anti\u00e2ge liftante et raffermissante a \u00e9t\u00e9 sp\u00e9cialement con\u00e7ue pour les peaux matures pour lutter contre les signes visibles de vieillissement cutan\u00e9. La premi\u00e8re cr\u00e8me de jour anti\u00e2ge \u00e0 un prix abordable aux effets efficaces. Emballage : 50 ml. Vegan. Substances actives Le complexe de peptides Matrixyl\u00ae [&hellip;]","og_url":"https:\/\/districos.standingout.be\/fr\/product\/bio-balance-royal-lift-creme-de-jour-50-ml-ref-7073-42\/","og_site_name":"Districos Webshop","article_modified_time":"2026-04-28T07:49:41+00:00","twitter_card":"summary_large_image","twitter_misc":{"Dur\u00e9e de lecture estim\u00e9e":"1 minute"},"schema":{"@context":"https:\/\/schema.org","@graph":[{"@type":"WebPage","@id":"https:\/\/districos.standingout.be\/fr\/product\/bio-balance-royal-lift-creme-de-jour-50-ml-ref-7073-42\/","url":"https:\/\/districos.standingout.be\/fr\/product\/bio-balance-royal-lift-creme-de-jour-50-ml-ref-7073-42\/","name":"Bio Balance Royal Lift Cr\u00e8me de Jour 50 ml - Districos Webshop","isPartOf":{"@id":"https:\/\/districos.standingout.be\/fr\/#website"},"primaryImageOfPage":{"@id":"https:\/\/districos.standingout.be\/fr\/product\/bio-balance-royal-lift-creme-de-jour-50-ml-ref-7073-42\/#primaryimage"},"image":{"@id":"https:\/\/districos.standingout.be\/fr\/product\/bio-balance-royal-lift-creme-de-jour-50-ml-ref-7073-42\/#primaryimage"},"thumbnailUrl":"https:\/\/districos.standingout.be\/wp-content\/uploads\/2025\/07\/7073.42@LowRes_1.png","datePublished":"2026-04-28T07:49:36+00:00","dateModified":"2026-04-28T07:49:41+00:00","breadcrumb":{"@id":"https:\/\/districos.standingout.be\/fr\/product\/bio-balance-royal-lift-creme-de-jour-50-ml-ref-7073-42\/#breadcrumb"},"inLanguage":"fr-FR","potentialAction":[{"@type":"ReadAction","target":["https:\/\/districos.standingout.be\/fr\/product\/bio-balance-royal-lift-creme-de-jour-50-ml-ref-7073-42\/"]}]},{"@type":"ImageObject","inLanguage":"fr-FR","@id":"https:\/\/districos.standingout.be\/fr\/product\/bio-balance-royal-lift-creme-de-jour-50-ml-ref-7073-42\/#primaryimage","url":"https:\/\/districos.standingout.be\/wp-content\/uploads\/2025\/07\/7073.42@LowRes_1.png","contentUrl":"https:\/\/districos.standingout.be\/wp-content\/uploads\/2025\/07\/7073.42@LowRes_1.png","width":600,"height":600},{"@type":"BreadcrumbList","@id":"https:\/\/districos.standingout.be\/fr\/product\/bio-balance-royal-lift-creme-de-jour-50-ml-ref-7073-42\/#breadcrumb","itemListElement":[{"@type":"ListItem","position":1,"name":"Home","item":"https:\/\/districos.standingout.be\/fr\/bienvenue-chez-districos\/"},{"@type":"ListItem","position":2,"name":"Boutique","item":"https:\/\/districos.standingout.be\/fr\/boutique\/"},{"@type":"ListItem","position":3,"name":"Bio Balance Royal Lift Cr\u00e8me de Jour 50 ml"}]},{"@type":"WebSite","@id":"https:\/\/districos.standingout.be\/fr\/#website","url":"https:\/\/districos.standingout.be\/fr\/","name":"Districos Webshop","description":"","publisher":{"@id":"https:\/\/districos.standingout.be\/fr\/#organization"},"potentialAction":[{"@type":"SearchAction","target":{"@type":"EntryPoint","urlTemplate":"https:\/\/districos.standingout.be\/fr\/?s={search_term_string}"},"query-input":{"@type":"PropertyValueSpecification","valueRequired":true,"valueName":"search_term_string"}}],"inLanguage":"fr-FR"},{"@type":"Organization","@id":"https:\/\/districos.standingout.be\/fr\/#organization","name":"Districos Webshop","url":"https:\/\/districos.standingout.be\/fr\/","logo":{"@type":"ImageObject","inLanguage":"fr-FR","@id":"https:\/\/districos.standingout.be\/fr\/#\/schema\/logo\/image\/","url":"https:\/\/districos.standingout.be\/wp-content\/uploads\/2022\/09\/Districos_Logo_Webshop.svg","contentUrl":"https:\/\/districos.standingout.be\/wp-content\/uploads\/2022\/09\/Districos_Logo_Webshop.svg","caption":"Districos Webshop"},"image":{"@id":"https:\/\/districos.standingout.be\/fr\/#\/schema\/logo\/image\/"}}]}},"_links":{"self":[{"href":"https:\/\/districos.standingout.be\/fr\/wp-json\/wp\/v2\/product\/137127","targetHints":{"allow":["GET"]}}],"collection":[{"href":"https:\/\/districos.standingout.be\/fr\/wp-json\/wp\/v2\/product"}],"about":[{"href":"https:\/\/districos.standingout.be\/fr\/wp-json\/wp\/v2\/types\/product"}],"replies":[{"embeddable":true,"href":"https:\/\/districos.standingout.be\/fr\/wp-json\/wp\/v2\/comments?post=137127"}],"wp:featuredmedia":[{"embeddable":true,"href":"https:\/\/districos.standingout.be\/fr\/wp-json\/wp\/v2\/media\/77870"}],"wp:attachment":[{"href":"https:\/\/districos.standingout.be\/fr\/wp-json\/wp\/v2\/media?parent=137127"}],"wp:term":[{"taxonomy":"product_brand","embeddable":true,"href":"https:\/\/districos.standingout.be\/fr\/wp-json\/wp\/v2\/product_brand?post=137127"},{"taxonomy":"product_cat","embeddable":true,"href":"https:\/\/districos.standingout.be\/fr\/wp-json\/wp\/v2\/product_cat?post=137127"},{"taxonomy":"product_tag","embeddable":true,"href":"https:\/\/districos.standingout.be\/fr\/wp-json\/wp\/v2\/product_tag?post=137127"}],"curies":[{"name":"wp","href":"https:\/\/api.w.org\/{rel}","templated":true}]}}