{"id":137133,"date":"2026-04-28T09:49:52","date_gmt":"2026-04-28T07:49:52","guid":{"rendered":"https:\/\/webshopdistricoscom.webhosting.be\/product\/bio-balance-royal-lift-serum-30-ml-ref-7073-43-2\/"},"modified":"2026-04-28T09:49:57","modified_gmt":"2026-04-28T07:49:57","slug":"bio-balance-royal-lift-serum-30-ml-ref-7073-43","status":"publish","type":"product","link":"https:\/\/districos.standingout.be\/fr\/product\/bio-balance-royal-lift-serum-30-ml-ref-7073-43\/","title":{"rendered":"Bio Balance Royal Lift S\u00e9rum 30 ml"},"content":{"rendered":"<p >\n<\/p>\n<\/p>\n<\/p>\n<\/p>\n<\/p>\n<\/p>\n<p><b><span lang=\"FR\">LIFTANT &#8211; ANTIRIDES &#8211; RAFFERMISSANT<\/span><\/b><span><o:p><\/o:p><\/span><\/p>\n<p><span>Un s\u00e9rum anti\u00e2ge puissant pour une peau plus jeune et plus rebondie, au toucher luxueusement doux. Ce s\u00e9rum lutte efficacement contre les signes du vieillissement cutan\u00e9 et a une action fortement liftante et raffermissante.<\/span><\/p>\n<p><span><o:p><\/o:p><\/span><\/p>\n<p><b><span>Substances actives<\/span><\/b><\/p>\n<p><span>Contient une haute concentration de Matrixyl\u00ae 3000, un complexe de peptides patent\u00e9 \u00e0 effet anti\u00e2ge prouv\u00e9. Il stimule la production de collag\u00e8ne, ce qui r\u00e9duit consid\u00e9rablement les rides et les ridules.&nbsp;<\/span><span>L\u2019huile de graines de limnanthac\u00e9e et l\u2019huile d\u2019avocat hydratent et nourrissent la peau en profondeur.<\/span><\/p>\n<p><b><span>Mode d&#8217;emploi<\/span><\/b><\/p>\n<p><span>Appliquer deux fois par jour sous&nbsp; la cr\u00e8me de jour Royal Lift et combiner avec la cr\u00e8me pour les yeux Royal Lift.<\/span><\/p>\n<p><span><o:p><\/o:p><\/span><\/p>\n<div><b><span>Aussi Disponibles<\/span><\/b><\/div>\n<ul type=\"disc\">\n<li><span>Royal Lift Cr\u00e8me Contour les Yeux 15ml&nbsp;(<a href=\"https:\/\/webshop.districos.com\/ProductDetail\/7073.44\" target=\"_blank\" rel=\"noopener noreferrer nofollow\">r\u00e9f. 7073.44<\/a>)<o:p><\/o:p><\/span><\/li>\n<li><span>Royal Lift Cr\u00e8me de Jour 50 ml (<a href=\"https:\/\/webshop.districos.com\/ProductDetail\/7073.42\" target=\"_blank\" rel=\"noopener noreferrer nofollow\">r\u00e9f. 7073.42<\/a>)<\/span><\/li>\n<\/ul>\n","protected":false},"excerpt":{"rendered":"<p>LIFTANT &#8211; ANTIRIDES &#8211; RAFFERMISSANT Un s\u00e9rum anti\u00e2ge puissant pour une peau plus jeune et plus rebondie, au toucher luxueusement doux. Ce s\u00e9rum lutte efficacement contre les signes du vieillissement cutan\u00e9 et a une action fortement liftante et raffermissante. Substances actives Contient une haute concentration de Matrixyl\u00ae 3000, un complexe de peptides patent\u00e9 \u00e0 effet [&hellip;]<\/p>\n","protected":false},"featured_media":77888,"comment_status":"open","ping_status":"closed","template":"","meta":{"_acf_changed":false},"product_brand":[10308],"product_cat":[9856],"product_tag":[],"class_list":{"0":"post-137133","1":"product","2":"type-product","3":"status-publish","4":"has-post-thumbnail","6":"product_brand-bb_gelaat-fr","7":"product_cat-beaute-visage-bio-balance-visage","9":"first","10":"instock","11":"taxable","12":"shipping-taxable","13":"product-type-simple"},"acf":[],"yoast_head":"<!-- This site is optimized with the Yoast SEO plugin v27.3 - https:\/\/yoast.com\/product\/yoast-seo-wordpress\/ -->\n<title>Bio Balance Royal Lift S\u00e9rum 30 ml - Districos Webshop<\/title>\n<meta name=\"robots\" content=\"noindex, follow, max-snippet:-1, max-image-preview:large, max-video-preview:-1\" \/>\n<meta property=\"og:locale\" content=\"fr_FR\" \/>\n<meta property=\"og:type\" content=\"article\" \/>\n<meta property=\"og:title\" content=\"Bio Balance Royal Lift S\u00e9rum 30 ml - Districos Webshop\" \/>\n<meta property=\"og:description\" content=\"LIFTANT &#8211; ANTIRIDES &#8211; RAFFERMISSANT Un s\u00e9rum anti\u00e2ge puissant pour une peau plus jeune et plus rebondie, au toucher luxueusement doux. Ce s\u00e9rum lutte efficacement contre les signes du vieillissement cutan\u00e9 et a une action fortement liftante et raffermissante. Substances actives Contient une haute concentration de Matrixyl\u00ae 3000, un complexe de peptides patent\u00e9 \u00e0 effet [&hellip;]\" \/>\n<meta property=\"og:url\" content=\"https:\/\/districos.standingout.be\/fr\/product\/bio-balance-royal-lift-serum-30-ml-ref-7073-43\/\" \/>\n<meta property=\"og:site_name\" content=\"Districos Webshop\" \/>\n<meta property=\"article:modified_time\" content=\"2026-04-28T07:49:57+00:00\" \/>\n<meta name=\"twitter:card\" content=\"summary_large_image\" \/>\n<meta name=\"twitter:label1\" content=\"Dur\u00e9e de lecture estim\u00e9e\" \/>\n\t<meta name=\"twitter:data1\" content=\"1 minute\" \/>\n<script type=\"application\/ld+json\" class=\"yoast-schema-graph\">{\"@context\":\"https:\\\/\\\/schema.org\",\"@graph\":[{\"@type\":\"WebPage\",\"@id\":\"https:\\\/\\\/districos.standingout.be\\\/fr\\\/product\\\/bio-balance-royal-lift-serum-30-ml-ref-7073-43\\\/\",\"url\":\"https:\\\/\\\/districos.standingout.be\\\/fr\\\/product\\\/bio-balance-royal-lift-serum-30-ml-ref-7073-43\\\/\",\"name\":\"Bio Balance Royal Lift S\u00e9rum 30 ml - Districos Webshop\",\"isPartOf\":{\"@id\":\"https:\\\/\\\/districos.standingout.be\\\/fr\\\/#website\"},\"primaryImageOfPage\":{\"@id\":\"https:\\\/\\\/districos.standingout.be\\\/fr\\\/product\\\/bio-balance-royal-lift-serum-30-ml-ref-7073-43\\\/#primaryimage\"},\"image\":{\"@id\":\"https:\\\/\\\/districos.standingout.be\\\/fr\\\/product\\\/bio-balance-royal-lift-serum-30-ml-ref-7073-43\\\/#primaryimage\"},\"thumbnailUrl\":\"https:\\\/\\\/districos.standingout.be\\\/wp-content\\\/uploads\\\/2025\\\/07\\\/7073.43@LowRes_1.png\",\"datePublished\":\"2026-04-28T07:49:52+00:00\",\"dateModified\":\"2026-04-28T07:49:57+00:00\",\"breadcrumb\":{\"@id\":\"https:\\\/\\\/districos.standingout.be\\\/fr\\\/product\\\/bio-balance-royal-lift-serum-30-ml-ref-7073-43\\\/#breadcrumb\"},\"inLanguage\":\"fr-FR\",\"potentialAction\":[{\"@type\":\"ReadAction\",\"target\":[\"https:\\\/\\\/districos.standingout.be\\\/fr\\\/product\\\/bio-balance-royal-lift-serum-30-ml-ref-7073-43\\\/\"]}]},{\"@type\":\"ImageObject\",\"inLanguage\":\"fr-FR\",\"@id\":\"https:\\\/\\\/districos.standingout.be\\\/fr\\\/product\\\/bio-balance-royal-lift-serum-30-ml-ref-7073-43\\\/#primaryimage\",\"url\":\"https:\\\/\\\/districos.standingout.be\\\/wp-content\\\/uploads\\\/2025\\\/07\\\/7073.43@LowRes_1.png\",\"contentUrl\":\"https:\\\/\\\/districos.standingout.be\\\/wp-content\\\/uploads\\\/2025\\\/07\\\/7073.43@LowRes_1.png\",\"width\":600,\"height\":600},{\"@type\":\"BreadcrumbList\",\"@id\":\"https:\\\/\\\/districos.standingout.be\\\/fr\\\/product\\\/bio-balance-royal-lift-serum-30-ml-ref-7073-43\\\/#breadcrumb\",\"itemListElement\":[{\"@type\":\"ListItem\",\"position\":1,\"name\":\"Home\",\"item\":\"https:\\\/\\\/districos.standingout.be\\\/fr\\\/bienvenue-chez-districos\\\/\"},{\"@type\":\"ListItem\",\"position\":2,\"name\":\"Boutique\",\"item\":\"https:\\\/\\\/districos.standingout.be\\\/fr\\\/boutique\\\/\"},{\"@type\":\"ListItem\",\"position\":3,\"name\":\"Bio Balance Royal Lift S\u00e9rum 30 ml\"}]},{\"@type\":\"WebSite\",\"@id\":\"https:\\\/\\\/districos.standingout.be\\\/fr\\\/#website\",\"url\":\"https:\\\/\\\/districos.standingout.be\\\/fr\\\/\",\"name\":\"Districos Webshop\",\"description\":\"\",\"publisher\":{\"@id\":\"https:\\\/\\\/districos.standingout.be\\\/fr\\\/#organization\"},\"potentialAction\":[{\"@type\":\"SearchAction\",\"target\":{\"@type\":\"EntryPoint\",\"urlTemplate\":\"https:\\\/\\\/districos.standingout.be\\\/fr\\\/?s={search_term_string}\"},\"query-input\":{\"@type\":\"PropertyValueSpecification\",\"valueRequired\":true,\"valueName\":\"search_term_string\"}}],\"inLanguage\":\"fr-FR\"},{\"@type\":\"Organization\",\"@id\":\"https:\\\/\\\/districos.standingout.be\\\/fr\\\/#organization\",\"name\":\"Districos Webshop\",\"url\":\"https:\\\/\\\/districos.standingout.be\\\/fr\\\/\",\"logo\":{\"@type\":\"ImageObject\",\"inLanguage\":\"fr-FR\",\"@id\":\"https:\\\/\\\/districos.standingout.be\\\/fr\\\/#\\\/schema\\\/logo\\\/image\\\/\",\"url\":\"https:\\\/\\\/districos.standingout.be\\\/wp-content\\\/uploads\\\/2022\\\/09\\\/Districos_Logo_Webshop.svg\",\"contentUrl\":\"https:\\\/\\\/districos.standingout.be\\\/wp-content\\\/uploads\\\/2022\\\/09\\\/Districos_Logo_Webshop.svg\",\"caption\":\"Districos Webshop\"},\"image\":{\"@id\":\"https:\\\/\\\/districos.standingout.be\\\/fr\\\/#\\\/schema\\\/logo\\\/image\\\/\"}}]}<\/script>\n<!-- \/ Yoast SEO plugin. -->","yoast_head_json":{"title":"Bio Balance Royal Lift S\u00e9rum 30 ml - Districos Webshop","robots":{"index":"noindex","follow":"follow","max-snippet":"max-snippet:-1","max-image-preview":"max-image-preview:large","max-video-preview":"max-video-preview:-1"},"og_locale":"fr_FR","og_type":"article","og_title":"Bio Balance Royal Lift S\u00e9rum 30 ml - Districos Webshop","og_description":"LIFTANT &#8211; ANTIRIDES &#8211; RAFFERMISSANT Un s\u00e9rum anti\u00e2ge puissant pour une peau plus jeune et plus rebondie, au toucher luxueusement doux. Ce s\u00e9rum lutte efficacement contre les signes du vieillissement cutan\u00e9 et a une action fortement liftante et raffermissante. Substances actives Contient une haute concentration de Matrixyl\u00ae 3000, un complexe de peptides patent\u00e9 \u00e0 effet [&hellip;]","og_url":"https:\/\/districos.standingout.be\/fr\/product\/bio-balance-royal-lift-serum-30-ml-ref-7073-43\/","og_site_name":"Districos Webshop","article_modified_time":"2026-04-28T07:49:57+00:00","twitter_card":"summary_large_image","twitter_misc":{"Dur\u00e9e de lecture estim\u00e9e":"1 minute"},"schema":{"@context":"https:\/\/schema.org","@graph":[{"@type":"WebPage","@id":"https:\/\/districos.standingout.be\/fr\/product\/bio-balance-royal-lift-serum-30-ml-ref-7073-43\/","url":"https:\/\/districos.standingout.be\/fr\/product\/bio-balance-royal-lift-serum-30-ml-ref-7073-43\/","name":"Bio Balance Royal Lift S\u00e9rum 30 ml - Districos Webshop","isPartOf":{"@id":"https:\/\/districos.standingout.be\/fr\/#website"},"primaryImageOfPage":{"@id":"https:\/\/districos.standingout.be\/fr\/product\/bio-balance-royal-lift-serum-30-ml-ref-7073-43\/#primaryimage"},"image":{"@id":"https:\/\/districos.standingout.be\/fr\/product\/bio-balance-royal-lift-serum-30-ml-ref-7073-43\/#primaryimage"},"thumbnailUrl":"https:\/\/districos.standingout.be\/wp-content\/uploads\/2025\/07\/7073.43@LowRes_1.png","datePublished":"2026-04-28T07:49:52+00:00","dateModified":"2026-04-28T07:49:57+00:00","breadcrumb":{"@id":"https:\/\/districos.standingout.be\/fr\/product\/bio-balance-royal-lift-serum-30-ml-ref-7073-43\/#breadcrumb"},"inLanguage":"fr-FR","potentialAction":[{"@type":"ReadAction","target":["https:\/\/districos.standingout.be\/fr\/product\/bio-balance-royal-lift-serum-30-ml-ref-7073-43\/"]}]},{"@type":"ImageObject","inLanguage":"fr-FR","@id":"https:\/\/districos.standingout.be\/fr\/product\/bio-balance-royal-lift-serum-30-ml-ref-7073-43\/#primaryimage","url":"https:\/\/districos.standingout.be\/wp-content\/uploads\/2025\/07\/7073.43@LowRes_1.png","contentUrl":"https:\/\/districos.standingout.be\/wp-content\/uploads\/2025\/07\/7073.43@LowRes_1.png","width":600,"height":600},{"@type":"BreadcrumbList","@id":"https:\/\/districos.standingout.be\/fr\/product\/bio-balance-royal-lift-serum-30-ml-ref-7073-43\/#breadcrumb","itemListElement":[{"@type":"ListItem","position":1,"name":"Home","item":"https:\/\/districos.standingout.be\/fr\/bienvenue-chez-districos\/"},{"@type":"ListItem","position":2,"name":"Boutique","item":"https:\/\/districos.standingout.be\/fr\/boutique\/"},{"@type":"ListItem","position":3,"name":"Bio Balance Royal Lift S\u00e9rum 30 ml"}]},{"@type":"WebSite","@id":"https:\/\/districos.standingout.be\/fr\/#website","url":"https:\/\/districos.standingout.be\/fr\/","name":"Districos Webshop","description":"","publisher":{"@id":"https:\/\/districos.standingout.be\/fr\/#organization"},"potentialAction":[{"@type":"SearchAction","target":{"@type":"EntryPoint","urlTemplate":"https:\/\/districos.standingout.be\/fr\/?s={search_term_string}"},"query-input":{"@type":"PropertyValueSpecification","valueRequired":true,"valueName":"search_term_string"}}],"inLanguage":"fr-FR"},{"@type":"Organization","@id":"https:\/\/districos.standingout.be\/fr\/#organization","name":"Districos Webshop","url":"https:\/\/districos.standingout.be\/fr\/","logo":{"@type":"ImageObject","inLanguage":"fr-FR","@id":"https:\/\/districos.standingout.be\/fr\/#\/schema\/logo\/image\/","url":"https:\/\/districos.standingout.be\/wp-content\/uploads\/2022\/09\/Districos_Logo_Webshop.svg","contentUrl":"https:\/\/districos.standingout.be\/wp-content\/uploads\/2022\/09\/Districos_Logo_Webshop.svg","caption":"Districos Webshop"},"image":{"@id":"https:\/\/districos.standingout.be\/fr\/#\/schema\/logo\/image\/"}}]}},"_links":{"self":[{"href":"https:\/\/districos.standingout.be\/fr\/wp-json\/wp\/v2\/product\/137133","targetHints":{"allow":["GET"]}}],"collection":[{"href":"https:\/\/districos.standingout.be\/fr\/wp-json\/wp\/v2\/product"}],"about":[{"href":"https:\/\/districos.standingout.be\/fr\/wp-json\/wp\/v2\/types\/product"}],"replies":[{"embeddable":true,"href":"https:\/\/districos.standingout.be\/fr\/wp-json\/wp\/v2\/comments?post=137133"}],"wp:featuredmedia":[{"embeddable":true,"href":"https:\/\/districos.standingout.be\/fr\/wp-json\/wp\/v2\/media\/77888"}],"wp:attachment":[{"href":"https:\/\/districos.standingout.be\/fr\/wp-json\/wp\/v2\/media?parent=137133"}],"wp:term":[{"taxonomy":"product_brand","embeddable":true,"href":"https:\/\/districos.standingout.be\/fr\/wp-json\/wp\/v2\/product_brand?post=137133"},{"taxonomy":"product_cat","embeddable":true,"href":"https:\/\/districos.standingout.be\/fr\/wp-json\/wp\/v2\/product_cat?post=137133"},{"taxonomy":"product_tag","embeddable":true,"href":"https:\/\/districos.standingout.be\/fr\/wp-json\/wp\/v2\/product_tag?post=137133"}],"curies":[{"name":"wp","href":"https:\/\/api.w.org\/{rel}","templated":true}]}}