{"id":137135,"date":"2026-04-28T09:49:57","date_gmt":"2026-04-28T07:49:57","guid":{"rendered":"https:\/\/webshopdistricoscom.webhosting.be\/product\/bio-balance-set-de-vente-royal-lift-avec-presentoir-ref-7073-431\/"},"modified":"2026-04-28T09:50:10","modified_gmt":"2026-04-28T07:50:10","slug":"bio-balance-set-de-vente-royal-lift-avec-presentoir-ref-7073-431","status":"publish","type":"product","link":"https:\/\/districos.standingout.be\/fr\/product\/bio-balance-set-de-vente-royal-lift-avec-presentoir-ref-7073-431\/","title":{"rendered":"Bio Balance Set de Vente Royal Lift avec Pr\u00e9sentoir"},"content":{"rendered":"<p >\n<p><b><span lang=\"FR\">Set de vente attractif de la ligne anti-\u00e2ge avec un effet liftant puissant et raffermissant !<\/span><\/b><span lang=\"FR\"><o:p><\/o:p><\/span><\/p>\n<p><span lang=\"FR\">Stimuler les ventes de la gamme Royal Lift ? Vous pouvez le faire avec cet \u00e9l\u00e9gant pr\u00e9sentoir de vente. C&rsquo;est la meilleure fa\u00e7on de mettre en valeur les produits.<u1:p><\/u1:p><o:p><\/o:p><\/span><\/p>\n<p><span lang=\"FR\">Avec ce pr\u00e9sentoir de vente, vous pr\u00e9sentez toute la gamme compos\u00e9e de notre&nbsp;cr\u00e8me de jour&nbsp;populaire,&nbsp;d&rsquo;un s\u00e9rum&nbsp;puissant et&nbsp;d&rsquo;une cr\u00e8me contour des yeux.&nbsp;En plus, vous recevrez 15 \u00e9chantillons et une affiche. Le moyen id\u00e9al d&rsquo;augmenter les ventes et de fournir \u00e0 vos clients des produits anti-\u00e2ge efficaces et de qualit\u00e9.<u1:p><\/u1:p><o:p><\/o:p><\/span><\/p>\n<p><span><b><span lang=\"FR\">Contenu du s<\/span><\/b><\/span><span><b><span lang=\"FR\">et de vente Royal Lift AVEC pr\u00e9sentoir<\/span><\/b><\/span><span lang=\"FR\"><o:p><\/o:p><\/span><\/p>\n<p><span><span>Pr\u00e9sentoir de vente en plexi (une affiche incl.)<\/span><\/span><span><span lang=\"FR\"><o:p><\/o:p><\/span><\/span><\/p>\n<p><span><span>4 x Cr\u00e8me de Jour 50 ml<\/span><\/span><span><span lang=\"FR\"><o:p><\/o:p><\/span><\/span><\/p>\n<p><span><span>4&nbsp;&nbsp;x S\u00e9rum 30 ml<\/span><\/span><span><span lang=\"FR\"><o:p><\/o:p><\/span><\/span><\/p>\n<p><span><span>4 x Cr\u00e8me Contour des Yeux 15 ml<\/span><\/span><span><span lang=\"FR\"><o:p><\/o:p><\/span><\/span><\/p>\n<p><b><span lang=\"FR\">Pr\u00e9f\u00e9rez-vous acheter les produits s\u00e9par\u00e9ment, ou seriez-vous int\u00e9ress\u00e9(e) par un superbe coffret cadeau de cette gamme ?<u1:p><\/u1:p><\/span><\/b><span lang=\"FR\"><o:p><\/o:p><\/span><\/p>\n<p><span lang=\"EN-GB\">Royal Lift S\u00e9rum 30 ml (<\/span><span><a href=\"https:\/\/webshop.districos.com\/ProductDetail\/7073.43\" target=\"_blank\" rel=\"noopener noreferrer nofollow\"><span lang=\"EN-GB\">&nbsp;r\u00e9f.&nbsp;7073. <\/span><span lang=\"FR\">43<\/span><\/a><\/span><span lang=\"FR\">)<br \/> Royal Lift Cr\u00e8me de Jour 50 ml (<\/span><span><a href=\"https:\/\/webshop.districos.com\/ProductDetail\/7073.42\" target=\"_blank\" rel=\"noopener noreferrer nofollow\"><span lang=\"FR\">&nbsp;r\u00e9f.&nbsp;7073. 42<\/span><\/a><\/span><span lang=\"FR\">)<u1:p><\/u1:p><o:p><\/o:p><\/span><\/p>\n<p><span lang=\"FR\">Royal Lift Cr\u00e8me Contour des Yeux 15 ml (<a href=\"https:\/\/webshop.districos.com\/ProductDetail\/7073.44\" target=\"_blank\" rel=\"noopener noreferrer nofollow\">r\u00e9f. 7073.44<\/a>)<u1:p><\/u1:p><o:p><\/o:p><\/span><\/p>\n<p><span lang=\"FR\">Royal Lift Set de Soins (<u><a href=\"https:\/\/webshop.districos.com\/ProductDetail\/7073.45\" target=\"_blank\" rel=\"noopener noreferrer nofollow\">r\u00e9f. 7073.45<\/a><\/u>)<o:p><\/o:p><\/span><\/p>\n","protected":false},"excerpt":{"rendered":"<p>Set de vente attractif de la ligne anti-\u00e2ge avec un effet liftant puissant et raffermissant ! Stimuler les ventes de la gamme Royal Lift ? Vous pouvez le faire avec cet \u00e9l\u00e9gant pr\u00e9sentoir de vente. C&rsquo;est la meilleure fa\u00e7on de mettre en valeur les produits. Avec ce pr\u00e9sentoir de vente, vous pr\u00e9sentez toute la gamme [&hellip;]<\/p>\n","protected":false},"featured_media":77897,"comment_status":"open","ping_status":"closed","template":"","meta":{"_acf_changed":false},"product_brand":[],"product_cat":[9856],"product_tag":[],"class_list":{"0":"post-137135","1":"product","2":"type-product","3":"status-publish","4":"has-post-thumbnail","6":"product_cat-beaute-visage-bio-balance-visage","8":"first","9":"instock","10":"taxable","11":"shipping-taxable","12":"product-type-simple"},"acf":[],"yoast_head":"<!-- This site is optimized with the Yoast SEO plugin v27.3 - https:\/\/yoast.com\/product\/yoast-seo-wordpress\/ -->\n<title>Bio Balance Set de Vente Royal Lift avec Pr\u00e9sentoir - Districos Webshop<\/title>\n<meta name=\"robots\" content=\"noindex, follow, max-snippet:-1, max-image-preview:large, max-video-preview:-1\" \/>\n<meta property=\"og:locale\" content=\"fr_FR\" \/>\n<meta property=\"og:type\" content=\"article\" \/>\n<meta property=\"og:title\" content=\"Bio Balance Set de Vente Royal Lift avec Pr\u00e9sentoir - Districos Webshop\" \/>\n<meta property=\"og:description\" content=\"Set de vente attractif de la ligne anti-\u00e2ge avec un effet liftant puissant et raffermissant ! Stimuler les ventes de la gamme Royal Lift ? Vous pouvez le faire avec cet \u00e9l\u00e9gant pr\u00e9sentoir de vente. C&rsquo;est la meilleure fa\u00e7on de mettre en valeur les produits. Avec ce pr\u00e9sentoir de vente, vous pr\u00e9sentez toute la gamme [&hellip;]\" \/>\n<meta property=\"og:url\" content=\"https:\/\/districos.standingout.be\/fr\/product\/bio-balance-set-de-vente-royal-lift-avec-presentoir-ref-7073-431\/\" \/>\n<meta property=\"og:site_name\" content=\"Districos Webshop\" \/>\n<meta property=\"article:modified_time\" content=\"2026-04-28T07:50:10+00:00\" \/>\n<meta name=\"twitter:card\" content=\"summary_large_image\" \/>\n<meta name=\"twitter:label1\" content=\"Dur\u00e9e de lecture estim\u00e9e\" \/>\n\t<meta name=\"twitter:data1\" content=\"1 minute\" \/>\n<script type=\"application\/ld+json\" class=\"yoast-schema-graph\">{\"@context\":\"https:\\\/\\\/schema.org\",\"@graph\":[{\"@type\":\"WebPage\",\"@id\":\"https:\\\/\\\/districos.standingout.be\\\/fr\\\/product\\\/bio-balance-set-de-vente-royal-lift-avec-presentoir-ref-7073-431\\\/\",\"url\":\"https:\\\/\\\/districos.standingout.be\\\/fr\\\/product\\\/bio-balance-set-de-vente-royal-lift-avec-presentoir-ref-7073-431\\\/\",\"name\":\"Bio Balance Set de Vente Royal Lift avec Pr\u00e9sentoir - Districos Webshop\",\"isPartOf\":{\"@id\":\"https:\\\/\\\/districos.standingout.be\\\/fr\\\/#website\"},\"primaryImageOfPage\":{\"@id\":\"https:\\\/\\\/districos.standingout.be\\\/fr\\\/product\\\/bio-balance-set-de-vente-royal-lift-avec-presentoir-ref-7073-431\\\/#primaryimage\"},\"image\":{\"@id\":\"https:\\\/\\\/districos.standingout.be\\\/fr\\\/product\\\/bio-balance-set-de-vente-royal-lift-avec-presentoir-ref-7073-431\\\/#primaryimage\"},\"thumbnailUrl\":\"https:\\\/\\\/districos.standingout.be\\\/wp-content\\\/uploads\\\/2025\\\/07\\\/7073.431@LowRes_1.png\",\"datePublished\":\"2026-04-28T07:49:57+00:00\",\"dateModified\":\"2026-04-28T07:50:10+00:00\",\"breadcrumb\":{\"@id\":\"https:\\\/\\\/districos.standingout.be\\\/fr\\\/product\\\/bio-balance-set-de-vente-royal-lift-avec-presentoir-ref-7073-431\\\/#breadcrumb\"},\"inLanguage\":\"fr-FR\",\"potentialAction\":[{\"@type\":\"ReadAction\",\"target\":[\"https:\\\/\\\/districos.standingout.be\\\/fr\\\/product\\\/bio-balance-set-de-vente-royal-lift-avec-presentoir-ref-7073-431\\\/\"]}]},{\"@type\":\"ImageObject\",\"inLanguage\":\"fr-FR\",\"@id\":\"https:\\\/\\\/districos.standingout.be\\\/fr\\\/product\\\/bio-balance-set-de-vente-royal-lift-avec-presentoir-ref-7073-431\\\/#primaryimage\",\"url\":\"https:\\\/\\\/districos.standingout.be\\\/wp-content\\\/uploads\\\/2025\\\/07\\\/7073.431@LowRes_1.png\",\"contentUrl\":\"https:\\\/\\\/districos.standingout.be\\\/wp-content\\\/uploads\\\/2025\\\/07\\\/7073.431@LowRes_1.png\",\"width\":600,\"height\":600},{\"@type\":\"BreadcrumbList\",\"@id\":\"https:\\\/\\\/districos.standingout.be\\\/fr\\\/product\\\/bio-balance-set-de-vente-royal-lift-avec-presentoir-ref-7073-431\\\/#breadcrumb\",\"itemListElement\":[{\"@type\":\"ListItem\",\"position\":1,\"name\":\"Home\",\"item\":\"https:\\\/\\\/districos.standingout.be\\\/fr\\\/bienvenue-chez-districos\\\/\"},{\"@type\":\"ListItem\",\"position\":2,\"name\":\"Boutique\",\"item\":\"https:\\\/\\\/districos.standingout.be\\\/fr\\\/boutique\\\/\"},{\"@type\":\"ListItem\",\"position\":3,\"name\":\"Bio Balance Set de Vente Royal Lift avec Pr\u00e9sentoir\"}]},{\"@type\":\"WebSite\",\"@id\":\"https:\\\/\\\/districos.standingout.be\\\/fr\\\/#website\",\"url\":\"https:\\\/\\\/districos.standingout.be\\\/fr\\\/\",\"name\":\"Districos Webshop\",\"description\":\"\",\"publisher\":{\"@id\":\"https:\\\/\\\/districos.standingout.be\\\/fr\\\/#organization\"},\"potentialAction\":[{\"@type\":\"SearchAction\",\"target\":{\"@type\":\"EntryPoint\",\"urlTemplate\":\"https:\\\/\\\/districos.standingout.be\\\/fr\\\/?s={search_term_string}\"},\"query-input\":{\"@type\":\"PropertyValueSpecification\",\"valueRequired\":true,\"valueName\":\"search_term_string\"}}],\"inLanguage\":\"fr-FR\"},{\"@type\":\"Organization\",\"@id\":\"https:\\\/\\\/districos.standingout.be\\\/fr\\\/#organization\",\"name\":\"Districos Webshop\",\"url\":\"https:\\\/\\\/districos.standingout.be\\\/fr\\\/\",\"logo\":{\"@type\":\"ImageObject\",\"inLanguage\":\"fr-FR\",\"@id\":\"https:\\\/\\\/districos.standingout.be\\\/fr\\\/#\\\/schema\\\/logo\\\/image\\\/\",\"url\":\"https:\\\/\\\/districos.standingout.be\\\/wp-content\\\/uploads\\\/2022\\\/09\\\/Districos_Logo_Webshop.svg\",\"contentUrl\":\"https:\\\/\\\/districos.standingout.be\\\/wp-content\\\/uploads\\\/2022\\\/09\\\/Districos_Logo_Webshop.svg\",\"caption\":\"Districos Webshop\"},\"image\":{\"@id\":\"https:\\\/\\\/districos.standingout.be\\\/fr\\\/#\\\/schema\\\/logo\\\/image\\\/\"}}]}<\/script>\n<!-- \/ Yoast SEO plugin. -->","yoast_head_json":{"title":"Bio Balance Set de Vente Royal Lift avec Pr\u00e9sentoir - Districos Webshop","robots":{"index":"noindex","follow":"follow","max-snippet":"max-snippet:-1","max-image-preview":"max-image-preview:large","max-video-preview":"max-video-preview:-1"},"og_locale":"fr_FR","og_type":"article","og_title":"Bio Balance Set de Vente Royal Lift avec Pr\u00e9sentoir - Districos Webshop","og_description":"Set de vente attractif de la ligne anti-\u00e2ge avec un effet liftant puissant et raffermissant ! Stimuler les ventes de la gamme Royal Lift ? Vous pouvez le faire avec cet \u00e9l\u00e9gant pr\u00e9sentoir de vente. C&rsquo;est la meilleure fa\u00e7on de mettre en valeur les produits. Avec ce pr\u00e9sentoir de vente, vous pr\u00e9sentez toute la gamme [&hellip;]","og_url":"https:\/\/districos.standingout.be\/fr\/product\/bio-balance-set-de-vente-royal-lift-avec-presentoir-ref-7073-431\/","og_site_name":"Districos Webshop","article_modified_time":"2026-04-28T07:50:10+00:00","twitter_card":"summary_large_image","twitter_misc":{"Dur\u00e9e de lecture estim\u00e9e":"1 minute"},"schema":{"@context":"https:\/\/schema.org","@graph":[{"@type":"WebPage","@id":"https:\/\/districos.standingout.be\/fr\/product\/bio-balance-set-de-vente-royal-lift-avec-presentoir-ref-7073-431\/","url":"https:\/\/districos.standingout.be\/fr\/product\/bio-balance-set-de-vente-royal-lift-avec-presentoir-ref-7073-431\/","name":"Bio Balance Set de Vente Royal Lift avec Pr\u00e9sentoir - Districos Webshop","isPartOf":{"@id":"https:\/\/districos.standingout.be\/fr\/#website"},"primaryImageOfPage":{"@id":"https:\/\/districos.standingout.be\/fr\/product\/bio-balance-set-de-vente-royal-lift-avec-presentoir-ref-7073-431\/#primaryimage"},"image":{"@id":"https:\/\/districos.standingout.be\/fr\/product\/bio-balance-set-de-vente-royal-lift-avec-presentoir-ref-7073-431\/#primaryimage"},"thumbnailUrl":"https:\/\/districos.standingout.be\/wp-content\/uploads\/2025\/07\/7073.431@LowRes_1.png","datePublished":"2026-04-28T07:49:57+00:00","dateModified":"2026-04-28T07:50:10+00:00","breadcrumb":{"@id":"https:\/\/districos.standingout.be\/fr\/product\/bio-balance-set-de-vente-royal-lift-avec-presentoir-ref-7073-431\/#breadcrumb"},"inLanguage":"fr-FR","potentialAction":[{"@type":"ReadAction","target":["https:\/\/districos.standingout.be\/fr\/product\/bio-balance-set-de-vente-royal-lift-avec-presentoir-ref-7073-431\/"]}]},{"@type":"ImageObject","inLanguage":"fr-FR","@id":"https:\/\/districos.standingout.be\/fr\/product\/bio-balance-set-de-vente-royal-lift-avec-presentoir-ref-7073-431\/#primaryimage","url":"https:\/\/districos.standingout.be\/wp-content\/uploads\/2025\/07\/7073.431@LowRes_1.png","contentUrl":"https:\/\/districos.standingout.be\/wp-content\/uploads\/2025\/07\/7073.431@LowRes_1.png","width":600,"height":600},{"@type":"BreadcrumbList","@id":"https:\/\/districos.standingout.be\/fr\/product\/bio-balance-set-de-vente-royal-lift-avec-presentoir-ref-7073-431\/#breadcrumb","itemListElement":[{"@type":"ListItem","position":1,"name":"Home","item":"https:\/\/districos.standingout.be\/fr\/bienvenue-chez-districos\/"},{"@type":"ListItem","position":2,"name":"Boutique","item":"https:\/\/districos.standingout.be\/fr\/boutique\/"},{"@type":"ListItem","position":3,"name":"Bio Balance Set de Vente Royal Lift avec Pr\u00e9sentoir"}]},{"@type":"WebSite","@id":"https:\/\/districos.standingout.be\/fr\/#website","url":"https:\/\/districos.standingout.be\/fr\/","name":"Districos Webshop","description":"","publisher":{"@id":"https:\/\/districos.standingout.be\/fr\/#organization"},"potentialAction":[{"@type":"SearchAction","target":{"@type":"EntryPoint","urlTemplate":"https:\/\/districos.standingout.be\/fr\/?s={search_term_string}"},"query-input":{"@type":"PropertyValueSpecification","valueRequired":true,"valueName":"search_term_string"}}],"inLanguage":"fr-FR"},{"@type":"Organization","@id":"https:\/\/districos.standingout.be\/fr\/#organization","name":"Districos Webshop","url":"https:\/\/districos.standingout.be\/fr\/","logo":{"@type":"ImageObject","inLanguage":"fr-FR","@id":"https:\/\/districos.standingout.be\/fr\/#\/schema\/logo\/image\/","url":"https:\/\/districos.standingout.be\/wp-content\/uploads\/2022\/09\/Districos_Logo_Webshop.svg","contentUrl":"https:\/\/districos.standingout.be\/wp-content\/uploads\/2022\/09\/Districos_Logo_Webshop.svg","caption":"Districos Webshop"},"image":{"@id":"https:\/\/districos.standingout.be\/fr\/#\/schema\/logo\/image\/"}}]}},"_links":{"self":[{"href":"https:\/\/districos.standingout.be\/fr\/wp-json\/wp\/v2\/product\/137135","targetHints":{"allow":["GET"]}}],"collection":[{"href":"https:\/\/districos.standingout.be\/fr\/wp-json\/wp\/v2\/product"}],"about":[{"href":"https:\/\/districos.standingout.be\/fr\/wp-json\/wp\/v2\/types\/product"}],"replies":[{"embeddable":true,"href":"https:\/\/districos.standingout.be\/fr\/wp-json\/wp\/v2\/comments?post=137135"}],"wp:featuredmedia":[{"embeddable":true,"href":"https:\/\/districos.standingout.be\/fr\/wp-json\/wp\/v2\/media\/77897"}],"wp:attachment":[{"href":"https:\/\/districos.standingout.be\/fr\/wp-json\/wp\/v2\/media?parent=137135"}],"wp:term":[{"taxonomy":"product_brand","embeddable":true,"href":"https:\/\/districos.standingout.be\/fr\/wp-json\/wp\/v2\/product_brand?post=137135"},{"taxonomy":"product_cat","embeddable":true,"href":"https:\/\/districos.standingout.be\/fr\/wp-json\/wp\/v2\/product_cat?post=137135"},{"taxonomy":"product_tag","embeddable":true,"href":"https:\/\/districos.standingout.be\/fr\/wp-json\/wp\/v2\/product_tag?post=137135"}],"curies":[{"name":"wp","href":"https:\/\/api.w.org\/{rel}","templated":true}]}}