{"id":137163,"date":"2026-04-28T09:53:00","date_gmt":"2026-04-28T07:53:00","guid":{"rendered":"https:\/\/webshopdistricoscom.webhosting.be\/product\/bio-balance-bb-creme-medium-30-ml-ref-7073-81-2\/"},"modified":"2026-04-28T09:53:06","modified_gmt":"2026-04-28T07:53:06","slug":"bio-balance-bb-creme-medium-30-ml-ref-7073-81","status":"publish","type":"product","link":"https:\/\/districos.standingout.be\/fr\/product\/bio-balance-bb-creme-medium-30-ml-ref-7073-81\/","title":{"rendered":"Bio Balance BB Cr\u00e8me Medium 30 ml"},"content":{"rendered":"<p >\n<\/p>\n<\/p>\n<p><b>D\u00e9couvrez la simplicit\u00e9 de la vraie beaut\u00e9 avec les BB cr\u00e8mes de Bio Balance &#8211; votre arme secr\u00e8te pour un \u00e9clat radieux !<\/b><br \/>D\u00e9couvrez la r\u00e9volution \u00e9clatante de notre BB cr\u00e8me ! G\u00e2tez votre peau avec l&rsquo;\u00e9quilibre parfait entre hydratation, couverture et protection. Notre BB cr\u00e8me, enrichie en ingr\u00e9dients nourrissants, unifie votre teint et camoufle les imperfections pour un aspect naturel, sain et mat. Dites adieu au maquillage lourd et adoptez une beaut\u00e9 sans effort. Prot\u00e9gez votre peau contre les rayons UV nocifs et laissez-la respirer gr\u00e2ce \u00e0 sa formule l\u00e9g\u00e8re qui ne bouche pas les pores. Pour un look impeccable qui est aussi agr\u00e9able \u00e0 porter qu&rsquo;il en a l&rsquo;air.<\/p>\n<ul>\n<li>Teinte : Moyenne<\/li>\n<li>SPF 15<\/li>\n<li>Ingr\u00e9dients principaux : acide hyaluronique, extraits de plantes, pigment min\u00e9ral.<\/li>\n<li>Contenu : flacon pompe de 30 ml<\/li>\n<li>CONSEIL : pour une couverture plus l\u00e9g\u00e8re, m\u00e9langez la BB cr\u00e8me avec votre cr\u00e8me de jour.<\/li>\n<\/ul>\n<div><b>\u00c9galement disponible :<\/b><\/div>\n<div>\n<ul>\n<li>Bio Balance BB Cr\u00e8me Light 30 ml (<a href=\"https:\/\/webshop.districos.com\/ProductDetail\/7073.80\" target=\"_blank\" rel=\"noopener noreferrer nofollow\">r\u00e9f. 7073.80<\/a>)<\/li>\n<li><span>Bio Balance BB Cr\u00e8me Dark 30 ml (<\/span><a href=\"https:\/\/webshop.districos.com\/ProductDetail\/7073.82\"style=\"font-size: 10pt;\" target=\"_blank\" rel=\"noopener noreferrer nofollow\">r\u00e9f. 7073.82<\/a><span>)<\/span><\/li>\n<\/ul>\n<div>\n<div><font color=\"#ff0400\"><b>\u00c9galement disponible en kit de vente (y compris les testeurs) \u00e0 un prix \u00e9conomique :<\/b><\/font><\/div>\n<div>\n<ul>\n<li>Bio Balance Set BB Cr\u00e8mes + Pr\u00e9sentoir +3 Testeurs Gratuits (<a href=\"https:\/\/webshop.districos.com\/ProductDetail\/7073.83\" target=\"_blank\" rel=\"noopener noreferrer nofollow\">ref. 7073.83<\/a>)<\/li>\n<li>Bio Balance Set BB Cr\u00e8mes + 3 Testeurs Gratuits (<a href=\"https:\/\/webshop.districos.com\/ProductDetail\/7073.84\" target=\"_blank\" rel=\"noopener noreferrer nofollow\">ref. 7073.84<\/a>)<\/li>\n<\/ul>\n<\/div>\n<\/div>\n<\/div>\n","protected":false},"excerpt":{"rendered":"<p>D\u00e9couvrez la simplicit\u00e9 de la vraie beaut\u00e9 avec les BB cr\u00e8mes de Bio Balance &#8211; votre arme secr\u00e8te pour un \u00e9clat radieux !D\u00e9couvrez la r\u00e9volution \u00e9clatante de notre BB cr\u00e8me ! G\u00e2tez votre peau avec l&rsquo;\u00e9quilibre parfait entre hydratation, couverture et protection. Notre BB cr\u00e8me, enrichie en ingr\u00e9dients nourrissants, unifie votre teint et camoufle les [&hellip;]<\/p>\n","protected":false},"featured_media":147418,"comment_status":"open","ping_status":"closed","template":"","meta":{"_acf_changed":false},"product_brand":[10308],"product_cat":[9856,9886],"product_tag":[],"class_list":{"0":"post-137163","1":"product","2":"type-product","3":"status-publish","4":"has-post-thumbnail","6":"product_brand-bb_gelaat-fr","7":"product_cat-beaute-visage-bio-balance-visage","8":"product_cat-beaute-maquillage-teint","10":"first","11":"instock","12":"taxable","13":"shipping-taxable","14":"product-type-simple"},"acf":[],"yoast_head":"<!-- This site is optimized with the Yoast SEO plugin v27.3 - https:\/\/yoast.com\/product\/yoast-seo-wordpress\/ -->\n<title>Bio Balance BB Cr\u00e8me Medium 30 ml - Districos Webshop<\/title>\n<meta name=\"robots\" content=\"noindex, follow, max-snippet:-1, max-image-preview:large, max-video-preview:-1\" \/>\n<meta property=\"og:locale\" content=\"fr_FR\" \/>\n<meta property=\"og:type\" content=\"article\" \/>\n<meta property=\"og:title\" content=\"Bio Balance BB Cr\u00e8me Medium 30 ml - Districos Webshop\" \/>\n<meta property=\"og:description\" content=\"D\u00e9couvrez la simplicit\u00e9 de la vraie beaut\u00e9 avec les BB cr\u00e8mes de Bio Balance &#8211; votre arme secr\u00e8te pour un \u00e9clat radieux !D\u00e9couvrez la r\u00e9volution \u00e9clatante de notre BB cr\u00e8me ! G\u00e2tez votre peau avec l&rsquo;\u00e9quilibre parfait entre hydratation, couverture et protection. Notre BB cr\u00e8me, enrichie en ingr\u00e9dients nourrissants, unifie votre teint et camoufle les [&hellip;]\" \/>\n<meta property=\"og:url\" content=\"https:\/\/districos.standingout.be\/fr\/product\/bio-balance-bb-creme-medium-30-ml-ref-7073-81\/\" \/>\n<meta property=\"og:site_name\" content=\"Districos Webshop\" \/>\n<meta property=\"article:modified_time\" content=\"2026-04-28T07:53:06+00:00\" \/>\n<meta name=\"twitter:card\" content=\"summary_large_image\" \/>\n<meta name=\"twitter:label1\" content=\"Dur\u00e9e de lecture estim\u00e9e\" \/>\n\t<meta name=\"twitter:data1\" content=\"1 minute\" \/>\n<script type=\"application\/ld+json\" class=\"yoast-schema-graph\">{\"@context\":\"https:\\\/\\\/schema.org\",\"@graph\":[{\"@type\":\"WebPage\",\"@id\":\"https:\\\/\\\/districos.standingout.be\\\/fr\\\/product\\\/bio-balance-bb-creme-medium-30-ml-ref-7073-81\\\/\",\"url\":\"https:\\\/\\\/districos.standingout.be\\\/fr\\\/product\\\/bio-balance-bb-creme-medium-30-ml-ref-7073-81\\\/\",\"name\":\"Bio Balance BB Cr\u00e8me Medium 30 ml - Districos Webshop\",\"isPartOf\":{\"@id\":\"https:\\\/\\\/districos.standingout.be\\\/fr\\\/#website\"},\"primaryImageOfPage\":{\"@id\":\"https:\\\/\\\/districos.standingout.be\\\/fr\\\/product\\\/bio-balance-bb-creme-medium-30-ml-ref-7073-81\\\/#primaryimage\"},\"image\":{\"@id\":\"https:\\\/\\\/districos.standingout.be\\\/fr\\\/product\\\/bio-balance-bb-creme-medium-30-ml-ref-7073-81\\\/#primaryimage\"},\"thumbnailUrl\":\"https:\\\/\\\/districos.standingout.be\\\/wp-content\\\/uploads\\\/2026\\\/04\\\/7073.81@Bio-Balance-BB-Creme-Medium-30-ml_1-1.png\",\"datePublished\":\"2026-04-28T07:53:00+00:00\",\"dateModified\":\"2026-04-28T07:53:06+00:00\",\"breadcrumb\":{\"@id\":\"https:\\\/\\\/districos.standingout.be\\\/fr\\\/product\\\/bio-balance-bb-creme-medium-30-ml-ref-7073-81\\\/#breadcrumb\"},\"inLanguage\":\"fr-FR\",\"potentialAction\":[{\"@type\":\"ReadAction\",\"target\":[\"https:\\\/\\\/districos.standingout.be\\\/fr\\\/product\\\/bio-balance-bb-creme-medium-30-ml-ref-7073-81\\\/\"]}]},{\"@type\":\"ImageObject\",\"inLanguage\":\"fr-FR\",\"@id\":\"https:\\\/\\\/districos.standingout.be\\\/fr\\\/product\\\/bio-balance-bb-creme-medium-30-ml-ref-7073-81\\\/#primaryimage\",\"url\":\"https:\\\/\\\/districos.standingout.be\\\/wp-content\\\/uploads\\\/2026\\\/04\\\/7073.81@Bio-Balance-BB-Creme-Medium-30-ml_1-1.png\",\"contentUrl\":\"https:\\\/\\\/districos.standingout.be\\\/wp-content\\\/uploads\\\/2026\\\/04\\\/7073.81@Bio-Balance-BB-Creme-Medium-30-ml_1-1.png\",\"width\":600,\"height\":600},{\"@type\":\"BreadcrumbList\",\"@id\":\"https:\\\/\\\/districos.standingout.be\\\/fr\\\/product\\\/bio-balance-bb-creme-medium-30-ml-ref-7073-81\\\/#breadcrumb\",\"itemListElement\":[{\"@type\":\"ListItem\",\"position\":1,\"name\":\"Home\",\"item\":\"https:\\\/\\\/districos.standingout.be\\\/fr\\\/bienvenue-chez-districos\\\/\"},{\"@type\":\"ListItem\",\"position\":2,\"name\":\"Boutique\",\"item\":\"https:\\\/\\\/districos.standingout.be\\\/fr\\\/boutique\\\/\"},{\"@type\":\"ListItem\",\"position\":3,\"name\":\"Bio Balance BB Cr\u00e8me Medium 30 ml\"}]},{\"@type\":\"WebSite\",\"@id\":\"https:\\\/\\\/districos.standingout.be\\\/fr\\\/#website\",\"url\":\"https:\\\/\\\/districos.standingout.be\\\/fr\\\/\",\"name\":\"Districos Webshop\",\"description\":\"\",\"publisher\":{\"@id\":\"https:\\\/\\\/districos.standingout.be\\\/fr\\\/#organization\"},\"potentialAction\":[{\"@type\":\"SearchAction\",\"target\":{\"@type\":\"EntryPoint\",\"urlTemplate\":\"https:\\\/\\\/districos.standingout.be\\\/fr\\\/?s={search_term_string}\"},\"query-input\":{\"@type\":\"PropertyValueSpecification\",\"valueRequired\":true,\"valueName\":\"search_term_string\"}}],\"inLanguage\":\"fr-FR\"},{\"@type\":\"Organization\",\"@id\":\"https:\\\/\\\/districos.standingout.be\\\/fr\\\/#organization\",\"name\":\"Districos Webshop\",\"url\":\"https:\\\/\\\/districos.standingout.be\\\/fr\\\/\",\"logo\":{\"@type\":\"ImageObject\",\"inLanguage\":\"fr-FR\",\"@id\":\"https:\\\/\\\/districos.standingout.be\\\/fr\\\/#\\\/schema\\\/logo\\\/image\\\/\",\"url\":\"https:\\\/\\\/districos.standingout.be\\\/wp-content\\\/uploads\\\/2022\\\/09\\\/Districos_Logo_Webshop.svg\",\"contentUrl\":\"https:\\\/\\\/districos.standingout.be\\\/wp-content\\\/uploads\\\/2022\\\/09\\\/Districos_Logo_Webshop.svg\",\"caption\":\"Districos Webshop\"},\"image\":{\"@id\":\"https:\\\/\\\/districos.standingout.be\\\/fr\\\/#\\\/schema\\\/logo\\\/image\\\/\"}}]}<\/script>\n<!-- \/ Yoast SEO plugin. -->","yoast_head_json":{"title":"Bio Balance BB Cr\u00e8me Medium 30 ml - Districos Webshop","robots":{"index":"noindex","follow":"follow","max-snippet":"max-snippet:-1","max-image-preview":"max-image-preview:large","max-video-preview":"max-video-preview:-1"},"og_locale":"fr_FR","og_type":"article","og_title":"Bio Balance BB Cr\u00e8me Medium 30 ml - Districos Webshop","og_description":"D\u00e9couvrez la simplicit\u00e9 de la vraie beaut\u00e9 avec les BB cr\u00e8mes de Bio Balance &#8211; votre arme secr\u00e8te pour un \u00e9clat radieux !D\u00e9couvrez la r\u00e9volution \u00e9clatante de notre BB cr\u00e8me ! G\u00e2tez votre peau avec l&rsquo;\u00e9quilibre parfait entre hydratation, couverture et protection. Notre BB cr\u00e8me, enrichie en ingr\u00e9dients nourrissants, unifie votre teint et camoufle les [&hellip;]","og_url":"https:\/\/districos.standingout.be\/fr\/product\/bio-balance-bb-creme-medium-30-ml-ref-7073-81\/","og_site_name":"Districos Webshop","article_modified_time":"2026-04-28T07:53:06+00:00","twitter_card":"summary_large_image","twitter_misc":{"Dur\u00e9e de lecture estim\u00e9e":"1 minute"},"schema":{"@context":"https:\/\/schema.org","@graph":[{"@type":"WebPage","@id":"https:\/\/districos.standingout.be\/fr\/product\/bio-balance-bb-creme-medium-30-ml-ref-7073-81\/","url":"https:\/\/districos.standingout.be\/fr\/product\/bio-balance-bb-creme-medium-30-ml-ref-7073-81\/","name":"Bio Balance BB Cr\u00e8me Medium 30 ml - Districos Webshop","isPartOf":{"@id":"https:\/\/districos.standingout.be\/fr\/#website"},"primaryImageOfPage":{"@id":"https:\/\/districos.standingout.be\/fr\/product\/bio-balance-bb-creme-medium-30-ml-ref-7073-81\/#primaryimage"},"image":{"@id":"https:\/\/districos.standingout.be\/fr\/product\/bio-balance-bb-creme-medium-30-ml-ref-7073-81\/#primaryimage"},"thumbnailUrl":"https:\/\/districos.standingout.be\/wp-content\/uploads\/2026\/04\/7073.81@Bio-Balance-BB-Creme-Medium-30-ml_1-1.png","datePublished":"2026-04-28T07:53:00+00:00","dateModified":"2026-04-28T07:53:06+00:00","breadcrumb":{"@id":"https:\/\/districos.standingout.be\/fr\/product\/bio-balance-bb-creme-medium-30-ml-ref-7073-81\/#breadcrumb"},"inLanguage":"fr-FR","potentialAction":[{"@type":"ReadAction","target":["https:\/\/districos.standingout.be\/fr\/product\/bio-balance-bb-creme-medium-30-ml-ref-7073-81\/"]}]},{"@type":"ImageObject","inLanguage":"fr-FR","@id":"https:\/\/districos.standingout.be\/fr\/product\/bio-balance-bb-creme-medium-30-ml-ref-7073-81\/#primaryimage","url":"https:\/\/districos.standingout.be\/wp-content\/uploads\/2026\/04\/7073.81@Bio-Balance-BB-Creme-Medium-30-ml_1-1.png","contentUrl":"https:\/\/districos.standingout.be\/wp-content\/uploads\/2026\/04\/7073.81@Bio-Balance-BB-Creme-Medium-30-ml_1-1.png","width":600,"height":600},{"@type":"BreadcrumbList","@id":"https:\/\/districos.standingout.be\/fr\/product\/bio-balance-bb-creme-medium-30-ml-ref-7073-81\/#breadcrumb","itemListElement":[{"@type":"ListItem","position":1,"name":"Home","item":"https:\/\/districos.standingout.be\/fr\/bienvenue-chez-districos\/"},{"@type":"ListItem","position":2,"name":"Boutique","item":"https:\/\/districos.standingout.be\/fr\/boutique\/"},{"@type":"ListItem","position":3,"name":"Bio Balance BB Cr\u00e8me Medium 30 ml"}]},{"@type":"WebSite","@id":"https:\/\/districos.standingout.be\/fr\/#website","url":"https:\/\/districos.standingout.be\/fr\/","name":"Districos Webshop","description":"","publisher":{"@id":"https:\/\/districos.standingout.be\/fr\/#organization"},"potentialAction":[{"@type":"SearchAction","target":{"@type":"EntryPoint","urlTemplate":"https:\/\/districos.standingout.be\/fr\/?s={search_term_string}"},"query-input":{"@type":"PropertyValueSpecification","valueRequired":true,"valueName":"search_term_string"}}],"inLanguage":"fr-FR"},{"@type":"Organization","@id":"https:\/\/districos.standingout.be\/fr\/#organization","name":"Districos Webshop","url":"https:\/\/districos.standingout.be\/fr\/","logo":{"@type":"ImageObject","inLanguage":"fr-FR","@id":"https:\/\/districos.standingout.be\/fr\/#\/schema\/logo\/image\/","url":"https:\/\/districos.standingout.be\/wp-content\/uploads\/2022\/09\/Districos_Logo_Webshop.svg","contentUrl":"https:\/\/districos.standingout.be\/wp-content\/uploads\/2022\/09\/Districos_Logo_Webshop.svg","caption":"Districos Webshop"},"image":{"@id":"https:\/\/districos.standingout.be\/fr\/#\/schema\/logo\/image\/"}}]}},"_links":{"self":[{"href":"https:\/\/districos.standingout.be\/fr\/wp-json\/wp\/v2\/product\/137163","targetHints":{"allow":["GET"]}}],"collection":[{"href":"https:\/\/districos.standingout.be\/fr\/wp-json\/wp\/v2\/product"}],"about":[{"href":"https:\/\/districos.standingout.be\/fr\/wp-json\/wp\/v2\/types\/product"}],"replies":[{"embeddable":true,"href":"https:\/\/districos.standingout.be\/fr\/wp-json\/wp\/v2\/comments?post=137163"}],"wp:featuredmedia":[{"embeddable":true,"href":"https:\/\/districos.standingout.be\/fr\/wp-json\/wp\/v2\/media\/147418"}],"wp:attachment":[{"href":"https:\/\/districos.standingout.be\/fr\/wp-json\/wp\/v2\/media?parent=137163"}],"wp:term":[{"taxonomy":"product_brand","embeddable":true,"href":"https:\/\/districos.standingout.be\/fr\/wp-json\/wp\/v2\/product_brand?post=137163"},{"taxonomy":"product_cat","embeddable":true,"href":"https:\/\/districos.standingout.be\/fr\/wp-json\/wp\/v2\/product_cat?post=137163"},{"taxonomy":"product_tag","embeddable":true,"href":"https:\/\/districos.standingout.be\/fr\/wp-json\/wp\/v2\/product_tag?post=137163"}],"curies":[{"name":"wp","href":"https:\/\/api.w.org\/{rel}","templated":true}]}}