{"id":137179,"date":"2026-04-28T09:53:56","date_gmt":"2026-04-28T07:53:56","guid":{"rendered":"https:\/\/webshopdistricoscom.webhosting.be\/product\/presentoir-bio-balance-camomille-creme-mains-25-x-25-ml-ref-7074-515\/"},"modified":"2026-04-28T09:54:01","modified_gmt":"2026-04-28T07:54:01","slug":"presentoir-bio-balance-camomille-creme-mains-25-x-25-ml-ref-7074-515","status":"publish","type":"product","link":"https:\/\/districos.standingout.be\/fr\/product\/presentoir-bio-balance-camomille-creme-mains-25-x-25-ml-ref-7074-515\/","title":{"rendered":"Pr\u00e9sentoir Bio Balance Camomille Cr\u00e8me Mains 25 x 25 ml"},"content":{"rendered":"<p >\n<\/p>\n<p dir=\"ltr\">Cr\u00e8me pour les mains hydratante et soignante \u00e0 la texture l\u00e9g\u00e8re et douce qui p\u00e9n\u00e8tre tr\u00e8s rapidement dans la peau et est facile \u00e0 \u00e9taler uniform\u00e9ment sur la peau.<\/p>\n<p dir=\"ltr\">\n<ul>\n<li>Emballage : pr\u00e9sentoir contenant 25 tubes de 25 ml.<\/li>\n<li>Vegan.<\/li>\n<\/ul>\n<p dir=\"ltr\"><b>Substances actives<\/b><\/p>\n<p dir=\"ltr\">\n<ul>\n<li><span>La glyc\u00e9rine offre une hydratation profonde.<\/span><\/li>\n<li><span>L&rsquo;extrait de camomille et l&rsquo;huile de macadamia laissent les mains lisses et douces.<\/span><\/li>\n<li><span>L&rsquo;huile de limnanthac\u00e9e maintient la peau en pleine forme.<\/span><\/li>\n<li><span>L&rsquo;extrait de b\u00e9tel naturel permet un rafra\u00eechissement agr\u00e9able des mains.<\/span><\/li>\n<\/ul>\n<div><b>Aussi disponible<\/b><\/div>\n<div>\n<ul>\n<li>Flacon de cabine de 200 ml (<u><a href=\"https:\/\/districos.com\/ProductDetail\/7074.511\" target=\"_blank\" rel=\"noopener noreferrer nofollow\">r\u00e9f. 7074.511<\/a><\/u>)<\/li>\n<li>Emballage de voyage de 25 ml (<u><a href=\"https:\/\/districos.com\/ProductDetail\/7074.512\" target=\"_blank\" rel=\"noopener noreferrer nofollow\">r\u00e9f. 7074.512<\/a><\/u>)<\/li>\n<li>Petit tube de 75 ml (<u><a href=\"https:\/\/districos.com\/ProductDetail\/7074.510\" target=\"_blank\" rel=\"noopener noreferrer nofollow\">r\u00e9f. 7074.510<\/a><\/u>)<\/li>\n<li>Flacon de cabine de 500 ml (<u><a href=\"https:\/\/districos.com\/ProductDetail\/7074.516\" target=\"_blank\" rel=\"noopener noreferrer nofollow\">r\u00e9f. 7074.516<\/a><\/u>)<\/li>\n<li>Pr\u00e9sentoir contenant 9 tubes de 75 ml (<u><a href=\"https:\/\/districos.com\/ProductDetail\/7074.513\" target=\"_blank\" rel=\"noopener noreferrer nofollow\">r\u00e9f. 7074.513<\/a><\/u>)<\/li>\n<\/ul>\n<\/div>\n","protected":false},"excerpt":{"rendered":"<p>Cr\u00e8me pour les mains hydratante et soignante \u00e0 la texture l\u00e9g\u00e8re et douce qui p\u00e9n\u00e8tre tr\u00e8s rapidement dans la peau et est facile \u00e0 \u00e9taler uniform\u00e9ment sur la peau. Emballage : pr\u00e9sentoir contenant 25 tubes de 25 ml. Vegan. Substances actives La glyc\u00e9rine offre une hydratation profonde. L&rsquo;extrait de camomille et l&rsquo;huile de macadamia laissent [&hellip;]<\/p>\n","protected":false},"featured_media":78092,"comment_status":"open","ping_status":"closed","template":"","meta":{"_acf_changed":false},"product_brand":[10300],"product_cat":[9904,9908],"product_tag":[],"class_list":{"0":"post-137179","1":"product","2":"type-product","3":"status-publish","4":"has-post-thumbnail","6":"product_brand-bb-hand-fr","7":"product_cat-beaute-manucure-ongles-soins-des-mains-et-des-ongles","8":"product_cat-beaute-manucure-ongles-spa-manucure","10":"first","11":"instock","12":"taxable","13":"shipping-taxable","14":"product-type-simple"},"acf":[],"yoast_head":"<!-- This site is optimized with the Yoast SEO plugin v27.3 - https:\/\/yoast.com\/product\/yoast-seo-wordpress\/ -->\n<title>Pr\u00e9sentoir Bio Balance Camomille Cr\u00e8me Mains 25 x 25 ml - Districos Webshop<\/title>\n<meta name=\"robots\" content=\"noindex, follow, max-snippet:-1, max-image-preview:large, max-video-preview:-1\" \/>\n<meta property=\"og:locale\" content=\"fr_FR\" \/>\n<meta property=\"og:type\" content=\"article\" \/>\n<meta property=\"og:title\" content=\"Pr\u00e9sentoir Bio Balance Camomille Cr\u00e8me Mains 25 x 25 ml - Districos Webshop\" \/>\n<meta property=\"og:description\" content=\"Cr\u00e8me pour les mains hydratante et soignante \u00e0 la texture l\u00e9g\u00e8re et douce qui p\u00e9n\u00e8tre tr\u00e8s rapidement dans la peau et est facile \u00e0 \u00e9taler uniform\u00e9ment sur la peau. Emballage : pr\u00e9sentoir contenant 25 tubes de 25 ml. Vegan. Substances actives La glyc\u00e9rine offre une hydratation profonde. L&rsquo;extrait de camomille et l&rsquo;huile de macadamia laissent [&hellip;]\" \/>\n<meta property=\"og:url\" content=\"https:\/\/districos.standingout.be\/fr\/product\/presentoir-bio-balance-camomille-creme-mains-25-x-25-ml-ref-7074-515\/\" \/>\n<meta property=\"og:site_name\" content=\"Districos Webshop\" \/>\n<meta property=\"article:modified_time\" content=\"2026-04-28T07:54:01+00:00\" \/>\n<meta name=\"twitter:card\" content=\"summary_large_image\" \/>\n<meta name=\"twitter:label1\" content=\"Dur\u00e9e de lecture estim\u00e9e\" \/>\n\t<meta name=\"twitter:data1\" content=\"1 minute\" \/>\n<script type=\"application\/ld+json\" class=\"yoast-schema-graph\">{\"@context\":\"https:\\\/\\\/schema.org\",\"@graph\":[{\"@type\":\"WebPage\",\"@id\":\"https:\\\/\\\/districos.standingout.be\\\/fr\\\/product\\\/presentoir-bio-balance-camomille-creme-mains-25-x-25-ml-ref-7074-515\\\/\",\"url\":\"https:\\\/\\\/districos.standingout.be\\\/fr\\\/product\\\/presentoir-bio-balance-camomille-creme-mains-25-x-25-ml-ref-7074-515\\\/\",\"name\":\"Pr\u00e9sentoir Bio Balance Camomille Cr\u00e8me Mains 25 x 25 ml - Districos Webshop\",\"isPartOf\":{\"@id\":\"https:\\\/\\\/districos.standingout.be\\\/fr\\\/#website\"},\"primaryImageOfPage\":{\"@id\":\"https:\\\/\\\/districos.standingout.be\\\/fr\\\/product\\\/presentoir-bio-balance-camomille-creme-mains-25-x-25-ml-ref-7074-515\\\/#primaryimage\"},\"image\":{\"@id\":\"https:\\\/\\\/districos.standingout.be\\\/fr\\\/product\\\/presentoir-bio-balance-camomille-creme-mains-25-x-25-ml-ref-7074-515\\\/#primaryimage\"},\"thumbnailUrl\":\"https:\\\/\\\/districos.standingout.be\\\/wp-content\\\/uploads\\\/2025\\\/07\\\/7074.515@LowRes_1_2.png\",\"datePublished\":\"2026-04-28T07:53:56+00:00\",\"dateModified\":\"2026-04-28T07:54:01+00:00\",\"breadcrumb\":{\"@id\":\"https:\\\/\\\/districos.standingout.be\\\/fr\\\/product\\\/presentoir-bio-balance-camomille-creme-mains-25-x-25-ml-ref-7074-515\\\/#breadcrumb\"},\"inLanguage\":\"fr-FR\",\"potentialAction\":[{\"@type\":\"ReadAction\",\"target\":[\"https:\\\/\\\/districos.standingout.be\\\/fr\\\/product\\\/presentoir-bio-balance-camomille-creme-mains-25-x-25-ml-ref-7074-515\\\/\"]}]},{\"@type\":\"ImageObject\",\"inLanguage\":\"fr-FR\",\"@id\":\"https:\\\/\\\/districos.standingout.be\\\/fr\\\/product\\\/presentoir-bio-balance-camomille-creme-mains-25-x-25-ml-ref-7074-515\\\/#primaryimage\",\"url\":\"https:\\\/\\\/districos.standingout.be\\\/wp-content\\\/uploads\\\/2025\\\/07\\\/7074.515@LowRes_1_2.png\",\"contentUrl\":\"https:\\\/\\\/districos.standingout.be\\\/wp-content\\\/uploads\\\/2025\\\/07\\\/7074.515@LowRes_1_2.png\",\"width\":600,\"height\":600},{\"@type\":\"BreadcrumbList\",\"@id\":\"https:\\\/\\\/districos.standingout.be\\\/fr\\\/product\\\/presentoir-bio-balance-camomille-creme-mains-25-x-25-ml-ref-7074-515\\\/#breadcrumb\",\"itemListElement\":[{\"@type\":\"ListItem\",\"position\":1,\"name\":\"Home\",\"item\":\"https:\\\/\\\/districos.standingout.be\\\/fr\\\/bienvenue-chez-districos\\\/\"},{\"@type\":\"ListItem\",\"position\":2,\"name\":\"Boutique\",\"item\":\"https:\\\/\\\/districos.standingout.be\\\/fr\\\/boutique\\\/\"},{\"@type\":\"ListItem\",\"position\":3,\"name\":\"Pr\u00e9sentoir Bio Balance Camomille Cr\u00e8me Mains 25 x 25 ml\"}]},{\"@type\":\"WebSite\",\"@id\":\"https:\\\/\\\/districos.standingout.be\\\/fr\\\/#website\",\"url\":\"https:\\\/\\\/districos.standingout.be\\\/fr\\\/\",\"name\":\"Districos Webshop\",\"description\":\"\",\"publisher\":{\"@id\":\"https:\\\/\\\/districos.standingout.be\\\/fr\\\/#organization\"},\"potentialAction\":[{\"@type\":\"SearchAction\",\"target\":{\"@type\":\"EntryPoint\",\"urlTemplate\":\"https:\\\/\\\/districos.standingout.be\\\/fr\\\/?s={search_term_string}\"},\"query-input\":{\"@type\":\"PropertyValueSpecification\",\"valueRequired\":true,\"valueName\":\"search_term_string\"}}],\"inLanguage\":\"fr-FR\"},{\"@type\":\"Organization\",\"@id\":\"https:\\\/\\\/districos.standingout.be\\\/fr\\\/#organization\",\"name\":\"Districos Webshop\",\"url\":\"https:\\\/\\\/districos.standingout.be\\\/fr\\\/\",\"logo\":{\"@type\":\"ImageObject\",\"inLanguage\":\"fr-FR\",\"@id\":\"https:\\\/\\\/districos.standingout.be\\\/fr\\\/#\\\/schema\\\/logo\\\/image\\\/\",\"url\":\"https:\\\/\\\/districos.standingout.be\\\/wp-content\\\/uploads\\\/2022\\\/09\\\/Districos_Logo_Webshop.svg\",\"contentUrl\":\"https:\\\/\\\/districos.standingout.be\\\/wp-content\\\/uploads\\\/2022\\\/09\\\/Districos_Logo_Webshop.svg\",\"caption\":\"Districos Webshop\"},\"image\":{\"@id\":\"https:\\\/\\\/districos.standingout.be\\\/fr\\\/#\\\/schema\\\/logo\\\/image\\\/\"}}]}<\/script>\n<!-- \/ Yoast SEO plugin. -->","yoast_head_json":{"title":"Pr\u00e9sentoir Bio Balance Camomille Cr\u00e8me Mains 25 x 25 ml - Districos Webshop","robots":{"index":"noindex","follow":"follow","max-snippet":"max-snippet:-1","max-image-preview":"max-image-preview:large","max-video-preview":"max-video-preview:-1"},"og_locale":"fr_FR","og_type":"article","og_title":"Pr\u00e9sentoir Bio Balance Camomille Cr\u00e8me Mains 25 x 25 ml - Districos Webshop","og_description":"Cr\u00e8me pour les mains hydratante et soignante \u00e0 la texture l\u00e9g\u00e8re et douce qui p\u00e9n\u00e8tre tr\u00e8s rapidement dans la peau et est facile \u00e0 \u00e9taler uniform\u00e9ment sur la peau. Emballage : pr\u00e9sentoir contenant 25 tubes de 25 ml. Vegan. Substances actives La glyc\u00e9rine offre une hydratation profonde. L&rsquo;extrait de camomille et l&rsquo;huile de macadamia laissent [&hellip;]","og_url":"https:\/\/districos.standingout.be\/fr\/product\/presentoir-bio-balance-camomille-creme-mains-25-x-25-ml-ref-7074-515\/","og_site_name":"Districos Webshop","article_modified_time":"2026-04-28T07:54:01+00:00","twitter_card":"summary_large_image","twitter_misc":{"Dur\u00e9e de lecture estim\u00e9e":"1 minute"},"schema":{"@context":"https:\/\/schema.org","@graph":[{"@type":"WebPage","@id":"https:\/\/districos.standingout.be\/fr\/product\/presentoir-bio-balance-camomille-creme-mains-25-x-25-ml-ref-7074-515\/","url":"https:\/\/districos.standingout.be\/fr\/product\/presentoir-bio-balance-camomille-creme-mains-25-x-25-ml-ref-7074-515\/","name":"Pr\u00e9sentoir Bio Balance Camomille Cr\u00e8me Mains 25 x 25 ml - Districos Webshop","isPartOf":{"@id":"https:\/\/districos.standingout.be\/fr\/#website"},"primaryImageOfPage":{"@id":"https:\/\/districos.standingout.be\/fr\/product\/presentoir-bio-balance-camomille-creme-mains-25-x-25-ml-ref-7074-515\/#primaryimage"},"image":{"@id":"https:\/\/districos.standingout.be\/fr\/product\/presentoir-bio-balance-camomille-creme-mains-25-x-25-ml-ref-7074-515\/#primaryimage"},"thumbnailUrl":"https:\/\/districos.standingout.be\/wp-content\/uploads\/2025\/07\/7074.515@LowRes_1_2.png","datePublished":"2026-04-28T07:53:56+00:00","dateModified":"2026-04-28T07:54:01+00:00","breadcrumb":{"@id":"https:\/\/districos.standingout.be\/fr\/product\/presentoir-bio-balance-camomille-creme-mains-25-x-25-ml-ref-7074-515\/#breadcrumb"},"inLanguage":"fr-FR","potentialAction":[{"@type":"ReadAction","target":["https:\/\/districos.standingout.be\/fr\/product\/presentoir-bio-balance-camomille-creme-mains-25-x-25-ml-ref-7074-515\/"]}]},{"@type":"ImageObject","inLanguage":"fr-FR","@id":"https:\/\/districos.standingout.be\/fr\/product\/presentoir-bio-balance-camomille-creme-mains-25-x-25-ml-ref-7074-515\/#primaryimage","url":"https:\/\/districos.standingout.be\/wp-content\/uploads\/2025\/07\/7074.515@LowRes_1_2.png","contentUrl":"https:\/\/districos.standingout.be\/wp-content\/uploads\/2025\/07\/7074.515@LowRes_1_2.png","width":600,"height":600},{"@type":"BreadcrumbList","@id":"https:\/\/districos.standingout.be\/fr\/product\/presentoir-bio-balance-camomille-creme-mains-25-x-25-ml-ref-7074-515\/#breadcrumb","itemListElement":[{"@type":"ListItem","position":1,"name":"Home","item":"https:\/\/districos.standingout.be\/fr\/bienvenue-chez-districos\/"},{"@type":"ListItem","position":2,"name":"Boutique","item":"https:\/\/districos.standingout.be\/fr\/boutique\/"},{"@type":"ListItem","position":3,"name":"Pr\u00e9sentoir Bio Balance Camomille Cr\u00e8me Mains 25 x 25 ml"}]},{"@type":"WebSite","@id":"https:\/\/districos.standingout.be\/fr\/#website","url":"https:\/\/districos.standingout.be\/fr\/","name":"Districos Webshop","description":"","publisher":{"@id":"https:\/\/districos.standingout.be\/fr\/#organization"},"potentialAction":[{"@type":"SearchAction","target":{"@type":"EntryPoint","urlTemplate":"https:\/\/districos.standingout.be\/fr\/?s={search_term_string}"},"query-input":{"@type":"PropertyValueSpecification","valueRequired":true,"valueName":"search_term_string"}}],"inLanguage":"fr-FR"},{"@type":"Organization","@id":"https:\/\/districos.standingout.be\/fr\/#organization","name":"Districos Webshop","url":"https:\/\/districos.standingout.be\/fr\/","logo":{"@type":"ImageObject","inLanguage":"fr-FR","@id":"https:\/\/districos.standingout.be\/fr\/#\/schema\/logo\/image\/","url":"https:\/\/districos.standingout.be\/wp-content\/uploads\/2022\/09\/Districos_Logo_Webshop.svg","contentUrl":"https:\/\/districos.standingout.be\/wp-content\/uploads\/2022\/09\/Districos_Logo_Webshop.svg","caption":"Districos Webshop"},"image":{"@id":"https:\/\/districos.standingout.be\/fr\/#\/schema\/logo\/image\/"}}]}},"_links":{"self":[{"href":"https:\/\/districos.standingout.be\/fr\/wp-json\/wp\/v2\/product\/137179","targetHints":{"allow":["GET"]}}],"collection":[{"href":"https:\/\/districos.standingout.be\/fr\/wp-json\/wp\/v2\/product"}],"about":[{"href":"https:\/\/districos.standingout.be\/fr\/wp-json\/wp\/v2\/types\/product"}],"replies":[{"embeddable":true,"href":"https:\/\/districos.standingout.be\/fr\/wp-json\/wp\/v2\/comments?post=137179"}],"wp:featuredmedia":[{"embeddable":true,"href":"https:\/\/districos.standingout.be\/fr\/wp-json\/wp\/v2\/media\/78092"}],"wp:attachment":[{"href":"https:\/\/districos.standingout.be\/fr\/wp-json\/wp\/v2\/media?parent=137179"}],"wp:term":[{"taxonomy":"product_brand","embeddable":true,"href":"https:\/\/districos.standingout.be\/fr\/wp-json\/wp\/v2\/product_brand?post=137179"},{"taxonomy":"product_cat","embeddable":true,"href":"https:\/\/districos.standingout.be\/fr\/wp-json\/wp\/v2\/product_cat?post=137179"},{"taxonomy":"product_tag","embeddable":true,"href":"https:\/\/districos.standingout.be\/fr\/wp-json\/wp\/v2\/product_tag?post=137179"}],"curies":[{"name":"wp","href":"https:\/\/api.w.org\/{rel}","templated":true}]}}