{"id":137183,"date":"2026-04-28T09:54:08","date_gmt":"2026-04-28T07:54:08","guid":{"rendered":"https:\/\/webshopdistricoscom.webhosting.be\/product\/bio-balance-mousse-pour-les-mains-abricot-75-ml-ref-7074-520\/"},"modified":"2026-04-28T09:54:12","modified_gmt":"2026-04-28T07:54:12","slug":"bio-balance-mousse-pour-les-mains-abricot-75-ml-ref-7074-520","status":"publish","type":"product","link":"https:\/\/districos.standingout.be\/fr\/product\/bio-balance-mousse-pour-les-mains-abricot-75-ml-ref-7074-520\/","title":{"rendered":"Bio Balance Mousse pour les Mains Abricot 75 ml"},"content":{"rendered":"<p >\n<\/p>\n<p><b>BIO BALANCE HANDMOUSSE &#8211; SOIN LUXUEUX SOUS FORME DE MOUSSE &#8211; L\u00c9GER COMME UNE PLUME, PUISSANT EN SOIN<\/b><\/p>\n<p>D\u00e9couvrez notre nouvelle mousse pour les mains Bio Balance : une cr\u00e8me pour les mains d\u00e9licieusement l\u00e9g\u00e8re sous forme de mousse, au parfum s\u00e9duisant d&rsquo;abricot qui \u00e9veille les sens. Cette formule unique combine une hydratation intense et une texture soyeuse, et a \u00e9t\u00e9 sp\u00e9cialement d\u00e9velopp\u00e9e pour laisser vos mains imm\u00e9diatement douces, souples et soign\u00e9es, sans laisser de film gras ou collant.<\/p>\n<p><u><br \/><\/u><\/p>\n<p><u>Propri\u00e9t\u00e9s :<\/u><\/p>\n<ul>\n<li><b>Hydratante et nourrissante<\/b> &#8211; La texture mousse innovante p\u00e9n\u00e8tre rapidement, ne laisse pas de film collant et rend l&rsquo;utilisation tr\u00e8s agr\u00e9able &#8211; id\u00e9ale pour un usage quotidien, \u00e0 la maison ou en salon.<\/li>\n<li><b>Parfum : Abricot ensoleill\u00e9<\/b> &#8211; Un parfum doux et fruit\u00e9 qui vous met imm\u00e9diatement de bonne humeur !<\/li>\n<li><b>Test\u00e9 dermatologiquement<\/b><\/li>\n<li><b>Convient \u00e0 un usage professionnel<\/b><\/li>\n<li><b>Sans huiles min\u00e9rales ni parab\u00e8nes<\/b><\/li>\n<\/ul>\n<p>Offrez \u00e0 vos mains un moment de plaisir quotidien avec la <b>mousse pour les mains Bio Balance \u2013 Abricot !<\/b><\/p>\n<p><\/p>\n","protected":false},"excerpt":{"rendered":"<p>BIO BALANCE HANDMOUSSE &#8211; SOIN LUXUEUX SOUS FORME DE MOUSSE &#8211; L\u00c9GER COMME UNE PLUME, PUISSANT EN SOIN D\u00e9couvrez notre nouvelle mousse pour les mains Bio Balance : une cr\u00e8me pour les mains d\u00e9licieusement l\u00e9g\u00e8re sous forme de mousse, au parfum s\u00e9duisant d&rsquo;abricot qui \u00e9veille les sens. Cette formule unique combine une hydratation intense et [&hellip;]<\/p>\n","protected":false},"featured_media":147493,"comment_status":"open","ping_status":"closed","template":"","meta":{"_acf_changed":false},"product_brand":[10300],"product_cat":[9904,9908],"product_tag":[],"class_list":{"0":"post-137183","1":"product","2":"type-product","3":"status-publish","4":"has-post-thumbnail","6":"product_brand-bb-hand-fr","7":"product_cat-beaute-manucure-ongles-soins-des-mains-et-des-ongles","8":"product_cat-beaute-manucure-ongles-spa-manucure","10":"first","11":"instock","12":"taxable","13":"shipping-taxable","14":"product-type-simple"},"acf":[],"yoast_head":"<!-- This site is optimized with the Yoast SEO plugin v27.3 - https:\/\/yoast.com\/product\/yoast-seo-wordpress\/ -->\n<title>Bio Balance Mousse pour les Mains Abricot 75 ml - Districos Webshop<\/title>\n<meta name=\"robots\" content=\"noindex, follow, max-snippet:-1, max-image-preview:large, max-video-preview:-1\" \/>\n<meta property=\"og:locale\" content=\"fr_FR\" \/>\n<meta property=\"og:type\" content=\"article\" \/>\n<meta property=\"og:title\" content=\"Bio Balance Mousse pour les Mains Abricot 75 ml - Districos Webshop\" \/>\n<meta property=\"og:description\" content=\"BIO BALANCE HANDMOUSSE &#8211; SOIN LUXUEUX SOUS FORME DE MOUSSE &#8211; L\u00c9GER COMME UNE PLUME, PUISSANT EN SOIN D\u00e9couvrez notre nouvelle mousse pour les mains Bio Balance : une cr\u00e8me pour les mains d\u00e9licieusement l\u00e9g\u00e8re sous forme de mousse, au parfum s\u00e9duisant d&rsquo;abricot qui \u00e9veille les sens. Cette formule unique combine une hydratation intense et [&hellip;]\" \/>\n<meta property=\"og:url\" content=\"https:\/\/districos.standingout.be\/fr\/product\/bio-balance-mousse-pour-les-mains-abricot-75-ml-ref-7074-520\/\" \/>\n<meta property=\"og:site_name\" content=\"Districos Webshop\" \/>\n<meta property=\"article:modified_time\" content=\"2026-04-28T07:54:12+00:00\" \/>\n<meta name=\"twitter:card\" content=\"summary_large_image\" \/>\n<meta name=\"twitter:label1\" content=\"Dur\u00e9e de lecture estim\u00e9e\" \/>\n\t<meta name=\"twitter:data1\" content=\"1 minute\" \/>\n<script type=\"application\/ld+json\" class=\"yoast-schema-graph\">{\"@context\":\"https:\\\/\\\/schema.org\",\"@graph\":[{\"@type\":\"WebPage\",\"@id\":\"https:\\\/\\\/districos.standingout.be\\\/fr\\\/product\\\/bio-balance-mousse-pour-les-mains-abricot-75-ml-ref-7074-520\\\/\",\"url\":\"https:\\\/\\\/districos.standingout.be\\\/fr\\\/product\\\/bio-balance-mousse-pour-les-mains-abricot-75-ml-ref-7074-520\\\/\",\"name\":\"Bio Balance Mousse pour les Mains Abricot 75 ml - Districos Webshop\",\"isPartOf\":{\"@id\":\"https:\\\/\\\/districos.standingout.be\\\/fr\\\/#website\"},\"primaryImageOfPage\":{\"@id\":\"https:\\\/\\\/districos.standingout.be\\\/fr\\\/product\\\/bio-balance-mousse-pour-les-mains-abricot-75-ml-ref-7074-520\\\/#primaryimage\"},\"image\":{\"@id\":\"https:\\\/\\\/districos.standingout.be\\\/fr\\\/product\\\/bio-balance-mousse-pour-les-mains-abricot-75-ml-ref-7074-520\\\/#primaryimage\"},\"thumbnailUrl\":\"https:\\\/\\\/districos.standingout.be\\\/wp-content\\\/uploads\\\/2026\\\/04\\\/7074.520@Bio-Balance-Abrikoos-Hand-Mousse-75-ml_1-1.png\",\"datePublished\":\"2026-04-28T07:54:08+00:00\",\"dateModified\":\"2026-04-28T07:54:12+00:00\",\"breadcrumb\":{\"@id\":\"https:\\\/\\\/districos.standingout.be\\\/fr\\\/product\\\/bio-balance-mousse-pour-les-mains-abricot-75-ml-ref-7074-520\\\/#breadcrumb\"},\"inLanguage\":\"fr-FR\",\"potentialAction\":[{\"@type\":\"ReadAction\",\"target\":[\"https:\\\/\\\/districos.standingout.be\\\/fr\\\/product\\\/bio-balance-mousse-pour-les-mains-abricot-75-ml-ref-7074-520\\\/\"]}]},{\"@type\":\"ImageObject\",\"inLanguage\":\"fr-FR\",\"@id\":\"https:\\\/\\\/districos.standingout.be\\\/fr\\\/product\\\/bio-balance-mousse-pour-les-mains-abricot-75-ml-ref-7074-520\\\/#primaryimage\",\"url\":\"https:\\\/\\\/districos.standingout.be\\\/wp-content\\\/uploads\\\/2026\\\/04\\\/7074.520@Bio-Balance-Abrikoos-Hand-Mousse-75-ml_1-1.png\",\"contentUrl\":\"https:\\\/\\\/districos.standingout.be\\\/wp-content\\\/uploads\\\/2026\\\/04\\\/7074.520@Bio-Balance-Abrikoos-Hand-Mousse-75-ml_1-1.png\",\"width\":600,\"height\":600},{\"@type\":\"BreadcrumbList\",\"@id\":\"https:\\\/\\\/districos.standingout.be\\\/fr\\\/product\\\/bio-balance-mousse-pour-les-mains-abricot-75-ml-ref-7074-520\\\/#breadcrumb\",\"itemListElement\":[{\"@type\":\"ListItem\",\"position\":1,\"name\":\"Home\",\"item\":\"https:\\\/\\\/districos.standingout.be\\\/fr\\\/bienvenue-chez-districos\\\/\"},{\"@type\":\"ListItem\",\"position\":2,\"name\":\"Boutique\",\"item\":\"https:\\\/\\\/districos.standingout.be\\\/fr\\\/boutique\\\/\"},{\"@type\":\"ListItem\",\"position\":3,\"name\":\"Bio Balance Mousse pour les Mains Abricot 75 ml\"}]},{\"@type\":\"WebSite\",\"@id\":\"https:\\\/\\\/districos.standingout.be\\\/fr\\\/#website\",\"url\":\"https:\\\/\\\/districos.standingout.be\\\/fr\\\/\",\"name\":\"Districos Webshop\",\"description\":\"\",\"publisher\":{\"@id\":\"https:\\\/\\\/districos.standingout.be\\\/fr\\\/#organization\"},\"potentialAction\":[{\"@type\":\"SearchAction\",\"target\":{\"@type\":\"EntryPoint\",\"urlTemplate\":\"https:\\\/\\\/districos.standingout.be\\\/fr\\\/?s={search_term_string}\"},\"query-input\":{\"@type\":\"PropertyValueSpecification\",\"valueRequired\":true,\"valueName\":\"search_term_string\"}}],\"inLanguage\":\"fr-FR\"},{\"@type\":\"Organization\",\"@id\":\"https:\\\/\\\/districos.standingout.be\\\/fr\\\/#organization\",\"name\":\"Districos Webshop\",\"url\":\"https:\\\/\\\/districos.standingout.be\\\/fr\\\/\",\"logo\":{\"@type\":\"ImageObject\",\"inLanguage\":\"fr-FR\",\"@id\":\"https:\\\/\\\/districos.standingout.be\\\/fr\\\/#\\\/schema\\\/logo\\\/image\\\/\",\"url\":\"https:\\\/\\\/districos.standingout.be\\\/wp-content\\\/uploads\\\/2022\\\/09\\\/Districos_Logo_Webshop.svg\",\"contentUrl\":\"https:\\\/\\\/districos.standingout.be\\\/wp-content\\\/uploads\\\/2022\\\/09\\\/Districos_Logo_Webshop.svg\",\"caption\":\"Districos Webshop\"},\"image\":{\"@id\":\"https:\\\/\\\/districos.standingout.be\\\/fr\\\/#\\\/schema\\\/logo\\\/image\\\/\"}}]}<\/script>\n<!-- \/ Yoast SEO plugin. -->","yoast_head_json":{"title":"Bio Balance Mousse pour les Mains Abricot 75 ml - Districos Webshop","robots":{"index":"noindex","follow":"follow","max-snippet":"max-snippet:-1","max-image-preview":"max-image-preview:large","max-video-preview":"max-video-preview:-1"},"og_locale":"fr_FR","og_type":"article","og_title":"Bio Balance Mousse pour les Mains Abricot 75 ml - Districos Webshop","og_description":"BIO BALANCE HANDMOUSSE &#8211; SOIN LUXUEUX SOUS FORME DE MOUSSE &#8211; L\u00c9GER COMME UNE PLUME, PUISSANT EN SOIN D\u00e9couvrez notre nouvelle mousse pour les mains Bio Balance : une cr\u00e8me pour les mains d\u00e9licieusement l\u00e9g\u00e8re sous forme de mousse, au parfum s\u00e9duisant d&rsquo;abricot qui \u00e9veille les sens. Cette formule unique combine une hydratation intense et [&hellip;]","og_url":"https:\/\/districos.standingout.be\/fr\/product\/bio-balance-mousse-pour-les-mains-abricot-75-ml-ref-7074-520\/","og_site_name":"Districos Webshop","article_modified_time":"2026-04-28T07:54:12+00:00","twitter_card":"summary_large_image","twitter_misc":{"Dur\u00e9e de lecture estim\u00e9e":"1 minute"},"schema":{"@context":"https:\/\/schema.org","@graph":[{"@type":"WebPage","@id":"https:\/\/districos.standingout.be\/fr\/product\/bio-balance-mousse-pour-les-mains-abricot-75-ml-ref-7074-520\/","url":"https:\/\/districos.standingout.be\/fr\/product\/bio-balance-mousse-pour-les-mains-abricot-75-ml-ref-7074-520\/","name":"Bio Balance Mousse pour les Mains Abricot 75 ml - Districos Webshop","isPartOf":{"@id":"https:\/\/districos.standingout.be\/fr\/#website"},"primaryImageOfPage":{"@id":"https:\/\/districos.standingout.be\/fr\/product\/bio-balance-mousse-pour-les-mains-abricot-75-ml-ref-7074-520\/#primaryimage"},"image":{"@id":"https:\/\/districos.standingout.be\/fr\/product\/bio-balance-mousse-pour-les-mains-abricot-75-ml-ref-7074-520\/#primaryimage"},"thumbnailUrl":"https:\/\/districos.standingout.be\/wp-content\/uploads\/2026\/04\/7074.520@Bio-Balance-Abrikoos-Hand-Mousse-75-ml_1-1.png","datePublished":"2026-04-28T07:54:08+00:00","dateModified":"2026-04-28T07:54:12+00:00","breadcrumb":{"@id":"https:\/\/districos.standingout.be\/fr\/product\/bio-balance-mousse-pour-les-mains-abricot-75-ml-ref-7074-520\/#breadcrumb"},"inLanguage":"fr-FR","potentialAction":[{"@type":"ReadAction","target":["https:\/\/districos.standingout.be\/fr\/product\/bio-balance-mousse-pour-les-mains-abricot-75-ml-ref-7074-520\/"]}]},{"@type":"ImageObject","inLanguage":"fr-FR","@id":"https:\/\/districos.standingout.be\/fr\/product\/bio-balance-mousse-pour-les-mains-abricot-75-ml-ref-7074-520\/#primaryimage","url":"https:\/\/districos.standingout.be\/wp-content\/uploads\/2026\/04\/7074.520@Bio-Balance-Abrikoos-Hand-Mousse-75-ml_1-1.png","contentUrl":"https:\/\/districos.standingout.be\/wp-content\/uploads\/2026\/04\/7074.520@Bio-Balance-Abrikoos-Hand-Mousse-75-ml_1-1.png","width":600,"height":600},{"@type":"BreadcrumbList","@id":"https:\/\/districos.standingout.be\/fr\/product\/bio-balance-mousse-pour-les-mains-abricot-75-ml-ref-7074-520\/#breadcrumb","itemListElement":[{"@type":"ListItem","position":1,"name":"Home","item":"https:\/\/districos.standingout.be\/fr\/bienvenue-chez-districos\/"},{"@type":"ListItem","position":2,"name":"Boutique","item":"https:\/\/districos.standingout.be\/fr\/boutique\/"},{"@type":"ListItem","position":3,"name":"Bio Balance Mousse pour les Mains Abricot 75 ml"}]},{"@type":"WebSite","@id":"https:\/\/districos.standingout.be\/fr\/#website","url":"https:\/\/districos.standingout.be\/fr\/","name":"Districos Webshop","description":"","publisher":{"@id":"https:\/\/districos.standingout.be\/fr\/#organization"},"potentialAction":[{"@type":"SearchAction","target":{"@type":"EntryPoint","urlTemplate":"https:\/\/districos.standingout.be\/fr\/?s={search_term_string}"},"query-input":{"@type":"PropertyValueSpecification","valueRequired":true,"valueName":"search_term_string"}}],"inLanguage":"fr-FR"},{"@type":"Organization","@id":"https:\/\/districos.standingout.be\/fr\/#organization","name":"Districos Webshop","url":"https:\/\/districos.standingout.be\/fr\/","logo":{"@type":"ImageObject","inLanguage":"fr-FR","@id":"https:\/\/districos.standingout.be\/fr\/#\/schema\/logo\/image\/","url":"https:\/\/districos.standingout.be\/wp-content\/uploads\/2022\/09\/Districos_Logo_Webshop.svg","contentUrl":"https:\/\/districos.standingout.be\/wp-content\/uploads\/2022\/09\/Districos_Logo_Webshop.svg","caption":"Districos Webshop"},"image":{"@id":"https:\/\/districos.standingout.be\/fr\/#\/schema\/logo\/image\/"}}]}},"_links":{"self":[{"href":"https:\/\/districos.standingout.be\/fr\/wp-json\/wp\/v2\/product\/137183","targetHints":{"allow":["GET"]}}],"collection":[{"href":"https:\/\/districos.standingout.be\/fr\/wp-json\/wp\/v2\/product"}],"about":[{"href":"https:\/\/districos.standingout.be\/fr\/wp-json\/wp\/v2\/types\/product"}],"replies":[{"embeddable":true,"href":"https:\/\/districos.standingout.be\/fr\/wp-json\/wp\/v2\/comments?post=137183"}],"wp:featuredmedia":[{"embeddable":true,"href":"https:\/\/districos.standingout.be\/fr\/wp-json\/wp\/v2\/media\/147493"}],"wp:attachment":[{"href":"https:\/\/districos.standingout.be\/fr\/wp-json\/wp\/v2\/media?parent=137183"}],"wp:term":[{"taxonomy":"product_brand","embeddable":true,"href":"https:\/\/districos.standingout.be\/fr\/wp-json\/wp\/v2\/product_brand?post=137183"},{"taxonomy":"product_cat","embeddable":true,"href":"https:\/\/districos.standingout.be\/fr\/wp-json\/wp\/v2\/product_cat?post=137183"},{"taxonomy":"product_tag","embeddable":true,"href":"https:\/\/districos.standingout.be\/fr\/wp-json\/wp\/v2\/product_tag?post=137183"}],"curies":[{"name":"wp","href":"https:\/\/api.w.org\/{rel}","templated":true}]}}