{"id":137185,"date":"2026-04-28T09:54:14","date_gmt":"2026-04-28T07:54:14","guid":{"rendered":"https:\/\/webshopdistricoscom.webhosting.be\/product\/bio-balance-sanzo-kit-dessai-manucurepedicure-1010paires-ref-7074-603\/"},"modified":"2026-04-28T09:54:18","modified_gmt":"2026-04-28T07:54:18","slug":"bio-balance-sanzo-kit-dessai-manucurepedicure-1010paires-ref-7074-603","status":"publish","type":"product","link":"https:\/\/districos.standingout.be\/fr\/product\/bio-balance-sanzo-kit-dessai-manucurepedicure-1010paires-ref-7074-603\/","title":{"rendered":"Bio Balance Sanzo Kit d&rsquo;Essai Manucure&#038;P\u00e9dicure 10+10paires"},"content":{"rendered":"<p >\n<\/p>\n<\/p>\n<div><font size=\"2\"><\/p>\n<div><font face=\"Verdana\"><b>KIT D\u00c9PART CONTENANT 10 PAIRES DE GANTS ET 10 PAIRES DE CHAUSSONS<\/b><\/font><\/div>\n<p><font face=\"Verdana\"><b><\/p>\n<div><font face=\"Verdana\"><b><br \/><\/b><\/font><\/div>\n<p>Bio Balance Sanzo : gants et chaussons hydratants tout en un avec cr\u00e8me soignante !<\/b><\/font><\/p>\n<div><font face=\"Verdana\">Technologie cosm\u00e9tique pour un soin professionnel des mains, des pieds et des ongles.<\/font><\/div>\n<div>\n<ul>\n<li><font size=\"2\">Simple et rapide pour un rendement maximal.<\/font><\/li>\n<li><font size=\"2\">Professionnel et hygi\u00e9nique.<\/font><\/li>\n<li><font size=\"2\">Pas besoin d&rsquo;eau.<\/font><\/li>\n<li><font size=\"2\">Pas besoin de cr\u00e8mes de soin suppl\u00e9mentaires.<\/font><\/li>\n<li><font size=\"2\">Possibilit\u00e9 d&rsquo;appliquer directement du vernis sur les ongles.<\/font><\/li>\n<\/ul>\n<div><font size=\"2\"><b>\u00c9tape par \u00e9tape<\/b><\/font><\/div>\n<div>\n<ol dir=\"ltr\">\n<li><font size=\"2\">Enlevez les restes \u00e9ventuels de vernis (semi-permanent), de gel ou d&rsquo;acrylique.<\/font><\/li>\n<li><font size=\"2\">Ouvrez le paquet color\u00e9 et limez les ongles en forme avec la lime incluse.<\/font><\/li>\n<li><font size=\"2\">Placez les gants ou chaussons encore ferm\u00e9s sur une surface plate et r\u00e9partissez l&rsquo;\u00e9mulsion uniform\u00e9ment \u00e0 l&rsquo;int\u00e9rieur. Ouvrez-les et enfilez-les. Assurez-vous, \u00e0 l&rsquo;aide d&rsquo;un l\u00e9ger massage, que les mains\/pieds et les cuticules et sillons ungu\u00e9aux sont recouverts d&rsquo;\u00e9mulsion.<\/font><\/li>\n<li><font size=\"2\">Ouvrez l&rsquo;extr\u00e9mit\u00e9 de chaque doigt du gant\/chausson \u00e0 l&rsquo;aide du c\u00f4t\u00e9 pointu du b\u00e2tonnet en bois. Les cuticules peuvent maintenant \u00eatre repouss\u00e9es ou retir\u00e9es facilement.<\/font><\/li>\n<li><font size=\"2\"><b>Pieds<\/b>&nbsp;: glissez le chausson au-dessus des chevilles et enlevez les callosit\u00e9s si n\u00e9cessaire. Retirez le chausson et poussez les restants de l&rsquo;\u00e9mulsion du chausson pour effectuer un massage agr\u00e9able des pieds.&nbsp;<b>Mains<\/b>&nbsp;: retirez d\u00e9licatement les gants et poussez les restants de l&rsquo;\u00e9mulsion du gant afin de masser les mains et les avant-bras avec.<\/font><\/li>\n<li><font size=\"2\">Nettoyez les ongles avec un cleanser afin d&rsquo;am\u00e9liorer l&rsquo;adh\u00e9rence du vernis, du gel ou de l&rsquo;acrylique.<\/font><\/li>\n<li><font size=\"2\">Terminez le soin par une application de vernis (semi-permanent), de gel ou d&rsquo;acrylique.<\/font><\/li>\n<\/ol>\n<div><b>CONSEIL<\/b><\/div>\n<\/div>\n<div>Si vous le souhaitez, vous pouvez \u00e9galement utiliser ces gants et chaussons comme masque hydratant apr\u00e8s une manucure ou p\u00e9dicure (apr\u00e8s un soin \u00e0 la fraiseuse par exemple).<\/div>\n<\/div>\n<p><\/font><\/div>\n<div>\n<div><\/div>\n<div>\n<div><b>Aussi disponible<\/b><\/div>\n<div>\n<ul>\n<li>Set d&rsquo;essai contenant 1 paire de gants et 1 paire de chaussons (<u><a href=\"https:\/\/districos.com\/ProductDetail\/7074.602\" target=\"_blank\" rel=\"noopener noreferrer nofollow\">r\u00e9f. 7074.602<\/a><\/u>)<\/li>\n<li>Kit contenant 50 paires de gants (<a href=\"https:\/\/webshop.districos.com\/ProductDetail\/7074.608\" target=\"_blank\" rel=\"noopener noreferrer nofollow\">r\u00e9f. 7074.608<\/a>)<\/li>\n<li>Kit contenant 50 paires de chaussons (<a href=\"https:\/\/webshop.districos.com\/ProductDetail\/7074.609\" target=\"_blank\" rel=\"noopener noreferrer nofollow\">r\u00e9f. 7074.609<\/a>)<\/li>\n<\/ul>\n<\/div>\n<\/div>\n<\/div>\n<p dir=\"ltr\">\n<h4><\/h4><\/p>\n","protected":false},"excerpt":{"rendered":"<p>KIT D\u00c9PART CONTENANT 10 PAIRES DE GANTS ET 10 PAIRES DE CHAUSSONS Bio Balance Sanzo : gants et chaussons hydratants tout en un avec cr\u00e8me soignante ! Technologie cosm\u00e9tique pour un soin professionnel des mains, des pieds et des ongles. Simple et rapide pour un rendement maximal. Professionnel et hygi\u00e9nique. Pas besoin d&rsquo;eau. Pas besoin [&hellip;]<\/p>\n","protected":false},"featured_media":147508,"comment_status":"open","ping_status":"closed","template":"","meta":{"_acf_changed":false},"product_brand":[10304],"product_cat":[10078,9946,9904,9908,10080],"product_tag":[],"class_list":{"0":"post-137185","1":"product","2":"type-product","3":"status-publish","4":"has-post-thumbnail","6":"product_brand-bb-sanzo-fr","7":"product_cat-soins-des-pieds-podologie-produits-de-soin-cremes-lotions","8":"product_cat-beaute-pedicure-produits-de-soin","9":"product_cat-beaute-manucure-ongles-soins-des-mains-et-des-ongles","10":"product_cat-beaute-manucure-ongles-spa-manucure","11":"product_cat-soins-des-pieds-podologie-produits-de-soin-spa-pedicure","13":"first","14":"instock","15":"taxable","16":"shipping-taxable","17":"product-type-simple"},"acf":[],"yoast_head":"<!-- This site is optimized with the Yoast SEO plugin v27.3 - https:\/\/yoast.com\/product\/yoast-seo-wordpress\/ -->\n<title>Bio Balance Sanzo Kit d&#039;Essai Manucure&amp;P\u00e9dicure 10+10paires - Districos Webshop<\/title>\n<meta name=\"robots\" content=\"noindex, follow, max-snippet:-1, max-image-preview:large, max-video-preview:-1\" \/>\n<meta property=\"og:locale\" content=\"fr_FR\" \/>\n<meta property=\"og:type\" content=\"article\" \/>\n<meta property=\"og:title\" content=\"Bio Balance Sanzo Kit d&#039;Essai Manucure&amp;P\u00e9dicure 10+10paires - Districos Webshop\" \/>\n<meta property=\"og:description\" content=\"KIT D\u00c9PART CONTENANT 10 PAIRES DE GANTS ET 10 PAIRES DE CHAUSSONS Bio Balance Sanzo : gants et chaussons hydratants tout en un avec cr\u00e8me soignante ! Technologie cosm\u00e9tique pour un soin professionnel des mains, des pieds et des ongles. Simple et rapide pour un rendement maximal. Professionnel et hygi\u00e9nique. Pas besoin d&rsquo;eau. Pas besoin [&hellip;]\" \/>\n<meta property=\"og:url\" content=\"https:\/\/districos.standingout.be\/fr\/product\/bio-balance-sanzo-kit-dessai-manucurepedicure-1010paires-ref-7074-603\/\" \/>\n<meta property=\"og:site_name\" content=\"Districos Webshop\" \/>\n<meta property=\"article:modified_time\" content=\"2026-04-28T07:54:18+00:00\" \/>\n<meta name=\"twitter:card\" content=\"summary_large_image\" \/>\n<meta name=\"twitter:label1\" content=\"Dur\u00e9e de lecture estim\u00e9e\" \/>\n\t<meta name=\"twitter:data1\" content=\"2 minutes\" \/>\n<script type=\"application\/ld+json\" class=\"yoast-schema-graph\">{\"@context\":\"https:\\\/\\\/schema.org\",\"@graph\":[{\"@type\":\"WebPage\",\"@id\":\"https:\\\/\\\/districos.standingout.be\\\/fr\\\/product\\\/bio-balance-sanzo-kit-dessai-manucurepedicure-1010paires-ref-7074-603\\\/\",\"url\":\"https:\\\/\\\/districos.standingout.be\\\/fr\\\/product\\\/bio-balance-sanzo-kit-dessai-manucurepedicure-1010paires-ref-7074-603\\\/\",\"name\":\"Bio Balance Sanzo Kit d'Essai Manucure&P\u00e9dicure 10+10paires - Districos Webshop\",\"isPartOf\":{\"@id\":\"https:\\\/\\\/districos.standingout.be\\\/fr\\\/#website\"},\"primaryImageOfPage\":{\"@id\":\"https:\\\/\\\/districos.standingout.be\\\/fr\\\/product\\\/bio-balance-sanzo-kit-dessai-manucurepedicure-1010paires-ref-7074-603\\\/#primaryimage\"},\"image\":{\"@id\":\"https:\\\/\\\/districos.standingout.be\\\/fr\\\/product\\\/bio-balance-sanzo-kit-dessai-manucurepedicure-1010paires-ref-7074-603\\\/#primaryimage\"},\"thumbnailUrl\":\"https:\\\/\\\/districos.standingout.be\\\/wp-content\\\/uploads\\\/2026\\\/04\\\/7074.603@Sanzo-8-8-Starterskit_1-1.png\",\"datePublished\":\"2026-04-28T07:54:14+00:00\",\"dateModified\":\"2026-04-28T07:54:18+00:00\",\"breadcrumb\":{\"@id\":\"https:\\\/\\\/districos.standingout.be\\\/fr\\\/product\\\/bio-balance-sanzo-kit-dessai-manucurepedicure-1010paires-ref-7074-603\\\/#breadcrumb\"},\"inLanguage\":\"fr-FR\",\"potentialAction\":[{\"@type\":\"ReadAction\",\"target\":[\"https:\\\/\\\/districos.standingout.be\\\/fr\\\/product\\\/bio-balance-sanzo-kit-dessai-manucurepedicure-1010paires-ref-7074-603\\\/\"]}]},{\"@type\":\"ImageObject\",\"inLanguage\":\"fr-FR\",\"@id\":\"https:\\\/\\\/districos.standingout.be\\\/fr\\\/product\\\/bio-balance-sanzo-kit-dessai-manucurepedicure-1010paires-ref-7074-603\\\/#primaryimage\",\"url\":\"https:\\\/\\\/districos.standingout.be\\\/wp-content\\\/uploads\\\/2026\\\/04\\\/7074.603@Sanzo-8-8-Starterskit_1-1.png\",\"contentUrl\":\"https:\\\/\\\/districos.standingout.be\\\/wp-content\\\/uploads\\\/2026\\\/04\\\/7074.603@Sanzo-8-8-Starterskit_1-1.png\",\"width\":600,\"height\":600},{\"@type\":\"BreadcrumbList\",\"@id\":\"https:\\\/\\\/districos.standingout.be\\\/fr\\\/product\\\/bio-balance-sanzo-kit-dessai-manucurepedicure-1010paires-ref-7074-603\\\/#breadcrumb\",\"itemListElement\":[{\"@type\":\"ListItem\",\"position\":1,\"name\":\"Home\",\"item\":\"https:\\\/\\\/districos.standingout.be\\\/fr\\\/bienvenue-chez-districos\\\/\"},{\"@type\":\"ListItem\",\"position\":2,\"name\":\"Boutique\",\"item\":\"https:\\\/\\\/districos.standingout.be\\\/fr\\\/boutique\\\/\"},{\"@type\":\"ListItem\",\"position\":3,\"name\":\"Bio Balance Sanzo Kit d&#8217;Essai Manucure&#038;P\u00e9dicure 10+10paires\"}]},{\"@type\":\"WebSite\",\"@id\":\"https:\\\/\\\/districos.standingout.be\\\/fr\\\/#website\",\"url\":\"https:\\\/\\\/districos.standingout.be\\\/fr\\\/\",\"name\":\"Districos Webshop\",\"description\":\"\",\"publisher\":{\"@id\":\"https:\\\/\\\/districos.standingout.be\\\/fr\\\/#organization\"},\"potentialAction\":[{\"@type\":\"SearchAction\",\"target\":{\"@type\":\"EntryPoint\",\"urlTemplate\":\"https:\\\/\\\/districos.standingout.be\\\/fr\\\/?s={search_term_string}\"},\"query-input\":{\"@type\":\"PropertyValueSpecification\",\"valueRequired\":true,\"valueName\":\"search_term_string\"}}],\"inLanguage\":\"fr-FR\"},{\"@type\":\"Organization\",\"@id\":\"https:\\\/\\\/districos.standingout.be\\\/fr\\\/#organization\",\"name\":\"Districos Webshop\",\"url\":\"https:\\\/\\\/districos.standingout.be\\\/fr\\\/\",\"logo\":{\"@type\":\"ImageObject\",\"inLanguage\":\"fr-FR\",\"@id\":\"https:\\\/\\\/districos.standingout.be\\\/fr\\\/#\\\/schema\\\/logo\\\/image\\\/\",\"url\":\"https:\\\/\\\/districos.standingout.be\\\/wp-content\\\/uploads\\\/2022\\\/09\\\/Districos_Logo_Webshop.svg\",\"contentUrl\":\"https:\\\/\\\/districos.standingout.be\\\/wp-content\\\/uploads\\\/2022\\\/09\\\/Districos_Logo_Webshop.svg\",\"caption\":\"Districos Webshop\"},\"image\":{\"@id\":\"https:\\\/\\\/districos.standingout.be\\\/fr\\\/#\\\/schema\\\/logo\\\/image\\\/\"}}]}<\/script>\n<!-- \/ Yoast SEO plugin. -->","yoast_head_json":{"title":"Bio Balance Sanzo Kit d'Essai Manucure&P\u00e9dicure 10+10paires - Districos Webshop","robots":{"index":"noindex","follow":"follow","max-snippet":"max-snippet:-1","max-image-preview":"max-image-preview:large","max-video-preview":"max-video-preview:-1"},"og_locale":"fr_FR","og_type":"article","og_title":"Bio Balance Sanzo Kit d'Essai Manucure&P\u00e9dicure 10+10paires - Districos Webshop","og_description":"KIT D\u00c9PART CONTENANT 10 PAIRES DE GANTS ET 10 PAIRES DE CHAUSSONS Bio Balance Sanzo : gants et chaussons hydratants tout en un avec cr\u00e8me soignante ! Technologie cosm\u00e9tique pour un soin professionnel des mains, des pieds et des ongles. Simple et rapide pour un rendement maximal. Professionnel et hygi\u00e9nique. Pas besoin d&rsquo;eau. Pas besoin [&hellip;]","og_url":"https:\/\/districos.standingout.be\/fr\/product\/bio-balance-sanzo-kit-dessai-manucurepedicure-1010paires-ref-7074-603\/","og_site_name":"Districos Webshop","article_modified_time":"2026-04-28T07:54:18+00:00","twitter_card":"summary_large_image","twitter_misc":{"Dur\u00e9e de lecture estim\u00e9e":"2 minutes"},"schema":{"@context":"https:\/\/schema.org","@graph":[{"@type":"WebPage","@id":"https:\/\/districos.standingout.be\/fr\/product\/bio-balance-sanzo-kit-dessai-manucurepedicure-1010paires-ref-7074-603\/","url":"https:\/\/districos.standingout.be\/fr\/product\/bio-balance-sanzo-kit-dessai-manucurepedicure-1010paires-ref-7074-603\/","name":"Bio Balance Sanzo Kit d'Essai Manucure&P\u00e9dicure 10+10paires - Districos Webshop","isPartOf":{"@id":"https:\/\/districos.standingout.be\/fr\/#website"},"primaryImageOfPage":{"@id":"https:\/\/districos.standingout.be\/fr\/product\/bio-balance-sanzo-kit-dessai-manucurepedicure-1010paires-ref-7074-603\/#primaryimage"},"image":{"@id":"https:\/\/districos.standingout.be\/fr\/product\/bio-balance-sanzo-kit-dessai-manucurepedicure-1010paires-ref-7074-603\/#primaryimage"},"thumbnailUrl":"https:\/\/districos.standingout.be\/wp-content\/uploads\/2026\/04\/7074.603@Sanzo-8-8-Starterskit_1-1.png","datePublished":"2026-04-28T07:54:14+00:00","dateModified":"2026-04-28T07:54:18+00:00","breadcrumb":{"@id":"https:\/\/districos.standingout.be\/fr\/product\/bio-balance-sanzo-kit-dessai-manucurepedicure-1010paires-ref-7074-603\/#breadcrumb"},"inLanguage":"fr-FR","potentialAction":[{"@type":"ReadAction","target":["https:\/\/districos.standingout.be\/fr\/product\/bio-balance-sanzo-kit-dessai-manucurepedicure-1010paires-ref-7074-603\/"]}]},{"@type":"ImageObject","inLanguage":"fr-FR","@id":"https:\/\/districos.standingout.be\/fr\/product\/bio-balance-sanzo-kit-dessai-manucurepedicure-1010paires-ref-7074-603\/#primaryimage","url":"https:\/\/districos.standingout.be\/wp-content\/uploads\/2026\/04\/7074.603@Sanzo-8-8-Starterskit_1-1.png","contentUrl":"https:\/\/districos.standingout.be\/wp-content\/uploads\/2026\/04\/7074.603@Sanzo-8-8-Starterskit_1-1.png","width":600,"height":600},{"@type":"BreadcrumbList","@id":"https:\/\/districos.standingout.be\/fr\/product\/bio-balance-sanzo-kit-dessai-manucurepedicure-1010paires-ref-7074-603\/#breadcrumb","itemListElement":[{"@type":"ListItem","position":1,"name":"Home","item":"https:\/\/districos.standingout.be\/fr\/bienvenue-chez-districos\/"},{"@type":"ListItem","position":2,"name":"Boutique","item":"https:\/\/districos.standingout.be\/fr\/boutique\/"},{"@type":"ListItem","position":3,"name":"Bio Balance Sanzo Kit d&#8217;Essai Manucure&#038;P\u00e9dicure 10+10paires"}]},{"@type":"WebSite","@id":"https:\/\/districos.standingout.be\/fr\/#website","url":"https:\/\/districos.standingout.be\/fr\/","name":"Districos Webshop","description":"","publisher":{"@id":"https:\/\/districos.standingout.be\/fr\/#organization"},"potentialAction":[{"@type":"SearchAction","target":{"@type":"EntryPoint","urlTemplate":"https:\/\/districos.standingout.be\/fr\/?s={search_term_string}"},"query-input":{"@type":"PropertyValueSpecification","valueRequired":true,"valueName":"search_term_string"}}],"inLanguage":"fr-FR"},{"@type":"Organization","@id":"https:\/\/districos.standingout.be\/fr\/#organization","name":"Districos Webshop","url":"https:\/\/districos.standingout.be\/fr\/","logo":{"@type":"ImageObject","inLanguage":"fr-FR","@id":"https:\/\/districos.standingout.be\/fr\/#\/schema\/logo\/image\/","url":"https:\/\/districos.standingout.be\/wp-content\/uploads\/2022\/09\/Districos_Logo_Webshop.svg","contentUrl":"https:\/\/districos.standingout.be\/wp-content\/uploads\/2022\/09\/Districos_Logo_Webshop.svg","caption":"Districos Webshop"},"image":{"@id":"https:\/\/districos.standingout.be\/fr\/#\/schema\/logo\/image\/"}}]}},"_links":{"self":[{"href":"https:\/\/districos.standingout.be\/fr\/wp-json\/wp\/v2\/product\/137185","targetHints":{"allow":["GET"]}}],"collection":[{"href":"https:\/\/districos.standingout.be\/fr\/wp-json\/wp\/v2\/product"}],"about":[{"href":"https:\/\/districos.standingout.be\/fr\/wp-json\/wp\/v2\/types\/product"}],"replies":[{"embeddable":true,"href":"https:\/\/districos.standingout.be\/fr\/wp-json\/wp\/v2\/comments?post=137185"}],"wp:featuredmedia":[{"embeddable":true,"href":"https:\/\/districos.standingout.be\/fr\/wp-json\/wp\/v2\/media\/147508"}],"wp:attachment":[{"href":"https:\/\/districos.standingout.be\/fr\/wp-json\/wp\/v2\/media?parent=137185"}],"wp:term":[{"taxonomy":"product_brand","embeddable":true,"href":"https:\/\/districos.standingout.be\/fr\/wp-json\/wp\/v2\/product_brand?post=137185"},{"taxonomy":"product_cat","embeddable":true,"href":"https:\/\/districos.standingout.be\/fr\/wp-json\/wp\/v2\/product_cat?post=137185"},{"taxonomy":"product_tag","embeddable":true,"href":"https:\/\/districos.standingout.be\/fr\/wp-json\/wp\/v2\/product_tag?post=137185"}],"curies":[{"name":"wp","href":"https:\/\/api.w.org\/{rel}","templated":true}]}}