{"id":137187,"date":"2026-04-28T09:55:06","date_gmt":"2026-04-28T07:55:06","guid":{"rendered":"https:\/\/webshopdistricoscom.webhosting.be\/product\/bio-balance-sanzo-manucure-gants-50-paires-ref-7074-608\/"},"modified":"2026-04-28T09:55:10","modified_gmt":"2026-04-28T07:55:10","slug":"bio-balance-sanzo-manucure-gants-50-paires-ref-7074-608","status":"publish","type":"product","link":"https:\/\/districos.standingout.be\/fr\/product\/bio-balance-sanzo-manucure-gants-50-paires-ref-7074-608\/","title":{"rendered":"Bio Balance Sanzo Manucure Gants 50 Paires"},"content":{"rendered":"<p >\n<\/p>\n<\/p>\n<\/p>\n<p><b>KIT DE 50 PAIRES DE GANTS&nbsp;<\/b><b>(EXCL. LA LIME \u00c0 ONGLES ET LE B\u00c2TONNET EN BOIS)<\/b><b><br \/>Bio Balance Sanzo : gants hydratants \u00ab\u00a0tout-en-un\u00a0\u00bb avec cr\u00e8me de soin !<\/b><br \/>Technologie cosm\u00e9tique pour les soins professionnels des mains et des ongles.<\/p>\n<ul>\n<li>Rapide et facile pour une efficacit\u00e9 maximale.<\/li>\n<li>Professionnel et hygi\u00e9nique.<\/li>\n<li>Pas besoin d&rsquo;eau.<\/li>\n<li>Il n&rsquo;est pas n\u00e9cessaire d&rsquo;utiliser des produits de soin suppl\u00e9mentaires pendant le traitement.<\/li>\n<li>Les ongles sont imm\u00e9diatement vernissables.<\/li>\n<\/ul>\n<p><b>\u00c9tape par \u00e9tape<\/b><\/p>\n<ul>\n<li>Retirez tout vernis \u00e0 ongles (semi-permanent), gel ou acrylique.<\/li>\n<li>Placez les gants non ouverts sur une surface plane et \u00e9talez l&rsquo;\u00e9mulsion uniform\u00e9ment \u00e0 l&rsquo;int\u00e9rieur. Ouvrez ensuite les gants et enfilez-les pendant au moins 10 minutes. Continuer \u00e0 \u00e9taler l&rsquo;\u00e9mulsion sur les mains, y compris sur les cuticules et les sillons ungu\u00e9aux, en effectuant un l\u00e9ger massage.<\/li>\n<li>Ouvrez le bout des doigts des gants. Les cuticules ramollies peuvent maintenant \u00eatre repouss\u00e9es vers l&rsquo;arri\u00e8re ou retir\u00e9es tr\u00e8s facilement.<\/li>\n<li>Faites glisser le gant sur la peau et faites sortir les restes de l&rsquo;\u00e9mulsion afin de pouvoir masser les mains et \u00e9ventuellement les avant-bras\/poignets.<\/li>\n<li>Nettoyez les ongles avec un produit nettoyant pour favoriser l&rsquo;adh\u00e9rence du vernis \u00e0 ongles, du gel ou de l&rsquo;acrylique.<\/li>\n<li>Terminez le soin avec un vernis (semi-permanent), un gel ou une acrylique.<\/li>\n<\/ul>\n<p><b>CONSEILS<\/b><br \/>Si vous le souhaitez, ces gants peuvent \u00e9galement \u00eatre utilis\u00e9s comme masque hydratant apr\u00e8s la manucure (par exemple apr\u00e8s un traitement \u00e0 la fraiseuse).<br \/>Choisissez l&#8217;emballage de transport (2 pi\u00e8ces) et \u00e9conomisez +\/- 20%.<\/p>\n","protected":false},"excerpt":{"rendered":"<p>KIT DE 50 PAIRES DE GANTS&nbsp;(EXCL. LA LIME \u00c0 ONGLES ET LE B\u00c2TONNET EN BOIS)Bio Balance Sanzo : gants hydratants \u00ab\u00a0tout-en-un\u00a0\u00bb avec cr\u00e8me de soin !Technologie cosm\u00e9tique pour les soins professionnels des mains et des ongles. Rapide et facile pour une efficacit\u00e9 maximale. Professionnel et hygi\u00e9nique. Pas besoin d&rsquo;eau. Il n&rsquo;est pas n\u00e9cessaire d&rsquo;utiliser des [&hellip;]<\/p>\n","protected":false},"featured_media":147511,"comment_status":"open","ping_status":"closed","template":"","meta":{"_acf_changed":false},"product_brand":[10304],"product_cat":[10078,9946,9904,9908,10080],"product_tag":[],"class_list":{"0":"post-137187","1":"product","2":"type-product","3":"status-publish","4":"has-post-thumbnail","6":"product_brand-bb-sanzo-fr","7":"product_cat-soins-des-pieds-podologie-produits-de-soin-cremes-lotions","8":"product_cat-beaute-pedicure-produits-de-soin","9":"product_cat-beaute-manucure-ongles-soins-des-mains-et-des-ongles","10":"product_cat-beaute-manucure-ongles-spa-manucure","11":"product_cat-soins-des-pieds-podologie-produits-de-soin-spa-pedicure","13":"first","14":"instock","15":"taxable","16":"shipping-taxable","17":"product-type-simple"},"acf":[],"yoast_head":"<!-- This site is optimized with the Yoast SEO plugin v27.3 - https:\/\/yoast.com\/product\/yoast-seo-wordpress\/ -->\n<title>Bio Balance Sanzo Manucure Gants 50 Paires - Districos Webshop<\/title>\n<meta name=\"robots\" content=\"noindex, follow, max-snippet:-1, max-image-preview:large, max-video-preview:-1\" \/>\n<meta property=\"og:locale\" content=\"fr_FR\" \/>\n<meta property=\"og:type\" content=\"article\" \/>\n<meta property=\"og:title\" content=\"Bio Balance Sanzo Manucure Gants 50 Paires - Districos Webshop\" \/>\n<meta property=\"og:description\" content=\"KIT DE 50 PAIRES DE GANTS&nbsp;(EXCL. LA LIME \u00c0 ONGLES ET LE B\u00c2TONNET EN BOIS)Bio Balance Sanzo : gants hydratants \u00ab\u00a0tout-en-un\u00a0\u00bb avec cr\u00e8me de soin !Technologie cosm\u00e9tique pour les soins professionnels des mains et des ongles. Rapide et facile pour une efficacit\u00e9 maximale. Professionnel et hygi\u00e9nique. Pas besoin d&rsquo;eau. Il n&rsquo;est pas n\u00e9cessaire d&rsquo;utiliser des [&hellip;]\" \/>\n<meta property=\"og:url\" content=\"https:\/\/districos.standingout.be\/fr\/product\/bio-balance-sanzo-manucure-gants-50-paires-ref-7074-608\/\" \/>\n<meta property=\"og:site_name\" content=\"Districos Webshop\" \/>\n<meta property=\"article:modified_time\" content=\"2026-04-28T07:55:10+00:00\" \/>\n<meta name=\"twitter:card\" content=\"summary_large_image\" \/>\n<meta name=\"twitter:label1\" content=\"Dur\u00e9e de lecture estim\u00e9e\" \/>\n\t<meta name=\"twitter:data1\" content=\"1 minute\" \/>\n<script type=\"application\/ld+json\" class=\"yoast-schema-graph\">{\"@context\":\"https:\\\/\\\/schema.org\",\"@graph\":[{\"@type\":\"WebPage\",\"@id\":\"https:\\\/\\\/districos.standingout.be\\\/fr\\\/product\\\/bio-balance-sanzo-manucure-gants-50-paires-ref-7074-608\\\/\",\"url\":\"https:\\\/\\\/districos.standingout.be\\\/fr\\\/product\\\/bio-balance-sanzo-manucure-gants-50-paires-ref-7074-608\\\/\",\"name\":\"Bio Balance Sanzo Manucure Gants 50 Paires - Districos Webshop\",\"isPartOf\":{\"@id\":\"https:\\\/\\\/districos.standingout.be\\\/fr\\\/#website\"},\"primaryImageOfPage\":{\"@id\":\"https:\\\/\\\/districos.standingout.be\\\/fr\\\/product\\\/bio-balance-sanzo-manucure-gants-50-paires-ref-7074-608\\\/#primaryimage\"},\"image\":{\"@id\":\"https:\\\/\\\/districos.standingout.be\\\/fr\\\/product\\\/bio-balance-sanzo-manucure-gants-50-paires-ref-7074-608\\\/#primaryimage\"},\"thumbnailUrl\":\"https:\\\/\\\/districos.standingout.be\\\/wp-content\\\/uploads\\\/2026\\\/04\\\/7074.608@Bio-Balance-Sanzo-Manicure-Handschoenen-50-Paar_1-1.png\",\"datePublished\":\"2026-04-28T07:55:06+00:00\",\"dateModified\":\"2026-04-28T07:55:10+00:00\",\"breadcrumb\":{\"@id\":\"https:\\\/\\\/districos.standingout.be\\\/fr\\\/product\\\/bio-balance-sanzo-manucure-gants-50-paires-ref-7074-608\\\/#breadcrumb\"},\"inLanguage\":\"fr-FR\",\"potentialAction\":[{\"@type\":\"ReadAction\",\"target\":[\"https:\\\/\\\/districos.standingout.be\\\/fr\\\/product\\\/bio-balance-sanzo-manucure-gants-50-paires-ref-7074-608\\\/\"]}]},{\"@type\":\"ImageObject\",\"inLanguage\":\"fr-FR\",\"@id\":\"https:\\\/\\\/districos.standingout.be\\\/fr\\\/product\\\/bio-balance-sanzo-manucure-gants-50-paires-ref-7074-608\\\/#primaryimage\",\"url\":\"https:\\\/\\\/districos.standingout.be\\\/wp-content\\\/uploads\\\/2026\\\/04\\\/7074.608@Bio-Balance-Sanzo-Manicure-Handschoenen-50-Paar_1-1.png\",\"contentUrl\":\"https:\\\/\\\/districos.standingout.be\\\/wp-content\\\/uploads\\\/2026\\\/04\\\/7074.608@Bio-Balance-Sanzo-Manicure-Handschoenen-50-Paar_1-1.png\",\"width\":600,\"height\":600},{\"@type\":\"BreadcrumbList\",\"@id\":\"https:\\\/\\\/districos.standingout.be\\\/fr\\\/product\\\/bio-balance-sanzo-manucure-gants-50-paires-ref-7074-608\\\/#breadcrumb\",\"itemListElement\":[{\"@type\":\"ListItem\",\"position\":1,\"name\":\"Home\",\"item\":\"https:\\\/\\\/districos.standingout.be\\\/fr\\\/bienvenue-chez-districos\\\/\"},{\"@type\":\"ListItem\",\"position\":2,\"name\":\"Boutique\",\"item\":\"https:\\\/\\\/districos.standingout.be\\\/fr\\\/boutique\\\/\"},{\"@type\":\"ListItem\",\"position\":3,\"name\":\"Bio Balance Sanzo Manucure Gants 50 Paires\"}]},{\"@type\":\"WebSite\",\"@id\":\"https:\\\/\\\/districos.standingout.be\\\/fr\\\/#website\",\"url\":\"https:\\\/\\\/districos.standingout.be\\\/fr\\\/\",\"name\":\"Districos Webshop\",\"description\":\"\",\"publisher\":{\"@id\":\"https:\\\/\\\/districos.standingout.be\\\/fr\\\/#organization\"},\"potentialAction\":[{\"@type\":\"SearchAction\",\"target\":{\"@type\":\"EntryPoint\",\"urlTemplate\":\"https:\\\/\\\/districos.standingout.be\\\/fr\\\/?s={search_term_string}\"},\"query-input\":{\"@type\":\"PropertyValueSpecification\",\"valueRequired\":true,\"valueName\":\"search_term_string\"}}],\"inLanguage\":\"fr-FR\"},{\"@type\":\"Organization\",\"@id\":\"https:\\\/\\\/districos.standingout.be\\\/fr\\\/#organization\",\"name\":\"Districos Webshop\",\"url\":\"https:\\\/\\\/districos.standingout.be\\\/fr\\\/\",\"logo\":{\"@type\":\"ImageObject\",\"inLanguage\":\"fr-FR\",\"@id\":\"https:\\\/\\\/districos.standingout.be\\\/fr\\\/#\\\/schema\\\/logo\\\/image\\\/\",\"url\":\"https:\\\/\\\/districos.standingout.be\\\/wp-content\\\/uploads\\\/2022\\\/09\\\/Districos_Logo_Webshop.svg\",\"contentUrl\":\"https:\\\/\\\/districos.standingout.be\\\/wp-content\\\/uploads\\\/2022\\\/09\\\/Districos_Logo_Webshop.svg\",\"caption\":\"Districos Webshop\"},\"image\":{\"@id\":\"https:\\\/\\\/districos.standingout.be\\\/fr\\\/#\\\/schema\\\/logo\\\/image\\\/\"}}]}<\/script>\n<!-- \/ Yoast SEO plugin. -->","yoast_head_json":{"title":"Bio Balance Sanzo Manucure Gants 50 Paires - Districos Webshop","robots":{"index":"noindex","follow":"follow","max-snippet":"max-snippet:-1","max-image-preview":"max-image-preview:large","max-video-preview":"max-video-preview:-1"},"og_locale":"fr_FR","og_type":"article","og_title":"Bio Balance Sanzo Manucure Gants 50 Paires - Districos Webshop","og_description":"KIT DE 50 PAIRES DE GANTS&nbsp;(EXCL. LA LIME \u00c0 ONGLES ET LE B\u00c2TONNET EN BOIS)Bio Balance Sanzo : gants hydratants \u00ab\u00a0tout-en-un\u00a0\u00bb avec cr\u00e8me de soin !Technologie cosm\u00e9tique pour les soins professionnels des mains et des ongles. Rapide et facile pour une efficacit\u00e9 maximale. Professionnel et hygi\u00e9nique. Pas besoin d&rsquo;eau. Il n&rsquo;est pas n\u00e9cessaire d&rsquo;utiliser des [&hellip;]","og_url":"https:\/\/districos.standingout.be\/fr\/product\/bio-balance-sanzo-manucure-gants-50-paires-ref-7074-608\/","og_site_name":"Districos Webshop","article_modified_time":"2026-04-28T07:55:10+00:00","twitter_card":"summary_large_image","twitter_misc":{"Dur\u00e9e de lecture estim\u00e9e":"1 minute"},"schema":{"@context":"https:\/\/schema.org","@graph":[{"@type":"WebPage","@id":"https:\/\/districos.standingout.be\/fr\/product\/bio-balance-sanzo-manucure-gants-50-paires-ref-7074-608\/","url":"https:\/\/districos.standingout.be\/fr\/product\/bio-balance-sanzo-manucure-gants-50-paires-ref-7074-608\/","name":"Bio Balance Sanzo Manucure Gants 50 Paires - Districos Webshop","isPartOf":{"@id":"https:\/\/districos.standingout.be\/fr\/#website"},"primaryImageOfPage":{"@id":"https:\/\/districos.standingout.be\/fr\/product\/bio-balance-sanzo-manucure-gants-50-paires-ref-7074-608\/#primaryimage"},"image":{"@id":"https:\/\/districos.standingout.be\/fr\/product\/bio-balance-sanzo-manucure-gants-50-paires-ref-7074-608\/#primaryimage"},"thumbnailUrl":"https:\/\/districos.standingout.be\/wp-content\/uploads\/2026\/04\/7074.608@Bio-Balance-Sanzo-Manicure-Handschoenen-50-Paar_1-1.png","datePublished":"2026-04-28T07:55:06+00:00","dateModified":"2026-04-28T07:55:10+00:00","breadcrumb":{"@id":"https:\/\/districos.standingout.be\/fr\/product\/bio-balance-sanzo-manucure-gants-50-paires-ref-7074-608\/#breadcrumb"},"inLanguage":"fr-FR","potentialAction":[{"@type":"ReadAction","target":["https:\/\/districos.standingout.be\/fr\/product\/bio-balance-sanzo-manucure-gants-50-paires-ref-7074-608\/"]}]},{"@type":"ImageObject","inLanguage":"fr-FR","@id":"https:\/\/districos.standingout.be\/fr\/product\/bio-balance-sanzo-manucure-gants-50-paires-ref-7074-608\/#primaryimage","url":"https:\/\/districos.standingout.be\/wp-content\/uploads\/2026\/04\/7074.608@Bio-Balance-Sanzo-Manicure-Handschoenen-50-Paar_1-1.png","contentUrl":"https:\/\/districos.standingout.be\/wp-content\/uploads\/2026\/04\/7074.608@Bio-Balance-Sanzo-Manicure-Handschoenen-50-Paar_1-1.png","width":600,"height":600},{"@type":"BreadcrumbList","@id":"https:\/\/districos.standingout.be\/fr\/product\/bio-balance-sanzo-manucure-gants-50-paires-ref-7074-608\/#breadcrumb","itemListElement":[{"@type":"ListItem","position":1,"name":"Home","item":"https:\/\/districos.standingout.be\/fr\/bienvenue-chez-districos\/"},{"@type":"ListItem","position":2,"name":"Boutique","item":"https:\/\/districos.standingout.be\/fr\/boutique\/"},{"@type":"ListItem","position":3,"name":"Bio Balance Sanzo Manucure Gants 50 Paires"}]},{"@type":"WebSite","@id":"https:\/\/districos.standingout.be\/fr\/#website","url":"https:\/\/districos.standingout.be\/fr\/","name":"Districos Webshop","description":"","publisher":{"@id":"https:\/\/districos.standingout.be\/fr\/#organization"},"potentialAction":[{"@type":"SearchAction","target":{"@type":"EntryPoint","urlTemplate":"https:\/\/districos.standingout.be\/fr\/?s={search_term_string}"},"query-input":{"@type":"PropertyValueSpecification","valueRequired":true,"valueName":"search_term_string"}}],"inLanguage":"fr-FR"},{"@type":"Organization","@id":"https:\/\/districos.standingout.be\/fr\/#organization","name":"Districos Webshop","url":"https:\/\/districos.standingout.be\/fr\/","logo":{"@type":"ImageObject","inLanguage":"fr-FR","@id":"https:\/\/districos.standingout.be\/fr\/#\/schema\/logo\/image\/","url":"https:\/\/districos.standingout.be\/wp-content\/uploads\/2022\/09\/Districos_Logo_Webshop.svg","contentUrl":"https:\/\/districos.standingout.be\/wp-content\/uploads\/2022\/09\/Districos_Logo_Webshop.svg","caption":"Districos Webshop"},"image":{"@id":"https:\/\/districos.standingout.be\/fr\/#\/schema\/logo\/image\/"}}]}},"_links":{"self":[{"href":"https:\/\/districos.standingout.be\/fr\/wp-json\/wp\/v2\/product\/137187","targetHints":{"allow":["GET"]}}],"collection":[{"href":"https:\/\/districos.standingout.be\/fr\/wp-json\/wp\/v2\/product"}],"about":[{"href":"https:\/\/districos.standingout.be\/fr\/wp-json\/wp\/v2\/types\/product"}],"replies":[{"embeddable":true,"href":"https:\/\/districos.standingout.be\/fr\/wp-json\/wp\/v2\/comments?post=137187"}],"wp:featuredmedia":[{"embeddable":true,"href":"https:\/\/districos.standingout.be\/fr\/wp-json\/wp\/v2\/media\/147511"}],"wp:attachment":[{"href":"https:\/\/districos.standingout.be\/fr\/wp-json\/wp\/v2\/media?parent=137187"}],"wp:term":[{"taxonomy":"product_brand","embeddable":true,"href":"https:\/\/districos.standingout.be\/fr\/wp-json\/wp\/v2\/product_brand?post=137187"},{"taxonomy":"product_cat","embeddable":true,"href":"https:\/\/districos.standingout.be\/fr\/wp-json\/wp\/v2\/product_cat?post=137187"},{"taxonomy":"product_tag","embeddable":true,"href":"https:\/\/districos.standingout.be\/fr\/wp-json\/wp\/v2\/product_tag?post=137187"}],"curies":[{"name":"wp","href":"https:\/\/api.w.org\/{rel}","templated":true}]}}