{"id":137189,"date":"2026-04-28T09:55:13","date_gmt":"2026-04-28T07:55:13","guid":{"rendered":"https:\/\/webshopdistricoscom.webhosting.be\/product\/bio-balance-sanzo-pedicure-chausson-50-paires-ref-7074-609\/"},"modified":"2026-04-28T09:55:17","modified_gmt":"2026-04-28T07:55:17","slug":"bio-balance-sanzo-pedicure-chausson-50-paires-ref-7074-609","status":"publish","type":"product","link":"https:\/\/districos.standingout.be\/fr\/product\/bio-balance-sanzo-pedicure-chausson-50-paires-ref-7074-609\/","title":{"rendered":"Bio Balance Sanzo P\u00e9dicure Chausson 50 Paires"},"content":{"rendered":"<p >\n<\/p>\n<p><span><b>KIT CONTENANT 50 PAIRES DE CHAUSSONS (EXCL. LA LIME \u00c0 ONGLES ET LE B\u00c2TONNET EN BOIS)<o:p><\/o:p><\/b><\/span><\/p>\n<p><span><b>Bio Balance Sanzo : des chaussons hydratants tout-en-un avec cr\u00e8me soignante !<\/b><o:p><\/o:p><\/span><\/p>\n<p><span>Technologie cosm\u00e9tique pour un soin professionnel des pieds et des ongles.<o:p><\/o:p><\/span><\/p>\n<\/p>\n<ul>\n<li><span>Simple et rapide pour un rendement maximal.<\/span><\/li>\n<li><span>Professionnel et hygi\u00e9nique.<\/span><\/li>\n<li><span>Pas besoin d&rsquo;eau.<\/span><\/li>\n<li><span>Pas besoin de cr\u00e8mes de soin suppl\u00e9mentaires.<\/span><\/li>\n<li><span>Possibilit\u00e9 d&rsquo;appliquer directement du vernis sur les ongles.<\/span><\/li>\n<\/ul>\n<p><span><b>\u00c9tape par \u00e9tape<\/b><o:p><\/o:p><\/span><\/p>\n<\/p>\n<ol dir=\"ltr\">\n<li><span>Enlevez les restes \u00e9ventuels de vernis (semi-permanent), de gel ou d&rsquo;acrylique.<\/span><\/li>\n<li><span>Placez les chaussons encore ferm\u00e9s sur une surface plate et r\u00e9partissez l&rsquo;\u00e9mulsion uniform\u00e9ment \u00e0 l&rsquo;int\u00e9rieur. Ouvrez-les et enfilez-les. Assurez-vous, \u00e0 l&rsquo;aide d&rsquo;un l\u00e9ger massage, que les pieds, les cuticules et les sillons ungu\u00e9aux sont recouverts d&rsquo;\u00e9mulsion.<\/span><\/li>\n<li><span>Ouvrez l&rsquo;extr\u00e9mit\u00e9 de chaque doigt du chausson. Les cuticules peuvent maintenant \u00eatre repouss\u00e9es ou retir\u00e9es facilement.<\/span><\/li>\n<li><span>Retirez d\u00e9licatement les chaussons et poussez les restants de l&rsquo;\u00e9mulsion du chausson afin de masser les pieds et les jambes avec.<\/span><\/li>\n<li><span>Nettoyez les ongles avec un cleanser afin d&rsquo;am\u00e9liorer l&rsquo;adh\u00e9rence du vernis, du gel ou de l&rsquo;acrylique.<\/span><\/li>\n<li><span>Terminez le soin par une application de vernis (semi-permanent), de gel ou d&rsquo;acrylique.<\/span><\/li>\n<\/ol>\n<p><span><b>CONSEIL<\/b><o:p><\/o:p><\/span><\/p>\n<\/p>\n<ul>\n<li><span>Si vous le souhaitez, vous pouvez \u00e9galement utiliser ces chaussons comme masque hydratant apr\u00e8s une p\u00e9dicure (apr\u00e8s un soin \u00e0 la fraiseuse par exemple).<\/span><\/li>\n<li><span>Choisissez l&#8217;emballage de transport (2 pi\u00e8ces) et \u00e9conomisez +\/- 20%.<\/span><\/li>\n<\/ul>\n","protected":false},"excerpt":{"rendered":"<p>KIT CONTENANT 50 PAIRES DE CHAUSSONS (EXCL. LA LIME \u00c0 ONGLES ET LE B\u00c2TONNET EN BOIS) Bio Balance Sanzo : des chaussons hydratants tout-en-un avec cr\u00e8me soignante ! Technologie cosm\u00e9tique pour un soin professionnel des pieds et des ongles. Simple et rapide pour un rendement maximal. Professionnel et hygi\u00e9nique. Pas besoin d&rsquo;eau. Pas besoin de [&hellip;]<\/p>\n","protected":false},"featured_media":147514,"comment_status":"open","ping_status":"closed","template":"","meta":{"_acf_changed":false},"product_brand":[10304],"product_cat":[10078,9946,9904,9908,10080],"product_tag":[],"class_list":{"0":"post-137189","1":"product","2":"type-product","3":"status-publish","4":"has-post-thumbnail","6":"product_brand-bb-sanzo-fr","7":"product_cat-soins-des-pieds-podologie-produits-de-soin-cremes-lotions","8":"product_cat-beaute-pedicure-produits-de-soin","9":"product_cat-beaute-manucure-ongles-soins-des-mains-et-des-ongles","10":"product_cat-beaute-manucure-ongles-spa-manucure","11":"product_cat-soins-des-pieds-podologie-produits-de-soin-spa-pedicure","13":"first","14":"instock","15":"taxable","16":"shipping-taxable","17":"product-type-simple"},"acf":[],"yoast_head":"<!-- This site is optimized with the Yoast SEO plugin v27.3 - https:\/\/yoast.com\/product\/yoast-seo-wordpress\/ -->\n<title>Bio Balance Sanzo P\u00e9dicure Chausson 50 Paires - Districos Webshop<\/title>\n<meta name=\"robots\" content=\"noindex, follow, max-snippet:-1, max-image-preview:large, max-video-preview:-1\" \/>\n<meta property=\"og:locale\" content=\"fr_FR\" \/>\n<meta property=\"og:type\" content=\"article\" \/>\n<meta property=\"og:title\" content=\"Bio Balance Sanzo P\u00e9dicure Chausson 50 Paires - Districos Webshop\" \/>\n<meta property=\"og:description\" content=\"KIT CONTENANT 50 PAIRES DE CHAUSSONS (EXCL. LA LIME \u00c0 ONGLES ET LE B\u00c2TONNET EN BOIS) Bio Balance Sanzo : des chaussons hydratants tout-en-un avec cr\u00e8me soignante ! Technologie cosm\u00e9tique pour un soin professionnel des pieds et des ongles. Simple et rapide pour un rendement maximal. Professionnel et hygi\u00e9nique. Pas besoin d&rsquo;eau. Pas besoin de [&hellip;]\" \/>\n<meta property=\"og:url\" content=\"https:\/\/districos.standingout.be\/fr\/product\/bio-balance-sanzo-pedicure-chausson-50-paires-ref-7074-609\/\" \/>\n<meta property=\"og:site_name\" content=\"Districos Webshop\" \/>\n<meta property=\"article:modified_time\" content=\"2026-04-28T07:55:17+00:00\" \/>\n<meta name=\"twitter:card\" content=\"summary_large_image\" \/>\n<meta name=\"twitter:label1\" content=\"Dur\u00e9e de lecture estim\u00e9e\" \/>\n\t<meta name=\"twitter:data1\" content=\"1 minute\" \/>\n<script type=\"application\/ld+json\" class=\"yoast-schema-graph\">{\"@context\":\"https:\\\/\\\/schema.org\",\"@graph\":[{\"@type\":\"WebPage\",\"@id\":\"https:\\\/\\\/districos.standingout.be\\\/fr\\\/product\\\/bio-balance-sanzo-pedicure-chausson-50-paires-ref-7074-609\\\/\",\"url\":\"https:\\\/\\\/districos.standingout.be\\\/fr\\\/product\\\/bio-balance-sanzo-pedicure-chausson-50-paires-ref-7074-609\\\/\",\"name\":\"Bio Balance Sanzo P\u00e9dicure Chausson 50 Paires - Districos Webshop\",\"isPartOf\":{\"@id\":\"https:\\\/\\\/districos.standingout.be\\\/fr\\\/#website\"},\"primaryImageOfPage\":{\"@id\":\"https:\\\/\\\/districos.standingout.be\\\/fr\\\/product\\\/bio-balance-sanzo-pedicure-chausson-50-paires-ref-7074-609\\\/#primaryimage\"},\"image\":{\"@id\":\"https:\\\/\\\/districos.standingout.be\\\/fr\\\/product\\\/bio-balance-sanzo-pedicure-chausson-50-paires-ref-7074-609\\\/#primaryimage\"},\"thumbnailUrl\":\"https:\\\/\\\/districos.standingout.be\\\/wp-content\\\/uploads\\\/2026\\\/04\\\/7074.609@Bio-Balance-Sanzo-Pedicure-Sok-50-Paar_1-1.png\",\"datePublished\":\"2026-04-28T07:55:13+00:00\",\"dateModified\":\"2026-04-28T07:55:17+00:00\",\"breadcrumb\":{\"@id\":\"https:\\\/\\\/districos.standingout.be\\\/fr\\\/product\\\/bio-balance-sanzo-pedicure-chausson-50-paires-ref-7074-609\\\/#breadcrumb\"},\"inLanguage\":\"fr-FR\",\"potentialAction\":[{\"@type\":\"ReadAction\",\"target\":[\"https:\\\/\\\/districos.standingout.be\\\/fr\\\/product\\\/bio-balance-sanzo-pedicure-chausson-50-paires-ref-7074-609\\\/\"]}]},{\"@type\":\"ImageObject\",\"inLanguage\":\"fr-FR\",\"@id\":\"https:\\\/\\\/districos.standingout.be\\\/fr\\\/product\\\/bio-balance-sanzo-pedicure-chausson-50-paires-ref-7074-609\\\/#primaryimage\",\"url\":\"https:\\\/\\\/districos.standingout.be\\\/wp-content\\\/uploads\\\/2026\\\/04\\\/7074.609@Bio-Balance-Sanzo-Pedicure-Sok-50-Paar_1-1.png\",\"contentUrl\":\"https:\\\/\\\/districos.standingout.be\\\/wp-content\\\/uploads\\\/2026\\\/04\\\/7074.609@Bio-Balance-Sanzo-Pedicure-Sok-50-Paar_1-1.png\",\"width\":600,\"height\":600},{\"@type\":\"BreadcrumbList\",\"@id\":\"https:\\\/\\\/districos.standingout.be\\\/fr\\\/product\\\/bio-balance-sanzo-pedicure-chausson-50-paires-ref-7074-609\\\/#breadcrumb\",\"itemListElement\":[{\"@type\":\"ListItem\",\"position\":1,\"name\":\"Home\",\"item\":\"https:\\\/\\\/districos.standingout.be\\\/fr\\\/bienvenue-chez-districos\\\/\"},{\"@type\":\"ListItem\",\"position\":2,\"name\":\"Boutique\",\"item\":\"https:\\\/\\\/districos.standingout.be\\\/fr\\\/boutique\\\/\"},{\"@type\":\"ListItem\",\"position\":3,\"name\":\"Bio Balance Sanzo P\u00e9dicure Chausson 50 Paires\"}]},{\"@type\":\"WebSite\",\"@id\":\"https:\\\/\\\/districos.standingout.be\\\/fr\\\/#website\",\"url\":\"https:\\\/\\\/districos.standingout.be\\\/fr\\\/\",\"name\":\"Districos Webshop\",\"description\":\"\",\"publisher\":{\"@id\":\"https:\\\/\\\/districos.standingout.be\\\/fr\\\/#organization\"},\"potentialAction\":[{\"@type\":\"SearchAction\",\"target\":{\"@type\":\"EntryPoint\",\"urlTemplate\":\"https:\\\/\\\/districos.standingout.be\\\/fr\\\/?s={search_term_string}\"},\"query-input\":{\"@type\":\"PropertyValueSpecification\",\"valueRequired\":true,\"valueName\":\"search_term_string\"}}],\"inLanguage\":\"fr-FR\"},{\"@type\":\"Organization\",\"@id\":\"https:\\\/\\\/districos.standingout.be\\\/fr\\\/#organization\",\"name\":\"Districos Webshop\",\"url\":\"https:\\\/\\\/districos.standingout.be\\\/fr\\\/\",\"logo\":{\"@type\":\"ImageObject\",\"inLanguage\":\"fr-FR\",\"@id\":\"https:\\\/\\\/districos.standingout.be\\\/fr\\\/#\\\/schema\\\/logo\\\/image\\\/\",\"url\":\"https:\\\/\\\/districos.standingout.be\\\/wp-content\\\/uploads\\\/2022\\\/09\\\/Districos_Logo_Webshop.svg\",\"contentUrl\":\"https:\\\/\\\/districos.standingout.be\\\/wp-content\\\/uploads\\\/2022\\\/09\\\/Districos_Logo_Webshop.svg\",\"caption\":\"Districos Webshop\"},\"image\":{\"@id\":\"https:\\\/\\\/districos.standingout.be\\\/fr\\\/#\\\/schema\\\/logo\\\/image\\\/\"}}]}<\/script>\n<!-- \/ Yoast SEO plugin. -->","yoast_head_json":{"title":"Bio Balance Sanzo P\u00e9dicure Chausson 50 Paires - Districos Webshop","robots":{"index":"noindex","follow":"follow","max-snippet":"max-snippet:-1","max-image-preview":"max-image-preview:large","max-video-preview":"max-video-preview:-1"},"og_locale":"fr_FR","og_type":"article","og_title":"Bio Balance Sanzo P\u00e9dicure Chausson 50 Paires - Districos Webshop","og_description":"KIT CONTENANT 50 PAIRES DE CHAUSSONS (EXCL. LA LIME \u00c0 ONGLES ET LE B\u00c2TONNET EN BOIS) Bio Balance Sanzo : des chaussons hydratants tout-en-un avec cr\u00e8me soignante ! Technologie cosm\u00e9tique pour un soin professionnel des pieds et des ongles. Simple et rapide pour un rendement maximal. Professionnel et hygi\u00e9nique. Pas besoin d&rsquo;eau. Pas besoin de [&hellip;]","og_url":"https:\/\/districos.standingout.be\/fr\/product\/bio-balance-sanzo-pedicure-chausson-50-paires-ref-7074-609\/","og_site_name":"Districos Webshop","article_modified_time":"2026-04-28T07:55:17+00:00","twitter_card":"summary_large_image","twitter_misc":{"Dur\u00e9e de lecture estim\u00e9e":"1 minute"},"schema":{"@context":"https:\/\/schema.org","@graph":[{"@type":"WebPage","@id":"https:\/\/districos.standingout.be\/fr\/product\/bio-balance-sanzo-pedicure-chausson-50-paires-ref-7074-609\/","url":"https:\/\/districos.standingout.be\/fr\/product\/bio-balance-sanzo-pedicure-chausson-50-paires-ref-7074-609\/","name":"Bio Balance Sanzo P\u00e9dicure Chausson 50 Paires - Districos Webshop","isPartOf":{"@id":"https:\/\/districos.standingout.be\/fr\/#website"},"primaryImageOfPage":{"@id":"https:\/\/districos.standingout.be\/fr\/product\/bio-balance-sanzo-pedicure-chausson-50-paires-ref-7074-609\/#primaryimage"},"image":{"@id":"https:\/\/districos.standingout.be\/fr\/product\/bio-balance-sanzo-pedicure-chausson-50-paires-ref-7074-609\/#primaryimage"},"thumbnailUrl":"https:\/\/districos.standingout.be\/wp-content\/uploads\/2026\/04\/7074.609@Bio-Balance-Sanzo-Pedicure-Sok-50-Paar_1-1.png","datePublished":"2026-04-28T07:55:13+00:00","dateModified":"2026-04-28T07:55:17+00:00","breadcrumb":{"@id":"https:\/\/districos.standingout.be\/fr\/product\/bio-balance-sanzo-pedicure-chausson-50-paires-ref-7074-609\/#breadcrumb"},"inLanguage":"fr-FR","potentialAction":[{"@type":"ReadAction","target":["https:\/\/districos.standingout.be\/fr\/product\/bio-balance-sanzo-pedicure-chausson-50-paires-ref-7074-609\/"]}]},{"@type":"ImageObject","inLanguage":"fr-FR","@id":"https:\/\/districos.standingout.be\/fr\/product\/bio-balance-sanzo-pedicure-chausson-50-paires-ref-7074-609\/#primaryimage","url":"https:\/\/districos.standingout.be\/wp-content\/uploads\/2026\/04\/7074.609@Bio-Balance-Sanzo-Pedicure-Sok-50-Paar_1-1.png","contentUrl":"https:\/\/districos.standingout.be\/wp-content\/uploads\/2026\/04\/7074.609@Bio-Balance-Sanzo-Pedicure-Sok-50-Paar_1-1.png","width":600,"height":600},{"@type":"BreadcrumbList","@id":"https:\/\/districos.standingout.be\/fr\/product\/bio-balance-sanzo-pedicure-chausson-50-paires-ref-7074-609\/#breadcrumb","itemListElement":[{"@type":"ListItem","position":1,"name":"Home","item":"https:\/\/districos.standingout.be\/fr\/bienvenue-chez-districos\/"},{"@type":"ListItem","position":2,"name":"Boutique","item":"https:\/\/districos.standingout.be\/fr\/boutique\/"},{"@type":"ListItem","position":3,"name":"Bio Balance Sanzo P\u00e9dicure Chausson 50 Paires"}]},{"@type":"WebSite","@id":"https:\/\/districos.standingout.be\/fr\/#website","url":"https:\/\/districos.standingout.be\/fr\/","name":"Districos Webshop","description":"","publisher":{"@id":"https:\/\/districos.standingout.be\/fr\/#organization"},"potentialAction":[{"@type":"SearchAction","target":{"@type":"EntryPoint","urlTemplate":"https:\/\/districos.standingout.be\/fr\/?s={search_term_string}"},"query-input":{"@type":"PropertyValueSpecification","valueRequired":true,"valueName":"search_term_string"}}],"inLanguage":"fr-FR"},{"@type":"Organization","@id":"https:\/\/districos.standingout.be\/fr\/#organization","name":"Districos Webshop","url":"https:\/\/districos.standingout.be\/fr\/","logo":{"@type":"ImageObject","inLanguage":"fr-FR","@id":"https:\/\/districos.standingout.be\/fr\/#\/schema\/logo\/image\/","url":"https:\/\/districos.standingout.be\/wp-content\/uploads\/2022\/09\/Districos_Logo_Webshop.svg","contentUrl":"https:\/\/districos.standingout.be\/wp-content\/uploads\/2022\/09\/Districos_Logo_Webshop.svg","caption":"Districos Webshop"},"image":{"@id":"https:\/\/districos.standingout.be\/fr\/#\/schema\/logo\/image\/"}}]}},"_links":{"self":[{"href":"https:\/\/districos.standingout.be\/fr\/wp-json\/wp\/v2\/product\/137189","targetHints":{"allow":["GET"]}}],"collection":[{"href":"https:\/\/districos.standingout.be\/fr\/wp-json\/wp\/v2\/product"}],"about":[{"href":"https:\/\/districos.standingout.be\/fr\/wp-json\/wp\/v2\/types\/product"}],"replies":[{"embeddable":true,"href":"https:\/\/districos.standingout.be\/fr\/wp-json\/wp\/v2\/comments?post=137189"}],"wp:featuredmedia":[{"embeddable":true,"href":"https:\/\/districos.standingout.be\/fr\/wp-json\/wp\/v2\/media\/147514"}],"wp:attachment":[{"href":"https:\/\/districos.standingout.be\/fr\/wp-json\/wp\/v2\/media?parent=137189"}],"wp:term":[{"taxonomy":"product_brand","embeddable":true,"href":"https:\/\/districos.standingout.be\/fr\/wp-json\/wp\/v2\/product_brand?post=137189"},{"taxonomy":"product_cat","embeddable":true,"href":"https:\/\/districos.standingout.be\/fr\/wp-json\/wp\/v2\/product_cat?post=137189"},{"taxonomy":"product_tag","embeddable":true,"href":"https:\/\/districos.standingout.be\/fr\/wp-json\/wp\/v2\/product_tag?post=137189"}],"curies":[{"name":"wp","href":"https:\/\/api.w.org\/{rel}","templated":true}]}}