{"id":137199,"date":"2026-04-28T09:55:38","date_gmt":"2026-04-28T07:55:38","guid":{"rendered":"https:\/\/webshopdistricoscom.webhosting.be\/product\/bio-balance-huile-cuticules-8-ml-ref-7074-622\/"},"modified":"2026-04-28T09:55:41","modified_gmt":"2026-04-28T07:55:41","slug":"bio-balance-huile-cuticules-8-ml-ref-7074-622","status":"publish","type":"product","link":"https:\/\/districos.standingout.be\/fr\/product\/bio-balance-huile-cuticules-8-ml-ref-7074-622\/","title":{"rendered":"Bio Balance Huile Cuticules 8 ml"},"content":{"rendered":"<p >\n<\/p>\n<p dir=\"ltr\">Une huile \u00e0 cuticules \u00e0 l&rsquo;odeur d\u00e9licieuse qui renforce les ongles et qui soigne et hydrate la peau environnante. Sa formule est compos\u00e9e \u00e0 99,5 % d&rsquo;huiles naturelles qui hydratent et adoucissent la peau et qui renforcent les ongles.<\/p>\n<p dir=\"ltr\">\n<ul>\n<li>L&rsquo;utilisation quotidienne de cette huile am\u00e9liore consid\u00e9rablement la sant\u00e9 et la force des ongles.<\/li>\n<li>Emballage : 8 ml.<\/li>\n<li>Vegan.<\/li>\n<\/ul>\n<div><b>Substances actives<\/b><\/div>\n<div>\n<ul>\n<li>L&rsquo;huile d&rsquo;amande douce hydrate, soigne et renforce la peau et les ongles.<\/li>\n<li>L&rsquo;huile d&rsquo;avocat et le beurre de mangue ont des propri\u00e9t\u00e9s hydratantes.<\/li>\n<li>L&rsquo;huile de graines de tournesol a des propri\u00e9t\u00e9s anti-inflammatoires et r\u00e9g\u00e9n\u00e9ratrices.<\/li>\n<\/ul>\n<div><b>Aussi disponible<\/b><\/div>\n<\/div>\n<div>\n<ul>\n<li>Produit de cabine de 30 ml (<u><a href=\"https:\/\/districos.com\/ProductDetail\/7074.621\" target=\"_blank\" rel=\"noopener noreferrer nofollow\">r\u00e9f. 7074.621<\/a><\/u>)<\/li>\n<li>Pr\u00e9sentoir contenant 9 x 8 ml (<u><a href=\"https:\/\/districos.com\/ProductDetail\/7074.623\" target=\"_blank\" rel=\"noopener noreferrer nofollow\">r\u00e9f. 7074.623<\/a><\/u>)<\/li>\n<\/ul>\n<\/div>\n","protected":false},"excerpt":{"rendered":"<p>Une huile \u00e0 cuticules \u00e0 l&rsquo;odeur d\u00e9licieuse qui renforce les ongles et qui soigne et hydrate la peau environnante. Sa formule est compos\u00e9e \u00e0 99,5 % d&rsquo;huiles naturelles qui hydratent et adoucissent la peau et qui renforcent les ongles. L&rsquo;utilisation quotidienne de cette huile am\u00e9liore consid\u00e9rablement la sant\u00e9 et la force des ongles. Emballage : [&hellip;]<\/p>\n","protected":false},"featured_media":147520,"comment_status":"open","ping_status":"closed","template":"","meta":{"_acf_changed":false},"product_brand":[10300],"product_cat":[9904,9908],"product_tag":[],"class_list":{"0":"post-137199","1":"product","2":"type-product","3":"status-publish","4":"has-post-thumbnail","6":"product_brand-bb-hand-fr","7":"product_cat-beaute-manucure-ongles-soins-des-mains-et-des-ongles","8":"product_cat-beaute-manucure-ongles-spa-manucure","10":"first","11":"instock","12":"taxable","13":"shipping-taxable","14":"product-type-simple"},"acf":[],"yoast_head":"<!-- This site is optimized with the Yoast SEO plugin v27.3 - https:\/\/yoast.com\/product\/yoast-seo-wordpress\/ -->\n<title>Bio Balance Huile Cuticules 8 ml - Districos Webshop<\/title>\n<meta name=\"robots\" content=\"noindex, follow, max-snippet:-1, max-image-preview:large, max-video-preview:-1\" \/>\n<meta property=\"og:locale\" content=\"fr_FR\" \/>\n<meta property=\"og:type\" content=\"article\" \/>\n<meta property=\"og:title\" content=\"Bio Balance Huile Cuticules 8 ml - Districos Webshop\" \/>\n<meta property=\"og:description\" content=\"Une huile \u00e0 cuticules \u00e0 l&rsquo;odeur d\u00e9licieuse qui renforce les ongles et qui soigne et hydrate la peau environnante. Sa formule est compos\u00e9e \u00e0 99,5 % d&rsquo;huiles naturelles qui hydratent et adoucissent la peau et qui renforcent les ongles. L&rsquo;utilisation quotidienne de cette huile am\u00e9liore consid\u00e9rablement la sant\u00e9 et la force des ongles. Emballage : [&hellip;]\" \/>\n<meta property=\"og:url\" content=\"https:\/\/districos.standingout.be\/fr\/product\/bio-balance-huile-cuticules-8-ml-ref-7074-622\/\" \/>\n<meta property=\"og:site_name\" content=\"Districos Webshop\" \/>\n<meta property=\"article:modified_time\" content=\"2026-04-28T07:55:41+00:00\" \/>\n<meta name=\"twitter:card\" content=\"summary_large_image\" \/>\n<meta name=\"twitter:label1\" content=\"Dur\u00e9e de lecture estim\u00e9e\" \/>\n\t<meta name=\"twitter:data1\" content=\"1 minute\" \/>\n<script type=\"application\/ld+json\" class=\"yoast-schema-graph\">{\"@context\":\"https:\\\/\\\/schema.org\",\"@graph\":[{\"@type\":\"WebPage\",\"@id\":\"https:\\\/\\\/districos.standingout.be\\\/fr\\\/product\\\/bio-balance-huile-cuticules-8-ml-ref-7074-622\\\/\",\"url\":\"https:\\\/\\\/districos.standingout.be\\\/fr\\\/product\\\/bio-balance-huile-cuticules-8-ml-ref-7074-622\\\/\",\"name\":\"Bio Balance Huile Cuticules 8 ml - Districos Webshop\",\"isPartOf\":{\"@id\":\"https:\\\/\\\/districos.standingout.be\\\/fr\\\/#website\"},\"primaryImageOfPage\":{\"@id\":\"https:\\\/\\\/districos.standingout.be\\\/fr\\\/product\\\/bio-balance-huile-cuticules-8-ml-ref-7074-622\\\/#primaryimage\"},\"image\":{\"@id\":\"https:\\\/\\\/districos.standingout.be\\\/fr\\\/product\\\/bio-balance-huile-cuticules-8-ml-ref-7074-622\\\/#primaryimage\"},\"thumbnailUrl\":\"https:\\\/\\\/districos.standingout.be\\\/wp-content\\\/uploads\\\/2026\\\/04\\\/7074.622@Bio-Balance-Nagelriemolie-8-ml_1-1.png\",\"datePublished\":\"2026-04-28T07:55:38+00:00\",\"dateModified\":\"2026-04-28T07:55:41+00:00\",\"breadcrumb\":{\"@id\":\"https:\\\/\\\/districos.standingout.be\\\/fr\\\/product\\\/bio-balance-huile-cuticules-8-ml-ref-7074-622\\\/#breadcrumb\"},\"inLanguage\":\"fr-FR\",\"potentialAction\":[{\"@type\":\"ReadAction\",\"target\":[\"https:\\\/\\\/districos.standingout.be\\\/fr\\\/product\\\/bio-balance-huile-cuticules-8-ml-ref-7074-622\\\/\"]}]},{\"@type\":\"ImageObject\",\"inLanguage\":\"fr-FR\",\"@id\":\"https:\\\/\\\/districos.standingout.be\\\/fr\\\/product\\\/bio-balance-huile-cuticules-8-ml-ref-7074-622\\\/#primaryimage\",\"url\":\"https:\\\/\\\/districos.standingout.be\\\/wp-content\\\/uploads\\\/2026\\\/04\\\/7074.622@Bio-Balance-Nagelriemolie-8-ml_1-1.png\",\"contentUrl\":\"https:\\\/\\\/districos.standingout.be\\\/wp-content\\\/uploads\\\/2026\\\/04\\\/7074.622@Bio-Balance-Nagelriemolie-8-ml_1-1.png\",\"width\":600,\"height\":600},{\"@type\":\"BreadcrumbList\",\"@id\":\"https:\\\/\\\/districos.standingout.be\\\/fr\\\/product\\\/bio-balance-huile-cuticules-8-ml-ref-7074-622\\\/#breadcrumb\",\"itemListElement\":[{\"@type\":\"ListItem\",\"position\":1,\"name\":\"Home\",\"item\":\"https:\\\/\\\/districos.standingout.be\\\/fr\\\/bienvenue-chez-districos\\\/\"},{\"@type\":\"ListItem\",\"position\":2,\"name\":\"Boutique\",\"item\":\"https:\\\/\\\/districos.standingout.be\\\/fr\\\/boutique\\\/\"},{\"@type\":\"ListItem\",\"position\":3,\"name\":\"Bio Balance Huile Cuticules 8 ml\"}]},{\"@type\":\"WebSite\",\"@id\":\"https:\\\/\\\/districos.standingout.be\\\/fr\\\/#website\",\"url\":\"https:\\\/\\\/districos.standingout.be\\\/fr\\\/\",\"name\":\"Districos Webshop\",\"description\":\"\",\"publisher\":{\"@id\":\"https:\\\/\\\/districos.standingout.be\\\/fr\\\/#organization\"},\"potentialAction\":[{\"@type\":\"SearchAction\",\"target\":{\"@type\":\"EntryPoint\",\"urlTemplate\":\"https:\\\/\\\/districos.standingout.be\\\/fr\\\/?s={search_term_string}\"},\"query-input\":{\"@type\":\"PropertyValueSpecification\",\"valueRequired\":true,\"valueName\":\"search_term_string\"}}],\"inLanguage\":\"fr-FR\"},{\"@type\":\"Organization\",\"@id\":\"https:\\\/\\\/districos.standingout.be\\\/fr\\\/#organization\",\"name\":\"Districos Webshop\",\"url\":\"https:\\\/\\\/districos.standingout.be\\\/fr\\\/\",\"logo\":{\"@type\":\"ImageObject\",\"inLanguage\":\"fr-FR\",\"@id\":\"https:\\\/\\\/districos.standingout.be\\\/fr\\\/#\\\/schema\\\/logo\\\/image\\\/\",\"url\":\"https:\\\/\\\/districos.standingout.be\\\/wp-content\\\/uploads\\\/2022\\\/09\\\/Districos_Logo_Webshop.svg\",\"contentUrl\":\"https:\\\/\\\/districos.standingout.be\\\/wp-content\\\/uploads\\\/2022\\\/09\\\/Districos_Logo_Webshop.svg\",\"caption\":\"Districos Webshop\"},\"image\":{\"@id\":\"https:\\\/\\\/districos.standingout.be\\\/fr\\\/#\\\/schema\\\/logo\\\/image\\\/\"}}]}<\/script>\n<!-- \/ Yoast SEO plugin. -->","yoast_head_json":{"title":"Bio Balance Huile Cuticules 8 ml - Districos Webshop","robots":{"index":"noindex","follow":"follow","max-snippet":"max-snippet:-1","max-image-preview":"max-image-preview:large","max-video-preview":"max-video-preview:-1"},"og_locale":"fr_FR","og_type":"article","og_title":"Bio Balance Huile Cuticules 8 ml - Districos Webshop","og_description":"Une huile \u00e0 cuticules \u00e0 l&rsquo;odeur d\u00e9licieuse qui renforce les ongles et qui soigne et hydrate la peau environnante. Sa formule est compos\u00e9e \u00e0 99,5 % d&rsquo;huiles naturelles qui hydratent et adoucissent la peau et qui renforcent les ongles. L&rsquo;utilisation quotidienne de cette huile am\u00e9liore consid\u00e9rablement la sant\u00e9 et la force des ongles. Emballage : [&hellip;]","og_url":"https:\/\/districos.standingout.be\/fr\/product\/bio-balance-huile-cuticules-8-ml-ref-7074-622\/","og_site_name":"Districos Webshop","article_modified_time":"2026-04-28T07:55:41+00:00","twitter_card":"summary_large_image","twitter_misc":{"Dur\u00e9e de lecture estim\u00e9e":"1 minute"},"schema":{"@context":"https:\/\/schema.org","@graph":[{"@type":"WebPage","@id":"https:\/\/districos.standingout.be\/fr\/product\/bio-balance-huile-cuticules-8-ml-ref-7074-622\/","url":"https:\/\/districos.standingout.be\/fr\/product\/bio-balance-huile-cuticules-8-ml-ref-7074-622\/","name":"Bio Balance Huile Cuticules 8 ml - Districos Webshop","isPartOf":{"@id":"https:\/\/districos.standingout.be\/fr\/#website"},"primaryImageOfPage":{"@id":"https:\/\/districos.standingout.be\/fr\/product\/bio-balance-huile-cuticules-8-ml-ref-7074-622\/#primaryimage"},"image":{"@id":"https:\/\/districos.standingout.be\/fr\/product\/bio-balance-huile-cuticules-8-ml-ref-7074-622\/#primaryimage"},"thumbnailUrl":"https:\/\/districos.standingout.be\/wp-content\/uploads\/2026\/04\/7074.622@Bio-Balance-Nagelriemolie-8-ml_1-1.png","datePublished":"2026-04-28T07:55:38+00:00","dateModified":"2026-04-28T07:55:41+00:00","breadcrumb":{"@id":"https:\/\/districos.standingout.be\/fr\/product\/bio-balance-huile-cuticules-8-ml-ref-7074-622\/#breadcrumb"},"inLanguage":"fr-FR","potentialAction":[{"@type":"ReadAction","target":["https:\/\/districos.standingout.be\/fr\/product\/bio-balance-huile-cuticules-8-ml-ref-7074-622\/"]}]},{"@type":"ImageObject","inLanguage":"fr-FR","@id":"https:\/\/districos.standingout.be\/fr\/product\/bio-balance-huile-cuticules-8-ml-ref-7074-622\/#primaryimage","url":"https:\/\/districos.standingout.be\/wp-content\/uploads\/2026\/04\/7074.622@Bio-Balance-Nagelriemolie-8-ml_1-1.png","contentUrl":"https:\/\/districos.standingout.be\/wp-content\/uploads\/2026\/04\/7074.622@Bio-Balance-Nagelriemolie-8-ml_1-1.png","width":600,"height":600},{"@type":"BreadcrumbList","@id":"https:\/\/districos.standingout.be\/fr\/product\/bio-balance-huile-cuticules-8-ml-ref-7074-622\/#breadcrumb","itemListElement":[{"@type":"ListItem","position":1,"name":"Home","item":"https:\/\/districos.standingout.be\/fr\/bienvenue-chez-districos\/"},{"@type":"ListItem","position":2,"name":"Boutique","item":"https:\/\/districos.standingout.be\/fr\/boutique\/"},{"@type":"ListItem","position":3,"name":"Bio Balance Huile Cuticules 8 ml"}]},{"@type":"WebSite","@id":"https:\/\/districos.standingout.be\/fr\/#website","url":"https:\/\/districos.standingout.be\/fr\/","name":"Districos Webshop","description":"","publisher":{"@id":"https:\/\/districos.standingout.be\/fr\/#organization"},"potentialAction":[{"@type":"SearchAction","target":{"@type":"EntryPoint","urlTemplate":"https:\/\/districos.standingout.be\/fr\/?s={search_term_string}"},"query-input":{"@type":"PropertyValueSpecification","valueRequired":true,"valueName":"search_term_string"}}],"inLanguage":"fr-FR"},{"@type":"Organization","@id":"https:\/\/districos.standingout.be\/fr\/#organization","name":"Districos Webshop","url":"https:\/\/districos.standingout.be\/fr\/","logo":{"@type":"ImageObject","inLanguage":"fr-FR","@id":"https:\/\/districos.standingout.be\/fr\/#\/schema\/logo\/image\/","url":"https:\/\/districos.standingout.be\/wp-content\/uploads\/2022\/09\/Districos_Logo_Webshop.svg","contentUrl":"https:\/\/districos.standingout.be\/wp-content\/uploads\/2022\/09\/Districos_Logo_Webshop.svg","caption":"Districos Webshop"},"image":{"@id":"https:\/\/districos.standingout.be\/fr\/#\/schema\/logo\/image\/"}}]}},"_links":{"self":[{"href":"https:\/\/districos.standingout.be\/fr\/wp-json\/wp\/v2\/product\/137199","targetHints":{"allow":["GET"]}}],"collection":[{"href":"https:\/\/districos.standingout.be\/fr\/wp-json\/wp\/v2\/product"}],"about":[{"href":"https:\/\/districos.standingout.be\/fr\/wp-json\/wp\/v2\/types\/product"}],"replies":[{"embeddable":true,"href":"https:\/\/districos.standingout.be\/fr\/wp-json\/wp\/v2\/comments?post=137199"}],"wp:featuredmedia":[{"embeddable":true,"href":"https:\/\/districos.standingout.be\/fr\/wp-json\/wp\/v2\/media\/147520"}],"wp:attachment":[{"href":"https:\/\/districos.standingout.be\/fr\/wp-json\/wp\/v2\/media?parent=137199"}],"wp:term":[{"taxonomy":"product_brand","embeddable":true,"href":"https:\/\/districos.standingout.be\/fr\/wp-json\/wp\/v2\/product_brand?post=137199"},{"taxonomy":"product_cat","embeddable":true,"href":"https:\/\/districos.standingout.be\/fr\/wp-json\/wp\/v2\/product_cat?post=137199"},{"taxonomy":"product_tag","embeddable":true,"href":"https:\/\/districos.standingout.be\/fr\/wp-json\/wp\/v2\/product_tag?post=137199"}],"curies":[{"name":"wp","href":"https:\/\/api.w.org\/{rel}","templated":true}]}}