{"id":137203,"date":"2026-04-28T09:55:46","date_gmt":"2026-04-28T07:55:46","guid":{"rendered":"https:\/\/webshopdistricoscom.webhosting.be\/product\/bio-balance-cuticle-remover-gel-50-ml-ref-7074-624-2\/"},"modified":"2026-04-28T09:55:49","modified_gmt":"2026-04-28T07:55:49","slug":"bio-balance-cuticle-remover-gel-50-ml-ref-7074-624","status":"publish","type":"product","link":"https:\/\/districos.standingout.be\/fr\/product\/bio-balance-cuticle-remover-gel-50-ml-ref-7074-624\/","title":{"rendered":"Bio Balance Cuticle Remover Gel 50 ml"},"content":{"rendered":"<p >\n<p>Le Cuticle Remover Gel adoucit les cuticules afin de les repousser plus facilement et moins douloureusement. Gr\u00e2ce au tube pratique dot\u00e9 d&rsquo;un embout fin, le gel peut \u00eatre appliqu\u00e9 de mani\u00e8re pr\u00e9cise et nette. La formule, qui est douce pour la peau et les ongles, a \u00e9t\u00e9 enrichie en acide salicylique (2 %) et en divers acides de fruits qui ramollissent la couche corn\u00e9e de la peau afin de pouvoir enlever les cuticules. La peau est plus lisse et semble plus uniforme.<\/p>\n<ul>\n<li>Ingr\u00e9dients actifs : acide salicylique, aloe vera, preBIULIN, acides de fruits.<\/li>\n<li>Emballage : 50 ml.<\/li>\n<li>Vegan.<\/li>\n<\/ul>\n<div><b>Substances actives<\/b><\/div>\n<div>\n<ul>\n<li>L&rsquo;aloe vera (1 %) hydrate la peau et apaise d&rsquo;\u00e9ventuelles irritations.<\/li>\n<li>Le preBIULIN (1,4 %) est un pr\u00e9biotique qui forme un film microbiotique protecteur sur la couche corn\u00e9e de la peau. Ainsi, la peau et les ongles sont \u00e0 nouveau prot\u00e9g\u00e9s contre les bact\u00e9ries et les micro-organismes nuisibles.<\/li>\n<\/ul>\n<div><b>Mode d&#8217;emploi<\/b><\/div>\n<\/div>\n<div>\n<ul>\n<li>Appliquez une couche de Cuticle Remover Gel sur les cuticules.<\/li>\n<li>Laissez poser 2 minutes et repoussez doucement les cuticules.<\/li>\n<li>Enlevez avec de l&rsquo;eau ou un nettoyant \u00e0 ongles.<\/li>\n<\/ul>\n<\/div>\n","protected":false},"excerpt":{"rendered":"<p>Le Cuticle Remover Gel adoucit les cuticules afin de les repousser plus facilement et moins douloureusement. Gr\u00e2ce au tube pratique dot\u00e9 d&rsquo;un embout fin, le gel peut \u00eatre appliqu\u00e9 de mani\u00e8re pr\u00e9cise et nette. La formule, qui est douce pour la peau et les ongles, a \u00e9t\u00e9 enrichie en acide salicylique (2 %) et en [&hellip;]<\/p>\n","protected":false},"featured_media":147523,"comment_status":"open","ping_status":"closed","template":"","meta":{"_acf_changed":false},"product_brand":[10300],"product_cat":[9904,9908],"product_tag":[],"class_list":{"0":"post-137203","1":"product","2":"type-product","3":"status-publish","4":"has-post-thumbnail","6":"product_brand-bb-hand-fr","7":"product_cat-beaute-manucure-ongles-soins-des-mains-et-des-ongles","8":"product_cat-beaute-manucure-ongles-spa-manucure","10":"first","11":"instock","12":"taxable","13":"shipping-taxable","14":"product-type-simple"},"acf":[],"yoast_head":"<!-- This site is optimized with the Yoast SEO plugin v27.3 - https:\/\/yoast.com\/product\/yoast-seo-wordpress\/ -->\n<title>Bio Balance Cuticle Remover Gel 50 ml - Districos Webshop<\/title>\n<meta name=\"robots\" content=\"noindex, follow, max-snippet:-1, max-image-preview:large, max-video-preview:-1\" \/>\n<meta property=\"og:locale\" content=\"fr_FR\" \/>\n<meta property=\"og:type\" content=\"article\" \/>\n<meta property=\"og:title\" content=\"Bio Balance Cuticle Remover Gel 50 ml - Districos Webshop\" \/>\n<meta property=\"og:description\" content=\"Le Cuticle Remover Gel adoucit les cuticules afin de les repousser plus facilement et moins douloureusement. Gr\u00e2ce au tube pratique dot\u00e9 d&rsquo;un embout fin, le gel peut \u00eatre appliqu\u00e9 de mani\u00e8re pr\u00e9cise et nette. La formule, qui est douce pour la peau et les ongles, a \u00e9t\u00e9 enrichie en acide salicylique (2 %) et en [&hellip;]\" \/>\n<meta property=\"og:url\" content=\"https:\/\/districos.standingout.be\/fr\/product\/bio-balance-cuticle-remover-gel-50-ml-ref-7074-624\/\" \/>\n<meta property=\"og:site_name\" content=\"Districos Webshop\" \/>\n<meta property=\"article:modified_time\" content=\"2026-04-28T07:55:49+00:00\" \/>\n<meta name=\"twitter:card\" content=\"summary_large_image\" \/>\n<meta name=\"twitter:label1\" content=\"Dur\u00e9e de lecture estim\u00e9e\" \/>\n\t<meta name=\"twitter:data1\" content=\"1 minute\" \/>\n<script type=\"application\/ld+json\" class=\"yoast-schema-graph\">{\"@context\":\"https:\\\/\\\/schema.org\",\"@graph\":[{\"@type\":\"WebPage\",\"@id\":\"https:\\\/\\\/districos.standingout.be\\\/fr\\\/product\\\/bio-balance-cuticle-remover-gel-50-ml-ref-7074-624\\\/\",\"url\":\"https:\\\/\\\/districos.standingout.be\\\/fr\\\/product\\\/bio-balance-cuticle-remover-gel-50-ml-ref-7074-624\\\/\",\"name\":\"Bio Balance Cuticle Remover Gel 50 ml - Districos Webshop\",\"isPartOf\":{\"@id\":\"https:\\\/\\\/districos.standingout.be\\\/fr\\\/#website\"},\"primaryImageOfPage\":{\"@id\":\"https:\\\/\\\/districos.standingout.be\\\/fr\\\/product\\\/bio-balance-cuticle-remover-gel-50-ml-ref-7074-624\\\/#primaryimage\"},\"image\":{\"@id\":\"https:\\\/\\\/districos.standingout.be\\\/fr\\\/product\\\/bio-balance-cuticle-remover-gel-50-ml-ref-7074-624\\\/#primaryimage\"},\"thumbnailUrl\":\"https:\\\/\\\/districos.standingout.be\\\/wp-content\\\/uploads\\\/2026\\\/04\\\/7074.624@Bio-Balance-Cuticle-Remover-Gel-50-ml_1-1.png\",\"datePublished\":\"2026-04-28T07:55:46+00:00\",\"dateModified\":\"2026-04-28T07:55:49+00:00\",\"breadcrumb\":{\"@id\":\"https:\\\/\\\/districos.standingout.be\\\/fr\\\/product\\\/bio-balance-cuticle-remover-gel-50-ml-ref-7074-624\\\/#breadcrumb\"},\"inLanguage\":\"fr-FR\",\"potentialAction\":[{\"@type\":\"ReadAction\",\"target\":[\"https:\\\/\\\/districos.standingout.be\\\/fr\\\/product\\\/bio-balance-cuticle-remover-gel-50-ml-ref-7074-624\\\/\"]}]},{\"@type\":\"ImageObject\",\"inLanguage\":\"fr-FR\",\"@id\":\"https:\\\/\\\/districos.standingout.be\\\/fr\\\/product\\\/bio-balance-cuticle-remover-gel-50-ml-ref-7074-624\\\/#primaryimage\",\"url\":\"https:\\\/\\\/districos.standingout.be\\\/wp-content\\\/uploads\\\/2026\\\/04\\\/7074.624@Bio-Balance-Cuticle-Remover-Gel-50-ml_1-1.png\",\"contentUrl\":\"https:\\\/\\\/districos.standingout.be\\\/wp-content\\\/uploads\\\/2026\\\/04\\\/7074.624@Bio-Balance-Cuticle-Remover-Gel-50-ml_1-1.png\",\"width\":600,\"height\":600},{\"@type\":\"BreadcrumbList\",\"@id\":\"https:\\\/\\\/districos.standingout.be\\\/fr\\\/product\\\/bio-balance-cuticle-remover-gel-50-ml-ref-7074-624\\\/#breadcrumb\",\"itemListElement\":[{\"@type\":\"ListItem\",\"position\":1,\"name\":\"Home\",\"item\":\"https:\\\/\\\/districos.standingout.be\\\/fr\\\/bienvenue-chez-districos\\\/\"},{\"@type\":\"ListItem\",\"position\":2,\"name\":\"Boutique\",\"item\":\"https:\\\/\\\/districos.standingout.be\\\/fr\\\/boutique\\\/\"},{\"@type\":\"ListItem\",\"position\":3,\"name\":\"Bio Balance Cuticle Remover Gel 50 ml\"}]},{\"@type\":\"WebSite\",\"@id\":\"https:\\\/\\\/districos.standingout.be\\\/fr\\\/#website\",\"url\":\"https:\\\/\\\/districos.standingout.be\\\/fr\\\/\",\"name\":\"Districos Webshop\",\"description\":\"\",\"publisher\":{\"@id\":\"https:\\\/\\\/districos.standingout.be\\\/fr\\\/#organization\"},\"potentialAction\":[{\"@type\":\"SearchAction\",\"target\":{\"@type\":\"EntryPoint\",\"urlTemplate\":\"https:\\\/\\\/districos.standingout.be\\\/fr\\\/?s={search_term_string}\"},\"query-input\":{\"@type\":\"PropertyValueSpecification\",\"valueRequired\":true,\"valueName\":\"search_term_string\"}}],\"inLanguage\":\"fr-FR\"},{\"@type\":\"Organization\",\"@id\":\"https:\\\/\\\/districos.standingout.be\\\/fr\\\/#organization\",\"name\":\"Districos Webshop\",\"url\":\"https:\\\/\\\/districos.standingout.be\\\/fr\\\/\",\"logo\":{\"@type\":\"ImageObject\",\"inLanguage\":\"fr-FR\",\"@id\":\"https:\\\/\\\/districos.standingout.be\\\/fr\\\/#\\\/schema\\\/logo\\\/image\\\/\",\"url\":\"https:\\\/\\\/districos.standingout.be\\\/wp-content\\\/uploads\\\/2022\\\/09\\\/Districos_Logo_Webshop.svg\",\"contentUrl\":\"https:\\\/\\\/districos.standingout.be\\\/wp-content\\\/uploads\\\/2022\\\/09\\\/Districos_Logo_Webshop.svg\",\"caption\":\"Districos Webshop\"},\"image\":{\"@id\":\"https:\\\/\\\/districos.standingout.be\\\/fr\\\/#\\\/schema\\\/logo\\\/image\\\/\"}}]}<\/script>\n<!-- \/ Yoast SEO plugin. -->","yoast_head_json":{"title":"Bio Balance Cuticle Remover Gel 50 ml - Districos Webshop","robots":{"index":"noindex","follow":"follow","max-snippet":"max-snippet:-1","max-image-preview":"max-image-preview:large","max-video-preview":"max-video-preview:-1"},"og_locale":"fr_FR","og_type":"article","og_title":"Bio Balance Cuticle Remover Gel 50 ml - Districos Webshop","og_description":"Le Cuticle Remover Gel adoucit les cuticules afin de les repousser plus facilement et moins douloureusement. Gr\u00e2ce au tube pratique dot\u00e9 d&rsquo;un embout fin, le gel peut \u00eatre appliqu\u00e9 de mani\u00e8re pr\u00e9cise et nette. La formule, qui est douce pour la peau et les ongles, a \u00e9t\u00e9 enrichie en acide salicylique (2 %) et en [&hellip;]","og_url":"https:\/\/districos.standingout.be\/fr\/product\/bio-balance-cuticle-remover-gel-50-ml-ref-7074-624\/","og_site_name":"Districos Webshop","article_modified_time":"2026-04-28T07:55:49+00:00","twitter_card":"summary_large_image","twitter_misc":{"Dur\u00e9e de lecture estim\u00e9e":"1 minute"},"schema":{"@context":"https:\/\/schema.org","@graph":[{"@type":"WebPage","@id":"https:\/\/districos.standingout.be\/fr\/product\/bio-balance-cuticle-remover-gel-50-ml-ref-7074-624\/","url":"https:\/\/districos.standingout.be\/fr\/product\/bio-balance-cuticle-remover-gel-50-ml-ref-7074-624\/","name":"Bio Balance Cuticle Remover Gel 50 ml - Districos Webshop","isPartOf":{"@id":"https:\/\/districos.standingout.be\/fr\/#website"},"primaryImageOfPage":{"@id":"https:\/\/districos.standingout.be\/fr\/product\/bio-balance-cuticle-remover-gel-50-ml-ref-7074-624\/#primaryimage"},"image":{"@id":"https:\/\/districos.standingout.be\/fr\/product\/bio-balance-cuticle-remover-gel-50-ml-ref-7074-624\/#primaryimage"},"thumbnailUrl":"https:\/\/districos.standingout.be\/wp-content\/uploads\/2026\/04\/7074.624@Bio-Balance-Cuticle-Remover-Gel-50-ml_1-1.png","datePublished":"2026-04-28T07:55:46+00:00","dateModified":"2026-04-28T07:55:49+00:00","breadcrumb":{"@id":"https:\/\/districos.standingout.be\/fr\/product\/bio-balance-cuticle-remover-gel-50-ml-ref-7074-624\/#breadcrumb"},"inLanguage":"fr-FR","potentialAction":[{"@type":"ReadAction","target":["https:\/\/districos.standingout.be\/fr\/product\/bio-balance-cuticle-remover-gel-50-ml-ref-7074-624\/"]}]},{"@type":"ImageObject","inLanguage":"fr-FR","@id":"https:\/\/districos.standingout.be\/fr\/product\/bio-balance-cuticle-remover-gel-50-ml-ref-7074-624\/#primaryimage","url":"https:\/\/districos.standingout.be\/wp-content\/uploads\/2026\/04\/7074.624@Bio-Balance-Cuticle-Remover-Gel-50-ml_1-1.png","contentUrl":"https:\/\/districos.standingout.be\/wp-content\/uploads\/2026\/04\/7074.624@Bio-Balance-Cuticle-Remover-Gel-50-ml_1-1.png","width":600,"height":600},{"@type":"BreadcrumbList","@id":"https:\/\/districos.standingout.be\/fr\/product\/bio-balance-cuticle-remover-gel-50-ml-ref-7074-624\/#breadcrumb","itemListElement":[{"@type":"ListItem","position":1,"name":"Home","item":"https:\/\/districos.standingout.be\/fr\/bienvenue-chez-districos\/"},{"@type":"ListItem","position":2,"name":"Boutique","item":"https:\/\/districos.standingout.be\/fr\/boutique\/"},{"@type":"ListItem","position":3,"name":"Bio Balance Cuticle Remover Gel 50 ml"}]},{"@type":"WebSite","@id":"https:\/\/districos.standingout.be\/fr\/#website","url":"https:\/\/districos.standingout.be\/fr\/","name":"Districos Webshop","description":"","publisher":{"@id":"https:\/\/districos.standingout.be\/fr\/#organization"},"potentialAction":[{"@type":"SearchAction","target":{"@type":"EntryPoint","urlTemplate":"https:\/\/districos.standingout.be\/fr\/?s={search_term_string}"},"query-input":{"@type":"PropertyValueSpecification","valueRequired":true,"valueName":"search_term_string"}}],"inLanguage":"fr-FR"},{"@type":"Organization","@id":"https:\/\/districos.standingout.be\/fr\/#organization","name":"Districos Webshop","url":"https:\/\/districos.standingout.be\/fr\/","logo":{"@type":"ImageObject","inLanguage":"fr-FR","@id":"https:\/\/districos.standingout.be\/fr\/#\/schema\/logo\/image\/","url":"https:\/\/districos.standingout.be\/wp-content\/uploads\/2022\/09\/Districos_Logo_Webshop.svg","contentUrl":"https:\/\/districos.standingout.be\/wp-content\/uploads\/2022\/09\/Districos_Logo_Webshop.svg","caption":"Districos Webshop"},"image":{"@id":"https:\/\/districos.standingout.be\/fr\/#\/schema\/logo\/image\/"}}]}},"_links":{"self":[{"href":"https:\/\/districos.standingout.be\/fr\/wp-json\/wp\/v2\/product\/137203","targetHints":{"allow":["GET"]}}],"collection":[{"href":"https:\/\/districos.standingout.be\/fr\/wp-json\/wp\/v2\/product"}],"about":[{"href":"https:\/\/districos.standingout.be\/fr\/wp-json\/wp\/v2\/types\/product"}],"replies":[{"embeddable":true,"href":"https:\/\/districos.standingout.be\/fr\/wp-json\/wp\/v2\/comments?post=137203"}],"wp:featuredmedia":[{"embeddable":true,"href":"https:\/\/districos.standingout.be\/fr\/wp-json\/wp\/v2\/media\/147523"}],"wp:attachment":[{"href":"https:\/\/districos.standingout.be\/fr\/wp-json\/wp\/v2\/media?parent=137203"}],"wp:term":[{"taxonomy":"product_brand","embeddable":true,"href":"https:\/\/districos.standingout.be\/fr\/wp-json\/wp\/v2\/product_brand?post=137203"},{"taxonomy":"product_cat","embeddable":true,"href":"https:\/\/districos.standingout.be\/fr\/wp-json\/wp\/v2\/product_cat?post=137203"},{"taxonomy":"product_tag","embeddable":true,"href":"https:\/\/districos.standingout.be\/fr\/wp-json\/wp\/v2\/product_tag?post=137203"}],"curies":[{"name":"wp","href":"https:\/\/api.w.org\/{rel}","templated":true}]}}