{"id":137215,"date":"2026-04-28T09:56:18","date_gmt":"2026-04-28T07:56:18","guid":{"rendered":"https:\/\/webshopdistricoscom.webhosting.be\/product\/bio-balance-creme-pieds-avocado-500-ml-ref-7075-003\/"},"modified":"2026-04-28T09:56:25","modified_gmt":"2026-04-28T07:56:25","slug":"bio-balance-creme-pieds-avocado-500-ml-ref-7075-003","status":"publish","type":"product","link":"https:\/\/districos.standingout.be\/fr\/product\/bio-balance-creme-pieds-avocado-500-ml-ref-7075-003\/","title":{"rendered":"Bio Balance Cr\u00e8me Pieds Avocado 500 ml"},"content":{"rendered":"<p >\n<\/p>\n<p dir=\"ltr\"><b>Cr\u00e8me pieds pour les peaux s\u00e8ches \u00e0 rugueuses<\/b><\/p>\n<p dir=\"ltr\">Cr\u00e8me pour les pieds \u00e0 base d&rsquo;huile d&rsquo;avocat riche en vitamines pour une hydratation quotidienne des pieds et des jambes. Elle contient une haute concentration d\u2019ur\u00e9e et d&rsquo;acides amin\u00e9es, une formule unique d\u2019ingr\u00e9dients hydratants qui se trouvent dans la couche corn\u00e9e de la peau. En plus d\u2019une hydratation intense, l\u2019ur\u00e9e stimule \u00e9galement la d\u00e9composition des cellules cutan\u00e9es mortes ce qui diminue la formation de callosit\u00e9s. L&rsquo;acide hyaluronique et l&rsquo;huile d&rsquo;avocat augmentent la production de collag\u00e8ne pour une peau souple et douce. La cr\u00e8me est tr\u00e8s vite absorb\u00e9e par la peau ce qui permet au client d&rsquo;enfiler les chaussures tout de suite apr\u00e8s l&rsquo;application. <\/p>\n<ul>\n<li>Emballage : 500 ml.<\/li>\n<\/ul>\n<div><b>Aussi disponible<\/b><\/div>\n<div>\n<div>\n<ul>\n<li>Flacon de 200 ml (<u><a href=\"https:\/\/districos.com\/ProductDetail\/7075.002\" target=\"_blank\" rel=\"noopener noreferrer nofollow\">r\u00e9f. 7075.002<\/a><\/u>)<\/li>\n<li>Petit flacon de 75 ml (<u><a href=\"https:\/\/districos.com\/ProductDetail\/7075.001\" target=\"_blank\" rel=\"noopener noreferrer nofollow\">r\u00e9f. 7075.001<\/a><\/u>)<\/li>\n<li>Emballage de voyage de 30 ml (<u><a href=\"https:\/\/districos.com\/ProductDetail\/7075.004\" target=\"_blank\" rel=\"noopener noreferrer nofollow\">r\u00e9f. 7075.004<\/a><\/u>)<\/li>\n<li>\u00c9chantillon de 5 ml (<u><a href=\"https:\/\/districos.com\/ProductDetail\/7075.981\" target=\"_blank\" rel=\"noopener noreferrer nofollow\">r\u00e9f. 7075.981<\/a><\/u>)<\/li>\n<li>Pr\u00e9sentoir contenant 8 tubes de 75 ml (<u><a href=\"https:\/\/districos.com\/ProductDetail\/7075.005\" target=\"_blank\" rel=\"noopener noreferrer nofollow\">r\u00e9f. 7075.005<\/a><\/u>)<\/li>\n<\/ul>\n<\/div>\n<\/div>\n","protected":false},"excerpt":{"rendered":"<p>Cr\u00e8me pieds pour les peaux s\u00e8ches \u00e0 rugueuses Cr\u00e8me pour les pieds \u00e0 base d&rsquo;huile d&rsquo;avocat riche en vitamines pour une hydratation quotidienne des pieds et des jambes. Elle contient une haute concentration d\u2019ur\u00e9e et d&rsquo;acides amin\u00e9es, une formule unique d\u2019ingr\u00e9dients hydratants qui se trouvent dans la couche corn\u00e9e de la peau. En plus d\u2019une [&hellip;]<\/p>\n","protected":false},"featured_media":78155,"comment_status":"open","ping_status":"closed","template":"","meta":{"_acf_changed":false},"product_brand":[10306],"product_cat":[10082,10078,9946],"product_tag":[],"class_list":{"0":"post-137215","1":"product","2":"type-product","3":"status-publish","4":"has-post-thumbnail","6":"product_brand-bb-voet-fr","7":"product_cat-soins-des-pieds-podologie-produits-de-soin-bio-balance-feet","8":"product_cat-soins-des-pieds-podologie-produits-de-soin-cremes-lotions","9":"product_cat-beaute-pedicure-produits-de-soin","11":"first","12":"instock","13":"taxable","14":"shipping-taxable","15":"product-type-simple"},"acf":[],"yoast_head":"<!-- This site is optimized with the Yoast SEO plugin v27.3 - https:\/\/yoast.com\/product\/yoast-seo-wordpress\/ -->\n<title>Bio Balance Cr\u00e8me Pieds Avocado 500 ml - Districos Webshop<\/title>\n<meta name=\"robots\" content=\"noindex, follow, max-snippet:-1, max-image-preview:large, max-video-preview:-1\" \/>\n<meta property=\"og:locale\" content=\"fr_FR\" \/>\n<meta property=\"og:type\" content=\"article\" \/>\n<meta property=\"og:title\" content=\"Bio Balance Cr\u00e8me Pieds Avocado 500 ml - Districos Webshop\" \/>\n<meta property=\"og:description\" content=\"Cr\u00e8me pieds pour les peaux s\u00e8ches \u00e0 rugueuses Cr\u00e8me pour les pieds \u00e0 base d&rsquo;huile d&rsquo;avocat riche en vitamines pour une hydratation quotidienne des pieds et des jambes. Elle contient une haute concentration d\u2019ur\u00e9e et d&rsquo;acides amin\u00e9es, une formule unique d\u2019ingr\u00e9dients hydratants qui se trouvent dans la couche corn\u00e9e de la peau. En plus d\u2019une [&hellip;]\" \/>\n<meta property=\"og:url\" content=\"https:\/\/districos.standingout.be\/fr\/product\/bio-balance-creme-pieds-avocado-500-ml-ref-7075-003\/\" \/>\n<meta property=\"og:site_name\" content=\"Districos Webshop\" \/>\n<meta property=\"article:modified_time\" content=\"2026-04-28T07:56:25+00:00\" \/>\n<meta name=\"twitter:card\" content=\"summary_large_image\" \/>\n<meta name=\"twitter:label1\" content=\"Dur\u00e9e de lecture estim\u00e9e\" \/>\n\t<meta name=\"twitter:data1\" content=\"1 minute\" \/>\n<script type=\"application\/ld+json\" class=\"yoast-schema-graph\">{\"@context\":\"https:\\\/\\\/schema.org\",\"@graph\":[{\"@type\":\"WebPage\",\"@id\":\"https:\\\/\\\/districos.standingout.be\\\/fr\\\/product\\\/bio-balance-creme-pieds-avocado-500-ml-ref-7075-003\\\/\",\"url\":\"https:\\\/\\\/districos.standingout.be\\\/fr\\\/product\\\/bio-balance-creme-pieds-avocado-500-ml-ref-7075-003\\\/\",\"name\":\"Bio Balance Cr\u00e8me Pieds Avocado 500 ml - Districos Webshop\",\"isPartOf\":{\"@id\":\"https:\\\/\\\/districos.standingout.be\\\/fr\\\/#website\"},\"primaryImageOfPage\":{\"@id\":\"https:\\\/\\\/districos.standingout.be\\\/fr\\\/product\\\/bio-balance-creme-pieds-avocado-500-ml-ref-7075-003\\\/#primaryimage\"},\"image\":{\"@id\":\"https:\\\/\\\/districos.standingout.be\\\/fr\\\/product\\\/bio-balance-creme-pieds-avocado-500-ml-ref-7075-003\\\/#primaryimage\"},\"thumbnailUrl\":\"https:\\\/\\\/districos.standingout.be\\\/wp-content\\\/uploads\\\/2025\\\/07\\\/7075.003@LowRes_1_0.png\",\"datePublished\":\"2026-04-28T07:56:18+00:00\",\"dateModified\":\"2026-04-28T07:56:25+00:00\",\"breadcrumb\":{\"@id\":\"https:\\\/\\\/districos.standingout.be\\\/fr\\\/product\\\/bio-balance-creme-pieds-avocado-500-ml-ref-7075-003\\\/#breadcrumb\"},\"inLanguage\":\"fr-FR\",\"potentialAction\":[{\"@type\":\"ReadAction\",\"target\":[\"https:\\\/\\\/districos.standingout.be\\\/fr\\\/product\\\/bio-balance-creme-pieds-avocado-500-ml-ref-7075-003\\\/\"]}]},{\"@type\":\"ImageObject\",\"inLanguage\":\"fr-FR\",\"@id\":\"https:\\\/\\\/districos.standingout.be\\\/fr\\\/product\\\/bio-balance-creme-pieds-avocado-500-ml-ref-7075-003\\\/#primaryimage\",\"url\":\"https:\\\/\\\/districos.standingout.be\\\/wp-content\\\/uploads\\\/2025\\\/07\\\/7075.003@LowRes_1_0.png\",\"contentUrl\":\"https:\\\/\\\/districos.standingout.be\\\/wp-content\\\/uploads\\\/2025\\\/07\\\/7075.003@LowRes_1_0.png\",\"width\":600,\"height\":600},{\"@type\":\"BreadcrumbList\",\"@id\":\"https:\\\/\\\/districos.standingout.be\\\/fr\\\/product\\\/bio-balance-creme-pieds-avocado-500-ml-ref-7075-003\\\/#breadcrumb\",\"itemListElement\":[{\"@type\":\"ListItem\",\"position\":1,\"name\":\"Home\",\"item\":\"https:\\\/\\\/districos.standingout.be\\\/fr\\\/bienvenue-chez-districos\\\/\"},{\"@type\":\"ListItem\",\"position\":2,\"name\":\"Boutique\",\"item\":\"https:\\\/\\\/districos.standingout.be\\\/fr\\\/boutique\\\/\"},{\"@type\":\"ListItem\",\"position\":3,\"name\":\"Bio Balance Cr\u00e8me Pieds Avocado 500 ml\"}]},{\"@type\":\"WebSite\",\"@id\":\"https:\\\/\\\/districos.standingout.be\\\/fr\\\/#website\",\"url\":\"https:\\\/\\\/districos.standingout.be\\\/fr\\\/\",\"name\":\"Districos Webshop\",\"description\":\"\",\"publisher\":{\"@id\":\"https:\\\/\\\/districos.standingout.be\\\/fr\\\/#organization\"},\"potentialAction\":[{\"@type\":\"SearchAction\",\"target\":{\"@type\":\"EntryPoint\",\"urlTemplate\":\"https:\\\/\\\/districos.standingout.be\\\/fr\\\/?s={search_term_string}\"},\"query-input\":{\"@type\":\"PropertyValueSpecification\",\"valueRequired\":true,\"valueName\":\"search_term_string\"}}],\"inLanguage\":\"fr-FR\"},{\"@type\":\"Organization\",\"@id\":\"https:\\\/\\\/districos.standingout.be\\\/fr\\\/#organization\",\"name\":\"Districos Webshop\",\"url\":\"https:\\\/\\\/districos.standingout.be\\\/fr\\\/\",\"logo\":{\"@type\":\"ImageObject\",\"inLanguage\":\"fr-FR\",\"@id\":\"https:\\\/\\\/districos.standingout.be\\\/fr\\\/#\\\/schema\\\/logo\\\/image\\\/\",\"url\":\"https:\\\/\\\/districos.standingout.be\\\/wp-content\\\/uploads\\\/2022\\\/09\\\/Districos_Logo_Webshop.svg\",\"contentUrl\":\"https:\\\/\\\/districos.standingout.be\\\/wp-content\\\/uploads\\\/2022\\\/09\\\/Districos_Logo_Webshop.svg\",\"caption\":\"Districos Webshop\"},\"image\":{\"@id\":\"https:\\\/\\\/districos.standingout.be\\\/fr\\\/#\\\/schema\\\/logo\\\/image\\\/\"}}]}<\/script>\n<!-- \/ Yoast SEO plugin. -->","yoast_head_json":{"title":"Bio Balance Cr\u00e8me Pieds Avocado 500 ml - Districos Webshop","robots":{"index":"noindex","follow":"follow","max-snippet":"max-snippet:-1","max-image-preview":"max-image-preview:large","max-video-preview":"max-video-preview:-1"},"og_locale":"fr_FR","og_type":"article","og_title":"Bio Balance Cr\u00e8me Pieds Avocado 500 ml - Districos Webshop","og_description":"Cr\u00e8me pieds pour les peaux s\u00e8ches \u00e0 rugueuses Cr\u00e8me pour les pieds \u00e0 base d&rsquo;huile d&rsquo;avocat riche en vitamines pour une hydratation quotidienne des pieds et des jambes. Elle contient une haute concentration d\u2019ur\u00e9e et d&rsquo;acides amin\u00e9es, une formule unique d\u2019ingr\u00e9dients hydratants qui se trouvent dans la couche corn\u00e9e de la peau. En plus d\u2019une [&hellip;]","og_url":"https:\/\/districos.standingout.be\/fr\/product\/bio-balance-creme-pieds-avocado-500-ml-ref-7075-003\/","og_site_name":"Districos Webshop","article_modified_time":"2026-04-28T07:56:25+00:00","twitter_card":"summary_large_image","twitter_misc":{"Dur\u00e9e de lecture estim\u00e9e":"1 minute"},"schema":{"@context":"https:\/\/schema.org","@graph":[{"@type":"WebPage","@id":"https:\/\/districos.standingout.be\/fr\/product\/bio-balance-creme-pieds-avocado-500-ml-ref-7075-003\/","url":"https:\/\/districos.standingout.be\/fr\/product\/bio-balance-creme-pieds-avocado-500-ml-ref-7075-003\/","name":"Bio Balance Cr\u00e8me Pieds Avocado 500 ml - Districos Webshop","isPartOf":{"@id":"https:\/\/districos.standingout.be\/fr\/#website"},"primaryImageOfPage":{"@id":"https:\/\/districos.standingout.be\/fr\/product\/bio-balance-creme-pieds-avocado-500-ml-ref-7075-003\/#primaryimage"},"image":{"@id":"https:\/\/districos.standingout.be\/fr\/product\/bio-balance-creme-pieds-avocado-500-ml-ref-7075-003\/#primaryimage"},"thumbnailUrl":"https:\/\/districos.standingout.be\/wp-content\/uploads\/2025\/07\/7075.003@LowRes_1_0.png","datePublished":"2026-04-28T07:56:18+00:00","dateModified":"2026-04-28T07:56:25+00:00","breadcrumb":{"@id":"https:\/\/districos.standingout.be\/fr\/product\/bio-balance-creme-pieds-avocado-500-ml-ref-7075-003\/#breadcrumb"},"inLanguage":"fr-FR","potentialAction":[{"@type":"ReadAction","target":["https:\/\/districos.standingout.be\/fr\/product\/bio-balance-creme-pieds-avocado-500-ml-ref-7075-003\/"]}]},{"@type":"ImageObject","inLanguage":"fr-FR","@id":"https:\/\/districos.standingout.be\/fr\/product\/bio-balance-creme-pieds-avocado-500-ml-ref-7075-003\/#primaryimage","url":"https:\/\/districos.standingout.be\/wp-content\/uploads\/2025\/07\/7075.003@LowRes_1_0.png","contentUrl":"https:\/\/districos.standingout.be\/wp-content\/uploads\/2025\/07\/7075.003@LowRes_1_0.png","width":600,"height":600},{"@type":"BreadcrumbList","@id":"https:\/\/districos.standingout.be\/fr\/product\/bio-balance-creme-pieds-avocado-500-ml-ref-7075-003\/#breadcrumb","itemListElement":[{"@type":"ListItem","position":1,"name":"Home","item":"https:\/\/districos.standingout.be\/fr\/bienvenue-chez-districos\/"},{"@type":"ListItem","position":2,"name":"Boutique","item":"https:\/\/districos.standingout.be\/fr\/boutique\/"},{"@type":"ListItem","position":3,"name":"Bio Balance Cr\u00e8me Pieds Avocado 500 ml"}]},{"@type":"WebSite","@id":"https:\/\/districos.standingout.be\/fr\/#website","url":"https:\/\/districos.standingout.be\/fr\/","name":"Districos Webshop","description":"","publisher":{"@id":"https:\/\/districos.standingout.be\/fr\/#organization"},"potentialAction":[{"@type":"SearchAction","target":{"@type":"EntryPoint","urlTemplate":"https:\/\/districos.standingout.be\/fr\/?s={search_term_string}"},"query-input":{"@type":"PropertyValueSpecification","valueRequired":true,"valueName":"search_term_string"}}],"inLanguage":"fr-FR"},{"@type":"Organization","@id":"https:\/\/districos.standingout.be\/fr\/#organization","name":"Districos Webshop","url":"https:\/\/districos.standingout.be\/fr\/","logo":{"@type":"ImageObject","inLanguage":"fr-FR","@id":"https:\/\/districos.standingout.be\/fr\/#\/schema\/logo\/image\/","url":"https:\/\/districos.standingout.be\/wp-content\/uploads\/2022\/09\/Districos_Logo_Webshop.svg","contentUrl":"https:\/\/districos.standingout.be\/wp-content\/uploads\/2022\/09\/Districos_Logo_Webshop.svg","caption":"Districos Webshop"},"image":{"@id":"https:\/\/districos.standingout.be\/fr\/#\/schema\/logo\/image\/"}}]}},"_links":{"self":[{"href":"https:\/\/districos.standingout.be\/fr\/wp-json\/wp\/v2\/product\/137215","targetHints":{"allow":["GET"]}}],"collection":[{"href":"https:\/\/districos.standingout.be\/fr\/wp-json\/wp\/v2\/product"}],"about":[{"href":"https:\/\/districos.standingout.be\/fr\/wp-json\/wp\/v2\/types\/product"}],"replies":[{"embeddable":true,"href":"https:\/\/districos.standingout.be\/fr\/wp-json\/wp\/v2\/comments?post=137215"}],"wp:featuredmedia":[{"embeddable":true,"href":"https:\/\/districos.standingout.be\/fr\/wp-json\/wp\/v2\/media\/78155"}],"wp:attachment":[{"href":"https:\/\/districos.standingout.be\/fr\/wp-json\/wp\/v2\/media?parent=137215"}],"wp:term":[{"taxonomy":"product_brand","embeddable":true,"href":"https:\/\/districos.standingout.be\/fr\/wp-json\/wp\/v2\/product_brand?post=137215"},{"taxonomy":"product_cat","embeddable":true,"href":"https:\/\/districos.standingout.be\/fr\/wp-json\/wp\/v2\/product_cat?post=137215"},{"taxonomy":"product_tag","embeddable":true,"href":"https:\/\/districos.standingout.be\/fr\/wp-json\/wp\/v2\/product_tag?post=137215"}],"curies":[{"name":"wp","href":"https:\/\/api.w.org\/{rel}","templated":true}]}}