{"id":137221,"date":"2026-04-28T09:56:40","date_gmt":"2026-04-28T07:56:40","guid":{"rendered":"https:\/\/webshopdistricoscom.webhosting.be\/product\/presentoir-bio-balance-mix-callosites-gercures-8-x-75-ml-ref-7075-007\/"},"modified":"2026-04-28T09:56:46","modified_gmt":"2026-04-28T07:56:46","slug":"presentoir-bio-balance-mix-callosites-gercures-8-x-75-ml-ref-7075-007","status":"publish","type":"product","link":"https:\/\/districos.standingout.be\/fr\/product\/presentoir-bio-balance-mix-callosites-gercures-8-x-75-ml-ref-7075-007\/","title":{"rendered":"Pr\u00e9sentoir Bio Balance Mix Callosit\u00e9s\/Ger\u00e7ures 8 x 75 ml"},"content":{"rendered":"<p >\n<\/p>\n<p dir=\"ltr\"><b>Pr\u00e9sentoir contenant un m\u00e9lange de Bio Balance Cr\u00e8me Callosit\u00e9s et Baume Ger\u00e7ures<\/b><\/p>\n<p dir=\"ltr\">\n<ul>\n<li>4 x Cr\u00e8me Callosit\u00e9s 75 ml<\/li>\n<li>4 x Baume Ger\u00e7ures 75 ml<\/li>\n<\/ul>\n<div><b>Bio Balance Cr\u00e8me Callosit\u00e9s<\/b><\/div>\n<div>\n<p dir=\"ltr\"><font size=\"2\">Cr\u00e8me pour les pieds hydratante non grasse pour le traitement intensif de callosit\u00e9s. Les ingr\u00e9dients de qualit\u00e9 sup\u00e9rieure comme l\u2019ur\u00e9e (15 %), l\u2019huile d\u2019avocat et les extraits d\u2019algues r\u00e9tablissent la peau d\u00e9shydrat\u00e9e et le manque de lipides de la peau et aident \u00e0 r\u00e9tablir sa fonction naturelle.<\/font><\/p>\n<ul>\n<li><font size=\"2\">Vegan.<\/font><\/li>\n<\/ul>\n<div><font size=\"2\"><b>Bio Balance Baume Ger\u00e7ures<\/b><\/font><\/div>\n<\/div>\n<div>Baume gras riche en provitamines B5 (panth\u00e9nol), en Cardiospermum halicacabum, en vip\u00e9rine commune et en bisabolol pour un effet antidouleur et antid\u00e9mangeaisons et pour aider \u00e0 r\u00e9tablir l\u2019\u00e9quilibre naturel des fluides de la peau. Le baume a l&rsquo;effet d&rsquo;un pansement occlusif afin de garantir que les ingr\u00e9dients soigneusement s\u00e9lectionn\u00e9s p\u00e9n\u00e8trent mieux la peau et pour \u00e9viter que celle-ci se dess\u00e8che encore plus.<\/div><\/p>\n","protected":false},"excerpt":{"rendered":"<p>Pr\u00e9sentoir contenant un m\u00e9lange de Bio Balance Cr\u00e8me Callosit\u00e9s et Baume Ger\u00e7ures 4 x Cr\u00e8me Callosit\u00e9s 75 ml 4 x Baume Ger\u00e7ures 75 ml Bio Balance Cr\u00e8me Callosit\u00e9s Cr\u00e8me pour les pieds hydratante non grasse pour le traitement intensif de callosit\u00e9s. Les ingr\u00e9dients de qualit\u00e9 sup\u00e9rieure comme l\u2019ur\u00e9e (15 %), l\u2019huile d\u2019avocat et les extraits [&hellip;]<\/p>\n","protected":false},"featured_media":78170,"comment_status":"open","ping_status":"closed","template":"","meta":{"_acf_changed":false},"product_brand":[10306],"product_cat":[10082,10078,9946],"product_tag":[],"class_list":{"0":"post-137221","1":"product","2":"type-product","3":"status-publish","4":"has-post-thumbnail","6":"product_brand-bb-voet-fr","7":"product_cat-soins-des-pieds-podologie-produits-de-soin-bio-balance-feet","8":"product_cat-soins-des-pieds-podologie-produits-de-soin-cremes-lotions","9":"product_cat-beaute-pedicure-produits-de-soin","11":"first","12":"instock","13":"taxable","14":"shipping-taxable","15":"product-type-simple"},"acf":[],"yoast_head":"<!-- This site is optimized with the Yoast SEO plugin v27.3 - https:\/\/yoast.com\/product\/yoast-seo-wordpress\/ -->\n<title>Pr\u00e9sentoir Bio Balance Mix Callosit\u00e9s\/Ger\u00e7ures 8 x 75 ml - Districos Webshop<\/title>\n<meta name=\"robots\" content=\"noindex, follow, max-snippet:-1, max-image-preview:large, max-video-preview:-1\" \/>\n<meta property=\"og:locale\" content=\"fr_FR\" \/>\n<meta property=\"og:type\" content=\"article\" \/>\n<meta property=\"og:title\" content=\"Pr\u00e9sentoir Bio Balance Mix Callosit\u00e9s\/Ger\u00e7ures 8 x 75 ml - Districos Webshop\" \/>\n<meta property=\"og:description\" content=\"Pr\u00e9sentoir contenant un m\u00e9lange de Bio Balance Cr\u00e8me Callosit\u00e9s et Baume Ger\u00e7ures 4 x Cr\u00e8me Callosit\u00e9s 75 ml 4 x Baume Ger\u00e7ures 75 ml Bio Balance Cr\u00e8me Callosit\u00e9s Cr\u00e8me pour les pieds hydratante non grasse pour le traitement intensif de callosit\u00e9s. Les ingr\u00e9dients de qualit\u00e9 sup\u00e9rieure comme l\u2019ur\u00e9e (15 %), l\u2019huile d\u2019avocat et les extraits [&hellip;]\" \/>\n<meta property=\"og:url\" content=\"https:\/\/districos.standingout.be\/fr\/product\/presentoir-bio-balance-mix-callosites-gercures-8-x-75-ml-ref-7075-007\/\" \/>\n<meta property=\"og:site_name\" content=\"Districos Webshop\" \/>\n<meta property=\"article:modified_time\" content=\"2026-04-28T07:56:46+00:00\" \/>\n<meta name=\"twitter:card\" content=\"summary_large_image\" \/>\n<meta name=\"twitter:label1\" content=\"Dur\u00e9e de lecture estim\u00e9e\" \/>\n\t<meta name=\"twitter:data1\" content=\"1 minute\" \/>\n<script type=\"application\/ld+json\" class=\"yoast-schema-graph\">{\"@context\":\"https:\\\/\\\/schema.org\",\"@graph\":[{\"@type\":\"WebPage\",\"@id\":\"https:\\\/\\\/districos.standingout.be\\\/fr\\\/product\\\/presentoir-bio-balance-mix-callosites-gercures-8-x-75-ml-ref-7075-007\\\/\",\"url\":\"https:\\\/\\\/districos.standingout.be\\\/fr\\\/product\\\/presentoir-bio-balance-mix-callosites-gercures-8-x-75-ml-ref-7075-007\\\/\",\"name\":\"Pr\u00e9sentoir Bio Balance Mix Callosit\u00e9s\\\/Ger\u00e7ures 8 x 75 ml - Districos Webshop\",\"isPartOf\":{\"@id\":\"https:\\\/\\\/districos.standingout.be\\\/fr\\\/#website\"},\"primaryImageOfPage\":{\"@id\":\"https:\\\/\\\/districos.standingout.be\\\/fr\\\/product\\\/presentoir-bio-balance-mix-callosites-gercures-8-x-75-ml-ref-7075-007\\\/#primaryimage\"},\"image\":{\"@id\":\"https:\\\/\\\/districos.standingout.be\\\/fr\\\/product\\\/presentoir-bio-balance-mix-callosites-gercures-8-x-75-ml-ref-7075-007\\\/#primaryimage\"},\"thumbnailUrl\":\"https:\\\/\\\/districos.standingout.be\\\/wp-content\\\/uploads\\\/2025\\\/07\\\/7075.007@LowRes_1_0.png\",\"datePublished\":\"2026-04-28T07:56:40+00:00\",\"dateModified\":\"2026-04-28T07:56:46+00:00\",\"breadcrumb\":{\"@id\":\"https:\\\/\\\/districos.standingout.be\\\/fr\\\/product\\\/presentoir-bio-balance-mix-callosites-gercures-8-x-75-ml-ref-7075-007\\\/#breadcrumb\"},\"inLanguage\":\"fr-FR\",\"potentialAction\":[{\"@type\":\"ReadAction\",\"target\":[\"https:\\\/\\\/districos.standingout.be\\\/fr\\\/product\\\/presentoir-bio-balance-mix-callosites-gercures-8-x-75-ml-ref-7075-007\\\/\"]}]},{\"@type\":\"ImageObject\",\"inLanguage\":\"fr-FR\",\"@id\":\"https:\\\/\\\/districos.standingout.be\\\/fr\\\/product\\\/presentoir-bio-balance-mix-callosites-gercures-8-x-75-ml-ref-7075-007\\\/#primaryimage\",\"url\":\"https:\\\/\\\/districos.standingout.be\\\/wp-content\\\/uploads\\\/2025\\\/07\\\/7075.007@LowRes_1_0.png\",\"contentUrl\":\"https:\\\/\\\/districos.standingout.be\\\/wp-content\\\/uploads\\\/2025\\\/07\\\/7075.007@LowRes_1_0.png\",\"width\":600,\"height\":600},{\"@type\":\"BreadcrumbList\",\"@id\":\"https:\\\/\\\/districos.standingout.be\\\/fr\\\/product\\\/presentoir-bio-balance-mix-callosites-gercures-8-x-75-ml-ref-7075-007\\\/#breadcrumb\",\"itemListElement\":[{\"@type\":\"ListItem\",\"position\":1,\"name\":\"Home\",\"item\":\"https:\\\/\\\/districos.standingout.be\\\/fr\\\/bienvenue-chez-districos\\\/\"},{\"@type\":\"ListItem\",\"position\":2,\"name\":\"Boutique\",\"item\":\"https:\\\/\\\/districos.standingout.be\\\/fr\\\/boutique\\\/\"},{\"@type\":\"ListItem\",\"position\":3,\"name\":\"Pr\u00e9sentoir Bio Balance Mix Callosit\u00e9s\\\/Ger\u00e7ures 8 x 75 ml\"}]},{\"@type\":\"WebSite\",\"@id\":\"https:\\\/\\\/districos.standingout.be\\\/fr\\\/#website\",\"url\":\"https:\\\/\\\/districos.standingout.be\\\/fr\\\/\",\"name\":\"Districos Webshop\",\"description\":\"\",\"publisher\":{\"@id\":\"https:\\\/\\\/districos.standingout.be\\\/fr\\\/#organization\"},\"potentialAction\":[{\"@type\":\"SearchAction\",\"target\":{\"@type\":\"EntryPoint\",\"urlTemplate\":\"https:\\\/\\\/districos.standingout.be\\\/fr\\\/?s={search_term_string}\"},\"query-input\":{\"@type\":\"PropertyValueSpecification\",\"valueRequired\":true,\"valueName\":\"search_term_string\"}}],\"inLanguage\":\"fr-FR\"},{\"@type\":\"Organization\",\"@id\":\"https:\\\/\\\/districos.standingout.be\\\/fr\\\/#organization\",\"name\":\"Districos Webshop\",\"url\":\"https:\\\/\\\/districos.standingout.be\\\/fr\\\/\",\"logo\":{\"@type\":\"ImageObject\",\"inLanguage\":\"fr-FR\",\"@id\":\"https:\\\/\\\/districos.standingout.be\\\/fr\\\/#\\\/schema\\\/logo\\\/image\\\/\",\"url\":\"https:\\\/\\\/districos.standingout.be\\\/wp-content\\\/uploads\\\/2022\\\/09\\\/Districos_Logo_Webshop.svg\",\"contentUrl\":\"https:\\\/\\\/districos.standingout.be\\\/wp-content\\\/uploads\\\/2022\\\/09\\\/Districos_Logo_Webshop.svg\",\"caption\":\"Districos Webshop\"},\"image\":{\"@id\":\"https:\\\/\\\/districos.standingout.be\\\/fr\\\/#\\\/schema\\\/logo\\\/image\\\/\"}}]}<\/script>\n<!-- \/ Yoast SEO plugin. -->","yoast_head_json":{"title":"Pr\u00e9sentoir Bio Balance Mix Callosit\u00e9s\/Ger\u00e7ures 8 x 75 ml - Districos Webshop","robots":{"index":"noindex","follow":"follow","max-snippet":"max-snippet:-1","max-image-preview":"max-image-preview:large","max-video-preview":"max-video-preview:-1"},"og_locale":"fr_FR","og_type":"article","og_title":"Pr\u00e9sentoir Bio Balance Mix Callosit\u00e9s\/Ger\u00e7ures 8 x 75 ml - Districos Webshop","og_description":"Pr\u00e9sentoir contenant un m\u00e9lange de Bio Balance Cr\u00e8me Callosit\u00e9s et Baume Ger\u00e7ures 4 x Cr\u00e8me Callosit\u00e9s 75 ml 4 x Baume Ger\u00e7ures 75 ml Bio Balance Cr\u00e8me Callosit\u00e9s Cr\u00e8me pour les pieds hydratante non grasse pour le traitement intensif de callosit\u00e9s. Les ingr\u00e9dients de qualit\u00e9 sup\u00e9rieure comme l\u2019ur\u00e9e (15 %), l\u2019huile d\u2019avocat et les extraits [&hellip;]","og_url":"https:\/\/districos.standingout.be\/fr\/product\/presentoir-bio-balance-mix-callosites-gercures-8-x-75-ml-ref-7075-007\/","og_site_name":"Districos Webshop","article_modified_time":"2026-04-28T07:56:46+00:00","twitter_card":"summary_large_image","twitter_misc":{"Dur\u00e9e de lecture estim\u00e9e":"1 minute"},"schema":{"@context":"https:\/\/schema.org","@graph":[{"@type":"WebPage","@id":"https:\/\/districos.standingout.be\/fr\/product\/presentoir-bio-balance-mix-callosites-gercures-8-x-75-ml-ref-7075-007\/","url":"https:\/\/districos.standingout.be\/fr\/product\/presentoir-bio-balance-mix-callosites-gercures-8-x-75-ml-ref-7075-007\/","name":"Pr\u00e9sentoir Bio Balance Mix Callosit\u00e9s\/Ger\u00e7ures 8 x 75 ml - Districos Webshop","isPartOf":{"@id":"https:\/\/districos.standingout.be\/fr\/#website"},"primaryImageOfPage":{"@id":"https:\/\/districos.standingout.be\/fr\/product\/presentoir-bio-balance-mix-callosites-gercures-8-x-75-ml-ref-7075-007\/#primaryimage"},"image":{"@id":"https:\/\/districos.standingout.be\/fr\/product\/presentoir-bio-balance-mix-callosites-gercures-8-x-75-ml-ref-7075-007\/#primaryimage"},"thumbnailUrl":"https:\/\/districos.standingout.be\/wp-content\/uploads\/2025\/07\/7075.007@LowRes_1_0.png","datePublished":"2026-04-28T07:56:40+00:00","dateModified":"2026-04-28T07:56:46+00:00","breadcrumb":{"@id":"https:\/\/districos.standingout.be\/fr\/product\/presentoir-bio-balance-mix-callosites-gercures-8-x-75-ml-ref-7075-007\/#breadcrumb"},"inLanguage":"fr-FR","potentialAction":[{"@type":"ReadAction","target":["https:\/\/districos.standingout.be\/fr\/product\/presentoir-bio-balance-mix-callosites-gercures-8-x-75-ml-ref-7075-007\/"]}]},{"@type":"ImageObject","inLanguage":"fr-FR","@id":"https:\/\/districos.standingout.be\/fr\/product\/presentoir-bio-balance-mix-callosites-gercures-8-x-75-ml-ref-7075-007\/#primaryimage","url":"https:\/\/districos.standingout.be\/wp-content\/uploads\/2025\/07\/7075.007@LowRes_1_0.png","contentUrl":"https:\/\/districos.standingout.be\/wp-content\/uploads\/2025\/07\/7075.007@LowRes_1_0.png","width":600,"height":600},{"@type":"BreadcrumbList","@id":"https:\/\/districos.standingout.be\/fr\/product\/presentoir-bio-balance-mix-callosites-gercures-8-x-75-ml-ref-7075-007\/#breadcrumb","itemListElement":[{"@type":"ListItem","position":1,"name":"Home","item":"https:\/\/districos.standingout.be\/fr\/bienvenue-chez-districos\/"},{"@type":"ListItem","position":2,"name":"Boutique","item":"https:\/\/districos.standingout.be\/fr\/boutique\/"},{"@type":"ListItem","position":3,"name":"Pr\u00e9sentoir Bio Balance Mix Callosit\u00e9s\/Ger\u00e7ures 8 x 75 ml"}]},{"@type":"WebSite","@id":"https:\/\/districos.standingout.be\/fr\/#website","url":"https:\/\/districos.standingout.be\/fr\/","name":"Districos Webshop","description":"","publisher":{"@id":"https:\/\/districos.standingout.be\/fr\/#organization"},"potentialAction":[{"@type":"SearchAction","target":{"@type":"EntryPoint","urlTemplate":"https:\/\/districos.standingout.be\/fr\/?s={search_term_string}"},"query-input":{"@type":"PropertyValueSpecification","valueRequired":true,"valueName":"search_term_string"}}],"inLanguage":"fr-FR"},{"@type":"Organization","@id":"https:\/\/districos.standingout.be\/fr\/#organization","name":"Districos Webshop","url":"https:\/\/districos.standingout.be\/fr\/","logo":{"@type":"ImageObject","inLanguage":"fr-FR","@id":"https:\/\/districos.standingout.be\/fr\/#\/schema\/logo\/image\/","url":"https:\/\/districos.standingout.be\/wp-content\/uploads\/2022\/09\/Districos_Logo_Webshop.svg","contentUrl":"https:\/\/districos.standingout.be\/wp-content\/uploads\/2022\/09\/Districos_Logo_Webshop.svg","caption":"Districos Webshop"},"image":{"@id":"https:\/\/districos.standingout.be\/fr\/#\/schema\/logo\/image\/"}}]}},"_links":{"self":[{"href":"https:\/\/districos.standingout.be\/fr\/wp-json\/wp\/v2\/product\/137221","targetHints":{"allow":["GET"]}}],"collection":[{"href":"https:\/\/districos.standingout.be\/fr\/wp-json\/wp\/v2\/product"}],"about":[{"href":"https:\/\/districos.standingout.be\/fr\/wp-json\/wp\/v2\/types\/product"}],"replies":[{"embeddable":true,"href":"https:\/\/districos.standingout.be\/fr\/wp-json\/wp\/v2\/comments?post=137221"}],"wp:featuredmedia":[{"embeddable":true,"href":"https:\/\/districos.standingout.be\/fr\/wp-json\/wp\/v2\/media\/78170"}],"wp:attachment":[{"href":"https:\/\/districos.standingout.be\/fr\/wp-json\/wp\/v2\/media?parent=137221"}],"wp:term":[{"taxonomy":"product_brand","embeddable":true,"href":"https:\/\/districos.standingout.be\/fr\/wp-json\/wp\/v2\/product_brand?post=137221"},{"taxonomy":"product_cat","embeddable":true,"href":"https:\/\/districos.standingout.be\/fr\/wp-json\/wp\/v2\/product_cat?post=137221"},{"taxonomy":"product_tag","embeddable":true,"href":"https:\/\/districos.standingout.be\/fr\/wp-json\/wp\/v2\/product_tag?post=137221"}],"curies":[{"name":"wp","href":"https:\/\/api.w.org\/{rel}","templated":true}]}}