{"id":137223,"date":"2026-04-28T09:57:26","date_gmt":"2026-04-28T07:57:26","guid":{"rendered":"https:\/\/webshopdistricoscom.webhosting.be\/product\/presentoir-bio-balance-4-x-2-cremes-pieds-75-ml-ref-7075-008\/"},"modified":"2026-04-28T09:57:33","modified_gmt":"2026-04-28T07:57:33","slug":"presentoir-bio-balance-4-x-2-cremes-pieds-75-ml-ref-7075-008","status":"publish","type":"product","link":"https:\/\/districos.standingout.be\/fr\/product\/presentoir-bio-balance-4-x-2-cremes-pieds-75-ml-ref-7075-008\/","title":{"rendered":"Pr\u00e9sentoir Bio Balance 4 x 2 Cr\u00e8mes Pieds 75 ml"},"content":{"rendered":"<p >\n<\/p>\n<p><span lang=\"FR\"><b>D\u00e9couvrez la gamme intensive de soins des pieds de Bio Balance avec ce pr\u00e9sentoir!<\/b><\/span><\/p>\n<\/p>\n<p><span lang=\"FR\">La probl\u00e9matique ou le type de peau est indiqu\u00e9 par un chiffre:<o:p><\/o:p><\/span><\/p>\n<\/p>\n<ul>\n<li><span lang=\"FR\">01 &#8211; Peau normale \u00e0 s\u00e8che<\/span><\/li>\n<li><span lang=\"FR\">02 &#8211; Peau s\u00e8che \u00e0 rugueuse<\/span><\/li>\n<li><span lang=\"FR\">03 &#8211; Cr\u00e8me Callosit\u00e9s<\/span><\/li>\n<li><span lang=\"FR\">04 &#8211; Baume Ger\u00e7ures<\/span><\/li>\n<\/ul>\n<p><span lang=\"FR\"><b>Contenu:<\/b><o:p><\/o:p><\/span><\/p>\n<\/p>\n<ul>\n<li><span lang=\"FR\">2 x Cr\u00e8me Pieds Care &amp; refresh 75 ml<\/span><\/li>\n<li><span lang=\"FR\">2 x Cr\u00e8me Pieds Avocado 75 ml<\/span><\/li>\n<li><span lang=\"FR\">2 x Cr\u00e8me Callosit\u00e9s 75 ml<\/span><\/li>\n<li><span lang=\"FR\">2 x Baume Ger\u00e7ures 75 ml<\/span><\/li>\n<\/ul>\n<p><span lang=\"FR\"><b>01 &#8211; Care &amp; refresh 75 ml<\/b><o:p><\/o:p><\/span><\/p>\n<p><span lang=\"FR\">Une sensation agr\u00e9able et rafra\u00eechissante aux huiles aromatiques. Les propri\u00e9t\u00e9s rafra\u00eechissantes d\u2019aloe vera, de camphre et de menthe permettent un soulagement rapide des pieds douloureux et lourds. L\u2019ur\u00e9e, l\u2019eucalyptus et le lipide naturel, lanoline, permettent une hydratation intense de longue dur\u00e9e des pieds secs et r\u00eaches. La peau gerc\u00e9e redevient souple et douce gr\u00e2ce \u00e0 l\u2019action r\u00e9paratrice des huiles de pin et de romarin. Les nombreuses huiles essentielles naturelles pr\u00e9sentes ont une action antifongique : elles prot\u00e8gent activement la peau de mycoses et des odeurs.<o:p><\/o:p><\/span><\/p>\n<\/p>\n<ul>\n<li><span lang=\"FR\">Vegan.<\/span><\/li>\n<\/ul>\n<p><span lang=\"FR\"><b>02 &#8211;&nbsp;Cr\u00e8me Pieds Avocado 75 ml<\/b><o:p><\/o:p><\/span><\/p>\n<p><span lang=\"FR\">Cr\u00e8me pour les pieds \u00e0 base d&rsquo;huile d&rsquo;avocat riche en vitamines pour une hydratation quotidienne des pieds et des jambes. Elle contient une haute concentration d\u2019ur\u00e9e et d&rsquo;acides amin\u00e9es, une formule unique d\u2019ingr\u00e9dients hydratants qui se trouvent dans la couche corn\u00e9e de la peau. En plus d\u2019une hydratation intense, l\u2019ur\u00e9e stimule \u00e9galement la d\u00e9composition des cellules cutan\u00e9es mortes ce qui diminue la formation de callosit\u00e9s. L&rsquo;acide hyaluronique et l&rsquo;huile d&rsquo;avocat augmentent la production de collag\u00e8ne pour une peau souple et douce. La cr\u00e8me est tr\u00e8s vite absorb\u00e9e par la peau ce qui permet au client d&rsquo;enfiler les chaussures tout de suite apr\u00e8s l&rsquo;application.<o:p><\/o:p><\/span><\/p>\n<p><span lang=\"FR\"><b>03 &#8211;&nbsp;Cr\u00e8me Callosit\u00e9s 75 ml<\/b><o:p><\/o:p><\/span><\/p>\n<p><span lang=\"FR\">Cr\u00e8me pour les pieds hydratante non grasse pour le traitement intensif de callosit\u00e9s. Les ingr\u00e9dients de qualit\u00e9 sup\u00e9rieure comme l\u2019ur\u00e9e (15 %), l\u2019huile d\u2019avocat et les extraits d\u2019algues r\u00e9tablissent la peau d\u00e9shydrat\u00e9e et le manque de lipides de la peau et aident \u00e0 r\u00e9tablir sa fonction naturelle.<o:p><\/o:p><\/span><\/p>\n<\/p>\n<ul>\n<li><span lang=\"FR\">Vegan.<\/span><\/li>\n<li><span lang=\"FR\">Appliquez et massez 1 \u00e0 2 fois par jour.<\/span><\/li>\n<\/ul>\n<p><span lang=\"FR\"><b>04 &#8211;&nbsp;Baume Ger\u00e7ures 75 ml<\/b><o:p><\/o:p><\/span><\/p>\n<p><span lang=\"FR\">Baume gras riche en provitamines B5 (panth\u00e9nol), en Cardiospermum halicacabum, en vip\u00e9rine commune et en bisabolol pour un effet antidouleur et antid\u00e9mangeaisons et pour aider \u00e0 r\u00e9tablir l\u2019\u00e9quilibre naturel des fluides de la peau. Le baume a l&rsquo;effet d&rsquo;un pansement occlusif afin de garantir que les ingr\u00e9dients soigneusement s\u00e9lectionn\u00e9s p\u00e9n\u00e8trent mieux la peau et pour \u00e9viter que celle-ci se dess\u00e8che encore plus.<o:p><\/o:p><\/span><\/p>\n<\/p>\n<ul>\n<li><span lang=\"FR\">Appliquez et massez 1 \u00e0 2 fois par jour.<\/span><\/li>\n<li><span lang=\"FR\">Il est conseill\u00e9 de l&rsquo;appliquer le soir et de mettre des chaussettes.<\/span><\/li>\n<li><span lang=\"FR\">Il n&rsquo;est pas recommand\u00e9 d&rsquo;utiliser ce baume sur les patient(e)s diab\u00e9tiques.<\/span><\/li>\n<li><span lang=\"FR\">Pour les patient(e)s en oncologie, demandez toujours l&rsquo;avis du m\u00e9decin.<\/span><\/li>\n<\/ul>\n","protected":false},"excerpt":{"rendered":"<p>D\u00e9couvrez la gamme intensive de soins des pieds de Bio Balance avec ce pr\u00e9sentoir! La probl\u00e9matique ou le type de peau est indiqu\u00e9 par un chiffre: 01 &#8211; Peau normale \u00e0 s\u00e8che 02 &#8211; Peau s\u00e8che \u00e0 rugueuse 03 &#8211; Cr\u00e8me Callosit\u00e9s 04 &#8211; Baume Ger\u00e7ures Contenu: 2 x Cr\u00e8me Pieds Care &amp; refresh 75 [&hellip;]<\/p>\n","protected":false},"featured_media":78173,"comment_status":"open","ping_status":"closed","template":"","meta":{"_acf_changed":false},"product_brand":[10306],"product_cat":[10082,10078,9946,10080],"product_tag":[],"class_list":{"0":"post-137223","1":"product","2":"type-product","3":"status-publish","4":"has-post-thumbnail","6":"product_brand-bb-voet-fr","7":"product_cat-soins-des-pieds-podologie-produits-de-soin-bio-balance-feet","8":"product_cat-soins-des-pieds-podologie-produits-de-soin-cremes-lotions","9":"product_cat-beaute-pedicure-produits-de-soin","10":"product_cat-soins-des-pieds-podologie-produits-de-soin-spa-pedicure","12":"first","13":"instock","14":"taxable","15":"shipping-taxable","16":"product-type-simple"},"acf":[],"yoast_head":"<!-- This site is optimized with the Yoast SEO plugin v27.3 - https:\/\/yoast.com\/product\/yoast-seo-wordpress\/ -->\n<title>Pr\u00e9sentoir Bio Balance 4 x 2 Cr\u00e8mes Pieds 75 ml - Districos Webshop<\/title>\n<meta name=\"robots\" content=\"noindex, follow, max-snippet:-1, max-image-preview:large, max-video-preview:-1\" \/>\n<meta property=\"og:locale\" content=\"fr_FR\" \/>\n<meta property=\"og:type\" content=\"article\" \/>\n<meta property=\"og:title\" content=\"Pr\u00e9sentoir Bio Balance 4 x 2 Cr\u00e8mes Pieds 75 ml - Districos Webshop\" \/>\n<meta property=\"og:description\" content=\"D\u00e9couvrez la gamme intensive de soins des pieds de Bio Balance avec ce pr\u00e9sentoir! La probl\u00e9matique ou le type de peau est indiqu\u00e9 par un chiffre: 01 &#8211; Peau normale \u00e0 s\u00e8che 02 &#8211; Peau s\u00e8che \u00e0 rugueuse 03 &#8211; Cr\u00e8me Callosit\u00e9s 04 &#8211; Baume Ger\u00e7ures Contenu: 2 x Cr\u00e8me Pieds Care &amp; refresh 75 [&hellip;]\" \/>\n<meta property=\"og:url\" content=\"https:\/\/districos.standingout.be\/fr\/product\/presentoir-bio-balance-4-x-2-cremes-pieds-75-ml-ref-7075-008\/\" \/>\n<meta property=\"og:site_name\" content=\"Districos Webshop\" \/>\n<meta property=\"article:modified_time\" content=\"2026-04-28T07:57:33+00:00\" \/>\n<meta name=\"twitter:card\" content=\"summary_large_image\" \/>\n<meta name=\"twitter:label1\" content=\"Dur\u00e9e de lecture estim\u00e9e\" \/>\n\t<meta name=\"twitter:data1\" content=\"3 minutes\" \/>\n<script type=\"application\/ld+json\" class=\"yoast-schema-graph\">{\"@context\":\"https:\\\/\\\/schema.org\",\"@graph\":[{\"@type\":\"WebPage\",\"@id\":\"https:\\\/\\\/districos.standingout.be\\\/fr\\\/product\\\/presentoir-bio-balance-4-x-2-cremes-pieds-75-ml-ref-7075-008\\\/\",\"url\":\"https:\\\/\\\/districos.standingout.be\\\/fr\\\/product\\\/presentoir-bio-balance-4-x-2-cremes-pieds-75-ml-ref-7075-008\\\/\",\"name\":\"Pr\u00e9sentoir Bio Balance 4 x 2 Cr\u00e8mes Pieds 75 ml - Districos Webshop\",\"isPartOf\":{\"@id\":\"https:\\\/\\\/districos.standingout.be\\\/fr\\\/#website\"},\"primaryImageOfPage\":{\"@id\":\"https:\\\/\\\/districos.standingout.be\\\/fr\\\/product\\\/presentoir-bio-balance-4-x-2-cremes-pieds-75-ml-ref-7075-008\\\/#primaryimage\"},\"image\":{\"@id\":\"https:\\\/\\\/districos.standingout.be\\\/fr\\\/product\\\/presentoir-bio-balance-4-x-2-cremes-pieds-75-ml-ref-7075-008\\\/#primaryimage\"},\"thumbnailUrl\":\"https:\\\/\\\/districos.standingout.be\\\/wp-content\\\/uploads\\\/2025\\\/07\\\/7075.008@LowRes_1_0.png\",\"datePublished\":\"2026-04-28T07:57:26+00:00\",\"dateModified\":\"2026-04-28T07:57:33+00:00\",\"breadcrumb\":{\"@id\":\"https:\\\/\\\/districos.standingout.be\\\/fr\\\/product\\\/presentoir-bio-balance-4-x-2-cremes-pieds-75-ml-ref-7075-008\\\/#breadcrumb\"},\"inLanguage\":\"fr-FR\",\"potentialAction\":[{\"@type\":\"ReadAction\",\"target\":[\"https:\\\/\\\/districos.standingout.be\\\/fr\\\/product\\\/presentoir-bio-balance-4-x-2-cremes-pieds-75-ml-ref-7075-008\\\/\"]}]},{\"@type\":\"ImageObject\",\"inLanguage\":\"fr-FR\",\"@id\":\"https:\\\/\\\/districos.standingout.be\\\/fr\\\/product\\\/presentoir-bio-balance-4-x-2-cremes-pieds-75-ml-ref-7075-008\\\/#primaryimage\",\"url\":\"https:\\\/\\\/districos.standingout.be\\\/wp-content\\\/uploads\\\/2025\\\/07\\\/7075.008@LowRes_1_0.png\",\"contentUrl\":\"https:\\\/\\\/districos.standingout.be\\\/wp-content\\\/uploads\\\/2025\\\/07\\\/7075.008@LowRes_1_0.png\",\"width\":600,\"height\":600},{\"@type\":\"BreadcrumbList\",\"@id\":\"https:\\\/\\\/districos.standingout.be\\\/fr\\\/product\\\/presentoir-bio-balance-4-x-2-cremes-pieds-75-ml-ref-7075-008\\\/#breadcrumb\",\"itemListElement\":[{\"@type\":\"ListItem\",\"position\":1,\"name\":\"Home\",\"item\":\"https:\\\/\\\/districos.standingout.be\\\/fr\\\/bienvenue-chez-districos\\\/\"},{\"@type\":\"ListItem\",\"position\":2,\"name\":\"Boutique\",\"item\":\"https:\\\/\\\/districos.standingout.be\\\/fr\\\/boutique\\\/\"},{\"@type\":\"ListItem\",\"position\":3,\"name\":\"Pr\u00e9sentoir Bio Balance 4 x 2 Cr\u00e8mes Pieds 75 ml\"}]},{\"@type\":\"WebSite\",\"@id\":\"https:\\\/\\\/districos.standingout.be\\\/fr\\\/#website\",\"url\":\"https:\\\/\\\/districos.standingout.be\\\/fr\\\/\",\"name\":\"Districos Webshop\",\"description\":\"\",\"publisher\":{\"@id\":\"https:\\\/\\\/districos.standingout.be\\\/fr\\\/#organization\"},\"potentialAction\":[{\"@type\":\"SearchAction\",\"target\":{\"@type\":\"EntryPoint\",\"urlTemplate\":\"https:\\\/\\\/districos.standingout.be\\\/fr\\\/?s={search_term_string}\"},\"query-input\":{\"@type\":\"PropertyValueSpecification\",\"valueRequired\":true,\"valueName\":\"search_term_string\"}}],\"inLanguage\":\"fr-FR\"},{\"@type\":\"Organization\",\"@id\":\"https:\\\/\\\/districos.standingout.be\\\/fr\\\/#organization\",\"name\":\"Districos Webshop\",\"url\":\"https:\\\/\\\/districos.standingout.be\\\/fr\\\/\",\"logo\":{\"@type\":\"ImageObject\",\"inLanguage\":\"fr-FR\",\"@id\":\"https:\\\/\\\/districos.standingout.be\\\/fr\\\/#\\\/schema\\\/logo\\\/image\\\/\",\"url\":\"https:\\\/\\\/districos.standingout.be\\\/wp-content\\\/uploads\\\/2022\\\/09\\\/Districos_Logo_Webshop.svg\",\"contentUrl\":\"https:\\\/\\\/districos.standingout.be\\\/wp-content\\\/uploads\\\/2022\\\/09\\\/Districos_Logo_Webshop.svg\",\"caption\":\"Districos Webshop\"},\"image\":{\"@id\":\"https:\\\/\\\/districos.standingout.be\\\/fr\\\/#\\\/schema\\\/logo\\\/image\\\/\"}}]}<\/script>\n<!-- \/ Yoast SEO plugin. -->","yoast_head_json":{"title":"Pr\u00e9sentoir Bio Balance 4 x 2 Cr\u00e8mes Pieds 75 ml - Districos Webshop","robots":{"index":"noindex","follow":"follow","max-snippet":"max-snippet:-1","max-image-preview":"max-image-preview:large","max-video-preview":"max-video-preview:-1"},"og_locale":"fr_FR","og_type":"article","og_title":"Pr\u00e9sentoir Bio Balance 4 x 2 Cr\u00e8mes Pieds 75 ml - Districos Webshop","og_description":"D\u00e9couvrez la gamme intensive de soins des pieds de Bio Balance avec ce pr\u00e9sentoir! La probl\u00e9matique ou le type de peau est indiqu\u00e9 par un chiffre: 01 &#8211; Peau normale \u00e0 s\u00e8che 02 &#8211; Peau s\u00e8che \u00e0 rugueuse 03 &#8211; Cr\u00e8me Callosit\u00e9s 04 &#8211; Baume Ger\u00e7ures Contenu: 2 x Cr\u00e8me Pieds Care &amp; refresh 75 [&hellip;]","og_url":"https:\/\/districos.standingout.be\/fr\/product\/presentoir-bio-balance-4-x-2-cremes-pieds-75-ml-ref-7075-008\/","og_site_name":"Districos Webshop","article_modified_time":"2026-04-28T07:57:33+00:00","twitter_card":"summary_large_image","twitter_misc":{"Dur\u00e9e de lecture estim\u00e9e":"3 minutes"},"schema":{"@context":"https:\/\/schema.org","@graph":[{"@type":"WebPage","@id":"https:\/\/districos.standingout.be\/fr\/product\/presentoir-bio-balance-4-x-2-cremes-pieds-75-ml-ref-7075-008\/","url":"https:\/\/districos.standingout.be\/fr\/product\/presentoir-bio-balance-4-x-2-cremes-pieds-75-ml-ref-7075-008\/","name":"Pr\u00e9sentoir Bio Balance 4 x 2 Cr\u00e8mes Pieds 75 ml - Districos Webshop","isPartOf":{"@id":"https:\/\/districos.standingout.be\/fr\/#website"},"primaryImageOfPage":{"@id":"https:\/\/districos.standingout.be\/fr\/product\/presentoir-bio-balance-4-x-2-cremes-pieds-75-ml-ref-7075-008\/#primaryimage"},"image":{"@id":"https:\/\/districos.standingout.be\/fr\/product\/presentoir-bio-balance-4-x-2-cremes-pieds-75-ml-ref-7075-008\/#primaryimage"},"thumbnailUrl":"https:\/\/districos.standingout.be\/wp-content\/uploads\/2025\/07\/7075.008@LowRes_1_0.png","datePublished":"2026-04-28T07:57:26+00:00","dateModified":"2026-04-28T07:57:33+00:00","breadcrumb":{"@id":"https:\/\/districos.standingout.be\/fr\/product\/presentoir-bio-balance-4-x-2-cremes-pieds-75-ml-ref-7075-008\/#breadcrumb"},"inLanguage":"fr-FR","potentialAction":[{"@type":"ReadAction","target":["https:\/\/districos.standingout.be\/fr\/product\/presentoir-bio-balance-4-x-2-cremes-pieds-75-ml-ref-7075-008\/"]}]},{"@type":"ImageObject","inLanguage":"fr-FR","@id":"https:\/\/districos.standingout.be\/fr\/product\/presentoir-bio-balance-4-x-2-cremes-pieds-75-ml-ref-7075-008\/#primaryimage","url":"https:\/\/districos.standingout.be\/wp-content\/uploads\/2025\/07\/7075.008@LowRes_1_0.png","contentUrl":"https:\/\/districos.standingout.be\/wp-content\/uploads\/2025\/07\/7075.008@LowRes_1_0.png","width":600,"height":600},{"@type":"BreadcrumbList","@id":"https:\/\/districos.standingout.be\/fr\/product\/presentoir-bio-balance-4-x-2-cremes-pieds-75-ml-ref-7075-008\/#breadcrumb","itemListElement":[{"@type":"ListItem","position":1,"name":"Home","item":"https:\/\/districos.standingout.be\/fr\/bienvenue-chez-districos\/"},{"@type":"ListItem","position":2,"name":"Boutique","item":"https:\/\/districos.standingout.be\/fr\/boutique\/"},{"@type":"ListItem","position":3,"name":"Pr\u00e9sentoir Bio Balance 4 x 2 Cr\u00e8mes Pieds 75 ml"}]},{"@type":"WebSite","@id":"https:\/\/districos.standingout.be\/fr\/#website","url":"https:\/\/districos.standingout.be\/fr\/","name":"Districos Webshop","description":"","publisher":{"@id":"https:\/\/districos.standingout.be\/fr\/#organization"},"potentialAction":[{"@type":"SearchAction","target":{"@type":"EntryPoint","urlTemplate":"https:\/\/districos.standingout.be\/fr\/?s={search_term_string}"},"query-input":{"@type":"PropertyValueSpecification","valueRequired":true,"valueName":"search_term_string"}}],"inLanguage":"fr-FR"},{"@type":"Organization","@id":"https:\/\/districos.standingout.be\/fr\/#organization","name":"Districos Webshop","url":"https:\/\/districos.standingout.be\/fr\/","logo":{"@type":"ImageObject","inLanguage":"fr-FR","@id":"https:\/\/districos.standingout.be\/fr\/#\/schema\/logo\/image\/","url":"https:\/\/districos.standingout.be\/wp-content\/uploads\/2022\/09\/Districos_Logo_Webshop.svg","contentUrl":"https:\/\/districos.standingout.be\/wp-content\/uploads\/2022\/09\/Districos_Logo_Webshop.svg","caption":"Districos Webshop"},"image":{"@id":"https:\/\/districos.standingout.be\/fr\/#\/schema\/logo\/image\/"}}]}},"_links":{"self":[{"href":"https:\/\/districos.standingout.be\/fr\/wp-json\/wp\/v2\/product\/137223","targetHints":{"allow":["GET"]}}],"collection":[{"href":"https:\/\/districos.standingout.be\/fr\/wp-json\/wp\/v2\/product"}],"about":[{"href":"https:\/\/districos.standingout.be\/fr\/wp-json\/wp\/v2\/types\/product"}],"replies":[{"embeddable":true,"href":"https:\/\/districos.standingout.be\/fr\/wp-json\/wp\/v2\/comments?post=137223"}],"wp:featuredmedia":[{"embeddable":true,"href":"https:\/\/districos.standingout.be\/fr\/wp-json\/wp\/v2\/media\/78173"}],"wp:attachment":[{"href":"https:\/\/districos.standingout.be\/fr\/wp-json\/wp\/v2\/media?parent=137223"}],"wp:term":[{"taxonomy":"product_brand","embeddable":true,"href":"https:\/\/districos.standingout.be\/fr\/wp-json\/wp\/v2\/product_brand?post=137223"},{"taxonomy":"product_cat","embeddable":true,"href":"https:\/\/districos.standingout.be\/fr\/wp-json\/wp\/v2\/product_cat?post=137223"},{"taxonomy":"product_tag","embeddable":true,"href":"https:\/\/districos.standingout.be\/fr\/wp-json\/wp\/v2\/product_tag?post=137223"}],"curies":[{"name":"wp","href":"https:\/\/api.w.org\/{rel}","templated":true}]}}